{"id":4232,"date":"2019-08-19T20:08:23","date_gmt":"2019-08-19T19:08:23","guid":{"rendered":"https:\/\/tnd.ontesting.co.uk\/raminantis-kremas-apsauga-paakiu-odai-25-g\/"},"modified":"2021-02-05T18:32:23","modified_gmt":"2021-02-05T18:32:23","slug":"raminantis-kremas-apsauga-paakiu-odai-25-g","status":"publish","type":"product","link":"https:\/\/tiandeproducts.co.uk\/lt\/raminantis-kremas-apsauga-paakiu-odai-25-g\/","title":{"rendered":"Raminantis kremas &#8211; apsauga paaki\u0173 odai 25 g."},"content":{"rendered":"<p><img decoding=\"async\" style=\"max-width: 16px; margin-right: 5px;\" src=\"https:\/\/tiandeproducts.co.uk\/wp-content\/uploads\/points-green.svg\" \/>\u00a0Earn 10 points worth \u00a30.50 when buying this product<\/p>\n<p>Oda aplink akis yra jautri ir pa\u017eeid\u017eiama. Pirma &#8211; ji yra labai plona ir \u0161velni, antra &#8211; veido i\u0161rai\u0161ka sukuria papildom\u0105 na\u0161t\u0105 odai aplink akis. Moterys makia\u017e\u0105 tepa ir tempia od\u0105 beveik kiekvien\u0105 dien\u0105. \u0160i sritis reikalauja nuolatin\u0117s kasdien\u0117s prie\u017ei\u016bros.<\/p>\n<p>Raminantis paaki\u0173 kremas:<\/p>\n<ul>\n<li>apsaugo nuo vok\u0173 paraudimo ir patinimo;<\/li>\n<li>padeda i\u0161laikyti dr\u0117gm\u0119 odoje, i\u0161lygina rauk\u0161les;<\/li>\n<li>apsaugo \u0161velni\u0105 od\u0105 nuo neigiamo aplinkos poveikio.<\/li>\n<\/ul>\n<p>Kremo &#8211; apsaugos &#8222;Vita Derm&#8221; sud\u0117tyje yra galingas keturi\u0173 skirting\u0173 form\u0173 hialurono r\u016bg\u0161ties dr\u0117kinamasis kompleksas, atstatantys ir raminantys kompleksai, taip pat efektyvus beta-gliukano, pantenolio ir natrio hialuronatas. Priemon\u0117je n\u0117ra da\u017eikli\u0173 ir paraben\u0173!<\/p>\n<p>M\u0117gaukit\u0117s gaivia ir jauna i\u0161vaizda kiekvien\u0105 dien\u0105!<\/p>\n<p><strong>Naudojimas:<\/strong> \u0161velniai \u012fmasa\u017euokite ant odos aplink akis. Nor\u0117dami gauti geriausi\u0105 efekt\u0105, naudokite ryte ir vakare.<\/p>\n","protected":false},"excerpt":{"rendered":"<p>\u00a0Earn 10 points worth \u00a30.50 when buying this product Oda aplink akis yra jautri ir pa\u017eeid\u017eiama. Pirma &#8211; ji yra labai plona ir \u0161velni, antra &#8211; veido i\u0161rai\u0161ka sukuria papildom\u0105 na\u0161t\u0105 odai aplink akis. Moterys makia\u017e\u0105 tepa ir tempia od\u0105 beveik kiekvien\u0105 dien\u0105. \u0160i sritis reikalauja nuolatin\u0117s kasdien\u0117s prie\u017ei\u016bros. Raminantis paaki\u0173 kremas: apsaugo nuo vok\u0173 [&#8230;]\n","protected":false},"featured_media":4229,"comment_status":"open","ping_status":"closed","template":"","meta":[],"product_cat":[560,559,506,1321],"product_tag":[],"class_list":{"0":"post-4232","1":"product","2":"type-product","3":"status-publish","4":"has-post-thumbnail","6":"product_cat-paakiu-kremaiserumai","7":"product_cat-paakiu-odos-prieziura","8":"product_cat-veidui","9":"product_cat-vita-derm-lt","11":"first","12":"instock","13":"shipping-taxable","14":"purchasable","15":"product-type-simple"},"yoast_head":"<!-- This site is optimized with the Yoast SEO plugin v23.6 - https:\/\/yoast.com\/wordpress\/plugins\/seo\/ -->\n<title>Raminantis kremas - apsauga paaki\u0173 odai 25 g. - TianDe Online Shop - Beauty &amp; Health<\/title>\n<meta name=\"robots\" content=\"index, follow, max-snippet:-1, max-image-preview:large, max-video-preview:-1\" \/>\n<link rel=\"canonical\" href=\"https:\/\/tiandeproducts.co.uk\/lt\/raminantis-kremas-apsauga-paakiu-odai-25-g\/\" \/>\n<meta property=\"og:locale\" content=\"lt_LT\" \/>\n<meta property=\"og:type\" content=\"article\" \/>\n<meta property=\"og:title\" content=\"Raminantis kremas - apsauga paaki\u0173 odai 25 g. - TianDe Online Shop - Beauty &amp; Health\" \/>\n<meta property=\"og:description\" content=\"\u00a0Earn 10 points worth \u00a30.50 when buying this product Oda aplink akis yra jautri ir pa\u017eeid\u017eiama. Pirma &#8211; ji yra labai plona ir \u0161velni, antra &#8211; veido i\u0161rai\u0161ka sukuria papildom\u0105 na\u0161t\u0105 odai aplink akis. Moterys makia\u017e\u0105 tepa ir tempia od\u0105 beveik kiekvien\u0105 dien\u0105. \u0160i sritis reikalauja nuolatin\u0117s kasdien\u0117s prie\u017ei\u016bros. Raminantis paaki\u0173 kremas: apsaugo nuo vok\u0173 [...]\" \/>\n<meta property=\"og:url\" content=\"https:\/\/tiandeproducts.co.uk\/lt\/raminantis-kremas-apsauga-paakiu-odai-25-g\/\" \/>\n<meta property=\"og:site_name\" content=\"TianDe Online Shop - Beauty &amp; Health\" \/>\n<meta property=\"article:publisher\" content=\"https:\/\/www.facebook.com\/tiande.products.england\/\" \/>\n<meta property=\"article:modified_time\" content=\"2021-02-05T18:32:23+00:00\" \/>\n<meta property=\"og:image\" content=\"https:\/\/tiandeproducts.co.uk\/wp-content\/uploads\/16302.png\" \/>\n\t<meta property=\"og:image:width\" content=\"700\" \/>\n\t<meta property=\"og:image:height\" content=\"700\" \/>\n\t<meta property=\"og:image:type\" content=\"image\/png\" \/>\n<meta name=\"twitter:card\" content=\"summary_large_image\" \/>\n<meta name=\"twitter:label1\" content=\"Est. reading time\" \/>\n\t<meta name=\"twitter:data1\" content=\"1 minut\u0117\" \/>\n<script type=\"application\/ld+json\" class=\"yoast-schema-graph\">{\"@context\":\"https:\/\/schema.org\",\"@graph\":[{\"@type\":\"WebPage\",\"@id\":\"https:\/\/tiandeproducts.co.uk\/lt\/raminantis-kremas-apsauga-paakiu-odai-25-g\/\",\"url\":\"https:\/\/tiandeproducts.co.uk\/lt\/raminantis-kremas-apsauga-paakiu-odai-25-g\/\",\"name\":\"Raminantis kremas - apsauga paaki\u0173 odai 25 g. - TianDe Online Shop - Beauty &amp; Health\",\"isPartOf\":{\"@id\":\"https:\/\/tiandeproducts.co.uk\/#website\"},\"primaryImageOfPage\":{\"@id\":\"https:\/\/tiandeproducts.co.uk\/lt\/raminantis-kremas-apsauga-paakiu-odai-25-g\/#primaryimage\"},\"image\":{\"@id\":\"https:\/\/tiandeproducts.co.uk\/lt\/raminantis-kremas-apsauga-paakiu-odai-25-g\/#primaryimage\"},\"thumbnailUrl\":\"https:\/\/tiandeproducts.co.uk\/wp-content\/uploads\/16302.png\",\"datePublished\":\"2019-08-19T19:08:23+00:00\",\"dateModified\":\"2021-02-05T18:32:23+00:00\",\"breadcrumb\":{\"@id\":\"https:\/\/tiandeproducts.co.uk\/lt\/raminantis-kremas-apsauga-paakiu-odai-25-g\/#breadcrumb\"},\"inLanguage\":\"lt-LT\",\"potentialAction\":[{\"@type\":\"ReadAction\",\"target\":[\"https:\/\/tiandeproducts.co.uk\/lt\/raminantis-kremas-apsauga-paakiu-odai-25-g\/\"]}]},{\"@type\":\"ImageObject\",\"inLanguage\":\"lt-LT\",\"@id\":\"https:\/\/tiandeproducts.co.uk\/lt\/raminantis-kremas-apsauga-paakiu-odai-25-g\/#primaryimage\",\"url\":\"https:\/\/tiandeproducts.co.uk\/wp-content\/uploads\/16302.png\",\"contentUrl\":\"https:\/\/tiandeproducts.co.uk\/wp-content\/uploads\/16302.png\",\"width\":700,\"height\":700},{\"@type\":\"BreadcrumbList\",\"@id\":\"https:\/\/tiandeproducts.co.uk\/lt\/raminantis-kremas-apsauga-paakiu-odai-25-g\/#breadcrumb\",\"itemListElement\":[{\"@type\":\"ListItem\",\"position\":1,\"name\":\"Home\",\"item\":\"https:\/\/tiandeproducts.co.uk\/lt\/\"},{\"@type\":\"ListItem\",\"position\":2,\"name\":\"Shop\",\"item\":\"https:\/\/tiandeproducts.co.uk\/lt\/shop-2\/\"},{\"@type\":\"ListItem\",\"position\":3,\"name\":\"Raminantis kremas &#8211; apsauga paaki\u0173 odai 25 g.\"}]},{\"@type\":\"WebSite\",\"@id\":\"https:\/\/tiandeproducts.co.uk\/#website\",\"url\":\"https:\/\/tiandeproducts.co.uk\/\",\"name\":\"TianDe Online Shop - Beauty & Health\",\"description\":\"Traditional Chinese Medicine\",\"potentialAction\":[{\"@type\":\"SearchAction\",\"target\":{\"@type\":\"EntryPoint\",\"urlTemplate\":\"https:\/\/tiandeproducts.co.uk\/?s={search_term_string}\"},\"query-input\":{\"@type\":\"PropertyValueSpecification\",\"valueRequired\":true,\"valueName\":\"search_term_string\"}}],\"inLanguage\":\"lt-LT\"}]}<\/script>\n<!-- \/ Yoast SEO plugin. -->","yoast_head_json":{"title":"Raminantis kremas - apsauga paaki\u0173 odai 25 g. - TianDe Online Shop - Beauty &amp; Health","robots":{"index":"index","follow":"follow","max-snippet":"max-snippet:-1","max-image-preview":"max-image-preview:large","max-video-preview":"max-video-preview:-1"},"canonical":"https:\/\/tiandeproducts.co.uk\/lt\/raminantis-kremas-apsauga-paakiu-odai-25-g\/","og_locale":"lt_LT","og_type":"article","og_title":"Raminantis kremas - apsauga paaki\u0173 odai 25 g. - TianDe Online Shop - Beauty &amp; Health","og_description":"\u00a0Earn 10 points worth \u00a30.50 when buying this product Oda aplink akis yra jautri ir pa\u017eeid\u017eiama. Pirma &#8211; ji yra labai plona ir \u0161velni, antra &#8211; veido i\u0161rai\u0161ka sukuria papildom\u0105 na\u0161t\u0105 odai aplink akis. Moterys makia\u017e\u0105 tepa ir tempia od\u0105 beveik kiekvien\u0105 dien\u0105. \u0160i sritis reikalauja nuolatin\u0117s kasdien\u0117s prie\u017ei\u016bros. Raminantis paaki\u0173 kremas: apsaugo nuo vok\u0173 [...]","og_url":"https:\/\/tiandeproducts.co.uk\/lt\/raminantis-kremas-apsauga-paakiu-odai-25-g\/","og_site_name":"TianDe Online Shop - Beauty &amp; Health","article_publisher":"https:\/\/www.facebook.com\/tiande.products.england\/","article_modified_time":"2021-02-05T18:32:23+00:00","og_image":[{"width":700,"height":700,"url":"https:\/\/tiandeproducts.co.uk\/wp-content\/uploads\/16302.png","type":"image\/png"}],"twitter_card":"summary_large_image","twitter_misc":{"Est. reading time":"1 minut\u0117"},"schema":{"@context":"https:\/\/schema.org","@graph":[{"@type":"WebPage","@id":"https:\/\/tiandeproducts.co.uk\/lt\/raminantis-kremas-apsauga-paakiu-odai-25-g\/","url":"https:\/\/tiandeproducts.co.uk\/lt\/raminantis-kremas-apsauga-paakiu-odai-25-g\/","name":"Raminantis kremas - apsauga paaki\u0173 odai 25 g. - TianDe Online Shop - Beauty &amp; Health","isPartOf":{"@id":"https:\/\/tiandeproducts.co.uk\/#website"},"primaryImageOfPage":{"@id":"https:\/\/tiandeproducts.co.uk\/lt\/raminantis-kremas-apsauga-paakiu-odai-25-g\/#primaryimage"},"image":{"@id":"https:\/\/tiandeproducts.co.uk\/lt\/raminantis-kremas-apsauga-paakiu-odai-25-g\/#primaryimage"},"thumbnailUrl":"https:\/\/tiandeproducts.co.uk\/wp-content\/uploads\/16302.png","datePublished":"2019-08-19T19:08:23+00:00","dateModified":"2021-02-05T18:32:23+00:00","breadcrumb":{"@id":"https:\/\/tiandeproducts.co.uk\/lt\/raminantis-kremas-apsauga-paakiu-odai-25-g\/#breadcrumb"},"inLanguage":"lt-LT","potentialAction":[{"@type":"ReadAction","target":["https:\/\/tiandeproducts.co.uk\/lt\/raminantis-kremas-apsauga-paakiu-odai-25-g\/"]}]},{"@type":"ImageObject","inLanguage":"lt-LT","@id":"https:\/\/tiandeproducts.co.uk\/lt\/raminantis-kremas-apsauga-paakiu-odai-25-g\/#primaryimage","url":"https:\/\/tiandeproducts.co.uk\/wp-content\/uploads\/16302.png","contentUrl":"https:\/\/tiandeproducts.co.uk\/wp-content\/uploads\/16302.png","width":700,"height":700},{"@type":"BreadcrumbList","@id":"https:\/\/tiandeproducts.co.uk\/lt\/raminantis-kremas-apsauga-paakiu-odai-25-g\/#breadcrumb","itemListElement":[{"@type":"ListItem","position":1,"name":"Home","item":"https:\/\/tiandeproducts.co.uk\/lt\/"},{"@type":"ListItem","position":2,"name":"Shop","item":"https:\/\/tiandeproducts.co.uk\/lt\/shop-2\/"},{"@type":"ListItem","position":3,"name":"Raminantis kremas &#8211; apsauga paaki\u0173 odai 25 g."}]},{"@type":"WebSite","@id":"https:\/\/tiandeproducts.co.uk\/#website","url":"https:\/\/tiandeproducts.co.uk\/","name":"TianDe Online Shop - Beauty & Health","description":"Traditional Chinese Medicine","potentialAction":[{"@type":"SearchAction","target":{"@type":"EntryPoint","urlTemplate":"https:\/\/tiandeproducts.co.uk\/?s={search_term_string}"},"query-input":{"@type":"PropertyValueSpecification","valueRequired":true,"valueName":"search_term_string"}}],"inLanguage":"lt-LT"}]}},"_links":{"self":[{"href":"https:\/\/tiandeproducts.co.uk\/lt\/wp-json\/wp\/v2\/product\/4232","targetHints":{"allow":["GET"]}}],"collection":[{"href":"https:\/\/tiandeproducts.co.uk\/lt\/wp-json\/wp\/v2\/product"}],"about":[{"href":"https:\/\/tiandeproducts.co.uk\/lt\/wp-json\/wp\/v2\/types\/product"}],"replies":[{"embeddable":true,"href":"https:\/\/tiandeproducts.co.uk\/lt\/wp-json\/wp\/v2\/comments?post=4232"}],"wp:featuredmedia":[{"embeddable":true,"href":"https:\/\/tiandeproducts.co.uk\/lt\/wp-json\/wp\/v2\/media\/4229"}],"wp:attachment":[{"href":"https:\/\/tiandeproducts.co.uk\/lt\/wp-json\/wp\/v2\/media?parent=4232"}],"wp:term":[{"taxonomy":"product_cat","embeddable":true,"href":"https:\/\/tiandeproducts.co.uk\/lt\/wp-json\/wp\/v2\/product_cat?post=4232"},{"taxonomy":"product_tag","embeddable":true,"href":"https:\/\/tiandeproducts.co.uk\/lt\/wp-json\/wp\/v2\/product_tag?post=4232"}],"curies":[{"name":"wp","href":"https:\/\/api.w.org\/{rel}","templated":true}]}}