{"id":4224,"date":"2019-08-19T19:59:20","date_gmt":"2019-08-19T18:59:20","guid":{"rendered":"https:\/\/tnd.ontesting.co.uk\/raminantis-apsauginis-kremas-veidui-50-g\/"},"modified":"2021-02-05T18:33:10","modified_gmt":"2021-02-05T18:33:10","slug":"raminantis-apsauginis-kremas-veidui-50-g","status":"publish","type":"product","link":"https:\/\/tiandeproducts.co.uk\/lt\/raminantis-apsauginis-kremas-veidui-50-g\/","title":{"rendered":"Raminantis &#8211; apsauginis kremas veidui 50 g."},"content":{"rendered":"<p><img decoding=\"async\" style=\"max-width: 16px; margin-right: 5px;\" src=\"https:\/\/tiandeproducts.co.uk\/wp-content\/uploads\/points-green.svg\" \/>\u00a0Earn 20 points worth \u00a31.00 when buying this product<\/p>\n<p>&#8222;Vita Derm&#8221; serija yra puiki fitoapsauga odai, kuri yra jautri aplinkos poveikiui arba tapo jautri \u0161iuolaikinio didmies\u010dio s\u0105lygoms. &#8222;Vita Derm&#8221; raminantis kremas veidui efektyviai pri\u017ei\u016bri od\u0105 ir apsaugo j\u0105 nuo neigiamo aplinkos poveikio. Jis:<\/p>\n<ul>\n<li>atkuria nat\u016bralias apsaugines odos funkcijas;<\/li>\n<li>stiprina lipid\u0173 barjer\u0105, giliai dr\u0117kina;<\/li>\n<li>i\u0161lygina mimikos rauk\u0161les;<\/li>\n<li>gr\u0105\u017eina odos elastingum\u0105 ir stangrum\u0105.<\/li>\n<\/ul>\n<p>Sud\u0117tyje esantys UV filtrai apsaugo nuo neigiamo saul\u0117s aktyvumo. Kremas praturtintas galingais atstatomaisiais ir raminan\u010diaisiais kompleksais + beta gliukanu, pantenoliu ir natrio hialuronatu. Priemon\u0117je n\u0117ra da\u017eikli\u0173 ir paraben\u0173!<\/p>\n<p><strong>Naudojimas:<\/strong> nedidel\u012f kiek\u012f produkto tepkite ant anks\u010diau nuvalytos veido ir kaklo odos, atliekant tvarkingus sukamuosius judesius, i\u0161skyrus srit\u012f aplink akis. Nor\u0117dami gauti geriausi\u0105 efekt\u0105, naudokite ryte ir vakare.<\/p>\n","protected":false},"excerpt":{"rendered":"<p>\u00a0Earn 20 points worth \u00a31.00 when buying this product &#8222;Vita Derm&#8221; serija yra puiki fitoapsauga odai, kuri yra jautri aplinkos poveikiui arba tapo jautri \u0161iuolaikinio didmies\u010dio s\u0105lygoms. &#8222;Vita Derm&#8221; raminantis kremas veidui efektyviai pri\u017ei\u016bri od\u0105 ir apsaugo j\u0105 nuo neigiamo aplinkos poveikio. Jis: atkuria nat\u016bralias apsaugines odos funkcijas; stiprina lipid\u0173 barjer\u0105, giliai dr\u0117kina; i\u0161lygina mimikos [&#8230;]\n","protected":false},"featured_media":4221,"comment_status":"open","ping_status":"closed","template":"","meta":[],"product_cat":[576,532,563,558,506,1321],"product_tag":[],"class_list":{"0":"post-4224","1":"product","2":"type-product","3":"status-publish","4":"has-post-thumbnail","6":"product_cat-drekinimas","7":"product_cat-jautriai-odai","8":"product_cat-odos-elastngumas","9":"product_cat-sausaiserpetojanciai-odai","10":"product_cat-veidui","11":"product_cat-vita-derm-lt","13":"first","14":"instock","15":"shipping-taxable","16":"purchasable","17":"product-type-simple"},"yoast_head":"<!-- This site is optimized with the Yoast SEO plugin v23.6 - https:\/\/yoast.com\/wordpress\/plugins\/seo\/ -->\n<title>Raminantis - apsauginis kremas veidui 50 g. - TianDe Online Shop - Beauty &amp; Health<\/title>\n<meta name=\"robots\" content=\"index, follow, max-snippet:-1, max-image-preview:large, max-video-preview:-1\" \/>\n<link rel=\"canonical\" href=\"https:\/\/tiandeproducts.co.uk\/lt\/raminantis-apsauginis-kremas-veidui-50-g\/\" \/>\n<meta property=\"og:locale\" content=\"lt_LT\" \/>\n<meta property=\"og:type\" content=\"article\" \/>\n<meta property=\"og:title\" content=\"Raminantis - apsauginis kremas veidui 50 g. - TianDe Online Shop - Beauty &amp; Health\" \/>\n<meta property=\"og:description\" content=\"\u00a0Earn 20 points worth \u00a31.00 when buying this product &#8222;Vita Derm&#8221; serija yra puiki fitoapsauga odai, kuri yra jautri aplinkos poveikiui arba tapo jautri \u0161iuolaikinio didmies\u010dio s\u0105lygoms. &#8222;Vita Derm&#8221; raminantis kremas veidui efektyviai pri\u017ei\u016bri od\u0105 ir apsaugo j\u0105 nuo neigiamo aplinkos poveikio. Jis: atkuria nat\u016bralias apsaugines odos funkcijas; stiprina lipid\u0173 barjer\u0105, giliai dr\u0117kina; i\u0161lygina mimikos [...]\" \/>\n<meta property=\"og:url\" content=\"https:\/\/tiandeproducts.co.uk\/lt\/raminantis-apsauginis-kremas-veidui-50-g\/\" \/>\n<meta property=\"og:site_name\" content=\"TianDe Online Shop - Beauty &amp; Health\" \/>\n<meta property=\"article:publisher\" content=\"https:\/\/www.facebook.com\/tiande.products.england\/\" \/>\n<meta property=\"article:modified_time\" content=\"2021-02-05T18:33:10+00:00\" \/>\n<meta property=\"og:image\" content=\"https:\/\/tiandeproducts.co.uk\/wp-content\/uploads\/16301.png\" \/>\n\t<meta property=\"og:image:width\" content=\"700\" \/>\n\t<meta property=\"og:image:height\" content=\"700\" \/>\n\t<meta property=\"og:image:type\" content=\"image\/png\" \/>\n<meta name=\"twitter:card\" content=\"summary_large_image\" \/>\n<meta name=\"twitter:label1\" content=\"Est. reading time\" \/>\n\t<meta name=\"twitter:data1\" content=\"1 minut\u0117\" \/>\n<script type=\"application\/ld+json\" class=\"yoast-schema-graph\">{\"@context\":\"https:\/\/schema.org\",\"@graph\":[{\"@type\":\"WebPage\",\"@id\":\"https:\/\/tiandeproducts.co.uk\/lt\/raminantis-apsauginis-kremas-veidui-50-g\/\",\"url\":\"https:\/\/tiandeproducts.co.uk\/lt\/raminantis-apsauginis-kremas-veidui-50-g\/\",\"name\":\"Raminantis - apsauginis kremas veidui 50 g. - TianDe Online Shop - Beauty &amp; Health\",\"isPartOf\":{\"@id\":\"https:\/\/tiandeproducts.co.uk\/#website\"},\"primaryImageOfPage\":{\"@id\":\"https:\/\/tiandeproducts.co.uk\/lt\/raminantis-apsauginis-kremas-veidui-50-g\/#primaryimage\"},\"image\":{\"@id\":\"https:\/\/tiandeproducts.co.uk\/lt\/raminantis-apsauginis-kremas-veidui-50-g\/#primaryimage\"},\"thumbnailUrl\":\"https:\/\/tiandeproducts.co.uk\/wp-content\/uploads\/16301.png\",\"datePublished\":\"2019-08-19T18:59:20+00:00\",\"dateModified\":\"2021-02-05T18:33:10+00:00\",\"breadcrumb\":{\"@id\":\"https:\/\/tiandeproducts.co.uk\/lt\/raminantis-apsauginis-kremas-veidui-50-g\/#breadcrumb\"},\"inLanguage\":\"lt-LT\",\"potentialAction\":[{\"@type\":\"ReadAction\",\"target\":[\"https:\/\/tiandeproducts.co.uk\/lt\/raminantis-apsauginis-kremas-veidui-50-g\/\"]}]},{\"@type\":\"ImageObject\",\"inLanguage\":\"lt-LT\",\"@id\":\"https:\/\/tiandeproducts.co.uk\/lt\/raminantis-apsauginis-kremas-veidui-50-g\/#primaryimage\",\"url\":\"https:\/\/tiandeproducts.co.uk\/wp-content\/uploads\/16301.png\",\"contentUrl\":\"https:\/\/tiandeproducts.co.uk\/wp-content\/uploads\/16301.png\",\"width\":700,\"height\":700},{\"@type\":\"BreadcrumbList\",\"@id\":\"https:\/\/tiandeproducts.co.uk\/lt\/raminantis-apsauginis-kremas-veidui-50-g\/#breadcrumb\",\"itemListElement\":[{\"@type\":\"ListItem\",\"position\":1,\"name\":\"Home\",\"item\":\"https:\/\/tiandeproducts.co.uk\/lt\/\"},{\"@type\":\"ListItem\",\"position\":2,\"name\":\"Shop\",\"item\":\"https:\/\/tiandeproducts.co.uk\/lt\/shop-2\/\"},{\"@type\":\"ListItem\",\"position\":3,\"name\":\"Raminantis &#8211; apsauginis kremas veidui 50 g.\"}]},{\"@type\":\"WebSite\",\"@id\":\"https:\/\/tiandeproducts.co.uk\/#website\",\"url\":\"https:\/\/tiandeproducts.co.uk\/\",\"name\":\"TianDe Online Shop - Beauty & Health\",\"description\":\"Traditional Chinese Medicine\",\"potentialAction\":[{\"@type\":\"SearchAction\",\"target\":{\"@type\":\"EntryPoint\",\"urlTemplate\":\"https:\/\/tiandeproducts.co.uk\/?s={search_term_string}\"},\"query-input\":{\"@type\":\"PropertyValueSpecification\",\"valueRequired\":true,\"valueName\":\"search_term_string\"}}],\"inLanguage\":\"lt-LT\"}]}<\/script>\n<!-- \/ Yoast SEO plugin. -->","yoast_head_json":{"title":"Raminantis - apsauginis kremas veidui 50 g. - TianDe Online Shop - Beauty &amp; Health","robots":{"index":"index","follow":"follow","max-snippet":"max-snippet:-1","max-image-preview":"max-image-preview:large","max-video-preview":"max-video-preview:-1"},"canonical":"https:\/\/tiandeproducts.co.uk\/lt\/raminantis-apsauginis-kremas-veidui-50-g\/","og_locale":"lt_LT","og_type":"article","og_title":"Raminantis - apsauginis kremas veidui 50 g. - TianDe Online Shop - Beauty &amp; Health","og_description":"\u00a0Earn 20 points worth \u00a31.00 when buying this product &#8222;Vita Derm&#8221; serija yra puiki fitoapsauga odai, kuri yra jautri aplinkos poveikiui arba tapo jautri \u0161iuolaikinio didmies\u010dio s\u0105lygoms. &#8222;Vita Derm&#8221; raminantis kremas veidui efektyviai pri\u017ei\u016bri od\u0105 ir apsaugo j\u0105 nuo neigiamo aplinkos poveikio. Jis: atkuria nat\u016bralias apsaugines odos funkcijas; stiprina lipid\u0173 barjer\u0105, giliai dr\u0117kina; i\u0161lygina mimikos [...]","og_url":"https:\/\/tiandeproducts.co.uk\/lt\/raminantis-apsauginis-kremas-veidui-50-g\/","og_site_name":"TianDe Online Shop - Beauty &amp; Health","article_publisher":"https:\/\/www.facebook.com\/tiande.products.england\/","article_modified_time":"2021-02-05T18:33:10+00:00","og_image":[{"width":700,"height":700,"url":"https:\/\/tiandeproducts.co.uk\/wp-content\/uploads\/16301.png","type":"image\/png"}],"twitter_card":"summary_large_image","twitter_misc":{"Est. reading time":"1 minut\u0117"},"schema":{"@context":"https:\/\/schema.org","@graph":[{"@type":"WebPage","@id":"https:\/\/tiandeproducts.co.uk\/lt\/raminantis-apsauginis-kremas-veidui-50-g\/","url":"https:\/\/tiandeproducts.co.uk\/lt\/raminantis-apsauginis-kremas-veidui-50-g\/","name":"Raminantis - apsauginis kremas veidui 50 g. - TianDe Online Shop - Beauty &amp; Health","isPartOf":{"@id":"https:\/\/tiandeproducts.co.uk\/#website"},"primaryImageOfPage":{"@id":"https:\/\/tiandeproducts.co.uk\/lt\/raminantis-apsauginis-kremas-veidui-50-g\/#primaryimage"},"image":{"@id":"https:\/\/tiandeproducts.co.uk\/lt\/raminantis-apsauginis-kremas-veidui-50-g\/#primaryimage"},"thumbnailUrl":"https:\/\/tiandeproducts.co.uk\/wp-content\/uploads\/16301.png","datePublished":"2019-08-19T18:59:20+00:00","dateModified":"2021-02-05T18:33:10+00:00","breadcrumb":{"@id":"https:\/\/tiandeproducts.co.uk\/lt\/raminantis-apsauginis-kremas-veidui-50-g\/#breadcrumb"},"inLanguage":"lt-LT","potentialAction":[{"@type":"ReadAction","target":["https:\/\/tiandeproducts.co.uk\/lt\/raminantis-apsauginis-kremas-veidui-50-g\/"]}]},{"@type":"ImageObject","inLanguage":"lt-LT","@id":"https:\/\/tiandeproducts.co.uk\/lt\/raminantis-apsauginis-kremas-veidui-50-g\/#primaryimage","url":"https:\/\/tiandeproducts.co.uk\/wp-content\/uploads\/16301.png","contentUrl":"https:\/\/tiandeproducts.co.uk\/wp-content\/uploads\/16301.png","width":700,"height":700},{"@type":"BreadcrumbList","@id":"https:\/\/tiandeproducts.co.uk\/lt\/raminantis-apsauginis-kremas-veidui-50-g\/#breadcrumb","itemListElement":[{"@type":"ListItem","position":1,"name":"Home","item":"https:\/\/tiandeproducts.co.uk\/lt\/"},{"@type":"ListItem","position":2,"name":"Shop","item":"https:\/\/tiandeproducts.co.uk\/lt\/shop-2\/"},{"@type":"ListItem","position":3,"name":"Raminantis &#8211; apsauginis kremas veidui 50 g."}]},{"@type":"WebSite","@id":"https:\/\/tiandeproducts.co.uk\/#website","url":"https:\/\/tiandeproducts.co.uk\/","name":"TianDe Online Shop - Beauty & Health","description":"Traditional Chinese Medicine","potentialAction":[{"@type":"SearchAction","target":{"@type":"EntryPoint","urlTemplate":"https:\/\/tiandeproducts.co.uk\/?s={search_term_string}"},"query-input":{"@type":"PropertyValueSpecification","valueRequired":true,"valueName":"search_term_string"}}],"inLanguage":"lt-LT"}]}},"_links":{"self":[{"href":"https:\/\/tiandeproducts.co.uk\/lt\/wp-json\/wp\/v2\/product\/4224","targetHints":{"allow":["GET"]}}],"collection":[{"href":"https:\/\/tiandeproducts.co.uk\/lt\/wp-json\/wp\/v2\/product"}],"about":[{"href":"https:\/\/tiandeproducts.co.uk\/lt\/wp-json\/wp\/v2\/types\/product"}],"replies":[{"embeddable":true,"href":"https:\/\/tiandeproducts.co.uk\/lt\/wp-json\/wp\/v2\/comments?post=4224"}],"wp:featuredmedia":[{"embeddable":true,"href":"https:\/\/tiandeproducts.co.uk\/lt\/wp-json\/wp\/v2\/media\/4221"}],"wp:attachment":[{"href":"https:\/\/tiandeproducts.co.uk\/lt\/wp-json\/wp\/v2\/media?parent=4224"}],"wp:term":[{"taxonomy":"product_cat","embeddable":true,"href":"https:\/\/tiandeproducts.co.uk\/lt\/wp-json\/wp\/v2\/product_cat?post=4224"},{"taxonomy":"product_tag","embeddable":true,"href":"https:\/\/tiandeproducts.co.uk\/lt\/wp-json\/wp\/v2\/product_tag?post=4224"}],"curies":[{"name":"wp","href":"https:\/\/api.w.org\/{rel}","templated":true}]}}