{"id":4216,"date":"2019-08-19T19:46:26","date_gmt":"2019-08-19T18:46:26","guid":{"rendered":"https:\/\/tnd.ontesting.co.uk\/3d-masazuoklis-veido-ir-kuno-odos-stangrinimui-1-vnt\/"},"modified":"2021-02-05T18:34:06","modified_gmt":"2021-02-05T18:34:06","slug":"3d-masazuoklis-veido-ir-kuno-odos-stangrinimui-1-vnt","status":"publish","type":"product","link":"https:\/\/tiandeproducts.co.uk\/lt\/3d-masazuoklis-veido-ir-kuno-odos-stangrinimui-1-vnt\/","title":{"rendered":"3D-masa\u017euoklis veido ir k\u016bno odos stangrinimui 1 vnt."},"content":{"rendered":"<p><img decoding=\"async\" style=\"max-width: 16px; margin-right: 5px;\" src=\"https:\/\/tiandeproducts.co.uk\/wp-content\/uploads\/points-green.svg\" \/>\u00a0Earn 32 points worth \u00a31.6 when buying this product<\/p>\n<p>Patogus prietaisas taps J\u016bs\u0173 asmeniniu nam\u0173 &#8222;masa\u017eo terapeutu&#8221; ir puikia alternatyva salon\u0173 proced\u016broms. Praleid\u0119 tik 10\u201315 minu\u010di\u0173 per dien\u0105 masa\u017euojant problemines vietas, labai greitai gausite puik\u0173 rezultat\u0105: pastebimas veido pak\u0117limas ir elastingas k\u016bnas.<\/p>\n<p>&#8211; Du limfodrena\u017einiai ritin\u0117liai, kuri\u0173 sukimosi spindulys yra 360 laipsni\u0173, slinkdami, u\u017efiksuoja tarp sav\u0119s odos sluoksn\u012f, efektyviai dirbdami per j\u012f.<br \/>\n&#8211; Ma\u017ei trikampiai ritin\u0117li\u0173 kra\u0161tai padeda dar labiau pagerinti vietin\u0119 mikrocirkuliacij\u0105.<\/p>\n<p>Masa\u017euoklis bus puikus asistentas veido formavimui. Reguliarus jo naudojimas pad\u0117s:<\/p>\n<ul>\n<li>atsikratyti antrojo smakro, pakelti veido oval\u0105;<\/li>\n<li>atkurti odos gaivum\u0105 ir elastingum\u0105, pagerinti bendr\u0105 jos b\u016bkl\u0119;<\/li>\n<li>padidinti raumen\u0173 plasti\u0161kum\u0105, suma\u017einti rauk\u0161li\u0173 gilum\u0105.<\/li>\n<\/ul>\n<p>Masa\u017euoklis puikiai veikia formuojant k\u016bn\u0105. Tai prisideda prie:<\/p>\n<ul>\n<li>matom\u0173 strij\u0173 suma\u017einimo;<\/li>\n<li>problemini\u0173 sri\u010di\u0173 tvarkymas;<\/li>\n<li>edemos ir celiulito atsiradimo prevencija.<\/li>\n<\/ul>\n<p>Norite sustiprinti efekt\u0105? Masa\u017euokl\u012f naudokite kartu su kauk\u0117mis, kremais ar anticeliulitiniais produktais i\u0161 TianDe!<\/p>\n<p><strong>Naudojimas:<\/strong> masa\u017eo trukm\u0117 &#8211; 10\u201315 minu\u010di\u0173. Masa\u017euokite veid\u0105 ir k\u016bn\u0105 i\u0161ilgai masa\u017eo linij\u0173, ne\u012ftempdami odos. Esant stipriam paraudimui ar stipriam skausmui, masa\u017euoklio vartojim\u0105 reikia nutraukti.<\/p>\n","protected":false},"excerpt":{"rendered":"<p>\u00a0Earn 32 points worth \u00a31.6 when buying this product Patogus prietaisas taps J\u016bs\u0173 asmeniniu nam\u0173 &#8222;masa\u017eo terapeutu&#8221; ir puikia alternatyva salon\u0173 proced\u016broms. Praleid\u0119 tik 10\u201315 minu\u010di\u0173 per dien\u0105 masa\u017euojant problemines vietas, labai greitai gausite puik\u0173 rezultat\u0105: pastebimas veido pak\u0117limas ir elastingas k\u016bnas. &#8211; Du limfodrena\u017einiai ritin\u0117liai, kuri\u0173 sukimosi spindulys yra 360 laipsni\u0173, slinkdami, u\u017efiksuoja tarp [&#8230;]\n","protected":false},"featured_media":4213,"comment_status":"open","ping_status":"closed","template":"","meta":[],"product_cat":[482],"product_tag":[],"class_list":{"0":"post-4216","1":"product","2":"type-product","3":"status-publish","4":"has-post-thumbnail","6":"product_cat-masazas","8":"first","9":"instock","10":"shipping-taxable","11":"purchasable","12":"product-type-simple"},"yoast_head":"<!-- This site is optimized with the Yoast SEO plugin v23.6 - https:\/\/yoast.com\/wordpress\/plugins\/seo\/ -->\n<title>3D-masa\u017euoklis veido ir k\u016bno odos stangrinimui 1 vnt. - TianDe Online Shop - Beauty &amp; Health<\/title>\n<meta name=\"robots\" content=\"index, follow, max-snippet:-1, max-image-preview:large, max-video-preview:-1\" \/>\n<link rel=\"canonical\" href=\"https:\/\/tiandeproducts.co.uk\/lt\/3d-masazuoklis-veido-ir-kuno-odos-stangrinimui-1-vnt\/\" \/>\n<meta property=\"og:locale\" content=\"lt_LT\" \/>\n<meta property=\"og:type\" content=\"article\" \/>\n<meta property=\"og:title\" content=\"3D-masa\u017euoklis veido ir k\u016bno odos stangrinimui 1 vnt. - TianDe Online Shop - Beauty &amp; Health\" \/>\n<meta property=\"og:description\" content=\"\u00a0Earn 32 points worth \u00a31.6 when buying this product Patogus prietaisas taps J\u016bs\u0173 asmeniniu nam\u0173 &#8222;masa\u017eo terapeutu&#8221; ir puikia alternatyva salon\u0173 proced\u016broms. Praleid\u0119 tik 10\u201315 minu\u010di\u0173 per dien\u0105 masa\u017euojant problemines vietas, labai greitai gausite puik\u0173 rezultat\u0105: pastebimas veido pak\u0117limas ir elastingas k\u016bnas. &#8211; Du limfodrena\u017einiai ritin\u0117liai, kuri\u0173 sukimosi spindulys yra 360 laipsni\u0173, slinkdami, u\u017efiksuoja tarp [...]\" \/>\n<meta property=\"og:url\" content=\"https:\/\/tiandeproducts.co.uk\/lt\/3d-masazuoklis-veido-ir-kuno-odos-stangrinimui-1-vnt\/\" \/>\n<meta property=\"og:site_name\" content=\"TianDe Online Shop - Beauty &amp; Health\" \/>\n<meta property=\"article:publisher\" content=\"https:\/\/www.facebook.com\/tiande.products.england\/\" \/>\n<meta property=\"article:modified_time\" content=\"2021-02-05T18:34:06+00:00\" \/>\n<meta property=\"og:image\" content=\"https:\/\/tiandeproducts.co.uk\/wp-content\/uploads\/90187.png\" \/>\n\t<meta property=\"og:image:width\" content=\"700\" \/>\n\t<meta property=\"og:image:height\" content=\"700\" \/>\n\t<meta property=\"og:image:type\" content=\"image\/png\" \/>\n<meta name=\"twitter:card\" content=\"summary_large_image\" \/>\n<meta name=\"twitter:label1\" content=\"Est. reading time\" \/>\n\t<meta name=\"twitter:data1\" content=\"1 minut\u0117\" \/>\n<script type=\"application\/ld+json\" class=\"yoast-schema-graph\">{\"@context\":\"https:\/\/schema.org\",\"@graph\":[{\"@type\":\"WebPage\",\"@id\":\"https:\/\/tiandeproducts.co.uk\/lt\/3d-masazuoklis-veido-ir-kuno-odos-stangrinimui-1-vnt\/\",\"url\":\"https:\/\/tiandeproducts.co.uk\/lt\/3d-masazuoklis-veido-ir-kuno-odos-stangrinimui-1-vnt\/\",\"name\":\"3D-masa\u017euoklis veido ir k\u016bno odos stangrinimui 1 vnt. - TianDe Online Shop - Beauty &amp; Health\",\"isPartOf\":{\"@id\":\"https:\/\/tiandeproducts.co.uk\/#website\"},\"primaryImageOfPage\":{\"@id\":\"https:\/\/tiandeproducts.co.uk\/lt\/3d-masazuoklis-veido-ir-kuno-odos-stangrinimui-1-vnt\/#primaryimage\"},\"image\":{\"@id\":\"https:\/\/tiandeproducts.co.uk\/lt\/3d-masazuoklis-veido-ir-kuno-odos-stangrinimui-1-vnt\/#primaryimage\"},\"thumbnailUrl\":\"https:\/\/tiandeproducts.co.uk\/wp-content\/uploads\/90187.png\",\"datePublished\":\"2019-08-19T18:46:26+00:00\",\"dateModified\":\"2021-02-05T18:34:06+00:00\",\"breadcrumb\":{\"@id\":\"https:\/\/tiandeproducts.co.uk\/lt\/3d-masazuoklis-veido-ir-kuno-odos-stangrinimui-1-vnt\/#breadcrumb\"},\"inLanguage\":\"lt-LT\",\"potentialAction\":[{\"@type\":\"ReadAction\",\"target\":[\"https:\/\/tiandeproducts.co.uk\/lt\/3d-masazuoklis-veido-ir-kuno-odos-stangrinimui-1-vnt\/\"]}]},{\"@type\":\"ImageObject\",\"inLanguage\":\"lt-LT\",\"@id\":\"https:\/\/tiandeproducts.co.uk\/lt\/3d-masazuoklis-veido-ir-kuno-odos-stangrinimui-1-vnt\/#primaryimage\",\"url\":\"https:\/\/tiandeproducts.co.uk\/wp-content\/uploads\/90187.png\",\"contentUrl\":\"https:\/\/tiandeproducts.co.uk\/wp-content\/uploads\/90187.png\",\"width\":700,\"height\":700},{\"@type\":\"BreadcrumbList\",\"@id\":\"https:\/\/tiandeproducts.co.uk\/lt\/3d-masazuoklis-veido-ir-kuno-odos-stangrinimui-1-vnt\/#breadcrumb\",\"itemListElement\":[{\"@type\":\"ListItem\",\"position\":1,\"name\":\"Home\",\"item\":\"https:\/\/tiandeproducts.co.uk\/lt\/\"},{\"@type\":\"ListItem\",\"position\":2,\"name\":\"Shop\",\"item\":\"https:\/\/tiandeproducts.co.uk\/lt\/shop-2\/\"},{\"@type\":\"ListItem\",\"position\":3,\"name\":\"3D-masa\u017euoklis veido ir k\u016bno odos stangrinimui 1 vnt.\"}]},{\"@type\":\"WebSite\",\"@id\":\"https:\/\/tiandeproducts.co.uk\/#website\",\"url\":\"https:\/\/tiandeproducts.co.uk\/\",\"name\":\"TianDe Online Shop - Beauty & Health\",\"description\":\"Traditional Chinese Medicine\",\"potentialAction\":[{\"@type\":\"SearchAction\",\"target\":{\"@type\":\"EntryPoint\",\"urlTemplate\":\"https:\/\/tiandeproducts.co.uk\/?s={search_term_string}\"},\"query-input\":{\"@type\":\"PropertyValueSpecification\",\"valueRequired\":true,\"valueName\":\"search_term_string\"}}],\"inLanguage\":\"lt-LT\"}]}<\/script>\n<!-- \/ Yoast SEO plugin. -->","yoast_head_json":{"title":"3D-masa\u017euoklis veido ir k\u016bno odos stangrinimui 1 vnt. - TianDe Online Shop - Beauty &amp; Health","robots":{"index":"index","follow":"follow","max-snippet":"max-snippet:-1","max-image-preview":"max-image-preview:large","max-video-preview":"max-video-preview:-1"},"canonical":"https:\/\/tiandeproducts.co.uk\/lt\/3d-masazuoklis-veido-ir-kuno-odos-stangrinimui-1-vnt\/","og_locale":"lt_LT","og_type":"article","og_title":"3D-masa\u017euoklis veido ir k\u016bno odos stangrinimui 1 vnt. - TianDe Online Shop - Beauty &amp; Health","og_description":"\u00a0Earn 32 points worth \u00a31.6 when buying this product Patogus prietaisas taps J\u016bs\u0173 asmeniniu nam\u0173 &#8222;masa\u017eo terapeutu&#8221; ir puikia alternatyva salon\u0173 proced\u016broms. Praleid\u0119 tik 10\u201315 minu\u010di\u0173 per dien\u0105 masa\u017euojant problemines vietas, labai greitai gausite puik\u0173 rezultat\u0105: pastebimas veido pak\u0117limas ir elastingas k\u016bnas. &#8211; Du limfodrena\u017einiai ritin\u0117liai, kuri\u0173 sukimosi spindulys yra 360 laipsni\u0173, slinkdami, u\u017efiksuoja tarp [...]","og_url":"https:\/\/tiandeproducts.co.uk\/lt\/3d-masazuoklis-veido-ir-kuno-odos-stangrinimui-1-vnt\/","og_site_name":"TianDe Online Shop - Beauty &amp; Health","article_publisher":"https:\/\/www.facebook.com\/tiande.products.england\/","article_modified_time":"2021-02-05T18:34:06+00:00","og_image":[{"width":700,"height":700,"url":"https:\/\/tiandeproducts.co.uk\/wp-content\/uploads\/90187.png","type":"image\/png"}],"twitter_card":"summary_large_image","twitter_misc":{"Est. reading time":"1 minut\u0117"},"schema":{"@context":"https:\/\/schema.org","@graph":[{"@type":"WebPage","@id":"https:\/\/tiandeproducts.co.uk\/lt\/3d-masazuoklis-veido-ir-kuno-odos-stangrinimui-1-vnt\/","url":"https:\/\/tiandeproducts.co.uk\/lt\/3d-masazuoklis-veido-ir-kuno-odos-stangrinimui-1-vnt\/","name":"3D-masa\u017euoklis veido ir k\u016bno odos stangrinimui 1 vnt. - TianDe Online Shop - Beauty &amp; Health","isPartOf":{"@id":"https:\/\/tiandeproducts.co.uk\/#website"},"primaryImageOfPage":{"@id":"https:\/\/tiandeproducts.co.uk\/lt\/3d-masazuoklis-veido-ir-kuno-odos-stangrinimui-1-vnt\/#primaryimage"},"image":{"@id":"https:\/\/tiandeproducts.co.uk\/lt\/3d-masazuoklis-veido-ir-kuno-odos-stangrinimui-1-vnt\/#primaryimage"},"thumbnailUrl":"https:\/\/tiandeproducts.co.uk\/wp-content\/uploads\/90187.png","datePublished":"2019-08-19T18:46:26+00:00","dateModified":"2021-02-05T18:34:06+00:00","breadcrumb":{"@id":"https:\/\/tiandeproducts.co.uk\/lt\/3d-masazuoklis-veido-ir-kuno-odos-stangrinimui-1-vnt\/#breadcrumb"},"inLanguage":"lt-LT","potentialAction":[{"@type":"ReadAction","target":["https:\/\/tiandeproducts.co.uk\/lt\/3d-masazuoklis-veido-ir-kuno-odos-stangrinimui-1-vnt\/"]}]},{"@type":"ImageObject","inLanguage":"lt-LT","@id":"https:\/\/tiandeproducts.co.uk\/lt\/3d-masazuoklis-veido-ir-kuno-odos-stangrinimui-1-vnt\/#primaryimage","url":"https:\/\/tiandeproducts.co.uk\/wp-content\/uploads\/90187.png","contentUrl":"https:\/\/tiandeproducts.co.uk\/wp-content\/uploads\/90187.png","width":700,"height":700},{"@type":"BreadcrumbList","@id":"https:\/\/tiandeproducts.co.uk\/lt\/3d-masazuoklis-veido-ir-kuno-odos-stangrinimui-1-vnt\/#breadcrumb","itemListElement":[{"@type":"ListItem","position":1,"name":"Home","item":"https:\/\/tiandeproducts.co.uk\/lt\/"},{"@type":"ListItem","position":2,"name":"Shop","item":"https:\/\/tiandeproducts.co.uk\/lt\/shop-2\/"},{"@type":"ListItem","position":3,"name":"3D-masa\u017euoklis veido ir k\u016bno odos stangrinimui 1 vnt."}]},{"@type":"WebSite","@id":"https:\/\/tiandeproducts.co.uk\/#website","url":"https:\/\/tiandeproducts.co.uk\/","name":"TianDe Online Shop - Beauty & Health","description":"Traditional Chinese Medicine","potentialAction":[{"@type":"SearchAction","target":{"@type":"EntryPoint","urlTemplate":"https:\/\/tiandeproducts.co.uk\/?s={search_term_string}"},"query-input":{"@type":"PropertyValueSpecification","valueRequired":true,"valueName":"search_term_string"}}],"inLanguage":"lt-LT"}]}},"_links":{"self":[{"href":"https:\/\/tiandeproducts.co.uk\/lt\/wp-json\/wp\/v2\/product\/4216","targetHints":{"allow":["GET"]}}],"collection":[{"href":"https:\/\/tiandeproducts.co.uk\/lt\/wp-json\/wp\/v2\/product"}],"about":[{"href":"https:\/\/tiandeproducts.co.uk\/lt\/wp-json\/wp\/v2\/types\/product"}],"replies":[{"embeddable":true,"href":"https:\/\/tiandeproducts.co.uk\/lt\/wp-json\/wp\/v2\/comments?post=4216"}],"wp:featuredmedia":[{"embeddable":true,"href":"https:\/\/tiandeproducts.co.uk\/lt\/wp-json\/wp\/v2\/media\/4213"}],"wp:attachment":[{"href":"https:\/\/tiandeproducts.co.uk\/lt\/wp-json\/wp\/v2\/media?parent=4216"}],"wp:term":[{"taxonomy":"product_cat","embeddable":true,"href":"https:\/\/tiandeproducts.co.uk\/lt\/wp-json\/wp\/v2\/product_cat?post=4216"},{"taxonomy":"product_tag","embeddable":true,"href":"https:\/\/tiandeproducts.co.uk\/lt\/wp-json\/wp\/v2\/product_tag?post=4216"}],"curies":[{"name":"wp","href":"https:\/\/api.w.org\/{rel}","templated":true}]}}