{"id":4208,"date":"2016-04-03T18:33:54","date_gmt":"2016-04-03T17:33:54","guid":{"rendered":"https:\/\/tnd.ontesting.co.uk\/atstatomasis-veido-tonikas-100ml\/"},"modified":"2020-02-28T08:13:24","modified_gmt":"2020-02-28T08:13:24","slug":"atstatomasis-veido-tonikas-100ml","status":"publish","type":"product","link":"https:\/\/tiandeproducts.co.uk\/lt\/atstatomasis-veido-tonikas-100ml\/","title":{"rendered":"Atstatomasis veido tonikas, 100ml."},"content":{"rendered":"<p>Tonikas \u0161velniai ir \u0161variai nuvalo od\u0105, suteikia jai gaivumo poj\u016bt\u012f, nuramina sudirgusi\u0105 od\u0105. Juo lengvai pa\u0161alinsite makia\u017eo liku\u010dius, sutrauksite poras bei u\u017ebaigsite odos valymo proced\u016br\u0105. Gaivinanti priemon\u0117 akimirksniu atkuria hidrolipidin\u0119 odos mantij\u0105 ir sustabdo dr\u0117gm\u0117s pasi\u0161alinim\u0105 i\u0161 odos. Atstatomasis tonikas stimuliuoja l\u0105steli\u0173 atsinaujinimo procesus, padidina suglebusios odos tonus\u0105, suteikia jai energijos, stiprina. Be paraben\u0173, konservant\u0173 ir mineralini\u0173 aliej\u0173.<\/p>\n<p>\u201eSnake Factor\u201d serijos pagrind\u0105 sudaro gyvat\u0117s Mamu\u0161i taukai, l\u0105steli\u0173 aktyvatorius Brillian &#8211; KS68, vitaminas E ir galingos dr\u0117kinamosios med\u017eiagos \u2013 tai tas aktyvus odos prie\u017ei\u016bros kompleksas, kuris leis ir 40-ies, ir 50-ies ir net 60-ies met\u0173 moterims atrodyti itin jaunatvi\u0161kai.<\/p>\n<p><strong>Naudojimas:<\/strong><br \/>\nAnt dr\u0117gnos kempin\u0117l\u0117s u\u017ela\u0161inkite 5 &#8211; 6 la\u0161us losjono ir \u0161velniais judesiais kruop\u0161\u010diai valykite od\u0105 nuo kaktos link smakro (i\u0161skyrus paaki\u0173 srit\u012f).<\/p>\n<p><strong>Veikliosios med\u017eiagos:<\/strong><\/p>\n<p><strong>L\u0105steli\u0173 aktyvatorius Brillian-KS68<\/strong>\u00a0(\u201eanti \u2013 age\u201d kompleksas) atstato energetin\u012f l\u0105steli\u0173 potencial\u0105, skatina l\u0105steli\u0173 dauginim\u0105si ir augim\u0105, suaktyvina kolageno ir elastino sintez\u0119, efektyviai apsaugo nuo fotosen\u0117jimo. S\u0105veikaudamas su retinoliu l\u0105steli\u0173 aktyvatorius kelis kartus padidina jo poveik\u012f, o visos sintez\u0117s efektas &#8211; suaktyvinami l\u0105steli\u0173 metabolizmo procesai, kas pagreitina j\u0173 atsinaujinim\u0105, koreguoja rauk\u0161les ir stangrina od\u0105. Brandi oda tampa elastingesn\u0117, lygesn\u0117, \u0161vies\u0117ja pigmentin\u0117s d\u0117m\u0117s.<\/p>\n<p><strong>Hialurono r\u016bg\u0161tis<\/strong>\u00a0&#8211; suteikia liftingo efekt\u0105, didina odos elastingum\u0105, stangrina. Veiklioji med\u017eiaga ant odos pavir\u0161iaus sukuria orui pralaid\u0173 apsaugin\u012f sluoksn\u012f, tai apsaugo nuo dr\u0117gm\u0117s praradimo net gilesnius sluoksnius. Ji efektyviai pagreitina audini\u0173 l\u0105steli\u0173 atsinaujinimo procesus, gerina mikrocirkuliacij\u0105, skatina nauj\u0173 odos l\u0105steli\u0173 dauginim\u0105si, apsaugo nuo i\u0161orini\u0173 pa\u017eeidim\u0173 ir infekcij\u0173, sustiprina odos apsaugin\u012f sluoksn\u012f bei odos imunines savyb\u0117s. \u012edomu, kad hialurono r\u016bg\u0161ties molekul\u0117s gali pritraukti ir i\u0161laikyti net ~500 kart\u0173 u\u017e save didesn\u012f kiek\u012f vandens!<\/p>\n<p><strong>Hamamelio ekstrakte<\/strong>\u00a0esantys flavonoidai, eteriniai aliejai, \u012fvairios raugin\u0117s med\u017eiagos slopina u\u017edegimus ir odos sudirginimus, normalizuoja riebalini\u0173 liauk\u0173 sekrecij\u0105, turi prie\u0161u\u017edegimin\u012f, nuskausminam\u0105j\u012f poveik\u012f, tonizuoja ir gaivina od\u0105. Ekstraktas labai veiksmingas ir rekomenduojamas \u0161iurk\u0161\u010diai, \u0161erpetojan\u010diai ir jautriai veido odai.<\/p>\n<p><strong>Pantenolis (provitaminas B5)<\/strong>\u00a0&#8211; dermatoprotektorius &#8211; skatina audini\u0173 regeneracij\u0105, efektyviai ir greitai panaikina odos sudirgimus, veikia od\u0105 kaip dr\u0117kiklis, apsaugo j\u0105 nuo kenksmingo aplinkos poveikio.<\/p>\n<p><strong>Retinolis (vitaminas A)<\/strong>\u00a0\u2013 stiprus antioksidantas, s\u0117kmingai kovojantis su laisvaisiais radikalais. Retinolis suplonina ragin\u012f sluoksn\u012f ir pagreitina epidermio atsinaujinim\u0105, reguliuoja pigmentacij\u0105, normalizuoja riebalini\u0173 liauk\u0173 veikim\u0105.<\/p>\n<p><strong>Adenozinas<\/strong>\u00a0ramina, pasi\u017eymi prie\u0161u\u017edegiminiu poveikiu, suteikia energijos, palaiko sveik\u0105 l\u0105steli\u0173 veikl\u0105, lygina rauk\u0161leles, skatina odos atsinaujinimo procesus.<\/p>\n","protected":false},"excerpt":{"rendered":"<p>Tonikas \u0161velniai ir \u0161variai nuvalo od\u0105, suteikia jai gaivumo poj\u016bt\u012f, nuramina sudirgusi\u0105 od\u0105. Juo lengvai pa\u0161alinsite makia\u017eo liku\u010dius, sutrauksite poras bei u\u017ebaigsite odos valymo proced\u016br\u0105. Gaivinanti priemon\u0117 akimirksniu atkuria hidrolipidin\u0119 odos mantij\u0105 ir sustabdo dr\u0117gm\u0117s pasi\u0161alinim\u0105 i\u0161 odos. Atstatomasis tonikas stimuliuoja l\u0105steli\u0173 atsinaujinimo procesus, padidina suglebusios odos tonus\u0105, suteikia jai energijos, stiprina. Be paraben\u0173, konservant\u0173 [&#8230;]\n","protected":false},"featured_media":394,"comment_status":"closed","ping_status":"closed","template":"","meta":[],"product_cat":[576,567,612,563,583,603,610,506],"product_tag":[],"class_list":{"0":"post-4208","1":"product","2":"type-product","3":"status-publish","4":"has-post-thumbnail","6":"product_cat-drekinimas","7":"product_cat-drekinimas-ir-maitinimas","8":"product_cat-nuo-rauksliu","9":"product_cat-odos-elastngumas","10":"product_cat-pigmentacija","11":"product_cat-snake-factor-lt","12":"product_cat-tonikai-ir-losjonai","13":"product_cat-veidui","15":"first","16":"instock","17":"shipping-taxable","18":"purchasable","19":"product-type-simple"},"yoast_head":"<!-- This site is optimized with the Yoast SEO plugin v23.6 - https:\/\/yoast.com\/wordpress\/plugins\/seo\/ -->\n<title>Atstatomasis veido tonikas, 100ml. - TianDe Online Shop - Beauty &amp; Health<\/title>\n<meta name=\"robots\" content=\"index, follow, max-snippet:-1, max-image-preview:large, max-video-preview:-1\" \/>\n<link rel=\"canonical\" href=\"https:\/\/tiandeproducts.co.uk\/lt\/atstatomasis-veido-tonikas-100ml\/\" \/>\n<meta property=\"og:locale\" content=\"lt_LT\" \/>\n<meta property=\"og:type\" content=\"article\" \/>\n<meta property=\"og:title\" content=\"Atstatomasis veido tonikas, 100ml. - TianDe Online Shop - Beauty &amp; Health\" \/>\n<meta property=\"og:description\" content=\"Tonikas \u0161velniai ir \u0161variai nuvalo od\u0105, suteikia jai gaivumo poj\u016bt\u012f, nuramina sudirgusi\u0105 od\u0105. Juo lengvai pa\u0161alinsite makia\u017eo liku\u010dius, sutrauksite poras bei u\u017ebaigsite odos valymo proced\u016br\u0105. Gaivinanti priemon\u0117 akimirksniu atkuria hidrolipidin\u0119 odos mantij\u0105 ir sustabdo dr\u0117gm\u0117s pasi\u0161alinim\u0105 i\u0161 odos. Atstatomasis tonikas stimuliuoja l\u0105steli\u0173 atsinaujinimo procesus, padidina suglebusios odos tonus\u0105, suteikia jai energijos, stiprina. Be paraben\u0173, konservant\u0173 [...]\" \/>\n<meta property=\"og:url\" content=\"https:\/\/tiandeproducts.co.uk\/lt\/atstatomasis-veido-tonikas-100ml\/\" \/>\n<meta property=\"og:site_name\" content=\"TianDe Online Shop - Beauty &amp; Health\" \/>\n<meta property=\"article:publisher\" content=\"https:\/\/www.facebook.com\/tiande.products.england\/\" \/>\n<meta property=\"article:modified_time\" content=\"2020-02-28T08:13:24+00:00\" \/>\n<meta property=\"og:image\" content=\"https:\/\/tiandeproducts.co.uk\/wp-content\/uploads\/2016\/04\/15102.png\" \/>\n\t<meta property=\"og:image:width\" content=\"700\" \/>\n\t<meta property=\"og:image:height\" content=\"700\" \/>\n\t<meta property=\"og:image:type\" content=\"image\/png\" \/>\n<meta name=\"twitter:card\" content=\"summary_large_image\" \/>\n<meta name=\"twitter:label1\" content=\"Est. reading time\" \/>\n\t<meta name=\"twitter:data1\" content=\"2 minut\u0117s\" \/>\n<script type=\"application\/ld+json\" class=\"yoast-schema-graph\">{\"@context\":\"https:\/\/schema.org\",\"@graph\":[{\"@type\":\"WebPage\",\"@id\":\"https:\/\/tiandeproducts.co.uk\/lt\/atstatomasis-veido-tonikas-100ml\/\",\"url\":\"https:\/\/tiandeproducts.co.uk\/lt\/atstatomasis-veido-tonikas-100ml\/\",\"name\":\"Atstatomasis veido tonikas, 100ml. - TianDe Online Shop - Beauty &amp; Health\",\"isPartOf\":{\"@id\":\"https:\/\/tiandeproducts.co.uk\/#website\"},\"primaryImageOfPage\":{\"@id\":\"https:\/\/tiandeproducts.co.uk\/lt\/atstatomasis-veido-tonikas-100ml\/#primaryimage\"},\"image\":{\"@id\":\"https:\/\/tiandeproducts.co.uk\/lt\/atstatomasis-veido-tonikas-100ml\/#primaryimage\"},\"thumbnailUrl\":\"https:\/\/tiandeproducts.co.uk\/wp-content\/uploads\/2016\/04\/15102.png\",\"datePublished\":\"2016-04-03T17:33:54+00:00\",\"dateModified\":\"2020-02-28T08:13:24+00:00\",\"breadcrumb\":{\"@id\":\"https:\/\/tiandeproducts.co.uk\/lt\/atstatomasis-veido-tonikas-100ml\/#breadcrumb\"},\"inLanguage\":\"lt-LT\",\"potentialAction\":[{\"@type\":\"ReadAction\",\"target\":[\"https:\/\/tiandeproducts.co.uk\/lt\/atstatomasis-veido-tonikas-100ml\/\"]}]},{\"@type\":\"ImageObject\",\"inLanguage\":\"lt-LT\",\"@id\":\"https:\/\/tiandeproducts.co.uk\/lt\/atstatomasis-veido-tonikas-100ml\/#primaryimage\",\"url\":\"https:\/\/tiandeproducts.co.uk\/wp-content\/uploads\/2016\/04\/15102.png\",\"contentUrl\":\"https:\/\/tiandeproducts.co.uk\/wp-content\/uploads\/2016\/04\/15102.png\",\"width\":700,\"height\":700,\"caption\":\"\\\"Snake Factor\\\" Rejuvenating Facial Tonic,100ml-0\"},{\"@type\":\"BreadcrumbList\",\"@id\":\"https:\/\/tiandeproducts.co.uk\/lt\/atstatomasis-veido-tonikas-100ml\/#breadcrumb\",\"itemListElement\":[{\"@type\":\"ListItem\",\"position\":1,\"name\":\"Home\",\"item\":\"https:\/\/tiandeproducts.co.uk\/lt\/\"},{\"@type\":\"ListItem\",\"position\":2,\"name\":\"Shop\",\"item\":\"https:\/\/tiandeproducts.co.uk\/lt\/shop-2\/\"},{\"@type\":\"ListItem\",\"position\":3,\"name\":\"Atstatomasis veido tonikas, 100ml.\"}]},{\"@type\":\"WebSite\",\"@id\":\"https:\/\/tiandeproducts.co.uk\/#website\",\"url\":\"https:\/\/tiandeproducts.co.uk\/\",\"name\":\"TianDe Online Shop - Beauty & Health\",\"description\":\"Traditional Chinese Medicine\",\"potentialAction\":[{\"@type\":\"SearchAction\",\"target\":{\"@type\":\"EntryPoint\",\"urlTemplate\":\"https:\/\/tiandeproducts.co.uk\/?s={search_term_string}\"},\"query-input\":{\"@type\":\"PropertyValueSpecification\",\"valueRequired\":true,\"valueName\":\"search_term_string\"}}],\"inLanguage\":\"lt-LT\"}]}<\/script>\n<!-- \/ Yoast SEO plugin. -->","yoast_head_json":{"title":"Atstatomasis veido tonikas, 100ml. - TianDe Online Shop - Beauty &amp; Health","robots":{"index":"index","follow":"follow","max-snippet":"max-snippet:-1","max-image-preview":"max-image-preview:large","max-video-preview":"max-video-preview:-1"},"canonical":"https:\/\/tiandeproducts.co.uk\/lt\/atstatomasis-veido-tonikas-100ml\/","og_locale":"lt_LT","og_type":"article","og_title":"Atstatomasis veido tonikas, 100ml. - TianDe Online Shop - Beauty &amp; Health","og_description":"Tonikas \u0161velniai ir \u0161variai nuvalo od\u0105, suteikia jai gaivumo poj\u016bt\u012f, nuramina sudirgusi\u0105 od\u0105. Juo lengvai pa\u0161alinsite makia\u017eo liku\u010dius, sutrauksite poras bei u\u017ebaigsite odos valymo proced\u016br\u0105. Gaivinanti priemon\u0117 akimirksniu atkuria hidrolipidin\u0119 odos mantij\u0105 ir sustabdo dr\u0117gm\u0117s pasi\u0161alinim\u0105 i\u0161 odos. Atstatomasis tonikas stimuliuoja l\u0105steli\u0173 atsinaujinimo procesus, padidina suglebusios odos tonus\u0105, suteikia jai energijos, stiprina. Be paraben\u0173, konservant\u0173 [...]","og_url":"https:\/\/tiandeproducts.co.uk\/lt\/atstatomasis-veido-tonikas-100ml\/","og_site_name":"TianDe Online Shop - Beauty &amp; Health","article_publisher":"https:\/\/www.facebook.com\/tiande.products.england\/","article_modified_time":"2020-02-28T08:13:24+00:00","og_image":[{"width":700,"height":700,"url":"https:\/\/tiandeproducts.co.uk\/wp-content\/uploads\/2016\/04\/15102.png","type":"image\/png"}],"twitter_card":"summary_large_image","twitter_misc":{"Est. reading time":"2 minut\u0117s"},"schema":{"@context":"https:\/\/schema.org","@graph":[{"@type":"WebPage","@id":"https:\/\/tiandeproducts.co.uk\/lt\/atstatomasis-veido-tonikas-100ml\/","url":"https:\/\/tiandeproducts.co.uk\/lt\/atstatomasis-veido-tonikas-100ml\/","name":"Atstatomasis veido tonikas, 100ml. - TianDe Online Shop - Beauty &amp; Health","isPartOf":{"@id":"https:\/\/tiandeproducts.co.uk\/#website"},"primaryImageOfPage":{"@id":"https:\/\/tiandeproducts.co.uk\/lt\/atstatomasis-veido-tonikas-100ml\/#primaryimage"},"image":{"@id":"https:\/\/tiandeproducts.co.uk\/lt\/atstatomasis-veido-tonikas-100ml\/#primaryimage"},"thumbnailUrl":"https:\/\/tiandeproducts.co.uk\/wp-content\/uploads\/2016\/04\/15102.png","datePublished":"2016-04-03T17:33:54+00:00","dateModified":"2020-02-28T08:13:24+00:00","breadcrumb":{"@id":"https:\/\/tiandeproducts.co.uk\/lt\/atstatomasis-veido-tonikas-100ml\/#breadcrumb"},"inLanguage":"lt-LT","potentialAction":[{"@type":"ReadAction","target":["https:\/\/tiandeproducts.co.uk\/lt\/atstatomasis-veido-tonikas-100ml\/"]}]},{"@type":"ImageObject","inLanguage":"lt-LT","@id":"https:\/\/tiandeproducts.co.uk\/lt\/atstatomasis-veido-tonikas-100ml\/#primaryimage","url":"https:\/\/tiandeproducts.co.uk\/wp-content\/uploads\/2016\/04\/15102.png","contentUrl":"https:\/\/tiandeproducts.co.uk\/wp-content\/uploads\/2016\/04\/15102.png","width":700,"height":700,"caption":"\"Snake Factor\" Rejuvenating Facial Tonic,100ml-0"},{"@type":"BreadcrumbList","@id":"https:\/\/tiandeproducts.co.uk\/lt\/atstatomasis-veido-tonikas-100ml\/#breadcrumb","itemListElement":[{"@type":"ListItem","position":1,"name":"Home","item":"https:\/\/tiandeproducts.co.uk\/lt\/"},{"@type":"ListItem","position":2,"name":"Shop","item":"https:\/\/tiandeproducts.co.uk\/lt\/shop-2\/"},{"@type":"ListItem","position":3,"name":"Atstatomasis veido tonikas, 100ml."}]},{"@type":"WebSite","@id":"https:\/\/tiandeproducts.co.uk\/#website","url":"https:\/\/tiandeproducts.co.uk\/","name":"TianDe Online Shop - Beauty & Health","description":"Traditional Chinese Medicine","potentialAction":[{"@type":"SearchAction","target":{"@type":"EntryPoint","urlTemplate":"https:\/\/tiandeproducts.co.uk\/?s={search_term_string}"},"query-input":{"@type":"PropertyValueSpecification","valueRequired":true,"valueName":"search_term_string"}}],"inLanguage":"lt-LT"}]}},"_links":{"self":[{"href":"https:\/\/tiandeproducts.co.uk\/lt\/wp-json\/wp\/v2\/product\/4208","targetHints":{"allow":["GET"]}}],"collection":[{"href":"https:\/\/tiandeproducts.co.uk\/lt\/wp-json\/wp\/v2\/product"}],"about":[{"href":"https:\/\/tiandeproducts.co.uk\/lt\/wp-json\/wp\/v2\/types\/product"}],"replies":[{"embeddable":true,"href":"https:\/\/tiandeproducts.co.uk\/lt\/wp-json\/wp\/v2\/comments?post=4208"}],"wp:featuredmedia":[{"embeddable":true,"href":"https:\/\/tiandeproducts.co.uk\/lt\/wp-json\/wp\/v2\/media\/394"}],"wp:attachment":[{"href":"https:\/\/tiandeproducts.co.uk\/lt\/wp-json\/wp\/v2\/media?parent=4208"}],"wp:term":[{"taxonomy":"product_cat","embeddable":true,"href":"https:\/\/tiandeproducts.co.uk\/lt\/wp-json\/wp\/v2\/product_cat?post=4208"},{"taxonomy":"product_tag","embeddable":true,"href":"https:\/\/tiandeproducts.co.uk\/lt\/wp-json\/wp\/v2\/product_tag?post=4208"}],"curies":[{"name":"wp","href":"https:\/\/api.w.org\/{rel}","templated":true}]}}