{"id":4207,"date":"2016-04-03T18:41:44","date_gmt":"2016-04-03T17:41:44","guid":{"rendered":"https:\/\/tnd.ontesting.co.uk\/kompleksinis-atstatomasis-kremas-veidui-55g\/"},"modified":"2020-02-10T11:11:22","modified_gmt":"2020-02-10T11:11:22","slug":"kompleksinis-atstatomasis-kremas-veidui-55g","status":"publish","type":"product","link":"https:\/\/tiandeproducts.co.uk\/lt\/kompleksinis-atstatomasis-kremas-veidui-55g\/","title":{"rendered":"Kompleksinis atstatomasis kremas veidui, 55g."},"content":{"rendered":"<p>Kremas aktyvina odos med\u017eiag\u0173 apykaitos procesus, l\u0117tina su am\u017eiumi atsirandan\u010di\u0173 odos pakitim\u0173 procesus, naikina pigmentacij\u0105, o naudojant reguliariai, padeda pa\u0161alinti net gilias rauk\u0161les, atstato odos elastingum\u0105 ir stangrum\u0105. Kremas atgaivina, oda tampa atsparesn\u0117 negatyviam i\u0161or\u0117s poveikiui, atrodo sveika ir jaunatvi\u0161ka. Be paraben\u0173, da\u017eikli\u0173 ir mineralini\u0173 aliej\u0173.<\/p>\n<p>\u201eSnake Factor\u201d serijos pagrind\u0105 sudaro gyvat\u0117s Mamu\u0161i taukai, l\u0105steli\u0173 aktyvatorius Brillian &#8211; KS68, vitaminas E ir galingos dr\u0117kinamosios med\u017eiagos \u2013 tai tas aktyvus odos prie\u017ei\u016bros kompleksas, kuris leis ir 40-ies, ir 50-ies ir net 60-ies met\u0173 moterims atrodyti itin jaunatvi\u0161kai.<\/p>\n<p><strong>Naudojimas:<\/strong><br \/>\nAnt \u0161varios, nuvalytos ir tonizuotos odos u\u017etepkite nedidel\u012f kiek\u012f kremo ir sukamaisiais judesiais paskirstykite ant veido ir kaklo odos (i\u0161skyrus paaki\u0173 srit\u012f). Krem\u0105 naudokite vakare.<\/p>\n<p><strong>Veikliosios med\u017eiagos:<\/strong><\/p>\n<p><strong>Gyvat\u0117s Mamu\u0161i (mamushi) taukai<\/strong>\u00a0\u2013 vitamin\u0173 talpykla, kurioje gausu A, D, E, B grup\u0117s vitamin\u0173, kurie kartu su neso\u010diomis riebiosiomis r\u016bg\u0161timis sudaro dvigubo veikimo efekt\u0105. \u0160is puikus derinys atstato net anatomines odos strukt\u016bras ir garantuoja pa\u017eeist\u0173 audini\u0173 funkcionavim\u0105. Polineso\u010diosios r\u016bg\u0161tys Omega &#8211; 3 atsako u\u017e l\u0105steli\u0173 membran\u0173 statyb\u0105, stimuliuoja kolageno ir elastino gamyb\u0105, saugo nuo laisv\u0173j\u0173 radikal\u0173 poveikio ir kenksming\u0173 UV spinduli\u0173.<\/p>\n<p><strong>L\u0105steli\u0173 aktyvatorius Brillian-KS68<\/strong>\u00a0(\u201eanti \u2013 age\u201d kompleksas) praturtintas adenozinu, atstato energetin\u012f l\u0105steli\u0173 potencial\u0105, skatina l\u0105steli\u0173 dauginim\u0105si ir augim\u0105, suaktyvina kolageno ir elastino sintez\u0119, efektyviai apsaugo nuo fotosen\u0117jimo. S\u0105veikaudamas su retinoliu l\u0105steli\u0173 aktyvatorius kelis kartus padidina jo poveik\u012f, o visos sintez\u0117s efektas &#8211; suaktyvinami l\u0105steli\u0173 metabolizmo procesai, kas pagreitina j\u0173 atsinaujinim\u0105, koreguoja rauk\u0161les ir stangrina od\u0105. Brandi oda tampa elastingesn\u0117, lygesn\u0117, \u0161vies\u0117ja pigmentin\u0117s d\u0117m\u0117s.<\/p>\n<p><strong>Hialurono r\u016bg\u0161tis<\/strong>\u00a0&#8211; suteikia liftingo efekt\u0105, didina odos elastingum\u0105, stangrina. Veiklioji med\u017eiaga ant odos pavir\u0161iaus sukuria orui pralaid\u0173 apsaugin\u012f sluoksn\u012f, tai apsaugo nuo dr\u0117gm\u0117s praradimo net gilesnius sluoksnius. Ji efektyviai pagreitina audini\u0173 l\u0105steli\u0173 atsinaujinimo procesus, gerina mikrocirkuliacij\u0105, skatina nauj\u0173 odos l\u0105steli\u0173 dauginim\u0105si, apsaugo nuo i\u0161orini\u0173 pa\u017eeidim\u0173 ir infekcij\u0173, sustiprina odos apsaugin\u012f sluoksn\u012f bei odos imunines savyb\u0117s. \u012edomu. Hialurono r\u016bg\u0161ties molekul\u0117s gali pritraukti ir i\u0161laikyti net ~500 kart\u0173 u\u017e save didesn\u012f kiek\u012f vandens!<\/p>\n<p><strong>Vitaminas E<\/strong>\u00a0turi stiprias antioksidantines savybes, apsaugo nuo UV spinduli\u0173, jaunina, maitina ir dr\u0117kina od\u0105, stiprina epidermio hidrolipidin\u012f barjer\u0105.<\/p>\n<p><strong>Retinolis (vitaminas A)<\/strong>\u00a0\u2013 stiprus antioksidantas, s\u0117kmingai kovojantis su laisvaisiais radikalais. Retinolis suplonina ragin\u012f sluoksn\u012f ir pagreitina epidermio atsinaujinim\u0105, reguliuoja pigmentacij\u0105, normalizuoja riebalini\u0173 liauk\u0173 veikim\u0105.<\/p>\n","protected":false},"excerpt":{"rendered":"<p>Kremas aktyvina odos med\u017eiag\u0173 apykaitos procesus, l\u0117tina su am\u017eiumi atsirandan\u010di\u0173 odos pakitim\u0173 procesus, naikina pigmentacij\u0105, o naudojant reguliariai, padeda pa\u0161alinti net gilias rauk\u0161les, atstato odos elastingum\u0105 ir stangrum\u0105. Kremas atgaivina, oda tampa atsparesn\u0117 negatyviam i\u0161or\u0117s poveikiui, atrodo sveika ir jaunatvi\u0161ka. Be paraben\u0173, da\u017eikli\u0173 ir mineralini\u0173 aliej\u0173. \u201eSnake Factor\u201d serijos pagrind\u0105 sudaro gyvat\u0117s Mamu\u0161i taukai, l\u0105steli\u0173 [&#8230;]\n","protected":false},"featured_media":17314,"comment_status":"closed","ping_status":"closed","template":"","meta":[],"product_cat":[567,612,563,583,603,506],"product_tag":[],"class_list":{"0":"post-4207","1":"product","2":"type-product","3":"status-publish","4":"has-post-thumbnail","6":"product_cat-drekinimas-ir-maitinimas","7":"product_cat-nuo-rauksliu","8":"product_cat-odos-elastngumas","9":"product_cat-pigmentacija","10":"product_cat-snake-factor-lt","11":"product_cat-veidui","13":"first","14":"instock","15":"shipping-taxable","16":"purchasable","17":"product-type-simple"},"yoast_head":"<!-- This site is optimized with the Yoast SEO plugin v23.6 - https:\/\/yoast.com\/wordpress\/plugins\/seo\/ -->\n<title>Kompleksinis atstatomasis kremas veidui, 55g. - TianDe Online Shop - Beauty &amp; Health<\/title>\n<meta name=\"robots\" content=\"index, follow, max-snippet:-1, max-image-preview:large, max-video-preview:-1\" \/>\n<link rel=\"canonical\" href=\"https:\/\/tiandeproducts.co.uk\/lt\/kompleksinis-atstatomasis-kremas-veidui-55g\/\" \/>\n<meta property=\"og:locale\" content=\"lt_LT\" \/>\n<meta property=\"og:type\" content=\"article\" \/>\n<meta property=\"og:title\" content=\"Kompleksinis atstatomasis kremas veidui, 55g. - TianDe Online Shop - Beauty &amp; Health\" \/>\n<meta property=\"og:description\" content=\"Kremas aktyvina odos med\u017eiag\u0173 apykaitos procesus, l\u0117tina su am\u017eiumi atsirandan\u010di\u0173 odos pakitim\u0173 procesus, naikina pigmentacij\u0105, o naudojant reguliariai, padeda pa\u0161alinti net gilias rauk\u0161les, atstato odos elastingum\u0105 ir stangrum\u0105. Kremas atgaivina, oda tampa atsparesn\u0117 negatyviam i\u0161or\u0117s poveikiui, atrodo sveika ir jaunatvi\u0161ka. Be paraben\u0173, da\u017eikli\u0173 ir mineralini\u0173 aliej\u0173. \u201eSnake Factor\u201d serijos pagrind\u0105 sudaro gyvat\u0117s Mamu\u0161i taukai, l\u0105steli\u0173 [...]\" \/>\n<meta property=\"og:url\" content=\"https:\/\/tiandeproducts.co.uk\/lt\/kompleksinis-atstatomasis-kremas-veidui-55g\/\" \/>\n<meta property=\"og:site_name\" content=\"TianDe Online Shop - Beauty &amp; Health\" \/>\n<meta property=\"article:publisher\" content=\"https:\/\/www.facebook.com\/tiande.products.england\/\" \/>\n<meta property=\"article:modified_time\" content=\"2020-02-10T11:11:22+00:00\" \/>\n<meta property=\"og:image\" content=\"https:\/\/tiandeproducts.co.uk\/wp-content\/uploads\/15104.png\" \/>\n\t<meta property=\"og:image:width\" content=\"400\" \/>\n\t<meta property=\"og:image:height\" content=\"400\" \/>\n\t<meta property=\"og:image:type\" content=\"image\/png\" \/>\n<meta name=\"twitter:card\" content=\"summary_large_image\" \/>\n<meta name=\"twitter:label1\" content=\"Est. reading time\" \/>\n\t<meta name=\"twitter:data1\" content=\"2 minut\u0117s\" \/>\n<script type=\"application\/ld+json\" class=\"yoast-schema-graph\">{\"@context\":\"https:\/\/schema.org\",\"@graph\":[{\"@type\":\"WebPage\",\"@id\":\"https:\/\/tiandeproducts.co.uk\/lt\/kompleksinis-atstatomasis-kremas-veidui-55g\/\",\"url\":\"https:\/\/tiandeproducts.co.uk\/lt\/kompleksinis-atstatomasis-kremas-veidui-55g\/\",\"name\":\"Kompleksinis atstatomasis kremas veidui, 55g. - TianDe Online Shop - Beauty &amp; Health\",\"isPartOf\":{\"@id\":\"https:\/\/tiandeproducts.co.uk\/#website\"},\"primaryImageOfPage\":{\"@id\":\"https:\/\/tiandeproducts.co.uk\/lt\/kompleksinis-atstatomasis-kremas-veidui-55g\/#primaryimage\"},\"image\":{\"@id\":\"https:\/\/tiandeproducts.co.uk\/lt\/kompleksinis-atstatomasis-kremas-veidui-55g\/#primaryimage\"},\"thumbnailUrl\":\"https:\/\/tiandeproducts.co.uk\/wp-content\/uploads\/15104.png\",\"datePublished\":\"2016-04-03T17:41:44+00:00\",\"dateModified\":\"2020-02-10T11:11:22+00:00\",\"breadcrumb\":{\"@id\":\"https:\/\/tiandeproducts.co.uk\/lt\/kompleksinis-atstatomasis-kremas-veidui-55g\/#breadcrumb\"},\"inLanguage\":\"lt-LT\",\"potentialAction\":[{\"@type\":\"ReadAction\",\"target\":[\"https:\/\/tiandeproducts.co.uk\/lt\/kompleksinis-atstatomasis-kremas-veidui-55g\/\"]}]},{\"@type\":\"ImageObject\",\"inLanguage\":\"lt-LT\",\"@id\":\"https:\/\/tiandeproducts.co.uk\/lt\/kompleksinis-atstatomasis-kremas-veidui-55g\/#primaryimage\",\"url\":\"https:\/\/tiandeproducts.co.uk\/wp-content\/uploads\/15104.png\",\"contentUrl\":\"https:\/\/tiandeproducts.co.uk\/wp-content\/uploads\/15104.png\",\"width\":400,\"height\":400},{\"@type\":\"BreadcrumbList\",\"@id\":\"https:\/\/tiandeproducts.co.uk\/lt\/kompleksinis-atstatomasis-kremas-veidui-55g\/#breadcrumb\",\"itemListElement\":[{\"@type\":\"ListItem\",\"position\":1,\"name\":\"Home\",\"item\":\"https:\/\/tiandeproducts.co.uk\/lt\/\"},{\"@type\":\"ListItem\",\"position\":2,\"name\":\"Shop\",\"item\":\"https:\/\/tiandeproducts.co.uk\/lt\/shop-2\/\"},{\"@type\":\"ListItem\",\"position\":3,\"name\":\"Kompleksinis atstatomasis kremas veidui, 55g.\"}]},{\"@type\":\"WebSite\",\"@id\":\"https:\/\/tiandeproducts.co.uk\/#website\",\"url\":\"https:\/\/tiandeproducts.co.uk\/\",\"name\":\"TianDe Online Shop - Beauty & Health\",\"description\":\"Traditional Chinese Medicine\",\"potentialAction\":[{\"@type\":\"SearchAction\",\"target\":{\"@type\":\"EntryPoint\",\"urlTemplate\":\"https:\/\/tiandeproducts.co.uk\/?s={search_term_string}\"},\"query-input\":{\"@type\":\"PropertyValueSpecification\",\"valueRequired\":true,\"valueName\":\"search_term_string\"}}],\"inLanguage\":\"lt-LT\"}]}<\/script>\n<!-- \/ Yoast SEO plugin. -->","yoast_head_json":{"title":"Kompleksinis atstatomasis kremas veidui, 55g. - TianDe Online Shop - Beauty &amp; Health","robots":{"index":"index","follow":"follow","max-snippet":"max-snippet:-1","max-image-preview":"max-image-preview:large","max-video-preview":"max-video-preview:-1"},"canonical":"https:\/\/tiandeproducts.co.uk\/lt\/kompleksinis-atstatomasis-kremas-veidui-55g\/","og_locale":"lt_LT","og_type":"article","og_title":"Kompleksinis atstatomasis kremas veidui, 55g. - TianDe Online Shop - Beauty &amp; Health","og_description":"Kremas aktyvina odos med\u017eiag\u0173 apykaitos procesus, l\u0117tina su am\u017eiumi atsirandan\u010di\u0173 odos pakitim\u0173 procesus, naikina pigmentacij\u0105, o naudojant reguliariai, padeda pa\u0161alinti net gilias rauk\u0161les, atstato odos elastingum\u0105 ir stangrum\u0105. Kremas atgaivina, oda tampa atsparesn\u0117 negatyviam i\u0161or\u0117s poveikiui, atrodo sveika ir jaunatvi\u0161ka. Be paraben\u0173, da\u017eikli\u0173 ir mineralini\u0173 aliej\u0173. \u201eSnake Factor\u201d serijos pagrind\u0105 sudaro gyvat\u0117s Mamu\u0161i taukai, l\u0105steli\u0173 [...]","og_url":"https:\/\/tiandeproducts.co.uk\/lt\/kompleksinis-atstatomasis-kremas-veidui-55g\/","og_site_name":"TianDe Online Shop - Beauty &amp; Health","article_publisher":"https:\/\/www.facebook.com\/tiande.products.england\/","article_modified_time":"2020-02-10T11:11:22+00:00","og_image":[{"width":400,"height":400,"url":"https:\/\/tiandeproducts.co.uk\/wp-content\/uploads\/15104.png","type":"image\/png"}],"twitter_card":"summary_large_image","twitter_misc":{"Est. reading time":"2 minut\u0117s"},"schema":{"@context":"https:\/\/schema.org","@graph":[{"@type":"WebPage","@id":"https:\/\/tiandeproducts.co.uk\/lt\/kompleksinis-atstatomasis-kremas-veidui-55g\/","url":"https:\/\/tiandeproducts.co.uk\/lt\/kompleksinis-atstatomasis-kremas-veidui-55g\/","name":"Kompleksinis atstatomasis kremas veidui, 55g. - TianDe Online Shop - Beauty &amp; Health","isPartOf":{"@id":"https:\/\/tiandeproducts.co.uk\/#website"},"primaryImageOfPage":{"@id":"https:\/\/tiandeproducts.co.uk\/lt\/kompleksinis-atstatomasis-kremas-veidui-55g\/#primaryimage"},"image":{"@id":"https:\/\/tiandeproducts.co.uk\/lt\/kompleksinis-atstatomasis-kremas-veidui-55g\/#primaryimage"},"thumbnailUrl":"https:\/\/tiandeproducts.co.uk\/wp-content\/uploads\/15104.png","datePublished":"2016-04-03T17:41:44+00:00","dateModified":"2020-02-10T11:11:22+00:00","breadcrumb":{"@id":"https:\/\/tiandeproducts.co.uk\/lt\/kompleksinis-atstatomasis-kremas-veidui-55g\/#breadcrumb"},"inLanguage":"lt-LT","potentialAction":[{"@type":"ReadAction","target":["https:\/\/tiandeproducts.co.uk\/lt\/kompleksinis-atstatomasis-kremas-veidui-55g\/"]}]},{"@type":"ImageObject","inLanguage":"lt-LT","@id":"https:\/\/tiandeproducts.co.uk\/lt\/kompleksinis-atstatomasis-kremas-veidui-55g\/#primaryimage","url":"https:\/\/tiandeproducts.co.uk\/wp-content\/uploads\/15104.png","contentUrl":"https:\/\/tiandeproducts.co.uk\/wp-content\/uploads\/15104.png","width":400,"height":400},{"@type":"BreadcrumbList","@id":"https:\/\/tiandeproducts.co.uk\/lt\/kompleksinis-atstatomasis-kremas-veidui-55g\/#breadcrumb","itemListElement":[{"@type":"ListItem","position":1,"name":"Home","item":"https:\/\/tiandeproducts.co.uk\/lt\/"},{"@type":"ListItem","position":2,"name":"Shop","item":"https:\/\/tiandeproducts.co.uk\/lt\/shop-2\/"},{"@type":"ListItem","position":3,"name":"Kompleksinis atstatomasis kremas veidui, 55g."}]},{"@type":"WebSite","@id":"https:\/\/tiandeproducts.co.uk\/#website","url":"https:\/\/tiandeproducts.co.uk\/","name":"TianDe Online Shop - Beauty & Health","description":"Traditional Chinese Medicine","potentialAction":[{"@type":"SearchAction","target":{"@type":"EntryPoint","urlTemplate":"https:\/\/tiandeproducts.co.uk\/?s={search_term_string}"},"query-input":{"@type":"PropertyValueSpecification","valueRequired":true,"valueName":"search_term_string"}}],"inLanguage":"lt-LT"}]}},"_links":{"self":[{"href":"https:\/\/tiandeproducts.co.uk\/lt\/wp-json\/wp\/v2\/product\/4207","targetHints":{"allow":["GET"]}}],"collection":[{"href":"https:\/\/tiandeproducts.co.uk\/lt\/wp-json\/wp\/v2\/product"}],"about":[{"href":"https:\/\/tiandeproducts.co.uk\/lt\/wp-json\/wp\/v2\/types\/product"}],"replies":[{"embeddable":true,"href":"https:\/\/tiandeproducts.co.uk\/lt\/wp-json\/wp\/v2\/comments?post=4207"}],"wp:featuredmedia":[{"embeddable":true,"href":"https:\/\/tiandeproducts.co.uk\/lt\/wp-json\/wp\/v2\/media\/17314"}],"wp:attachment":[{"href":"https:\/\/tiandeproducts.co.uk\/lt\/wp-json\/wp\/v2\/media?parent=4207"}],"wp:term":[{"taxonomy":"product_cat","embeddable":true,"href":"https:\/\/tiandeproducts.co.uk\/lt\/wp-json\/wp\/v2\/product_cat?post=4207"},{"taxonomy":"product_tag","embeddable":true,"href":"https:\/\/tiandeproducts.co.uk\/lt\/wp-json\/wp\/v2\/product_tag?post=4207"}],"curies":[{"name":"wp","href":"https:\/\/api.w.org\/{rel}","templated":true}]}}