{"id":4203,"date":"2016-04-03T18:56:46","date_gmt":"2016-04-03T17:56:46","guid":{"rendered":"https:\/\/tnd.ontesting.co.uk\/aktyvus-gelis-nuo-rauksliu-odai-aplink-akis-25g\/"},"modified":"2019-09-28T10:22:14","modified_gmt":"2019-09-28T09:22:14","slug":"aktyvus-gelis-nuo-rauksliu-odai-aplink-akis-25g","status":"publish","type":"product","link":"https:\/\/tiandeproducts.co.uk\/lt\/aktyvus-gelis-nuo-rauksliu-odai-aplink-akis-25g\/","title":{"rendered":"Aktyvus gelis nuo rauk\u0161li\u0173 odai aplink akis, 25g."},"content":{"rendered":"<p>Regeneruojamasis gelis apsaugo jautri\u0105 ir \u0161velni\u0105 vok\u0173 ir paaki\u0173 od\u0105, aktyvina kolageno gamyb\u0105 ir pastebimai patempia od\u0105, lygina rauk\u0161les. Priemon\u0117 giliai maitina ir dr\u0117kina odos l\u0105steles, pagreitina metabolizmo procesus, suteikia elastingumo, saugo nuo negatyvaus laisv\u0173j\u0173 radikal\u0173 poveikio. Be paraben\u0173, konservant\u0173 ir mineralini\u0173 aliej\u0173.<\/p>\n<p>\u201eSnake Factor\u201d serijos pagrind\u0105 sudaro gyvat\u0117s Mamu\u0161i taukai, l\u0105steli\u0173 aktyvatorius Brillian &#8211; KS68, vitaminas E ir galingos dr\u0117kinamosios med\u017eiagos \u2013 tai tas aktyvus odos prie\u017ei\u016bros kompleksas, kuris leis ir 40-ies, ir 50-ies ir net 60-ies met\u0173 moterims atrodyti itin jaunatvi\u0161kai.<\/p>\n<p><strong>Naudojimas:<\/strong><br \/>\nMa\u017e\u0105 kiek\u012f kremo \u0161velniai patepkite (tap\u0161nokite, nemasa\u017euokite) od\u0105 aplink akis. Naudokite ryte ir vakare ant \u0161varios, nuvalytos odos.<\/p>\n<p><strong>Veikliosios med\u017eiagos:<\/strong><\/p>\n<p><strong>L\u0105steli\u0173 aktyvatorius Brillian-KS68<\/strong>\u00a0(\u201eanti \u2013 age\u201d kompleksas) \u2013 atstato energetin\u012f l\u0105steli\u0173 potencial\u0105, skatina l\u0105steli\u0173 dauginim\u0105si ir augim\u0105, suaktyvina kolageno ir elastino sintez\u0119, efektyviai apsaugo nuo fotosen\u0117jimo. S\u0105veikaudamas su retinoliu l\u0105steli\u0173 aktyvatorius kelis kartus padidina jo poveik\u012f, o visos sintez\u0117s efektas &#8211; suaktyvinami l\u0105steli\u0173 metabolizmo procesai, kas pagreitina j\u0173 atsinaujinim\u0105, koreguoja rauk\u0161les ir stangrina od\u0105. Brandi oda tampa elastingesn\u0117, lygesn\u0117, \u0161vies\u0117ja pigmentin\u0117s d\u0117m\u0117s.<\/p>\n<p><strong>Hialurono r\u016bg\u0161tis<\/strong>\u00a0suteikia liftingo efekt\u0105, didina odos elastingum\u0105, stangrina. Veiklioji med\u017eiaga ant odos pavir\u0161iaus sukuria orui pralaid\u0173 apsaugin\u012f sluoksn\u012f, tai apsaugo nuo dr\u0117gm\u0117s praradimo net gilesnius sluoksnius. Ji efektyviai pagreitina audini\u0173 l\u0105steli\u0173 atsinaujinimo procesus, gerina mikrocirkuliacij\u0105, skatina nauj\u0173 odos l\u0105steli\u0173 dauginim\u0105si, apsaugo nuo i\u0161orini\u0173 pa\u017eeidim\u0173 ir infekcij\u0173, sustiprina odos apsaugin\u012f sluoksn\u012f bei odos imunines savyb\u0117s.<\/p>\n<p>\u012edomu, kad hialurono r\u016bg\u0161ties molekul\u0117s gali pritraukti ir i\u0161laikyti net ~500 kart\u0173 u\u017e save didesn\u012f kiek\u012f vandens!<\/p>\n<p><strong>Pantenolis (provitaminas B5)<\/strong>\u00a0&#8211; dermatoprotektorius &#8211; skatina audini\u0173 regeneracij\u0105, efektyviai ir greitai panaikina odos sudirgimus, veikia od\u0105 kaip dr\u0117kiklis, apsaugo j\u0105 nuo kenksmingo aplinkos poveikio.<\/p>\n<p><strong>Retinolis (vitaminas A)<\/strong>\u00a0\u2013 stiprus antioksidantas, s\u0117kmingai kovojantis su laisvaisiais radikalais. Retinolis suplonina ragin\u012f sluoksn\u012f ir pagreitina epidermio atsinaujinim\u0105, reguliuoja pigmentacij\u0105, normalizuoja riebalini\u0173 liauk\u0173 veikim\u0105.<\/p>\n<p><strong>Adenozinas<\/strong>\u00a0ramina, pasi\u017eymi prie\u0161u\u017edegiminiu poveikiu, suteikia energijos, palaiko sveik\u0105 l\u0105steli\u0173 veikl\u0105, lygina rauk\u0161leles, skatina odos atsinaujinimo procesus.<\/p>\n","protected":false},"excerpt":{"rendered":"<p>Regeneruojamasis gelis apsaugo jautri\u0105 ir \u0161velni\u0105 vok\u0173 ir paaki\u0173 od\u0105, aktyvina kolageno gamyb\u0105 ir pastebimai patempia od\u0105, lygina rauk\u0161les. Priemon\u0117 giliai maitina ir dr\u0117kina odos l\u0105steles, pagreitina metabolizmo procesus, suteikia elastingumo, saugo nuo negatyvaus laisv\u0173j\u0173 radikal\u0173 poveikio. Be paraben\u0173, konservant\u0173 ir mineralini\u0173 aliej\u0173. \u201eSnake Factor\u201d serijos pagrind\u0105 sudaro gyvat\u0117s Mamu\u0161i taukai, l\u0105steli\u0173 aktyvatorius Brillian &#8211; [&#8230;]\n","protected":false},"featured_media":409,"comment_status":"closed","ping_status":"closed","template":"","meta":[],"product_cat":[560,559,603,506],"product_tag":[],"class_list":{"0":"post-4203","1":"product","2":"type-product","3":"status-publish","4":"has-post-thumbnail","6":"product_cat-paakiu-kremaiserumai","7":"product_cat-paakiu-odos-prieziura","8":"product_cat-snake-factor-lt","9":"product_cat-veidui","11":"first","12":"instock","13":"shipping-taxable","14":"purchasable","15":"product-type-simple"},"yoast_head":"<!-- This site is optimized with the Yoast SEO plugin v23.6 - https:\/\/yoast.com\/wordpress\/plugins\/seo\/ -->\n<title>Aktyvus gelis nuo rauk\u0161li\u0173 odai aplink akis, 25g. - TianDe Online Shop - Beauty &amp; Health<\/title>\n<meta name=\"robots\" content=\"index, follow, max-snippet:-1, max-image-preview:large, max-video-preview:-1\" \/>\n<link rel=\"canonical\" href=\"https:\/\/tiandeproducts.co.uk\/lt\/aktyvus-gelis-nuo-rauksliu-odai-aplink-akis-25g\/\" \/>\n<meta property=\"og:locale\" content=\"lt_LT\" \/>\n<meta property=\"og:type\" content=\"article\" \/>\n<meta property=\"og:title\" content=\"Aktyvus gelis nuo rauk\u0161li\u0173 odai aplink akis, 25g. - TianDe Online Shop - Beauty &amp; Health\" \/>\n<meta property=\"og:description\" content=\"Regeneruojamasis gelis apsaugo jautri\u0105 ir \u0161velni\u0105 vok\u0173 ir paaki\u0173 od\u0105, aktyvina kolageno gamyb\u0105 ir pastebimai patempia od\u0105, lygina rauk\u0161les. Priemon\u0117 giliai maitina ir dr\u0117kina odos l\u0105steles, pagreitina metabolizmo procesus, suteikia elastingumo, saugo nuo negatyvaus laisv\u0173j\u0173 radikal\u0173 poveikio. Be paraben\u0173, konservant\u0173 ir mineralini\u0173 aliej\u0173. \u201eSnake Factor\u201d serijos pagrind\u0105 sudaro gyvat\u0117s Mamu\u0161i taukai, l\u0105steli\u0173 aktyvatorius Brillian &#8211; [...]\" \/>\n<meta property=\"og:url\" content=\"https:\/\/tiandeproducts.co.uk\/lt\/aktyvus-gelis-nuo-rauksliu-odai-aplink-akis-25g\/\" \/>\n<meta property=\"og:site_name\" content=\"TianDe Online Shop - Beauty &amp; Health\" \/>\n<meta property=\"article:publisher\" content=\"https:\/\/www.facebook.com\/tiande.products.england\/\" \/>\n<meta property=\"article:modified_time\" content=\"2019-09-28T09:22:14+00:00\" \/>\n<meta property=\"og:image\" content=\"https:\/\/tiandeproducts.co.uk\/wp-content\/uploads\/2016\/04\/15105.png\" \/>\n\t<meta property=\"og:image:width\" content=\"700\" \/>\n\t<meta property=\"og:image:height\" content=\"700\" \/>\n\t<meta property=\"og:image:type\" content=\"image\/png\" \/>\n<meta name=\"twitter:card\" content=\"summary_large_image\" \/>\n<meta name=\"twitter:label1\" content=\"Est. reading time\" \/>\n\t<meta name=\"twitter:data1\" content=\"2 minut\u0117s\" \/>\n<script type=\"application\/ld+json\" class=\"yoast-schema-graph\">{\"@context\":\"https:\/\/schema.org\",\"@graph\":[{\"@type\":\"WebPage\",\"@id\":\"https:\/\/tiandeproducts.co.uk\/lt\/aktyvus-gelis-nuo-rauksliu-odai-aplink-akis-25g\/\",\"url\":\"https:\/\/tiandeproducts.co.uk\/lt\/aktyvus-gelis-nuo-rauksliu-odai-aplink-akis-25g\/\",\"name\":\"Aktyvus gelis nuo rauk\u0161li\u0173 odai aplink akis, 25g. - TianDe Online Shop - Beauty &amp; Health\",\"isPartOf\":{\"@id\":\"https:\/\/tiandeproducts.co.uk\/#website\"},\"primaryImageOfPage\":{\"@id\":\"https:\/\/tiandeproducts.co.uk\/lt\/aktyvus-gelis-nuo-rauksliu-odai-aplink-akis-25g\/#primaryimage\"},\"image\":{\"@id\":\"https:\/\/tiandeproducts.co.uk\/lt\/aktyvus-gelis-nuo-rauksliu-odai-aplink-akis-25g\/#primaryimage\"},\"thumbnailUrl\":\"https:\/\/tiandeproducts.co.uk\/wp-content\/uploads\/2016\/04\/15105.png\",\"datePublished\":\"2016-04-03T17:56:46+00:00\",\"dateModified\":\"2019-09-28T09:22:14+00:00\",\"breadcrumb\":{\"@id\":\"https:\/\/tiandeproducts.co.uk\/lt\/aktyvus-gelis-nuo-rauksliu-odai-aplink-akis-25g\/#breadcrumb\"},\"inLanguage\":\"lt-LT\",\"potentialAction\":[{\"@type\":\"ReadAction\",\"target\":[\"https:\/\/tiandeproducts.co.uk\/lt\/aktyvus-gelis-nuo-rauksliu-odai-aplink-akis-25g\/\"]}]},{\"@type\":\"ImageObject\",\"inLanguage\":\"lt-LT\",\"@id\":\"https:\/\/tiandeproducts.co.uk\/lt\/aktyvus-gelis-nuo-rauksliu-odai-aplink-akis-25g\/#primaryimage\",\"url\":\"https:\/\/tiandeproducts.co.uk\/wp-content\/uploads\/2016\/04\/15105.png\",\"contentUrl\":\"https:\/\/tiandeproducts.co.uk\/wp-content\/uploads\/2016\/04\/15105.png\",\"width\":700,\"height\":700,\"caption\":\"\\\"Snake Factor\\\" Eye Wrinkle Smoothing Active Gel,25 g-0\"},{\"@type\":\"BreadcrumbList\",\"@id\":\"https:\/\/tiandeproducts.co.uk\/lt\/aktyvus-gelis-nuo-rauksliu-odai-aplink-akis-25g\/#breadcrumb\",\"itemListElement\":[{\"@type\":\"ListItem\",\"position\":1,\"name\":\"Home\",\"item\":\"https:\/\/tiandeproducts.co.uk\/lt\/\"},{\"@type\":\"ListItem\",\"position\":2,\"name\":\"Shop\",\"item\":\"https:\/\/tiandeproducts.co.uk\/lt\/shop-2\/\"},{\"@type\":\"ListItem\",\"position\":3,\"name\":\"Aktyvus gelis nuo rauk\u0161li\u0173 odai aplink akis, 25g.\"}]},{\"@type\":\"WebSite\",\"@id\":\"https:\/\/tiandeproducts.co.uk\/#website\",\"url\":\"https:\/\/tiandeproducts.co.uk\/\",\"name\":\"TianDe Online Shop - Beauty & Health\",\"description\":\"Traditional Chinese Medicine\",\"potentialAction\":[{\"@type\":\"SearchAction\",\"target\":{\"@type\":\"EntryPoint\",\"urlTemplate\":\"https:\/\/tiandeproducts.co.uk\/?s={search_term_string}\"},\"query-input\":{\"@type\":\"PropertyValueSpecification\",\"valueRequired\":true,\"valueName\":\"search_term_string\"}}],\"inLanguage\":\"lt-LT\"}]}<\/script>\n<!-- \/ Yoast SEO plugin. -->","yoast_head_json":{"title":"Aktyvus gelis nuo rauk\u0161li\u0173 odai aplink akis, 25g. - TianDe Online Shop - Beauty &amp; Health","robots":{"index":"index","follow":"follow","max-snippet":"max-snippet:-1","max-image-preview":"max-image-preview:large","max-video-preview":"max-video-preview:-1"},"canonical":"https:\/\/tiandeproducts.co.uk\/lt\/aktyvus-gelis-nuo-rauksliu-odai-aplink-akis-25g\/","og_locale":"lt_LT","og_type":"article","og_title":"Aktyvus gelis nuo rauk\u0161li\u0173 odai aplink akis, 25g. - TianDe Online Shop - Beauty &amp; Health","og_description":"Regeneruojamasis gelis apsaugo jautri\u0105 ir \u0161velni\u0105 vok\u0173 ir paaki\u0173 od\u0105, aktyvina kolageno gamyb\u0105 ir pastebimai patempia od\u0105, lygina rauk\u0161les. Priemon\u0117 giliai maitina ir dr\u0117kina odos l\u0105steles, pagreitina metabolizmo procesus, suteikia elastingumo, saugo nuo negatyvaus laisv\u0173j\u0173 radikal\u0173 poveikio. Be paraben\u0173, konservant\u0173 ir mineralini\u0173 aliej\u0173. \u201eSnake Factor\u201d serijos pagrind\u0105 sudaro gyvat\u0117s Mamu\u0161i taukai, l\u0105steli\u0173 aktyvatorius Brillian &#8211; [...]","og_url":"https:\/\/tiandeproducts.co.uk\/lt\/aktyvus-gelis-nuo-rauksliu-odai-aplink-akis-25g\/","og_site_name":"TianDe Online Shop - Beauty &amp; Health","article_publisher":"https:\/\/www.facebook.com\/tiande.products.england\/","article_modified_time":"2019-09-28T09:22:14+00:00","og_image":[{"width":700,"height":700,"url":"https:\/\/tiandeproducts.co.uk\/wp-content\/uploads\/2016\/04\/15105.png","type":"image\/png"}],"twitter_card":"summary_large_image","twitter_misc":{"Est. reading time":"2 minut\u0117s"},"schema":{"@context":"https:\/\/schema.org","@graph":[{"@type":"WebPage","@id":"https:\/\/tiandeproducts.co.uk\/lt\/aktyvus-gelis-nuo-rauksliu-odai-aplink-akis-25g\/","url":"https:\/\/tiandeproducts.co.uk\/lt\/aktyvus-gelis-nuo-rauksliu-odai-aplink-akis-25g\/","name":"Aktyvus gelis nuo rauk\u0161li\u0173 odai aplink akis, 25g. - TianDe Online Shop - Beauty &amp; Health","isPartOf":{"@id":"https:\/\/tiandeproducts.co.uk\/#website"},"primaryImageOfPage":{"@id":"https:\/\/tiandeproducts.co.uk\/lt\/aktyvus-gelis-nuo-rauksliu-odai-aplink-akis-25g\/#primaryimage"},"image":{"@id":"https:\/\/tiandeproducts.co.uk\/lt\/aktyvus-gelis-nuo-rauksliu-odai-aplink-akis-25g\/#primaryimage"},"thumbnailUrl":"https:\/\/tiandeproducts.co.uk\/wp-content\/uploads\/2016\/04\/15105.png","datePublished":"2016-04-03T17:56:46+00:00","dateModified":"2019-09-28T09:22:14+00:00","breadcrumb":{"@id":"https:\/\/tiandeproducts.co.uk\/lt\/aktyvus-gelis-nuo-rauksliu-odai-aplink-akis-25g\/#breadcrumb"},"inLanguage":"lt-LT","potentialAction":[{"@type":"ReadAction","target":["https:\/\/tiandeproducts.co.uk\/lt\/aktyvus-gelis-nuo-rauksliu-odai-aplink-akis-25g\/"]}]},{"@type":"ImageObject","inLanguage":"lt-LT","@id":"https:\/\/tiandeproducts.co.uk\/lt\/aktyvus-gelis-nuo-rauksliu-odai-aplink-akis-25g\/#primaryimage","url":"https:\/\/tiandeproducts.co.uk\/wp-content\/uploads\/2016\/04\/15105.png","contentUrl":"https:\/\/tiandeproducts.co.uk\/wp-content\/uploads\/2016\/04\/15105.png","width":700,"height":700,"caption":"\"Snake Factor\" Eye Wrinkle Smoothing Active Gel,25 g-0"},{"@type":"BreadcrumbList","@id":"https:\/\/tiandeproducts.co.uk\/lt\/aktyvus-gelis-nuo-rauksliu-odai-aplink-akis-25g\/#breadcrumb","itemListElement":[{"@type":"ListItem","position":1,"name":"Home","item":"https:\/\/tiandeproducts.co.uk\/lt\/"},{"@type":"ListItem","position":2,"name":"Shop","item":"https:\/\/tiandeproducts.co.uk\/lt\/shop-2\/"},{"@type":"ListItem","position":3,"name":"Aktyvus gelis nuo rauk\u0161li\u0173 odai aplink akis, 25g."}]},{"@type":"WebSite","@id":"https:\/\/tiandeproducts.co.uk\/#website","url":"https:\/\/tiandeproducts.co.uk\/","name":"TianDe Online Shop - Beauty & Health","description":"Traditional Chinese Medicine","potentialAction":[{"@type":"SearchAction","target":{"@type":"EntryPoint","urlTemplate":"https:\/\/tiandeproducts.co.uk\/?s={search_term_string}"},"query-input":{"@type":"PropertyValueSpecification","valueRequired":true,"valueName":"search_term_string"}}],"inLanguage":"lt-LT"}]}},"_links":{"self":[{"href":"https:\/\/tiandeproducts.co.uk\/lt\/wp-json\/wp\/v2\/product\/4203","targetHints":{"allow":["GET"]}}],"collection":[{"href":"https:\/\/tiandeproducts.co.uk\/lt\/wp-json\/wp\/v2\/product"}],"about":[{"href":"https:\/\/tiandeproducts.co.uk\/lt\/wp-json\/wp\/v2\/types\/product"}],"replies":[{"embeddable":true,"href":"https:\/\/tiandeproducts.co.uk\/lt\/wp-json\/wp\/v2\/comments?post=4203"}],"wp:featuredmedia":[{"embeddable":true,"href":"https:\/\/tiandeproducts.co.uk\/lt\/wp-json\/wp\/v2\/media\/409"}],"wp:attachment":[{"href":"https:\/\/tiandeproducts.co.uk\/lt\/wp-json\/wp\/v2\/media?parent=4203"}],"wp:term":[{"taxonomy":"product_cat","embeddable":true,"href":"https:\/\/tiandeproducts.co.uk\/lt\/wp-json\/wp\/v2\/product_cat?post=4203"},{"taxonomy":"product_tag","embeddable":true,"href":"https:\/\/tiandeproducts.co.uk\/lt\/wp-json\/wp\/v2\/product_tag?post=4203"}],"curies":[{"name":"wp","href":"https:\/\/api.w.org\/{rel}","templated":true}]}}