{"id":4201,"date":"2016-04-04T19:26:51","date_gmt":"2016-04-04T18:26:51","guid":{"rendered":"https:\/\/tnd.ontesting.co.uk\/spa-pirstine-kunui-1vnt\/"},"modified":"2020-02-07T10:13:13","modified_gmt":"2020-02-07T10:13:13","slug":"spa-pirstine-kunui-1vnt","status":"publish","type":"product","link":"https:\/\/tiandeproducts.co.uk\/lt\/spa-pirstine-kunui-1vnt\/","title":{"rendered":"SPA pir\u0161tin\u0117 k\u016bnui, 1vnt."},"content":{"rendered":"<p>Daugiafunkc\u0117, speciali, gr\u016bd\u0117tos tekst\u016bros pir\u0161tin\u0117 kruop\u0161\u010diai ir \u0161velniai pa\u0161alina ragin\u012f epidermio sluoksn\u012f, lygina, masa\u017euoja, ma\u017eina \u201eapelsino \u017eievel\u0117s\u201c efekt\u0105, paruo\u0161ia od\u0105 deginimuisi ant saul\u0117s. Po \u0161veitimo proced\u016bros oda tampa \u0161velni, elastinga, lengviau kv\u0117puoja, o kitos kosmetikos priemon\u0117s \u012fsisavinamos dvigubai grei\u010diau ir efektyviau.<\/p>\n<p>Pir\u0161tin\u0117 pagaminta i\u0161 celiulioz\u0117s, kuri lengvai valo ir nu\u0161vei\u010dia od\u0105, greitai sugeria vanden\u012f, efektyviai putoja naudojant su kitomis priemon\u0117mis. Lankstus rankogalis leid\u017eia laisvai jud\u0117ti rie\u0161ui, \u0161veitimo proced\u016bra tampa maksimaliai patogi ir paprasta.<\/p>\n<p><strong>Naudojimas:<br \/>\n<\/strong>\u0160veiskite kryptimi nuo apa\u010dios \u012f vir\u0161\u0173 &#8211; sukamaisiais judesiais nuo pla\u0161tak\u0173 iki pe\u010di\u0173 ir nuo koj\u0173 p\u0117d\u0173 iki klub\u0173, po to masa\u017euokite kr\u016btin\u0119, pilv\u0105 ir nugar\u0105. Rekomenduojama proced\u016br\u0105 atlikti ne daugiau nei 1 kart\u0105 per savait\u0119. Prie\u0161 pirm\u0105 naudojim\u0105 i\u0161plaukite. Gaminys susitrauks. Po kiekvieno naudojimo pir\u0161tin\u0119 kruop\u0161\u010diai i\u0161skalaukite ir i\u0161d\u017eiovinkite.<\/p>\n<p>&nbsp;<\/p>\n","protected":false},"excerpt":{"rendered":"<p>Daugiafunkc\u0117, speciali, gr\u016bd\u0117tos tekst\u016bros pir\u0161tin\u0117 kruop\u0161\u010diai ir \u0161velniai pa\u0161alina ragin\u012f epidermio sluoksn\u012f, lygina, masa\u017euoja, ma\u017eina \u201eapelsino \u017eievel\u0117s\u201c efekt\u0105, paruo\u0161ia od\u0105 deginimuisi ant saul\u0117s. Po \u0161veitimo proced\u016bros oda tampa \u0161velni, elastinga, lengviau kv\u0117puoja, o kitos kosmetikos priemon\u0117s \u012fsisavinamos dvigubai grei\u010diau ir efektyviau. Pir\u0161tin\u0117 pagaminta i\u0161 celiulioz\u0117s, kuri lengvai valo ir nu\u0161vei\u010dia od\u0105, greitai sugeria vanden\u012f, efektyviai [&#8230;]\n","protected":false},"featured_media":3543,"comment_status":"closed","ping_status":"closed","template":"","meta":[],"product_cat":[461,507,497,488,510],"product_tag":[],"class_list":{"0":"post-4201","1":"product","2":"type-product","3":"status-publish","4":"has-post-thumbnail","6":"product_cat-aksesuarai","7":"product_cat-anti-celiulitine-programa","8":"product_cat-kunui","9":"product_cat-odos-valymas","10":"product_cat-prausimosi-geliai","12":"first","13":"instock","14":"shipping-taxable","15":"purchasable","16":"product-type-simple"},"yoast_head":"<!-- This site is optimized with the Yoast SEO plugin v23.6 - https:\/\/yoast.com\/wordpress\/plugins\/seo\/ -->\n<title>SPA pir\u0161tin\u0117 k\u016bnui, 1vnt. - TianDe Online Shop - Beauty &amp; Health<\/title>\n<meta name=\"robots\" content=\"index, follow, max-snippet:-1, max-image-preview:large, max-video-preview:-1\" \/>\n<link rel=\"canonical\" href=\"https:\/\/tiandeproducts.co.uk\/lt\/spa-pirstine-kunui-1vnt\/\" \/>\n<meta property=\"og:locale\" content=\"lt_LT\" \/>\n<meta property=\"og:type\" content=\"article\" \/>\n<meta property=\"og:title\" content=\"SPA pir\u0161tin\u0117 k\u016bnui, 1vnt. - TianDe Online Shop - Beauty &amp; Health\" \/>\n<meta property=\"og:description\" content=\"Daugiafunkc\u0117, speciali, gr\u016bd\u0117tos tekst\u016bros pir\u0161tin\u0117 kruop\u0161\u010diai ir \u0161velniai pa\u0161alina ragin\u012f epidermio sluoksn\u012f, lygina, masa\u017euoja, ma\u017eina \u201eapelsino \u017eievel\u0117s\u201c efekt\u0105, paruo\u0161ia od\u0105 deginimuisi ant saul\u0117s. Po \u0161veitimo proced\u016bros oda tampa \u0161velni, elastinga, lengviau kv\u0117puoja, o kitos kosmetikos priemon\u0117s \u012fsisavinamos dvigubai grei\u010diau ir efektyviau. Pir\u0161tin\u0117 pagaminta i\u0161 celiulioz\u0117s, kuri lengvai valo ir nu\u0161vei\u010dia od\u0105, greitai sugeria vanden\u012f, efektyviai [...]\" \/>\n<meta property=\"og:url\" content=\"https:\/\/tiandeproducts.co.uk\/lt\/spa-pirstine-kunui-1vnt\/\" \/>\n<meta property=\"og:site_name\" content=\"TianDe Online Shop - Beauty &amp; Health\" \/>\n<meta property=\"article:publisher\" content=\"https:\/\/www.facebook.com\/tiande.products.england\/\" \/>\n<meta property=\"article:modified_time\" content=\"2020-02-07T10:13:13+00:00\" \/>\n<meta property=\"og:image\" content=\"https:\/\/tiandeproducts.co.uk\/wp-content\/uploads\/90155.png\" \/>\n\t<meta property=\"og:image:width\" content=\"700\" \/>\n\t<meta property=\"og:image:height\" content=\"700\" \/>\n\t<meta property=\"og:image:type\" content=\"image\/png\" \/>\n<meta name=\"twitter:card\" content=\"summary_large_image\" \/>\n<meta name=\"twitter:label1\" content=\"Est. reading time\" \/>\n\t<meta name=\"twitter:data1\" content=\"1 minut\u0117\" \/>\n<script type=\"application\/ld+json\" class=\"yoast-schema-graph\">{\"@context\":\"https:\/\/schema.org\",\"@graph\":[{\"@type\":\"WebPage\",\"@id\":\"https:\/\/tiandeproducts.co.uk\/lt\/spa-pirstine-kunui-1vnt\/\",\"url\":\"https:\/\/tiandeproducts.co.uk\/lt\/spa-pirstine-kunui-1vnt\/\",\"name\":\"SPA pir\u0161tin\u0117 k\u016bnui, 1vnt. - TianDe Online Shop - Beauty &amp; Health\",\"isPartOf\":{\"@id\":\"https:\/\/tiandeproducts.co.uk\/#website\"},\"primaryImageOfPage\":{\"@id\":\"https:\/\/tiandeproducts.co.uk\/lt\/spa-pirstine-kunui-1vnt\/#primaryimage\"},\"image\":{\"@id\":\"https:\/\/tiandeproducts.co.uk\/lt\/spa-pirstine-kunui-1vnt\/#primaryimage\"},\"thumbnailUrl\":\"https:\/\/tiandeproducts.co.uk\/wp-content\/uploads\/90155.png\",\"datePublished\":\"2016-04-04T18:26:51+00:00\",\"dateModified\":\"2020-02-07T10:13:13+00:00\",\"breadcrumb\":{\"@id\":\"https:\/\/tiandeproducts.co.uk\/lt\/spa-pirstine-kunui-1vnt\/#breadcrumb\"},\"inLanguage\":\"lt-LT\",\"potentialAction\":[{\"@type\":\"ReadAction\",\"target\":[\"https:\/\/tiandeproducts.co.uk\/lt\/spa-pirstine-kunui-1vnt\/\"]}]},{\"@type\":\"ImageObject\",\"inLanguage\":\"lt-LT\",\"@id\":\"https:\/\/tiandeproducts.co.uk\/lt\/spa-pirstine-kunui-1vnt\/#primaryimage\",\"url\":\"https:\/\/tiandeproducts.co.uk\/wp-content\/uploads\/90155.png\",\"contentUrl\":\"https:\/\/tiandeproducts.co.uk\/wp-content\/uploads\/90155.png\",\"width\":700,\"height\":700},{\"@type\":\"BreadcrumbList\",\"@id\":\"https:\/\/tiandeproducts.co.uk\/lt\/spa-pirstine-kunui-1vnt\/#breadcrumb\",\"itemListElement\":[{\"@type\":\"ListItem\",\"position\":1,\"name\":\"Home\",\"item\":\"https:\/\/tiandeproducts.co.uk\/lt\/\"},{\"@type\":\"ListItem\",\"position\":2,\"name\":\"Shop\",\"item\":\"https:\/\/tiandeproducts.co.uk\/lt\/shop-2\/\"},{\"@type\":\"ListItem\",\"position\":3,\"name\":\"SPA pir\u0161tin\u0117 k\u016bnui, 1vnt.\"}]},{\"@type\":\"WebSite\",\"@id\":\"https:\/\/tiandeproducts.co.uk\/#website\",\"url\":\"https:\/\/tiandeproducts.co.uk\/\",\"name\":\"TianDe Online Shop - Beauty & Health\",\"description\":\"Traditional Chinese Medicine\",\"potentialAction\":[{\"@type\":\"SearchAction\",\"target\":{\"@type\":\"EntryPoint\",\"urlTemplate\":\"https:\/\/tiandeproducts.co.uk\/?s={search_term_string}\"},\"query-input\":{\"@type\":\"PropertyValueSpecification\",\"valueRequired\":true,\"valueName\":\"search_term_string\"}}],\"inLanguage\":\"lt-LT\"}]}<\/script>\n<!-- \/ Yoast SEO plugin. -->","yoast_head_json":{"title":"SPA pir\u0161tin\u0117 k\u016bnui, 1vnt. - TianDe Online Shop - Beauty &amp; Health","robots":{"index":"index","follow":"follow","max-snippet":"max-snippet:-1","max-image-preview":"max-image-preview:large","max-video-preview":"max-video-preview:-1"},"canonical":"https:\/\/tiandeproducts.co.uk\/lt\/spa-pirstine-kunui-1vnt\/","og_locale":"lt_LT","og_type":"article","og_title":"SPA pir\u0161tin\u0117 k\u016bnui, 1vnt. - TianDe Online Shop - Beauty &amp; Health","og_description":"Daugiafunkc\u0117, speciali, gr\u016bd\u0117tos tekst\u016bros pir\u0161tin\u0117 kruop\u0161\u010diai ir \u0161velniai pa\u0161alina ragin\u012f epidermio sluoksn\u012f, lygina, masa\u017euoja, ma\u017eina \u201eapelsino \u017eievel\u0117s\u201c efekt\u0105, paruo\u0161ia od\u0105 deginimuisi ant saul\u0117s. Po \u0161veitimo proced\u016bros oda tampa \u0161velni, elastinga, lengviau kv\u0117puoja, o kitos kosmetikos priemon\u0117s \u012fsisavinamos dvigubai grei\u010diau ir efektyviau. Pir\u0161tin\u0117 pagaminta i\u0161 celiulioz\u0117s, kuri lengvai valo ir nu\u0161vei\u010dia od\u0105, greitai sugeria vanden\u012f, efektyviai [...]","og_url":"https:\/\/tiandeproducts.co.uk\/lt\/spa-pirstine-kunui-1vnt\/","og_site_name":"TianDe Online Shop - Beauty &amp; Health","article_publisher":"https:\/\/www.facebook.com\/tiande.products.england\/","article_modified_time":"2020-02-07T10:13:13+00:00","og_image":[{"width":700,"height":700,"url":"https:\/\/tiandeproducts.co.uk\/wp-content\/uploads\/90155.png","type":"image\/png"}],"twitter_card":"summary_large_image","twitter_misc":{"Est. reading time":"1 minut\u0117"},"schema":{"@context":"https:\/\/schema.org","@graph":[{"@type":"WebPage","@id":"https:\/\/tiandeproducts.co.uk\/lt\/spa-pirstine-kunui-1vnt\/","url":"https:\/\/tiandeproducts.co.uk\/lt\/spa-pirstine-kunui-1vnt\/","name":"SPA pir\u0161tin\u0117 k\u016bnui, 1vnt. - TianDe Online Shop - Beauty &amp; Health","isPartOf":{"@id":"https:\/\/tiandeproducts.co.uk\/#website"},"primaryImageOfPage":{"@id":"https:\/\/tiandeproducts.co.uk\/lt\/spa-pirstine-kunui-1vnt\/#primaryimage"},"image":{"@id":"https:\/\/tiandeproducts.co.uk\/lt\/spa-pirstine-kunui-1vnt\/#primaryimage"},"thumbnailUrl":"https:\/\/tiandeproducts.co.uk\/wp-content\/uploads\/90155.png","datePublished":"2016-04-04T18:26:51+00:00","dateModified":"2020-02-07T10:13:13+00:00","breadcrumb":{"@id":"https:\/\/tiandeproducts.co.uk\/lt\/spa-pirstine-kunui-1vnt\/#breadcrumb"},"inLanguage":"lt-LT","potentialAction":[{"@type":"ReadAction","target":["https:\/\/tiandeproducts.co.uk\/lt\/spa-pirstine-kunui-1vnt\/"]}]},{"@type":"ImageObject","inLanguage":"lt-LT","@id":"https:\/\/tiandeproducts.co.uk\/lt\/spa-pirstine-kunui-1vnt\/#primaryimage","url":"https:\/\/tiandeproducts.co.uk\/wp-content\/uploads\/90155.png","contentUrl":"https:\/\/tiandeproducts.co.uk\/wp-content\/uploads\/90155.png","width":700,"height":700},{"@type":"BreadcrumbList","@id":"https:\/\/tiandeproducts.co.uk\/lt\/spa-pirstine-kunui-1vnt\/#breadcrumb","itemListElement":[{"@type":"ListItem","position":1,"name":"Home","item":"https:\/\/tiandeproducts.co.uk\/lt\/"},{"@type":"ListItem","position":2,"name":"Shop","item":"https:\/\/tiandeproducts.co.uk\/lt\/shop-2\/"},{"@type":"ListItem","position":3,"name":"SPA pir\u0161tin\u0117 k\u016bnui, 1vnt."}]},{"@type":"WebSite","@id":"https:\/\/tiandeproducts.co.uk\/#website","url":"https:\/\/tiandeproducts.co.uk\/","name":"TianDe Online Shop - Beauty & Health","description":"Traditional Chinese Medicine","potentialAction":[{"@type":"SearchAction","target":{"@type":"EntryPoint","urlTemplate":"https:\/\/tiandeproducts.co.uk\/?s={search_term_string}"},"query-input":{"@type":"PropertyValueSpecification","valueRequired":true,"valueName":"search_term_string"}}],"inLanguage":"lt-LT"}]}},"_links":{"self":[{"href":"https:\/\/tiandeproducts.co.uk\/lt\/wp-json\/wp\/v2\/product\/4201","targetHints":{"allow":["GET"]}}],"collection":[{"href":"https:\/\/tiandeproducts.co.uk\/lt\/wp-json\/wp\/v2\/product"}],"about":[{"href":"https:\/\/tiandeproducts.co.uk\/lt\/wp-json\/wp\/v2\/types\/product"}],"replies":[{"embeddable":true,"href":"https:\/\/tiandeproducts.co.uk\/lt\/wp-json\/wp\/v2\/comments?post=4201"}],"wp:featuredmedia":[{"embeddable":true,"href":"https:\/\/tiandeproducts.co.uk\/lt\/wp-json\/wp\/v2\/media\/3543"}],"wp:attachment":[{"href":"https:\/\/tiandeproducts.co.uk\/lt\/wp-json\/wp\/v2\/media?parent=4201"}],"wp:term":[{"taxonomy":"product_cat","embeddable":true,"href":"https:\/\/tiandeproducts.co.uk\/lt\/wp-json\/wp\/v2\/product_cat?post=4201"},{"taxonomy":"product_tag","embeddable":true,"href":"https:\/\/tiandeproducts.co.uk\/lt\/wp-json\/wp\/v2\/product_tag?post=4201"}],"curies":[{"name":"wp","href":"https:\/\/api.w.org\/{rel}","templated":true}]}}