{"id":4199,"date":"2016-04-04T20:00:12","date_gmt":"2016-04-04T19:00:12","guid":{"rendered":"https:\/\/tnd.ontesting.co.uk\/gaivinamoji-kauke-kremas-veidui-ledynu-vanduo-35g\/"},"modified":"2019-09-19T12:29:25","modified_gmt":"2019-09-19T11:29:25","slug":"gaivinamoji-kauke-kremas-veidui-ledynu-vanduo-35g","status":"publish","type":"product","link":"https:\/\/tiandeproducts.co.uk\/lt\/gaivinamoji-kauke-kremas-veidui-ledynu-vanduo-35g\/","title":{"rendered":"Gaivinamoji kauk\u0117 &#8211; kremas veidui \u201eLedyn\u0173 vanduo\u201d, 35g."},"content":{"rendered":"<p>Kauk\u0117 puikiai dr\u0117kina, gaivina, gr\u0105\u017eina energij\u0105 streso ir negatyvaus i\u0161or\u0117s poveikio nualintai veido odai. Aktyviosios kauk\u0117s med\u017eiagos daro od\u0105 elastingesn\u0119, stangresn\u0119, jaunesn\u0119, suteikia i\u0161puosel\u0117t\u0105 i\u0161vaizd\u0105 ir \u0161vie\u017eumo poj\u016bt\u012f.<\/p>\n<p><strong>Naudojimas:<\/strong><br \/>\nAnt \u0161varios veido odos u\u017etepkite ir tolygiai paskirstykite krem\u0105 &#8211; kauk\u0119 (i\u0161skyrus aki\u0173 srit\u012f). Palaikykite 10 min., tada pa\u0161alinkite kremo liku\u010dius, arba \u0161velniai \u012ftrinkite \u012f od\u0105. Rekomenduojama produkt\u0105 naudoti 10 d. kasdien, po to 2 &#8211; 3 kartus per savait\u0119.<\/p>\n<p><strong>Veikliosios med\u017eiagos:<\/strong><\/p>\n<p><strong>Kolagenas<\/strong>\u00a0&#8211; baltymas, suteikiantis odai stangrumo ir u\u017etikrinantis tinkam\u0105 dr\u0117kinimo sistem\u0105. Kolagenas pagerina odos elastingum\u0105, palaiko optimal\u0173 dr\u0117gm\u0117s lyg\u012f, padeda i\u0161lyginti rauk\u0161les, tod\u0117l oda tampa \u0161velni ir mink\u0161ta.<\/p>\n<p><strong>J\u016bros dumbliai<\/strong>\u00a0&#8211; viena seniausi\u0173 ir turtingiausi\u0173 biologini\u0173 r\u016b\u0161i\u0173 \u017eem\u0117je, kuri per savo ilg\u0105 gyvavimo laikotarp\u012f i\u0161moko sukaupti mil\u017eini\u0161k\u0105 kiek\u012f biologi\u0161kai aktyvi\u0173 med\u017eiag\u0173. Unikali dumbli\u0173 mineralin\u0117 sud\u0117tis beveik identi\u0161ka biocheminei \u017emogaus kraujo plazmos sud\u0117\u010diai. Kosmetika pagaminta naudojant j\u016bros dumbli\u0173 ekstrakt\u0105 turi auk\u0161t\u0105 biologinio suderinamumo laipsn\u012f su \u017emogaus odos l\u0105stel\u0117mis, tod\u0117l ji ypa\u010d saugi m\u016bs\u0173 odai ir suteikia daugyb\u0119 aktyvi\u0173 med\u017eiag\u0173, mineral\u0173, mikro ir makro element\u0173, nat\u016brali\u0173 dr\u0117kikli\u0173, antioksidant\u0173.<\/p>\n","protected":false},"excerpt":{"rendered":"<p>Kauk\u0117 puikiai dr\u0117kina, gaivina, gr\u0105\u017eina energij\u0105 streso ir negatyvaus i\u0161or\u0117s poveikio nualintai veido odai. Aktyviosios kauk\u0117s med\u017eiagos daro od\u0105 elastingesn\u0119, stangresn\u0119, jaunesn\u0119, suteikia i\u0161puosel\u0117t\u0105 i\u0161vaizd\u0105 ir \u0161vie\u017eumo poj\u016bt\u012f. Naudojimas: Ant \u0161varios veido odos u\u017etepkite ir tolygiai paskirstykite krem\u0105 &#8211; kauk\u0119 (i\u0161skyrus aki\u0173 srit\u012f). Palaikykite 10 min., tada pa\u0161alinkite kremo liku\u010dius, arba \u0161velniai \u012ftrinkite \u012f od\u0105. [&#8230;]\n","protected":false},"featured_media":602,"comment_status":"closed","ping_status":"closed","template":"","meta":[],"product_cat":[567,562,506],"product_tag":[],"class_list":{"0":"post-4199","1":"product","2":"type-product","3":"status-publish","4":"has-post-thumbnail","6":"product_cat-drekinimas-ir-maitinimas","7":"product_cat-kaukes-lt","8":"product_cat-veidui","10":"first","11":"instock","12":"shipping-taxable","13":"purchasable","14":"product-type-simple"},"yoast_head":"<!-- This site is optimized with the Yoast SEO plugin v23.6 - https:\/\/yoast.com\/wordpress\/plugins\/seo\/ -->\n<title>Gaivinamoji kauk\u0117 - kremas veidui \u201eLedyn\u0173 vanduo\u201d, 35g. - TianDe Online Shop - Beauty &amp; Health<\/title>\n<meta name=\"robots\" content=\"index, follow, max-snippet:-1, max-image-preview:large, max-video-preview:-1\" \/>\n<link rel=\"canonical\" href=\"https:\/\/tiandeproducts.co.uk\/lt\/gaivinamoji-kauke-kremas-veidui-ledynu-vanduo-35g\/\" \/>\n<meta property=\"og:locale\" content=\"lt_LT\" \/>\n<meta property=\"og:type\" content=\"article\" \/>\n<meta property=\"og:title\" content=\"Gaivinamoji kauk\u0117 - kremas veidui \u201eLedyn\u0173 vanduo\u201d, 35g. - TianDe Online Shop - Beauty &amp; Health\" \/>\n<meta property=\"og:description\" content=\"Kauk\u0117 puikiai dr\u0117kina, gaivina, gr\u0105\u017eina energij\u0105 streso ir negatyvaus i\u0161or\u0117s poveikio nualintai veido odai. Aktyviosios kauk\u0117s med\u017eiagos daro od\u0105 elastingesn\u0119, stangresn\u0119, jaunesn\u0119, suteikia i\u0161puosel\u0117t\u0105 i\u0161vaizd\u0105 ir \u0161vie\u017eumo poj\u016bt\u012f. Naudojimas: Ant \u0161varios veido odos u\u017etepkite ir tolygiai paskirstykite krem\u0105 &#8211; kauk\u0119 (i\u0161skyrus aki\u0173 srit\u012f). Palaikykite 10 min., tada pa\u0161alinkite kremo liku\u010dius, arba \u0161velniai \u012ftrinkite \u012f od\u0105. [...]\" \/>\n<meta property=\"og:url\" content=\"https:\/\/tiandeproducts.co.uk\/lt\/gaivinamoji-kauke-kremas-veidui-ledynu-vanduo-35g\/\" \/>\n<meta property=\"og:site_name\" content=\"TianDe Online Shop - Beauty &amp; Health\" \/>\n<meta property=\"article:publisher\" content=\"https:\/\/www.facebook.com\/tiande.products.england\/\" \/>\n<meta property=\"article:modified_time\" content=\"2019-09-19T11:29:25+00:00\" \/>\n<meta property=\"og:image\" content=\"https:\/\/tiandeproducts.co.uk\/wp-content\/uploads\/2016\/04\/50110.png\" \/>\n\t<meta property=\"og:image:width\" content=\"700\" \/>\n\t<meta property=\"og:image:height\" content=\"700\" \/>\n\t<meta property=\"og:image:type\" content=\"image\/png\" \/>\n<meta name=\"twitter:card\" content=\"summary_large_image\" \/>\n<meta name=\"twitter:label1\" content=\"Est. reading time\" \/>\n\t<meta name=\"twitter:data1\" content=\"1 minut\u0117\" \/>\n<script type=\"application\/ld+json\" class=\"yoast-schema-graph\">{\"@context\":\"https:\/\/schema.org\",\"@graph\":[{\"@type\":\"WebPage\",\"@id\":\"https:\/\/tiandeproducts.co.uk\/lt\/gaivinamoji-kauke-kremas-veidui-ledynu-vanduo-35g\/\",\"url\":\"https:\/\/tiandeproducts.co.uk\/lt\/gaivinamoji-kauke-kremas-veidui-ledynu-vanduo-35g\/\",\"name\":\"Gaivinamoji kauk\u0117 - kremas veidui \u201eLedyn\u0173 vanduo\u201d, 35g. - TianDe Online Shop - Beauty &amp; Health\",\"isPartOf\":{\"@id\":\"https:\/\/tiandeproducts.co.uk\/#website\"},\"primaryImageOfPage\":{\"@id\":\"https:\/\/tiandeproducts.co.uk\/lt\/gaivinamoji-kauke-kremas-veidui-ledynu-vanduo-35g\/#primaryimage\"},\"image\":{\"@id\":\"https:\/\/tiandeproducts.co.uk\/lt\/gaivinamoji-kauke-kremas-veidui-ledynu-vanduo-35g\/#primaryimage\"},\"thumbnailUrl\":\"https:\/\/tiandeproducts.co.uk\/wp-content\/uploads\/2016\/04\/50110.png\",\"datePublished\":\"2016-04-04T19:00:12+00:00\",\"dateModified\":\"2019-09-19T11:29:25+00:00\",\"breadcrumb\":{\"@id\":\"https:\/\/tiandeproducts.co.uk\/lt\/gaivinamoji-kauke-kremas-veidui-ledynu-vanduo-35g\/#breadcrumb\"},\"inLanguage\":\"lt-LT\",\"potentialAction\":[{\"@type\":\"ReadAction\",\"target\":[\"https:\/\/tiandeproducts.co.uk\/lt\/gaivinamoji-kauke-kremas-veidui-ledynu-vanduo-35g\/\"]}]},{\"@type\":\"ImageObject\",\"inLanguage\":\"lt-LT\",\"@id\":\"https:\/\/tiandeproducts.co.uk\/lt\/gaivinamoji-kauke-kremas-veidui-ledynu-vanduo-35g\/#primaryimage\",\"url\":\"https:\/\/tiandeproducts.co.uk\/wp-content\/uploads\/2016\/04\/50110.png\",\"contentUrl\":\"https:\/\/tiandeproducts.co.uk\/wp-content\/uploads\/2016\/04\/50110.png\",\"width\":700,\"height\":700,\"caption\":\"Glacier Water Refreshing Cream Facial Mask,35g-0\"},{\"@type\":\"BreadcrumbList\",\"@id\":\"https:\/\/tiandeproducts.co.uk\/lt\/gaivinamoji-kauke-kremas-veidui-ledynu-vanduo-35g\/#breadcrumb\",\"itemListElement\":[{\"@type\":\"ListItem\",\"position\":1,\"name\":\"Home\",\"item\":\"https:\/\/tiandeproducts.co.uk\/lt\/\"},{\"@type\":\"ListItem\",\"position\":2,\"name\":\"Shop\",\"item\":\"https:\/\/tiandeproducts.co.uk\/lt\/shop-2\/\"},{\"@type\":\"ListItem\",\"position\":3,\"name\":\"Gaivinamoji kauk\u0117 &#8211; kremas veidui \u201eLedyn\u0173 vanduo\u201d, 35g.\"}]},{\"@type\":\"WebSite\",\"@id\":\"https:\/\/tiandeproducts.co.uk\/#website\",\"url\":\"https:\/\/tiandeproducts.co.uk\/\",\"name\":\"TianDe Online Shop - Beauty & Health\",\"description\":\"Traditional Chinese Medicine\",\"potentialAction\":[{\"@type\":\"SearchAction\",\"target\":{\"@type\":\"EntryPoint\",\"urlTemplate\":\"https:\/\/tiandeproducts.co.uk\/?s={search_term_string}\"},\"query-input\":{\"@type\":\"PropertyValueSpecification\",\"valueRequired\":true,\"valueName\":\"search_term_string\"}}],\"inLanguage\":\"lt-LT\"}]}<\/script>\n<!-- \/ Yoast SEO plugin. -->","yoast_head_json":{"title":"Gaivinamoji kauk\u0117 - kremas veidui \u201eLedyn\u0173 vanduo\u201d, 35g. - TianDe Online Shop - Beauty &amp; Health","robots":{"index":"index","follow":"follow","max-snippet":"max-snippet:-1","max-image-preview":"max-image-preview:large","max-video-preview":"max-video-preview:-1"},"canonical":"https:\/\/tiandeproducts.co.uk\/lt\/gaivinamoji-kauke-kremas-veidui-ledynu-vanduo-35g\/","og_locale":"lt_LT","og_type":"article","og_title":"Gaivinamoji kauk\u0117 - kremas veidui \u201eLedyn\u0173 vanduo\u201d, 35g. - TianDe Online Shop - Beauty &amp; Health","og_description":"Kauk\u0117 puikiai dr\u0117kina, gaivina, gr\u0105\u017eina energij\u0105 streso ir negatyvaus i\u0161or\u0117s poveikio nualintai veido odai. Aktyviosios kauk\u0117s med\u017eiagos daro od\u0105 elastingesn\u0119, stangresn\u0119, jaunesn\u0119, suteikia i\u0161puosel\u0117t\u0105 i\u0161vaizd\u0105 ir \u0161vie\u017eumo poj\u016bt\u012f. Naudojimas: Ant \u0161varios veido odos u\u017etepkite ir tolygiai paskirstykite krem\u0105 &#8211; kauk\u0119 (i\u0161skyrus aki\u0173 srit\u012f). Palaikykite 10 min., tada pa\u0161alinkite kremo liku\u010dius, arba \u0161velniai \u012ftrinkite \u012f od\u0105. [...]","og_url":"https:\/\/tiandeproducts.co.uk\/lt\/gaivinamoji-kauke-kremas-veidui-ledynu-vanduo-35g\/","og_site_name":"TianDe Online Shop - Beauty &amp; Health","article_publisher":"https:\/\/www.facebook.com\/tiande.products.england\/","article_modified_time":"2019-09-19T11:29:25+00:00","og_image":[{"width":700,"height":700,"url":"https:\/\/tiandeproducts.co.uk\/wp-content\/uploads\/2016\/04\/50110.png","type":"image\/png"}],"twitter_card":"summary_large_image","twitter_misc":{"Est. reading time":"1 minut\u0117"},"schema":{"@context":"https:\/\/schema.org","@graph":[{"@type":"WebPage","@id":"https:\/\/tiandeproducts.co.uk\/lt\/gaivinamoji-kauke-kremas-veidui-ledynu-vanduo-35g\/","url":"https:\/\/tiandeproducts.co.uk\/lt\/gaivinamoji-kauke-kremas-veidui-ledynu-vanduo-35g\/","name":"Gaivinamoji kauk\u0117 - kremas veidui \u201eLedyn\u0173 vanduo\u201d, 35g. - TianDe Online Shop - Beauty &amp; Health","isPartOf":{"@id":"https:\/\/tiandeproducts.co.uk\/#website"},"primaryImageOfPage":{"@id":"https:\/\/tiandeproducts.co.uk\/lt\/gaivinamoji-kauke-kremas-veidui-ledynu-vanduo-35g\/#primaryimage"},"image":{"@id":"https:\/\/tiandeproducts.co.uk\/lt\/gaivinamoji-kauke-kremas-veidui-ledynu-vanduo-35g\/#primaryimage"},"thumbnailUrl":"https:\/\/tiandeproducts.co.uk\/wp-content\/uploads\/2016\/04\/50110.png","datePublished":"2016-04-04T19:00:12+00:00","dateModified":"2019-09-19T11:29:25+00:00","breadcrumb":{"@id":"https:\/\/tiandeproducts.co.uk\/lt\/gaivinamoji-kauke-kremas-veidui-ledynu-vanduo-35g\/#breadcrumb"},"inLanguage":"lt-LT","potentialAction":[{"@type":"ReadAction","target":["https:\/\/tiandeproducts.co.uk\/lt\/gaivinamoji-kauke-kremas-veidui-ledynu-vanduo-35g\/"]}]},{"@type":"ImageObject","inLanguage":"lt-LT","@id":"https:\/\/tiandeproducts.co.uk\/lt\/gaivinamoji-kauke-kremas-veidui-ledynu-vanduo-35g\/#primaryimage","url":"https:\/\/tiandeproducts.co.uk\/wp-content\/uploads\/2016\/04\/50110.png","contentUrl":"https:\/\/tiandeproducts.co.uk\/wp-content\/uploads\/2016\/04\/50110.png","width":700,"height":700,"caption":"Glacier Water Refreshing Cream Facial Mask,35g-0"},{"@type":"BreadcrumbList","@id":"https:\/\/tiandeproducts.co.uk\/lt\/gaivinamoji-kauke-kremas-veidui-ledynu-vanduo-35g\/#breadcrumb","itemListElement":[{"@type":"ListItem","position":1,"name":"Home","item":"https:\/\/tiandeproducts.co.uk\/lt\/"},{"@type":"ListItem","position":2,"name":"Shop","item":"https:\/\/tiandeproducts.co.uk\/lt\/shop-2\/"},{"@type":"ListItem","position":3,"name":"Gaivinamoji kauk\u0117 &#8211; kremas veidui \u201eLedyn\u0173 vanduo\u201d, 35g."}]},{"@type":"WebSite","@id":"https:\/\/tiandeproducts.co.uk\/#website","url":"https:\/\/tiandeproducts.co.uk\/","name":"TianDe Online Shop - Beauty & Health","description":"Traditional Chinese Medicine","potentialAction":[{"@type":"SearchAction","target":{"@type":"EntryPoint","urlTemplate":"https:\/\/tiandeproducts.co.uk\/?s={search_term_string}"},"query-input":{"@type":"PropertyValueSpecification","valueRequired":true,"valueName":"search_term_string"}}],"inLanguage":"lt-LT"}]}},"_links":{"self":[{"href":"https:\/\/tiandeproducts.co.uk\/lt\/wp-json\/wp\/v2\/product\/4199","targetHints":{"allow":["GET"]}}],"collection":[{"href":"https:\/\/tiandeproducts.co.uk\/lt\/wp-json\/wp\/v2\/product"}],"about":[{"href":"https:\/\/tiandeproducts.co.uk\/lt\/wp-json\/wp\/v2\/types\/product"}],"replies":[{"embeddable":true,"href":"https:\/\/tiandeproducts.co.uk\/lt\/wp-json\/wp\/v2\/comments?post=4199"}],"wp:featuredmedia":[{"embeddable":true,"href":"https:\/\/tiandeproducts.co.uk\/lt\/wp-json\/wp\/v2\/media\/602"}],"wp:attachment":[{"href":"https:\/\/tiandeproducts.co.uk\/lt\/wp-json\/wp\/v2\/media?parent=4199"}],"wp:term":[{"taxonomy":"product_cat","embeddable":true,"href":"https:\/\/tiandeproducts.co.uk\/lt\/wp-json\/wp\/v2\/product_cat?post=4199"},{"taxonomy":"product_tag","embeddable":true,"href":"https:\/\/tiandeproducts.co.uk\/lt\/wp-json\/wp\/v2\/product_tag?post=4199"}],"curies":[{"name":"wp","href":"https:\/\/api.w.org\/{rel}","templated":true}]}}