{"id":4193,"date":"2016-04-07T19:28:22","date_gmt":"2016-04-07T18:28:22","guid":{"rendered":"https:\/\/tnd.ontesting.co.uk\/masazinis-kuno-gelis-ortofit-125ml\/"},"modified":"2022-02-07T07:17:14","modified_gmt":"2022-02-07T07:17:14","slug":"masazinis-kuno-gelis-ortofit-125ml","status":"publish","type":"product","link":"https:\/\/tiandeproducts.co.uk\/lt\/masazinis-kuno-gelis-ortofit-125ml\/","title":{"rendered":"Masa\u017einis k\u016bno gelis \u201eOrtofit\u201c, 125ml."},"content":{"rendered":"<p>Masa\u017eo gelis pagerina jud\u0117jim\u0105, greitai pa\u0161alina s\u0105nari\u0173 sustingim\u0105, diskomforto ar \u012ftampos poj\u016bt\u012f, su\u0161ildo raumenis ir rai\u0161\u010dius, pagerina mikrocirkuliacij\u0105. 8-i\u0173 aktyvi\u0173 ir itin veiksming\u0173 augalini\u0173 komponent\u0173 sud\u0117tis pagerina s\u0105nari\u0173 mityb\u0105, puikiai pasitarnaus s\u0105nari\u0173 lig\u0173 profilaktikai, esant skausmui stuburo srityje, bei pagelb\u0117s kompleksinio gydymo metu esant jud\u0117jimo sutrikimams. Puikaus aromato gelis nelimpa, nepalieka riebaus p\u0117dsako ant r\u016bb\u0173 ir labai greitai \u012fsigeria.<\/p>\n<p>Masa\u017einio gelio sud\u0117tyje daugiau nei 96% nat\u016brali\u0173 komponent\u0173! Jokio diskomforto s\u0105nari\u0173 srityje, tik \u0161velni \u0161iluma. Gelis turi chondroprotektorini\u0173 savybi\u0173 &#8211; slopina s\u0105nari\u0173 kremzl\u0117s degradacijos procesus bei skausmo poj\u016bt\u012f; skatina jungiam\u0173j\u0173 audini\u0173 atsistatym\u0105. Pamir\u0161ite \u0161altas gal\u016bnes, u\u017eb\u0117gsite u\u017e aki\u0173 s\u0105nari\u0173 degeneraciniams procesams.\u00a0<strong><br \/>\n<\/strong><\/p>\n<p><strong>Panaudojimo b\u016bdai:<\/strong><\/p>\n<ol>\n<li>patyrus traum\u0105 raumen\u0173, sausgysli\u0173, s\u0105nari\u0173 srityje;<\/li>\n<li>kaip masa\u017eo priemon\u0119, norint atsikratyti ar i\u0161vengti \u012ftampos ar diskomforto s\u0105nari\u0173 bei raumen\u0173 srityse;<\/li>\n<li>su\u0161ildant raumenis ir rai\u0161\u010dius prie\u0161 sportin\u0119 treniruot\u0119;<\/li>\n<li>\u0161\u0105lant gal\u016bn\u0117ms;<\/li>\n<li>atpalaiduojant sustingusius, susikaus\u010diusius s\u0105narius;<\/li>\n<li>pagerinant jud\u0117jimo kokyb\u0119;<\/li>\n<li>suma\u017einant s\u0105nari\u0173, rai\u0161\u010di\u0173 patinimus, u\u017edegimus bei skausm\u0105;<\/li>\n<\/ol>\n<p><strong>Naudojimas:<\/strong><br \/>\n\u0160velniai \u012ftrinkite (kol priemon\u0117 pilnai susigers) nedidel\u012f kiek\u012f gelio \u0161varias problemines vietas (kojas, rankas, kakl\u0105, dubens kaul\u0173 srit\u012f ir pan.). Gel\u012f naudokite nenutr\u016bkstamai 4 savaites, 2 kartus per dien\u0105. Pasiekus reikiam\u0105 rezultat\u0105 priemon\u0119 naudokite kas antr\u0105 dien\u0105, arba kasdien tik nak\u010diai. naudojant reumatini\u0173 lig\u0173 profilaktikai.<\/p>\n<p><strong>Veikliosios med\u017eiagos:<\/strong><\/p>\n<p><strong>Alyvuogi\u0173 aliejus<\/strong>\u00a0yra vienas i\u0161 vertingiausi\u0173 odos kosmetikos komponent\u0173. Jis pasi\u017eyminti maitinamosiomis, regeneruojamosiomis, mink\u0161tinamosiomis ir apsaugin\u0117mis savyb\u0117mis. Alyvuogi\u0173 aliejuje esantis linolenin\u0117s r\u016bg\u0161ties kiekis yra identi\u0161kas motinos pieno sud\u0117tyje esan\u010diam \u0161ios r\u016bg\u0161ties kiekiui. Oleinin\u0117 r\u016bg\u0161tis stiprina epidermin\u012f odos barjer\u0105, saugo dr\u0117gm\u0119. Alyvuogi\u0173 aliejuje yra didelis kiekis vitamino A, D, K ir E, kuris dar yra vadinamas jaunyst\u0117s vitaminu, d\u0117l jo ypatingosios savyb\u0117s saugoti od\u0105 nuo laisv\u0173j\u0173 radikal\u0173 poveikio. Vitaminas E \u012feina \u012f reikalingiausi\u0173 odai vitamin\u0173 top 3.<\/p>\n<p><strong>Rozmarino ekstraktas<\/strong>\u00a0\u2013 gamtinis antibiotikas ir antiseptikas. Gerina kraujo mikrocirkuliacij\u0105 sergan\u010dio s\u0105nario srityje, suma\u017eina skausmo poj\u016bt\u012f, veikia u\u017edegiminio proceso prie\u017east\u012f. Rozmarinas kovoja su bakterijomis, grybeliais ir virusais (t.p. stafilokoku). Nuima raudon\u012f nuo u\u017edegiminio \u017eidinio, neleid\u017eia atsirasti nie\u017euliui, veikia raminan\u010diai.<\/p>\n<p><strong>Dimetilsulfonas<\/strong>\u00a0&#8211; organinis sieros junginys &#8211; b\u016btinas kolageno ir elastino gamybai, kurie u\u017etikrina s\u0105nari\u0173, raumen\u0173, kaul\u0173, odos, plauk\u0173 ir nag\u0173 sveikat\u0105. Med\u017eiaga skatina kraujo apytak\u0105, jungiam\u0173j\u0173 audini\u0173 formavim\u0105si.<\/p>\n<p><strong>Pipirm\u0117t\u0117s aliejus<\/strong>\u00a0pagerina kraujo apytak\u0105 ir l\u0105steli\u0173 metabolizmo procesus, \u0161velniai mal\u0161ina skausm\u0105, nie\u017eul\u012f, per\u0161t\u0117jim\u0105. Aliejus pla\u010diai vartojamas \u012fvairiems skausmams mal\u0161inti, sporto traumoms gydyti.<\/p>\n<p><strong>Propolio (bi\u010di\u0173 pikio) ekstraktas<\/strong>\u00a0&#8211; aktyvi biologin\u0117 med\u017eiaga, da\u017eniausiai naudojama kaip nat\u016bralus antibiotikas. Ji intensyviai maitina ir regeneruoja od\u0105, padeda atkurti apsaugin\u012f odos lipidin\u012f sluoksn\u012f, gerina jos med\u017eiag\u0173 apykait\u0105, apsaugo nuo rauk\u0161li\u0173 atsiradimo. Med\u017eiaga pasi\u017eymi raminan\u010diu, sutraukian\u010diu, apsauginiu poveikiu odai. Bi\u010di\u0173 pikyje gausu flavanoid\u0173, organini\u0173 r\u016bg\u0161\u010di\u0173, mineralini\u0173 med\u017eiag\u0173: fosforo, cinko, nikelio, kobalto, kalcio, kalio, sieros, vario, natrio, gele\u017eies, magnio, mangano; vitamin\u0173: A, C, E, Bp B2, B6. Jame yra ir aminor\u016bg\u0161\u010di\u0173, i\u0161 kuri\u0173 svarbiausios &#8211; alaninas, histidinas, triptofanas, leucinas, lizinas, metioninas, serinas, valinas. Bi\u010di\u0173 pikyje randama ir sud\u0117ting\u0173 riebalini\u0173 r\u016bg\u0161\u010di\u0173, daug antimikrobini\u0173 ir kit\u0173 biologi\u0161kai aktyvi\u0173 med\u017eiag\u0173.<\/p>\n<p><strong>Eukalipto lap\u0173 aliejus<\/strong>\u00a0pasi\u017eymi gana stipriomis antibakterin\u0117mis, antivirusin\u0117mis ir prie\u0161u\u017edegimin\u0117mis savyb\u0117mis, stiprina imunitet\u0105, turi skausm\u0105 mal\u0161inan\u010di\u0173 savybi\u0173 esant traumoms, raumen\u0173 skausmams, reumatizmui.<\/p>\n<p><strong>Europini\u0173 k\u0117ni\u0173 spygli\u0173 ekstraktas<\/strong>\u00a0atstato jungiam\u0105j\u012f audin\u012f, ypatingai veiksmingas esant kremzli\u0173 pa\u017eeidimams, u\u017edegiminiams procesams.<\/p>\n<p><strong>VBE<\/strong>\u00a0(vanillyl butyl ether) su\u0161ildo s\u0105narius, raumenis, sausgysles ir net sustiprina odos atsparum\u0105 \u0161al\u010diui.<\/p>\n","protected":false},"excerpt":{"rendered":"<p>Masa\u017eo gelis pagerina jud\u0117jim\u0105, greitai pa\u0161alina s\u0105nari\u0173 sustingim\u0105, diskomforto ar \u012ftampos poj\u016bt\u012f, su\u0161ildo raumenis ir rai\u0161\u010dius, pagerina mikrocirkuliacij\u0105. 8-i\u0173 aktyvi\u0173 ir itin veiksming\u0173 augalini\u0173 komponent\u0173 sud\u0117tis pagerina s\u0105nari\u0173 mityb\u0105, puikiai pasitarnaus s\u0105nari\u0173 lig\u0173 profilaktikai, esant skausmui stuburo srityje, bei pagelb\u0117s kompleksinio gydymo metu esant jud\u0117jimo sutrikimams. Puikaus aromato gelis nelimpa, nepalieka riebaus p\u0117dsako ant r\u016bb\u0173 [&#8230;]\n","protected":false},"featured_media":902,"comment_status":"closed","ping_status":"closed","template":"","meta":[],"product_cat":[500,723,508,497,718,522],"product_tag":[],"class_list":{"0":"post-4193","1":"product","2":"type-product","3":"status-publish","4":"has-post-thumbnail","6":"product_cat-altai-lt","7":"product_cat-altai-sacral-lt","8":"product_cat-kuno-kremai","9":"product_cat-kunui","10":"product_cat-sveikata-lt","11":"product_cat-sveikatingumo-produktai","13":"first","14":"instock","15":"shipping-taxable","16":"purchasable","17":"product-type-simple"},"yoast_head":"<!-- This site is optimized with the Yoast SEO plugin v23.6 - https:\/\/yoast.com\/wordpress\/plugins\/seo\/ -->\n<title>Masa\u017einis k\u016bno gelis \u201eOrtofit\u201c, 125ml. - TianDe Online Shop - Beauty &amp; Health<\/title>\n<meta name=\"robots\" content=\"index, follow, max-snippet:-1, max-image-preview:large, max-video-preview:-1\" \/>\n<link rel=\"canonical\" href=\"https:\/\/tiandeproducts.co.uk\/lt\/masazinis-kuno-gelis-ortofit-125ml\/\" \/>\n<meta property=\"og:locale\" content=\"lt_LT\" \/>\n<meta property=\"og:type\" content=\"article\" \/>\n<meta property=\"og:title\" content=\"Masa\u017einis k\u016bno gelis \u201eOrtofit\u201c, 125ml. - TianDe Online Shop - Beauty &amp; Health\" \/>\n<meta property=\"og:description\" content=\"Masa\u017eo gelis pagerina jud\u0117jim\u0105, greitai pa\u0161alina s\u0105nari\u0173 sustingim\u0105, diskomforto ar \u012ftampos poj\u016bt\u012f, su\u0161ildo raumenis ir rai\u0161\u010dius, pagerina mikrocirkuliacij\u0105. 8-i\u0173 aktyvi\u0173 ir itin veiksming\u0173 augalini\u0173 komponent\u0173 sud\u0117tis pagerina s\u0105nari\u0173 mityb\u0105, puikiai pasitarnaus s\u0105nari\u0173 lig\u0173 profilaktikai, esant skausmui stuburo srityje, bei pagelb\u0117s kompleksinio gydymo metu esant jud\u0117jimo sutrikimams. Puikaus aromato gelis nelimpa, nepalieka riebaus p\u0117dsako ant r\u016bb\u0173 [...]\" \/>\n<meta property=\"og:url\" content=\"https:\/\/tiandeproducts.co.uk\/lt\/masazinis-kuno-gelis-ortofit-125ml\/\" \/>\n<meta property=\"og:site_name\" content=\"TianDe Online Shop - Beauty &amp; Health\" \/>\n<meta property=\"article:publisher\" content=\"https:\/\/www.facebook.com\/tiande.products.england\/\" \/>\n<meta property=\"article:modified_time\" content=\"2022-02-07T07:17:14+00:00\" \/>\n<meta property=\"og:image\" content=\"https:\/\/tiandeproducts.co.uk\/wp-content\/uploads\/2016\/04\/34401_new.png\" \/>\n\t<meta property=\"og:image:width\" content=\"700\" \/>\n\t<meta property=\"og:image:height\" content=\"700\" \/>\n\t<meta property=\"og:image:type\" content=\"image\/png\" \/>\n<meta name=\"twitter:card\" content=\"summary_large_image\" \/>\n<meta name=\"twitter:label1\" content=\"Est. reading time\" \/>\n\t<meta name=\"twitter:data1\" content=\"3 minut\u0117s\" \/>\n<script type=\"application\/ld+json\" class=\"yoast-schema-graph\">{\"@context\":\"https:\/\/schema.org\",\"@graph\":[{\"@type\":\"WebPage\",\"@id\":\"https:\/\/tiandeproducts.co.uk\/lt\/masazinis-kuno-gelis-ortofit-125ml\/\",\"url\":\"https:\/\/tiandeproducts.co.uk\/lt\/masazinis-kuno-gelis-ortofit-125ml\/\",\"name\":\"Masa\u017einis k\u016bno gelis \u201eOrtofit\u201c, 125ml. - TianDe Online Shop - Beauty &amp; Health\",\"isPartOf\":{\"@id\":\"https:\/\/tiandeproducts.co.uk\/#website\"},\"primaryImageOfPage\":{\"@id\":\"https:\/\/tiandeproducts.co.uk\/lt\/masazinis-kuno-gelis-ortofit-125ml\/#primaryimage\"},\"image\":{\"@id\":\"https:\/\/tiandeproducts.co.uk\/lt\/masazinis-kuno-gelis-ortofit-125ml\/#primaryimage\"},\"thumbnailUrl\":\"https:\/\/tiandeproducts.co.uk\/wp-content\/uploads\/2016\/04\/34401_new.png\",\"datePublished\":\"2016-04-07T18:28:22+00:00\",\"dateModified\":\"2022-02-07T07:17:14+00:00\",\"breadcrumb\":{\"@id\":\"https:\/\/tiandeproducts.co.uk\/lt\/masazinis-kuno-gelis-ortofit-125ml\/#breadcrumb\"},\"inLanguage\":\"lt-LT\",\"potentialAction\":[{\"@type\":\"ReadAction\",\"target\":[\"https:\/\/tiandeproducts.co.uk\/lt\/masazinis-kuno-gelis-ortofit-125ml\/\"]}]},{\"@type\":\"ImageObject\",\"inLanguage\":\"lt-LT\",\"@id\":\"https:\/\/tiandeproducts.co.uk\/lt\/masazinis-kuno-gelis-ortofit-125ml\/#primaryimage\",\"url\":\"https:\/\/tiandeproducts.co.uk\/wp-content\/uploads\/2016\/04\/34401_new.png\",\"contentUrl\":\"https:\/\/tiandeproducts.co.uk\/wp-content\/uploads\/2016\/04\/34401_new.png\",\"width\":700,\"height\":700,\"caption\":\"Orthophyt Body Massage Gel,125ml-0\"},{\"@type\":\"BreadcrumbList\",\"@id\":\"https:\/\/tiandeproducts.co.uk\/lt\/masazinis-kuno-gelis-ortofit-125ml\/#breadcrumb\",\"itemListElement\":[{\"@type\":\"ListItem\",\"position\":1,\"name\":\"Home\",\"item\":\"https:\/\/tiandeproducts.co.uk\/lt\/\"},{\"@type\":\"ListItem\",\"position\":2,\"name\":\"Shop\",\"item\":\"https:\/\/tiandeproducts.co.uk\/lt\/shop-2\/\"},{\"@type\":\"ListItem\",\"position\":3,\"name\":\"Masa\u017einis k\u016bno gelis \u201eOrtofit\u201c, 125ml.\"}]},{\"@type\":\"WebSite\",\"@id\":\"https:\/\/tiandeproducts.co.uk\/#website\",\"url\":\"https:\/\/tiandeproducts.co.uk\/\",\"name\":\"TianDe Online Shop - Beauty & Health\",\"description\":\"Traditional Chinese Medicine\",\"potentialAction\":[{\"@type\":\"SearchAction\",\"target\":{\"@type\":\"EntryPoint\",\"urlTemplate\":\"https:\/\/tiandeproducts.co.uk\/?s={search_term_string}\"},\"query-input\":{\"@type\":\"PropertyValueSpecification\",\"valueRequired\":true,\"valueName\":\"search_term_string\"}}],\"inLanguage\":\"lt-LT\"}]}<\/script>\n<!-- \/ Yoast SEO plugin. -->","yoast_head_json":{"title":"Masa\u017einis k\u016bno gelis \u201eOrtofit\u201c, 125ml. - TianDe Online Shop - Beauty &amp; Health","robots":{"index":"index","follow":"follow","max-snippet":"max-snippet:-1","max-image-preview":"max-image-preview:large","max-video-preview":"max-video-preview:-1"},"canonical":"https:\/\/tiandeproducts.co.uk\/lt\/masazinis-kuno-gelis-ortofit-125ml\/","og_locale":"lt_LT","og_type":"article","og_title":"Masa\u017einis k\u016bno gelis \u201eOrtofit\u201c, 125ml. - TianDe Online Shop - Beauty &amp; Health","og_description":"Masa\u017eo gelis pagerina jud\u0117jim\u0105, greitai pa\u0161alina s\u0105nari\u0173 sustingim\u0105, diskomforto ar \u012ftampos poj\u016bt\u012f, su\u0161ildo raumenis ir rai\u0161\u010dius, pagerina mikrocirkuliacij\u0105. 8-i\u0173 aktyvi\u0173 ir itin veiksming\u0173 augalini\u0173 komponent\u0173 sud\u0117tis pagerina s\u0105nari\u0173 mityb\u0105, puikiai pasitarnaus s\u0105nari\u0173 lig\u0173 profilaktikai, esant skausmui stuburo srityje, bei pagelb\u0117s kompleksinio gydymo metu esant jud\u0117jimo sutrikimams. Puikaus aromato gelis nelimpa, nepalieka riebaus p\u0117dsako ant r\u016bb\u0173 [...]","og_url":"https:\/\/tiandeproducts.co.uk\/lt\/masazinis-kuno-gelis-ortofit-125ml\/","og_site_name":"TianDe Online Shop - Beauty &amp; Health","article_publisher":"https:\/\/www.facebook.com\/tiande.products.england\/","article_modified_time":"2022-02-07T07:17:14+00:00","og_image":[{"width":700,"height":700,"url":"https:\/\/tiandeproducts.co.uk\/wp-content\/uploads\/2016\/04\/34401_new.png","type":"image\/png"}],"twitter_card":"summary_large_image","twitter_misc":{"Est. reading time":"3 minut\u0117s"},"schema":{"@context":"https:\/\/schema.org","@graph":[{"@type":"WebPage","@id":"https:\/\/tiandeproducts.co.uk\/lt\/masazinis-kuno-gelis-ortofit-125ml\/","url":"https:\/\/tiandeproducts.co.uk\/lt\/masazinis-kuno-gelis-ortofit-125ml\/","name":"Masa\u017einis k\u016bno gelis \u201eOrtofit\u201c, 125ml. - TianDe Online Shop - Beauty &amp; Health","isPartOf":{"@id":"https:\/\/tiandeproducts.co.uk\/#website"},"primaryImageOfPage":{"@id":"https:\/\/tiandeproducts.co.uk\/lt\/masazinis-kuno-gelis-ortofit-125ml\/#primaryimage"},"image":{"@id":"https:\/\/tiandeproducts.co.uk\/lt\/masazinis-kuno-gelis-ortofit-125ml\/#primaryimage"},"thumbnailUrl":"https:\/\/tiandeproducts.co.uk\/wp-content\/uploads\/2016\/04\/34401_new.png","datePublished":"2016-04-07T18:28:22+00:00","dateModified":"2022-02-07T07:17:14+00:00","breadcrumb":{"@id":"https:\/\/tiandeproducts.co.uk\/lt\/masazinis-kuno-gelis-ortofit-125ml\/#breadcrumb"},"inLanguage":"lt-LT","potentialAction":[{"@type":"ReadAction","target":["https:\/\/tiandeproducts.co.uk\/lt\/masazinis-kuno-gelis-ortofit-125ml\/"]}]},{"@type":"ImageObject","inLanguage":"lt-LT","@id":"https:\/\/tiandeproducts.co.uk\/lt\/masazinis-kuno-gelis-ortofit-125ml\/#primaryimage","url":"https:\/\/tiandeproducts.co.uk\/wp-content\/uploads\/2016\/04\/34401_new.png","contentUrl":"https:\/\/tiandeproducts.co.uk\/wp-content\/uploads\/2016\/04\/34401_new.png","width":700,"height":700,"caption":"Orthophyt Body Massage Gel,125ml-0"},{"@type":"BreadcrumbList","@id":"https:\/\/tiandeproducts.co.uk\/lt\/masazinis-kuno-gelis-ortofit-125ml\/#breadcrumb","itemListElement":[{"@type":"ListItem","position":1,"name":"Home","item":"https:\/\/tiandeproducts.co.uk\/lt\/"},{"@type":"ListItem","position":2,"name":"Shop","item":"https:\/\/tiandeproducts.co.uk\/lt\/shop-2\/"},{"@type":"ListItem","position":3,"name":"Masa\u017einis k\u016bno gelis \u201eOrtofit\u201c, 125ml."}]},{"@type":"WebSite","@id":"https:\/\/tiandeproducts.co.uk\/#website","url":"https:\/\/tiandeproducts.co.uk\/","name":"TianDe Online Shop - Beauty & Health","description":"Traditional Chinese Medicine","potentialAction":[{"@type":"SearchAction","target":{"@type":"EntryPoint","urlTemplate":"https:\/\/tiandeproducts.co.uk\/?s={search_term_string}"},"query-input":{"@type":"PropertyValueSpecification","valueRequired":true,"valueName":"search_term_string"}}],"inLanguage":"lt-LT"}]}},"_links":{"self":[{"href":"https:\/\/tiandeproducts.co.uk\/lt\/wp-json\/wp\/v2\/product\/4193","targetHints":{"allow":["GET"]}}],"collection":[{"href":"https:\/\/tiandeproducts.co.uk\/lt\/wp-json\/wp\/v2\/product"}],"about":[{"href":"https:\/\/tiandeproducts.co.uk\/lt\/wp-json\/wp\/v2\/types\/product"}],"replies":[{"embeddable":true,"href":"https:\/\/tiandeproducts.co.uk\/lt\/wp-json\/wp\/v2\/comments?post=4193"}],"wp:featuredmedia":[{"embeddable":true,"href":"https:\/\/tiandeproducts.co.uk\/lt\/wp-json\/wp\/v2\/media\/902"}],"wp:attachment":[{"href":"https:\/\/tiandeproducts.co.uk\/lt\/wp-json\/wp\/v2\/media?parent=4193"}],"wp:term":[{"taxonomy":"product_cat","embeddable":true,"href":"https:\/\/tiandeproducts.co.uk\/lt\/wp-json\/wp\/v2\/product_cat?post=4193"},{"taxonomy":"product_tag","embeddable":true,"href":"https:\/\/tiandeproducts.co.uk\/lt\/wp-json\/wp\/v2\/product_tag?post=4193"}],"curies":[{"name":"wp","href":"https:\/\/api.w.org\/{rel}","templated":true}]}}