{"id":4191,"date":"2016-04-07T19:15:44","date_gmt":"2016-04-07T18:15:44","guid":{"rendered":"https:\/\/tnd.ontesting.co.uk\/druska-kunui-medaus-persikas-380g\/"},"modified":"2020-01-01T21:18:30","modified_gmt":"2020-01-01T21:18:30","slug":"druska-kunui-medaus-persikas-380g","status":"publish","type":"product","link":"https:\/\/tiandeproducts.co.uk\/lt\/druska-kunui-medaus-persikas-380g\/","title":{"rendered":"Druska k\u016bnui \u201eMedaus persikas\u201c, 380g."},"content":{"rendered":"<p>Drusk\u0173 kristalai \u0161velniai pa\u0161alina negyvas odos l\u0105steles, lengvas pilingo efektas suaktyvina kraujotak\u0105, \u0161alina toksinus (puikiai tinka pirtyje), gerina odos tonus\u0105 ir elastingum\u0105, padeda kovoti su celiulitu. Sud\u0117tyje esantis persik\u0173 ekstraktas gerina med\u017eiag\u0173 apykaitos procesus, atkuria odos hidrolipidin\u0119 mantij\u0105, u\u017epildo j\u0105 gyvybi\u0161kai reikalinga dr\u0117gme, atstato, mink\u0161tina ir pilnaverti\u0161kai maitina.<\/p>\n<p><strong>Naudojimas:<br \/>\n<\/strong>\u0160velniais masa\u017einiais judesiais \u012ftrinkite dr\u0117gn\u0105 k\u016bn\u0105 (galima trumpai palaikyti kol \u012fsigers). Kruop\u0161\u010diai nuplaukite vandeniu.<\/p>\n<p><strong>Veikliosios med\u017eiagos:<\/strong><\/p>\n<p><strong>Persik\u0173 lap\u0173 ekstraktas<\/strong>\u00a0yra nat\u016bralus odos mink\u0161tiklis, savo sud\u0117tyje turintis nauding\u0173 mineral\u0173 ir multivitamin\u0173. Persik\u0173 ekstrakte yra vitamin\u0173 A, B, C, K ir nauding\u0173j\u0173 mineral\u0173 &#8211; kalcio, magnio,\u00a0<span id=\"result_box\" lang=\"lt\">kalio, vario, gele\u017eies, cinko, mangano ir fosforo.<\/span><\/p>\n<p><strong>Negyvosios j\u016bros druska<\/strong>\u00a0giliai i\u0161valo od\u0105, suteikia jai b\u016btiniausi\u0173 mikroelement\u0173: magnio (teigiamai veikia epidermio lasteli\u0173 plitim\u0105 ir dalijim\u0105si), kalio, kalcio, natrio, cinko, gele\u017eies ir silicio jungini\u0173, boro, jodo drusk\u0173 ir kt. Druska stimuliuoja ir regeneruoja od\u0105, aktyvina med\u017eiag\u0173 apykait\u0105, tonizuoja. Oda tampa aksomin\u0117 ir elastinga.<\/p>\n<p><strong>Lanolinas<\/strong>\u00a0ypatingai gerai dr\u0117kina, mink\u0161tina ir maitina od\u0105, d\u0117l to ji tampa lygesn\u0117 ir elastingesn\u0117.<\/p>\n","protected":false},"excerpt":{"rendered":"<p>Drusk\u0173 kristalai \u0161velniai pa\u0161alina negyvas odos l\u0105steles, lengvas pilingo efektas suaktyvina kraujotak\u0105, \u0161alina toksinus (puikiai tinka pirtyje), gerina odos tonus\u0105 ir elastingum\u0105, padeda kovoti su celiulitu. Sud\u0117tyje esantis persik\u0173 ekstraktas gerina med\u017eiag\u0173 apykaitos procesus, atkuria odos hidrolipidin\u0119 mantij\u0105, u\u017epildo j\u0105 gyvybi\u0161kai reikalinga dr\u0117gme, atstato, mink\u0161tina ir pilnaverti\u0161kai maitina. Naudojimas: \u0160velniais masa\u017einiais judesiais \u012ftrinkite dr\u0117gn\u0105 k\u016bn\u0105 [&#8230;]\n","protected":false},"featured_media":892,"comment_status":"closed","ping_status":"closed","template":"","meta":[],"product_cat":[507,497,517,519],"product_tag":[],"class_list":{"0":"post-4191","1":"product","2":"type-product","3":"status-publish","4":"has-post-thumbnail","6":"product_cat-anti-celiulitine-programa","7":"product_cat-kunui","8":"product_cat-pilingai-ir-druskos","9":"product_cat-spa-technology-lt","11":"first","12":"instock","13":"shipping-taxable","14":"purchasable","15":"product-type-simple"},"yoast_head":"<!-- This site is optimized with the Yoast SEO plugin v23.6 - https:\/\/yoast.com\/wordpress\/plugins\/seo\/ -->\n<title>Druska k\u016bnui \u201eMedaus persikas\u201c, 380g. - TianDe Online Shop - Beauty &amp; Health<\/title>\n<meta name=\"robots\" content=\"index, follow, max-snippet:-1, max-image-preview:large, max-video-preview:-1\" \/>\n<link rel=\"canonical\" href=\"https:\/\/tiandeproducts.co.uk\/lt\/druska-kunui-medaus-persikas-380g\/\" \/>\n<meta property=\"og:locale\" content=\"lt_LT\" \/>\n<meta property=\"og:type\" content=\"article\" \/>\n<meta property=\"og:title\" content=\"Druska k\u016bnui \u201eMedaus persikas\u201c, 380g. - TianDe Online Shop - Beauty &amp; Health\" \/>\n<meta property=\"og:description\" content=\"Drusk\u0173 kristalai \u0161velniai pa\u0161alina negyvas odos l\u0105steles, lengvas pilingo efektas suaktyvina kraujotak\u0105, \u0161alina toksinus (puikiai tinka pirtyje), gerina odos tonus\u0105 ir elastingum\u0105, padeda kovoti su celiulitu. Sud\u0117tyje esantis persik\u0173 ekstraktas gerina med\u017eiag\u0173 apykaitos procesus, atkuria odos hidrolipidin\u0119 mantij\u0105, u\u017epildo j\u0105 gyvybi\u0161kai reikalinga dr\u0117gme, atstato, mink\u0161tina ir pilnaverti\u0161kai maitina. Naudojimas: \u0160velniais masa\u017einiais judesiais \u012ftrinkite dr\u0117gn\u0105 k\u016bn\u0105 [...]\" \/>\n<meta property=\"og:url\" content=\"https:\/\/tiandeproducts.co.uk\/lt\/druska-kunui-medaus-persikas-380g\/\" \/>\n<meta property=\"og:site_name\" content=\"TianDe Online Shop - Beauty &amp; Health\" \/>\n<meta property=\"article:publisher\" content=\"https:\/\/www.facebook.com\/tiande.products.england\/\" \/>\n<meta property=\"article:modified_time\" content=\"2020-01-01T21:18:30+00:00\" \/>\n<meta property=\"og:image\" content=\"https:\/\/tiandeproducts.co.uk\/wp-content\/uploads\/2016\/04\/30213_new.png\" \/>\n\t<meta property=\"og:image:width\" content=\"700\" \/>\n\t<meta property=\"og:image:height\" content=\"700\" \/>\n\t<meta property=\"og:image:type\" content=\"image\/png\" \/>\n<meta name=\"twitter:card\" content=\"summary_large_image\" \/>\n<meta name=\"twitter:label1\" content=\"Est. reading time\" \/>\n\t<meta name=\"twitter:data1\" content=\"1 minut\u0117\" \/>\n<script type=\"application\/ld+json\" class=\"yoast-schema-graph\">{\"@context\":\"https:\/\/schema.org\",\"@graph\":[{\"@type\":\"WebPage\",\"@id\":\"https:\/\/tiandeproducts.co.uk\/lt\/druska-kunui-medaus-persikas-380g\/\",\"url\":\"https:\/\/tiandeproducts.co.uk\/lt\/druska-kunui-medaus-persikas-380g\/\",\"name\":\"Druska k\u016bnui \u201eMedaus persikas\u201c, 380g. - TianDe Online Shop - Beauty &amp; Health\",\"isPartOf\":{\"@id\":\"https:\/\/tiandeproducts.co.uk\/#website\"},\"primaryImageOfPage\":{\"@id\":\"https:\/\/tiandeproducts.co.uk\/lt\/druska-kunui-medaus-persikas-380g\/#primaryimage\"},\"image\":{\"@id\":\"https:\/\/tiandeproducts.co.uk\/lt\/druska-kunui-medaus-persikas-380g\/#primaryimage\"},\"thumbnailUrl\":\"https:\/\/tiandeproducts.co.uk\/wp-content\/uploads\/2016\/04\/30213_new.png\",\"datePublished\":\"2016-04-07T18:15:44+00:00\",\"dateModified\":\"2020-01-01T21:18:30+00:00\",\"breadcrumb\":{\"@id\":\"https:\/\/tiandeproducts.co.uk\/lt\/druska-kunui-medaus-persikas-380g\/#breadcrumb\"},\"inLanguage\":\"lt-LT\",\"potentialAction\":[{\"@type\":\"ReadAction\",\"target\":[\"https:\/\/tiandeproducts.co.uk\/lt\/druska-kunui-medaus-persikas-380g\/\"]}]},{\"@type\":\"ImageObject\",\"inLanguage\":\"lt-LT\",\"@id\":\"https:\/\/tiandeproducts.co.uk\/lt\/druska-kunui-medaus-persikas-380g\/#primaryimage\",\"url\":\"https:\/\/tiandeproducts.co.uk\/wp-content\/uploads\/2016\/04\/30213_new.png\",\"contentUrl\":\"https:\/\/tiandeproducts.co.uk\/wp-content\/uploads\/2016\/04\/30213_new.png\",\"width\":700,\"height\":700,\"caption\":\"Honey Peach Body Salt,380g-0\"},{\"@type\":\"BreadcrumbList\",\"@id\":\"https:\/\/tiandeproducts.co.uk\/lt\/druska-kunui-medaus-persikas-380g\/#breadcrumb\",\"itemListElement\":[{\"@type\":\"ListItem\",\"position\":1,\"name\":\"Home\",\"item\":\"https:\/\/tiandeproducts.co.uk\/lt\/\"},{\"@type\":\"ListItem\",\"position\":2,\"name\":\"Shop\",\"item\":\"https:\/\/tiandeproducts.co.uk\/lt\/shop-2\/\"},{\"@type\":\"ListItem\",\"position\":3,\"name\":\"Druska k\u016bnui \u201eMedaus persikas\u201c, 380g.\"}]},{\"@type\":\"WebSite\",\"@id\":\"https:\/\/tiandeproducts.co.uk\/#website\",\"url\":\"https:\/\/tiandeproducts.co.uk\/\",\"name\":\"TianDe Online Shop - Beauty & Health\",\"description\":\"Traditional Chinese Medicine\",\"potentialAction\":[{\"@type\":\"SearchAction\",\"target\":{\"@type\":\"EntryPoint\",\"urlTemplate\":\"https:\/\/tiandeproducts.co.uk\/?s={search_term_string}\"},\"query-input\":{\"@type\":\"PropertyValueSpecification\",\"valueRequired\":true,\"valueName\":\"search_term_string\"}}],\"inLanguage\":\"lt-LT\"}]}<\/script>\n<!-- \/ Yoast SEO plugin. -->","yoast_head_json":{"title":"Druska k\u016bnui \u201eMedaus persikas\u201c, 380g. - TianDe Online Shop - Beauty &amp; Health","robots":{"index":"index","follow":"follow","max-snippet":"max-snippet:-1","max-image-preview":"max-image-preview:large","max-video-preview":"max-video-preview:-1"},"canonical":"https:\/\/tiandeproducts.co.uk\/lt\/druska-kunui-medaus-persikas-380g\/","og_locale":"lt_LT","og_type":"article","og_title":"Druska k\u016bnui \u201eMedaus persikas\u201c, 380g. - TianDe Online Shop - Beauty &amp; Health","og_description":"Drusk\u0173 kristalai \u0161velniai pa\u0161alina negyvas odos l\u0105steles, lengvas pilingo efektas suaktyvina kraujotak\u0105, \u0161alina toksinus (puikiai tinka pirtyje), gerina odos tonus\u0105 ir elastingum\u0105, padeda kovoti su celiulitu. Sud\u0117tyje esantis persik\u0173 ekstraktas gerina med\u017eiag\u0173 apykaitos procesus, atkuria odos hidrolipidin\u0119 mantij\u0105, u\u017epildo j\u0105 gyvybi\u0161kai reikalinga dr\u0117gme, atstato, mink\u0161tina ir pilnaverti\u0161kai maitina. Naudojimas: \u0160velniais masa\u017einiais judesiais \u012ftrinkite dr\u0117gn\u0105 k\u016bn\u0105 [...]","og_url":"https:\/\/tiandeproducts.co.uk\/lt\/druska-kunui-medaus-persikas-380g\/","og_site_name":"TianDe Online Shop - Beauty &amp; Health","article_publisher":"https:\/\/www.facebook.com\/tiande.products.england\/","article_modified_time":"2020-01-01T21:18:30+00:00","og_image":[{"width":700,"height":700,"url":"https:\/\/tiandeproducts.co.uk\/wp-content\/uploads\/2016\/04\/30213_new.png","type":"image\/png"}],"twitter_card":"summary_large_image","twitter_misc":{"Est. reading time":"1 minut\u0117"},"schema":{"@context":"https:\/\/schema.org","@graph":[{"@type":"WebPage","@id":"https:\/\/tiandeproducts.co.uk\/lt\/druska-kunui-medaus-persikas-380g\/","url":"https:\/\/tiandeproducts.co.uk\/lt\/druska-kunui-medaus-persikas-380g\/","name":"Druska k\u016bnui \u201eMedaus persikas\u201c, 380g. - TianDe Online Shop - Beauty &amp; Health","isPartOf":{"@id":"https:\/\/tiandeproducts.co.uk\/#website"},"primaryImageOfPage":{"@id":"https:\/\/tiandeproducts.co.uk\/lt\/druska-kunui-medaus-persikas-380g\/#primaryimage"},"image":{"@id":"https:\/\/tiandeproducts.co.uk\/lt\/druska-kunui-medaus-persikas-380g\/#primaryimage"},"thumbnailUrl":"https:\/\/tiandeproducts.co.uk\/wp-content\/uploads\/2016\/04\/30213_new.png","datePublished":"2016-04-07T18:15:44+00:00","dateModified":"2020-01-01T21:18:30+00:00","breadcrumb":{"@id":"https:\/\/tiandeproducts.co.uk\/lt\/druska-kunui-medaus-persikas-380g\/#breadcrumb"},"inLanguage":"lt-LT","potentialAction":[{"@type":"ReadAction","target":["https:\/\/tiandeproducts.co.uk\/lt\/druska-kunui-medaus-persikas-380g\/"]}]},{"@type":"ImageObject","inLanguage":"lt-LT","@id":"https:\/\/tiandeproducts.co.uk\/lt\/druska-kunui-medaus-persikas-380g\/#primaryimage","url":"https:\/\/tiandeproducts.co.uk\/wp-content\/uploads\/2016\/04\/30213_new.png","contentUrl":"https:\/\/tiandeproducts.co.uk\/wp-content\/uploads\/2016\/04\/30213_new.png","width":700,"height":700,"caption":"Honey Peach Body Salt,380g-0"},{"@type":"BreadcrumbList","@id":"https:\/\/tiandeproducts.co.uk\/lt\/druska-kunui-medaus-persikas-380g\/#breadcrumb","itemListElement":[{"@type":"ListItem","position":1,"name":"Home","item":"https:\/\/tiandeproducts.co.uk\/lt\/"},{"@type":"ListItem","position":2,"name":"Shop","item":"https:\/\/tiandeproducts.co.uk\/lt\/shop-2\/"},{"@type":"ListItem","position":3,"name":"Druska k\u016bnui \u201eMedaus persikas\u201c, 380g."}]},{"@type":"WebSite","@id":"https:\/\/tiandeproducts.co.uk\/#website","url":"https:\/\/tiandeproducts.co.uk\/","name":"TianDe Online Shop - Beauty & Health","description":"Traditional Chinese Medicine","potentialAction":[{"@type":"SearchAction","target":{"@type":"EntryPoint","urlTemplate":"https:\/\/tiandeproducts.co.uk\/?s={search_term_string}"},"query-input":{"@type":"PropertyValueSpecification","valueRequired":true,"valueName":"search_term_string"}}],"inLanguage":"lt-LT"}]}},"_links":{"self":[{"href":"https:\/\/tiandeproducts.co.uk\/lt\/wp-json\/wp\/v2\/product\/4191","targetHints":{"allow":["GET"]}}],"collection":[{"href":"https:\/\/tiandeproducts.co.uk\/lt\/wp-json\/wp\/v2\/product"}],"about":[{"href":"https:\/\/tiandeproducts.co.uk\/lt\/wp-json\/wp\/v2\/types\/product"}],"replies":[{"embeddable":true,"href":"https:\/\/tiandeproducts.co.uk\/lt\/wp-json\/wp\/v2\/comments?post=4191"}],"wp:featuredmedia":[{"embeddable":true,"href":"https:\/\/tiandeproducts.co.uk\/lt\/wp-json\/wp\/v2\/media\/892"}],"wp:attachment":[{"href":"https:\/\/tiandeproducts.co.uk\/lt\/wp-json\/wp\/v2\/media?parent=4191"}],"wp:term":[{"taxonomy":"product_cat","embeddable":true,"href":"https:\/\/tiandeproducts.co.uk\/lt\/wp-json\/wp\/v2\/product_cat?post=4191"},{"taxonomy":"product_tag","embeddable":true,"href":"https:\/\/tiandeproducts.co.uk\/lt\/wp-json\/wp\/v2\/product_tag?post=4191"}],"curies":[{"name":"wp","href":"https:\/\/api.w.org\/{rel}","templated":true}]}}