{"id":4181,"date":"2016-04-19T22:27:06","date_gmt":"2016-04-19T21:27:06","guid":{"rendered":"https:\/\/tnd.ontesting.co.uk\/jauninanti-kauke-veidui-ir-kaklui-koenzimas-q10-35-g\/"},"modified":"2020-03-01T15:03:15","modified_gmt":"2020-03-01T15:03:15","slug":"jauninanti-kauke-veidui-ir-kaklui-koenzimas-q10-35-g","status":"publish","type":"product","link":"https:\/\/tiandeproducts.co.uk\/lt\/jauninanti-kauke-veidui-ir-kaklui-koenzimas-q10-35-g\/","title":{"rendered":"Jauninanti kauk\u0117 veidui ir kaklui \u201eKoenzimas Q10\u201c 35 g."},"content":{"rendered":"<p>Pagerina odos vidini\u0173 sluoksni\u0173 strukt\u016br\u0105. Kofermentas Q10 ir kolagenas padeda suma\u017einti rauk\u0161li\u0173 gyl\u012f, gerina odos elastingum\u0105, lygina mikroreljef\u0105, suma\u017eina paraudim\u0105 ir sudirginim\u0105.<\/p>\n<p><strong>Naudojimas:<\/strong> u\u017ed\u0117kite kauk\u0119 audinio puse ant nuvalytos veido odos kryptimi nuo vir\u0161aus \u012f apa\u010di\u0105, palaipsniui atskiriant perlamutrin\u0119 pl\u0117vel\u0119. Po 15-20 minu\u010di\u0173 nuimkite kauk\u0119, nuplaukite veid\u0105 vandeniu ar lengvai \u012fmasa\u017euokite \u012f od\u0105 kauk\u0117s liku\u010dius, kol visi\u0161kai \u012fsigers.<\/p>\n","protected":false},"excerpt":{"rendered":"<p>Pagerina odos vidini\u0173 sluoksni\u0173 strukt\u016br\u0105. Kofermentas Q10 ir kolagenas padeda suma\u017einti rauk\u0161li\u0173 gyl\u012f, gerina odos elastingum\u0105, lygina mikroreljef\u0105, suma\u017eina paraudim\u0105 ir sudirginim\u0105. Naudojimas: u\u017ed\u0117kite kauk\u0119 audinio puse ant nuvalytos veido odos kryptimi nuo vir\u0161aus \u012f apa\u010di\u0105, palaipsniui atskiriant perlamutrin\u0119 pl\u0117vel\u0119. Po 15-20 minu\u010di\u0173 nuimkite kauk\u0119, nuplaukite veid\u0105 vandeniu ar lengvai \u012fmasa\u017euokite \u012f od\u0105 kauk\u0117s liku\u010dius, [&#8230;]\n","protected":false},"featured_media":1010,"comment_status":"closed","ping_status":"closed","template":"","meta":[],"product_cat":[562,571,563,584,506],"product_tag":[],"class_list":{"0":"post-4181","1":"product","2":"type-product","3":"status-publish","4":"has-post-thumbnail","6":"product_cat-kaukes-lt","7":"product_cat-liftingas","8":"product_cat-odos-elastngumas","9":"product_cat-pro-comfort-lt","10":"product_cat-veidui","12":"first","13":"instock","14":"shipping-taxable","15":"purchasable","16":"product-type-simple"},"yoast_head":"<!-- This site is optimized with the Yoast SEO plugin v23.6 - https:\/\/yoast.com\/wordpress\/plugins\/seo\/ -->\n<title>Jauninanti kauk\u0117 veidui ir kaklui \u201eKoenzimas Q10\u201c 35 g. - TianDe Online Shop - Beauty &amp; Health<\/title>\n<meta name=\"robots\" content=\"index, follow, max-snippet:-1, max-image-preview:large, max-video-preview:-1\" \/>\n<link rel=\"canonical\" href=\"https:\/\/tiandeproducts.co.uk\/lt\/jauninanti-kauke-veidui-ir-kaklui-koenzimas-q10-35-g\/\" \/>\n<meta property=\"og:locale\" content=\"lt_LT\" \/>\n<meta property=\"og:type\" content=\"article\" \/>\n<meta property=\"og:title\" content=\"Jauninanti kauk\u0117 veidui ir kaklui \u201eKoenzimas Q10\u201c 35 g. - TianDe Online Shop - Beauty &amp; Health\" \/>\n<meta property=\"og:description\" content=\"Pagerina odos vidini\u0173 sluoksni\u0173 strukt\u016br\u0105. Kofermentas Q10 ir kolagenas padeda suma\u017einti rauk\u0161li\u0173 gyl\u012f, gerina odos elastingum\u0105, lygina mikroreljef\u0105, suma\u017eina paraudim\u0105 ir sudirginim\u0105. Naudojimas: u\u017ed\u0117kite kauk\u0119 audinio puse ant nuvalytos veido odos kryptimi nuo vir\u0161aus \u012f apa\u010di\u0105, palaipsniui atskiriant perlamutrin\u0119 pl\u0117vel\u0119. Po 15-20 minu\u010di\u0173 nuimkite kauk\u0119, nuplaukite veid\u0105 vandeniu ar lengvai \u012fmasa\u017euokite \u012f od\u0105 kauk\u0117s liku\u010dius, [...]\" \/>\n<meta property=\"og:url\" content=\"https:\/\/tiandeproducts.co.uk\/lt\/jauninanti-kauke-veidui-ir-kaklui-koenzimas-q10-35-g\/\" \/>\n<meta property=\"og:site_name\" content=\"TianDe Online Shop - Beauty &amp; Health\" \/>\n<meta property=\"article:publisher\" content=\"https:\/\/www.facebook.com\/tiande.products.england\/\" \/>\n<meta property=\"article:modified_time\" content=\"2020-03-01T15:03:15+00:00\" \/>\n<meta property=\"og:image\" content=\"https:\/\/tiandeproducts.co.uk\/wp-content\/uploads\/2016\/04\/52903_new.png\" \/>\n\t<meta property=\"og:image:width\" content=\"700\" \/>\n\t<meta property=\"og:image:height\" content=\"700\" \/>\n\t<meta property=\"og:image:type\" content=\"image\/png\" \/>\n<meta name=\"twitter:card\" content=\"summary_large_image\" \/>\n<script type=\"application\/ld+json\" class=\"yoast-schema-graph\">{\"@context\":\"https:\/\/schema.org\",\"@graph\":[{\"@type\":\"WebPage\",\"@id\":\"https:\/\/tiandeproducts.co.uk\/lt\/jauninanti-kauke-veidui-ir-kaklui-koenzimas-q10-35-g\/\",\"url\":\"https:\/\/tiandeproducts.co.uk\/lt\/jauninanti-kauke-veidui-ir-kaklui-koenzimas-q10-35-g\/\",\"name\":\"Jauninanti kauk\u0117 veidui ir kaklui \u201eKoenzimas Q10\u201c 35 g. - TianDe Online Shop - Beauty &amp; Health\",\"isPartOf\":{\"@id\":\"https:\/\/tiandeproducts.co.uk\/#website\"},\"primaryImageOfPage\":{\"@id\":\"https:\/\/tiandeproducts.co.uk\/lt\/jauninanti-kauke-veidui-ir-kaklui-koenzimas-q10-35-g\/#primaryimage\"},\"image\":{\"@id\":\"https:\/\/tiandeproducts.co.uk\/lt\/jauninanti-kauke-veidui-ir-kaklui-koenzimas-q10-35-g\/#primaryimage\"},\"thumbnailUrl\":\"https:\/\/tiandeproducts.co.uk\/wp-content\/uploads\/2016\/04\/52903_new.png\",\"datePublished\":\"2016-04-19T21:27:06+00:00\",\"dateModified\":\"2020-03-01T15:03:15+00:00\",\"breadcrumb\":{\"@id\":\"https:\/\/tiandeproducts.co.uk\/lt\/jauninanti-kauke-veidui-ir-kaklui-koenzimas-q10-35-g\/#breadcrumb\"},\"inLanguage\":\"lt-LT\",\"potentialAction\":[{\"@type\":\"ReadAction\",\"target\":[\"https:\/\/tiandeproducts.co.uk\/lt\/jauninanti-kauke-veidui-ir-kaklui-koenzimas-q10-35-g\/\"]}]},{\"@type\":\"ImageObject\",\"inLanguage\":\"lt-LT\",\"@id\":\"https:\/\/tiandeproducts.co.uk\/lt\/jauninanti-kauke-veidui-ir-kaklui-koenzimas-q10-35-g\/#primaryimage\",\"url\":\"https:\/\/tiandeproducts.co.uk\/wp-content\/uploads\/2016\/04\/52903_new.png\",\"contentUrl\":\"https:\/\/tiandeproducts.co.uk\/wp-content\/uploads\/2016\/04\/52903_new.png\",\"width\":700,\"height\":700,\"caption\":\"Q10 Intensive Rejuvenating Face & Neck Mask,Lifting Effect,1pc-0\"},{\"@type\":\"BreadcrumbList\",\"@id\":\"https:\/\/tiandeproducts.co.uk\/lt\/jauninanti-kauke-veidui-ir-kaklui-koenzimas-q10-35-g\/#breadcrumb\",\"itemListElement\":[{\"@type\":\"ListItem\",\"position\":1,\"name\":\"Home\",\"item\":\"https:\/\/tiandeproducts.co.uk\/lt\/\"},{\"@type\":\"ListItem\",\"position\":2,\"name\":\"Shop\",\"item\":\"https:\/\/tiandeproducts.co.uk\/lt\/shop-2\/\"},{\"@type\":\"ListItem\",\"position\":3,\"name\":\"Jauninanti kauk\u0117 veidui ir kaklui \u201eKoenzimas Q10\u201c 35 g.\"}]},{\"@type\":\"WebSite\",\"@id\":\"https:\/\/tiandeproducts.co.uk\/#website\",\"url\":\"https:\/\/tiandeproducts.co.uk\/\",\"name\":\"TianDe Online Shop - Beauty & Health\",\"description\":\"Traditional Chinese Medicine\",\"potentialAction\":[{\"@type\":\"SearchAction\",\"target\":{\"@type\":\"EntryPoint\",\"urlTemplate\":\"https:\/\/tiandeproducts.co.uk\/?s={search_term_string}\"},\"query-input\":{\"@type\":\"PropertyValueSpecification\",\"valueRequired\":true,\"valueName\":\"search_term_string\"}}],\"inLanguage\":\"lt-LT\"}]}<\/script>\n<!-- \/ Yoast SEO plugin. -->","yoast_head_json":{"title":"Jauninanti kauk\u0117 veidui ir kaklui \u201eKoenzimas Q10\u201c 35 g. - TianDe Online Shop - Beauty &amp; Health","robots":{"index":"index","follow":"follow","max-snippet":"max-snippet:-1","max-image-preview":"max-image-preview:large","max-video-preview":"max-video-preview:-1"},"canonical":"https:\/\/tiandeproducts.co.uk\/lt\/jauninanti-kauke-veidui-ir-kaklui-koenzimas-q10-35-g\/","og_locale":"lt_LT","og_type":"article","og_title":"Jauninanti kauk\u0117 veidui ir kaklui \u201eKoenzimas Q10\u201c 35 g. - TianDe Online Shop - Beauty &amp; Health","og_description":"Pagerina odos vidini\u0173 sluoksni\u0173 strukt\u016br\u0105. Kofermentas Q10 ir kolagenas padeda suma\u017einti rauk\u0161li\u0173 gyl\u012f, gerina odos elastingum\u0105, lygina mikroreljef\u0105, suma\u017eina paraudim\u0105 ir sudirginim\u0105. Naudojimas: u\u017ed\u0117kite kauk\u0119 audinio puse ant nuvalytos veido odos kryptimi nuo vir\u0161aus \u012f apa\u010di\u0105, palaipsniui atskiriant perlamutrin\u0119 pl\u0117vel\u0119. Po 15-20 minu\u010di\u0173 nuimkite kauk\u0119, nuplaukite veid\u0105 vandeniu ar lengvai \u012fmasa\u017euokite \u012f od\u0105 kauk\u0117s liku\u010dius, [...]","og_url":"https:\/\/tiandeproducts.co.uk\/lt\/jauninanti-kauke-veidui-ir-kaklui-koenzimas-q10-35-g\/","og_site_name":"TianDe Online Shop - Beauty &amp; Health","article_publisher":"https:\/\/www.facebook.com\/tiande.products.england\/","article_modified_time":"2020-03-01T15:03:15+00:00","og_image":[{"width":700,"height":700,"url":"https:\/\/tiandeproducts.co.uk\/wp-content\/uploads\/2016\/04\/52903_new.png","type":"image\/png"}],"twitter_card":"summary_large_image","schema":{"@context":"https:\/\/schema.org","@graph":[{"@type":"WebPage","@id":"https:\/\/tiandeproducts.co.uk\/lt\/jauninanti-kauke-veidui-ir-kaklui-koenzimas-q10-35-g\/","url":"https:\/\/tiandeproducts.co.uk\/lt\/jauninanti-kauke-veidui-ir-kaklui-koenzimas-q10-35-g\/","name":"Jauninanti kauk\u0117 veidui ir kaklui \u201eKoenzimas Q10\u201c 35 g. - TianDe Online Shop - Beauty &amp; Health","isPartOf":{"@id":"https:\/\/tiandeproducts.co.uk\/#website"},"primaryImageOfPage":{"@id":"https:\/\/tiandeproducts.co.uk\/lt\/jauninanti-kauke-veidui-ir-kaklui-koenzimas-q10-35-g\/#primaryimage"},"image":{"@id":"https:\/\/tiandeproducts.co.uk\/lt\/jauninanti-kauke-veidui-ir-kaklui-koenzimas-q10-35-g\/#primaryimage"},"thumbnailUrl":"https:\/\/tiandeproducts.co.uk\/wp-content\/uploads\/2016\/04\/52903_new.png","datePublished":"2016-04-19T21:27:06+00:00","dateModified":"2020-03-01T15:03:15+00:00","breadcrumb":{"@id":"https:\/\/tiandeproducts.co.uk\/lt\/jauninanti-kauke-veidui-ir-kaklui-koenzimas-q10-35-g\/#breadcrumb"},"inLanguage":"lt-LT","potentialAction":[{"@type":"ReadAction","target":["https:\/\/tiandeproducts.co.uk\/lt\/jauninanti-kauke-veidui-ir-kaklui-koenzimas-q10-35-g\/"]}]},{"@type":"ImageObject","inLanguage":"lt-LT","@id":"https:\/\/tiandeproducts.co.uk\/lt\/jauninanti-kauke-veidui-ir-kaklui-koenzimas-q10-35-g\/#primaryimage","url":"https:\/\/tiandeproducts.co.uk\/wp-content\/uploads\/2016\/04\/52903_new.png","contentUrl":"https:\/\/tiandeproducts.co.uk\/wp-content\/uploads\/2016\/04\/52903_new.png","width":700,"height":700,"caption":"Q10 Intensive Rejuvenating Face & Neck Mask,Lifting Effect,1pc-0"},{"@type":"BreadcrumbList","@id":"https:\/\/tiandeproducts.co.uk\/lt\/jauninanti-kauke-veidui-ir-kaklui-koenzimas-q10-35-g\/#breadcrumb","itemListElement":[{"@type":"ListItem","position":1,"name":"Home","item":"https:\/\/tiandeproducts.co.uk\/lt\/"},{"@type":"ListItem","position":2,"name":"Shop","item":"https:\/\/tiandeproducts.co.uk\/lt\/shop-2\/"},{"@type":"ListItem","position":3,"name":"Jauninanti kauk\u0117 veidui ir kaklui \u201eKoenzimas Q10\u201c 35 g."}]},{"@type":"WebSite","@id":"https:\/\/tiandeproducts.co.uk\/#website","url":"https:\/\/tiandeproducts.co.uk\/","name":"TianDe Online Shop - Beauty & Health","description":"Traditional Chinese Medicine","potentialAction":[{"@type":"SearchAction","target":{"@type":"EntryPoint","urlTemplate":"https:\/\/tiandeproducts.co.uk\/?s={search_term_string}"},"query-input":{"@type":"PropertyValueSpecification","valueRequired":true,"valueName":"search_term_string"}}],"inLanguage":"lt-LT"}]}},"_links":{"self":[{"href":"https:\/\/tiandeproducts.co.uk\/lt\/wp-json\/wp\/v2\/product\/4181","targetHints":{"allow":["GET"]}}],"collection":[{"href":"https:\/\/tiandeproducts.co.uk\/lt\/wp-json\/wp\/v2\/product"}],"about":[{"href":"https:\/\/tiandeproducts.co.uk\/lt\/wp-json\/wp\/v2\/types\/product"}],"replies":[{"embeddable":true,"href":"https:\/\/tiandeproducts.co.uk\/lt\/wp-json\/wp\/v2\/comments?post=4181"}],"wp:featuredmedia":[{"embeddable":true,"href":"https:\/\/tiandeproducts.co.uk\/lt\/wp-json\/wp\/v2\/media\/1010"}],"wp:attachment":[{"href":"https:\/\/tiandeproducts.co.uk\/lt\/wp-json\/wp\/v2\/media?parent=4181"}],"wp:term":[{"taxonomy":"product_cat","embeddable":true,"href":"https:\/\/tiandeproducts.co.uk\/lt\/wp-json\/wp\/v2\/product_cat?post=4181"},{"taxonomy":"product_tag","embeddable":true,"href":"https:\/\/tiandeproducts.co.uk\/lt\/wp-json\/wp\/v2\/product_tag?post=4181"}],"curies":[{"name":"wp","href":"https:\/\/api.w.org\/{rel}","templated":true}]}}