{"id":4178,"date":"2016-04-20T13:42:56","date_gmt":"2016-04-20T12:42:56","guid":{"rendered":"https:\/\/tnd.ontesting.co.uk\/kauke-odai-aplink-akis-nuo-rauksliu-su-100-kolageno-8g-3g\/"},"modified":"2019-09-19T11:10:56","modified_gmt":"2019-09-19T10:10:56","slug":"kauke-odai-aplink-akis-nuo-rauksliu-su-100-kolageno-8g-3g","status":"publish","type":"product","link":"https:\/\/tiandeproducts.co.uk\/lt\/kauke-odai-aplink-akis-nuo-rauksliu-su-100-kolageno-8g-3g\/","title":{"rendered":"Kauk\u0117 odai aplink akis nuo rauk\u0161li\u0173 su 100% kolageno, 8g.+3g."},"content":{"rendered":"<p>Kauk\u0117 greitai sprend\u017eia su paaki\u0173 ir vok\u0173 oda susijusias problemas: patinimus, juodus ratilus aplink akis, rauk\u0161leles. Kauk\u0117 pagaminta 100% kolageno pagrindu. Aktyvus kolagenas turi i\u0161skirtin\u012f liftingo efekt\u0105. Veikliosios j\u016bros dumbli\u0173 ekstrakto med\u017eiagos dr\u0117kina i\u0161saus\u0117jusi\u0105 ir plon\u0105 paaki\u0173 zon\u0105 ir i\u0161laiko odos dr\u0117gm\u0119 ilg\u0105 laik\u0105, gerina odos spalv\u0105, lygina smulkias rauk\u0161leles, mink\u0161tina, stimuliuoja l\u0105steli\u0173 atsinaujinim\u0105.<\/p>\n<p>Pakuot\u0117je yra dvi kosmetin\u0117s priemon\u0117s &#8211; kauk\u0117s mulia\u017eas ir atstatomoji\u00a0emulsija. Emulsijos sud\u0117tyje esantys keramidai ir bioauksas saugo od\u0105 nuo dr\u0117gm\u0117s praradimo, maitina, mink\u0161tina ir suteikia ypating\u0105 apsaug\u0105 nuo negatyvaus aplinkos poveikio.<\/p>\n<p><strong>Naudojimas:<\/strong><br \/>\n1. Ant \u0161varios odos u\u017ed\u0117kite kauk\u0119 ir laikykite 15 &#8211; 20 min. Po to nuimkite, nuplaukite kauk\u0117s liku\u010dius miceliniu vandeniu.<br \/>\n2. Nusausint\u0105 od\u0105\u00a0\u0161velniai patap\u0161nokite nedideliu kiekiu emulsijos ir \u0161velniais judesiais paskirstykite.<br \/>\nRekomenduojamas kursas &#8211; 7-10 kompleksini\u0173 proced\u016br\u0173 kas antr\u0105 dien\u0105, 2 val. prie\u0161 mieg\u0105.<\/p>\n<p><strong>Veikliosios med\u017eiagos:<\/strong><\/p>\n<p><strong>Kolagenas<\/strong>\u00a0&#8211; baltymas, suteikiantis odai stangrumo ir u\u017etikrinantis tinkam\u0105 dr\u0117kinimo sistem\u0105. Kolagenas pagerina odos elastingum\u0105, palaiko optimal\u0173 dr\u0117gm\u0117s lyg\u012f, padeda i\u0161lyginti rauk\u0161les, tod\u0117l oda tampa \u0161velni ir mink\u0161ta.<\/p>\n<p><strong>Mi\u0161kini\u0173 dede\u0161v\u0173 lap\u0173 ekstrakte<\/strong>\u00a0yra nema\u017eai organini\u0173 r\u016bg\u0161\u010di\u0173, vitamino C , karotino. Ekstraktas naudojamas apsaugoti od\u0105 nuo bet koki\u0173 u\u017edegimini\u0173 proces\u0173, paraudim\u0173, sudirgimo, negatyvaus i\u0161or\u0117s poveikio.<\/p>\n<p><strong>\u017den\u0161enio \u0161aknies ekstraktas<\/strong>\u00a0vienas i\u0161 labiausiai pasaulyje naudojam\u0173 vaistini\u0173 augal\u0173, kuris pasi\u017eymi ypa\u010d plataus spektro poveikiu: aktyvina organizmo biocheminius procesus, gerina kraujo gamyb\u0105, turi prie\u0161u\u017edegimin\u012f poveik\u012f, suteikia energijos ir apsaugo nuo nuovargio.<\/p>\n<p><strong>Dumbli\u0173 ekstraktas<\/strong>\u00a0apr\u016bpina od\u0105 mikroelementais, vitaminais ir aminor\u016bg\u0161timis, subalansuoja biocheminius procesus odoje bei riebaliniame audinyje. \u0160iuose dumbliuose ypa\u010d gausu mineral\u0173 ir polisacharid\u0173, kurie u\u017etikrina ilgalaik\u012f gilumin\u012f odos dr\u0117kinim\u0105.<\/p>\n","protected":false},"excerpt":{"rendered":"<p>Kauk\u0117 greitai sprend\u017eia su paaki\u0173 ir vok\u0173 oda susijusias problemas: patinimus, juodus ratilus aplink akis, rauk\u0161leles. Kauk\u0117 pagaminta 100% kolageno pagrindu. Aktyvus kolagenas turi i\u0161skirtin\u012f liftingo efekt\u0105. Veikliosios j\u016bros dumbli\u0173 ekstrakto med\u017eiagos dr\u0117kina i\u0161saus\u0117jusi\u0105 ir plon\u0105 paaki\u0173 zon\u0105 ir i\u0161laiko odos dr\u0117gm\u0119 ilg\u0105 laik\u0105, gerina odos spalv\u0105, lygina smulkias rauk\u0161leles, mink\u0161tina, stimuliuoja l\u0105steli\u0173 atsinaujinim\u0105. Pakuot\u0117je [&#8230;]\n","protected":false},"featured_media":1025,"comment_status":"closed","ping_status":"closed","template":"","meta":[],"product_cat":[560,559],"product_tag":[],"class_list":{"0":"post-4178","1":"product","2":"type-product","3":"status-publish","4":"has-post-thumbnail","6":"product_cat-paakiu-kremaiserumai","7":"product_cat-paakiu-odos-prieziura","9":"first","10":"outofstock","11":"shipping-taxable","12":"purchasable","13":"product-type-simple"},"yoast_head":"<!-- This site is optimized with the Yoast SEO plugin v23.6 - https:\/\/yoast.com\/wordpress\/plugins\/seo\/ -->\n<title>Kauk\u0117 odai aplink akis nuo rauk\u0161li\u0173 su 100% kolageno, 8g.+3g. - TianDe Online Shop - Beauty &amp; Health<\/title>\n<meta name=\"robots\" content=\"index, follow, max-snippet:-1, max-image-preview:large, max-video-preview:-1\" \/>\n<link rel=\"canonical\" href=\"https:\/\/tiandeproducts.co.uk\/lt\/kauke-odai-aplink-akis-nuo-rauksliu-su-100-kolageno-8g-3g\/\" \/>\n<meta property=\"og:locale\" content=\"lt_LT\" \/>\n<meta property=\"og:type\" content=\"article\" \/>\n<meta property=\"og:title\" content=\"Kauk\u0117 odai aplink akis nuo rauk\u0161li\u0173 su 100% kolageno, 8g.+3g. - TianDe Online Shop - Beauty &amp; Health\" \/>\n<meta property=\"og:description\" content=\"Kauk\u0117 greitai sprend\u017eia su paaki\u0173 ir vok\u0173 oda susijusias problemas: patinimus, juodus ratilus aplink akis, rauk\u0161leles. Kauk\u0117 pagaminta 100% kolageno pagrindu. Aktyvus kolagenas turi i\u0161skirtin\u012f liftingo efekt\u0105. Veikliosios j\u016bros dumbli\u0173 ekstrakto med\u017eiagos dr\u0117kina i\u0161saus\u0117jusi\u0105 ir plon\u0105 paaki\u0173 zon\u0105 ir i\u0161laiko odos dr\u0117gm\u0119 ilg\u0105 laik\u0105, gerina odos spalv\u0105, lygina smulkias rauk\u0161leles, mink\u0161tina, stimuliuoja l\u0105steli\u0173 atsinaujinim\u0105. Pakuot\u0117je [...]\" \/>\n<meta property=\"og:url\" content=\"https:\/\/tiandeproducts.co.uk\/lt\/kauke-odai-aplink-akis-nuo-rauksliu-su-100-kolageno-8g-3g\/\" \/>\n<meta property=\"og:site_name\" content=\"TianDe Online Shop - Beauty &amp; Health\" \/>\n<meta property=\"article:publisher\" content=\"https:\/\/www.facebook.com\/tiande.products.england\/\" \/>\n<meta property=\"article:modified_time\" content=\"2019-09-19T10:10:56+00:00\" \/>\n<meta property=\"og:image\" content=\"https:\/\/tiandeproducts.co.uk\/wp-content\/uploads\/2016\/04\/51401.png\" \/>\n\t<meta property=\"og:image:width\" content=\"700\" \/>\n\t<meta property=\"og:image:height\" content=\"700\" \/>\n\t<meta property=\"og:image:type\" content=\"image\/png\" \/>\n<meta name=\"twitter:card\" content=\"summary_large_image\" \/>\n<meta name=\"twitter:label1\" content=\"Est. reading time\" \/>\n\t<meta name=\"twitter:data1\" content=\"1 minut\u0117\" \/>\n<script type=\"application\/ld+json\" class=\"yoast-schema-graph\">{\"@context\":\"https:\/\/schema.org\",\"@graph\":[{\"@type\":\"WebPage\",\"@id\":\"https:\/\/tiandeproducts.co.uk\/lt\/kauke-odai-aplink-akis-nuo-rauksliu-su-100-kolageno-8g-3g\/\",\"url\":\"https:\/\/tiandeproducts.co.uk\/lt\/kauke-odai-aplink-akis-nuo-rauksliu-su-100-kolageno-8g-3g\/\",\"name\":\"Kauk\u0117 odai aplink akis nuo rauk\u0161li\u0173 su 100% kolageno, 8g.+3g. - TianDe Online Shop - Beauty &amp; Health\",\"isPartOf\":{\"@id\":\"https:\/\/tiandeproducts.co.uk\/#website\"},\"primaryImageOfPage\":{\"@id\":\"https:\/\/tiandeproducts.co.uk\/lt\/kauke-odai-aplink-akis-nuo-rauksliu-su-100-kolageno-8g-3g\/#primaryimage\"},\"image\":{\"@id\":\"https:\/\/tiandeproducts.co.uk\/lt\/kauke-odai-aplink-akis-nuo-rauksliu-su-100-kolageno-8g-3g\/#primaryimage\"},\"thumbnailUrl\":\"https:\/\/tiandeproducts.co.uk\/wp-content\/uploads\/2016\/04\/51401.png\",\"datePublished\":\"2016-04-20T12:42:56+00:00\",\"dateModified\":\"2019-09-19T10:10:56+00:00\",\"breadcrumb\":{\"@id\":\"https:\/\/tiandeproducts.co.uk\/lt\/kauke-odai-aplink-akis-nuo-rauksliu-su-100-kolageno-8g-3g\/#breadcrumb\"},\"inLanguage\":\"lt-LT\",\"potentialAction\":[{\"@type\":\"ReadAction\",\"target\":[\"https:\/\/tiandeproducts.co.uk\/lt\/kauke-odai-aplink-akis-nuo-rauksliu-su-100-kolageno-8g-3g\/\"]}]},{\"@type\":\"ImageObject\",\"inLanguage\":\"lt-LT\",\"@id\":\"https:\/\/tiandeproducts.co.uk\/lt\/kauke-odai-aplink-akis-nuo-rauksliu-su-100-kolageno-8g-3g\/#primaryimage\",\"url\":\"https:\/\/tiandeproducts.co.uk\/wp-content\/uploads\/2016\/04\/51401.png\",\"contentUrl\":\"https:\/\/tiandeproducts.co.uk\/wp-content\/uploads\/2016\/04\/51401.png\",\"width\":700,\"height\":700,\"caption\":\"Anti-Wrinkle 100% Collagen Eye Mask,8+3g-0\"},{\"@type\":\"BreadcrumbList\",\"@id\":\"https:\/\/tiandeproducts.co.uk\/lt\/kauke-odai-aplink-akis-nuo-rauksliu-su-100-kolageno-8g-3g\/#breadcrumb\",\"itemListElement\":[{\"@type\":\"ListItem\",\"position\":1,\"name\":\"Home\",\"item\":\"https:\/\/tiandeproducts.co.uk\/lt\/\"},{\"@type\":\"ListItem\",\"position\":2,\"name\":\"Shop\",\"item\":\"https:\/\/tiandeproducts.co.uk\/lt\/shop-2\/\"},{\"@type\":\"ListItem\",\"position\":3,\"name\":\"Kauk\u0117 odai aplink akis nuo rauk\u0161li\u0173 su 100% kolageno, 8g.+3g.\"}]},{\"@type\":\"WebSite\",\"@id\":\"https:\/\/tiandeproducts.co.uk\/#website\",\"url\":\"https:\/\/tiandeproducts.co.uk\/\",\"name\":\"TianDe Online Shop - Beauty & Health\",\"description\":\"Traditional Chinese Medicine\",\"potentialAction\":[{\"@type\":\"SearchAction\",\"target\":{\"@type\":\"EntryPoint\",\"urlTemplate\":\"https:\/\/tiandeproducts.co.uk\/?s={search_term_string}\"},\"query-input\":{\"@type\":\"PropertyValueSpecification\",\"valueRequired\":true,\"valueName\":\"search_term_string\"}}],\"inLanguage\":\"lt-LT\"}]}<\/script>\n<!-- \/ Yoast SEO plugin. -->","yoast_head_json":{"title":"Kauk\u0117 odai aplink akis nuo rauk\u0161li\u0173 su 100% kolageno, 8g.+3g. - TianDe Online Shop - Beauty &amp; Health","robots":{"index":"index","follow":"follow","max-snippet":"max-snippet:-1","max-image-preview":"max-image-preview:large","max-video-preview":"max-video-preview:-1"},"canonical":"https:\/\/tiandeproducts.co.uk\/lt\/kauke-odai-aplink-akis-nuo-rauksliu-su-100-kolageno-8g-3g\/","og_locale":"lt_LT","og_type":"article","og_title":"Kauk\u0117 odai aplink akis nuo rauk\u0161li\u0173 su 100% kolageno, 8g.+3g. - TianDe Online Shop - Beauty &amp; Health","og_description":"Kauk\u0117 greitai sprend\u017eia su paaki\u0173 ir vok\u0173 oda susijusias problemas: patinimus, juodus ratilus aplink akis, rauk\u0161leles. Kauk\u0117 pagaminta 100% kolageno pagrindu. Aktyvus kolagenas turi i\u0161skirtin\u012f liftingo efekt\u0105. Veikliosios j\u016bros dumbli\u0173 ekstrakto med\u017eiagos dr\u0117kina i\u0161saus\u0117jusi\u0105 ir plon\u0105 paaki\u0173 zon\u0105 ir i\u0161laiko odos dr\u0117gm\u0119 ilg\u0105 laik\u0105, gerina odos spalv\u0105, lygina smulkias rauk\u0161leles, mink\u0161tina, stimuliuoja l\u0105steli\u0173 atsinaujinim\u0105. Pakuot\u0117je [...]","og_url":"https:\/\/tiandeproducts.co.uk\/lt\/kauke-odai-aplink-akis-nuo-rauksliu-su-100-kolageno-8g-3g\/","og_site_name":"TianDe Online Shop - Beauty &amp; Health","article_publisher":"https:\/\/www.facebook.com\/tiande.products.england\/","article_modified_time":"2019-09-19T10:10:56+00:00","og_image":[{"width":700,"height":700,"url":"https:\/\/tiandeproducts.co.uk\/wp-content\/uploads\/2016\/04\/51401.png","type":"image\/png"}],"twitter_card":"summary_large_image","twitter_misc":{"Est. reading time":"1 minut\u0117"},"schema":{"@context":"https:\/\/schema.org","@graph":[{"@type":"WebPage","@id":"https:\/\/tiandeproducts.co.uk\/lt\/kauke-odai-aplink-akis-nuo-rauksliu-su-100-kolageno-8g-3g\/","url":"https:\/\/tiandeproducts.co.uk\/lt\/kauke-odai-aplink-akis-nuo-rauksliu-su-100-kolageno-8g-3g\/","name":"Kauk\u0117 odai aplink akis nuo rauk\u0161li\u0173 su 100% kolageno, 8g.+3g. - TianDe Online Shop - Beauty &amp; Health","isPartOf":{"@id":"https:\/\/tiandeproducts.co.uk\/#website"},"primaryImageOfPage":{"@id":"https:\/\/tiandeproducts.co.uk\/lt\/kauke-odai-aplink-akis-nuo-rauksliu-su-100-kolageno-8g-3g\/#primaryimage"},"image":{"@id":"https:\/\/tiandeproducts.co.uk\/lt\/kauke-odai-aplink-akis-nuo-rauksliu-su-100-kolageno-8g-3g\/#primaryimage"},"thumbnailUrl":"https:\/\/tiandeproducts.co.uk\/wp-content\/uploads\/2016\/04\/51401.png","datePublished":"2016-04-20T12:42:56+00:00","dateModified":"2019-09-19T10:10:56+00:00","breadcrumb":{"@id":"https:\/\/tiandeproducts.co.uk\/lt\/kauke-odai-aplink-akis-nuo-rauksliu-su-100-kolageno-8g-3g\/#breadcrumb"},"inLanguage":"lt-LT","potentialAction":[{"@type":"ReadAction","target":["https:\/\/tiandeproducts.co.uk\/lt\/kauke-odai-aplink-akis-nuo-rauksliu-su-100-kolageno-8g-3g\/"]}]},{"@type":"ImageObject","inLanguage":"lt-LT","@id":"https:\/\/tiandeproducts.co.uk\/lt\/kauke-odai-aplink-akis-nuo-rauksliu-su-100-kolageno-8g-3g\/#primaryimage","url":"https:\/\/tiandeproducts.co.uk\/wp-content\/uploads\/2016\/04\/51401.png","contentUrl":"https:\/\/tiandeproducts.co.uk\/wp-content\/uploads\/2016\/04\/51401.png","width":700,"height":700,"caption":"Anti-Wrinkle 100% Collagen Eye Mask,8+3g-0"},{"@type":"BreadcrumbList","@id":"https:\/\/tiandeproducts.co.uk\/lt\/kauke-odai-aplink-akis-nuo-rauksliu-su-100-kolageno-8g-3g\/#breadcrumb","itemListElement":[{"@type":"ListItem","position":1,"name":"Home","item":"https:\/\/tiandeproducts.co.uk\/lt\/"},{"@type":"ListItem","position":2,"name":"Shop","item":"https:\/\/tiandeproducts.co.uk\/lt\/shop-2\/"},{"@type":"ListItem","position":3,"name":"Kauk\u0117 odai aplink akis nuo rauk\u0161li\u0173 su 100% kolageno, 8g.+3g."}]},{"@type":"WebSite","@id":"https:\/\/tiandeproducts.co.uk\/#website","url":"https:\/\/tiandeproducts.co.uk\/","name":"TianDe Online Shop - Beauty & Health","description":"Traditional Chinese Medicine","potentialAction":[{"@type":"SearchAction","target":{"@type":"EntryPoint","urlTemplate":"https:\/\/tiandeproducts.co.uk\/?s={search_term_string}"},"query-input":{"@type":"PropertyValueSpecification","valueRequired":true,"valueName":"search_term_string"}}],"inLanguage":"lt-LT"}]}},"_links":{"self":[{"href":"https:\/\/tiandeproducts.co.uk\/lt\/wp-json\/wp\/v2\/product\/4178","targetHints":{"allow":["GET"]}}],"collection":[{"href":"https:\/\/tiandeproducts.co.uk\/lt\/wp-json\/wp\/v2\/product"}],"about":[{"href":"https:\/\/tiandeproducts.co.uk\/lt\/wp-json\/wp\/v2\/types\/product"}],"replies":[{"embeddable":true,"href":"https:\/\/tiandeproducts.co.uk\/lt\/wp-json\/wp\/v2\/comments?post=4178"}],"wp:featuredmedia":[{"embeddable":true,"href":"https:\/\/tiandeproducts.co.uk\/lt\/wp-json\/wp\/v2\/media\/1025"}],"wp:attachment":[{"href":"https:\/\/tiandeproducts.co.uk\/lt\/wp-json\/wp\/v2\/media?parent=4178"}],"wp:term":[{"taxonomy":"product_cat","embeddable":true,"href":"https:\/\/tiandeproducts.co.uk\/lt\/wp-json\/wp\/v2\/product_cat?post=4178"},{"taxonomy":"product_tag","embeddable":true,"href":"https:\/\/tiandeproducts.co.uk\/lt\/wp-json\/wp\/v2\/product_tag?post=4178"}],"curies":[{"name":"wp","href":"https:\/\/api.w.org\/{rel}","templated":true}]}}