{"id":4176,"date":"2016-04-20T19:11:16","date_gmt":"2016-04-20T18:11:16","guid":{"rendered":"https:\/\/tnd.ontesting.co.uk\/naturalaus-pluosto-kempinele-veido-valymui-koniaku-1vnt\/"},"modified":"2019-09-26T12:44:35","modified_gmt":"2019-09-26T11:44:35","slug":"naturalaus-pluosto-kempinele-veido-valymui-koniaku-1vnt","status":"publish","type":"product","link":"https:\/\/tiandeproducts.co.uk\/lt\/naturalaus-pluosto-kempinele-veido-valymui-koniaku-1vnt\/","title":{"rendered":"Nat\u016bralaus pluo\u0161to kempin\u0117l\u0117 veido valymui \u201eKoniaku\u201c, 1vnt."},"content":{"rendered":"<p>Nat\u016brali kempin\u0117 \u2013 100% augalin\u0117s kilm\u0117s produktas, skirtas veido valymui ir \u0161veitimui. Kruop\u0161\u010diai ir saugiai valo poras, ne\u017ealoja odos, dr\u0117kina ir gaivina. Mink\u0161ta strukt\u016bra idealiai tinka net jautriausios ar alergizuoti linkusios odos valymui. Puikiai telpa \u012f rankos deln\u0105, yra medvilnin\u0117 kilpel\u0117, patogu pakabinti kad i\u0161d\u017ei\u016bt\u0173. U\u017etenka tik su\u0161lapinti.<\/p>\n<p><strong>Naudojimas:<\/strong><br \/>\nSudr\u0117kinkite kempin\u0119 \u0161iltame vandenyje, u\u017epilkite truput\u012f prausiklio, suputokite, valykite veid\u0105. Po naudojimo kruop\u0161\u010diai nuplaukite ir i\u0161d\u017eiovinkite. Rekomenduojama naudoti 1-3 kartus per savait\u0119, priklausomai poreikio. Kempin\u0119 galima naudoti atskirai, galima kartu su bet kuriuo veido prausikliu.<\/p>\n<p><strong>Veikliosios med\u017eiagos:<\/strong><\/p>\n<p><strong>Leopardinio amorfofalo \u0161aknies milteliai<\/strong>\u00a0&#8211; \u0161alina ne\u0161varumus, surag\u0117jus\u012f odos sluoksn\u012f, dr\u0117kina.<\/p>\n","protected":false},"excerpt":{"rendered":"<p>Nat\u016brali kempin\u0117 \u2013 100% augalin\u0117s kilm\u0117s produktas, skirtas veido valymui ir \u0161veitimui. Kruop\u0161\u010diai ir saugiai valo poras, ne\u017ealoja odos, dr\u0117kina ir gaivina. Mink\u0161ta strukt\u016bra idealiai tinka net jautriausios ar alergizuoti linkusios odos valymui. Puikiai telpa \u012f rankos deln\u0105, yra medvilnin\u0117 kilpel\u0117, patogu pakabinti kad i\u0161d\u017ei\u016bt\u0173. U\u017etenka tik su\u0161lapinti. Naudojimas: Sudr\u0117kinkite kempin\u0119 \u0161iltame vandenyje, u\u017epilkite truput\u012f [&#8230;]\n","protected":false},"featured_media":1060,"comment_status":"closed","ping_status":"closed","template":"","meta":[],"product_cat":[461,470,532,467,488,506],"product_tag":[],"class_list":{"0":"post-4176","1":"product","2":"type-product","3":"status-publish","4":"has-post-thumbnail","6":"product_cat-aksesuarai","7":"product_cat-ekosfera","8":"product_cat-jautriai-odai","9":"product_cat-kosmetikos-reikmenys","10":"product_cat-odos-valymas","11":"product_cat-veidui","13":"first","14":"outofstock","15":"shipping-taxable","16":"purchasable","17":"product-type-simple"},"yoast_head":"<!-- This site is optimized with the Yoast SEO plugin v23.6 - https:\/\/yoast.com\/wordpress\/plugins\/seo\/ -->\n<title>Nat\u016bralaus pluo\u0161to kempin\u0117l\u0117 veido valymui \u201eKoniaku\u201c, 1vnt. - TianDe Online Shop - Beauty &amp; Health<\/title>\n<meta name=\"robots\" content=\"index, follow, max-snippet:-1, max-image-preview:large, max-video-preview:-1\" \/>\n<link rel=\"canonical\" href=\"https:\/\/tiandeproducts.co.uk\/lt\/naturalaus-pluosto-kempinele-veido-valymui-koniaku-1vnt\/\" \/>\n<meta property=\"og:locale\" content=\"lt_LT\" \/>\n<meta property=\"og:type\" content=\"article\" \/>\n<meta property=\"og:title\" content=\"Nat\u016bralaus pluo\u0161to kempin\u0117l\u0117 veido valymui \u201eKoniaku\u201c, 1vnt. - TianDe Online Shop - Beauty &amp; Health\" \/>\n<meta property=\"og:description\" content=\"Nat\u016brali kempin\u0117 \u2013 100% augalin\u0117s kilm\u0117s produktas, skirtas veido valymui ir \u0161veitimui. Kruop\u0161\u010diai ir saugiai valo poras, ne\u017ealoja odos, dr\u0117kina ir gaivina. Mink\u0161ta strukt\u016bra idealiai tinka net jautriausios ar alergizuoti linkusios odos valymui. Puikiai telpa \u012f rankos deln\u0105, yra medvilnin\u0117 kilpel\u0117, patogu pakabinti kad i\u0161d\u017ei\u016bt\u0173. U\u017etenka tik su\u0161lapinti. Naudojimas: Sudr\u0117kinkite kempin\u0119 \u0161iltame vandenyje, u\u017epilkite truput\u012f [...]\" \/>\n<meta property=\"og:url\" content=\"https:\/\/tiandeproducts.co.uk\/lt\/naturalaus-pluosto-kempinele-veido-valymui-koniaku-1vnt\/\" \/>\n<meta property=\"og:site_name\" content=\"TianDe Online Shop - Beauty &amp; Health\" \/>\n<meta property=\"article:publisher\" content=\"https:\/\/www.facebook.com\/tiande.products.england\/\" \/>\n<meta property=\"article:modified_time\" content=\"2019-09-26T11:44:35+00:00\" \/>\n<meta property=\"og:image\" content=\"https:\/\/tiandeproducts.co.uk\/wp-content\/uploads\/2016\/04\/94304.png\" \/>\n\t<meta property=\"og:image:width\" content=\"700\" \/>\n\t<meta property=\"og:image:height\" content=\"700\" \/>\n\t<meta property=\"og:image:type\" content=\"image\/png\" \/>\n<meta name=\"twitter:card\" content=\"summary_large_image\" \/>\n<meta name=\"twitter:label1\" content=\"Est. reading time\" \/>\n\t<meta name=\"twitter:data1\" content=\"1 minut\u0117\" \/>\n<script type=\"application\/ld+json\" class=\"yoast-schema-graph\">{\"@context\":\"https:\/\/schema.org\",\"@graph\":[{\"@type\":\"WebPage\",\"@id\":\"https:\/\/tiandeproducts.co.uk\/lt\/naturalaus-pluosto-kempinele-veido-valymui-koniaku-1vnt\/\",\"url\":\"https:\/\/tiandeproducts.co.uk\/lt\/naturalaus-pluosto-kempinele-veido-valymui-koniaku-1vnt\/\",\"name\":\"Nat\u016bralaus pluo\u0161to kempin\u0117l\u0117 veido valymui \u201eKoniaku\u201c, 1vnt. - TianDe Online Shop - Beauty &amp; Health\",\"isPartOf\":{\"@id\":\"https:\/\/tiandeproducts.co.uk\/#website\"},\"primaryImageOfPage\":{\"@id\":\"https:\/\/tiandeproducts.co.uk\/lt\/naturalaus-pluosto-kempinele-veido-valymui-koniaku-1vnt\/#primaryimage\"},\"image\":{\"@id\":\"https:\/\/tiandeproducts.co.uk\/lt\/naturalaus-pluosto-kempinele-veido-valymui-koniaku-1vnt\/#primaryimage\"},\"thumbnailUrl\":\"https:\/\/tiandeproducts.co.uk\/wp-content\/uploads\/2016\/04\/94304.png\",\"datePublished\":\"2016-04-20T18:11:16+00:00\",\"dateModified\":\"2019-09-26T11:44:35+00:00\",\"breadcrumb\":{\"@id\":\"https:\/\/tiandeproducts.co.uk\/lt\/naturalaus-pluosto-kempinele-veido-valymui-koniaku-1vnt\/#breadcrumb\"},\"inLanguage\":\"lt-LT\",\"potentialAction\":[{\"@type\":\"ReadAction\",\"target\":[\"https:\/\/tiandeproducts.co.uk\/lt\/naturalaus-pluosto-kempinele-veido-valymui-koniaku-1vnt\/\"]}]},{\"@type\":\"ImageObject\",\"inLanguage\":\"lt-LT\",\"@id\":\"https:\/\/tiandeproducts.co.uk\/lt\/naturalaus-pluosto-kempinele-veido-valymui-koniaku-1vnt\/#primaryimage\",\"url\":\"https:\/\/tiandeproducts.co.uk\/wp-content\/uploads\/2016\/04\/94304.png\",\"contentUrl\":\"https:\/\/tiandeproducts.co.uk\/wp-content\/uploads\/2016\/04\/94304.png\",\"width\":700,\"height\":700,\"caption\":\"Konjac Sponge,1pc-0\"},{\"@type\":\"BreadcrumbList\",\"@id\":\"https:\/\/tiandeproducts.co.uk\/lt\/naturalaus-pluosto-kempinele-veido-valymui-koniaku-1vnt\/#breadcrumb\",\"itemListElement\":[{\"@type\":\"ListItem\",\"position\":1,\"name\":\"Home\",\"item\":\"https:\/\/tiandeproducts.co.uk\/lt\/\"},{\"@type\":\"ListItem\",\"position\":2,\"name\":\"Shop\",\"item\":\"https:\/\/tiandeproducts.co.uk\/lt\/shop-2\/\"},{\"@type\":\"ListItem\",\"position\":3,\"name\":\"Nat\u016bralaus pluo\u0161to kempin\u0117l\u0117 veido valymui \u201eKoniaku\u201c, 1vnt.\"}]},{\"@type\":\"WebSite\",\"@id\":\"https:\/\/tiandeproducts.co.uk\/#website\",\"url\":\"https:\/\/tiandeproducts.co.uk\/\",\"name\":\"TianDe Online Shop - Beauty & Health\",\"description\":\"Traditional Chinese Medicine\",\"potentialAction\":[{\"@type\":\"SearchAction\",\"target\":{\"@type\":\"EntryPoint\",\"urlTemplate\":\"https:\/\/tiandeproducts.co.uk\/?s={search_term_string}\"},\"query-input\":{\"@type\":\"PropertyValueSpecification\",\"valueRequired\":true,\"valueName\":\"search_term_string\"}}],\"inLanguage\":\"lt-LT\"}]}<\/script>\n<!-- \/ Yoast SEO plugin. -->","yoast_head_json":{"title":"Nat\u016bralaus pluo\u0161to kempin\u0117l\u0117 veido valymui \u201eKoniaku\u201c, 1vnt. - TianDe Online Shop - Beauty &amp; Health","robots":{"index":"index","follow":"follow","max-snippet":"max-snippet:-1","max-image-preview":"max-image-preview:large","max-video-preview":"max-video-preview:-1"},"canonical":"https:\/\/tiandeproducts.co.uk\/lt\/naturalaus-pluosto-kempinele-veido-valymui-koniaku-1vnt\/","og_locale":"lt_LT","og_type":"article","og_title":"Nat\u016bralaus pluo\u0161to kempin\u0117l\u0117 veido valymui \u201eKoniaku\u201c, 1vnt. - TianDe Online Shop - Beauty &amp; Health","og_description":"Nat\u016brali kempin\u0117 \u2013 100% augalin\u0117s kilm\u0117s produktas, skirtas veido valymui ir \u0161veitimui. Kruop\u0161\u010diai ir saugiai valo poras, ne\u017ealoja odos, dr\u0117kina ir gaivina. Mink\u0161ta strukt\u016bra idealiai tinka net jautriausios ar alergizuoti linkusios odos valymui. Puikiai telpa \u012f rankos deln\u0105, yra medvilnin\u0117 kilpel\u0117, patogu pakabinti kad i\u0161d\u017ei\u016bt\u0173. U\u017etenka tik su\u0161lapinti. Naudojimas: Sudr\u0117kinkite kempin\u0119 \u0161iltame vandenyje, u\u017epilkite truput\u012f [...]","og_url":"https:\/\/tiandeproducts.co.uk\/lt\/naturalaus-pluosto-kempinele-veido-valymui-koniaku-1vnt\/","og_site_name":"TianDe Online Shop - Beauty &amp; Health","article_publisher":"https:\/\/www.facebook.com\/tiande.products.england\/","article_modified_time":"2019-09-26T11:44:35+00:00","og_image":[{"width":700,"height":700,"url":"https:\/\/tiandeproducts.co.uk\/wp-content\/uploads\/2016\/04\/94304.png","type":"image\/png"}],"twitter_card":"summary_large_image","twitter_misc":{"Est. reading time":"1 minut\u0117"},"schema":{"@context":"https:\/\/schema.org","@graph":[{"@type":"WebPage","@id":"https:\/\/tiandeproducts.co.uk\/lt\/naturalaus-pluosto-kempinele-veido-valymui-koniaku-1vnt\/","url":"https:\/\/tiandeproducts.co.uk\/lt\/naturalaus-pluosto-kempinele-veido-valymui-koniaku-1vnt\/","name":"Nat\u016bralaus pluo\u0161to kempin\u0117l\u0117 veido valymui \u201eKoniaku\u201c, 1vnt. - TianDe Online Shop - Beauty &amp; Health","isPartOf":{"@id":"https:\/\/tiandeproducts.co.uk\/#website"},"primaryImageOfPage":{"@id":"https:\/\/tiandeproducts.co.uk\/lt\/naturalaus-pluosto-kempinele-veido-valymui-koniaku-1vnt\/#primaryimage"},"image":{"@id":"https:\/\/tiandeproducts.co.uk\/lt\/naturalaus-pluosto-kempinele-veido-valymui-koniaku-1vnt\/#primaryimage"},"thumbnailUrl":"https:\/\/tiandeproducts.co.uk\/wp-content\/uploads\/2016\/04\/94304.png","datePublished":"2016-04-20T18:11:16+00:00","dateModified":"2019-09-26T11:44:35+00:00","breadcrumb":{"@id":"https:\/\/tiandeproducts.co.uk\/lt\/naturalaus-pluosto-kempinele-veido-valymui-koniaku-1vnt\/#breadcrumb"},"inLanguage":"lt-LT","potentialAction":[{"@type":"ReadAction","target":["https:\/\/tiandeproducts.co.uk\/lt\/naturalaus-pluosto-kempinele-veido-valymui-koniaku-1vnt\/"]}]},{"@type":"ImageObject","inLanguage":"lt-LT","@id":"https:\/\/tiandeproducts.co.uk\/lt\/naturalaus-pluosto-kempinele-veido-valymui-koniaku-1vnt\/#primaryimage","url":"https:\/\/tiandeproducts.co.uk\/wp-content\/uploads\/2016\/04\/94304.png","contentUrl":"https:\/\/tiandeproducts.co.uk\/wp-content\/uploads\/2016\/04\/94304.png","width":700,"height":700,"caption":"Konjac Sponge,1pc-0"},{"@type":"BreadcrumbList","@id":"https:\/\/tiandeproducts.co.uk\/lt\/naturalaus-pluosto-kempinele-veido-valymui-koniaku-1vnt\/#breadcrumb","itemListElement":[{"@type":"ListItem","position":1,"name":"Home","item":"https:\/\/tiandeproducts.co.uk\/lt\/"},{"@type":"ListItem","position":2,"name":"Shop","item":"https:\/\/tiandeproducts.co.uk\/lt\/shop-2\/"},{"@type":"ListItem","position":3,"name":"Nat\u016bralaus pluo\u0161to kempin\u0117l\u0117 veido valymui \u201eKoniaku\u201c, 1vnt."}]},{"@type":"WebSite","@id":"https:\/\/tiandeproducts.co.uk\/#website","url":"https:\/\/tiandeproducts.co.uk\/","name":"TianDe Online Shop - Beauty & Health","description":"Traditional Chinese Medicine","potentialAction":[{"@type":"SearchAction","target":{"@type":"EntryPoint","urlTemplate":"https:\/\/tiandeproducts.co.uk\/?s={search_term_string}"},"query-input":{"@type":"PropertyValueSpecification","valueRequired":true,"valueName":"search_term_string"}}],"inLanguage":"lt-LT"}]}},"_links":{"self":[{"href":"https:\/\/tiandeproducts.co.uk\/lt\/wp-json\/wp\/v2\/product\/4176","targetHints":{"allow":["GET"]}}],"collection":[{"href":"https:\/\/tiandeproducts.co.uk\/lt\/wp-json\/wp\/v2\/product"}],"about":[{"href":"https:\/\/tiandeproducts.co.uk\/lt\/wp-json\/wp\/v2\/types\/product"}],"replies":[{"embeddable":true,"href":"https:\/\/tiandeproducts.co.uk\/lt\/wp-json\/wp\/v2\/comments?post=4176"}],"wp:featuredmedia":[{"embeddable":true,"href":"https:\/\/tiandeproducts.co.uk\/lt\/wp-json\/wp\/v2\/media\/1060"}],"wp:attachment":[{"href":"https:\/\/tiandeproducts.co.uk\/lt\/wp-json\/wp\/v2\/media?parent=4176"}],"wp:term":[{"taxonomy":"product_cat","embeddable":true,"href":"https:\/\/tiandeproducts.co.uk\/lt\/wp-json\/wp\/v2\/product_cat?post=4176"},{"taxonomy":"product_tag","embeddable":true,"href":"https:\/\/tiandeproducts.co.uk\/lt\/wp-json\/wp\/v2\/product_tag?post=4176"}],"curies":[{"name":"wp","href":"https:\/\/api.w.org\/{rel}","templated":true}]}}