{"id":4172,"date":"2016-04-20T19:18:31","date_gmt":"2016-04-20T18:18:31","guid":{"rendered":"https:\/\/tnd.ontesting.co.uk\/kosmetine-makiazo-kempinele%e2%80%8b%e2%80%8b-12vnt\/"},"modified":"2019-11-26T07:09:42","modified_gmt":"2019-11-26T07:09:42","slug":"kosmetine-makiazo-kempinele%e2%80%8b%e2%80%8b-12vnt","status":"publish","type":"product","link":"https:\/\/tiandeproducts.co.uk\/lt\/kosmetine-makiazo-kempinele%e2%80%8b%e2%80%8b-12vnt\/","title":{"rendered":"Kosmetin\u0117 makia\u017eo kempin\u0117l\u0117\u200b\u200b, 12vnt."},"content":{"rendered":"<p>Kempin\u0117l\u0117 greitai ir lengvai nuvalo veido od\u0105, puikiai atgaivina ir masa\u017euoja, valo poras, turi \u0161veln\u0173 \u0161veitimo poveik\u012f.<\/p>\n<p>Celiulioz\u0117 &#8211; valo ir nu\u0161vei\u010dia od\u0105, lengvai ir greitai sugeria vanden\u012f, efektyviai putoja naudojant su kitomis priemon\u0117mis.<\/p>\n<p><strong>Naudojimas:<\/strong><br \/>\nPrie\u0161 naudojant, sudr\u0117kinkite kempin\u0119 vandeniu, po naudojimo kruop\u0161\u010diai nuplaukite ir i\u0161d\u017eiovinkite.<\/p>\n","protected":false},"excerpt":{"rendered":"<p>Kempin\u0117l\u0117 greitai ir lengvai nuvalo veido od\u0105, puikiai atgaivina ir masa\u017euoja, valo poras, turi \u0161veln\u0173 \u0161veitimo poveik\u012f. Celiulioz\u0117 &#8211; valo ir nu\u0161vei\u010dia od\u0105, lengvai ir greitai sugeria vanden\u012f, efektyviai putoja naudojant su kitomis priemon\u0117mis. Naudojimas: Prie\u0161 naudojant, sudr\u0117kinkite kempin\u0119 vandeniu, po naudojimo kruop\u0161\u010diai nuplaukite ir i\u0161d\u017eiovinkite.<\/p>\n","protected":false},"featured_media":2732,"comment_status":"closed","ping_status":"closed","template":"","meta":[],"product_cat":[461,467,488,561,506],"product_tag":[],"class_list":{"0":"post-4172","1":"product","2":"type-product","3":"status-publish","4":"has-post-thumbnail","6":"product_cat-aksesuarai","7":"product_cat-kosmetikos-reikmenys","8":"product_cat-odos-valymas","9":"product_cat-veido-prausikliaipilingai","10":"product_cat-veidui","12":"first","13":"instock","14":"shipping-taxable","15":"purchasable","16":"product-type-simple"},"yoast_head":"<!-- This site is optimized with the Yoast SEO plugin v23.6 - https:\/\/yoast.com\/wordpress\/plugins\/seo\/ -->\n<title>Kosmetin\u0117 makia\u017eo kempin\u0117l\u0117\u200b\u200b, 12vnt. - TianDe Online Shop - Beauty &amp; Health<\/title>\n<meta name=\"robots\" content=\"index, follow, max-snippet:-1, max-image-preview:large, max-video-preview:-1\" \/>\n<link rel=\"canonical\" href=\"https:\/\/tiandeproducts.co.uk\/lt\/kosmetine-makiazo-kempinele\u200b\u200b-12vnt\/\" \/>\n<meta property=\"og:locale\" content=\"lt_LT\" \/>\n<meta property=\"og:type\" content=\"article\" \/>\n<meta property=\"og:title\" content=\"Kosmetin\u0117 makia\u017eo kempin\u0117l\u0117\u200b\u200b, 12vnt. - TianDe Online Shop - Beauty &amp; Health\" \/>\n<meta property=\"og:description\" content=\"Kempin\u0117l\u0117 greitai ir lengvai nuvalo veido od\u0105, puikiai atgaivina ir masa\u017euoja, valo poras, turi \u0161veln\u0173 \u0161veitimo poveik\u012f. Celiulioz\u0117 &#8211; valo ir nu\u0161vei\u010dia od\u0105, lengvai ir greitai sugeria vanden\u012f, efektyviai putoja naudojant su kitomis priemon\u0117mis. Naudojimas: Prie\u0161 naudojant, sudr\u0117kinkite kempin\u0119 vandeniu, po naudojimo kruop\u0161\u010diai nuplaukite ir i\u0161d\u017eiovinkite.\" \/>\n<meta property=\"og:url\" content=\"https:\/\/tiandeproducts.co.uk\/lt\/kosmetine-makiazo-kempinele\u200b\u200b-12vnt\/\" \/>\n<meta property=\"og:site_name\" content=\"TianDe Online Shop - Beauty &amp; Health\" \/>\n<meta property=\"article:publisher\" content=\"https:\/\/www.facebook.com\/tiande.products.england\/\" \/>\n<meta property=\"article:modified_time\" content=\"2019-11-26T07:09:42+00:00\" \/>\n<meta property=\"og:image\" content=\"https:\/\/tiandeproducts.co.uk\/wp-content\/uploads\/90136a-600x600.png\" \/>\n\t<meta property=\"og:image:width\" content=\"600\" \/>\n\t<meta property=\"og:image:height\" content=\"600\" \/>\n\t<meta property=\"og:image:type\" content=\"image\/png\" \/>\n<meta name=\"twitter:card\" content=\"summary_large_image\" \/>\n<script type=\"application\/ld+json\" class=\"yoast-schema-graph\">{\"@context\":\"https:\/\/schema.org\",\"@graph\":[{\"@type\":\"WebPage\",\"@id\":\"https:\/\/tiandeproducts.co.uk\/lt\/kosmetine-makiazo-kempinele%e2%80%8b%e2%80%8b-12vnt\/\",\"url\":\"https:\/\/tiandeproducts.co.uk\/lt\/kosmetine-makiazo-kempinele%e2%80%8b%e2%80%8b-12vnt\/\",\"name\":\"Kosmetin\u0117 makia\u017eo kempin\u0117l\u0117\u200b\u200b, 12vnt. - TianDe Online Shop - Beauty &amp; Health\",\"isPartOf\":{\"@id\":\"https:\/\/tiandeproducts.co.uk\/#website\"},\"primaryImageOfPage\":{\"@id\":\"https:\/\/tiandeproducts.co.uk\/lt\/kosmetine-makiazo-kempinele%e2%80%8b%e2%80%8b-12vnt\/#primaryimage\"},\"image\":{\"@id\":\"https:\/\/tiandeproducts.co.uk\/lt\/kosmetine-makiazo-kempinele%e2%80%8b%e2%80%8b-12vnt\/#primaryimage\"},\"thumbnailUrl\":\"https:\/\/tiandeproducts.co.uk\/wp-content\/uploads\/90136a-600x600.png\",\"datePublished\":\"2016-04-20T18:18:31+00:00\",\"dateModified\":\"2019-11-26T07:09:42+00:00\",\"breadcrumb\":{\"@id\":\"https:\/\/tiandeproducts.co.uk\/lt\/kosmetine-makiazo-kempinele%e2%80%8b%e2%80%8b-12vnt\/#breadcrumb\"},\"inLanguage\":\"lt-LT\",\"potentialAction\":[{\"@type\":\"ReadAction\",\"target\":[\"https:\/\/tiandeproducts.co.uk\/lt\/kosmetine-makiazo-kempinele%e2%80%8b%e2%80%8b-12vnt\/\"]}]},{\"@type\":\"ImageObject\",\"inLanguage\":\"lt-LT\",\"@id\":\"https:\/\/tiandeproducts.co.uk\/lt\/kosmetine-makiazo-kempinele%e2%80%8b%e2%80%8b-12vnt\/#primaryimage\",\"url\":\"https:\/\/tiandeproducts.co.uk\/wp-content\/uploads\/90136a-600x600.png\",\"contentUrl\":\"https:\/\/tiandeproducts.co.uk\/wp-content\/uploads\/90136a-600x600.png\",\"width\":600,\"height\":600},{\"@type\":\"BreadcrumbList\",\"@id\":\"https:\/\/tiandeproducts.co.uk\/lt\/kosmetine-makiazo-kempinele%e2%80%8b%e2%80%8b-12vnt\/#breadcrumb\",\"itemListElement\":[{\"@type\":\"ListItem\",\"position\":1,\"name\":\"Home\",\"item\":\"https:\/\/tiandeproducts.co.uk\/lt\/\"},{\"@type\":\"ListItem\",\"position\":2,\"name\":\"Shop\",\"item\":\"https:\/\/tiandeproducts.co.uk\/lt\/shop-2\/\"},{\"@type\":\"ListItem\",\"position\":3,\"name\":\"Kosmetin\u0117 makia\u017eo kempin\u0117l\u0117\u200b\u200b, 12vnt.\"}]},{\"@type\":\"WebSite\",\"@id\":\"https:\/\/tiandeproducts.co.uk\/#website\",\"url\":\"https:\/\/tiandeproducts.co.uk\/\",\"name\":\"TianDe Online Shop - Beauty & Health\",\"description\":\"Traditional Chinese Medicine\",\"potentialAction\":[{\"@type\":\"SearchAction\",\"target\":{\"@type\":\"EntryPoint\",\"urlTemplate\":\"https:\/\/tiandeproducts.co.uk\/?s={search_term_string}\"},\"query-input\":{\"@type\":\"PropertyValueSpecification\",\"valueRequired\":true,\"valueName\":\"search_term_string\"}}],\"inLanguage\":\"lt-LT\"}]}<\/script>\n<!-- \/ Yoast SEO plugin. -->","yoast_head_json":{"title":"Kosmetin\u0117 makia\u017eo kempin\u0117l\u0117\u200b\u200b, 12vnt. - TianDe Online Shop - Beauty &amp; Health","robots":{"index":"index","follow":"follow","max-snippet":"max-snippet:-1","max-image-preview":"max-image-preview:large","max-video-preview":"max-video-preview:-1"},"canonical":"https:\/\/tiandeproducts.co.uk\/lt\/kosmetine-makiazo-kempinele\u200b\u200b-12vnt\/","og_locale":"lt_LT","og_type":"article","og_title":"Kosmetin\u0117 makia\u017eo kempin\u0117l\u0117\u200b\u200b, 12vnt. - TianDe Online Shop - Beauty &amp; Health","og_description":"Kempin\u0117l\u0117 greitai ir lengvai nuvalo veido od\u0105, puikiai atgaivina ir masa\u017euoja, valo poras, turi \u0161veln\u0173 \u0161veitimo poveik\u012f. Celiulioz\u0117 &#8211; valo ir nu\u0161vei\u010dia od\u0105, lengvai ir greitai sugeria vanden\u012f, efektyviai putoja naudojant su kitomis priemon\u0117mis. Naudojimas: Prie\u0161 naudojant, sudr\u0117kinkite kempin\u0119 vandeniu, po naudojimo kruop\u0161\u010diai nuplaukite ir i\u0161d\u017eiovinkite.","og_url":"https:\/\/tiandeproducts.co.uk\/lt\/kosmetine-makiazo-kempinele\u200b\u200b-12vnt\/","og_site_name":"TianDe Online Shop - Beauty &amp; Health","article_publisher":"https:\/\/www.facebook.com\/tiande.products.england\/","article_modified_time":"2019-11-26T07:09:42+00:00","og_image":[{"width":600,"height":600,"url":"https:\/\/tiandeproducts.co.uk\/wp-content\/uploads\/90136a-600x600.png","type":"image\/png"}],"twitter_card":"summary_large_image","schema":{"@context":"https:\/\/schema.org","@graph":[{"@type":"WebPage","@id":"https:\/\/tiandeproducts.co.uk\/lt\/kosmetine-makiazo-kempinele%e2%80%8b%e2%80%8b-12vnt\/","url":"https:\/\/tiandeproducts.co.uk\/lt\/kosmetine-makiazo-kempinele%e2%80%8b%e2%80%8b-12vnt\/","name":"Kosmetin\u0117 makia\u017eo kempin\u0117l\u0117\u200b\u200b, 12vnt. - TianDe Online Shop - Beauty &amp; Health","isPartOf":{"@id":"https:\/\/tiandeproducts.co.uk\/#website"},"primaryImageOfPage":{"@id":"https:\/\/tiandeproducts.co.uk\/lt\/kosmetine-makiazo-kempinele%e2%80%8b%e2%80%8b-12vnt\/#primaryimage"},"image":{"@id":"https:\/\/tiandeproducts.co.uk\/lt\/kosmetine-makiazo-kempinele%e2%80%8b%e2%80%8b-12vnt\/#primaryimage"},"thumbnailUrl":"https:\/\/tiandeproducts.co.uk\/wp-content\/uploads\/90136a-600x600.png","datePublished":"2016-04-20T18:18:31+00:00","dateModified":"2019-11-26T07:09:42+00:00","breadcrumb":{"@id":"https:\/\/tiandeproducts.co.uk\/lt\/kosmetine-makiazo-kempinele%e2%80%8b%e2%80%8b-12vnt\/#breadcrumb"},"inLanguage":"lt-LT","potentialAction":[{"@type":"ReadAction","target":["https:\/\/tiandeproducts.co.uk\/lt\/kosmetine-makiazo-kempinele%e2%80%8b%e2%80%8b-12vnt\/"]}]},{"@type":"ImageObject","inLanguage":"lt-LT","@id":"https:\/\/tiandeproducts.co.uk\/lt\/kosmetine-makiazo-kempinele%e2%80%8b%e2%80%8b-12vnt\/#primaryimage","url":"https:\/\/tiandeproducts.co.uk\/wp-content\/uploads\/90136a-600x600.png","contentUrl":"https:\/\/tiandeproducts.co.uk\/wp-content\/uploads\/90136a-600x600.png","width":600,"height":600},{"@type":"BreadcrumbList","@id":"https:\/\/tiandeproducts.co.uk\/lt\/kosmetine-makiazo-kempinele%e2%80%8b%e2%80%8b-12vnt\/#breadcrumb","itemListElement":[{"@type":"ListItem","position":1,"name":"Home","item":"https:\/\/tiandeproducts.co.uk\/lt\/"},{"@type":"ListItem","position":2,"name":"Shop","item":"https:\/\/tiandeproducts.co.uk\/lt\/shop-2\/"},{"@type":"ListItem","position":3,"name":"Kosmetin\u0117 makia\u017eo kempin\u0117l\u0117\u200b\u200b, 12vnt."}]},{"@type":"WebSite","@id":"https:\/\/tiandeproducts.co.uk\/#website","url":"https:\/\/tiandeproducts.co.uk\/","name":"TianDe Online Shop - Beauty & Health","description":"Traditional Chinese Medicine","potentialAction":[{"@type":"SearchAction","target":{"@type":"EntryPoint","urlTemplate":"https:\/\/tiandeproducts.co.uk\/?s={search_term_string}"},"query-input":{"@type":"PropertyValueSpecification","valueRequired":true,"valueName":"search_term_string"}}],"inLanguage":"lt-LT"}]}},"_links":{"self":[{"href":"https:\/\/tiandeproducts.co.uk\/lt\/wp-json\/wp\/v2\/product\/4172","targetHints":{"allow":["GET"]}}],"collection":[{"href":"https:\/\/tiandeproducts.co.uk\/lt\/wp-json\/wp\/v2\/product"}],"about":[{"href":"https:\/\/tiandeproducts.co.uk\/lt\/wp-json\/wp\/v2\/types\/product"}],"replies":[{"embeddable":true,"href":"https:\/\/tiandeproducts.co.uk\/lt\/wp-json\/wp\/v2\/comments?post=4172"}],"wp:featuredmedia":[{"embeddable":true,"href":"https:\/\/tiandeproducts.co.uk\/lt\/wp-json\/wp\/v2\/media\/2732"}],"wp:attachment":[{"href":"https:\/\/tiandeproducts.co.uk\/lt\/wp-json\/wp\/v2\/media?parent=4172"}],"wp:term":[{"taxonomy":"product_cat","embeddable":true,"href":"https:\/\/tiandeproducts.co.uk\/lt\/wp-json\/wp\/v2\/product_cat?post=4172"},{"taxonomy":"product_tag","embeddable":true,"href":"https:\/\/tiandeproducts.co.uk\/lt\/wp-json\/wp\/v2\/product_tag?post=4172"}],"curies":[{"name":"wp","href":"https:\/\/api.w.org\/{rel}","templated":true}]}}