{"id":4169,"date":"2016-04-20T20:04:58","date_gmt":"2016-04-20T19:04:58","guid":{"rendered":"https:\/\/tnd.ontesting.co.uk\/kosmetinis-fito-pleistras-kunui-nuo-skausmo-ir-uzdegimo-wutong-5vnt\/"},"modified":"2020-02-04T20:18:32","modified_gmt":"2020-02-04T20:18:32","slug":"kosmetinis-fito-pleistras-kunui-nuo-skausmo-ir-uzdegimo-wutong-5vnt","status":"publish","type":"product","link":"https:\/\/tiandeproducts.co.uk\/lt\/kosmetinis-fito-pleistras-kunui-nuo-skausmo-ir-uzdegimo-wutong-5vnt\/","title":{"rendered":"Kosmetinis fito pleistras k\u016bnui nuo skausmo ir u\u017edegimo \u201eWutong\u201c, 5vnt."},"content":{"rendered":"<p>Fito pleistrai \u201eWutong\u201c &#8211; unikalus nat\u016brali\u0173 vaistini\u0173 augal\u0173, esencij\u0173, eterini\u0173 aliej\u0173, bei ekstrakt\u0173 derinys su ypa\u010d veiksmingu nuskausminamuoju, raminamuoju ir\u00a0prie\u0161u\u017edegiminiu\u00a0poveikiu. Tik patek\u0119s ant odos fito pleistras veikia i\u0161kart, jis tampriai prisispaud\u017eia prie odos ir per poras transportuoja pastos veikli\u0105sias med\u017eiagas\u00a0\u012f poodin\u012f sluoksn\u012f, veikia\u00a0fiziologinius procesus, suteikia energijos.<\/p>\n<p>Priemon\u0117\u00a0mal\u0161ina s\u0105nari\u0173 ir raumen\u0173 skausm\u0105, ma\u017eina patinimus, gerina kraujotak\u0105, veikia prie\u0161u\u017edegimi\u0161kai. D\u0117l sud\u0117tyje\u00a0esan\u010di\u0173 nat\u016brali\u0173 komponent\u0173 pleistras pla\u010diai naudojamas esant riaumatiniams skausmams, patempim\u0173, sumu\u0161im\u0173, i\u0161nirim\u0173 ir l\u016b\u017ei\u0173 atvejais, sutrikus med\u017eiag\u0173 apykaitos procesams s\u0105nariuose (osteochondroz\u0117), padeda suma\u017einti galvos skausm\u0105, sinusit\u0105.\u00a0Priemon\u0117 nesukelia jokio \u0161alutinio poveikio ir neapkrauna kit\u0173 organ\u0173. Tiesioginis gydom\u0173j\u0173 komponent\u0173 perdavimas vyksta net 8 valandas.<\/p>\n<p>Tai efektyvus, visiems prieinamas ir saugus b\u016bdas pa\u0161alinti \u012fvairios kilm\u0117s skausm\u0105. Fito pleistras netrukdo sportuoti!<\/p>\n<p><strong>Fito pleistro sud\u0117tis<\/strong><\/p>\n<ol>\n<li>Apsaugin\u0117 pl\u0117vel\u0117 &#8211; mas\u0117, kurioje ir yra visas gydomasis kompleksas. Ji prisiklijuoja prie odos ir reguliariai, vienodu intensyvumu ir vienodomis porcijomis transportuoja veikliuosius komponentus \u012f problemines vietas;<\/li>\n<li>Veiklioji pasta, susidedanti i\u0161 vaistini\u0173 augal\u0173 esencij\u0173, eterini\u0173 aliej\u0173 ir ekstrakt\u0173;<\/li>\n<li>Med\u017eiaginis pagrindas, per kur\u012f \u012fvedama gydomoji pasta ir kau\u010diuko klijai.<\/li>\n<\/ol>\n<p><strong>Naudojimas:<\/strong><br \/>\nPleistr\u0105 klijuokite tiesiai ant skaudamos vietos (galima karpyti ma\u017eesn\u0117mis juostel\u0117mis), bet prie\u0161 tai odos pavir\u0161i\u0173 nuriebalinkite spiritiniu losjonu ir gerai nusausinkite (oda turi b\u016bti \u0161vari, kad gerai prilipt\u0173). Laikykite 8-12 valand\u0173, proced\u016br\u0105 pakartoti galima po 3-8 val. Pleistro naudojimo kursas pasirenkamas individualiai. Optimali kurso trukm\u0117 &#8211; 8-12 dien\u0173, esant reikalui kurs\u0105 prat\u0119skite iki 20-25 dien\u0173.<br \/>\n<strong>D\u0117mesio<\/strong>. Pleistr\u0173 nenaudokite, jei jau\u010diamas individualus nepakantumas gaminiui, esant odos ligoms, n\u0117\u0161tumui, maitinant kr\u016btimi, netinka ma\u017eiems vaikams. Pleistro negalima klijuoti \u0161irdies plote, po pa\u017eastimi, ant alergizuotos, pa\u017eeistos odos.<\/p>\n","protected":false},"excerpt":{"rendered":"<p>Fito pleistrai \u201eWutong\u201c &#8211; unikalus nat\u016brali\u0173 vaistini\u0173 augal\u0173, esencij\u0173, eterini\u0173 aliej\u0173, bei ekstrakt\u0173 derinys su ypa\u010d veiksmingu nuskausminamuoju, raminamuoju ir\u00a0prie\u0161u\u017edegiminiu\u00a0poveikiu. Tik patek\u0119s ant odos fito pleistras veikia i\u0161kart, jis tampriai prisispaud\u017eia prie odos ir per poras transportuoja pastos veikli\u0105sias med\u017eiagas\u00a0\u012f poodin\u012f sluoksn\u012f, veikia\u00a0fiziologinius procesus, suteikia energijos. Priemon\u0117\u00a0mal\u0161ina s\u0105nari\u0173 ir raumen\u0173 skausm\u0105, ma\u017eina patinimus, gerina kraujotak\u0105, [&#8230;]\n","protected":false},"featured_media":1134,"comment_status":"closed","ping_status":"closed","template":"","meta":[],"product_cat":[729,497,718,522],"product_tag":[],"class_list":{"0":"post-4169","1":"product","2":"type-product","3":"status-publish","4":"has-post-thumbnail","6":"product_cat-kuno-pleistrai","7":"product_cat-kunui","8":"product_cat-sveikata-lt","9":"product_cat-sveikatingumo-produktai","11":"first","12":"instock","13":"shipping-taxable","14":"purchasable","15":"product-type-simple"},"yoast_head":"<!-- This site is optimized with the Yoast SEO plugin v23.6 - https:\/\/yoast.com\/wordpress\/plugins\/seo\/ -->\n<title>Kosmetinis fito pleistras k\u016bnui nuo skausmo ir u\u017edegimo \u201eWutong\u201c, 5vnt. - TianDe Online Shop - Beauty &amp; Health<\/title>\n<meta name=\"robots\" content=\"index, follow, max-snippet:-1, max-image-preview:large, max-video-preview:-1\" \/>\n<link rel=\"canonical\" href=\"https:\/\/tiandeproducts.co.uk\/lt\/kosmetinis-fito-pleistras-kunui-nuo-skausmo-ir-uzdegimo-wutong-5vnt\/\" \/>\n<meta property=\"og:locale\" content=\"lt_LT\" \/>\n<meta property=\"og:type\" content=\"article\" \/>\n<meta property=\"og:title\" content=\"Kosmetinis fito pleistras k\u016bnui nuo skausmo ir u\u017edegimo \u201eWutong\u201c, 5vnt. - TianDe Online Shop - Beauty &amp; Health\" \/>\n<meta property=\"og:description\" content=\"Fito pleistrai \u201eWutong\u201c &#8211; unikalus nat\u016brali\u0173 vaistini\u0173 augal\u0173, esencij\u0173, eterini\u0173 aliej\u0173, bei ekstrakt\u0173 derinys su ypa\u010d veiksmingu nuskausminamuoju, raminamuoju ir\u00a0prie\u0161u\u017edegiminiu\u00a0poveikiu. Tik patek\u0119s ant odos fito pleistras veikia i\u0161kart, jis tampriai prisispaud\u017eia prie odos ir per poras transportuoja pastos veikli\u0105sias med\u017eiagas\u00a0\u012f poodin\u012f sluoksn\u012f, veikia\u00a0fiziologinius procesus, suteikia energijos. Priemon\u0117\u00a0mal\u0161ina s\u0105nari\u0173 ir raumen\u0173 skausm\u0105, ma\u017eina patinimus, gerina kraujotak\u0105, [...]\" \/>\n<meta property=\"og:url\" content=\"https:\/\/tiandeproducts.co.uk\/lt\/kosmetinis-fito-pleistras-kunui-nuo-skausmo-ir-uzdegimo-wutong-5vnt\/\" \/>\n<meta property=\"og:site_name\" content=\"TianDe Online Shop - Beauty &amp; Health\" \/>\n<meta property=\"article:publisher\" content=\"https:\/\/www.facebook.com\/tiande.products.england\/\" \/>\n<meta property=\"article:modified_time\" content=\"2020-02-04T20:18:32+00:00\" \/>\n<meta property=\"og:image\" content=\"https:\/\/tiandeproducts.co.uk\/wp-content\/uploads\/2016\/04\/30104__.png\" \/>\n\t<meta property=\"og:image:width\" content=\"700\" \/>\n\t<meta property=\"og:image:height\" content=\"700\" \/>\n\t<meta property=\"og:image:type\" content=\"image\/png\" \/>\n<meta name=\"twitter:card\" content=\"summary_large_image\" \/>\n<meta name=\"twitter:label1\" content=\"Est. reading time\" \/>\n\t<meta name=\"twitter:data1\" content=\"2 minut\u0117s\" \/>\n<script type=\"application\/ld+json\" class=\"yoast-schema-graph\">{\"@context\":\"https:\/\/schema.org\",\"@graph\":[{\"@type\":\"WebPage\",\"@id\":\"https:\/\/tiandeproducts.co.uk\/lt\/kosmetinis-fito-pleistras-kunui-nuo-skausmo-ir-uzdegimo-wutong-5vnt\/\",\"url\":\"https:\/\/tiandeproducts.co.uk\/lt\/kosmetinis-fito-pleistras-kunui-nuo-skausmo-ir-uzdegimo-wutong-5vnt\/\",\"name\":\"Kosmetinis fito pleistras k\u016bnui nuo skausmo ir u\u017edegimo \u201eWutong\u201c, 5vnt. - TianDe Online Shop - Beauty &amp; Health\",\"isPartOf\":{\"@id\":\"https:\/\/tiandeproducts.co.uk\/#website\"},\"primaryImageOfPage\":{\"@id\":\"https:\/\/tiandeproducts.co.uk\/lt\/kosmetinis-fito-pleistras-kunui-nuo-skausmo-ir-uzdegimo-wutong-5vnt\/#primaryimage\"},\"image\":{\"@id\":\"https:\/\/tiandeproducts.co.uk\/lt\/kosmetinis-fito-pleistras-kunui-nuo-skausmo-ir-uzdegimo-wutong-5vnt\/#primaryimage\"},\"thumbnailUrl\":\"https:\/\/tiandeproducts.co.uk\/wp-content\/uploads\/2016\/04\/30104__.png\",\"datePublished\":\"2016-04-20T19:04:58+00:00\",\"dateModified\":\"2020-02-04T20:18:32+00:00\",\"breadcrumb\":{\"@id\":\"https:\/\/tiandeproducts.co.uk\/lt\/kosmetinis-fito-pleistras-kunui-nuo-skausmo-ir-uzdegimo-wutong-5vnt\/#breadcrumb\"},\"inLanguage\":\"lt-LT\",\"potentialAction\":[{\"@type\":\"ReadAction\",\"target\":[\"https:\/\/tiandeproducts.co.uk\/lt\/kosmetinis-fito-pleistras-kunui-nuo-skausmo-ir-uzdegimo-wutong-5vnt\/\"]}]},{\"@type\":\"ImageObject\",\"inLanguage\":\"lt-LT\",\"@id\":\"https:\/\/tiandeproducts.co.uk\/lt\/kosmetinis-fito-pleistras-kunui-nuo-skausmo-ir-uzdegimo-wutong-5vnt\/#primaryimage\",\"url\":\"https:\/\/tiandeproducts.co.uk\/wp-content\/uploads\/2016\/04\/30104__.png\",\"contentUrl\":\"https:\/\/tiandeproducts.co.uk\/wp-content\/uploads\/2016\/04\/30104__.png\",\"width\":700,\"height\":700,\"caption\":\"Wutong Cosmetic Body Phyto Patch,5pcs-0\"},{\"@type\":\"BreadcrumbList\",\"@id\":\"https:\/\/tiandeproducts.co.uk\/lt\/kosmetinis-fito-pleistras-kunui-nuo-skausmo-ir-uzdegimo-wutong-5vnt\/#breadcrumb\",\"itemListElement\":[{\"@type\":\"ListItem\",\"position\":1,\"name\":\"Home\",\"item\":\"https:\/\/tiandeproducts.co.uk\/lt\/\"},{\"@type\":\"ListItem\",\"position\":2,\"name\":\"Shop\",\"item\":\"https:\/\/tiandeproducts.co.uk\/lt\/shop-2\/\"},{\"@type\":\"ListItem\",\"position\":3,\"name\":\"Kosmetinis fito pleistras k\u016bnui nuo skausmo ir u\u017edegimo \u201eWutong\u201c, 5vnt.\"}]},{\"@type\":\"WebSite\",\"@id\":\"https:\/\/tiandeproducts.co.uk\/#website\",\"url\":\"https:\/\/tiandeproducts.co.uk\/\",\"name\":\"TianDe Online Shop - Beauty & Health\",\"description\":\"Traditional Chinese Medicine\",\"potentialAction\":[{\"@type\":\"SearchAction\",\"target\":{\"@type\":\"EntryPoint\",\"urlTemplate\":\"https:\/\/tiandeproducts.co.uk\/?s={search_term_string}\"},\"query-input\":{\"@type\":\"PropertyValueSpecification\",\"valueRequired\":true,\"valueName\":\"search_term_string\"}}],\"inLanguage\":\"lt-LT\"}]}<\/script>\n<!-- \/ Yoast SEO plugin. -->","yoast_head_json":{"title":"Kosmetinis fito pleistras k\u016bnui nuo skausmo ir u\u017edegimo \u201eWutong\u201c, 5vnt. - TianDe Online Shop - Beauty &amp; Health","robots":{"index":"index","follow":"follow","max-snippet":"max-snippet:-1","max-image-preview":"max-image-preview:large","max-video-preview":"max-video-preview:-1"},"canonical":"https:\/\/tiandeproducts.co.uk\/lt\/kosmetinis-fito-pleistras-kunui-nuo-skausmo-ir-uzdegimo-wutong-5vnt\/","og_locale":"lt_LT","og_type":"article","og_title":"Kosmetinis fito pleistras k\u016bnui nuo skausmo ir u\u017edegimo \u201eWutong\u201c, 5vnt. - TianDe Online Shop - Beauty &amp; Health","og_description":"Fito pleistrai \u201eWutong\u201c &#8211; unikalus nat\u016brali\u0173 vaistini\u0173 augal\u0173, esencij\u0173, eterini\u0173 aliej\u0173, bei ekstrakt\u0173 derinys su ypa\u010d veiksmingu nuskausminamuoju, raminamuoju ir\u00a0prie\u0161u\u017edegiminiu\u00a0poveikiu. Tik patek\u0119s ant odos fito pleistras veikia i\u0161kart, jis tampriai prisispaud\u017eia prie odos ir per poras transportuoja pastos veikli\u0105sias med\u017eiagas\u00a0\u012f poodin\u012f sluoksn\u012f, veikia\u00a0fiziologinius procesus, suteikia energijos. Priemon\u0117\u00a0mal\u0161ina s\u0105nari\u0173 ir raumen\u0173 skausm\u0105, ma\u017eina patinimus, gerina kraujotak\u0105, [...]","og_url":"https:\/\/tiandeproducts.co.uk\/lt\/kosmetinis-fito-pleistras-kunui-nuo-skausmo-ir-uzdegimo-wutong-5vnt\/","og_site_name":"TianDe Online Shop - Beauty &amp; Health","article_publisher":"https:\/\/www.facebook.com\/tiande.products.england\/","article_modified_time":"2020-02-04T20:18:32+00:00","og_image":[{"width":700,"height":700,"url":"https:\/\/tiandeproducts.co.uk\/wp-content\/uploads\/2016\/04\/30104__.png","type":"image\/png"}],"twitter_card":"summary_large_image","twitter_misc":{"Est. reading time":"2 minut\u0117s"},"schema":{"@context":"https:\/\/schema.org","@graph":[{"@type":"WebPage","@id":"https:\/\/tiandeproducts.co.uk\/lt\/kosmetinis-fito-pleistras-kunui-nuo-skausmo-ir-uzdegimo-wutong-5vnt\/","url":"https:\/\/tiandeproducts.co.uk\/lt\/kosmetinis-fito-pleistras-kunui-nuo-skausmo-ir-uzdegimo-wutong-5vnt\/","name":"Kosmetinis fito pleistras k\u016bnui nuo skausmo ir u\u017edegimo \u201eWutong\u201c, 5vnt. - TianDe Online Shop - Beauty &amp; Health","isPartOf":{"@id":"https:\/\/tiandeproducts.co.uk\/#website"},"primaryImageOfPage":{"@id":"https:\/\/tiandeproducts.co.uk\/lt\/kosmetinis-fito-pleistras-kunui-nuo-skausmo-ir-uzdegimo-wutong-5vnt\/#primaryimage"},"image":{"@id":"https:\/\/tiandeproducts.co.uk\/lt\/kosmetinis-fito-pleistras-kunui-nuo-skausmo-ir-uzdegimo-wutong-5vnt\/#primaryimage"},"thumbnailUrl":"https:\/\/tiandeproducts.co.uk\/wp-content\/uploads\/2016\/04\/30104__.png","datePublished":"2016-04-20T19:04:58+00:00","dateModified":"2020-02-04T20:18:32+00:00","breadcrumb":{"@id":"https:\/\/tiandeproducts.co.uk\/lt\/kosmetinis-fito-pleistras-kunui-nuo-skausmo-ir-uzdegimo-wutong-5vnt\/#breadcrumb"},"inLanguage":"lt-LT","potentialAction":[{"@type":"ReadAction","target":["https:\/\/tiandeproducts.co.uk\/lt\/kosmetinis-fito-pleistras-kunui-nuo-skausmo-ir-uzdegimo-wutong-5vnt\/"]}]},{"@type":"ImageObject","inLanguage":"lt-LT","@id":"https:\/\/tiandeproducts.co.uk\/lt\/kosmetinis-fito-pleistras-kunui-nuo-skausmo-ir-uzdegimo-wutong-5vnt\/#primaryimage","url":"https:\/\/tiandeproducts.co.uk\/wp-content\/uploads\/2016\/04\/30104__.png","contentUrl":"https:\/\/tiandeproducts.co.uk\/wp-content\/uploads\/2016\/04\/30104__.png","width":700,"height":700,"caption":"Wutong Cosmetic Body Phyto Patch,5pcs-0"},{"@type":"BreadcrumbList","@id":"https:\/\/tiandeproducts.co.uk\/lt\/kosmetinis-fito-pleistras-kunui-nuo-skausmo-ir-uzdegimo-wutong-5vnt\/#breadcrumb","itemListElement":[{"@type":"ListItem","position":1,"name":"Home","item":"https:\/\/tiandeproducts.co.uk\/lt\/"},{"@type":"ListItem","position":2,"name":"Shop","item":"https:\/\/tiandeproducts.co.uk\/lt\/shop-2\/"},{"@type":"ListItem","position":3,"name":"Kosmetinis fito pleistras k\u016bnui nuo skausmo ir u\u017edegimo \u201eWutong\u201c, 5vnt."}]},{"@type":"WebSite","@id":"https:\/\/tiandeproducts.co.uk\/#website","url":"https:\/\/tiandeproducts.co.uk\/","name":"TianDe Online Shop - Beauty & Health","description":"Traditional Chinese Medicine","potentialAction":[{"@type":"SearchAction","target":{"@type":"EntryPoint","urlTemplate":"https:\/\/tiandeproducts.co.uk\/?s={search_term_string}"},"query-input":{"@type":"PropertyValueSpecification","valueRequired":true,"valueName":"search_term_string"}}],"inLanguage":"lt-LT"}]}},"_links":{"self":[{"href":"https:\/\/tiandeproducts.co.uk\/lt\/wp-json\/wp\/v2\/product\/4169","targetHints":{"allow":["GET"]}}],"collection":[{"href":"https:\/\/tiandeproducts.co.uk\/lt\/wp-json\/wp\/v2\/product"}],"about":[{"href":"https:\/\/tiandeproducts.co.uk\/lt\/wp-json\/wp\/v2\/types\/product"}],"replies":[{"embeddable":true,"href":"https:\/\/tiandeproducts.co.uk\/lt\/wp-json\/wp\/v2\/comments?post=4169"}],"wp:featuredmedia":[{"embeddable":true,"href":"https:\/\/tiandeproducts.co.uk\/lt\/wp-json\/wp\/v2\/media\/1134"}],"wp:attachment":[{"href":"https:\/\/tiandeproducts.co.uk\/lt\/wp-json\/wp\/v2\/media?parent=4169"}],"wp:term":[{"taxonomy":"product_cat","embeddable":true,"href":"https:\/\/tiandeproducts.co.uk\/lt\/wp-json\/wp\/v2\/product_cat?post=4169"},{"taxonomy":"product_tag","embeddable":true,"href":"https:\/\/tiandeproducts.co.uk\/lt\/wp-json\/wp\/v2\/product_tag?post=4169"}],"curies":[{"name":"wp","href":"https:\/\/api.w.org\/{rel}","templated":true}]}}