{"id":4168,"date":"2016-04-20T19:43:14","date_gmt":"2016-04-20T18:43:14","guid":{"rendered":"https:\/\/tnd.ontesting.co.uk\/detoksikaciniai-pleistrai-pedoms-2vnt\/"},"modified":"2020-02-27T07:52:34","modified_gmt":"2020-02-27T07:52:34","slug":"detoksikaciniai-pleistrai-pedoms-2vnt","status":"publish","type":"product","link":"https:\/\/tiandeproducts.co.uk\/lt\/detoksikaciniai-pleistrai-pedoms-2vnt\/","title":{"rendered":"Detoksikaciniai pleistrai p\u0117doms, 2vnt."},"content":{"rendered":"<p>Pleistrai saugiai ir pilnai \u0161alina toksinus ir \u0161lakus, valo krauj\u0105 ir limf\u0105, normalizuoja kraujo mikrocirkuliacij\u0105, nuima patinimus, nuovarg\u012f, skausm\u0105. Priemon\u0117 stiprina imunitet\u0105, gerina miego kokyb\u0119, atstato nerv\u0173 sistem\u0105, turi prie\u0161u\u017edegimin\u012f, prie\u0161virusin\u012f, antibakterin\u012f poveik\u012f. Tai puiki pagalba daugeliu organizmo susirgim\u0173, da\u017enai besikartojan\u010di\u0173 negalavim\u0173 atveju. Pleistrai saug\u016bs, neturi jokio pa\u0161alinio poveikio. Paprasta ir veiksminga organizmo valymo priemon\u0117, sukurta pagal tradicin\u0117s Kin\u0173 medicinos kanonus.<\/p>\n<p><strong>Naudokite detoksikacinius pleistrus p\u0117doms, jei jus trikdo ar vargina:<\/strong><\/p>\n<ol>\n<li>nema\u017e\u0117janti k\u016bno mas\u0117 (net ir intensyviai sportuojant);<\/li>\n<li>nuolatinis nuovargis, net ir po ilgos nakties miego;<\/li>\n<li>nemiga, kuri\u0105 skatina organizmui stres\u0105 keliantys toksinai;<\/li>\n<li>da\u017enas galvos skausmas be jokios prie\u017easties;<\/li>\n<li>nuotaikos svyravimai, kuriuos sukelia toksin\u0173 pa\u017eeistas hormon\u0173 balansas;<\/li>\n<li>blogas k\u016bno kvapas;<\/li>\n<li>viduri\u0173 u\u017ekiet\u0117jimas (nepa\u0161alinti toksinai gr\u012f\u017eta atgal \u012f krauj\u0105);<\/li>\n<li>raumen\u0173 skausmas ir maudimas;<\/li>\n<li>spuogai ir ink\u0161tirai (organizmo valymo poreikis);<\/li>\n<li>padid\u0117j\u0119s jautrumas kvapams (apkrautos kepenys);<\/li>\n<li>da\u017enai atsikartojan\u010dios per\u0161alimo ligos bei virusin\u0117s infekcijos.<\/li>\n<\/ol>\n<p><strong>Programos:<\/strong><br \/>\nNaudojant 7-14 dien\u0173:<\/p>\n<ol>\n<li>pa\u0161alinsite i\u0161 organizmo chemijos liku\u010dius, kurie patenka su maisto produktais bei medikamentais;<\/li>\n<li>pagerinsite miego kokyb\u0119;<\/li>\n<li>pastebimai suma\u017einsite viso k\u016bno patinimus;<\/li>\n<li>akivaizd\u017eiai pagerinsite odos b\u016bkl\u0119;<\/li>\n<li>pad\u0117site organizmui apsisaugoti nuo per\u0161alimo lig\u0173, bei pagelb\u0117site susirgus;<\/li>\n<li>palengvinsite reumato, ven\u0173 varikoz\u0117s, u\u017edegim\u0173 simptomus;<\/li>\n<li>palengvinsite raumen\u0173 sustingimus, nelankstum\u0105.<\/li>\n<\/ol>\n<p><strong>Naudojant iki 90 dien\u0173:<\/strong><\/p>\n<ol>\n<li>pa\u0161alinsite toksinus i\u0161 organizmo;<\/li>\n<li>atstatysite imunitet\u0105;<\/li>\n<li>susigr\u0105\u017einsite energij\u0105;<\/li>\n<li>organizmas pats geb\u0117s nat\u016braliai valytis nuo \u0161lak\u0173;<\/li>\n<li>normalizuosite nerv\u0173 sistemos darb\u0105, pagerinsite miego kokyb\u0119;<\/li>\n<li>atstatysite kraujotak\u0105 kojose (\u0161iltos kojos);<\/li>\n<li>beveik visi\u0161kai pa\u0161alinsite tinimus susijusius su inkst\u0173, \u0161irdies, kepen\u0173 darbu;<\/li>\n<li>akivaizd\u017eiai pager\u0117s savijauta turint reumat\u0105;<\/li>\n<li>\u017eenkliai suma\u017einsite menstruacinius skausmus;<\/li>\n<li>suma\u017einsite ar visai panaikinsite s\u0105nari\u0173 skausmus, atstatysite lankstum\u0105;<\/li>\n<li>panaikinsite pigmentines d\u0117mes;<\/li>\n<li>padidinsite gyvybin\u012f aktyvum\u0105 (garbaus am\u017eiaus \u017emon\u0117ms).<\/li>\n<\/ol>\n<p><strong>Naudojimas:<\/strong><br \/>\nI\u0161imkite detoksikacin\u012f paket\u0117l\u012f i\u0161 mai\u0161elio ir supurtykite, kad viduje esantys milteliai lygiai pasiskirstyt\u0173. Pa\u0161alinkite apsauginio popier\u0117lio dal\u012f nuo orui pralaidaus pleistro ir prie jo priklijuokite paket\u0117l\u012f su milteliais. Paruo\u0161t\u0105 pleistr\u0105 priklijuokite ant pad\u0173, j\u012f rekomenduojama klijuoti vakare prie\u0161 mieg\u0105, ant \u0161varios ir sausos pad\u0173 odos. Ryte pleistrus nuimkite, \u0161variai nuplaukite koj\u0173 padus. Galima klijuoti ir tiesiai ant skaudamos ar patinusios vietos. Pleistras veiksmingas iki 10 &#8211; 12 val., rekomenduojamas naudojimo laikas &#8211; min. 6 &#8211; 8 val. Neklijuoti: ant atvir\u0173 \u017eaizd\u0173 ir u\u017edegiminio odos pavir\u0161iaus, vaikams iki\u00a014-os met\u0173, bei maitinan\u010dioms ir n\u0117\u0161\u010dioms moterims. Pleistras skirtas ik i\u0161oriniam naudojimui.<\/p>\n","protected":false},"excerpt":{"rendered":"<p>Pleistrai saugiai ir pilnai \u0161alina toksinus ir \u0161lakus, valo krauj\u0105 ir limf\u0105, normalizuoja kraujo mikrocirkuliacij\u0105, nuima patinimus, nuovarg\u012f, skausm\u0105. Priemon\u0117 stiprina imunitet\u0105, gerina miego kokyb\u0119, atstato nerv\u0173 sistem\u0105, turi prie\u0161u\u017edegimin\u012f, prie\u0161virusin\u012f, antibakterin\u012f poveik\u012f. Tai puiki pagalba daugeliu organizmo susirgim\u0173, da\u017enai besikartojan\u010di\u0173 negalavim\u0173 atveju. Pleistrai saug\u016bs, neturi jokio pa\u0161alinio poveikio. Paprasta ir veiksminga organizmo valymo priemon\u0117, [&#8230;]\n","protected":false},"featured_media":1094,"comment_status":"closed","ping_status":"closed","template":"","meta":[],"product_cat":[729,497,727,718,522],"product_tag":[],"class_list":{"0":"post-4168","1":"product","2":"type-product","3":"status-publish","4":"has-post-thumbnail","6":"product_cat-kuno-pleistrai","7":"product_cat-kunui","8":"product_cat-master-herb-1-lt","9":"product_cat-sveikata-lt","10":"product_cat-sveikatingumo-produktai","12":"first","13":"instock","14":"shipping-taxable","15":"purchasable","16":"product-type-simple"},"yoast_head":"<!-- This site is optimized with the Yoast SEO plugin v23.6 - https:\/\/yoast.com\/wordpress\/plugins\/seo\/ -->\n<title>Detoksikaciniai pleistrai p\u0117doms, 2vnt. - TianDe Online Shop - Beauty &amp; Health<\/title>\n<meta name=\"robots\" content=\"index, follow, max-snippet:-1, max-image-preview:large, max-video-preview:-1\" \/>\n<link rel=\"canonical\" href=\"https:\/\/tiandeproducts.co.uk\/lt\/detoksikaciniai-pleistrai-pedoms-2vnt\/\" \/>\n<meta property=\"og:locale\" content=\"lt_LT\" \/>\n<meta property=\"og:type\" content=\"article\" \/>\n<meta property=\"og:title\" content=\"Detoksikaciniai pleistrai p\u0117doms, 2vnt. - TianDe Online Shop - Beauty &amp; Health\" \/>\n<meta property=\"og:description\" content=\"Pleistrai saugiai ir pilnai \u0161alina toksinus ir \u0161lakus, valo krauj\u0105 ir limf\u0105, normalizuoja kraujo mikrocirkuliacij\u0105, nuima patinimus, nuovarg\u012f, skausm\u0105. Priemon\u0117 stiprina imunitet\u0105, gerina miego kokyb\u0119, atstato nerv\u0173 sistem\u0105, turi prie\u0161u\u017edegimin\u012f, prie\u0161virusin\u012f, antibakterin\u012f poveik\u012f. Tai puiki pagalba daugeliu organizmo susirgim\u0173, da\u017enai besikartojan\u010di\u0173 negalavim\u0173 atveju. Pleistrai saug\u016bs, neturi jokio pa\u0161alinio poveikio. Paprasta ir veiksminga organizmo valymo priemon\u0117, [...]\" \/>\n<meta property=\"og:url\" content=\"https:\/\/tiandeproducts.co.uk\/lt\/detoksikaciniai-pleistrai-pedoms-2vnt\/\" \/>\n<meta property=\"og:site_name\" content=\"TianDe Online Shop - Beauty &amp; Health\" \/>\n<meta property=\"article:publisher\" content=\"https:\/\/www.facebook.com\/tiande.products.england\/\" \/>\n<meta property=\"article:modified_time\" content=\"2020-02-27T07:52:34+00:00\" \/>\n<meta property=\"og:image\" content=\"https:\/\/tiandeproducts.co.uk\/wp-content\/uploads\/2016\/04\/41314_new.png\" \/>\n\t<meta property=\"og:image:width\" content=\"700\" \/>\n\t<meta property=\"og:image:height\" content=\"700\" \/>\n\t<meta property=\"og:image:type\" content=\"image\/png\" \/>\n<meta name=\"twitter:card\" content=\"summary_large_image\" \/>\n<meta name=\"twitter:label1\" content=\"Est. reading time\" \/>\n\t<meta name=\"twitter:data1\" content=\"2 minut\u0117s\" \/>\n<script type=\"application\/ld+json\" class=\"yoast-schema-graph\">{\"@context\":\"https:\/\/schema.org\",\"@graph\":[{\"@type\":\"WebPage\",\"@id\":\"https:\/\/tiandeproducts.co.uk\/lt\/detoksikaciniai-pleistrai-pedoms-2vnt\/\",\"url\":\"https:\/\/tiandeproducts.co.uk\/lt\/detoksikaciniai-pleistrai-pedoms-2vnt\/\",\"name\":\"Detoksikaciniai pleistrai p\u0117doms, 2vnt. - TianDe Online Shop - Beauty &amp; Health\",\"isPartOf\":{\"@id\":\"https:\/\/tiandeproducts.co.uk\/#website\"},\"primaryImageOfPage\":{\"@id\":\"https:\/\/tiandeproducts.co.uk\/lt\/detoksikaciniai-pleistrai-pedoms-2vnt\/#primaryimage\"},\"image\":{\"@id\":\"https:\/\/tiandeproducts.co.uk\/lt\/detoksikaciniai-pleistrai-pedoms-2vnt\/#primaryimage\"},\"thumbnailUrl\":\"https:\/\/tiandeproducts.co.uk\/wp-content\/uploads\/2016\/04\/41314_new.png\",\"datePublished\":\"2016-04-20T18:43:14+00:00\",\"dateModified\":\"2020-02-27T07:52:34+00:00\",\"breadcrumb\":{\"@id\":\"https:\/\/tiandeproducts.co.uk\/lt\/detoksikaciniai-pleistrai-pedoms-2vnt\/#breadcrumb\"},\"inLanguage\":\"lt-LT\",\"potentialAction\":[{\"@type\":\"ReadAction\",\"target\":[\"https:\/\/tiandeproducts.co.uk\/lt\/detoksikaciniai-pleistrai-pedoms-2vnt\/\"]}]},{\"@type\":\"ImageObject\",\"inLanguage\":\"lt-LT\",\"@id\":\"https:\/\/tiandeproducts.co.uk\/lt\/detoksikaciniai-pleistrai-pedoms-2vnt\/#primaryimage\",\"url\":\"https:\/\/tiandeproducts.co.uk\/wp-content\/uploads\/2016\/04\/41314_new.png\",\"contentUrl\":\"https:\/\/tiandeproducts.co.uk\/wp-content\/uploads\/2016\/04\/41314_new.png\",\"width\":700,\"height\":700,\"caption\":\"\\\"Master Herb\\\" Feet Detoxifying plaster,2pcs-0\"},{\"@type\":\"BreadcrumbList\",\"@id\":\"https:\/\/tiandeproducts.co.uk\/lt\/detoksikaciniai-pleistrai-pedoms-2vnt\/#breadcrumb\",\"itemListElement\":[{\"@type\":\"ListItem\",\"position\":1,\"name\":\"Home\",\"item\":\"https:\/\/tiandeproducts.co.uk\/lt\/\"},{\"@type\":\"ListItem\",\"position\":2,\"name\":\"Shop\",\"item\":\"https:\/\/tiandeproducts.co.uk\/lt\/shop-2\/\"},{\"@type\":\"ListItem\",\"position\":3,\"name\":\"Detoksikaciniai pleistrai p\u0117doms, 2vnt.\"}]},{\"@type\":\"WebSite\",\"@id\":\"https:\/\/tiandeproducts.co.uk\/#website\",\"url\":\"https:\/\/tiandeproducts.co.uk\/\",\"name\":\"TianDe Online Shop - Beauty & Health\",\"description\":\"Traditional Chinese Medicine\",\"potentialAction\":[{\"@type\":\"SearchAction\",\"target\":{\"@type\":\"EntryPoint\",\"urlTemplate\":\"https:\/\/tiandeproducts.co.uk\/?s={search_term_string}\"},\"query-input\":{\"@type\":\"PropertyValueSpecification\",\"valueRequired\":true,\"valueName\":\"search_term_string\"}}],\"inLanguage\":\"lt-LT\"}]}<\/script>\n<!-- \/ Yoast SEO plugin. -->","yoast_head_json":{"title":"Detoksikaciniai pleistrai p\u0117doms, 2vnt. - TianDe Online Shop - Beauty &amp; Health","robots":{"index":"index","follow":"follow","max-snippet":"max-snippet:-1","max-image-preview":"max-image-preview:large","max-video-preview":"max-video-preview:-1"},"canonical":"https:\/\/tiandeproducts.co.uk\/lt\/detoksikaciniai-pleistrai-pedoms-2vnt\/","og_locale":"lt_LT","og_type":"article","og_title":"Detoksikaciniai pleistrai p\u0117doms, 2vnt. - TianDe Online Shop - Beauty &amp; Health","og_description":"Pleistrai saugiai ir pilnai \u0161alina toksinus ir \u0161lakus, valo krauj\u0105 ir limf\u0105, normalizuoja kraujo mikrocirkuliacij\u0105, nuima patinimus, nuovarg\u012f, skausm\u0105. Priemon\u0117 stiprina imunitet\u0105, gerina miego kokyb\u0119, atstato nerv\u0173 sistem\u0105, turi prie\u0161u\u017edegimin\u012f, prie\u0161virusin\u012f, antibakterin\u012f poveik\u012f. Tai puiki pagalba daugeliu organizmo susirgim\u0173, da\u017enai besikartojan\u010di\u0173 negalavim\u0173 atveju. Pleistrai saug\u016bs, neturi jokio pa\u0161alinio poveikio. Paprasta ir veiksminga organizmo valymo priemon\u0117, [...]","og_url":"https:\/\/tiandeproducts.co.uk\/lt\/detoksikaciniai-pleistrai-pedoms-2vnt\/","og_site_name":"TianDe Online Shop - Beauty &amp; Health","article_publisher":"https:\/\/www.facebook.com\/tiande.products.england\/","article_modified_time":"2020-02-27T07:52:34+00:00","og_image":[{"width":700,"height":700,"url":"https:\/\/tiandeproducts.co.uk\/wp-content\/uploads\/2016\/04\/41314_new.png","type":"image\/png"}],"twitter_card":"summary_large_image","twitter_misc":{"Est. reading time":"2 minut\u0117s"},"schema":{"@context":"https:\/\/schema.org","@graph":[{"@type":"WebPage","@id":"https:\/\/tiandeproducts.co.uk\/lt\/detoksikaciniai-pleistrai-pedoms-2vnt\/","url":"https:\/\/tiandeproducts.co.uk\/lt\/detoksikaciniai-pleistrai-pedoms-2vnt\/","name":"Detoksikaciniai pleistrai p\u0117doms, 2vnt. - TianDe Online Shop - Beauty &amp; Health","isPartOf":{"@id":"https:\/\/tiandeproducts.co.uk\/#website"},"primaryImageOfPage":{"@id":"https:\/\/tiandeproducts.co.uk\/lt\/detoksikaciniai-pleistrai-pedoms-2vnt\/#primaryimage"},"image":{"@id":"https:\/\/tiandeproducts.co.uk\/lt\/detoksikaciniai-pleistrai-pedoms-2vnt\/#primaryimage"},"thumbnailUrl":"https:\/\/tiandeproducts.co.uk\/wp-content\/uploads\/2016\/04\/41314_new.png","datePublished":"2016-04-20T18:43:14+00:00","dateModified":"2020-02-27T07:52:34+00:00","breadcrumb":{"@id":"https:\/\/tiandeproducts.co.uk\/lt\/detoksikaciniai-pleistrai-pedoms-2vnt\/#breadcrumb"},"inLanguage":"lt-LT","potentialAction":[{"@type":"ReadAction","target":["https:\/\/tiandeproducts.co.uk\/lt\/detoksikaciniai-pleistrai-pedoms-2vnt\/"]}]},{"@type":"ImageObject","inLanguage":"lt-LT","@id":"https:\/\/tiandeproducts.co.uk\/lt\/detoksikaciniai-pleistrai-pedoms-2vnt\/#primaryimage","url":"https:\/\/tiandeproducts.co.uk\/wp-content\/uploads\/2016\/04\/41314_new.png","contentUrl":"https:\/\/tiandeproducts.co.uk\/wp-content\/uploads\/2016\/04\/41314_new.png","width":700,"height":700,"caption":"\"Master Herb\" Feet Detoxifying plaster,2pcs-0"},{"@type":"BreadcrumbList","@id":"https:\/\/tiandeproducts.co.uk\/lt\/detoksikaciniai-pleistrai-pedoms-2vnt\/#breadcrumb","itemListElement":[{"@type":"ListItem","position":1,"name":"Home","item":"https:\/\/tiandeproducts.co.uk\/lt\/"},{"@type":"ListItem","position":2,"name":"Shop","item":"https:\/\/tiandeproducts.co.uk\/lt\/shop-2\/"},{"@type":"ListItem","position":3,"name":"Detoksikaciniai pleistrai p\u0117doms, 2vnt."}]},{"@type":"WebSite","@id":"https:\/\/tiandeproducts.co.uk\/#website","url":"https:\/\/tiandeproducts.co.uk\/","name":"TianDe Online Shop - Beauty & Health","description":"Traditional Chinese Medicine","potentialAction":[{"@type":"SearchAction","target":{"@type":"EntryPoint","urlTemplate":"https:\/\/tiandeproducts.co.uk\/?s={search_term_string}"},"query-input":{"@type":"PropertyValueSpecification","valueRequired":true,"valueName":"search_term_string"}}],"inLanguage":"lt-LT"}]}},"_links":{"self":[{"href":"https:\/\/tiandeproducts.co.uk\/lt\/wp-json\/wp\/v2\/product\/4168","targetHints":{"allow":["GET"]}}],"collection":[{"href":"https:\/\/tiandeproducts.co.uk\/lt\/wp-json\/wp\/v2\/product"}],"about":[{"href":"https:\/\/tiandeproducts.co.uk\/lt\/wp-json\/wp\/v2\/types\/product"}],"replies":[{"embeddable":true,"href":"https:\/\/tiandeproducts.co.uk\/lt\/wp-json\/wp\/v2\/comments?post=4168"}],"wp:featuredmedia":[{"embeddable":true,"href":"https:\/\/tiandeproducts.co.uk\/lt\/wp-json\/wp\/v2\/media\/1094"}],"wp:attachment":[{"href":"https:\/\/tiandeproducts.co.uk\/lt\/wp-json\/wp\/v2\/media?parent=4168"}],"wp:term":[{"taxonomy":"product_cat","embeddable":true,"href":"https:\/\/tiandeproducts.co.uk\/lt\/wp-json\/wp\/v2\/product_cat?post=4168"},{"taxonomy":"product_tag","embeddable":true,"href":"https:\/\/tiandeproducts.co.uk\/lt\/wp-json\/wp\/v2\/product_tag?post=4168"}],"curies":[{"name":"wp","href":"https:\/\/api.w.org\/{rel}","templated":true}]}}