{"id":4166,"date":"2016-04-20T19:49:43","date_gmt":"2016-04-20T18:49:43","guid":{"rendered":"https:\/\/tnd.ontesting.co.uk\/tiande-zoleliu-arbata-su-vaistine-svilaroze-30-pakeliu-2\/"},"modified":"2019-11-01T18:54:29","modified_gmt":"2019-11-01T18:54:29","slug":"tiande-zoleliu-arbata-su-vaistine-svilaroze-30-pakeliu-2","status":"publish","type":"product","link":"https:\/\/tiandeproducts.co.uk\/lt\/tiande-zoleliu-arbata-su-vaistine-svilaroze-30-pakeliu-2\/","title":{"rendered":"TianDe \u201e\u017doleli\u0173 arbata su vaistine svilaro\u017ee\u201c 30 pakeli\u0173"},"content":{"rendered":"<p>Jau IX a. svilaro\u017ee buvo gydomi skrand\u017eio ir \u017earnyno u\u017edegiminiai procesai. Fitoarbatos sud\u0117tyje esantis nat\u016brali\u0173 gydom\u0173j\u0173 augal\u0173 kompleksas atstato funkcin\u012f skrand\u017eio aktyvum\u0105, gleivin\u0117s b\u016bkl\u0119, normalizuoja jo r\u016bg\u0161tingum\u0105 ir gerina vir\u0161kinim\u0105. Svilaro\u017e\u0117s nuoviras turintis didel\u012f kiek\u012f krakmolo naudojamas kaip viduriavim\u0105 stabdanti priemon\u0117, esant dezinterijai.<br \/>\nSud\u0117tis: kininio skudu\u010dio \u0161akn\u0173 milteliai, storalap\u0117s bergenijos lap\u0173 milteliai, lino s\u0117kl\u0173 milteliai, pipirini\u0173 m\u0117t\u0173 lap\u0173 milteliai, tr\u016bka\u017eol\u0117s lap\u0173 milteliai, vaistin\u0117s ramun\u0117s \u017eied\u0173 milteliai, vaistin\u0117s svilaro\u017e\u0117s \u0161akn\u0173 milteliai (10%), paprastojo saldymed\u017eio \u0161akniastiebi\u0173 ir \u0161akn\u0173 milteliai.<\/p>\n<p><strong>Rekomenduojama naudoti, norint:<\/strong><br \/>\natstatyti ir apsaugoti vir\u0161kinamojo trakto gleivin\u0119;<br \/>\nsureguliuoti skrand\u017eio r\u016bg\u0161tingum\u0105;<br \/>\nu\u017ekirsti keli\u0105 gastrito atsiradimui ir kitiems skrand\u017eio u\u017edegiminiams procesams;<br \/>\nsustabdyti viduriavim\u0105 ar pykinim\u0105;<br \/>\ni\u0161vengti viduri\u0173 p\u016btimo;<br \/>\nsuma\u017einti skrand\u017eio ir \u017earnyno spazmus;<br \/>\npagerinti maisto \u012fsisavinim\u0105;<br \/>\nsuma\u017einti viso vir\u0161kinamojo trakto u\u017edegim\u0105.<\/p>\n<p><strong>Vartojimas:<\/strong> 1 pakel\u012f u\u017epilkite 200 ml. u\u017evirusio vandens, palaikykite 10-15 min. ir nuspauskite, i\u0161imkite. Suaugusiesiems gerti po 1 stiklin\u0119 2 kartus per dien\u0105 valgio metu. 1 stiklin\u0119 rekomenduojame i\u0161gerti 7- 9 val. ryte (maksimalus skrand\u017eio darbo aktyvumas). Vartojimo kursas 3-4 savait\u0117s.<\/p>\n","protected":false},"excerpt":{"rendered":"<p>Jau IX a. svilaro\u017ee buvo gydomi skrand\u017eio ir \u017earnyno u\u017edegiminiai procesai. Fitoarbatos sud\u0117tyje esantis nat\u016brali\u0173 gydom\u0173j\u0173 augal\u0173 kompleksas atstato funkcin\u012f skrand\u017eio aktyvum\u0105, gleivin\u0117s b\u016bkl\u0119, normalizuoja jo r\u016bg\u0161tingum\u0105 ir gerina vir\u0161kinim\u0105. Svilaro\u017e\u0117s nuoviras turintis didel\u012f kiek\u012f krakmolo naudojamas kaip viduriavim\u0105 stabdanti priemon\u0117, esant dezinterijai. Sud\u0117tis: kininio skudu\u010dio \u0161akn\u0173 milteliai, storalap\u0117s bergenijos lap\u0173 milteliai, lino s\u0117kl\u0173 milteliai, [&#8230;]\n","protected":false},"featured_media":1104,"comment_status":"closed","ping_status":"closed","template":"","meta":[],"product_cat":[730,718],"product_tag":[],"class_list":{"0":"post-4166","1":"product","2":"type-product","3":"status-publish","4":"has-post-thumbnail","6":"product_cat-arbatos","7":"product_cat-sveikata-lt","9":"first","10":"outofstock","11":"shipping-taxable","12":"purchasable","13":"product-type-simple"},"yoast_head":"<!-- This site is optimized with the Yoast SEO plugin v23.6 - https:\/\/yoast.com\/wordpress\/plugins\/seo\/ -->\n<title>TianDe \u201e\u017doleli\u0173 arbata su vaistine svilaro\u017ee\u201c 30 pakeli\u0173 - TianDe Online Shop - Beauty &amp; Health<\/title>\n<meta name=\"robots\" content=\"index, follow, max-snippet:-1, max-image-preview:large, max-video-preview:-1\" \/>\n<link rel=\"canonical\" href=\"https:\/\/tiandeproducts.co.uk\/lt\/tiande-zoleliu-arbata-su-vaistine-svilaroze-30-pakeliu-2\/\" \/>\n<meta property=\"og:locale\" content=\"lt_LT\" \/>\n<meta property=\"og:type\" content=\"article\" \/>\n<meta property=\"og:title\" content=\"TianDe \u201e\u017doleli\u0173 arbata su vaistine svilaro\u017ee\u201c 30 pakeli\u0173 - TianDe Online Shop - Beauty &amp; Health\" \/>\n<meta property=\"og:description\" content=\"Jau IX a. svilaro\u017ee buvo gydomi skrand\u017eio ir \u017earnyno u\u017edegiminiai procesai. Fitoarbatos sud\u0117tyje esantis nat\u016brali\u0173 gydom\u0173j\u0173 augal\u0173 kompleksas atstato funkcin\u012f skrand\u017eio aktyvum\u0105, gleivin\u0117s b\u016bkl\u0119, normalizuoja jo r\u016bg\u0161tingum\u0105 ir gerina vir\u0161kinim\u0105. Svilaro\u017e\u0117s nuoviras turintis didel\u012f kiek\u012f krakmolo naudojamas kaip viduriavim\u0105 stabdanti priemon\u0117, esant dezinterijai. Sud\u0117tis: kininio skudu\u010dio \u0161akn\u0173 milteliai, storalap\u0117s bergenijos lap\u0173 milteliai, lino s\u0117kl\u0173 milteliai, [...]\" \/>\n<meta property=\"og:url\" content=\"https:\/\/tiandeproducts.co.uk\/lt\/tiande-zoleliu-arbata-su-vaistine-svilaroze-30-pakeliu-2\/\" \/>\n<meta property=\"og:site_name\" content=\"TianDe Online Shop - Beauty &amp; Health\" \/>\n<meta property=\"article:publisher\" content=\"https:\/\/www.facebook.com\/tiande.products.england\/\" \/>\n<meta property=\"article:modified_time\" content=\"2019-11-01T18:54:29+00:00\" \/>\n<meta property=\"og:image\" content=\"https:\/\/tiandeproducts.co.uk\/wp-content\/uploads\/2016\/04\/123916.png\" \/>\n\t<meta property=\"og:image:width\" content=\"700\" \/>\n\t<meta property=\"og:image:height\" content=\"700\" \/>\n\t<meta property=\"og:image:type\" content=\"image\/png\" \/>\n<meta name=\"twitter:card\" content=\"summary_large_image\" \/>\n<meta name=\"twitter:label1\" content=\"Est. reading time\" \/>\n\t<meta name=\"twitter:data1\" content=\"1 minut\u0117\" \/>\n<script type=\"application\/ld+json\" class=\"yoast-schema-graph\">{\"@context\":\"https:\/\/schema.org\",\"@graph\":[{\"@type\":\"WebPage\",\"@id\":\"https:\/\/tiandeproducts.co.uk\/lt\/tiande-zoleliu-arbata-su-vaistine-svilaroze-30-pakeliu-2\/\",\"url\":\"https:\/\/tiandeproducts.co.uk\/lt\/tiande-zoleliu-arbata-su-vaistine-svilaroze-30-pakeliu-2\/\",\"name\":\"TianDe \u201e\u017doleli\u0173 arbata su vaistine svilaro\u017ee\u201c 30 pakeli\u0173 - TianDe Online Shop - Beauty &amp; Health\",\"isPartOf\":{\"@id\":\"https:\/\/tiandeproducts.co.uk\/#website\"},\"primaryImageOfPage\":{\"@id\":\"https:\/\/tiandeproducts.co.uk\/lt\/tiande-zoleliu-arbata-su-vaistine-svilaroze-30-pakeliu-2\/#primaryimage\"},\"image\":{\"@id\":\"https:\/\/tiandeproducts.co.uk\/lt\/tiande-zoleliu-arbata-su-vaistine-svilaroze-30-pakeliu-2\/#primaryimage\"},\"thumbnailUrl\":\"https:\/\/tiandeproducts.co.uk\/wp-content\/uploads\/2016\/04\/123916.png\",\"datePublished\":\"2016-04-20T18:49:43+00:00\",\"dateModified\":\"2019-11-01T18:54:29+00:00\",\"breadcrumb\":{\"@id\":\"https:\/\/tiandeproducts.co.uk\/lt\/tiande-zoleliu-arbata-su-vaistine-svilaroze-30-pakeliu-2\/#breadcrumb\"},\"inLanguage\":\"lt-LT\",\"potentialAction\":[{\"@type\":\"ReadAction\",\"target\":[\"https:\/\/tiandeproducts.co.uk\/lt\/tiande-zoleliu-arbata-su-vaistine-svilaroze-30-pakeliu-2\/\"]}]},{\"@type\":\"ImageObject\",\"inLanguage\":\"lt-LT\",\"@id\":\"https:\/\/tiandeproducts.co.uk\/lt\/tiande-zoleliu-arbata-su-vaistine-svilaroze-30-pakeliu-2\/#primaryimage\",\"url\":\"https:\/\/tiandeproducts.co.uk\/wp-content\/uploads\/2016\/04\/123916.png\",\"contentUrl\":\"https:\/\/tiandeproducts.co.uk\/wp-content\/uploads\/2016\/04\/123916.png\",\"width\":700,\"height\":700,\"caption\":\"Gastric Phytotea with Althaea,30 x1.5g-0\"},{\"@type\":\"BreadcrumbList\",\"@id\":\"https:\/\/tiandeproducts.co.uk\/lt\/tiande-zoleliu-arbata-su-vaistine-svilaroze-30-pakeliu-2\/#breadcrumb\",\"itemListElement\":[{\"@type\":\"ListItem\",\"position\":1,\"name\":\"Home\",\"item\":\"https:\/\/tiandeproducts.co.uk\/lt\/\"},{\"@type\":\"ListItem\",\"position\":2,\"name\":\"Shop\",\"item\":\"https:\/\/tiandeproducts.co.uk\/lt\/shop-2\/\"},{\"@type\":\"ListItem\",\"position\":3,\"name\":\"TianDe \u201e\u017doleli\u0173 arbata su vaistine svilaro\u017ee\u201c 30 pakeli\u0173\"}]},{\"@type\":\"WebSite\",\"@id\":\"https:\/\/tiandeproducts.co.uk\/#website\",\"url\":\"https:\/\/tiandeproducts.co.uk\/\",\"name\":\"TianDe Online Shop - Beauty & Health\",\"description\":\"Traditional Chinese Medicine\",\"potentialAction\":[{\"@type\":\"SearchAction\",\"target\":{\"@type\":\"EntryPoint\",\"urlTemplate\":\"https:\/\/tiandeproducts.co.uk\/?s={search_term_string}\"},\"query-input\":{\"@type\":\"PropertyValueSpecification\",\"valueRequired\":true,\"valueName\":\"search_term_string\"}}],\"inLanguage\":\"lt-LT\"}]}<\/script>\n<!-- \/ Yoast SEO plugin. -->","yoast_head_json":{"title":"TianDe \u201e\u017doleli\u0173 arbata su vaistine svilaro\u017ee\u201c 30 pakeli\u0173 - TianDe Online Shop - Beauty &amp; Health","robots":{"index":"index","follow":"follow","max-snippet":"max-snippet:-1","max-image-preview":"max-image-preview:large","max-video-preview":"max-video-preview:-1"},"canonical":"https:\/\/tiandeproducts.co.uk\/lt\/tiande-zoleliu-arbata-su-vaistine-svilaroze-30-pakeliu-2\/","og_locale":"lt_LT","og_type":"article","og_title":"TianDe \u201e\u017doleli\u0173 arbata su vaistine svilaro\u017ee\u201c 30 pakeli\u0173 - TianDe Online Shop - Beauty &amp; Health","og_description":"Jau IX a. svilaro\u017ee buvo gydomi skrand\u017eio ir \u017earnyno u\u017edegiminiai procesai. Fitoarbatos sud\u0117tyje esantis nat\u016brali\u0173 gydom\u0173j\u0173 augal\u0173 kompleksas atstato funkcin\u012f skrand\u017eio aktyvum\u0105, gleivin\u0117s b\u016bkl\u0119, normalizuoja jo r\u016bg\u0161tingum\u0105 ir gerina vir\u0161kinim\u0105. Svilaro\u017e\u0117s nuoviras turintis didel\u012f kiek\u012f krakmolo naudojamas kaip viduriavim\u0105 stabdanti priemon\u0117, esant dezinterijai. Sud\u0117tis: kininio skudu\u010dio \u0161akn\u0173 milteliai, storalap\u0117s bergenijos lap\u0173 milteliai, lino s\u0117kl\u0173 milteliai, [...]","og_url":"https:\/\/tiandeproducts.co.uk\/lt\/tiande-zoleliu-arbata-su-vaistine-svilaroze-30-pakeliu-2\/","og_site_name":"TianDe Online Shop - Beauty &amp; Health","article_publisher":"https:\/\/www.facebook.com\/tiande.products.england\/","article_modified_time":"2019-11-01T18:54:29+00:00","og_image":[{"width":700,"height":700,"url":"https:\/\/tiandeproducts.co.uk\/wp-content\/uploads\/2016\/04\/123916.png","type":"image\/png"}],"twitter_card":"summary_large_image","twitter_misc":{"Est. reading time":"1 minut\u0117"},"schema":{"@context":"https:\/\/schema.org","@graph":[{"@type":"WebPage","@id":"https:\/\/tiandeproducts.co.uk\/lt\/tiande-zoleliu-arbata-su-vaistine-svilaroze-30-pakeliu-2\/","url":"https:\/\/tiandeproducts.co.uk\/lt\/tiande-zoleliu-arbata-su-vaistine-svilaroze-30-pakeliu-2\/","name":"TianDe \u201e\u017doleli\u0173 arbata su vaistine svilaro\u017ee\u201c 30 pakeli\u0173 - TianDe Online Shop - Beauty &amp; Health","isPartOf":{"@id":"https:\/\/tiandeproducts.co.uk\/#website"},"primaryImageOfPage":{"@id":"https:\/\/tiandeproducts.co.uk\/lt\/tiande-zoleliu-arbata-su-vaistine-svilaroze-30-pakeliu-2\/#primaryimage"},"image":{"@id":"https:\/\/tiandeproducts.co.uk\/lt\/tiande-zoleliu-arbata-su-vaistine-svilaroze-30-pakeliu-2\/#primaryimage"},"thumbnailUrl":"https:\/\/tiandeproducts.co.uk\/wp-content\/uploads\/2016\/04\/123916.png","datePublished":"2016-04-20T18:49:43+00:00","dateModified":"2019-11-01T18:54:29+00:00","breadcrumb":{"@id":"https:\/\/tiandeproducts.co.uk\/lt\/tiande-zoleliu-arbata-su-vaistine-svilaroze-30-pakeliu-2\/#breadcrumb"},"inLanguage":"lt-LT","potentialAction":[{"@type":"ReadAction","target":["https:\/\/tiandeproducts.co.uk\/lt\/tiande-zoleliu-arbata-su-vaistine-svilaroze-30-pakeliu-2\/"]}]},{"@type":"ImageObject","inLanguage":"lt-LT","@id":"https:\/\/tiandeproducts.co.uk\/lt\/tiande-zoleliu-arbata-su-vaistine-svilaroze-30-pakeliu-2\/#primaryimage","url":"https:\/\/tiandeproducts.co.uk\/wp-content\/uploads\/2016\/04\/123916.png","contentUrl":"https:\/\/tiandeproducts.co.uk\/wp-content\/uploads\/2016\/04\/123916.png","width":700,"height":700,"caption":"Gastric Phytotea with Althaea,30 x1.5g-0"},{"@type":"BreadcrumbList","@id":"https:\/\/tiandeproducts.co.uk\/lt\/tiande-zoleliu-arbata-su-vaistine-svilaroze-30-pakeliu-2\/#breadcrumb","itemListElement":[{"@type":"ListItem","position":1,"name":"Home","item":"https:\/\/tiandeproducts.co.uk\/lt\/"},{"@type":"ListItem","position":2,"name":"Shop","item":"https:\/\/tiandeproducts.co.uk\/lt\/shop-2\/"},{"@type":"ListItem","position":3,"name":"TianDe \u201e\u017doleli\u0173 arbata su vaistine svilaro\u017ee\u201c 30 pakeli\u0173"}]},{"@type":"WebSite","@id":"https:\/\/tiandeproducts.co.uk\/#website","url":"https:\/\/tiandeproducts.co.uk\/","name":"TianDe Online Shop - Beauty & Health","description":"Traditional Chinese Medicine","potentialAction":[{"@type":"SearchAction","target":{"@type":"EntryPoint","urlTemplate":"https:\/\/tiandeproducts.co.uk\/?s={search_term_string}"},"query-input":{"@type":"PropertyValueSpecification","valueRequired":true,"valueName":"search_term_string"}}],"inLanguage":"lt-LT"}]}},"_links":{"self":[{"href":"https:\/\/tiandeproducts.co.uk\/lt\/wp-json\/wp\/v2\/product\/4166","targetHints":{"allow":["GET"]}}],"collection":[{"href":"https:\/\/tiandeproducts.co.uk\/lt\/wp-json\/wp\/v2\/product"}],"about":[{"href":"https:\/\/tiandeproducts.co.uk\/lt\/wp-json\/wp\/v2\/types\/product"}],"replies":[{"embeddable":true,"href":"https:\/\/tiandeproducts.co.uk\/lt\/wp-json\/wp\/v2\/comments?post=4166"}],"wp:featuredmedia":[{"embeddable":true,"href":"https:\/\/tiandeproducts.co.uk\/lt\/wp-json\/wp\/v2\/media\/1104"}],"wp:attachment":[{"href":"https:\/\/tiandeproducts.co.uk\/lt\/wp-json\/wp\/v2\/media?parent=4166"}],"wp:term":[{"taxonomy":"product_cat","embeddable":true,"href":"https:\/\/tiandeproducts.co.uk\/lt\/wp-json\/wp\/v2\/product_cat?post=4166"},{"taxonomy":"product_tag","embeddable":true,"href":"https:\/\/tiandeproducts.co.uk\/lt\/wp-json\/wp\/v2\/product_tag?post=4166"}],"curies":[{"name":"wp","href":"https:\/\/api.w.org\/{rel}","templated":true}]}}