{"id":4165,"date":"2019-07-13T11:36:10","date_gmt":"2019-07-13T10:36:10","guid":{"rendered":"https:\/\/tnd.ontesting.co.uk\/tiande-zoleliu-arbata-su-raudonuoju-dobilu-30-pakeliu\/"},"modified":"2019-11-01T09:11:37","modified_gmt":"2019-11-01T09:11:37","slug":"tiande-zoleliu-arbata-su-raudonuoju-dobilu-30-pakeliu","status":"publish","type":"product","link":"https:\/\/tiandeproducts.co.uk\/lt\/tiande-zoleliu-arbata-su-raudonuoju-dobilu-30-pakeliu\/","title":{"rendered":"TianDe \u201e\u017doleli\u0173 arbata su raudonuoju dobilu\u201c 30 pakeli\u0173"},"content":{"rendered":"<p>Raudonojo dobilo \u017eiedai ir lapai senov\u0117s Kinijoje buvo naudojami kaip magnio, kalcio, chromo, vario, gele\u017eies, fosforo, vitamin\u0173 A, C ir B komplekso \u0161altinis. Raudonasis dobilas atlieka kepen\u0173 ir viso organizmo detoksikacij\u0105, puikiai valo krauj\u0105 ir limf\u0105, gerina tul\u017eies i\u0161siskyrim\u0105, normalizuoja \u017earnyno veikl\u0105.<br \/>\nBiologi\u0161kai aktyvi\u0173 jungini\u0173 kompleksas \u012feinantis \u012f \u0161ios fitoarbatos sud\u0117t\u012f efektyviai valo kraujagysli\u0173 sieneles, stiprina jas, tuo apsaugodamas nuo ateroskleroz\u0117s, ven\u0173 varikoz\u0117s, tromboflebito ir vegetodistonijos. Reguliuoja cholesterolio kiek\u012f kraujyje. Veikia kaip kraujagysles ple\u010diantis ir j\u0173 elastingum\u0105 gerinantis preparatas.<br \/>\nSud\u0117tis: plei\u0161talap\u0117s gudobel\u0117s vaisi\u0173 milteliai, vaistin\u0117s melisos lap\u0173 milteliai, raudonojo dobilo lap\u0173 milteliai (15%), paprastojo raudon\u0117lio \u017eied\u0173 milteliai, \u0161alpusnio lap\u0173 milteliai, arbatin\u0117s inksta\u017eol\u0117s lap\u0173 milteliai, ber\u0163o lap\u0173 milteliai, kvapi\u0173j\u0173 rozmarin\u0173 lap\u0173 milteliai, medetkos \u017eied\u0173 milteliai.<br \/>\nRezultatas:<br \/>\npadid\u0117ja kraujagysli\u0173 elastingumas, pager\u0117ja praeinamumas;<br \/>\nger\u0117ja l\u0105steli\u0173 maitinimas ir j\u0173 regeneracija;<br \/>\napsaugo nuo ven\u0173 varikoz\u0117s ir tromboflebito;<br \/>\nnormalizuojasi centrin\u0117s nerv\u0173 sistemos darbas;<br \/>\nger\u0117ja atmintis, normalizuojasi miegas;<br \/>\nintensyv\u0117ja med\u017eiag\u0173 apykaita;<br \/>\nnormalizuojasi \u017earnyno veikla;<br \/>\nma\u017e\u0117ja galvos skausmai;<br \/>\nateroskleroz\u0117s profilaktika.<br \/>\n<strong>Vartojimas<\/strong>: 1 pakel\u012f u\u017epilkite 200 ml. u\u017evirusio vandens, palaikykite 10-15 min. ir nuspauskite, i\u0161imkite. Suaugusiesiems gerti po vien\u0105 stiklin\u0119 3 kartus per dien\u0105 valgio metu antroje dienos pus\u0117je. Vartojimo kursas 3- 4 savait\u0117s.<\/p>\n","protected":false},"excerpt":{"rendered":"<p>Raudonojo dobilo \u017eiedai ir lapai senov\u0117s Kinijoje buvo naudojami kaip magnio, kalcio, chromo, vario, gele\u017eies, fosforo, vitamin\u0173 A, C ir B komplekso \u0161altinis. Raudonasis dobilas atlieka kepen\u0173 ir viso organizmo detoksikacij\u0105, puikiai valo krauj\u0105 ir limf\u0105, gerina tul\u017eies i\u0161siskyrim\u0105, normalizuoja \u017earnyno veikl\u0105. Biologi\u0161kai aktyvi\u0173 jungini\u0173 kompleksas \u012feinantis \u012f \u0161ios fitoarbatos sud\u0117t\u012f efektyviai valo kraujagysli\u0173 sieneles, [&#8230;]\n","protected":false},"featured_media":1109,"comment_status":"closed","ping_status":"closed","template":"","meta":[],"product_cat":[730,718],"product_tag":[],"class_list":{"0":"post-4165","1":"product","2":"type-product","3":"status-publish","4":"has-post-thumbnail","6":"product_cat-arbatos","7":"product_cat-sveikata-lt","9":"first","10":"outofstock","11":"shipping-taxable","12":"purchasable","13":"product-type-simple"},"yoast_head":"<!-- This site is optimized with the Yoast SEO plugin v23.6 - https:\/\/yoast.com\/wordpress\/plugins\/seo\/ -->\n<title>TianDe \u201e\u017doleli\u0173 arbata su raudonuoju dobilu\u201c 30 pakeli\u0173 - TianDe Online Shop - Beauty &amp; Health<\/title>\n<meta name=\"robots\" content=\"index, follow, max-snippet:-1, max-image-preview:large, max-video-preview:-1\" \/>\n<link rel=\"canonical\" href=\"https:\/\/tiandeproducts.co.uk\/lt\/tiande-zoleliu-arbata-su-raudonuoju-dobilu-30-pakeliu\/\" \/>\n<meta property=\"og:locale\" content=\"lt_LT\" \/>\n<meta property=\"og:type\" content=\"article\" \/>\n<meta property=\"og:title\" content=\"TianDe \u201e\u017doleli\u0173 arbata su raudonuoju dobilu\u201c 30 pakeli\u0173 - TianDe Online Shop - Beauty &amp; Health\" \/>\n<meta property=\"og:description\" content=\"Raudonojo dobilo \u017eiedai ir lapai senov\u0117s Kinijoje buvo naudojami kaip magnio, kalcio, chromo, vario, gele\u017eies, fosforo, vitamin\u0173 A, C ir B komplekso \u0161altinis. Raudonasis dobilas atlieka kepen\u0173 ir viso organizmo detoksikacij\u0105, puikiai valo krauj\u0105 ir limf\u0105, gerina tul\u017eies i\u0161siskyrim\u0105, normalizuoja \u017earnyno veikl\u0105. Biologi\u0161kai aktyvi\u0173 jungini\u0173 kompleksas \u012feinantis \u012f \u0161ios fitoarbatos sud\u0117t\u012f efektyviai valo kraujagysli\u0173 sieneles, [...]\" \/>\n<meta property=\"og:url\" content=\"https:\/\/tiandeproducts.co.uk\/lt\/tiande-zoleliu-arbata-su-raudonuoju-dobilu-30-pakeliu\/\" \/>\n<meta property=\"og:site_name\" content=\"TianDe Online Shop - Beauty &amp; Health\" \/>\n<meta property=\"article:publisher\" content=\"https:\/\/www.facebook.com\/tiande.products.england\/\" \/>\n<meta property=\"article:modified_time\" content=\"2019-11-01T09:11:37+00:00\" \/>\n<meta property=\"og:image\" content=\"https:\/\/tiandeproducts.co.uk\/wp-content\/uploads\/2016\/04\/123915.png\" \/>\n\t<meta property=\"og:image:width\" content=\"700\" \/>\n\t<meta property=\"og:image:height\" content=\"700\" \/>\n\t<meta property=\"og:image:type\" content=\"image\/png\" \/>\n<meta name=\"twitter:card\" content=\"summary_large_image\" \/>\n<meta name=\"twitter:label1\" content=\"Est. reading time\" \/>\n\t<meta name=\"twitter:data1\" content=\"1 minut\u0117\" \/>\n<script type=\"application\/ld+json\" class=\"yoast-schema-graph\">{\"@context\":\"https:\/\/schema.org\",\"@graph\":[{\"@type\":\"WebPage\",\"@id\":\"https:\/\/tiandeproducts.co.uk\/lt\/tiande-zoleliu-arbata-su-raudonuoju-dobilu-30-pakeliu\/\",\"url\":\"https:\/\/tiandeproducts.co.uk\/lt\/tiande-zoleliu-arbata-su-raudonuoju-dobilu-30-pakeliu\/\",\"name\":\"TianDe \u201e\u017doleli\u0173 arbata su raudonuoju dobilu\u201c 30 pakeli\u0173 - TianDe Online Shop - Beauty &amp; Health\",\"isPartOf\":{\"@id\":\"https:\/\/tiandeproducts.co.uk\/#website\"},\"primaryImageOfPage\":{\"@id\":\"https:\/\/tiandeproducts.co.uk\/lt\/tiande-zoleliu-arbata-su-raudonuoju-dobilu-30-pakeliu\/#primaryimage\"},\"image\":{\"@id\":\"https:\/\/tiandeproducts.co.uk\/lt\/tiande-zoleliu-arbata-su-raudonuoju-dobilu-30-pakeliu\/#primaryimage\"},\"thumbnailUrl\":\"https:\/\/tiandeproducts.co.uk\/wp-content\/uploads\/2016\/04\/123915.png\",\"datePublished\":\"2019-07-13T10:36:10+00:00\",\"dateModified\":\"2019-11-01T09:11:37+00:00\",\"breadcrumb\":{\"@id\":\"https:\/\/tiandeproducts.co.uk\/lt\/tiande-zoleliu-arbata-su-raudonuoju-dobilu-30-pakeliu\/#breadcrumb\"},\"inLanguage\":\"lt-LT\",\"potentialAction\":[{\"@type\":\"ReadAction\",\"target\":[\"https:\/\/tiandeproducts.co.uk\/lt\/tiande-zoleliu-arbata-su-raudonuoju-dobilu-30-pakeliu\/\"]}]},{\"@type\":\"ImageObject\",\"inLanguage\":\"lt-LT\",\"@id\":\"https:\/\/tiandeproducts.co.uk\/lt\/tiande-zoleliu-arbata-su-raudonuoju-dobilu-30-pakeliu\/#primaryimage\",\"url\":\"https:\/\/tiandeproducts.co.uk\/wp-content\/uploads\/2016\/04\/123915.png\",\"contentUrl\":\"https:\/\/tiandeproducts.co.uk\/wp-content\/uploads\/2016\/04\/123915.png\",\"width\":700,\"height\":700,\"caption\":\"Vascular Phytotea with Clover,30 x2g-0\"},{\"@type\":\"BreadcrumbList\",\"@id\":\"https:\/\/tiandeproducts.co.uk\/lt\/tiande-zoleliu-arbata-su-raudonuoju-dobilu-30-pakeliu\/#breadcrumb\",\"itemListElement\":[{\"@type\":\"ListItem\",\"position\":1,\"name\":\"Home\",\"item\":\"https:\/\/tiandeproducts.co.uk\/lt\/\"},{\"@type\":\"ListItem\",\"position\":2,\"name\":\"Shop\",\"item\":\"https:\/\/tiandeproducts.co.uk\/lt\/shop-2\/\"},{\"@type\":\"ListItem\",\"position\":3,\"name\":\"TianDe \u201e\u017doleli\u0173 arbata su raudonuoju dobilu\u201c 30 pakeli\u0173\"}]},{\"@type\":\"WebSite\",\"@id\":\"https:\/\/tiandeproducts.co.uk\/#website\",\"url\":\"https:\/\/tiandeproducts.co.uk\/\",\"name\":\"TianDe Online Shop - Beauty & Health\",\"description\":\"Traditional Chinese Medicine\",\"potentialAction\":[{\"@type\":\"SearchAction\",\"target\":{\"@type\":\"EntryPoint\",\"urlTemplate\":\"https:\/\/tiandeproducts.co.uk\/?s={search_term_string}\"},\"query-input\":{\"@type\":\"PropertyValueSpecification\",\"valueRequired\":true,\"valueName\":\"search_term_string\"}}],\"inLanguage\":\"lt-LT\"}]}<\/script>\n<!-- \/ Yoast SEO plugin. -->","yoast_head_json":{"title":"TianDe \u201e\u017doleli\u0173 arbata su raudonuoju dobilu\u201c 30 pakeli\u0173 - TianDe Online Shop - Beauty &amp; Health","robots":{"index":"index","follow":"follow","max-snippet":"max-snippet:-1","max-image-preview":"max-image-preview:large","max-video-preview":"max-video-preview:-1"},"canonical":"https:\/\/tiandeproducts.co.uk\/lt\/tiande-zoleliu-arbata-su-raudonuoju-dobilu-30-pakeliu\/","og_locale":"lt_LT","og_type":"article","og_title":"TianDe \u201e\u017doleli\u0173 arbata su raudonuoju dobilu\u201c 30 pakeli\u0173 - TianDe Online Shop - Beauty &amp; Health","og_description":"Raudonojo dobilo \u017eiedai ir lapai senov\u0117s Kinijoje buvo naudojami kaip magnio, kalcio, chromo, vario, gele\u017eies, fosforo, vitamin\u0173 A, C ir B komplekso \u0161altinis. Raudonasis dobilas atlieka kepen\u0173 ir viso organizmo detoksikacij\u0105, puikiai valo krauj\u0105 ir limf\u0105, gerina tul\u017eies i\u0161siskyrim\u0105, normalizuoja \u017earnyno veikl\u0105. Biologi\u0161kai aktyvi\u0173 jungini\u0173 kompleksas \u012feinantis \u012f \u0161ios fitoarbatos sud\u0117t\u012f efektyviai valo kraujagysli\u0173 sieneles, [...]","og_url":"https:\/\/tiandeproducts.co.uk\/lt\/tiande-zoleliu-arbata-su-raudonuoju-dobilu-30-pakeliu\/","og_site_name":"TianDe Online Shop - Beauty &amp; Health","article_publisher":"https:\/\/www.facebook.com\/tiande.products.england\/","article_modified_time":"2019-11-01T09:11:37+00:00","og_image":[{"width":700,"height":700,"url":"https:\/\/tiandeproducts.co.uk\/wp-content\/uploads\/2016\/04\/123915.png","type":"image\/png"}],"twitter_card":"summary_large_image","twitter_misc":{"Est. reading time":"1 minut\u0117"},"schema":{"@context":"https:\/\/schema.org","@graph":[{"@type":"WebPage","@id":"https:\/\/tiandeproducts.co.uk\/lt\/tiande-zoleliu-arbata-su-raudonuoju-dobilu-30-pakeliu\/","url":"https:\/\/tiandeproducts.co.uk\/lt\/tiande-zoleliu-arbata-su-raudonuoju-dobilu-30-pakeliu\/","name":"TianDe \u201e\u017doleli\u0173 arbata su raudonuoju dobilu\u201c 30 pakeli\u0173 - TianDe Online Shop - Beauty &amp; Health","isPartOf":{"@id":"https:\/\/tiandeproducts.co.uk\/#website"},"primaryImageOfPage":{"@id":"https:\/\/tiandeproducts.co.uk\/lt\/tiande-zoleliu-arbata-su-raudonuoju-dobilu-30-pakeliu\/#primaryimage"},"image":{"@id":"https:\/\/tiandeproducts.co.uk\/lt\/tiande-zoleliu-arbata-su-raudonuoju-dobilu-30-pakeliu\/#primaryimage"},"thumbnailUrl":"https:\/\/tiandeproducts.co.uk\/wp-content\/uploads\/2016\/04\/123915.png","datePublished":"2019-07-13T10:36:10+00:00","dateModified":"2019-11-01T09:11:37+00:00","breadcrumb":{"@id":"https:\/\/tiandeproducts.co.uk\/lt\/tiande-zoleliu-arbata-su-raudonuoju-dobilu-30-pakeliu\/#breadcrumb"},"inLanguage":"lt-LT","potentialAction":[{"@type":"ReadAction","target":["https:\/\/tiandeproducts.co.uk\/lt\/tiande-zoleliu-arbata-su-raudonuoju-dobilu-30-pakeliu\/"]}]},{"@type":"ImageObject","inLanguage":"lt-LT","@id":"https:\/\/tiandeproducts.co.uk\/lt\/tiande-zoleliu-arbata-su-raudonuoju-dobilu-30-pakeliu\/#primaryimage","url":"https:\/\/tiandeproducts.co.uk\/wp-content\/uploads\/2016\/04\/123915.png","contentUrl":"https:\/\/tiandeproducts.co.uk\/wp-content\/uploads\/2016\/04\/123915.png","width":700,"height":700,"caption":"Vascular Phytotea with Clover,30 x2g-0"},{"@type":"BreadcrumbList","@id":"https:\/\/tiandeproducts.co.uk\/lt\/tiande-zoleliu-arbata-su-raudonuoju-dobilu-30-pakeliu\/#breadcrumb","itemListElement":[{"@type":"ListItem","position":1,"name":"Home","item":"https:\/\/tiandeproducts.co.uk\/lt\/"},{"@type":"ListItem","position":2,"name":"Shop","item":"https:\/\/tiandeproducts.co.uk\/lt\/shop-2\/"},{"@type":"ListItem","position":3,"name":"TianDe \u201e\u017doleli\u0173 arbata su raudonuoju dobilu\u201c 30 pakeli\u0173"}]},{"@type":"WebSite","@id":"https:\/\/tiandeproducts.co.uk\/#website","url":"https:\/\/tiandeproducts.co.uk\/","name":"TianDe Online Shop - Beauty & Health","description":"Traditional Chinese Medicine","potentialAction":[{"@type":"SearchAction","target":{"@type":"EntryPoint","urlTemplate":"https:\/\/tiandeproducts.co.uk\/?s={search_term_string}"},"query-input":{"@type":"PropertyValueSpecification","valueRequired":true,"valueName":"search_term_string"}}],"inLanguage":"lt-LT"}]}},"_links":{"self":[{"href":"https:\/\/tiandeproducts.co.uk\/lt\/wp-json\/wp\/v2\/product\/4165","targetHints":{"allow":["GET"]}}],"collection":[{"href":"https:\/\/tiandeproducts.co.uk\/lt\/wp-json\/wp\/v2\/product"}],"about":[{"href":"https:\/\/tiandeproducts.co.uk\/lt\/wp-json\/wp\/v2\/types\/product"}],"replies":[{"embeddable":true,"href":"https:\/\/tiandeproducts.co.uk\/lt\/wp-json\/wp\/v2\/comments?post=4165"}],"wp:featuredmedia":[{"embeddable":true,"href":"https:\/\/tiandeproducts.co.uk\/lt\/wp-json\/wp\/v2\/media\/1109"}],"wp:attachment":[{"href":"https:\/\/tiandeproducts.co.uk\/lt\/wp-json\/wp\/v2\/media?parent=4165"}],"wp:term":[{"taxonomy":"product_cat","embeddable":true,"href":"https:\/\/tiandeproducts.co.uk\/lt\/wp-json\/wp\/v2\/product_cat?post=4165"},{"taxonomy":"product_tag","embeddable":true,"href":"https:\/\/tiandeproducts.co.uk\/lt\/wp-json\/wp\/v2\/product_tag?post=4165"}],"curies":[{"name":"wp","href":"https:\/\/api.w.org\/{rel}","templated":true}]}}