{"id":4164,"date":"2016-04-20T19:54:49","date_gmt":"2016-04-20T18:54:49","guid":{"rendered":"https:\/\/tnd.ontesting.co.uk\/tiande-zoleliu-arbata-su-debesylo-saknimis-30-pakeliu\/"},"modified":"2021-10-29T21:31:12","modified_gmt":"2021-10-29T20:31:12","slug":"tiande-zoleliu-arbata-su-debesylo-saknimis-30-pakeliu","status":"publish","type":"product","link":"https:\/\/tiandeproducts.co.uk\/lt\/tiande-zoleliu-arbata-su-debesylo-saknimis-30-pakeliu\/","title":{"rendered":"TianDe \u201e\u017doleli\u0173 arbata su debesylo \u0161aknimis\u201c 30 pakeli\u0173"},"content":{"rendered":"<p>Efektyviai tvarko viduri\u0173 u\u017ekiet\u0117jim\u0105, normalizuoja vis\u0173 vir\u0161kinimo organ\u0173 darb\u0105. Debesylo \u0161aknis yra pla\u010diai naudojama fitoterapijoje. Rekomenduojame naudoti esant disbakteriozei, viduri\u0173 u\u017ekiet\u0117jimui, hemarojui, esant bet kokiam vir\u0161kinimo sutrikimui, po \u017earnyno operacij\u0173. Efektyviai nuima spazmus ir suma\u017eina pilvo skausmus. Ma\u017eina skrand\u017eio ir dvylikapir\u0161t\u0117s \u017earnos u\u017edegiminius procesus. Normalizuoja \u017earnyno mikloflor\u0105 ir saugo vis\u0105 vir\u0161kinam\u0105j\u012f trakt\u0105 nuo mikrob\u0173 ir u\u017edegimini\u0173 proces\u0173.<br \/>\n<strong>Sud\u0117tis<\/strong>: debesylo \u0161akn\u0173 milteliai (20%), pipirini\u0173 m\u0117t\u0173 lap\u0173 milteliai, velniapup\u0117s (Senna) lap\u0173 milteliai, paprastojo saldymed\u017eio \u0161akn\u0173 ir \u0161akniastiebi\u0173 milteliai, kalendros vaisi\u0173 milteliai, lino s\u0117kl\u0173 milteliai, vaistin\u0117s ramun\u0117s \u017eied\u0173 milteliai, er\u0161k\u0117\u010dio uog\u0173 milteliai.<br \/>\n<strong>Rezultatas:<\/strong><br \/>\ni\u0161valo organizm\u0105 nuo toksin\u0173 ir \u0161lak\u0173;<br \/>\npanaikina \u201esunkumo\u201c jausm\u0105, viduri\u0173 p\u016btim\u0105;<br \/>\ngerina \u017earnyno darb\u0105 ir odos b\u016bkl\u0119;<br \/>\nsvorio korekcija.<br \/>\n<strong>Vartojimas:<\/strong> 1 pakel\u012f u\u017epilkite 200 ml. u\u017evirusio vandens, palaikykite 10-15 min. ir nuspauskite, i\u0161imkite. Suaugusiesiems gerti po vien\u0105 stiklin\u0119 3 kartus per dien\u0105 valgio metu antroje dienos pus\u0117je. Vartojimo kursas 3- 4 savait\u0117s.<\/p>\n","protected":false},"excerpt":{"rendered":"<p>Efektyviai tvarko viduri\u0173 u\u017ekiet\u0117jim\u0105, normalizuoja vis\u0173 vir\u0161kinimo organ\u0173 darb\u0105. Debesylo \u0161aknis yra pla\u010diai naudojama fitoterapijoje. Rekomenduojame naudoti esant disbakteriozei, viduri\u0173 u\u017ekiet\u0117jimui, hemarojui, esant bet kokiam vir\u0161kinimo sutrikimui, po \u017earnyno operacij\u0173. Efektyviai nuima spazmus ir suma\u017eina pilvo skausmus. Ma\u017eina skrand\u017eio ir dvylikapir\u0161t\u0117s \u017earnos u\u017edegiminius procesus. Normalizuoja \u017earnyno mikloflor\u0105 ir saugo vis\u0105 vir\u0161kinam\u0105j\u012f trakt\u0105 nuo mikrob\u0173 ir [&#8230;]\n","protected":false},"featured_media":1114,"comment_status":"closed","ping_status":"closed","template":"","meta":[],"product_cat":[730,718],"product_tag":[],"class_list":{"0":"post-4164","1":"product","2":"type-product","3":"status-publish","4":"has-post-thumbnail","6":"product_cat-arbatos","7":"product_cat-sveikata-lt","9":"first","10":"outofstock","11":"shipping-taxable","12":"purchasable","13":"product-type-simple"},"yoast_head":"<!-- This site is optimized with the Yoast SEO plugin v23.6 - https:\/\/yoast.com\/wordpress\/plugins\/seo\/ -->\n<title>TianDe \u201e\u017doleli\u0173 arbata su debesylo \u0161aknimis\u201c 30 pakeli\u0173 - TianDe Online Shop - Beauty &amp; Health<\/title>\n<meta name=\"robots\" content=\"index, follow, max-snippet:-1, max-image-preview:large, max-video-preview:-1\" \/>\n<link rel=\"canonical\" href=\"https:\/\/tiandeproducts.co.uk\/lt\/tiande-zoleliu-arbata-su-debesylo-saknimis-30-pakeliu\/\" \/>\n<meta property=\"og:locale\" content=\"lt_LT\" \/>\n<meta property=\"og:type\" content=\"article\" \/>\n<meta property=\"og:title\" content=\"TianDe \u201e\u017doleli\u0173 arbata su debesylo \u0161aknimis\u201c 30 pakeli\u0173 - TianDe Online Shop - Beauty &amp; Health\" \/>\n<meta property=\"og:description\" content=\"Efektyviai tvarko viduri\u0173 u\u017ekiet\u0117jim\u0105, normalizuoja vis\u0173 vir\u0161kinimo organ\u0173 darb\u0105. Debesylo \u0161aknis yra pla\u010diai naudojama fitoterapijoje. Rekomenduojame naudoti esant disbakteriozei, viduri\u0173 u\u017ekiet\u0117jimui, hemarojui, esant bet kokiam vir\u0161kinimo sutrikimui, po \u017earnyno operacij\u0173. Efektyviai nuima spazmus ir suma\u017eina pilvo skausmus. Ma\u017eina skrand\u017eio ir dvylikapir\u0161t\u0117s \u017earnos u\u017edegiminius procesus. Normalizuoja \u017earnyno mikloflor\u0105 ir saugo vis\u0105 vir\u0161kinam\u0105j\u012f trakt\u0105 nuo mikrob\u0173 ir [...]\" \/>\n<meta property=\"og:url\" content=\"https:\/\/tiandeproducts.co.uk\/lt\/tiande-zoleliu-arbata-su-debesylo-saknimis-30-pakeliu\/\" \/>\n<meta property=\"og:site_name\" content=\"TianDe Online Shop - Beauty &amp; Health\" \/>\n<meta property=\"article:publisher\" content=\"https:\/\/www.facebook.com\/tiande.products.england\/\" \/>\n<meta property=\"article:modified_time\" content=\"2021-10-29T20:31:12+00:00\" \/>\n<meta property=\"og:image\" content=\"https:\/\/tiandeproducts.co.uk\/wp-content\/uploads\/2016\/04\/123920.png\" \/>\n\t<meta property=\"og:image:width\" content=\"700\" \/>\n\t<meta property=\"og:image:height\" content=\"700\" \/>\n\t<meta property=\"og:image:type\" content=\"image\/png\" \/>\n<meta name=\"twitter:card\" content=\"summary_large_image\" \/>\n<meta name=\"twitter:label1\" content=\"Est. reading time\" \/>\n\t<meta name=\"twitter:data1\" content=\"1 minut\u0117\" \/>\n<script type=\"application\/ld+json\" class=\"yoast-schema-graph\">{\"@context\":\"https:\/\/schema.org\",\"@graph\":[{\"@type\":\"WebPage\",\"@id\":\"https:\/\/tiandeproducts.co.uk\/lt\/tiande-zoleliu-arbata-su-debesylo-saknimis-30-pakeliu\/\",\"url\":\"https:\/\/tiandeproducts.co.uk\/lt\/tiande-zoleliu-arbata-su-debesylo-saknimis-30-pakeliu\/\",\"name\":\"TianDe \u201e\u017doleli\u0173 arbata su debesylo \u0161aknimis\u201c 30 pakeli\u0173 - TianDe Online Shop - Beauty &amp; Health\",\"isPartOf\":{\"@id\":\"https:\/\/tiandeproducts.co.uk\/#website\"},\"primaryImageOfPage\":{\"@id\":\"https:\/\/tiandeproducts.co.uk\/lt\/tiande-zoleliu-arbata-su-debesylo-saknimis-30-pakeliu\/#primaryimage\"},\"image\":{\"@id\":\"https:\/\/tiandeproducts.co.uk\/lt\/tiande-zoleliu-arbata-su-debesylo-saknimis-30-pakeliu\/#primaryimage\"},\"thumbnailUrl\":\"https:\/\/tiandeproducts.co.uk\/wp-content\/uploads\/2016\/04\/123920.png\",\"datePublished\":\"2016-04-20T18:54:49+00:00\",\"dateModified\":\"2021-10-29T20:31:12+00:00\",\"breadcrumb\":{\"@id\":\"https:\/\/tiandeproducts.co.uk\/lt\/tiande-zoleliu-arbata-su-debesylo-saknimis-30-pakeliu\/#breadcrumb\"},\"inLanguage\":\"lt-LT\",\"potentialAction\":[{\"@type\":\"ReadAction\",\"target\":[\"https:\/\/tiandeproducts.co.uk\/lt\/tiande-zoleliu-arbata-su-debesylo-saknimis-30-pakeliu\/\"]}]},{\"@type\":\"ImageObject\",\"inLanguage\":\"lt-LT\",\"@id\":\"https:\/\/tiandeproducts.co.uk\/lt\/tiande-zoleliu-arbata-su-debesylo-saknimis-30-pakeliu\/#primaryimage\",\"url\":\"https:\/\/tiandeproducts.co.uk\/wp-content\/uploads\/2016\/04\/123920.png\",\"contentUrl\":\"https:\/\/tiandeproducts.co.uk\/wp-content\/uploads\/2016\/04\/123920.png\",\"width\":700,\"height\":700,\"caption\":\"Cleansing Phytotea with Elecampane,30x1.5g-0\"},{\"@type\":\"BreadcrumbList\",\"@id\":\"https:\/\/tiandeproducts.co.uk\/lt\/tiande-zoleliu-arbata-su-debesylo-saknimis-30-pakeliu\/#breadcrumb\",\"itemListElement\":[{\"@type\":\"ListItem\",\"position\":1,\"name\":\"Home\",\"item\":\"https:\/\/tiandeproducts.co.uk\/lt\/\"},{\"@type\":\"ListItem\",\"position\":2,\"name\":\"Shop\",\"item\":\"https:\/\/tiandeproducts.co.uk\/lt\/shop-2\/\"},{\"@type\":\"ListItem\",\"position\":3,\"name\":\"TianDe \u201e\u017doleli\u0173 arbata su debesylo \u0161aknimis\u201c 30 pakeli\u0173\"}]},{\"@type\":\"WebSite\",\"@id\":\"https:\/\/tiandeproducts.co.uk\/#website\",\"url\":\"https:\/\/tiandeproducts.co.uk\/\",\"name\":\"TianDe Online Shop - Beauty & Health\",\"description\":\"Traditional Chinese Medicine\",\"potentialAction\":[{\"@type\":\"SearchAction\",\"target\":{\"@type\":\"EntryPoint\",\"urlTemplate\":\"https:\/\/tiandeproducts.co.uk\/?s={search_term_string}\"},\"query-input\":{\"@type\":\"PropertyValueSpecification\",\"valueRequired\":true,\"valueName\":\"search_term_string\"}}],\"inLanguage\":\"lt-LT\"}]}<\/script>\n<!-- \/ Yoast SEO plugin. -->","yoast_head_json":{"title":"TianDe \u201e\u017doleli\u0173 arbata su debesylo \u0161aknimis\u201c 30 pakeli\u0173 - TianDe Online Shop - Beauty &amp; Health","robots":{"index":"index","follow":"follow","max-snippet":"max-snippet:-1","max-image-preview":"max-image-preview:large","max-video-preview":"max-video-preview:-1"},"canonical":"https:\/\/tiandeproducts.co.uk\/lt\/tiande-zoleliu-arbata-su-debesylo-saknimis-30-pakeliu\/","og_locale":"lt_LT","og_type":"article","og_title":"TianDe \u201e\u017doleli\u0173 arbata su debesylo \u0161aknimis\u201c 30 pakeli\u0173 - TianDe Online Shop - Beauty &amp; Health","og_description":"Efektyviai tvarko viduri\u0173 u\u017ekiet\u0117jim\u0105, normalizuoja vis\u0173 vir\u0161kinimo organ\u0173 darb\u0105. Debesylo \u0161aknis yra pla\u010diai naudojama fitoterapijoje. Rekomenduojame naudoti esant disbakteriozei, viduri\u0173 u\u017ekiet\u0117jimui, hemarojui, esant bet kokiam vir\u0161kinimo sutrikimui, po \u017earnyno operacij\u0173. Efektyviai nuima spazmus ir suma\u017eina pilvo skausmus. Ma\u017eina skrand\u017eio ir dvylikapir\u0161t\u0117s \u017earnos u\u017edegiminius procesus. Normalizuoja \u017earnyno mikloflor\u0105 ir saugo vis\u0105 vir\u0161kinam\u0105j\u012f trakt\u0105 nuo mikrob\u0173 ir [...]","og_url":"https:\/\/tiandeproducts.co.uk\/lt\/tiande-zoleliu-arbata-su-debesylo-saknimis-30-pakeliu\/","og_site_name":"TianDe Online Shop - Beauty &amp; Health","article_publisher":"https:\/\/www.facebook.com\/tiande.products.england\/","article_modified_time":"2021-10-29T20:31:12+00:00","og_image":[{"width":700,"height":700,"url":"https:\/\/tiandeproducts.co.uk\/wp-content\/uploads\/2016\/04\/123920.png","type":"image\/png"}],"twitter_card":"summary_large_image","twitter_misc":{"Est. reading time":"1 minut\u0117"},"schema":{"@context":"https:\/\/schema.org","@graph":[{"@type":"WebPage","@id":"https:\/\/tiandeproducts.co.uk\/lt\/tiande-zoleliu-arbata-su-debesylo-saknimis-30-pakeliu\/","url":"https:\/\/tiandeproducts.co.uk\/lt\/tiande-zoleliu-arbata-su-debesylo-saknimis-30-pakeliu\/","name":"TianDe \u201e\u017doleli\u0173 arbata su debesylo \u0161aknimis\u201c 30 pakeli\u0173 - TianDe Online Shop - Beauty &amp; Health","isPartOf":{"@id":"https:\/\/tiandeproducts.co.uk\/#website"},"primaryImageOfPage":{"@id":"https:\/\/tiandeproducts.co.uk\/lt\/tiande-zoleliu-arbata-su-debesylo-saknimis-30-pakeliu\/#primaryimage"},"image":{"@id":"https:\/\/tiandeproducts.co.uk\/lt\/tiande-zoleliu-arbata-su-debesylo-saknimis-30-pakeliu\/#primaryimage"},"thumbnailUrl":"https:\/\/tiandeproducts.co.uk\/wp-content\/uploads\/2016\/04\/123920.png","datePublished":"2016-04-20T18:54:49+00:00","dateModified":"2021-10-29T20:31:12+00:00","breadcrumb":{"@id":"https:\/\/tiandeproducts.co.uk\/lt\/tiande-zoleliu-arbata-su-debesylo-saknimis-30-pakeliu\/#breadcrumb"},"inLanguage":"lt-LT","potentialAction":[{"@type":"ReadAction","target":["https:\/\/tiandeproducts.co.uk\/lt\/tiande-zoleliu-arbata-su-debesylo-saknimis-30-pakeliu\/"]}]},{"@type":"ImageObject","inLanguage":"lt-LT","@id":"https:\/\/tiandeproducts.co.uk\/lt\/tiande-zoleliu-arbata-su-debesylo-saknimis-30-pakeliu\/#primaryimage","url":"https:\/\/tiandeproducts.co.uk\/wp-content\/uploads\/2016\/04\/123920.png","contentUrl":"https:\/\/tiandeproducts.co.uk\/wp-content\/uploads\/2016\/04\/123920.png","width":700,"height":700,"caption":"Cleansing Phytotea with Elecampane,30x1.5g-0"},{"@type":"BreadcrumbList","@id":"https:\/\/tiandeproducts.co.uk\/lt\/tiande-zoleliu-arbata-su-debesylo-saknimis-30-pakeliu\/#breadcrumb","itemListElement":[{"@type":"ListItem","position":1,"name":"Home","item":"https:\/\/tiandeproducts.co.uk\/lt\/"},{"@type":"ListItem","position":2,"name":"Shop","item":"https:\/\/tiandeproducts.co.uk\/lt\/shop-2\/"},{"@type":"ListItem","position":3,"name":"TianDe \u201e\u017doleli\u0173 arbata su debesylo \u0161aknimis\u201c 30 pakeli\u0173"}]},{"@type":"WebSite","@id":"https:\/\/tiandeproducts.co.uk\/#website","url":"https:\/\/tiandeproducts.co.uk\/","name":"TianDe Online Shop - Beauty & Health","description":"Traditional Chinese Medicine","potentialAction":[{"@type":"SearchAction","target":{"@type":"EntryPoint","urlTemplate":"https:\/\/tiandeproducts.co.uk\/?s={search_term_string}"},"query-input":{"@type":"PropertyValueSpecification","valueRequired":true,"valueName":"search_term_string"}}],"inLanguage":"lt-LT"}]}},"_links":{"self":[{"href":"https:\/\/tiandeproducts.co.uk\/lt\/wp-json\/wp\/v2\/product\/4164","targetHints":{"allow":["GET"]}}],"collection":[{"href":"https:\/\/tiandeproducts.co.uk\/lt\/wp-json\/wp\/v2\/product"}],"about":[{"href":"https:\/\/tiandeproducts.co.uk\/lt\/wp-json\/wp\/v2\/types\/product"}],"replies":[{"embeddable":true,"href":"https:\/\/tiandeproducts.co.uk\/lt\/wp-json\/wp\/v2\/comments?post=4164"}],"wp:featuredmedia":[{"embeddable":true,"href":"https:\/\/tiandeproducts.co.uk\/lt\/wp-json\/wp\/v2\/media\/1114"}],"wp:attachment":[{"href":"https:\/\/tiandeproducts.co.uk\/lt\/wp-json\/wp\/v2\/media?parent=4164"}],"wp:term":[{"taxonomy":"product_cat","embeddable":true,"href":"https:\/\/tiandeproducts.co.uk\/lt\/wp-json\/wp\/v2\/product_cat?post=4164"},{"taxonomy":"product_tag","embeddable":true,"href":"https:\/\/tiandeproducts.co.uk\/lt\/wp-json\/wp\/v2\/product_tag?post=4164"}],"curies":[{"name":"wp","href":"https:\/\/api.w.org\/{rel}","templated":true}]}}