{"id":4162,"date":"2016-04-20T20:00:29","date_gmt":"2016-04-20T19:00:29","guid":{"rendered":"https:\/\/tnd.ontesting.co.uk\/tiande-zoleliu-arbata-su-tikruoju-margainiu-30-pakeliu\/"},"modified":"2019-11-01T09:08:27","modified_gmt":"2019-11-01T09:08:27","slug":"tiande-zoleliu-arbata-su-tikruoju-margainiu-30-pakeliu","status":"publish","type":"product","link":"https:\/\/tiandeproducts.co.uk\/lt\/tiande-zoleliu-arbata-su-tikruoju-margainiu-30-pakeliu\/","title":{"rendered":"TianDe \u201e\u017doleli\u0173 arbata su tikruoju margainiu\u201d 30 pakeli\u0173"},"content":{"rendered":"<p>Jau daugiau nei 2000 met\u0173 liaudies medicinoje tikrasis margainis naudojamas kaip viena i\u0161 pa\u010di\u0173 efektyviausi\u0173 gamtini\u0173 priemoni\u0173, apsaugan\u010di\u0173 ir atstatan\u010di\u0173 kepen\u0173 funkcijas. Margainio s\u0117kl\u0173 ekstrakte randama apie 400 biologi\u0161kai aktyvi\u0173 komponent\u0173, toki\u0173 kaip: polineso\u010diosios riebiosios r\u016bg\u0161tys, visi B grup\u0117s vitaminai, cinkas, daug seleno ir t.t., o taip pat ir labai reta biologi\u0161kai aktyvi med\u017eiaga &#8211; silimarinas. Tai analog\u0173 neturinti med\u017eiaga, apsauganti ir atstatanti kepen\u0173 l\u0105stel\u0119 tokiame lygyje, kad net patys pavojingiausi nuodai negali \u012f j\u0105 patekti. Silimarinas pripa\u017eintas pa\u010dia galingiausia i\u0161 vis\u0173 mokslui \u0163inom\u0173 gamtini\u0173 vaistini\u0173 priemoni\u0173.<\/p>\n<p>Fitoarbata su tikruoju margainiu atstato energetin\u012f potencial\u0105, padeda organizmo intoksikacijos metu, esant hepatitui, kepen\u0173 cirozei, vis\u0173 r\u016b\u0161i\u0173 apsinuodijimams, stimuliuoja vir\u0161kinamojo trakto darb\u0105.<\/p>\n<p><strong>Sud\u0117tis:<\/strong>\u00a0\u0161lamu\u010dio g\u0117li\u0173 milteliai, paprastosios jona\u017eol\u0117s \u017eied\u0173 ir lap\u0173 milteliai, paprastosios taka\u017eol\u0117s lap\u0173 milteliai, vaistin\u0117s melisos lap\u0173 milteliai, tikrojo margainio vaisi\u0173 milteliai (15%), paprast\u0173j\u0173 kukur\u016bz\u0173 vaisi\u0173 milteliai, paprast\u0173j\u0173 kmyn\u0173 vaisi\u0173 milteliai.<\/p>\n<p><strong>Rezultatas:<\/strong><\/p>\n<ul style=\"list-style-type: circle\">\n<li>kepen\u0173 l\u0105steli\u0173 regeneracija;<\/li>\n<li>geras \u017earnyno, tul\u017eies p\u016bsl\u0117s darbas;<\/li>\n<li>gera med\u017eiag\u0173 apykaita;<\/li>\n<li>viso organizmo detoksikacija;<\/li>\n<li>suma\u017e\u0117j\u0119 ar visai i\u0161nyk\u0119 galvos skausmai.<\/li>\n<\/ul>\n<p><strong>Vartojimas:\u00a0<\/strong>1 pakel\u012f u\u017epilkite 200 ml. u\u017evirusio vandens, palaikykite 10-15 min. ir nuspauskite, i\u0161imkite. Suaugusiesiems gerti po vien\u0105 stiklin\u0119 2 kartus per dien\u0105 valgio metu antroje dienos pus\u0117je. Vartojimo kursas 3- 4 savait\u0117s.<\/p>\n","protected":false},"excerpt":{"rendered":"<p>Jau daugiau nei 2000 met\u0173 liaudies medicinoje tikrasis margainis naudojamas kaip viena i\u0161 pa\u010di\u0173 efektyviausi\u0173 gamtini\u0173 priemoni\u0173, apsaugan\u010di\u0173 ir atstatan\u010di\u0173 kepen\u0173 funkcijas. Margainio s\u0117kl\u0173 ekstrakte randama apie 400 biologi\u0161kai aktyvi\u0173 komponent\u0173, toki\u0173 kaip: polineso\u010diosios riebiosios r\u016bg\u0161tys, visi B grup\u0117s vitaminai, cinkas, daug seleno ir t.t., o taip pat ir labai reta biologi\u0161kai aktyvi med\u017eiaga &#8211; [&#8230;]\n","protected":false},"featured_media":1124,"comment_status":"closed","ping_status":"closed","template":"","meta":[],"product_cat":[730,718],"product_tag":[],"class_list":{"0":"post-4162","1":"product","2":"type-product","3":"status-publish","4":"has-post-thumbnail","6":"product_cat-arbatos","7":"product_cat-sveikata-lt","9":"first","10":"outofstock","11":"shipping-taxable","12":"purchasable","13":"product-type-simple"},"yoast_head":"<!-- This site is optimized with the Yoast SEO plugin v23.6 - https:\/\/yoast.com\/wordpress\/plugins\/seo\/ -->\n<title>TianDe \u201e\u017doleli\u0173 arbata su tikruoju margainiu\u201d 30 pakeli\u0173 - TianDe Online Shop - Beauty &amp; Health<\/title>\n<meta name=\"robots\" content=\"index, follow, max-snippet:-1, max-image-preview:large, max-video-preview:-1\" \/>\n<link rel=\"canonical\" href=\"https:\/\/tiandeproducts.co.uk\/lt\/tiande-zoleliu-arbata-su-tikruoju-margainiu-30-pakeliu\/\" \/>\n<meta property=\"og:locale\" content=\"lt_LT\" \/>\n<meta property=\"og:type\" content=\"article\" \/>\n<meta property=\"og:title\" content=\"TianDe \u201e\u017doleli\u0173 arbata su tikruoju margainiu\u201d 30 pakeli\u0173 - TianDe Online Shop - Beauty &amp; Health\" \/>\n<meta property=\"og:description\" content=\"Jau daugiau nei 2000 met\u0173 liaudies medicinoje tikrasis margainis naudojamas kaip viena i\u0161 pa\u010di\u0173 efektyviausi\u0173 gamtini\u0173 priemoni\u0173, apsaugan\u010di\u0173 ir atstatan\u010di\u0173 kepen\u0173 funkcijas. Margainio s\u0117kl\u0173 ekstrakte randama apie 400 biologi\u0161kai aktyvi\u0173 komponent\u0173, toki\u0173 kaip: polineso\u010diosios riebiosios r\u016bg\u0161tys, visi B grup\u0117s vitaminai, cinkas, daug seleno ir t.t., o taip pat ir labai reta biologi\u0161kai aktyvi med\u017eiaga &#8211; [...]\" \/>\n<meta property=\"og:url\" content=\"https:\/\/tiandeproducts.co.uk\/lt\/tiande-zoleliu-arbata-su-tikruoju-margainiu-30-pakeliu\/\" \/>\n<meta property=\"og:site_name\" content=\"TianDe Online Shop - Beauty &amp; Health\" \/>\n<meta property=\"article:publisher\" content=\"https:\/\/www.facebook.com\/tiande.products.england\/\" \/>\n<meta property=\"article:modified_time\" content=\"2019-11-01T09:08:27+00:00\" \/>\n<meta property=\"og:image\" content=\"https:\/\/tiandeproducts.co.uk\/wp-content\/uploads\/2016\/04\/123921.png\" \/>\n\t<meta property=\"og:image:width\" content=\"700\" \/>\n\t<meta property=\"og:image:height\" content=\"700\" \/>\n\t<meta property=\"og:image:type\" content=\"image\/png\" \/>\n<meta name=\"twitter:card\" content=\"summary_large_image\" \/>\n<meta name=\"twitter:label1\" content=\"Est. reading time\" \/>\n\t<meta name=\"twitter:data1\" content=\"1 minut\u0117\" \/>\n<script type=\"application\/ld+json\" class=\"yoast-schema-graph\">{\"@context\":\"https:\/\/schema.org\",\"@graph\":[{\"@type\":\"WebPage\",\"@id\":\"https:\/\/tiandeproducts.co.uk\/lt\/tiande-zoleliu-arbata-su-tikruoju-margainiu-30-pakeliu\/\",\"url\":\"https:\/\/tiandeproducts.co.uk\/lt\/tiande-zoleliu-arbata-su-tikruoju-margainiu-30-pakeliu\/\",\"name\":\"TianDe \u201e\u017doleli\u0173 arbata su tikruoju margainiu\u201d 30 pakeli\u0173 - TianDe Online Shop - Beauty &amp; Health\",\"isPartOf\":{\"@id\":\"https:\/\/tiandeproducts.co.uk\/#website\"},\"primaryImageOfPage\":{\"@id\":\"https:\/\/tiandeproducts.co.uk\/lt\/tiande-zoleliu-arbata-su-tikruoju-margainiu-30-pakeliu\/#primaryimage\"},\"image\":{\"@id\":\"https:\/\/tiandeproducts.co.uk\/lt\/tiande-zoleliu-arbata-su-tikruoju-margainiu-30-pakeliu\/#primaryimage\"},\"thumbnailUrl\":\"https:\/\/tiandeproducts.co.uk\/wp-content\/uploads\/2016\/04\/123921.png\",\"datePublished\":\"2016-04-20T19:00:29+00:00\",\"dateModified\":\"2019-11-01T09:08:27+00:00\",\"breadcrumb\":{\"@id\":\"https:\/\/tiandeproducts.co.uk\/lt\/tiande-zoleliu-arbata-su-tikruoju-margainiu-30-pakeliu\/#breadcrumb\"},\"inLanguage\":\"lt-LT\",\"potentialAction\":[{\"@type\":\"ReadAction\",\"target\":[\"https:\/\/tiandeproducts.co.uk\/lt\/tiande-zoleliu-arbata-su-tikruoju-margainiu-30-pakeliu\/\"]}]},{\"@type\":\"ImageObject\",\"inLanguage\":\"lt-LT\",\"@id\":\"https:\/\/tiandeproducts.co.uk\/lt\/tiande-zoleliu-arbata-su-tikruoju-margainiu-30-pakeliu\/#primaryimage\",\"url\":\"https:\/\/tiandeproducts.co.uk\/wp-content\/uploads\/2016\/04\/123921.png\",\"contentUrl\":\"https:\/\/tiandeproducts.co.uk\/wp-content\/uploads\/2016\/04\/123921.png\",\"width\":700,\"height\":700,\"caption\":\"Hepatic Phytotea with Holy Thistle,30x1.5g-0\"},{\"@type\":\"BreadcrumbList\",\"@id\":\"https:\/\/tiandeproducts.co.uk\/lt\/tiande-zoleliu-arbata-su-tikruoju-margainiu-30-pakeliu\/#breadcrumb\",\"itemListElement\":[{\"@type\":\"ListItem\",\"position\":1,\"name\":\"Home\",\"item\":\"https:\/\/tiandeproducts.co.uk\/lt\/\"},{\"@type\":\"ListItem\",\"position\":2,\"name\":\"Shop\",\"item\":\"https:\/\/tiandeproducts.co.uk\/lt\/shop-2\/\"},{\"@type\":\"ListItem\",\"position\":3,\"name\":\"TianDe \u201e\u017doleli\u0173 arbata su tikruoju margainiu\u201d 30 pakeli\u0173\"}]},{\"@type\":\"WebSite\",\"@id\":\"https:\/\/tiandeproducts.co.uk\/#website\",\"url\":\"https:\/\/tiandeproducts.co.uk\/\",\"name\":\"TianDe Online Shop - Beauty & Health\",\"description\":\"Traditional Chinese Medicine\",\"potentialAction\":[{\"@type\":\"SearchAction\",\"target\":{\"@type\":\"EntryPoint\",\"urlTemplate\":\"https:\/\/tiandeproducts.co.uk\/?s={search_term_string}\"},\"query-input\":{\"@type\":\"PropertyValueSpecification\",\"valueRequired\":true,\"valueName\":\"search_term_string\"}}],\"inLanguage\":\"lt-LT\"}]}<\/script>\n<!-- \/ Yoast SEO plugin. -->","yoast_head_json":{"title":"TianDe \u201e\u017doleli\u0173 arbata su tikruoju margainiu\u201d 30 pakeli\u0173 - TianDe Online Shop - Beauty &amp; Health","robots":{"index":"index","follow":"follow","max-snippet":"max-snippet:-1","max-image-preview":"max-image-preview:large","max-video-preview":"max-video-preview:-1"},"canonical":"https:\/\/tiandeproducts.co.uk\/lt\/tiande-zoleliu-arbata-su-tikruoju-margainiu-30-pakeliu\/","og_locale":"lt_LT","og_type":"article","og_title":"TianDe \u201e\u017doleli\u0173 arbata su tikruoju margainiu\u201d 30 pakeli\u0173 - TianDe Online Shop - Beauty &amp; Health","og_description":"Jau daugiau nei 2000 met\u0173 liaudies medicinoje tikrasis margainis naudojamas kaip viena i\u0161 pa\u010di\u0173 efektyviausi\u0173 gamtini\u0173 priemoni\u0173, apsaugan\u010di\u0173 ir atstatan\u010di\u0173 kepen\u0173 funkcijas. Margainio s\u0117kl\u0173 ekstrakte randama apie 400 biologi\u0161kai aktyvi\u0173 komponent\u0173, toki\u0173 kaip: polineso\u010diosios riebiosios r\u016bg\u0161tys, visi B grup\u0117s vitaminai, cinkas, daug seleno ir t.t., o taip pat ir labai reta biologi\u0161kai aktyvi med\u017eiaga &#8211; [...]","og_url":"https:\/\/tiandeproducts.co.uk\/lt\/tiande-zoleliu-arbata-su-tikruoju-margainiu-30-pakeliu\/","og_site_name":"TianDe Online Shop - Beauty &amp; Health","article_publisher":"https:\/\/www.facebook.com\/tiande.products.england\/","article_modified_time":"2019-11-01T09:08:27+00:00","og_image":[{"width":700,"height":700,"url":"https:\/\/tiandeproducts.co.uk\/wp-content\/uploads\/2016\/04\/123921.png","type":"image\/png"}],"twitter_card":"summary_large_image","twitter_misc":{"Est. reading time":"1 minut\u0117"},"schema":{"@context":"https:\/\/schema.org","@graph":[{"@type":"WebPage","@id":"https:\/\/tiandeproducts.co.uk\/lt\/tiande-zoleliu-arbata-su-tikruoju-margainiu-30-pakeliu\/","url":"https:\/\/tiandeproducts.co.uk\/lt\/tiande-zoleliu-arbata-su-tikruoju-margainiu-30-pakeliu\/","name":"TianDe \u201e\u017doleli\u0173 arbata su tikruoju margainiu\u201d 30 pakeli\u0173 - TianDe Online Shop - Beauty &amp; Health","isPartOf":{"@id":"https:\/\/tiandeproducts.co.uk\/#website"},"primaryImageOfPage":{"@id":"https:\/\/tiandeproducts.co.uk\/lt\/tiande-zoleliu-arbata-su-tikruoju-margainiu-30-pakeliu\/#primaryimage"},"image":{"@id":"https:\/\/tiandeproducts.co.uk\/lt\/tiande-zoleliu-arbata-su-tikruoju-margainiu-30-pakeliu\/#primaryimage"},"thumbnailUrl":"https:\/\/tiandeproducts.co.uk\/wp-content\/uploads\/2016\/04\/123921.png","datePublished":"2016-04-20T19:00:29+00:00","dateModified":"2019-11-01T09:08:27+00:00","breadcrumb":{"@id":"https:\/\/tiandeproducts.co.uk\/lt\/tiande-zoleliu-arbata-su-tikruoju-margainiu-30-pakeliu\/#breadcrumb"},"inLanguage":"lt-LT","potentialAction":[{"@type":"ReadAction","target":["https:\/\/tiandeproducts.co.uk\/lt\/tiande-zoleliu-arbata-su-tikruoju-margainiu-30-pakeliu\/"]}]},{"@type":"ImageObject","inLanguage":"lt-LT","@id":"https:\/\/tiandeproducts.co.uk\/lt\/tiande-zoleliu-arbata-su-tikruoju-margainiu-30-pakeliu\/#primaryimage","url":"https:\/\/tiandeproducts.co.uk\/wp-content\/uploads\/2016\/04\/123921.png","contentUrl":"https:\/\/tiandeproducts.co.uk\/wp-content\/uploads\/2016\/04\/123921.png","width":700,"height":700,"caption":"Hepatic Phytotea with Holy Thistle,30x1.5g-0"},{"@type":"BreadcrumbList","@id":"https:\/\/tiandeproducts.co.uk\/lt\/tiande-zoleliu-arbata-su-tikruoju-margainiu-30-pakeliu\/#breadcrumb","itemListElement":[{"@type":"ListItem","position":1,"name":"Home","item":"https:\/\/tiandeproducts.co.uk\/lt\/"},{"@type":"ListItem","position":2,"name":"Shop","item":"https:\/\/tiandeproducts.co.uk\/lt\/shop-2\/"},{"@type":"ListItem","position":3,"name":"TianDe \u201e\u017doleli\u0173 arbata su tikruoju margainiu\u201d 30 pakeli\u0173"}]},{"@type":"WebSite","@id":"https:\/\/tiandeproducts.co.uk\/#website","url":"https:\/\/tiandeproducts.co.uk\/","name":"TianDe Online Shop - Beauty & Health","description":"Traditional Chinese Medicine","potentialAction":[{"@type":"SearchAction","target":{"@type":"EntryPoint","urlTemplate":"https:\/\/tiandeproducts.co.uk\/?s={search_term_string}"},"query-input":{"@type":"PropertyValueSpecification","valueRequired":true,"valueName":"search_term_string"}}],"inLanguage":"lt-LT"}]}},"_links":{"self":[{"href":"https:\/\/tiandeproducts.co.uk\/lt\/wp-json\/wp\/v2\/product\/4162","targetHints":{"allow":["GET"]}}],"collection":[{"href":"https:\/\/tiandeproducts.co.uk\/lt\/wp-json\/wp\/v2\/product"}],"about":[{"href":"https:\/\/tiandeproducts.co.uk\/lt\/wp-json\/wp\/v2\/types\/product"}],"replies":[{"embeddable":true,"href":"https:\/\/tiandeproducts.co.uk\/lt\/wp-json\/wp\/v2\/comments?post=4162"}],"wp:featuredmedia":[{"embeddable":true,"href":"https:\/\/tiandeproducts.co.uk\/lt\/wp-json\/wp\/v2\/media\/1124"}],"wp:attachment":[{"href":"https:\/\/tiandeproducts.co.uk\/lt\/wp-json\/wp\/v2\/media?parent=4162"}],"wp:term":[{"taxonomy":"product_cat","embeddable":true,"href":"https:\/\/tiandeproducts.co.uk\/lt\/wp-json\/wp\/v2\/product_cat?post=4162"},{"taxonomy":"product_tag","embeddable":true,"href":"https:\/\/tiandeproducts.co.uk\/lt\/wp-json\/wp\/v2\/product_tag?post=4162"}],"curies":[{"name":"wp","href":"https:\/\/api.w.org\/{rel}","templated":true}]}}