{"id":4161,"date":"2016-04-20T20:02:49","date_gmt":"2016-04-20T19:02:49","guid":{"rendered":"https:\/\/tnd.ontesting.co.uk\/tiande-zoleliu-arbata-su-vaistine-svilaroze-30-pakeliu\/"},"modified":"2020-12-11T08:24:00","modified_gmt":"2020-12-11T08:24:00","slug":"tiande-zoleliu-arbata-travy-altaja-30-pakeliu","status":"publish","type":"product","link":"https:\/\/tiandeproducts.co.uk\/lt\/tiande-zoleliu-arbata-travy-altaja-30-pakeliu\/","title":{"rendered":"TianDe \u017eoleli\u0173 arbata \u201eTravy Altaja\u201c 30 pakeli\u0173"},"content":{"rendered":"<p style=\"text-align: justify\">Efektyvi pagalba esant chroni\u0161kam cistitui (\u0161lapimo p\u016bsl\u0117s u\u017edegimas), inkst\u0173 akmenligei. Normalizuoja inkst\u0173 ir \u0161lapimo p\u016bsl\u0117s darb\u0105, naudojama, kaip kompleksin\u0117 priemon\u0117 u\u017edegiminiams procesams gydyti. Skatina \u0161lapinim\u0105si, normalinuoja skys\u010di\u0173 balans\u0105 organizme, pagreitina organizmo savaimin\u012f i\u0161sivalym\u0105 nuo toksin\u0173, \u0161lak\u0173 ir nereikaling\u0173 skys\u010di\u0173.<\/p>\n<p style=\"text-align: justify\"><strong>Sud\u0117tis:<\/strong>\u00a0er\u0161k\u0117\u010dio uog\u0173 milteliai, arbatin\u0117s inksta\u017eol\u0117s lap\u0173 milteliai, paprastosios taka\u017eol\u0117s lap\u0173 milteliai, sketin\u0117s marenik\u0117s lap\u0173 milteliai, vaistin\u0117s ramun\u0117 \u017eied\u0173 milteliai, ber\u017eo lap\u0173 milteliai, miltin\u0117s me\u0161kauog\u0117s lap\u0173 milteliai, kvapi\u0173j\u0173 rozmarin\u0173 lap\u0173 milteliai.<\/p>\n<p style=\"text-align: justify\"><strong>Rezultatas:<\/strong><\/p>\n<ul style=\"list-style-type: circle\">\n<li style=\"text-align: justify\">profilaktika ir apsauga nuo inkst\u0173 akmenlig\u0117s;<\/li>\n<li style=\"text-align: justify\">atstatytas organizmo i\u0161sivalymo mechanizmas;<\/li>\n<li style=\"text-align: justify\">sureguliuotas skys\u010di\u0173 balansas;<\/li>\n<li style=\"text-align: justify\">svorio reguliavimas;<\/li>\n<li style=\"text-align: justify\">suma\u017e\u0117j\u0119s arterinis spaudimas.<\/li>\n<\/ul>\n<p style=\"text-align: justify\"><strong>Vartojimas:<\/strong>\u00a01 pakel\u012f u\u017epilkite 200 ml. u\u017evirusio vandens, palaikykite 10-15 min. ir nuspauskite, i\u0161imkite. Suaugusiesiems gerti po vien\u0105 stiklin\u0119 2 kartus per dien\u0105 valgio metu antroje dienos pus\u0117je. Vartojimo kursas 3- 4 savait\u0117s.<\/p>\n","protected":false},"excerpt":{"rendered":"<p>Efektyvi pagalba esant chroni\u0161kam cistitui (\u0161lapimo p\u016bsl\u0117s u\u017edegimas), inkst\u0173 akmenligei. Normalizuoja inkst\u0173 ir \u0161lapimo p\u016bsl\u0117s darb\u0105, naudojama, kaip kompleksin\u0117 priemon\u0117 u\u017edegiminiams procesams gydyti. Skatina \u0161lapinim\u0105si, normalinuoja skys\u010di\u0173 balans\u0105 organizme, pagreitina organizmo savaimin\u012f i\u0161sivalym\u0105 nuo toksin\u0173, \u0161lak\u0173 ir nereikaling\u0173 skys\u010di\u0173. Sud\u0117tis:\u00a0er\u0161k\u0117\u010dio uog\u0173 milteliai, arbatin\u0117s inksta\u017eol\u0117s lap\u0173 milteliai, paprastosios taka\u017eol\u0117s lap\u0173 milteliai, sketin\u0117s marenik\u0117s lap\u0173 milteliai, vaistin\u0117s [&#8230;]\n","protected":false},"featured_media":1129,"comment_status":"closed","ping_status":"closed","template":"","meta":[],"product_cat":[730,718],"product_tag":[],"class_list":{"0":"post-4161","1":"product","2":"type-product","3":"status-publish","4":"has-post-thumbnail","6":"product_cat-arbatos","7":"product_cat-sveikata-lt","9":"first","10":"outofstock","11":"shipping-taxable","12":"purchasable","13":"product-type-simple"},"yoast_head":"<!-- This site is optimized with the Yoast SEO plugin v23.6 - https:\/\/yoast.com\/wordpress\/plugins\/seo\/ -->\n<title>TianDe \u017eoleli\u0173 arbata \u201eTravy Altaja\u201c 30 pakeli\u0173 - TianDe Online Shop - Beauty &amp; Health<\/title>\n<meta name=\"robots\" content=\"index, follow, max-snippet:-1, max-image-preview:large, max-video-preview:-1\" \/>\n<link rel=\"canonical\" href=\"https:\/\/tiandeproducts.co.uk\/lt\/tiande-zoleliu-arbata-travy-altaja-30-pakeliu\/\" \/>\n<meta property=\"og:locale\" content=\"lt_LT\" \/>\n<meta property=\"og:type\" content=\"article\" \/>\n<meta property=\"og:title\" content=\"TianDe \u017eoleli\u0173 arbata \u201eTravy Altaja\u201c 30 pakeli\u0173 - TianDe Online Shop - Beauty &amp; Health\" \/>\n<meta property=\"og:description\" content=\"Efektyvi pagalba esant chroni\u0161kam cistitui (\u0161lapimo p\u016bsl\u0117s u\u017edegimas), inkst\u0173 akmenligei. Normalizuoja inkst\u0173 ir \u0161lapimo p\u016bsl\u0117s darb\u0105, naudojama, kaip kompleksin\u0117 priemon\u0117 u\u017edegiminiams procesams gydyti. Skatina \u0161lapinim\u0105si, normalinuoja skys\u010di\u0173 balans\u0105 organizme, pagreitina organizmo savaimin\u012f i\u0161sivalym\u0105 nuo toksin\u0173, \u0161lak\u0173 ir nereikaling\u0173 skys\u010di\u0173. Sud\u0117tis:\u00a0er\u0161k\u0117\u010dio uog\u0173 milteliai, arbatin\u0117s inksta\u017eol\u0117s lap\u0173 milteliai, paprastosios taka\u017eol\u0117s lap\u0173 milteliai, sketin\u0117s marenik\u0117s lap\u0173 milteliai, vaistin\u0117s [...]\" \/>\n<meta property=\"og:url\" content=\"https:\/\/tiandeproducts.co.uk\/lt\/tiande-zoleliu-arbata-travy-altaja-30-pakeliu\/\" \/>\n<meta property=\"og:site_name\" content=\"TianDe Online Shop - Beauty &amp; Health\" \/>\n<meta property=\"article:publisher\" content=\"https:\/\/www.facebook.com\/tiande.products.england\/\" \/>\n<meta property=\"article:modified_time\" content=\"2020-12-11T08:24:00+00:00\" \/>\n<meta property=\"og:image\" content=\"https:\/\/tiandeproducts.co.uk\/wp-content\/uploads\/2016\/04\/123922.png\" \/>\n\t<meta property=\"og:image:width\" content=\"700\" \/>\n\t<meta property=\"og:image:height\" content=\"700\" \/>\n\t<meta property=\"og:image:type\" content=\"image\/png\" \/>\n<meta name=\"twitter:card\" content=\"summary_large_image\" \/>\n<meta name=\"twitter:label1\" content=\"Est. reading time\" \/>\n\t<meta name=\"twitter:data1\" content=\"1 minut\u0117\" \/>\n<script type=\"application\/ld+json\" class=\"yoast-schema-graph\">{\"@context\":\"https:\/\/schema.org\",\"@graph\":[{\"@type\":\"WebPage\",\"@id\":\"https:\/\/tiandeproducts.co.uk\/lt\/tiande-zoleliu-arbata-travy-altaja-30-pakeliu\/\",\"url\":\"https:\/\/tiandeproducts.co.uk\/lt\/tiande-zoleliu-arbata-travy-altaja-30-pakeliu\/\",\"name\":\"TianDe \u017eoleli\u0173 arbata \u201eTravy Altaja\u201c 30 pakeli\u0173 - TianDe Online Shop - Beauty &amp; Health\",\"isPartOf\":{\"@id\":\"https:\/\/tiandeproducts.co.uk\/#website\"},\"primaryImageOfPage\":{\"@id\":\"https:\/\/tiandeproducts.co.uk\/lt\/tiande-zoleliu-arbata-travy-altaja-30-pakeliu\/#primaryimage\"},\"image\":{\"@id\":\"https:\/\/tiandeproducts.co.uk\/lt\/tiande-zoleliu-arbata-travy-altaja-30-pakeliu\/#primaryimage\"},\"thumbnailUrl\":\"https:\/\/tiandeproducts.co.uk\/wp-content\/uploads\/2016\/04\/123922.png\",\"datePublished\":\"2016-04-20T19:02:49+00:00\",\"dateModified\":\"2020-12-11T08:24:00+00:00\",\"breadcrumb\":{\"@id\":\"https:\/\/tiandeproducts.co.uk\/lt\/tiande-zoleliu-arbata-travy-altaja-30-pakeliu\/#breadcrumb\"},\"inLanguage\":\"lt-LT\",\"potentialAction\":[{\"@type\":\"ReadAction\",\"target\":[\"https:\/\/tiandeproducts.co.uk\/lt\/tiande-zoleliu-arbata-travy-altaja-30-pakeliu\/\"]}]},{\"@type\":\"ImageObject\",\"inLanguage\":\"lt-LT\",\"@id\":\"https:\/\/tiandeproducts.co.uk\/lt\/tiande-zoleliu-arbata-travy-altaja-30-pakeliu\/#primaryimage\",\"url\":\"https:\/\/tiandeproducts.co.uk\/wp-content\/uploads\/2016\/04\/123922.png\",\"contentUrl\":\"https:\/\/tiandeproducts.co.uk\/wp-content\/uploads\/2016\/04\/123922.png\",\"width\":700,\"height\":700,\"caption\":\"Nephritic Phytotea,30+1.5g-0\"},{\"@type\":\"BreadcrumbList\",\"@id\":\"https:\/\/tiandeproducts.co.uk\/lt\/tiande-zoleliu-arbata-travy-altaja-30-pakeliu\/#breadcrumb\",\"itemListElement\":[{\"@type\":\"ListItem\",\"position\":1,\"name\":\"Home\",\"item\":\"https:\/\/tiandeproducts.co.uk\/lt\/\"},{\"@type\":\"ListItem\",\"position\":2,\"name\":\"Shop\",\"item\":\"https:\/\/tiandeproducts.co.uk\/lt\/shop-2\/\"},{\"@type\":\"ListItem\",\"position\":3,\"name\":\"TianDe \u017eoleli\u0173 arbata \u201eTravy Altaja\u201c 30 pakeli\u0173\"}]},{\"@type\":\"WebSite\",\"@id\":\"https:\/\/tiandeproducts.co.uk\/#website\",\"url\":\"https:\/\/tiandeproducts.co.uk\/\",\"name\":\"TianDe Online Shop - Beauty & Health\",\"description\":\"Traditional Chinese Medicine\",\"potentialAction\":[{\"@type\":\"SearchAction\",\"target\":{\"@type\":\"EntryPoint\",\"urlTemplate\":\"https:\/\/tiandeproducts.co.uk\/?s={search_term_string}\"},\"query-input\":{\"@type\":\"PropertyValueSpecification\",\"valueRequired\":true,\"valueName\":\"search_term_string\"}}],\"inLanguage\":\"lt-LT\"}]}<\/script>\n<!-- \/ Yoast SEO plugin. -->","yoast_head_json":{"title":"TianDe \u017eoleli\u0173 arbata \u201eTravy Altaja\u201c 30 pakeli\u0173 - TianDe Online Shop - Beauty &amp; Health","robots":{"index":"index","follow":"follow","max-snippet":"max-snippet:-1","max-image-preview":"max-image-preview:large","max-video-preview":"max-video-preview:-1"},"canonical":"https:\/\/tiandeproducts.co.uk\/lt\/tiande-zoleliu-arbata-travy-altaja-30-pakeliu\/","og_locale":"lt_LT","og_type":"article","og_title":"TianDe \u017eoleli\u0173 arbata \u201eTravy Altaja\u201c 30 pakeli\u0173 - TianDe Online Shop - Beauty &amp; Health","og_description":"Efektyvi pagalba esant chroni\u0161kam cistitui (\u0161lapimo p\u016bsl\u0117s u\u017edegimas), inkst\u0173 akmenligei. Normalizuoja inkst\u0173 ir \u0161lapimo p\u016bsl\u0117s darb\u0105, naudojama, kaip kompleksin\u0117 priemon\u0117 u\u017edegiminiams procesams gydyti. Skatina \u0161lapinim\u0105si, normalinuoja skys\u010di\u0173 balans\u0105 organizme, pagreitina organizmo savaimin\u012f i\u0161sivalym\u0105 nuo toksin\u0173, \u0161lak\u0173 ir nereikaling\u0173 skys\u010di\u0173. Sud\u0117tis:\u00a0er\u0161k\u0117\u010dio uog\u0173 milteliai, arbatin\u0117s inksta\u017eol\u0117s lap\u0173 milteliai, paprastosios taka\u017eol\u0117s lap\u0173 milteliai, sketin\u0117s marenik\u0117s lap\u0173 milteliai, vaistin\u0117s [...]","og_url":"https:\/\/tiandeproducts.co.uk\/lt\/tiande-zoleliu-arbata-travy-altaja-30-pakeliu\/","og_site_name":"TianDe Online Shop - Beauty &amp; Health","article_publisher":"https:\/\/www.facebook.com\/tiande.products.england\/","article_modified_time":"2020-12-11T08:24:00+00:00","og_image":[{"width":700,"height":700,"url":"https:\/\/tiandeproducts.co.uk\/wp-content\/uploads\/2016\/04\/123922.png","type":"image\/png"}],"twitter_card":"summary_large_image","twitter_misc":{"Est. reading time":"1 minut\u0117"},"schema":{"@context":"https:\/\/schema.org","@graph":[{"@type":"WebPage","@id":"https:\/\/tiandeproducts.co.uk\/lt\/tiande-zoleliu-arbata-travy-altaja-30-pakeliu\/","url":"https:\/\/tiandeproducts.co.uk\/lt\/tiande-zoleliu-arbata-travy-altaja-30-pakeliu\/","name":"TianDe \u017eoleli\u0173 arbata \u201eTravy Altaja\u201c 30 pakeli\u0173 - TianDe Online Shop - Beauty &amp; Health","isPartOf":{"@id":"https:\/\/tiandeproducts.co.uk\/#website"},"primaryImageOfPage":{"@id":"https:\/\/tiandeproducts.co.uk\/lt\/tiande-zoleliu-arbata-travy-altaja-30-pakeliu\/#primaryimage"},"image":{"@id":"https:\/\/tiandeproducts.co.uk\/lt\/tiande-zoleliu-arbata-travy-altaja-30-pakeliu\/#primaryimage"},"thumbnailUrl":"https:\/\/tiandeproducts.co.uk\/wp-content\/uploads\/2016\/04\/123922.png","datePublished":"2016-04-20T19:02:49+00:00","dateModified":"2020-12-11T08:24:00+00:00","breadcrumb":{"@id":"https:\/\/tiandeproducts.co.uk\/lt\/tiande-zoleliu-arbata-travy-altaja-30-pakeliu\/#breadcrumb"},"inLanguage":"lt-LT","potentialAction":[{"@type":"ReadAction","target":["https:\/\/tiandeproducts.co.uk\/lt\/tiande-zoleliu-arbata-travy-altaja-30-pakeliu\/"]}]},{"@type":"ImageObject","inLanguage":"lt-LT","@id":"https:\/\/tiandeproducts.co.uk\/lt\/tiande-zoleliu-arbata-travy-altaja-30-pakeliu\/#primaryimage","url":"https:\/\/tiandeproducts.co.uk\/wp-content\/uploads\/2016\/04\/123922.png","contentUrl":"https:\/\/tiandeproducts.co.uk\/wp-content\/uploads\/2016\/04\/123922.png","width":700,"height":700,"caption":"Nephritic Phytotea,30+1.5g-0"},{"@type":"BreadcrumbList","@id":"https:\/\/tiandeproducts.co.uk\/lt\/tiande-zoleliu-arbata-travy-altaja-30-pakeliu\/#breadcrumb","itemListElement":[{"@type":"ListItem","position":1,"name":"Home","item":"https:\/\/tiandeproducts.co.uk\/lt\/"},{"@type":"ListItem","position":2,"name":"Shop","item":"https:\/\/tiandeproducts.co.uk\/lt\/shop-2\/"},{"@type":"ListItem","position":3,"name":"TianDe \u017eoleli\u0173 arbata \u201eTravy Altaja\u201c 30 pakeli\u0173"}]},{"@type":"WebSite","@id":"https:\/\/tiandeproducts.co.uk\/#website","url":"https:\/\/tiandeproducts.co.uk\/","name":"TianDe Online Shop - Beauty & Health","description":"Traditional Chinese Medicine","potentialAction":[{"@type":"SearchAction","target":{"@type":"EntryPoint","urlTemplate":"https:\/\/tiandeproducts.co.uk\/?s={search_term_string}"},"query-input":{"@type":"PropertyValueSpecification","valueRequired":true,"valueName":"search_term_string"}}],"inLanguage":"lt-LT"}]}},"_links":{"self":[{"href":"https:\/\/tiandeproducts.co.uk\/lt\/wp-json\/wp\/v2\/product\/4161","targetHints":{"allow":["GET"]}}],"collection":[{"href":"https:\/\/tiandeproducts.co.uk\/lt\/wp-json\/wp\/v2\/product"}],"about":[{"href":"https:\/\/tiandeproducts.co.uk\/lt\/wp-json\/wp\/v2\/types\/product"}],"replies":[{"embeddable":true,"href":"https:\/\/tiandeproducts.co.uk\/lt\/wp-json\/wp\/v2\/comments?post=4161"}],"wp:featuredmedia":[{"embeddable":true,"href":"https:\/\/tiandeproducts.co.uk\/lt\/wp-json\/wp\/v2\/media\/1129"}],"wp:attachment":[{"href":"https:\/\/tiandeproducts.co.uk\/lt\/wp-json\/wp\/v2\/media?parent=4161"}],"wp:term":[{"taxonomy":"product_cat","embeddable":true,"href":"https:\/\/tiandeproducts.co.uk\/lt\/wp-json\/wp\/v2\/product_cat?post=4161"},{"taxonomy":"product_tag","embeddable":true,"href":"https:\/\/tiandeproducts.co.uk\/lt\/wp-json\/wp\/v2\/product_tag?post=4161"}],"curies":[{"name":"wp","href":"https:\/\/api.w.org\/{rel}","templated":true}]}}