{"id":4159,"date":"2019-07-13T11:12:12","date_gmt":"2019-07-13T10:12:12","guid":{"rendered":"https:\/\/tnd.ontesting.co.uk\/tiande-zoleliu-arbata-su-siauralapiu-gauromeciu-ir-pelkine-trindazole-sidabrazole-30-pakeliu\/"},"modified":"2019-11-01T09:12:48","modified_gmt":"2019-11-01T09:12:48","slug":"tiande-zoleliu-arbata-su-siauralapiu-gauromeciu-ir-pelkine-trindazole-sidabrazole-30-pakeliu","status":"publish","type":"product","link":"https:\/\/tiandeproducts.co.uk\/lt\/tiande-zoleliu-arbata-su-siauralapiu-gauromeciu-ir-pelkine-trindazole-sidabrazole-30-pakeliu\/","title":{"rendered":"TianDe \u201e\u017doleli\u0173 arbata su siauralapiu gaurome\u010diu ir pelkine trinda\u017eole (sidabra\u017eole) 30 pakeli\u0173"},"content":{"rendered":"<p>Siauralapis gaurometis (o\u017ekaro\u017e\u0117) \u012feina \u012f vis\u0173 trij\u0173, skirt\u0173 vyr\u0173 sveikatai, fitoarbat\u0173 sud\u0117t\u012f. \u0160\u012f augal\u0105 Rytuose \u017einojo jau XII a. Jo i\u0161skirtinumas &#8211; didelis fitosterin\u0173 kiekis. Tai statybin\u0117 med\u017eiaga steroidini\u0173 hormon\u0173 gamybai, turtinga flavonoidais, vitaminais ir mineralais. \u0160velniai nuima spazmus \u0161irdies srityje.<br \/>\nSidabro\u017eol\u0117, tai \u0161velnus biostimuliatorius, puiki pagalba turint artroz\u0119, artrit\u0105, osteochondroz\u0119. Efektyvi prostatos kompleksiniam gydymui. \u017doli\u0173 kompleksas fitoarbat\u0173 sud\u0117tyje palaiko ir stiprina vyr\u0173 sveikat\u0105, u\u017ekerta keli\u0105 lytini\u0173 lig\u0173 atsiradimui.<br \/>\nSud\u0117tis: siauralapio gaurome\u010dio \u017eied\u0173 ir lap\u0173 milteliai (15%), pelkin\u0117s trinda\u017eol\u0117s \u0161akn\u0173 ir \u0161akniastiebi\u0173 milteliai (15%), paprastojo rapontiko \u0161akn\u0173 ir \u0161akniastiebi\u0173 milteliai, varnal\u0117\u0161os \u0161akn\u0173 milteliai, vingioryk\u0161t\u0117s \u017eol\u0117s milteliai, me\u0161kauog\u0117s lap\u0173 milteliai, paprastojo pankolio vaisi\u0173 milteliai, krauja\u0163ol\u0117s \u017eied\u0173 ir lap\u0173 milteliai, vaistinio \u0161alavijo lap\u0173 milteliai, ber\u017eo lap\u0173 milteliai.<br \/>\nRekomenduojama:<br \/>\npadid\u0117jus prostatai, inkst\u0173 ir \u0161lapimo p\u016bsl\u0117s veiklos sutrikimams pa\u0161alinti;<br \/>\n\u0161lapimo tak\u0173 u\u017edegimams ma\u017einti;<br \/>\nprostatos adenomos profilaktikai ir kompleksiniam gydymui;<br \/>\nvyr\u0173 nevaisingumo kompleksiniam gydymui;<br \/>\nsusilpn\u0117jus lytinei potencijai;<br \/>\nsusilpn\u0117jus imuninei sistemai.<\/p>\n<p><strong>Vartojimas:<\/strong> 1 pakel\u012f u\u017epilkite 200 ml. (stiklin\u0117) u\u017evirusio vandens, palaikykite 10-15 min. ir nuspauskite, i\u0161imkite. Suaugusiesiems gerti po vien\u0105 stiklin\u0119 \u0161ilto nuoviro 1 kart\u0105 per dien\u0105 valgio metu (pirmoje dienos pus\u0117je).<\/p>\n","protected":false},"excerpt":{"rendered":"<p>Siauralapis gaurometis (o\u017ekaro\u017e\u0117) \u012feina \u012f vis\u0173 trij\u0173, skirt\u0173 vyr\u0173 sveikatai, fitoarbat\u0173 sud\u0117t\u012f. \u0160\u012f augal\u0105 Rytuose \u017einojo jau XII a. Jo i\u0161skirtinumas &#8211; didelis fitosterin\u0173 kiekis. Tai statybin\u0117 med\u017eiaga steroidini\u0173 hormon\u0173 gamybai, turtinga flavonoidais, vitaminais ir mineralais. \u0160velniai nuima spazmus \u0161irdies srityje. Sidabro\u017eol\u0117, tai \u0161velnus biostimuliatorius, puiki pagalba turint artroz\u0119, artrit\u0105, osteochondroz\u0119. Efektyvi prostatos kompleksiniam gydymui. [&#8230;]\n","protected":false},"featured_media":1154,"comment_status":"closed","ping_status":"closed","template":"","meta":[],"product_cat":[730,630,718,626],"product_tag":[],"class_list":{"0":"post-4159","1":"product","2":"type-product","3":"status-publish","4":"has-post-thumbnail","6":"product_cat-arbatos","7":"product_cat-sveikata","8":"product_cat-sveikata-lt","9":"product_cat-vyr","11":"first","12":"outofstock","13":"shipping-taxable","14":"purchasable","15":"product-type-simple"},"yoast_head":"<!-- This site is optimized with the Yoast SEO plugin v23.6 - https:\/\/yoast.com\/wordpress\/plugins\/seo\/ -->\n<title>TianDe \u201e\u017doleli\u0173 arbata su siauralapiu gaurome\u010diu ir pelkine trinda\u017eole (sidabra\u017eole) 30 pakeli\u0173 - TianDe Online Shop - Beauty &amp; Health<\/title>\n<meta name=\"robots\" content=\"index, follow, max-snippet:-1, max-image-preview:large, max-video-preview:-1\" \/>\n<link rel=\"canonical\" href=\"https:\/\/tiandeproducts.co.uk\/lt\/tiande-zoleliu-arbata-su-siauralapiu-gauromeciu-ir-pelkine-trindazole-sidabrazole-30-pakeliu\/\" \/>\n<meta property=\"og:locale\" content=\"lt_LT\" \/>\n<meta property=\"og:type\" content=\"article\" \/>\n<meta property=\"og:title\" content=\"TianDe \u201e\u017doleli\u0173 arbata su siauralapiu gaurome\u010diu ir pelkine trinda\u017eole (sidabra\u017eole) 30 pakeli\u0173 - TianDe Online Shop - Beauty &amp; Health\" \/>\n<meta property=\"og:description\" content=\"Siauralapis gaurometis (o\u017ekaro\u017e\u0117) \u012feina \u012f vis\u0173 trij\u0173, skirt\u0173 vyr\u0173 sveikatai, fitoarbat\u0173 sud\u0117t\u012f. \u0160\u012f augal\u0105 Rytuose \u017einojo jau XII a. Jo i\u0161skirtinumas &#8211; didelis fitosterin\u0173 kiekis. Tai statybin\u0117 med\u017eiaga steroidini\u0173 hormon\u0173 gamybai, turtinga flavonoidais, vitaminais ir mineralais. \u0160velniai nuima spazmus \u0161irdies srityje. Sidabro\u017eol\u0117, tai \u0161velnus biostimuliatorius, puiki pagalba turint artroz\u0119, artrit\u0105, osteochondroz\u0119. Efektyvi prostatos kompleksiniam gydymui. [...]\" \/>\n<meta property=\"og:url\" content=\"https:\/\/tiandeproducts.co.uk\/lt\/tiande-zoleliu-arbata-su-siauralapiu-gauromeciu-ir-pelkine-trindazole-sidabrazole-30-pakeliu\/\" \/>\n<meta property=\"og:site_name\" content=\"TianDe Online Shop - Beauty &amp; Health\" \/>\n<meta property=\"article:publisher\" content=\"https:\/\/www.facebook.com\/tiande.products.england\/\" \/>\n<meta property=\"article:modified_time\" content=\"2019-11-01T09:12:48+00:00\" \/>\n<meta property=\"og:image\" content=\"https:\/\/tiandeproducts.co.uk\/wp-content\/uploads\/2016\/04\/123918.png\" \/>\n\t<meta property=\"og:image:width\" content=\"700\" \/>\n\t<meta property=\"og:image:height\" content=\"700\" \/>\n\t<meta property=\"og:image:type\" content=\"image\/png\" \/>\n<meta name=\"twitter:card\" content=\"summary_large_image\" \/>\n<meta name=\"twitter:label1\" content=\"Est. reading time\" \/>\n\t<meta name=\"twitter:data1\" content=\"1 minut\u0117\" \/>\n<script type=\"application\/ld+json\" class=\"yoast-schema-graph\">{\"@context\":\"https:\/\/schema.org\",\"@graph\":[{\"@type\":\"WebPage\",\"@id\":\"https:\/\/tiandeproducts.co.uk\/lt\/tiande-zoleliu-arbata-su-siauralapiu-gauromeciu-ir-pelkine-trindazole-sidabrazole-30-pakeliu\/\",\"url\":\"https:\/\/tiandeproducts.co.uk\/lt\/tiande-zoleliu-arbata-su-siauralapiu-gauromeciu-ir-pelkine-trindazole-sidabrazole-30-pakeliu\/\",\"name\":\"TianDe \u201e\u017doleli\u0173 arbata su siauralapiu gaurome\u010diu ir pelkine trinda\u017eole (sidabra\u017eole) 30 pakeli\u0173 - TianDe Online Shop - Beauty &amp; Health\",\"isPartOf\":{\"@id\":\"https:\/\/tiandeproducts.co.uk\/#website\"},\"primaryImageOfPage\":{\"@id\":\"https:\/\/tiandeproducts.co.uk\/lt\/tiande-zoleliu-arbata-su-siauralapiu-gauromeciu-ir-pelkine-trindazole-sidabrazole-30-pakeliu\/#primaryimage\"},\"image\":{\"@id\":\"https:\/\/tiandeproducts.co.uk\/lt\/tiande-zoleliu-arbata-su-siauralapiu-gauromeciu-ir-pelkine-trindazole-sidabrazole-30-pakeliu\/#primaryimage\"},\"thumbnailUrl\":\"https:\/\/tiandeproducts.co.uk\/wp-content\/uploads\/2016\/04\/123918.png\",\"datePublished\":\"2019-07-13T10:12:12+00:00\",\"dateModified\":\"2019-11-01T09:12:48+00:00\",\"breadcrumb\":{\"@id\":\"https:\/\/tiandeproducts.co.uk\/lt\/tiande-zoleliu-arbata-su-siauralapiu-gauromeciu-ir-pelkine-trindazole-sidabrazole-30-pakeliu\/#breadcrumb\"},\"inLanguage\":\"lt-LT\",\"potentialAction\":[{\"@type\":\"ReadAction\",\"target\":[\"https:\/\/tiandeproducts.co.uk\/lt\/tiande-zoleliu-arbata-su-siauralapiu-gauromeciu-ir-pelkine-trindazole-sidabrazole-30-pakeliu\/\"]}]},{\"@type\":\"ImageObject\",\"inLanguage\":\"lt-LT\",\"@id\":\"https:\/\/tiandeproducts.co.uk\/lt\/tiande-zoleliu-arbata-su-siauralapiu-gauromeciu-ir-pelkine-trindazole-sidabrazole-30-pakeliu\/#primaryimage\",\"url\":\"https:\/\/tiandeproducts.co.uk\/wp-content\/uploads\/2016\/04\/123918.png\",\"contentUrl\":\"https:\/\/tiandeproducts.co.uk\/wp-content\/uploads\/2016\/04\/123918.png\",\"width\":700,\"height\":700,\"caption\":\"Phytotea with Epilobium Angustifolium and Marsh Cinquefoil for Men,30x1.5g-0\"},{\"@type\":\"BreadcrumbList\",\"@id\":\"https:\/\/tiandeproducts.co.uk\/lt\/tiande-zoleliu-arbata-su-siauralapiu-gauromeciu-ir-pelkine-trindazole-sidabrazole-30-pakeliu\/#breadcrumb\",\"itemListElement\":[{\"@type\":\"ListItem\",\"position\":1,\"name\":\"Home\",\"item\":\"https:\/\/tiandeproducts.co.uk\/lt\/\"},{\"@type\":\"ListItem\",\"position\":2,\"name\":\"Shop\",\"item\":\"https:\/\/tiandeproducts.co.uk\/lt\/shop-2\/\"},{\"@type\":\"ListItem\",\"position\":3,\"name\":\"TianDe \u201e\u017doleli\u0173 arbata su siauralapiu gaurome\u010diu ir pelkine trinda\u017eole (sidabra\u017eole) 30 pakeli\u0173\"}]},{\"@type\":\"WebSite\",\"@id\":\"https:\/\/tiandeproducts.co.uk\/#website\",\"url\":\"https:\/\/tiandeproducts.co.uk\/\",\"name\":\"TianDe Online Shop - Beauty & Health\",\"description\":\"Traditional Chinese Medicine\",\"potentialAction\":[{\"@type\":\"SearchAction\",\"target\":{\"@type\":\"EntryPoint\",\"urlTemplate\":\"https:\/\/tiandeproducts.co.uk\/?s={search_term_string}\"},\"query-input\":{\"@type\":\"PropertyValueSpecification\",\"valueRequired\":true,\"valueName\":\"search_term_string\"}}],\"inLanguage\":\"lt-LT\"}]}<\/script>\n<!-- \/ Yoast SEO plugin. -->","yoast_head_json":{"title":"TianDe \u201e\u017doleli\u0173 arbata su siauralapiu gaurome\u010diu ir pelkine trinda\u017eole (sidabra\u017eole) 30 pakeli\u0173 - TianDe Online Shop - Beauty &amp; Health","robots":{"index":"index","follow":"follow","max-snippet":"max-snippet:-1","max-image-preview":"max-image-preview:large","max-video-preview":"max-video-preview:-1"},"canonical":"https:\/\/tiandeproducts.co.uk\/lt\/tiande-zoleliu-arbata-su-siauralapiu-gauromeciu-ir-pelkine-trindazole-sidabrazole-30-pakeliu\/","og_locale":"lt_LT","og_type":"article","og_title":"TianDe \u201e\u017doleli\u0173 arbata su siauralapiu gaurome\u010diu ir pelkine trinda\u017eole (sidabra\u017eole) 30 pakeli\u0173 - TianDe Online Shop - Beauty &amp; Health","og_description":"Siauralapis gaurometis (o\u017ekaro\u017e\u0117) \u012feina \u012f vis\u0173 trij\u0173, skirt\u0173 vyr\u0173 sveikatai, fitoarbat\u0173 sud\u0117t\u012f. \u0160\u012f augal\u0105 Rytuose \u017einojo jau XII a. Jo i\u0161skirtinumas &#8211; didelis fitosterin\u0173 kiekis. Tai statybin\u0117 med\u017eiaga steroidini\u0173 hormon\u0173 gamybai, turtinga flavonoidais, vitaminais ir mineralais. \u0160velniai nuima spazmus \u0161irdies srityje. Sidabro\u017eol\u0117, tai \u0161velnus biostimuliatorius, puiki pagalba turint artroz\u0119, artrit\u0105, osteochondroz\u0119. Efektyvi prostatos kompleksiniam gydymui. [...]","og_url":"https:\/\/tiandeproducts.co.uk\/lt\/tiande-zoleliu-arbata-su-siauralapiu-gauromeciu-ir-pelkine-trindazole-sidabrazole-30-pakeliu\/","og_site_name":"TianDe Online Shop - Beauty &amp; Health","article_publisher":"https:\/\/www.facebook.com\/tiande.products.england\/","article_modified_time":"2019-11-01T09:12:48+00:00","og_image":[{"width":700,"height":700,"url":"https:\/\/tiandeproducts.co.uk\/wp-content\/uploads\/2016\/04\/123918.png","type":"image\/png"}],"twitter_card":"summary_large_image","twitter_misc":{"Est. reading time":"1 minut\u0117"},"schema":{"@context":"https:\/\/schema.org","@graph":[{"@type":"WebPage","@id":"https:\/\/tiandeproducts.co.uk\/lt\/tiande-zoleliu-arbata-su-siauralapiu-gauromeciu-ir-pelkine-trindazole-sidabrazole-30-pakeliu\/","url":"https:\/\/tiandeproducts.co.uk\/lt\/tiande-zoleliu-arbata-su-siauralapiu-gauromeciu-ir-pelkine-trindazole-sidabrazole-30-pakeliu\/","name":"TianDe \u201e\u017doleli\u0173 arbata su siauralapiu gaurome\u010diu ir pelkine trinda\u017eole (sidabra\u017eole) 30 pakeli\u0173 - TianDe Online Shop - Beauty &amp; Health","isPartOf":{"@id":"https:\/\/tiandeproducts.co.uk\/#website"},"primaryImageOfPage":{"@id":"https:\/\/tiandeproducts.co.uk\/lt\/tiande-zoleliu-arbata-su-siauralapiu-gauromeciu-ir-pelkine-trindazole-sidabrazole-30-pakeliu\/#primaryimage"},"image":{"@id":"https:\/\/tiandeproducts.co.uk\/lt\/tiande-zoleliu-arbata-su-siauralapiu-gauromeciu-ir-pelkine-trindazole-sidabrazole-30-pakeliu\/#primaryimage"},"thumbnailUrl":"https:\/\/tiandeproducts.co.uk\/wp-content\/uploads\/2016\/04\/123918.png","datePublished":"2019-07-13T10:12:12+00:00","dateModified":"2019-11-01T09:12:48+00:00","breadcrumb":{"@id":"https:\/\/tiandeproducts.co.uk\/lt\/tiande-zoleliu-arbata-su-siauralapiu-gauromeciu-ir-pelkine-trindazole-sidabrazole-30-pakeliu\/#breadcrumb"},"inLanguage":"lt-LT","potentialAction":[{"@type":"ReadAction","target":["https:\/\/tiandeproducts.co.uk\/lt\/tiande-zoleliu-arbata-su-siauralapiu-gauromeciu-ir-pelkine-trindazole-sidabrazole-30-pakeliu\/"]}]},{"@type":"ImageObject","inLanguage":"lt-LT","@id":"https:\/\/tiandeproducts.co.uk\/lt\/tiande-zoleliu-arbata-su-siauralapiu-gauromeciu-ir-pelkine-trindazole-sidabrazole-30-pakeliu\/#primaryimage","url":"https:\/\/tiandeproducts.co.uk\/wp-content\/uploads\/2016\/04\/123918.png","contentUrl":"https:\/\/tiandeproducts.co.uk\/wp-content\/uploads\/2016\/04\/123918.png","width":700,"height":700,"caption":"Phytotea with Epilobium Angustifolium and Marsh Cinquefoil for Men,30x1.5g-0"},{"@type":"BreadcrumbList","@id":"https:\/\/tiandeproducts.co.uk\/lt\/tiande-zoleliu-arbata-su-siauralapiu-gauromeciu-ir-pelkine-trindazole-sidabrazole-30-pakeliu\/#breadcrumb","itemListElement":[{"@type":"ListItem","position":1,"name":"Home","item":"https:\/\/tiandeproducts.co.uk\/lt\/"},{"@type":"ListItem","position":2,"name":"Shop","item":"https:\/\/tiandeproducts.co.uk\/lt\/shop-2\/"},{"@type":"ListItem","position":3,"name":"TianDe \u201e\u017doleli\u0173 arbata su siauralapiu gaurome\u010diu ir pelkine trinda\u017eole (sidabra\u017eole) 30 pakeli\u0173"}]},{"@type":"WebSite","@id":"https:\/\/tiandeproducts.co.uk\/#website","url":"https:\/\/tiandeproducts.co.uk\/","name":"TianDe Online Shop - Beauty & Health","description":"Traditional Chinese Medicine","potentialAction":[{"@type":"SearchAction","target":{"@type":"EntryPoint","urlTemplate":"https:\/\/tiandeproducts.co.uk\/?s={search_term_string}"},"query-input":{"@type":"PropertyValueSpecification","valueRequired":true,"valueName":"search_term_string"}}],"inLanguage":"lt-LT"}]}},"_links":{"self":[{"href":"https:\/\/tiandeproducts.co.uk\/lt\/wp-json\/wp\/v2\/product\/4159","targetHints":{"allow":["GET"]}}],"collection":[{"href":"https:\/\/tiandeproducts.co.uk\/lt\/wp-json\/wp\/v2\/product"}],"about":[{"href":"https:\/\/tiandeproducts.co.uk\/lt\/wp-json\/wp\/v2\/types\/product"}],"replies":[{"embeddable":true,"href":"https:\/\/tiandeproducts.co.uk\/lt\/wp-json\/wp\/v2\/comments?post=4159"}],"wp:featuredmedia":[{"embeddable":true,"href":"https:\/\/tiandeproducts.co.uk\/lt\/wp-json\/wp\/v2\/media\/1154"}],"wp:attachment":[{"href":"https:\/\/tiandeproducts.co.uk\/lt\/wp-json\/wp\/v2\/media?parent=4159"}],"wp:term":[{"taxonomy":"product_cat","embeddable":true,"href":"https:\/\/tiandeproducts.co.uk\/lt\/wp-json\/wp\/v2\/product_cat?post=4159"},{"taxonomy":"product_tag","embeddable":true,"href":"https:\/\/tiandeproducts.co.uk\/lt\/wp-json\/wp\/v2\/product_tag?post=4159"}],"curies":[{"name":"wp","href":"https:\/\/api.w.org\/{rel}","templated":true}]}}