{"id":4157,"date":"2016-04-21T11:58:36","date_gmt":"2016-04-21T10:58:36","guid":{"rendered":"https:\/\/tnd.ontesting.co.uk\/kauke-odai-aplink-akis-su-ryklio-taukais-ir-alyvuogiu-lapu-ekstraktu-8g-3g\/"},"modified":"2019-09-19T12:37:01","modified_gmt":"2019-09-19T11:37:01","slug":"kauke-odai-aplink-akis-su-ryklio-taukais-ir-alyvuogiu-lapu-ekstraktu-8g-3g","status":"publish","type":"product","link":"https:\/\/tiandeproducts.co.uk\/lt\/kauke-odai-aplink-akis-su-ryklio-taukais-ir-alyvuogiu-lapu-ekstraktu-8g-3g\/","title":{"rendered":"Kauk\u0117 odai aplink akis su ryklio taukais ir alyvuogi\u0173 lap\u0173 ekstraktu, 8g.+3g."},"content":{"rendered":"<p>Kauk\u0117 paakiams veikia keliomis kryptimis: intensyviai maitina, giliai dr\u0117kina, atstato odos elastingum\u0105, stimuliuoja l\u0105steli\u0173 atsinaujinim\u0105, lygina rauk\u0161leles. Sud\u0117tyje esantis aktyvaus hidrolizuoto kolageno ekstraktas suteikia i\u0161skirtin\u012f liftingo efekt\u0105 &#8211; pa\u0161alina paburkim\u0105 ir mai\u0161elius po akimis ir pakelia vok\u0173 od\u0105.<\/p>\n<p>Kauk\u0117s sud\u0117tyje esan\u010diuose rykli\u0173 taukuose\u00a0gausu gele\u017eies, vario, cinko, omega-3, vitamin\u0173 A, D, E, o svarbiausia &#8211; alkilgliceroli\u0173 ir skvaleno. Jie padeda panaikinti b\u016btent tuos organizme susidariusius laisvuosius radikalus, kurie pa\u017eeid\u017eia l\u0105steli\u0173 strukt\u016br\u0105. Skvalenas &#8211; antimikrobin\u0117 med\u017eiaga, padedanti apr\u016bpinti audini\u0173 l\u0105steles deguonimi, kas padeda aktyvuoti sveik\u0173 l\u0105steli\u0173 augim\u0105.<\/p>\n<p>Pakuot\u0117je yra dvi kosmetin\u0117s priemon\u0117s &#8211; kauk\u0117s mulia\u017eas ir atstatomoji emulsija. Emulsijos sud\u0117tyje esantys keramidai ir bioauksas saugo od\u0105 nuo dr\u0117gm\u0117s praradimo, maitina, mink\u0161tina ir suteikia ypating\u0105 apsaug\u0105 nuo negatyvaus aplinkos poveikio. Emulsija idealiai tinka jautriai odai aplink akis.<\/p>\n<p><strong>Naudojimas:<\/strong><br \/>\n1. Ant \u0161varios odos u\u017ed\u0117kite kauk\u0119 ir laikykite 15 &#8211; 20 min. Po to nuimkite, nuplaukite kauk\u0117s liku\u010dius miceliniu vandeniu.<br \/>\n2. Nusausint\u0105 od\u0105 \u0161velniai patap\u0161nokite nedideliu kiekiu emulsijos ir \u0161velniais judesiais paskirstykite.<br \/>\nRekomenduojamas kursas &#8211; 7-10 kompleksini\u0173 proced\u016br\u0173 kas antr\u0105 dien\u0105, 2 val. prie\u0161 mieg\u0105<\/p>\n<p><strong>Veikliosios med\u017eiagos:<\/strong><\/p>\n<p><strong>Alyvuogi\u0173 lap\u0173 ekstraktas<\/strong>\u00a0turtingas E, A, D, K, ir B grup\u0117s vitaminais, polineso\u010diosiomis riebal\u0173 r\u016bg\u0161timis, baltymais, angliavandeniais, saponinais, mikro ir makro elementais. Tai puiki kosmetin\u0117 \u017ealiava, pasi\u017eyminti maitinamosiomis, regeneruojamosiomis, mink\u0161tinamosiomis ir apsaugin\u0117mis savyb\u0117mis.<\/p>\n<p><strong>Hidrolizuot\u0105 kolagen\u0105<\/strong>\u00a0sudaro keletas aminor\u016bg\u0161\u010di\u0173: gliutaminin\u0117 r\u016bg\u0161tis, glicinas, licinas, metioninas ir kt. Hidroliz\u0117s b\u016bdu pagamintas kolagenas maitina ir jaunina od\u0105, padeda gydyti odos \u017eaizdeles ir defektus. Patek\u0119s ant odos, jos pavir\u0161iuje sukuria plon\u0105, orui pralaid\u017ei\u0105 pl\u0117vel\u0119, kuri kaupia dr\u0117gm\u0119. \u0160i audiniuose u\u017esilaikiusi dr\u0117gm\u0117, ardo baltymines odos strukt\u016bras ir skatina naujo kolageno sintez\u0119.<\/p>\n<p><strong>Hidrolizuotuose ryklio taukuose<\/strong>\u00a0esantys alkilgliceroliai ir skvalenas &#8211; nat\u016bral\u016bs imunostimuliatoriai, kurie padeda stiprinti imunin\u0119 sistem\u0105. Alkilgliceroliai padeda naikinti b\u016btent tuos organizme susidariusius laisvuosius radikalus, kurie skverbiasi \u012f \u017emogaus l\u0105steli\u0173 vid\u0173 ir pa\u017eeid\u017eia l\u0105steli\u0173 strukt\u016br\u0105. Alkilgliceroli\u0173 yra motinos piene, \u017emogaus kaul\u0173 \u010diulpuose, kepenyse ir blu\u017enyje. Ryklio taukuose \u0161ios veikliosios med\u017eiagos yra 10-30%. Skvalenas &#8211; plati antimikrobine med\u017eiaga, kuri veikia Candida, E.coli, streptokok\u0105, stafilokok\u0105. Skvalenas padeda apr\u016bpinti deguonimi audini\u0173 l\u0105steles, tokiu b\u016bdu aktyvuoja sveik\u0173 l\u0105steli\u0173 augim\u0105. Skvalenas svarbus antioksidantas, kuris padeda apsaugoti od\u0105 nuo UV spinduli\u0173 net 24 valandas.<\/p>\n","protected":false},"excerpt":{"rendered":"<p>Kauk\u0117 paakiams veikia keliomis kryptimis: intensyviai maitina, giliai dr\u0117kina, atstato odos elastingum\u0105, stimuliuoja l\u0105steli\u0173 atsinaujinim\u0105, lygina rauk\u0161leles. Sud\u0117tyje esantis aktyvaus hidrolizuoto kolageno ekstraktas suteikia i\u0161skirtin\u012f liftingo efekt\u0105 &#8211; pa\u0161alina paburkim\u0105 ir mai\u0161elius po akimis ir pakelia vok\u0173 od\u0105. Kauk\u0117s sud\u0117tyje esan\u010diuose rykli\u0173 taukuose\u00a0gausu gele\u017eies, vario, cinko, omega-3, vitamin\u0173 A, D, E, o svarbiausia &#8211; alkilgliceroli\u0173 [&#8230;]\n","protected":false},"featured_media":1164,"comment_status":"closed","ping_status":"closed","template":"","meta":[],"product_cat":[560,559,506],"product_tag":[],"class_list":{"0":"post-4157","1":"product","2":"type-product","3":"status-publish","4":"has-post-thumbnail","6":"product_cat-paakiu-kremaiserumai","7":"product_cat-paakiu-odos-prieziura","8":"product_cat-veidui","10":"first","11":"outofstock","12":"shipping-taxable","13":"purchasable","14":"product-type-simple"},"yoast_head":"<!-- This site is optimized with the Yoast SEO plugin v23.6 - https:\/\/yoast.com\/wordpress\/plugins\/seo\/ -->\n<title>Kauk\u0117 odai aplink akis su ryklio taukais ir alyvuogi\u0173 lap\u0173 ekstraktu, 8g.+3g. - TianDe Online Shop - Beauty &amp; Health<\/title>\n<meta name=\"robots\" content=\"index, follow, max-snippet:-1, max-image-preview:large, max-video-preview:-1\" \/>\n<link rel=\"canonical\" href=\"https:\/\/tiandeproducts.co.uk\/lt\/kauke-odai-aplink-akis-su-ryklio-taukais-ir-alyvuogiu-lapu-ekstraktu-8g-3g\/\" \/>\n<meta property=\"og:locale\" content=\"lt_LT\" \/>\n<meta property=\"og:type\" content=\"article\" \/>\n<meta property=\"og:title\" content=\"Kauk\u0117 odai aplink akis su ryklio taukais ir alyvuogi\u0173 lap\u0173 ekstraktu, 8g.+3g. - TianDe Online Shop - Beauty &amp; Health\" \/>\n<meta property=\"og:description\" content=\"Kauk\u0117 paakiams veikia keliomis kryptimis: intensyviai maitina, giliai dr\u0117kina, atstato odos elastingum\u0105, stimuliuoja l\u0105steli\u0173 atsinaujinim\u0105, lygina rauk\u0161leles. Sud\u0117tyje esantis aktyvaus hidrolizuoto kolageno ekstraktas suteikia i\u0161skirtin\u012f liftingo efekt\u0105 &#8211; pa\u0161alina paburkim\u0105 ir mai\u0161elius po akimis ir pakelia vok\u0173 od\u0105. Kauk\u0117s sud\u0117tyje esan\u010diuose rykli\u0173 taukuose\u00a0gausu gele\u017eies, vario, cinko, omega-3, vitamin\u0173 A, D, E, o svarbiausia &#8211; alkilgliceroli\u0173 [...]\" \/>\n<meta property=\"og:url\" content=\"https:\/\/tiandeproducts.co.uk\/lt\/kauke-odai-aplink-akis-su-ryklio-taukais-ir-alyvuogiu-lapu-ekstraktu-8g-3g\/\" \/>\n<meta property=\"og:site_name\" content=\"TianDe Online Shop - Beauty &amp; Health\" \/>\n<meta property=\"article:publisher\" content=\"https:\/\/www.facebook.com\/tiande.products.england\/\" \/>\n<meta property=\"article:modified_time\" content=\"2019-09-19T11:37:01+00:00\" \/>\n<meta property=\"og:image\" content=\"https:\/\/tiandeproducts.co.uk\/wp-content\/uploads\/2016\/04\/51402.png\" \/>\n\t<meta property=\"og:image:width\" content=\"700\" \/>\n\t<meta property=\"og:image:height\" content=\"700\" \/>\n\t<meta property=\"og:image:type\" content=\"image\/png\" \/>\n<meta name=\"twitter:card\" content=\"summary_large_image\" \/>\n<meta name=\"twitter:label1\" content=\"Est. reading time\" \/>\n\t<meta name=\"twitter:data1\" content=\"2 minut\u0117s\" \/>\n<script type=\"application\/ld+json\" class=\"yoast-schema-graph\">{\"@context\":\"https:\/\/schema.org\",\"@graph\":[{\"@type\":\"WebPage\",\"@id\":\"https:\/\/tiandeproducts.co.uk\/lt\/kauke-odai-aplink-akis-su-ryklio-taukais-ir-alyvuogiu-lapu-ekstraktu-8g-3g\/\",\"url\":\"https:\/\/tiandeproducts.co.uk\/lt\/kauke-odai-aplink-akis-su-ryklio-taukais-ir-alyvuogiu-lapu-ekstraktu-8g-3g\/\",\"name\":\"Kauk\u0117 odai aplink akis su ryklio taukais ir alyvuogi\u0173 lap\u0173 ekstraktu, 8g.+3g. - TianDe Online Shop - Beauty &amp; Health\",\"isPartOf\":{\"@id\":\"https:\/\/tiandeproducts.co.uk\/#website\"},\"primaryImageOfPage\":{\"@id\":\"https:\/\/tiandeproducts.co.uk\/lt\/kauke-odai-aplink-akis-su-ryklio-taukais-ir-alyvuogiu-lapu-ekstraktu-8g-3g\/#primaryimage\"},\"image\":{\"@id\":\"https:\/\/tiandeproducts.co.uk\/lt\/kauke-odai-aplink-akis-su-ryklio-taukais-ir-alyvuogiu-lapu-ekstraktu-8g-3g\/#primaryimage\"},\"thumbnailUrl\":\"https:\/\/tiandeproducts.co.uk\/wp-content\/uploads\/2016\/04\/51402.png\",\"datePublished\":\"2016-04-21T10:58:36+00:00\",\"dateModified\":\"2019-09-19T11:37:01+00:00\",\"breadcrumb\":{\"@id\":\"https:\/\/tiandeproducts.co.uk\/lt\/kauke-odai-aplink-akis-su-ryklio-taukais-ir-alyvuogiu-lapu-ekstraktu-8g-3g\/#breadcrumb\"},\"inLanguage\":\"lt-LT\",\"potentialAction\":[{\"@type\":\"ReadAction\",\"target\":[\"https:\/\/tiandeproducts.co.uk\/lt\/kauke-odai-aplink-akis-su-ryklio-taukais-ir-alyvuogiu-lapu-ekstraktu-8g-3g\/\"]}]},{\"@type\":\"ImageObject\",\"inLanguage\":\"lt-LT\",\"@id\":\"https:\/\/tiandeproducts.co.uk\/lt\/kauke-odai-aplink-akis-su-ryklio-taukais-ir-alyvuogiu-lapu-ekstraktu-8g-3g\/#primaryimage\",\"url\":\"https:\/\/tiandeproducts.co.uk\/wp-content\/uploads\/2016\/04\/51402.png\",\"contentUrl\":\"https:\/\/tiandeproducts.co.uk\/wp-content\/uploads\/2016\/04\/51402.png\",\"width\":700,\"height\":700,\"caption\":\"Placental Eye Mask with Shark Oil and Olive Leaf Extract,8+3g-0\"},{\"@type\":\"BreadcrumbList\",\"@id\":\"https:\/\/tiandeproducts.co.uk\/lt\/kauke-odai-aplink-akis-su-ryklio-taukais-ir-alyvuogiu-lapu-ekstraktu-8g-3g\/#breadcrumb\",\"itemListElement\":[{\"@type\":\"ListItem\",\"position\":1,\"name\":\"Home\",\"item\":\"https:\/\/tiandeproducts.co.uk\/lt\/\"},{\"@type\":\"ListItem\",\"position\":2,\"name\":\"Shop\",\"item\":\"https:\/\/tiandeproducts.co.uk\/lt\/shop-2\/\"},{\"@type\":\"ListItem\",\"position\":3,\"name\":\"Kauk\u0117 odai aplink akis su ryklio taukais ir alyvuogi\u0173 lap\u0173 ekstraktu, 8g.+3g.\"}]},{\"@type\":\"WebSite\",\"@id\":\"https:\/\/tiandeproducts.co.uk\/#website\",\"url\":\"https:\/\/tiandeproducts.co.uk\/\",\"name\":\"TianDe Online Shop - Beauty & Health\",\"description\":\"Traditional Chinese Medicine\",\"potentialAction\":[{\"@type\":\"SearchAction\",\"target\":{\"@type\":\"EntryPoint\",\"urlTemplate\":\"https:\/\/tiandeproducts.co.uk\/?s={search_term_string}\"},\"query-input\":{\"@type\":\"PropertyValueSpecification\",\"valueRequired\":true,\"valueName\":\"search_term_string\"}}],\"inLanguage\":\"lt-LT\"}]}<\/script>\n<!-- \/ Yoast SEO plugin. -->","yoast_head_json":{"title":"Kauk\u0117 odai aplink akis su ryklio taukais ir alyvuogi\u0173 lap\u0173 ekstraktu, 8g.+3g. - TianDe Online Shop - Beauty &amp; Health","robots":{"index":"index","follow":"follow","max-snippet":"max-snippet:-1","max-image-preview":"max-image-preview:large","max-video-preview":"max-video-preview:-1"},"canonical":"https:\/\/tiandeproducts.co.uk\/lt\/kauke-odai-aplink-akis-su-ryklio-taukais-ir-alyvuogiu-lapu-ekstraktu-8g-3g\/","og_locale":"lt_LT","og_type":"article","og_title":"Kauk\u0117 odai aplink akis su ryklio taukais ir alyvuogi\u0173 lap\u0173 ekstraktu, 8g.+3g. - TianDe Online Shop - Beauty &amp; Health","og_description":"Kauk\u0117 paakiams veikia keliomis kryptimis: intensyviai maitina, giliai dr\u0117kina, atstato odos elastingum\u0105, stimuliuoja l\u0105steli\u0173 atsinaujinim\u0105, lygina rauk\u0161leles. Sud\u0117tyje esantis aktyvaus hidrolizuoto kolageno ekstraktas suteikia i\u0161skirtin\u012f liftingo efekt\u0105 &#8211; pa\u0161alina paburkim\u0105 ir mai\u0161elius po akimis ir pakelia vok\u0173 od\u0105. Kauk\u0117s sud\u0117tyje esan\u010diuose rykli\u0173 taukuose\u00a0gausu gele\u017eies, vario, cinko, omega-3, vitamin\u0173 A, D, E, o svarbiausia &#8211; alkilgliceroli\u0173 [...]","og_url":"https:\/\/tiandeproducts.co.uk\/lt\/kauke-odai-aplink-akis-su-ryklio-taukais-ir-alyvuogiu-lapu-ekstraktu-8g-3g\/","og_site_name":"TianDe Online Shop - Beauty &amp; Health","article_publisher":"https:\/\/www.facebook.com\/tiande.products.england\/","article_modified_time":"2019-09-19T11:37:01+00:00","og_image":[{"width":700,"height":700,"url":"https:\/\/tiandeproducts.co.uk\/wp-content\/uploads\/2016\/04\/51402.png","type":"image\/png"}],"twitter_card":"summary_large_image","twitter_misc":{"Est. reading time":"2 minut\u0117s"},"schema":{"@context":"https:\/\/schema.org","@graph":[{"@type":"WebPage","@id":"https:\/\/tiandeproducts.co.uk\/lt\/kauke-odai-aplink-akis-su-ryklio-taukais-ir-alyvuogiu-lapu-ekstraktu-8g-3g\/","url":"https:\/\/tiandeproducts.co.uk\/lt\/kauke-odai-aplink-akis-su-ryklio-taukais-ir-alyvuogiu-lapu-ekstraktu-8g-3g\/","name":"Kauk\u0117 odai aplink akis su ryklio taukais ir alyvuogi\u0173 lap\u0173 ekstraktu, 8g.+3g. - TianDe Online Shop - Beauty &amp; Health","isPartOf":{"@id":"https:\/\/tiandeproducts.co.uk\/#website"},"primaryImageOfPage":{"@id":"https:\/\/tiandeproducts.co.uk\/lt\/kauke-odai-aplink-akis-su-ryklio-taukais-ir-alyvuogiu-lapu-ekstraktu-8g-3g\/#primaryimage"},"image":{"@id":"https:\/\/tiandeproducts.co.uk\/lt\/kauke-odai-aplink-akis-su-ryklio-taukais-ir-alyvuogiu-lapu-ekstraktu-8g-3g\/#primaryimage"},"thumbnailUrl":"https:\/\/tiandeproducts.co.uk\/wp-content\/uploads\/2016\/04\/51402.png","datePublished":"2016-04-21T10:58:36+00:00","dateModified":"2019-09-19T11:37:01+00:00","breadcrumb":{"@id":"https:\/\/tiandeproducts.co.uk\/lt\/kauke-odai-aplink-akis-su-ryklio-taukais-ir-alyvuogiu-lapu-ekstraktu-8g-3g\/#breadcrumb"},"inLanguage":"lt-LT","potentialAction":[{"@type":"ReadAction","target":["https:\/\/tiandeproducts.co.uk\/lt\/kauke-odai-aplink-akis-su-ryklio-taukais-ir-alyvuogiu-lapu-ekstraktu-8g-3g\/"]}]},{"@type":"ImageObject","inLanguage":"lt-LT","@id":"https:\/\/tiandeproducts.co.uk\/lt\/kauke-odai-aplink-akis-su-ryklio-taukais-ir-alyvuogiu-lapu-ekstraktu-8g-3g\/#primaryimage","url":"https:\/\/tiandeproducts.co.uk\/wp-content\/uploads\/2016\/04\/51402.png","contentUrl":"https:\/\/tiandeproducts.co.uk\/wp-content\/uploads\/2016\/04\/51402.png","width":700,"height":700,"caption":"Placental Eye Mask with Shark Oil and Olive Leaf Extract,8+3g-0"},{"@type":"BreadcrumbList","@id":"https:\/\/tiandeproducts.co.uk\/lt\/kauke-odai-aplink-akis-su-ryklio-taukais-ir-alyvuogiu-lapu-ekstraktu-8g-3g\/#breadcrumb","itemListElement":[{"@type":"ListItem","position":1,"name":"Home","item":"https:\/\/tiandeproducts.co.uk\/lt\/"},{"@type":"ListItem","position":2,"name":"Shop","item":"https:\/\/tiandeproducts.co.uk\/lt\/shop-2\/"},{"@type":"ListItem","position":3,"name":"Kauk\u0117 odai aplink akis su ryklio taukais ir alyvuogi\u0173 lap\u0173 ekstraktu, 8g.+3g."}]},{"@type":"WebSite","@id":"https:\/\/tiandeproducts.co.uk\/#website","url":"https:\/\/tiandeproducts.co.uk\/","name":"TianDe Online Shop - Beauty & Health","description":"Traditional Chinese Medicine","potentialAction":[{"@type":"SearchAction","target":{"@type":"EntryPoint","urlTemplate":"https:\/\/tiandeproducts.co.uk\/?s={search_term_string}"},"query-input":{"@type":"PropertyValueSpecification","valueRequired":true,"valueName":"search_term_string"}}],"inLanguage":"lt-LT"}]}},"_links":{"self":[{"href":"https:\/\/tiandeproducts.co.uk\/lt\/wp-json\/wp\/v2\/product\/4157","targetHints":{"allow":["GET"]}}],"collection":[{"href":"https:\/\/tiandeproducts.co.uk\/lt\/wp-json\/wp\/v2\/product"}],"about":[{"href":"https:\/\/tiandeproducts.co.uk\/lt\/wp-json\/wp\/v2\/types\/product"}],"replies":[{"embeddable":true,"href":"https:\/\/tiandeproducts.co.uk\/lt\/wp-json\/wp\/v2\/comments?post=4157"}],"wp:featuredmedia":[{"embeddable":true,"href":"https:\/\/tiandeproducts.co.uk\/lt\/wp-json\/wp\/v2\/media\/1164"}],"wp:attachment":[{"href":"https:\/\/tiandeproducts.co.uk\/lt\/wp-json\/wp\/v2\/media?parent=4157"}],"wp:term":[{"taxonomy":"product_cat","embeddable":true,"href":"https:\/\/tiandeproducts.co.uk\/lt\/wp-json\/wp\/v2\/product_cat?post=4157"},{"taxonomy":"product_tag","embeddable":true,"href":"https:\/\/tiandeproducts.co.uk\/lt\/wp-json\/wp\/v2\/product_tag?post=4157"}],"curies":[{"name":"wp","href":"https:\/\/api.w.org\/{rel}","templated":true}]}}