{"id":4153,"date":"2016-04-21T13:03:16","date_gmt":"2016-04-21T12:03:16","guid":{"rendered":"https:\/\/tnd.ontesting.co.uk\/skutimosi-kremas-vyrams-150ml\/"},"modified":"2019-09-26T11:50:20","modified_gmt":"2019-09-26T10:50:20","slug":"skutimosi-kremas-vyrams-150ml","status":"publish","type":"product","link":"https:\/\/tiandeproducts.co.uk\/lt\/skutimosi-kremas-vyrams-150ml\/","title":{"rendered":"Skutimosi kremas vyrams, 150ml."},"content":{"rendered":"<p>\u0160velni ir mink\u0161ta kremo tekst\u016bra sukuria tvirt\u0105 put\u0173 sluoksn\u012f ir u\u017etikrina lengv\u0105 ir skland\u0173 skutim\u0105si net sunkiausiai pasiekiamose vietose, nepaliekant nei vieno plaukelio. Aktyviosios produkto med\u017eiagos padaro skutim\u0105si malonesniu, \u0161velniai r\u016bpinasi oda, mink\u0161tina j\u0105, mal\u0161ina atsiradusius sudirgimus ir paraudimus. Sud\u0117tyje esantis m\u0117t\u0173 aliejus ilgam suteikia v\u0117sos ir gaivos poj\u016bt\u012f. Aktyv\u016bs kremo komponentai r\u016bpinasi net pa\u010dia jautriausia veido oda.<\/p>\n<p><strong>Naudojimas:<\/strong><br \/>\nI\u0161spauskite nedidel\u012f kiek\u012f kremo, patrinkite delnuose, tada tolygiai tepkite ant \u0161lapios veido odos.<\/p>\n","protected":false},"excerpt":{"rendered":"<p>\u0160velni ir mink\u0161ta kremo tekst\u016bra sukuria tvirt\u0105 put\u0173 sluoksn\u012f ir u\u017etikrina lengv\u0105 ir skland\u0173 skutim\u0105si net sunkiausiai pasiekiamose vietose, nepaliekant nei vieno plaukelio. Aktyviosios produkto med\u017eiagos padaro skutim\u0105si malonesniu, \u0161velniai r\u016bpinasi oda, mink\u0161tina j\u0105, mal\u0161ina atsiradusius sudirgimus ir paraudimus. Sud\u0117tyje esantis m\u0117t\u0173 aliejus ilgam suteikia v\u0117sos ir gaivos poj\u016bt\u012f. Aktyv\u016bs kremo komponentai r\u016bpinasi net pa\u010dia [&#8230;]\n","protected":false},"featured_media":1189,"comment_status":"closed","ping_status":"closed","template":"","meta":[],"product_cat":[627,628,626],"product_tag":[],"class_list":{"0":"post-4153","1":"product","2":"type-product","3":"status-publish","4":"has-post-thumbnail","6":"product_cat-kosmetikos-produktai","7":"product_cat-skutimosi-priemones","8":"product_cat-vyr","10":"first","11":"instock","12":"shipping-taxable","13":"purchasable","14":"product-type-simple"},"yoast_head":"<!-- This site is optimized with the Yoast SEO plugin v23.6 - https:\/\/yoast.com\/wordpress\/plugins\/seo\/ -->\n<title>Skutimosi kremas vyrams, 150ml. - TianDe Online Shop - Beauty &amp; Health<\/title>\n<meta name=\"robots\" content=\"index, follow, max-snippet:-1, max-image-preview:large, max-video-preview:-1\" \/>\n<link rel=\"canonical\" href=\"https:\/\/tiandeproducts.co.uk\/lt\/skutimosi-kremas-vyrams-150ml\/\" \/>\n<meta property=\"og:locale\" content=\"lt_LT\" \/>\n<meta property=\"og:type\" content=\"article\" \/>\n<meta property=\"og:title\" content=\"Skutimosi kremas vyrams, 150ml. - TianDe Online Shop - Beauty &amp; Health\" \/>\n<meta property=\"og:description\" content=\"\u0160velni ir mink\u0161ta kremo tekst\u016bra sukuria tvirt\u0105 put\u0173 sluoksn\u012f ir u\u017etikrina lengv\u0105 ir skland\u0173 skutim\u0105si net sunkiausiai pasiekiamose vietose, nepaliekant nei vieno plaukelio. Aktyviosios produkto med\u017eiagos padaro skutim\u0105si malonesniu, \u0161velniai r\u016bpinasi oda, mink\u0161tina j\u0105, mal\u0161ina atsiradusius sudirgimus ir paraudimus. Sud\u0117tyje esantis m\u0117t\u0173 aliejus ilgam suteikia v\u0117sos ir gaivos poj\u016bt\u012f. Aktyv\u016bs kremo komponentai r\u016bpinasi net pa\u010dia [...]\" \/>\n<meta property=\"og:url\" content=\"https:\/\/tiandeproducts.co.uk\/lt\/skutimosi-kremas-vyrams-150ml\/\" \/>\n<meta property=\"og:site_name\" content=\"TianDe Online Shop - Beauty &amp; Health\" \/>\n<meta property=\"article:publisher\" content=\"https:\/\/www.facebook.com\/tiande.products.england\/\" \/>\n<meta property=\"article:modified_time\" content=\"2019-09-26T10:50:20+00:00\" \/>\n<meta property=\"og:image\" content=\"https:\/\/tiandeproducts.co.uk\/wp-content\/uploads\/2016\/04\/10127.jpg\" \/>\n\t<meta property=\"og:image:width\" content=\"700\" \/>\n\t<meta property=\"og:image:height\" content=\"700\" \/>\n\t<meta property=\"og:image:type\" content=\"image\/jpeg\" \/>\n<meta name=\"twitter:card\" content=\"summary_large_image\" \/>\n<script type=\"application\/ld+json\" class=\"yoast-schema-graph\">{\"@context\":\"https:\/\/schema.org\",\"@graph\":[{\"@type\":\"WebPage\",\"@id\":\"https:\/\/tiandeproducts.co.uk\/lt\/skutimosi-kremas-vyrams-150ml\/\",\"url\":\"https:\/\/tiandeproducts.co.uk\/lt\/skutimosi-kremas-vyrams-150ml\/\",\"name\":\"Skutimosi kremas vyrams, 150ml. - TianDe Online Shop - Beauty &amp; Health\",\"isPartOf\":{\"@id\":\"https:\/\/tiandeproducts.co.uk\/#website\"},\"primaryImageOfPage\":{\"@id\":\"https:\/\/tiandeproducts.co.uk\/lt\/skutimosi-kremas-vyrams-150ml\/#primaryimage\"},\"image\":{\"@id\":\"https:\/\/tiandeproducts.co.uk\/lt\/skutimosi-kremas-vyrams-150ml\/#primaryimage\"},\"thumbnailUrl\":\"https:\/\/tiandeproducts.co.uk\/wp-content\/uploads\/2016\/04\/10127.jpg\",\"datePublished\":\"2016-04-21T12:03:16+00:00\",\"dateModified\":\"2019-09-26T10:50:20+00:00\",\"breadcrumb\":{\"@id\":\"https:\/\/tiandeproducts.co.uk\/lt\/skutimosi-kremas-vyrams-150ml\/#breadcrumb\"},\"inLanguage\":\"lt-LT\",\"potentialAction\":[{\"@type\":\"ReadAction\",\"target\":[\"https:\/\/tiandeproducts.co.uk\/lt\/skutimosi-kremas-vyrams-150ml\/\"]}]},{\"@type\":\"ImageObject\",\"inLanguage\":\"lt-LT\",\"@id\":\"https:\/\/tiandeproducts.co.uk\/lt\/skutimosi-kremas-vyrams-150ml\/#primaryimage\",\"url\":\"https:\/\/tiandeproducts.co.uk\/wp-content\/uploads\/2016\/04\/10127.jpg\",\"contentUrl\":\"https:\/\/tiandeproducts.co.uk\/wp-content\/uploads\/2016\/04\/10127.jpg\",\"width\":700,\"height\":700,\"caption\":\"Shaving Cream, 150 ml-0\"},{\"@type\":\"BreadcrumbList\",\"@id\":\"https:\/\/tiandeproducts.co.uk\/lt\/skutimosi-kremas-vyrams-150ml\/#breadcrumb\",\"itemListElement\":[{\"@type\":\"ListItem\",\"position\":1,\"name\":\"Home\",\"item\":\"https:\/\/tiandeproducts.co.uk\/lt\/\"},{\"@type\":\"ListItem\",\"position\":2,\"name\":\"Shop\",\"item\":\"https:\/\/tiandeproducts.co.uk\/lt\/shop-2\/\"},{\"@type\":\"ListItem\",\"position\":3,\"name\":\"Skutimosi kremas vyrams, 150ml.\"}]},{\"@type\":\"WebSite\",\"@id\":\"https:\/\/tiandeproducts.co.uk\/#website\",\"url\":\"https:\/\/tiandeproducts.co.uk\/\",\"name\":\"TianDe Online Shop - Beauty & Health\",\"description\":\"Traditional Chinese Medicine\",\"potentialAction\":[{\"@type\":\"SearchAction\",\"target\":{\"@type\":\"EntryPoint\",\"urlTemplate\":\"https:\/\/tiandeproducts.co.uk\/?s={search_term_string}\"},\"query-input\":{\"@type\":\"PropertyValueSpecification\",\"valueRequired\":true,\"valueName\":\"search_term_string\"}}],\"inLanguage\":\"lt-LT\"}]}<\/script>\n<!-- \/ Yoast SEO plugin. -->","yoast_head_json":{"title":"Skutimosi kremas vyrams, 150ml. - TianDe Online Shop - Beauty &amp; Health","robots":{"index":"index","follow":"follow","max-snippet":"max-snippet:-1","max-image-preview":"max-image-preview:large","max-video-preview":"max-video-preview:-1"},"canonical":"https:\/\/tiandeproducts.co.uk\/lt\/skutimosi-kremas-vyrams-150ml\/","og_locale":"lt_LT","og_type":"article","og_title":"Skutimosi kremas vyrams, 150ml. - TianDe Online Shop - Beauty &amp; Health","og_description":"\u0160velni ir mink\u0161ta kremo tekst\u016bra sukuria tvirt\u0105 put\u0173 sluoksn\u012f ir u\u017etikrina lengv\u0105 ir skland\u0173 skutim\u0105si net sunkiausiai pasiekiamose vietose, nepaliekant nei vieno plaukelio. Aktyviosios produkto med\u017eiagos padaro skutim\u0105si malonesniu, \u0161velniai r\u016bpinasi oda, mink\u0161tina j\u0105, mal\u0161ina atsiradusius sudirgimus ir paraudimus. Sud\u0117tyje esantis m\u0117t\u0173 aliejus ilgam suteikia v\u0117sos ir gaivos poj\u016bt\u012f. Aktyv\u016bs kremo komponentai r\u016bpinasi net pa\u010dia [...]","og_url":"https:\/\/tiandeproducts.co.uk\/lt\/skutimosi-kremas-vyrams-150ml\/","og_site_name":"TianDe Online Shop - Beauty &amp; Health","article_publisher":"https:\/\/www.facebook.com\/tiande.products.england\/","article_modified_time":"2019-09-26T10:50:20+00:00","og_image":[{"width":700,"height":700,"url":"https:\/\/tiandeproducts.co.uk\/wp-content\/uploads\/2016\/04\/10127.jpg","type":"image\/jpeg"}],"twitter_card":"summary_large_image","schema":{"@context":"https:\/\/schema.org","@graph":[{"@type":"WebPage","@id":"https:\/\/tiandeproducts.co.uk\/lt\/skutimosi-kremas-vyrams-150ml\/","url":"https:\/\/tiandeproducts.co.uk\/lt\/skutimosi-kremas-vyrams-150ml\/","name":"Skutimosi kremas vyrams, 150ml. - TianDe Online Shop - Beauty &amp; Health","isPartOf":{"@id":"https:\/\/tiandeproducts.co.uk\/#website"},"primaryImageOfPage":{"@id":"https:\/\/tiandeproducts.co.uk\/lt\/skutimosi-kremas-vyrams-150ml\/#primaryimage"},"image":{"@id":"https:\/\/tiandeproducts.co.uk\/lt\/skutimosi-kremas-vyrams-150ml\/#primaryimage"},"thumbnailUrl":"https:\/\/tiandeproducts.co.uk\/wp-content\/uploads\/2016\/04\/10127.jpg","datePublished":"2016-04-21T12:03:16+00:00","dateModified":"2019-09-26T10:50:20+00:00","breadcrumb":{"@id":"https:\/\/tiandeproducts.co.uk\/lt\/skutimosi-kremas-vyrams-150ml\/#breadcrumb"},"inLanguage":"lt-LT","potentialAction":[{"@type":"ReadAction","target":["https:\/\/tiandeproducts.co.uk\/lt\/skutimosi-kremas-vyrams-150ml\/"]}]},{"@type":"ImageObject","inLanguage":"lt-LT","@id":"https:\/\/tiandeproducts.co.uk\/lt\/skutimosi-kremas-vyrams-150ml\/#primaryimage","url":"https:\/\/tiandeproducts.co.uk\/wp-content\/uploads\/2016\/04\/10127.jpg","contentUrl":"https:\/\/tiandeproducts.co.uk\/wp-content\/uploads\/2016\/04\/10127.jpg","width":700,"height":700,"caption":"Shaving Cream, 150 ml-0"},{"@type":"BreadcrumbList","@id":"https:\/\/tiandeproducts.co.uk\/lt\/skutimosi-kremas-vyrams-150ml\/#breadcrumb","itemListElement":[{"@type":"ListItem","position":1,"name":"Home","item":"https:\/\/tiandeproducts.co.uk\/lt\/"},{"@type":"ListItem","position":2,"name":"Shop","item":"https:\/\/tiandeproducts.co.uk\/lt\/shop-2\/"},{"@type":"ListItem","position":3,"name":"Skutimosi kremas vyrams, 150ml."}]},{"@type":"WebSite","@id":"https:\/\/tiandeproducts.co.uk\/#website","url":"https:\/\/tiandeproducts.co.uk\/","name":"TianDe Online Shop - Beauty & Health","description":"Traditional Chinese Medicine","potentialAction":[{"@type":"SearchAction","target":{"@type":"EntryPoint","urlTemplate":"https:\/\/tiandeproducts.co.uk\/?s={search_term_string}"},"query-input":{"@type":"PropertyValueSpecification","valueRequired":true,"valueName":"search_term_string"}}],"inLanguage":"lt-LT"}]}},"_links":{"self":[{"href":"https:\/\/tiandeproducts.co.uk\/lt\/wp-json\/wp\/v2\/product\/4153","targetHints":{"allow":["GET"]}}],"collection":[{"href":"https:\/\/tiandeproducts.co.uk\/lt\/wp-json\/wp\/v2\/product"}],"about":[{"href":"https:\/\/tiandeproducts.co.uk\/lt\/wp-json\/wp\/v2\/types\/product"}],"replies":[{"embeddable":true,"href":"https:\/\/tiandeproducts.co.uk\/lt\/wp-json\/wp\/v2\/comments?post=4153"}],"wp:featuredmedia":[{"embeddable":true,"href":"https:\/\/tiandeproducts.co.uk\/lt\/wp-json\/wp\/v2\/media\/1189"}],"wp:attachment":[{"href":"https:\/\/tiandeproducts.co.uk\/lt\/wp-json\/wp\/v2\/media?parent=4153"}],"wp:term":[{"taxonomy":"product_cat","embeddable":true,"href":"https:\/\/tiandeproducts.co.uk\/lt\/wp-json\/wp\/v2\/product_cat?post=4153"},{"taxonomy":"product_tag","embeddable":true,"href":"https:\/\/tiandeproducts.co.uk\/lt\/wp-json\/wp\/v2\/product_tag?post=4153"}],"curies":[{"name":"wp","href":"https:\/\/api.w.org\/{rel}","templated":true}]}}