{"id":4144,"date":"2016-04-21T16:13:56","date_gmt":"2016-04-21T15:13:56","guid":{"rendered":"https:\/\/tnd.ontesting.co.uk\/vaisinis-balzamas-lupoms-35-g\/"},"modified":"2020-01-09T19:57:03","modified_gmt":"2020-01-09T19:57:03","slug":"vaisinis-balzamas-lupoms-35-g","status":"publish","type":"product","link":"https:\/\/tiandeproducts.co.uk\/lt\/vaisinis-balzamas-lupoms-35-g\/","title":{"rendered":"Vaisinis balzamas l\u016bpoms 3,5 g."},"content":{"rendered":"<p>Maitinamieji balzamai patikimai saugo \u0161velni\u0105 tavo l\u016bp\u0173 od\u0105 nuo \u0161al\u010dio ir v\u0117jo, mink\u0161tina ir maitina, padeda apsisaugoti nuo l\u016bp\u0173 odos skilin\u0117jimo. Sud\u0117tyje yra bi\u010di\u0173 va\u0161ko ir vitamino E, turi malon\u0173 vaisi\u0173 ir uog\u0173 aromat\u0105.<\/p>\n<p><strong>Naudojimas:<\/strong> tolygiai u\u017etepkite ant l\u016bp\u0173.<\/p>\n","protected":false},"excerpt":{"rendered":"<p>Maitinamieji balzamai patikimai saugo \u0161velni\u0105 tavo l\u016bp\u0173 od\u0105 nuo \u0161al\u010dio ir v\u0117jo, mink\u0161tina ir maitina, padeda apsisaugoti nuo l\u016bp\u0173 odos skilin\u0117jimo. Sud\u0117tyje yra bi\u010di\u0173 va\u0161ko ir vitamino E, turi malon\u0173 vaisi\u0173 ir uog\u0173 aromat\u0105. Naudojimas: tolygiai u\u017etepkite ant l\u016bp\u0173.<\/p>\n","protected":false},"featured_media":1204,"comment_status":"closed","ping_status":"closed","template":"","meta":[],"product_cat":[687,703,704],"product_tag":[],"class_list":{"0":"post-4144","1":"product","2":"type-product","3":"status-publish","4":"has-post-thumbnail","6":"product_cat-makiazas-lt","7":"product_cat-lupoms","8":"product_cat-lupu-balzamai","10":"first","11":"instock","12":"shipping-taxable","13":"purchasable","14":"product-type-variable"},"yoast_head":"<!-- This site is optimized with the Yoast SEO plugin v23.6 - https:\/\/yoast.com\/wordpress\/plugins\/seo\/ -->\n<title>Vaisinis balzamas l\u016bpoms 3,5 g. - TianDe Online Shop - Beauty &amp; Health<\/title>\n<meta name=\"robots\" content=\"index, follow, max-snippet:-1, max-image-preview:large, max-video-preview:-1\" \/>\n<link rel=\"canonical\" href=\"https:\/\/tiandeproducts.co.uk\/lt\/vaisinis-balzamas-lupoms-35-g\/\" \/>\n<meta property=\"og:locale\" content=\"lt_LT\" \/>\n<meta property=\"og:type\" content=\"article\" \/>\n<meta property=\"og:title\" content=\"Vaisinis balzamas l\u016bpoms 3,5 g. - TianDe Online Shop - Beauty &amp; Health\" \/>\n<meta property=\"og:description\" content=\"Maitinamieji balzamai patikimai saugo \u0161velni\u0105 tavo l\u016bp\u0173 od\u0105 nuo \u0161al\u010dio ir v\u0117jo, mink\u0161tina ir maitina, padeda apsisaugoti nuo l\u016bp\u0173 odos skilin\u0117jimo. Sud\u0117tyje yra bi\u010di\u0173 va\u0161ko ir vitamino E, turi malon\u0173 vaisi\u0173 ir uog\u0173 aromat\u0105. Naudojimas: tolygiai u\u017etepkite ant l\u016bp\u0173.\" \/>\n<meta property=\"og:url\" content=\"https:\/\/tiandeproducts.co.uk\/lt\/vaisinis-balzamas-lupoms-35-g\/\" \/>\n<meta property=\"og:site_name\" content=\"TianDe Online Shop - Beauty &amp; Health\" \/>\n<meta property=\"article:publisher\" content=\"https:\/\/www.facebook.com\/tiande.products.england\/\" \/>\n<meta property=\"article:modified_time\" content=\"2020-01-09T19:57:03+00:00\" \/>\n<meta property=\"og:image\" content=\"https:\/\/tiandeproducts.co.uk\/wp-content\/uploads\/2016\/04\/80112_8_new.png\" \/>\n\t<meta property=\"og:image:width\" content=\"700\" \/>\n\t<meta property=\"og:image:height\" content=\"700\" \/>\n\t<meta property=\"og:image:type\" content=\"image\/png\" \/>\n<meta name=\"twitter:card\" content=\"summary_large_image\" \/>\n<script type=\"application\/ld+json\" class=\"yoast-schema-graph\">{\"@context\":\"https:\/\/schema.org\",\"@graph\":[{\"@type\":\"WebPage\",\"@id\":\"https:\/\/tiandeproducts.co.uk\/lt\/vaisinis-balzamas-lupoms-35-g\/\",\"url\":\"https:\/\/tiandeproducts.co.uk\/lt\/vaisinis-balzamas-lupoms-35-g\/\",\"name\":\"Vaisinis balzamas l\u016bpoms 3,5 g. - TianDe Online Shop - Beauty &amp; Health\",\"isPartOf\":{\"@id\":\"https:\/\/tiandeproducts.co.uk\/#website\"},\"primaryImageOfPage\":{\"@id\":\"https:\/\/tiandeproducts.co.uk\/lt\/vaisinis-balzamas-lupoms-35-g\/#primaryimage\"},\"image\":{\"@id\":\"https:\/\/tiandeproducts.co.uk\/lt\/vaisinis-balzamas-lupoms-35-g\/#primaryimage\"},\"thumbnailUrl\":\"https:\/\/tiandeproducts.co.uk\/wp-content\/uploads\/2016\/04\/80112_8_new.png\",\"datePublished\":\"2016-04-21T15:13:56+00:00\",\"dateModified\":\"2020-01-09T19:57:03+00:00\",\"breadcrumb\":{\"@id\":\"https:\/\/tiandeproducts.co.uk\/lt\/vaisinis-balzamas-lupoms-35-g\/#breadcrumb\"},\"inLanguage\":\"lt-LT\",\"potentialAction\":[{\"@type\":\"ReadAction\",\"target\":[\"https:\/\/tiandeproducts.co.uk\/lt\/vaisinis-balzamas-lupoms-35-g\/\"]}]},{\"@type\":\"ImageObject\",\"inLanguage\":\"lt-LT\",\"@id\":\"https:\/\/tiandeproducts.co.uk\/lt\/vaisinis-balzamas-lupoms-35-g\/#primaryimage\",\"url\":\"https:\/\/tiandeproducts.co.uk\/wp-content\/uploads\/2016\/04\/80112_8_new.png\",\"contentUrl\":\"https:\/\/tiandeproducts.co.uk\/wp-content\/uploads\/2016\/04\/80112_8_new.png\",\"width\":700,\"height\":700,\"caption\":\"Fruit Lip Balm,3.5g-0\"},{\"@type\":\"BreadcrumbList\",\"@id\":\"https:\/\/tiandeproducts.co.uk\/lt\/vaisinis-balzamas-lupoms-35-g\/#breadcrumb\",\"itemListElement\":[{\"@type\":\"ListItem\",\"position\":1,\"name\":\"Home\",\"item\":\"https:\/\/tiandeproducts.co.uk\/lt\/\"},{\"@type\":\"ListItem\",\"position\":2,\"name\":\"Shop\",\"item\":\"https:\/\/tiandeproducts.co.uk\/lt\/shop-2\/\"},{\"@type\":\"ListItem\",\"position\":3,\"name\":\"Vaisinis balzamas l\u016bpoms 3,5 g.\"}]},{\"@type\":\"WebSite\",\"@id\":\"https:\/\/tiandeproducts.co.uk\/#website\",\"url\":\"https:\/\/tiandeproducts.co.uk\/\",\"name\":\"TianDe Online Shop - Beauty & Health\",\"description\":\"Traditional Chinese Medicine\",\"potentialAction\":[{\"@type\":\"SearchAction\",\"target\":{\"@type\":\"EntryPoint\",\"urlTemplate\":\"https:\/\/tiandeproducts.co.uk\/?s={search_term_string}\"},\"query-input\":{\"@type\":\"PropertyValueSpecification\",\"valueRequired\":true,\"valueName\":\"search_term_string\"}}],\"inLanguage\":\"lt-LT\"}]}<\/script>\n<!-- \/ Yoast SEO plugin. -->","yoast_head_json":{"title":"Vaisinis balzamas l\u016bpoms 3,5 g. - TianDe Online Shop - Beauty &amp; Health","robots":{"index":"index","follow":"follow","max-snippet":"max-snippet:-1","max-image-preview":"max-image-preview:large","max-video-preview":"max-video-preview:-1"},"canonical":"https:\/\/tiandeproducts.co.uk\/lt\/vaisinis-balzamas-lupoms-35-g\/","og_locale":"lt_LT","og_type":"article","og_title":"Vaisinis balzamas l\u016bpoms 3,5 g. - TianDe Online Shop - Beauty &amp; Health","og_description":"Maitinamieji balzamai patikimai saugo \u0161velni\u0105 tavo l\u016bp\u0173 od\u0105 nuo \u0161al\u010dio ir v\u0117jo, mink\u0161tina ir maitina, padeda apsisaugoti nuo l\u016bp\u0173 odos skilin\u0117jimo. Sud\u0117tyje yra bi\u010di\u0173 va\u0161ko ir vitamino E, turi malon\u0173 vaisi\u0173 ir uog\u0173 aromat\u0105. Naudojimas: tolygiai u\u017etepkite ant l\u016bp\u0173.","og_url":"https:\/\/tiandeproducts.co.uk\/lt\/vaisinis-balzamas-lupoms-35-g\/","og_site_name":"TianDe Online Shop - Beauty &amp; Health","article_publisher":"https:\/\/www.facebook.com\/tiande.products.england\/","article_modified_time":"2020-01-09T19:57:03+00:00","og_image":[{"width":700,"height":700,"url":"https:\/\/tiandeproducts.co.uk\/wp-content\/uploads\/2016\/04\/80112_8_new.png","type":"image\/png"}],"twitter_card":"summary_large_image","schema":{"@context":"https:\/\/schema.org","@graph":[{"@type":"WebPage","@id":"https:\/\/tiandeproducts.co.uk\/lt\/vaisinis-balzamas-lupoms-35-g\/","url":"https:\/\/tiandeproducts.co.uk\/lt\/vaisinis-balzamas-lupoms-35-g\/","name":"Vaisinis balzamas l\u016bpoms 3,5 g. - TianDe Online Shop - Beauty &amp; Health","isPartOf":{"@id":"https:\/\/tiandeproducts.co.uk\/#website"},"primaryImageOfPage":{"@id":"https:\/\/tiandeproducts.co.uk\/lt\/vaisinis-balzamas-lupoms-35-g\/#primaryimage"},"image":{"@id":"https:\/\/tiandeproducts.co.uk\/lt\/vaisinis-balzamas-lupoms-35-g\/#primaryimage"},"thumbnailUrl":"https:\/\/tiandeproducts.co.uk\/wp-content\/uploads\/2016\/04\/80112_8_new.png","datePublished":"2016-04-21T15:13:56+00:00","dateModified":"2020-01-09T19:57:03+00:00","breadcrumb":{"@id":"https:\/\/tiandeproducts.co.uk\/lt\/vaisinis-balzamas-lupoms-35-g\/#breadcrumb"},"inLanguage":"lt-LT","potentialAction":[{"@type":"ReadAction","target":["https:\/\/tiandeproducts.co.uk\/lt\/vaisinis-balzamas-lupoms-35-g\/"]}]},{"@type":"ImageObject","inLanguage":"lt-LT","@id":"https:\/\/tiandeproducts.co.uk\/lt\/vaisinis-balzamas-lupoms-35-g\/#primaryimage","url":"https:\/\/tiandeproducts.co.uk\/wp-content\/uploads\/2016\/04\/80112_8_new.png","contentUrl":"https:\/\/tiandeproducts.co.uk\/wp-content\/uploads\/2016\/04\/80112_8_new.png","width":700,"height":700,"caption":"Fruit Lip Balm,3.5g-0"},{"@type":"BreadcrumbList","@id":"https:\/\/tiandeproducts.co.uk\/lt\/vaisinis-balzamas-lupoms-35-g\/#breadcrumb","itemListElement":[{"@type":"ListItem","position":1,"name":"Home","item":"https:\/\/tiandeproducts.co.uk\/lt\/"},{"@type":"ListItem","position":2,"name":"Shop","item":"https:\/\/tiandeproducts.co.uk\/lt\/shop-2\/"},{"@type":"ListItem","position":3,"name":"Vaisinis balzamas l\u016bpoms 3,5 g."}]},{"@type":"WebSite","@id":"https:\/\/tiandeproducts.co.uk\/#website","url":"https:\/\/tiandeproducts.co.uk\/","name":"TianDe Online Shop - Beauty & Health","description":"Traditional Chinese Medicine","potentialAction":[{"@type":"SearchAction","target":{"@type":"EntryPoint","urlTemplate":"https:\/\/tiandeproducts.co.uk\/?s={search_term_string}"},"query-input":{"@type":"PropertyValueSpecification","valueRequired":true,"valueName":"search_term_string"}}],"inLanguage":"lt-LT"}]}},"_links":{"self":[{"href":"https:\/\/tiandeproducts.co.uk\/lt\/wp-json\/wp\/v2\/product\/4144","targetHints":{"allow":["GET"]}}],"collection":[{"href":"https:\/\/tiandeproducts.co.uk\/lt\/wp-json\/wp\/v2\/product"}],"about":[{"href":"https:\/\/tiandeproducts.co.uk\/lt\/wp-json\/wp\/v2\/types\/product"}],"replies":[{"embeddable":true,"href":"https:\/\/tiandeproducts.co.uk\/lt\/wp-json\/wp\/v2\/comments?post=4144"}],"wp:featuredmedia":[{"embeddable":true,"href":"https:\/\/tiandeproducts.co.uk\/lt\/wp-json\/wp\/v2\/media\/1204"}],"wp:attachment":[{"href":"https:\/\/tiandeproducts.co.uk\/lt\/wp-json\/wp\/v2\/media?parent=4144"}],"wp:term":[{"taxonomy":"product_cat","embeddable":true,"href":"https:\/\/tiandeproducts.co.uk\/lt\/wp-json\/wp\/v2\/product_cat?post=4144"},{"taxonomy":"product_tag","embeddable":true,"href":"https:\/\/tiandeproducts.co.uk\/lt\/wp-json\/wp\/v2\/product_tag?post=4144"}],"curies":[{"name":"wp","href":"https:\/\/api.w.org\/{rel}","templated":true}]}}