{"id":4125,"date":"2016-04-21T17:55:45","date_gmt":"2016-04-21T16:55:45","guid":{"rendered":"https:\/\/tnd.ontesting.co.uk\/piestukas-akims-ir-lupoms-1vnt\/"},"modified":"2020-03-01T14:44:34","modified_gmt":"2020-03-01T14:44:34","slug":"piestukas-akims-ir-lupoms-1vnt","status":"publish","type":"product","link":"https:\/\/tiandeproducts.co.uk\/lt\/piestukas-akims-ir-lupoms-1vnt\/","title":{"rendered":"Pie\u0161tukas akims ir l\u016bpoms, 1vnt."},"content":{"rendered":"<p>Pie\u0161tukas sukuria plon\u0105 ir ai\u0161ki\u0105, sodrios spalvos linij\u0105 apie akis ir l\u016bpas. Lengva naudoti, o efektas i\u0161lieka vis\u0105 dien\u0105. Paprasta derinti su kitomis gro\u017eio priemon\u0117mis.<\/p>\n","protected":false},"excerpt":{"rendered":"<p>Pie\u0161tukas sukuria plon\u0105 ir ai\u0161ki\u0105, sodrios spalvos linij\u0105 apie akis ir l\u016bpas. Lengva naudoti, o efektas i\u0161lieka vis\u0105 dien\u0105. Paprasta derinti su kitomis gro\u017eio priemon\u0117mis.<\/p>\n","protected":false},"featured_media":1228,"comment_status":"closed","ping_status":"closed","template":"","meta":[],"product_cat":[694,687,703,699,707,710],"product_tag":[],"class_list":{"0":"post-4125","1":"product","2":"type-product","3":"status-publish","4":"has-post-thumbnail","6":"product_cat-akims","7":"product_cat-makiazas-lt","8":"product_cat-lupoms","9":"product_cat-piestukai","10":"product_cat-piestukai-lt","11":"product_cat-pro-visage-lt-2","13":"first","14":"instock","15":"shipping-taxable","16":"purchasable","17":"product-type-variable"},"yoast_head":"<!-- This site is optimized with the Yoast SEO plugin v23.6 - https:\/\/yoast.com\/wordpress\/plugins\/seo\/ -->\n<title>Pie\u0161tukas akims ir l\u016bpoms, 1vnt. - TianDe Online Shop - Beauty &amp; Health<\/title>\n<meta name=\"robots\" content=\"index, follow, max-snippet:-1, max-image-preview:large, max-video-preview:-1\" \/>\n<link rel=\"canonical\" href=\"https:\/\/tiandeproducts.co.uk\/lt\/piestukas-akims-ir-lupoms-1vnt\/\" \/>\n<meta property=\"og:locale\" content=\"lt_LT\" \/>\n<meta property=\"og:type\" content=\"article\" \/>\n<meta property=\"og:title\" content=\"Pie\u0161tukas akims ir l\u016bpoms, 1vnt. - TianDe Online Shop - Beauty &amp; Health\" \/>\n<meta property=\"og:description\" content=\"Pie\u0161tukas sukuria plon\u0105 ir ai\u0161ki\u0105, sodrios spalvos linij\u0105 apie akis ir l\u016bpas. Lengva naudoti, o efektas i\u0161lieka vis\u0105 dien\u0105. Paprasta derinti su kitomis gro\u017eio priemon\u0117mis.\" \/>\n<meta property=\"og:url\" content=\"https:\/\/tiandeproducts.co.uk\/lt\/piestukas-akims-ir-lupoms-1vnt\/\" \/>\n<meta property=\"og:site_name\" content=\"TianDe Online Shop - Beauty &amp; Health\" \/>\n<meta property=\"article:publisher\" content=\"https:\/\/www.facebook.com\/tiande.products.england\/\" \/>\n<meta property=\"article:modified_time\" content=\"2020-03-01T14:44:34+00:00\" \/>\n<meta property=\"og:image\" content=\"https:\/\/tiandeproducts.co.uk\/wp-content\/uploads\/2016\/04\/80904_1.jpg\" \/>\n\t<meta property=\"og:image:width\" content=\"729\" \/>\n\t<meta property=\"og:image:height\" content=\"818\" \/>\n\t<meta property=\"og:image:type\" content=\"image\/jpeg\" \/>\n<meta name=\"twitter:card\" content=\"summary_large_image\" \/>\n<script type=\"application\/ld+json\" class=\"yoast-schema-graph\">{\"@context\":\"https:\/\/schema.org\",\"@graph\":[{\"@type\":\"WebPage\",\"@id\":\"https:\/\/tiandeproducts.co.uk\/lt\/piestukas-akims-ir-lupoms-1vnt\/\",\"url\":\"https:\/\/tiandeproducts.co.uk\/lt\/piestukas-akims-ir-lupoms-1vnt\/\",\"name\":\"Pie\u0161tukas akims ir l\u016bpoms, 1vnt. - TianDe Online Shop - Beauty &amp; Health\",\"isPartOf\":{\"@id\":\"https:\/\/tiandeproducts.co.uk\/#website\"},\"primaryImageOfPage\":{\"@id\":\"https:\/\/tiandeproducts.co.uk\/lt\/piestukas-akims-ir-lupoms-1vnt\/#primaryimage\"},\"image\":{\"@id\":\"https:\/\/tiandeproducts.co.uk\/lt\/piestukas-akims-ir-lupoms-1vnt\/#primaryimage\"},\"thumbnailUrl\":\"https:\/\/tiandeproducts.co.uk\/wp-content\/uploads\/2016\/04\/80904_1.jpg\",\"datePublished\":\"2016-04-21T16:55:45+00:00\",\"dateModified\":\"2020-03-01T14:44:34+00:00\",\"breadcrumb\":{\"@id\":\"https:\/\/tiandeproducts.co.uk\/lt\/piestukas-akims-ir-lupoms-1vnt\/#breadcrumb\"},\"inLanguage\":\"lt-LT\",\"potentialAction\":[{\"@type\":\"ReadAction\",\"target\":[\"https:\/\/tiandeproducts.co.uk\/lt\/piestukas-akims-ir-lupoms-1vnt\/\"]}]},{\"@type\":\"ImageObject\",\"inLanguage\":\"lt-LT\",\"@id\":\"https:\/\/tiandeproducts.co.uk\/lt\/piestukas-akims-ir-lupoms-1vnt\/#primaryimage\",\"url\":\"https:\/\/tiandeproducts.co.uk\/wp-content\/uploads\/2016\/04\/80904_1.jpg\",\"contentUrl\":\"https:\/\/tiandeproducts.co.uk\/wp-content\/uploads\/2016\/04\/80904_1.jpg\",\"width\":729,\"height\":818,\"caption\":\"Lip & Eye Cream Crayon,1pc-0\"},{\"@type\":\"BreadcrumbList\",\"@id\":\"https:\/\/tiandeproducts.co.uk\/lt\/piestukas-akims-ir-lupoms-1vnt\/#breadcrumb\",\"itemListElement\":[{\"@type\":\"ListItem\",\"position\":1,\"name\":\"Home\",\"item\":\"https:\/\/tiandeproducts.co.uk\/lt\/\"},{\"@type\":\"ListItem\",\"position\":2,\"name\":\"Shop\",\"item\":\"https:\/\/tiandeproducts.co.uk\/lt\/shop-2\/\"},{\"@type\":\"ListItem\",\"position\":3,\"name\":\"Pie\u0161tukas akims ir l\u016bpoms, 1vnt.\"}]},{\"@type\":\"WebSite\",\"@id\":\"https:\/\/tiandeproducts.co.uk\/#website\",\"url\":\"https:\/\/tiandeproducts.co.uk\/\",\"name\":\"TianDe Online Shop - Beauty & Health\",\"description\":\"Traditional Chinese Medicine\",\"potentialAction\":[{\"@type\":\"SearchAction\",\"target\":{\"@type\":\"EntryPoint\",\"urlTemplate\":\"https:\/\/tiandeproducts.co.uk\/?s={search_term_string}\"},\"query-input\":{\"@type\":\"PropertyValueSpecification\",\"valueRequired\":true,\"valueName\":\"search_term_string\"}}],\"inLanguage\":\"lt-LT\"}]}<\/script>\n<!-- \/ Yoast SEO plugin. -->","yoast_head_json":{"title":"Pie\u0161tukas akims ir l\u016bpoms, 1vnt. - TianDe Online Shop - Beauty &amp; Health","robots":{"index":"index","follow":"follow","max-snippet":"max-snippet:-1","max-image-preview":"max-image-preview:large","max-video-preview":"max-video-preview:-1"},"canonical":"https:\/\/tiandeproducts.co.uk\/lt\/piestukas-akims-ir-lupoms-1vnt\/","og_locale":"lt_LT","og_type":"article","og_title":"Pie\u0161tukas akims ir l\u016bpoms, 1vnt. - TianDe Online Shop - Beauty &amp; Health","og_description":"Pie\u0161tukas sukuria plon\u0105 ir ai\u0161ki\u0105, sodrios spalvos linij\u0105 apie akis ir l\u016bpas. Lengva naudoti, o efektas i\u0161lieka vis\u0105 dien\u0105. Paprasta derinti su kitomis gro\u017eio priemon\u0117mis.","og_url":"https:\/\/tiandeproducts.co.uk\/lt\/piestukas-akims-ir-lupoms-1vnt\/","og_site_name":"TianDe Online Shop - Beauty &amp; Health","article_publisher":"https:\/\/www.facebook.com\/tiande.products.england\/","article_modified_time":"2020-03-01T14:44:34+00:00","og_image":[{"width":729,"height":818,"url":"https:\/\/tiandeproducts.co.uk\/wp-content\/uploads\/2016\/04\/80904_1.jpg","type":"image\/jpeg"}],"twitter_card":"summary_large_image","schema":{"@context":"https:\/\/schema.org","@graph":[{"@type":"WebPage","@id":"https:\/\/tiandeproducts.co.uk\/lt\/piestukas-akims-ir-lupoms-1vnt\/","url":"https:\/\/tiandeproducts.co.uk\/lt\/piestukas-akims-ir-lupoms-1vnt\/","name":"Pie\u0161tukas akims ir l\u016bpoms, 1vnt. - TianDe Online Shop - Beauty &amp; Health","isPartOf":{"@id":"https:\/\/tiandeproducts.co.uk\/#website"},"primaryImageOfPage":{"@id":"https:\/\/tiandeproducts.co.uk\/lt\/piestukas-akims-ir-lupoms-1vnt\/#primaryimage"},"image":{"@id":"https:\/\/tiandeproducts.co.uk\/lt\/piestukas-akims-ir-lupoms-1vnt\/#primaryimage"},"thumbnailUrl":"https:\/\/tiandeproducts.co.uk\/wp-content\/uploads\/2016\/04\/80904_1.jpg","datePublished":"2016-04-21T16:55:45+00:00","dateModified":"2020-03-01T14:44:34+00:00","breadcrumb":{"@id":"https:\/\/tiandeproducts.co.uk\/lt\/piestukas-akims-ir-lupoms-1vnt\/#breadcrumb"},"inLanguage":"lt-LT","potentialAction":[{"@type":"ReadAction","target":["https:\/\/tiandeproducts.co.uk\/lt\/piestukas-akims-ir-lupoms-1vnt\/"]}]},{"@type":"ImageObject","inLanguage":"lt-LT","@id":"https:\/\/tiandeproducts.co.uk\/lt\/piestukas-akims-ir-lupoms-1vnt\/#primaryimage","url":"https:\/\/tiandeproducts.co.uk\/wp-content\/uploads\/2016\/04\/80904_1.jpg","contentUrl":"https:\/\/tiandeproducts.co.uk\/wp-content\/uploads\/2016\/04\/80904_1.jpg","width":729,"height":818,"caption":"Lip & Eye Cream Crayon,1pc-0"},{"@type":"BreadcrumbList","@id":"https:\/\/tiandeproducts.co.uk\/lt\/piestukas-akims-ir-lupoms-1vnt\/#breadcrumb","itemListElement":[{"@type":"ListItem","position":1,"name":"Home","item":"https:\/\/tiandeproducts.co.uk\/lt\/"},{"@type":"ListItem","position":2,"name":"Shop","item":"https:\/\/tiandeproducts.co.uk\/lt\/shop-2\/"},{"@type":"ListItem","position":3,"name":"Pie\u0161tukas akims ir l\u016bpoms, 1vnt."}]},{"@type":"WebSite","@id":"https:\/\/tiandeproducts.co.uk\/#website","url":"https:\/\/tiandeproducts.co.uk\/","name":"TianDe Online Shop - Beauty & Health","description":"Traditional Chinese Medicine","potentialAction":[{"@type":"SearchAction","target":{"@type":"EntryPoint","urlTemplate":"https:\/\/tiandeproducts.co.uk\/?s={search_term_string}"},"query-input":{"@type":"PropertyValueSpecification","valueRequired":true,"valueName":"search_term_string"}}],"inLanguage":"lt-LT"}]}},"_links":{"self":[{"href":"https:\/\/tiandeproducts.co.uk\/lt\/wp-json\/wp\/v2\/product\/4125","targetHints":{"allow":["GET"]}}],"collection":[{"href":"https:\/\/tiandeproducts.co.uk\/lt\/wp-json\/wp\/v2\/product"}],"about":[{"href":"https:\/\/tiandeproducts.co.uk\/lt\/wp-json\/wp\/v2\/types\/product"}],"replies":[{"embeddable":true,"href":"https:\/\/tiandeproducts.co.uk\/lt\/wp-json\/wp\/v2\/comments?post=4125"}],"wp:featuredmedia":[{"embeddable":true,"href":"https:\/\/tiandeproducts.co.uk\/lt\/wp-json\/wp\/v2\/media\/1228"}],"wp:attachment":[{"href":"https:\/\/tiandeproducts.co.uk\/lt\/wp-json\/wp\/v2\/media?parent=4125"}],"wp:term":[{"taxonomy":"product_cat","embeddable":true,"href":"https:\/\/tiandeproducts.co.uk\/lt\/wp-json\/wp\/v2\/product_cat?post=4125"},{"taxonomy":"product_tag","embeddable":true,"href":"https:\/\/tiandeproducts.co.uk\/lt\/wp-json\/wp\/v2\/product_tag?post=4125"}],"curies":[{"name":"wp","href":"https:\/\/api.w.org\/{rel}","templated":true}]}}