{"id":4124,"date":"2016-04-23T18:09:51","date_gmt":"2016-04-23T17:09:51","guid":{"rendered":"https:\/\/tnd.ontesting.co.uk\/kremas-pienelis-kunui-sauletosios-alyvuoges-350g\/"},"modified":"2021-02-25T12:13:07","modified_gmt":"2021-02-25T12:13:07","slug":"kremas-pienelis-kunui-sauletosios-alyvuoges-350g","status":"publish","type":"product","link":"https:\/\/tiandeproducts.co.uk\/lt\/kremas-pienelis-kunui-sauletosios-alyvuoges-350g\/","title":{"rendered":"Kremas &#8211; pienelis k\u016bnui \u201eSaul\u0117tosios alyvuog\u0117s\u201d, 350g."},"content":{"rendered":"<p><img decoding=\"async\" style=\"max-width: 16px; margin-right: 5px;\" src=\"https:\/\/tiandeproducts.co.uk\/wp-content\/uploads\/points-green.svg\" \/>\u00a0Earn 16 points worth \u00a30.80 when buying this product<\/p>\n<p>P<span class=\"hps\">rabang<\/span><span class=\"hps\">i<\/span>\u00a0<span class=\"hps\">maistin<\/span><span class=\"hps\">\u0117mis med\u017eiag<\/span><span class=\"hps\">omis praturtinta priemon\u0117<\/span>\u00a0<span class=\"hps\">J\u016bs\u0173<\/span>\u00a0<span class=\"hps\">aksom<\/span><span class=\"hps\">inei<\/span>\u00a0<span class=\"hps\">od<\/span><span class=\"hps\">ai.<\/span>\u00a0<span class=\"hps\">Sud\u0117tyje yra<\/span>\u00a0<span class=\"hps\">ekstrakt\u0173,<\/span>\u00a0<span class=\"hps\">alyvuogi\u0173 aliejaus ir<\/span>\u00a0<span class=\"hps\">vitamino E.<\/span><\/p>\n","protected":false},"excerpt":{"rendered":"<p>\u00a0Earn 16 points worth \u00a30.80 when buying this product Prabangi\u00a0maistin\u0117mis med\u017eiagomis praturtinta priemon\u0117\u00a0J\u016bs\u0173\u00a0aksominei\u00a0odai.\u00a0Sud\u0117tyje yra\u00a0ekstrakt\u0173,\u00a0alyvuogi\u0173 aliejaus ir\u00a0vitamino E.<\/p>\n","protected":false},"featured_media":1307,"comment_status":"closed","ping_status":"closed","template":"","meta":[],"product_cat":[513,508,497],"product_tag":[],"class_list":{"0":"post-4124","1":"product","2":"type-product","3":"status-publish","4":"has-post-thumbnail","6":"product_cat-hainan-tao-lt","7":"product_cat-kuno-kremai","8":"product_cat-kunui","10":"first","11":"instock","12":"shipping-taxable","13":"purchasable","14":"product-type-simple"},"yoast_head":"<!-- This site is optimized with the Yoast SEO plugin v23.6 - https:\/\/yoast.com\/wordpress\/plugins\/seo\/ -->\n<title>Kremas - pienelis k\u016bnui \u201eSaul\u0117tosios alyvuog\u0117s\u201d, 350g. - TianDe Online Shop - Beauty &amp; Health<\/title>\n<meta name=\"robots\" content=\"index, follow, max-snippet:-1, max-image-preview:large, max-video-preview:-1\" \/>\n<link rel=\"canonical\" href=\"https:\/\/tiandeproducts.co.uk\/lt\/kremas-pienelis-kunui-sauletosios-alyvuoges-350g\/\" \/>\n<meta property=\"og:locale\" content=\"lt_LT\" \/>\n<meta property=\"og:type\" content=\"article\" \/>\n<meta property=\"og:title\" content=\"Kremas - pienelis k\u016bnui \u201eSaul\u0117tosios alyvuog\u0117s\u201d, 350g. - TianDe Online Shop - Beauty &amp; Health\" \/>\n<meta property=\"og:description\" content=\"\u00a0Earn 16 points worth \u00a30.80 when buying this product Prabangi\u00a0maistin\u0117mis med\u017eiagomis praturtinta priemon\u0117\u00a0J\u016bs\u0173\u00a0aksominei\u00a0odai.\u00a0Sud\u0117tyje yra\u00a0ekstrakt\u0173,\u00a0alyvuogi\u0173 aliejaus ir\u00a0vitamino E.\" \/>\n<meta property=\"og:url\" content=\"https:\/\/tiandeproducts.co.uk\/lt\/kremas-pienelis-kunui-sauletosios-alyvuoges-350g\/\" \/>\n<meta property=\"og:site_name\" content=\"TianDe Online Shop - Beauty &amp; Health\" \/>\n<meta property=\"article:publisher\" content=\"https:\/\/www.facebook.com\/tiande.products.england\/\" \/>\n<meta property=\"article:modified_time\" content=\"2021-02-25T12:13:07+00:00\" \/>\n<meta property=\"og:image\" content=\"https:\/\/tiandeproducts.co.uk\/wp-content\/uploads\/2016\/04\/32604_1_.png\" \/>\n\t<meta property=\"og:image:width\" content=\"700\" \/>\n\t<meta property=\"og:image:height\" content=\"700\" \/>\n\t<meta property=\"og:image:type\" content=\"image\/png\" \/>\n<meta name=\"twitter:card\" content=\"summary_large_image\" \/>\n<script type=\"application\/ld+json\" class=\"yoast-schema-graph\">{\"@context\":\"https:\/\/schema.org\",\"@graph\":[{\"@type\":\"WebPage\",\"@id\":\"https:\/\/tiandeproducts.co.uk\/lt\/kremas-pienelis-kunui-sauletosios-alyvuoges-350g\/\",\"url\":\"https:\/\/tiandeproducts.co.uk\/lt\/kremas-pienelis-kunui-sauletosios-alyvuoges-350g\/\",\"name\":\"Kremas - pienelis k\u016bnui \u201eSaul\u0117tosios alyvuog\u0117s\u201d, 350g. - TianDe Online Shop - Beauty &amp; Health\",\"isPartOf\":{\"@id\":\"https:\/\/tiandeproducts.co.uk\/#website\"},\"primaryImageOfPage\":{\"@id\":\"https:\/\/tiandeproducts.co.uk\/lt\/kremas-pienelis-kunui-sauletosios-alyvuoges-350g\/#primaryimage\"},\"image\":{\"@id\":\"https:\/\/tiandeproducts.co.uk\/lt\/kremas-pienelis-kunui-sauletosios-alyvuoges-350g\/#primaryimage\"},\"thumbnailUrl\":\"https:\/\/tiandeproducts.co.uk\/wp-content\/uploads\/2016\/04\/32604_1_.png\",\"datePublished\":\"2016-04-23T17:09:51+00:00\",\"dateModified\":\"2021-02-25T12:13:07+00:00\",\"breadcrumb\":{\"@id\":\"https:\/\/tiandeproducts.co.uk\/lt\/kremas-pienelis-kunui-sauletosios-alyvuoges-350g\/#breadcrumb\"},\"inLanguage\":\"lt-LT\",\"potentialAction\":[{\"@type\":\"ReadAction\",\"target\":[\"https:\/\/tiandeproducts.co.uk\/lt\/kremas-pienelis-kunui-sauletosios-alyvuoges-350g\/\"]}]},{\"@type\":\"ImageObject\",\"inLanguage\":\"lt-LT\",\"@id\":\"https:\/\/tiandeproducts.co.uk\/lt\/kremas-pienelis-kunui-sauletosios-alyvuoges-350g\/#primaryimage\",\"url\":\"https:\/\/tiandeproducts.co.uk\/wp-content\/uploads\/2016\/04\/32604_1_.png\",\"contentUrl\":\"https:\/\/tiandeproducts.co.uk\/wp-content\/uploads\/2016\/04\/32604_1_.png\",\"width\":700,\"height\":700,\"caption\":\"Sunny Olives Cream-Milk,350g-0\"},{\"@type\":\"BreadcrumbList\",\"@id\":\"https:\/\/tiandeproducts.co.uk\/lt\/kremas-pienelis-kunui-sauletosios-alyvuoges-350g\/#breadcrumb\",\"itemListElement\":[{\"@type\":\"ListItem\",\"position\":1,\"name\":\"Home\",\"item\":\"https:\/\/tiandeproducts.co.uk\/lt\/\"},{\"@type\":\"ListItem\",\"position\":2,\"name\":\"Shop\",\"item\":\"https:\/\/tiandeproducts.co.uk\/lt\/shop-2\/\"},{\"@type\":\"ListItem\",\"position\":3,\"name\":\"Kremas &#8211; pienelis k\u016bnui \u201eSaul\u0117tosios alyvuog\u0117s\u201d, 350g.\"}]},{\"@type\":\"WebSite\",\"@id\":\"https:\/\/tiandeproducts.co.uk\/#website\",\"url\":\"https:\/\/tiandeproducts.co.uk\/\",\"name\":\"TianDe Online Shop - Beauty & Health\",\"description\":\"Traditional Chinese Medicine\",\"potentialAction\":[{\"@type\":\"SearchAction\",\"target\":{\"@type\":\"EntryPoint\",\"urlTemplate\":\"https:\/\/tiandeproducts.co.uk\/?s={search_term_string}\"},\"query-input\":{\"@type\":\"PropertyValueSpecification\",\"valueRequired\":true,\"valueName\":\"search_term_string\"}}],\"inLanguage\":\"lt-LT\"}]}<\/script>\n<!-- \/ Yoast SEO plugin. -->","yoast_head_json":{"title":"Kremas - pienelis k\u016bnui \u201eSaul\u0117tosios alyvuog\u0117s\u201d, 350g. - TianDe Online Shop - Beauty &amp; Health","robots":{"index":"index","follow":"follow","max-snippet":"max-snippet:-1","max-image-preview":"max-image-preview:large","max-video-preview":"max-video-preview:-1"},"canonical":"https:\/\/tiandeproducts.co.uk\/lt\/kremas-pienelis-kunui-sauletosios-alyvuoges-350g\/","og_locale":"lt_LT","og_type":"article","og_title":"Kremas - pienelis k\u016bnui \u201eSaul\u0117tosios alyvuog\u0117s\u201d, 350g. - TianDe Online Shop - Beauty &amp; Health","og_description":"\u00a0Earn 16 points worth \u00a30.80 when buying this product Prabangi\u00a0maistin\u0117mis med\u017eiagomis praturtinta priemon\u0117\u00a0J\u016bs\u0173\u00a0aksominei\u00a0odai.\u00a0Sud\u0117tyje yra\u00a0ekstrakt\u0173,\u00a0alyvuogi\u0173 aliejaus ir\u00a0vitamino E.","og_url":"https:\/\/tiandeproducts.co.uk\/lt\/kremas-pienelis-kunui-sauletosios-alyvuoges-350g\/","og_site_name":"TianDe Online Shop - Beauty &amp; Health","article_publisher":"https:\/\/www.facebook.com\/tiande.products.england\/","article_modified_time":"2021-02-25T12:13:07+00:00","og_image":[{"width":700,"height":700,"url":"https:\/\/tiandeproducts.co.uk\/wp-content\/uploads\/2016\/04\/32604_1_.png","type":"image\/png"}],"twitter_card":"summary_large_image","schema":{"@context":"https:\/\/schema.org","@graph":[{"@type":"WebPage","@id":"https:\/\/tiandeproducts.co.uk\/lt\/kremas-pienelis-kunui-sauletosios-alyvuoges-350g\/","url":"https:\/\/tiandeproducts.co.uk\/lt\/kremas-pienelis-kunui-sauletosios-alyvuoges-350g\/","name":"Kremas - pienelis k\u016bnui \u201eSaul\u0117tosios alyvuog\u0117s\u201d, 350g. - TianDe Online Shop - Beauty &amp; Health","isPartOf":{"@id":"https:\/\/tiandeproducts.co.uk\/#website"},"primaryImageOfPage":{"@id":"https:\/\/tiandeproducts.co.uk\/lt\/kremas-pienelis-kunui-sauletosios-alyvuoges-350g\/#primaryimage"},"image":{"@id":"https:\/\/tiandeproducts.co.uk\/lt\/kremas-pienelis-kunui-sauletosios-alyvuoges-350g\/#primaryimage"},"thumbnailUrl":"https:\/\/tiandeproducts.co.uk\/wp-content\/uploads\/2016\/04\/32604_1_.png","datePublished":"2016-04-23T17:09:51+00:00","dateModified":"2021-02-25T12:13:07+00:00","breadcrumb":{"@id":"https:\/\/tiandeproducts.co.uk\/lt\/kremas-pienelis-kunui-sauletosios-alyvuoges-350g\/#breadcrumb"},"inLanguage":"lt-LT","potentialAction":[{"@type":"ReadAction","target":["https:\/\/tiandeproducts.co.uk\/lt\/kremas-pienelis-kunui-sauletosios-alyvuoges-350g\/"]}]},{"@type":"ImageObject","inLanguage":"lt-LT","@id":"https:\/\/tiandeproducts.co.uk\/lt\/kremas-pienelis-kunui-sauletosios-alyvuoges-350g\/#primaryimage","url":"https:\/\/tiandeproducts.co.uk\/wp-content\/uploads\/2016\/04\/32604_1_.png","contentUrl":"https:\/\/tiandeproducts.co.uk\/wp-content\/uploads\/2016\/04\/32604_1_.png","width":700,"height":700,"caption":"Sunny Olives Cream-Milk,350g-0"},{"@type":"BreadcrumbList","@id":"https:\/\/tiandeproducts.co.uk\/lt\/kremas-pienelis-kunui-sauletosios-alyvuoges-350g\/#breadcrumb","itemListElement":[{"@type":"ListItem","position":1,"name":"Home","item":"https:\/\/tiandeproducts.co.uk\/lt\/"},{"@type":"ListItem","position":2,"name":"Shop","item":"https:\/\/tiandeproducts.co.uk\/lt\/shop-2\/"},{"@type":"ListItem","position":3,"name":"Kremas &#8211; pienelis k\u016bnui \u201eSaul\u0117tosios alyvuog\u0117s\u201d, 350g."}]},{"@type":"WebSite","@id":"https:\/\/tiandeproducts.co.uk\/#website","url":"https:\/\/tiandeproducts.co.uk\/","name":"TianDe Online Shop - Beauty & Health","description":"Traditional Chinese Medicine","potentialAction":[{"@type":"SearchAction","target":{"@type":"EntryPoint","urlTemplate":"https:\/\/tiandeproducts.co.uk\/?s={search_term_string}"},"query-input":{"@type":"PropertyValueSpecification","valueRequired":true,"valueName":"search_term_string"}}],"inLanguage":"lt-LT"}]}},"_links":{"self":[{"href":"https:\/\/tiandeproducts.co.uk\/lt\/wp-json\/wp\/v2\/product\/4124","targetHints":{"allow":["GET"]}}],"collection":[{"href":"https:\/\/tiandeproducts.co.uk\/lt\/wp-json\/wp\/v2\/product"}],"about":[{"href":"https:\/\/tiandeproducts.co.uk\/lt\/wp-json\/wp\/v2\/types\/product"}],"replies":[{"embeddable":true,"href":"https:\/\/tiandeproducts.co.uk\/lt\/wp-json\/wp\/v2\/comments?post=4124"}],"wp:featuredmedia":[{"embeddable":true,"href":"https:\/\/tiandeproducts.co.uk\/lt\/wp-json\/wp\/v2\/media\/1307"}],"wp:attachment":[{"href":"https:\/\/tiandeproducts.co.uk\/lt\/wp-json\/wp\/v2\/media?parent=4124"}],"wp:term":[{"taxonomy":"product_cat","embeddable":true,"href":"https:\/\/tiandeproducts.co.uk\/lt\/wp-json\/wp\/v2\/product_cat?post=4124"},{"taxonomy":"product_tag","embeddable":true,"href":"https:\/\/tiandeproducts.co.uk\/lt\/wp-json\/wp\/v2\/product_tag?post=4124"}],"curies":[{"name":"wp","href":"https:\/\/api.w.org\/{rel}","templated":true}]}}