{"id":4123,"date":"2016-04-21T19:03:34","date_gmt":"2016-04-21T18:03:34","guid":{"rendered":"https:\/\/tnd.ontesting.co.uk\/druska-kunui-negyvosios-juros-kristalai-330g\/"},"modified":"2021-02-25T12:17:32","modified_gmt":"2021-02-25T12:17:32","slug":"druska-kunui-negyvosios-juros-kristalai-330g","status":"publish","type":"product","link":"https:\/\/tiandeproducts.co.uk\/lt\/druska-kunui-negyvosios-juros-kristalai-330g\/","title":{"rendered":"Druska k\u016bnui \u201eNegyvosios j\u016bros kristalai\u201c, 330g."},"content":{"rendered":"<p><img decoding=\"async\" style=\"max-width: 16px; margin-right: 5px;\" src=\"https:\/\/tiandeproducts.co.uk\/wp-content\/uploads\/points-green.svg\" \/>\u00a0Earn 17 points worth \u00a30.85 when buying this product<\/p>\n<p>Drusk\u0173 kristalai \u0161velniai pa\u0161alina negyvas odos l\u0105steles, lengvas pilingo efektas suaktyvina kraujotak\u0105, \u0161alina toksinus (puikiai tinka pirtyje), gerina odos tonus\u0105 ir elastingum\u0105, padeda kovoti su celiulitu. Negyvosios j\u016bros druskoje yra i\u0161skirtinai daug od\u0105 maitinan\u010di\u0173, aktyvi\u0173 ir nauding\u0173 mikroelement\u0173, kurie sudaro net 70% \u0161ios priemon\u0117s sud\u0117ties. K\u016bno druska yra draugi\u0161ka aplinkai, turi net 26 skirtingas mineral\u0173 ir mikroelement\u0173 r\u016b\u0161is.<\/p>\n<p><strong>Naudojimas:<\/strong><\/p>\n<p>\u0160velniais masa\u017einiais judesiais \u012ftrinkite dr\u0117gn\u0105 k\u016bn\u0105 (galima trumpai palaikyti kol \u012fsigers). Kruop\u0161\u010diai nuplaukite vandeniu.<\/p>\n","protected":false},"excerpt":{"rendered":"<p>\u00a0Earn 17 points worth \u00a30.85 when buying this product Drusk\u0173 kristalai \u0161velniai pa\u0161alina negyvas odos l\u0105steles, lengvas pilingo efektas suaktyvina kraujotak\u0105, \u0161alina toksinus (puikiai tinka pirtyje), gerina odos tonus\u0105 ir elastingum\u0105, padeda kovoti su celiulitu. Negyvosios j\u016bros druskoje yra i\u0161skirtinai daug od\u0105 maitinan\u010di\u0173, aktyvi\u0173 ir nauding\u0173 mikroelement\u0173, kurie sudaro net 70% \u0161ios priemon\u0117s sud\u0117ties. K\u016bno [&#8230;]\n","protected":false},"featured_media":1272,"comment_status":"closed","ping_status":"closed","template":"","meta":[],"product_cat":[507,497,517,519],"product_tag":[],"class_list":{"0":"post-4123","1":"product","2":"type-product","3":"status-publish","4":"has-post-thumbnail","6":"product_cat-anti-celiulitine-programa","7":"product_cat-kunui","8":"product_cat-pilingai-ir-druskos","9":"product_cat-spa-technology-lt","11":"first","12":"instock","13":"shipping-taxable","14":"purchasable","15":"product-type-simple"},"yoast_head":"<!-- This site is optimized with the Yoast SEO plugin v23.6 - https:\/\/yoast.com\/wordpress\/plugins\/seo\/ -->\n<title>Druska k\u016bnui \u201eNegyvosios j\u016bros kristalai\u201c, 330g. - TianDe Online Shop - Beauty &amp; Health<\/title>\n<meta name=\"robots\" content=\"index, follow, max-snippet:-1, max-image-preview:large, max-video-preview:-1\" \/>\n<link rel=\"canonical\" href=\"https:\/\/tiandeproducts.co.uk\/lt\/druska-kunui-negyvosios-juros-kristalai-330g\/\" \/>\n<meta property=\"og:locale\" content=\"lt_LT\" \/>\n<meta property=\"og:type\" content=\"article\" \/>\n<meta property=\"og:title\" content=\"Druska k\u016bnui \u201eNegyvosios j\u016bros kristalai\u201c, 330g. - TianDe Online Shop - Beauty &amp; Health\" \/>\n<meta property=\"og:description\" content=\"\u00a0Earn 17 points worth \u00a30.85 when buying this product Drusk\u0173 kristalai \u0161velniai pa\u0161alina negyvas odos l\u0105steles, lengvas pilingo efektas suaktyvina kraujotak\u0105, \u0161alina toksinus (puikiai tinka pirtyje), gerina odos tonus\u0105 ir elastingum\u0105, padeda kovoti su celiulitu. Negyvosios j\u016bros druskoje yra i\u0161skirtinai daug od\u0105 maitinan\u010di\u0173, aktyvi\u0173 ir nauding\u0173 mikroelement\u0173, kurie sudaro net 70% \u0161ios priemon\u0117s sud\u0117ties. K\u016bno [...]\" \/>\n<meta property=\"og:url\" content=\"https:\/\/tiandeproducts.co.uk\/lt\/druska-kunui-negyvosios-juros-kristalai-330g\/\" \/>\n<meta property=\"og:site_name\" content=\"TianDe Online Shop - Beauty &amp; Health\" \/>\n<meta property=\"article:publisher\" content=\"https:\/\/www.facebook.com\/tiande.products.england\/\" \/>\n<meta property=\"article:modified_time\" content=\"2021-02-25T12:17:32+00:00\" \/>\n<meta property=\"og:image\" content=\"https:\/\/tiandeproducts.co.uk\/wp-content\/uploads\/2016\/04\/30223.png\" \/>\n\t<meta property=\"og:image:width\" content=\"700\" \/>\n\t<meta property=\"og:image:height\" content=\"700\" \/>\n\t<meta property=\"og:image:type\" content=\"image\/png\" \/>\n<meta name=\"twitter:card\" content=\"summary_large_image\" \/>\n<script type=\"application\/ld+json\" class=\"yoast-schema-graph\">{\"@context\":\"https:\/\/schema.org\",\"@graph\":[{\"@type\":\"WebPage\",\"@id\":\"https:\/\/tiandeproducts.co.uk\/lt\/druska-kunui-negyvosios-juros-kristalai-330g\/\",\"url\":\"https:\/\/tiandeproducts.co.uk\/lt\/druska-kunui-negyvosios-juros-kristalai-330g\/\",\"name\":\"Druska k\u016bnui \u201eNegyvosios j\u016bros kristalai\u201c, 330g. - TianDe Online Shop - Beauty &amp; Health\",\"isPartOf\":{\"@id\":\"https:\/\/tiandeproducts.co.uk\/#website\"},\"primaryImageOfPage\":{\"@id\":\"https:\/\/tiandeproducts.co.uk\/lt\/druska-kunui-negyvosios-juros-kristalai-330g\/#primaryimage\"},\"image\":{\"@id\":\"https:\/\/tiandeproducts.co.uk\/lt\/druska-kunui-negyvosios-juros-kristalai-330g\/#primaryimage\"},\"thumbnailUrl\":\"https:\/\/tiandeproducts.co.uk\/wp-content\/uploads\/2016\/04\/30223.png\",\"datePublished\":\"2016-04-21T18:03:34+00:00\",\"dateModified\":\"2021-02-25T12:17:32+00:00\",\"breadcrumb\":{\"@id\":\"https:\/\/tiandeproducts.co.uk\/lt\/druska-kunui-negyvosios-juros-kristalai-330g\/#breadcrumb\"},\"inLanguage\":\"lt-LT\",\"potentialAction\":[{\"@type\":\"ReadAction\",\"target\":[\"https:\/\/tiandeproducts.co.uk\/lt\/druska-kunui-negyvosios-juros-kristalai-330g\/\"]}]},{\"@type\":\"ImageObject\",\"inLanguage\":\"lt-LT\",\"@id\":\"https:\/\/tiandeproducts.co.uk\/lt\/druska-kunui-negyvosios-juros-kristalai-330g\/#primaryimage\",\"url\":\"https:\/\/tiandeproducts.co.uk\/wp-content\/uploads\/2016\/04\/30223.png\",\"contentUrl\":\"https:\/\/tiandeproducts.co.uk\/wp-content\/uploads\/2016\/04\/30223.png\",\"width\":700,\"height\":700,\"caption\":\"Dead Sea Crystals Body Salt,330g-0\"},{\"@type\":\"BreadcrumbList\",\"@id\":\"https:\/\/tiandeproducts.co.uk\/lt\/druska-kunui-negyvosios-juros-kristalai-330g\/#breadcrumb\",\"itemListElement\":[{\"@type\":\"ListItem\",\"position\":1,\"name\":\"Home\",\"item\":\"https:\/\/tiandeproducts.co.uk\/lt\/\"},{\"@type\":\"ListItem\",\"position\":2,\"name\":\"Shop\",\"item\":\"https:\/\/tiandeproducts.co.uk\/lt\/shop-2\/\"},{\"@type\":\"ListItem\",\"position\":3,\"name\":\"Druska k\u016bnui \u201eNegyvosios j\u016bros kristalai\u201c, 330g.\"}]},{\"@type\":\"WebSite\",\"@id\":\"https:\/\/tiandeproducts.co.uk\/#website\",\"url\":\"https:\/\/tiandeproducts.co.uk\/\",\"name\":\"TianDe Online Shop - Beauty & Health\",\"description\":\"Traditional Chinese Medicine\",\"potentialAction\":[{\"@type\":\"SearchAction\",\"target\":{\"@type\":\"EntryPoint\",\"urlTemplate\":\"https:\/\/tiandeproducts.co.uk\/?s={search_term_string}\"},\"query-input\":{\"@type\":\"PropertyValueSpecification\",\"valueRequired\":true,\"valueName\":\"search_term_string\"}}],\"inLanguage\":\"lt-LT\"}]}<\/script>\n<!-- \/ Yoast SEO plugin. -->","yoast_head_json":{"title":"Druska k\u016bnui \u201eNegyvosios j\u016bros kristalai\u201c, 330g. - TianDe Online Shop - Beauty &amp; Health","robots":{"index":"index","follow":"follow","max-snippet":"max-snippet:-1","max-image-preview":"max-image-preview:large","max-video-preview":"max-video-preview:-1"},"canonical":"https:\/\/tiandeproducts.co.uk\/lt\/druska-kunui-negyvosios-juros-kristalai-330g\/","og_locale":"lt_LT","og_type":"article","og_title":"Druska k\u016bnui \u201eNegyvosios j\u016bros kristalai\u201c, 330g. - TianDe Online Shop - Beauty &amp; Health","og_description":"\u00a0Earn 17 points worth \u00a30.85 when buying this product Drusk\u0173 kristalai \u0161velniai pa\u0161alina negyvas odos l\u0105steles, lengvas pilingo efektas suaktyvina kraujotak\u0105, \u0161alina toksinus (puikiai tinka pirtyje), gerina odos tonus\u0105 ir elastingum\u0105, padeda kovoti su celiulitu. Negyvosios j\u016bros druskoje yra i\u0161skirtinai daug od\u0105 maitinan\u010di\u0173, aktyvi\u0173 ir nauding\u0173 mikroelement\u0173, kurie sudaro net 70% \u0161ios priemon\u0117s sud\u0117ties. K\u016bno [...]","og_url":"https:\/\/tiandeproducts.co.uk\/lt\/druska-kunui-negyvosios-juros-kristalai-330g\/","og_site_name":"TianDe Online Shop - Beauty &amp; Health","article_publisher":"https:\/\/www.facebook.com\/tiande.products.england\/","article_modified_time":"2021-02-25T12:17:32+00:00","og_image":[{"width":700,"height":700,"url":"https:\/\/tiandeproducts.co.uk\/wp-content\/uploads\/2016\/04\/30223.png","type":"image\/png"}],"twitter_card":"summary_large_image","schema":{"@context":"https:\/\/schema.org","@graph":[{"@type":"WebPage","@id":"https:\/\/tiandeproducts.co.uk\/lt\/druska-kunui-negyvosios-juros-kristalai-330g\/","url":"https:\/\/tiandeproducts.co.uk\/lt\/druska-kunui-negyvosios-juros-kristalai-330g\/","name":"Druska k\u016bnui \u201eNegyvosios j\u016bros kristalai\u201c, 330g. - TianDe Online Shop - Beauty &amp; Health","isPartOf":{"@id":"https:\/\/tiandeproducts.co.uk\/#website"},"primaryImageOfPage":{"@id":"https:\/\/tiandeproducts.co.uk\/lt\/druska-kunui-negyvosios-juros-kristalai-330g\/#primaryimage"},"image":{"@id":"https:\/\/tiandeproducts.co.uk\/lt\/druska-kunui-negyvosios-juros-kristalai-330g\/#primaryimage"},"thumbnailUrl":"https:\/\/tiandeproducts.co.uk\/wp-content\/uploads\/2016\/04\/30223.png","datePublished":"2016-04-21T18:03:34+00:00","dateModified":"2021-02-25T12:17:32+00:00","breadcrumb":{"@id":"https:\/\/tiandeproducts.co.uk\/lt\/druska-kunui-negyvosios-juros-kristalai-330g\/#breadcrumb"},"inLanguage":"lt-LT","potentialAction":[{"@type":"ReadAction","target":["https:\/\/tiandeproducts.co.uk\/lt\/druska-kunui-negyvosios-juros-kristalai-330g\/"]}]},{"@type":"ImageObject","inLanguage":"lt-LT","@id":"https:\/\/tiandeproducts.co.uk\/lt\/druska-kunui-negyvosios-juros-kristalai-330g\/#primaryimage","url":"https:\/\/tiandeproducts.co.uk\/wp-content\/uploads\/2016\/04\/30223.png","contentUrl":"https:\/\/tiandeproducts.co.uk\/wp-content\/uploads\/2016\/04\/30223.png","width":700,"height":700,"caption":"Dead Sea Crystals Body Salt,330g-0"},{"@type":"BreadcrumbList","@id":"https:\/\/tiandeproducts.co.uk\/lt\/druska-kunui-negyvosios-juros-kristalai-330g\/#breadcrumb","itemListElement":[{"@type":"ListItem","position":1,"name":"Home","item":"https:\/\/tiandeproducts.co.uk\/lt\/"},{"@type":"ListItem","position":2,"name":"Shop","item":"https:\/\/tiandeproducts.co.uk\/lt\/shop-2\/"},{"@type":"ListItem","position":3,"name":"Druska k\u016bnui \u201eNegyvosios j\u016bros kristalai\u201c, 330g."}]},{"@type":"WebSite","@id":"https:\/\/tiandeproducts.co.uk\/#website","url":"https:\/\/tiandeproducts.co.uk\/","name":"TianDe Online Shop - Beauty & Health","description":"Traditional Chinese Medicine","potentialAction":[{"@type":"SearchAction","target":{"@type":"EntryPoint","urlTemplate":"https:\/\/tiandeproducts.co.uk\/?s={search_term_string}"},"query-input":{"@type":"PropertyValueSpecification","valueRequired":true,"valueName":"search_term_string"}}],"inLanguage":"lt-LT"}]}},"_links":{"self":[{"href":"https:\/\/tiandeproducts.co.uk\/lt\/wp-json\/wp\/v2\/product\/4123","targetHints":{"allow":["GET"]}}],"collection":[{"href":"https:\/\/tiandeproducts.co.uk\/lt\/wp-json\/wp\/v2\/product"}],"about":[{"href":"https:\/\/tiandeproducts.co.uk\/lt\/wp-json\/wp\/v2\/types\/product"}],"replies":[{"embeddable":true,"href":"https:\/\/tiandeproducts.co.uk\/lt\/wp-json\/wp\/v2\/comments?post=4123"}],"wp:featuredmedia":[{"embeddable":true,"href":"https:\/\/tiandeproducts.co.uk\/lt\/wp-json\/wp\/v2\/media\/1272"}],"wp:attachment":[{"href":"https:\/\/tiandeproducts.co.uk\/lt\/wp-json\/wp\/v2\/media?parent=4123"}],"wp:term":[{"taxonomy":"product_cat","embeddable":true,"href":"https:\/\/tiandeproducts.co.uk\/lt\/wp-json\/wp\/v2\/product_cat?post=4123"},{"taxonomy":"product_tag","embeddable":true,"href":"https:\/\/tiandeproducts.co.uk\/lt\/wp-json\/wp\/v2\/product_tag?post=4123"}],"curies":[{"name":"wp","href":"https:\/\/api.w.org\/{rel}","templated":true}]}}