{"id":4120,"date":"2016-04-21T18:50:12","date_gmt":"2016-04-21T17:50:12","guid":{"rendered":"https:\/\/tnd.ontesting.co.uk\/transdermalinis-kompleksas-nano-corrector-liftingo-efektas-3g-7ml\/"},"modified":"2021-02-25T12:19:34","modified_gmt":"2021-02-25T12:19:34","slug":"transdermalinis-kompleksas-nano-corrector-liftingo-efektas-3g-7ml","status":"publish","type":"product","link":"https:\/\/tiandeproducts.co.uk\/lt\/transdermalinis-kompleksas-nano-corrector-liftingo-efektas-3g-7ml\/","title":{"rendered":"Transdermalinis kompleksas NANO CORRECTOR liftingo efektas, 3g.+7ml."},"content":{"rendered":"<p><img decoding=\"async\" style=\"max-width: 16px; margin-right: 5px;\" src=\"https:\/\/tiandeproducts.co.uk\/wp-content\/uploads\/points-green.svg\" \/>\u00a0Earn 48 points worth \u00a32.40 when buying this product<\/p>\n<p>Transdermalinis kompleksas su liftingo efektu &#8211; dviej\u0173 auk\u0161tos kokyb\u0117s koncentruot\u0173 priemoni\u0173 &#8211; mezokokteilio ir mikrokapsuli\u0173 kompleksas. \u0160io rinkinio veikliosios med\u017eiagos patenka \u012f pa\u010dius giliausius odos sluoksnius, atlieka lokali\u0105 odos l\u0105steli\u0173 regeneracij\u0105, aktyviai stimuliuoja kolageno gamyb\u0105, suteikia visapusi\u0161k\u0105 mityb\u0105 ir ilgalaik\u012f dr\u0117kinim\u0105. NANO korektorius su liftingo efektu gr\u0105\u017eina ai\u0161ki\u0105 veido ovalo form\u0105, stangrin\u0105, patempia vok\u0173, kaklo od\u0105, naikina dvigub\u0105 pagurkl\u012f ir mai\u0161elius po akimis. Jauninamasis rezultatas matomas jau po 7 dien\u0173! Kompleksas nesukelia pa\u0161alinio poveikio, odos suglebimo ar veido &#8211; kauk\u0117s efekto. Sud\u0117tyje &#8211; 100% nat\u016brali\u0173 med\u017eiag\u0173, 0% chemini\u0173 med\u017eiag\u0173, 0% konservant\u0173.<\/p>\n<p><strong>Mezokokteilis<\/strong>, tai novatori\u0161kas kolageno peptid\u0173, beta gliukano, gliukozamino ir hialurono r\u016bg\u0161ties kompleksas, kuris skatina pa\u017eeist\u0173 odos l\u0105steli\u0173 regeneracij\u0105, aktyviai stimuliuoja kolageno ir elastino gamyb\u0105, suteikia visapusi\u0161k\u0105 mityb\u0105, ilgalaik\u012f dr\u0117kinim\u0105, didina odos imunines savybes.<\/p>\n<p><strong>Mikrokapsul\u0117s su kolagenu<\/strong>\u00a0\u2013 prisotina kolagenu apatinius dermos sluoksnius, aktyvina nuosav\u0173 kolageno skaidul\u0173 sintez\u0119, atkuria odos stangrum\u0105 ir ai\u0161k\u0173 veido ovalo kont\u016br\u0105. Nebelieka jokios b\u016btinyb\u0117s daryti kolageno injekcijas bei veido patempimo proced\u016bras.<\/p>\n<p>Transdermalinis kompleksas savo sud\u0117tyje neturi joki\u0173 chemini\u0173 pried\u0173 bei konservuojan\u010di\u0173 med\u017eiag\u0173 ir yra 100% nat\u016bral\u016bs. Tik sumai\u0161ius mezokokteil\u012f ir mikrokapsules gaunate NANO korektori\u0173, kuris veikia problemines odos vietas ypa\u010d ma\u017e\u0173, nano daleli\u0173 lygmenyje.<\/p>\n<p><strong>Naudojimas:<br \/>\n<\/strong>Prie\u0161 proced\u016br\u0105 od\u0105 b\u016btina kruop\u0161\u010diai nuvalyti ir tonizuoti. Prad\u017eioje i\u0161spauskite kelet\u0105 mezokokteilio la\u0161\u0173 ant pir\u0161t\u0173 galiuk\u0173, tolygiai paskirstykite ant rauk\u0161li\u0173 ar problemini\u0173 viet\u0173 (kaktos, paaki\u0173 srityje, ar mimikos rauk\u0161li\u0173). Nedidel\u012f mikrokapsuli\u0173 kiek\u012f pir\u0161to pagalv\u0117le plek\u0161nodami paskirstykite ant mezokokteiliu patept\u0173 viet\u0173. Papildomai dar vienu sluoksniu padenkite problemines odos vietas mezokokteiliu. Lengvai pamasa\u017euokite od\u0105, kad priemon\u0117 tolygiai pasiskirstyt\u0173.<\/p>\n<p>Transdermalin\u012f kompleks\u0105 su liftingo efektu naudokite vakare, ant sausos, nuvalytos odos, 1 kart\u0105 per dien\u0105. Norint greitesnio efekto, naudokite j\u012f ir ryte ir vakare, ne v\u0117liau nei 2 val. iki miego. Ypatingai gero rezultato pasieksite, jei ryte naudosite NANO korektori\u0173 su botokso efektu (12202), o vakare NANO korektori\u0173 su liftingo efektu (12201). Kompleksas naudojamas kaip speciali ir\/ar papildoma odos stangrinimo bei veido ovalo korekcijos priemon\u0117. Kartu naudojamos ir kasdien\u0117s j\u016bs\u0173 odos tipui ir am\u017eiui tinkan\u010dios prie\u017ei\u016bros priemon\u0117s &#8211; prausiklis, tonikas, kremas ir kt. Veido pilingas, proced\u016br\u0173 su Nano korektoriumi metu, nenaudojamas.<\/p>\n<p><strong>Veikliosios med\u017eiagos:<\/strong><\/p>\n<p><strong>Kolageno peptidai<\/strong>\u00a0stimuliuoja jungiamojo audinio l\u0105steli\u0173, gaminan\u010di\u0173 tarpl\u0105stelinio u\u017epildo komponentus (kolagen\u0105, elastines skaidulas ir glikoproteinus), augim\u0105. \u0160ie elementai suteikia odai ypatingo stangrumo, jaunatvi\u0161kumo.<\/p>\n<p><strong>Beta gliukanas<\/strong>\u00a0\u2013 nat\u016bralus polisacharidas, pasi\u017eymintis labai stipriu dr\u0117kinamuoju, prie\u0161alerginiu, bei odos atkuriamuoju poveikiu, ypa\u010d efektyvus kovoje su rauk\u0161l\u0117mis. Beta &#8211; gliukanas skatina epidermio augim\u0105 (pagreitina epidermio l\u0105steli\u0173 atsinaujinim\u0105), \u0161io elemento d\u0117ka \u017eymiai aktyviau naikinami su am\u017eiumi atsirandantys nepageidaujami odos defektai bei rauk\u0161l\u0117s.<\/p>\n<p><strong>Gliukozaminas<\/strong>\u00a0stimuliuoja kolageno gamyb\u0105, gydo odos pa\u017eeidimus, dr\u0117kina, ma\u017eina odos pigmentacij\u0105.<\/p>\n<p><strong>Hialurono r\u016bg\u0161tis<\/strong>\u00a0suteikia liftingo efekt\u0105, didina odos elastingum\u0105, stangrina. Veiklioji med\u017eiaga ant odos pavir\u0161iaus sukuria orui pralaid\u0173 apsaugin\u012f sluoksn\u012f, tai apsaugo nuo dr\u0117gm\u0117s praradimo net gilesnius sluoksnius. Ji efektyviai pagreitina audini\u0173 l\u0105steli\u0173 atsinaujinimo procesus, gerina mikrocirkuliacij\u0105, skatina nauj\u0173 odos l\u0105steli\u0173 dauginim\u0105si, apsaugo nuo i\u0161orini\u0173 pa\u017eeidim\u0173 ir infekcij\u0173, sustiprina odos apsaugin\u012f sluoksn\u012f bei odos imunines savyb\u0117s. \u012edomu,kad hialurono r\u016bg\u0161ties molekul\u0117s gali pritraukti ir i\u0161laikyti net ~500 kart\u0173 u\u017e save didesn\u012f kiek\u012f vandens!<\/p>\n","protected":false},"excerpt":{"rendered":"<p>\u00a0Earn 48 points worth \u00a32.40 when buying this product Transdermalinis kompleksas su liftingo efektu &#8211; dviej\u0173 auk\u0161tos kokyb\u0117s koncentruot\u0173 priemoni\u0173 &#8211; mezokokteilio ir mikrokapsuli\u0173 kompleksas. \u0160io rinkinio veikliosios med\u017eiagos patenka \u012f pa\u010dius giliausius odos sluoksnius, atlieka lokali\u0105 odos l\u0105steli\u0173 regeneracij\u0105, aktyviai stimuliuoja kolageno gamyb\u0105, suteikia visapusi\u0161k\u0105 mityb\u0105 ir ilgalaik\u012f dr\u0117kinim\u0105. NANO korektorius su liftingo efektu [&#8230;]\n","protected":false},"featured_media":14228,"comment_status":"closed","ping_status":"closed","template":"","meta":[],"product_cat":[524,571,611,606,506],"product_tag":[],"class_list":{"0":"post-4120","1":"product","2":"type-product","3":"status-publish","4":"has-post-thumbnail","6":"product_cat-brandziai-odai","7":"product_cat-liftingas","8":"product_cat-nano-korektoriai","9":"product_cat-papildoma-odos-prieziura","10":"product_cat-veidui","12":"first","13":"instock","14":"shipping-taxable","15":"purchasable","16":"product-type-simple"},"yoast_head":"<!-- This site is optimized with the Yoast SEO plugin v23.6 - https:\/\/yoast.com\/wordpress\/plugins\/seo\/ -->\n<title>Transdermalinis kompleksas NANO CORRECTOR liftingo efektas, 3g.+7ml. - TianDe Online Shop - Beauty &amp; Health<\/title>\n<meta name=\"robots\" content=\"index, follow, max-snippet:-1, max-image-preview:large, max-video-preview:-1\" \/>\n<link rel=\"canonical\" href=\"https:\/\/tiandeproducts.co.uk\/lt\/transdermalinis-kompleksas-nano-corrector-liftingo-efektas-3g-7ml\/\" \/>\n<meta property=\"og:locale\" content=\"lt_LT\" \/>\n<meta property=\"og:type\" content=\"article\" \/>\n<meta property=\"og:title\" content=\"Transdermalinis kompleksas NANO CORRECTOR liftingo efektas, 3g.+7ml. - TianDe Online Shop - Beauty &amp; Health\" \/>\n<meta property=\"og:description\" content=\"\u00a0Earn 48 points worth \u00a32.40 when buying this product Transdermalinis kompleksas su liftingo efektu &#8211; dviej\u0173 auk\u0161tos kokyb\u0117s koncentruot\u0173 priemoni\u0173 &#8211; mezokokteilio ir mikrokapsuli\u0173 kompleksas. \u0160io rinkinio veikliosios med\u017eiagos patenka \u012f pa\u010dius giliausius odos sluoksnius, atlieka lokali\u0105 odos l\u0105steli\u0173 regeneracij\u0105, aktyviai stimuliuoja kolageno gamyb\u0105, suteikia visapusi\u0161k\u0105 mityb\u0105 ir ilgalaik\u012f dr\u0117kinim\u0105. NANO korektorius su liftingo efektu [...]\" \/>\n<meta property=\"og:url\" content=\"https:\/\/tiandeproducts.co.uk\/lt\/transdermalinis-kompleksas-nano-corrector-liftingo-efektas-3g-7ml\/\" \/>\n<meta property=\"og:site_name\" content=\"TianDe Online Shop - Beauty &amp; Health\" \/>\n<meta property=\"article:publisher\" content=\"https:\/\/www.facebook.com\/tiande.products.england\/\" \/>\n<meta property=\"article:modified_time\" content=\"2021-02-25T12:19:34+00:00\" \/>\n<meta property=\"og:image\" content=\"https:\/\/tiandeproducts.co.uk\/wp-content\/uploads\/12201-1.png\" \/>\n\t<meta property=\"og:image:width\" content=\"700\" \/>\n\t<meta property=\"og:image:height\" content=\"700\" \/>\n\t<meta property=\"og:image:type\" content=\"image\/png\" \/>\n<meta name=\"twitter:card\" content=\"summary_large_image\" \/>\n<meta name=\"twitter:label1\" content=\"Est. reading time\" \/>\n\t<meta name=\"twitter:data1\" content=\"3 minut\u0117s\" \/>\n<script type=\"application\/ld+json\" class=\"yoast-schema-graph\">{\"@context\":\"https:\/\/schema.org\",\"@graph\":[{\"@type\":\"WebPage\",\"@id\":\"https:\/\/tiandeproducts.co.uk\/lt\/transdermalinis-kompleksas-nano-corrector-liftingo-efektas-3g-7ml\/\",\"url\":\"https:\/\/tiandeproducts.co.uk\/lt\/transdermalinis-kompleksas-nano-corrector-liftingo-efektas-3g-7ml\/\",\"name\":\"Transdermalinis kompleksas NANO CORRECTOR liftingo efektas, 3g.+7ml. - TianDe Online Shop - Beauty &amp; Health\",\"isPartOf\":{\"@id\":\"https:\/\/tiandeproducts.co.uk\/#website\"},\"primaryImageOfPage\":{\"@id\":\"https:\/\/tiandeproducts.co.uk\/lt\/transdermalinis-kompleksas-nano-corrector-liftingo-efektas-3g-7ml\/#primaryimage\"},\"image\":{\"@id\":\"https:\/\/tiandeproducts.co.uk\/lt\/transdermalinis-kompleksas-nano-corrector-liftingo-efektas-3g-7ml\/#primaryimage\"},\"thumbnailUrl\":\"https:\/\/tiandeproducts.co.uk\/wp-content\/uploads\/12201-1.png\",\"datePublished\":\"2016-04-21T17:50:12+00:00\",\"dateModified\":\"2021-02-25T12:19:34+00:00\",\"breadcrumb\":{\"@id\":\"https:\/\/tiandeproducts.co.uk\/lt\/transdermalinis-kompleksas-nano-corrector-liftingo-efektas-3g-7ml\/#breadcrumb\"},\"inLanguage\":\"lt-LT\",\"potentialAction\":[{\"@type\":\"ReadAction\",\"target\":[\"https:\/\/tiandeproducts.co.uk\/lt\/transdermalinis-kompleksas-nano-corrector-liftingo-efektas-3g-7ml\/\"]}]},{\"@type\":\"ImageObject\",\"inLanguage\":\"lt-LT\",\"@id\":\"https:\/\/tiandeproducts.co.uk\/lt\/transdermalinis-kompleksas-nano-corrector-liftingo-efektas-3g-7ml\/#primaryimage\",\"url\":\"https:\/\/tiandeproducts.co.uk\/wp-content\/uploads\/12201-1.png\",\"contentUrl\":\"https:\/\/tiandeproducts.co.uk\/wp-content\/uploads\/12201-1.png\",\"width\":700,\"height\":700},{\"@type\":\"BreadcrumbList\",\"@id\":\"https:\/\/tiandeproducts.co.uk\/lt\/transdermalinis-kompleksas-nano-corrector-liftingo-efektas-3g-7ml\/#breadcrumb\",\"itemListElement\":[{\"@type\":\"ListItem\",\"position\":1,\"name\":\"Home\",\"item\":\"https:\/\/tiandeproducts.co.uk\/lt\/\"},{\"@type\":\"ListItem\",\"position\":2,\"name\":\"Shop\",\"item\":\"https:\/\/tiandeproducts.co.uk\/lt\/shop-2\/\"},{\"@type\":\"ListItem\",\"position\":3,\"name\":\"Transdermalinis kompleksas NANO CORRECTOR liftingo efektas, 3g.+7ml.\"}]},{\"@type\":\"WebSite\",\"@id\":\"https:\/\/tiandeproducts.co.uk\/#website\",\"url\":\"https:\/\/tiandeproducts.co.uk\/\",\"name\":\"TianDe Online Shop - Beauty & Health\",\"description\":\"Traditional Chinese Medicine\",\"potentialAction\":[{\"@type\":\"SearchAction\",\"target\":{\"@type\":\"EntryPoint\",\"urlTemplate\":\"https:\/\/tiandeproducts.co.uk\/?s={search_term_string}\"},\"query-input\":{\"@type\":\"PropertyValueSpecification\",\"valueRequired\":true,\"valueName\":\"search_term_string\"}}],\"inLanguage\":\"lt-LT\"}]}<\/script>\n<!-- \/ Yoast SEO plugin. -->","yoast_head_json":{"title":"Transdermalinis kompleksas NANO CORRECTOR liftingo efektas, 3g.+7ml. - TianDe Online Shop - Beauty &amp; Health","robots":{"index":"index","follow":"follow","max-snippet":"max-snippet:-1","max-image-preview":"max-image-preview:large","max-video-preview":"max-video-preview:-1"},"canonical":"https:\/\/tiandeproducts.co.uk\/lt\/transdermalinis-kompleksas-nano-corrector-liftingo-efektas-3g-7ml\/","og_locale":"lt_LT","og_type":"article","og_title":"Transdermalinis kompleksas NANO CORRECTOR liftingo efektas, 3g.+7ml. - TianDe Online Shop - Beauty &amp; Health","og_description":"\u00a0Earn 48 points worth \u00a32.40 when buying this product Transdermalinis kompleksas su liftingo efektu &#8211; dviej\u0173 auk\u0161tos kokyb\u0117s koncentruot\u0173 priemoni\u0173 &#8211; mezokokteilio ir mikrokapsuli\u0173 kompleksas. \u0160io rinkinio veikliosios med\u017eiagos patenka \u012f pa\u010dius giliausius odos sluoksnius, atlieka lokali\u0105 odos l\u0105steli\u0173 regeneracij\u0105, aktyviai stimuliuoja kolageno gamyb\u0105, suteikia visapusi\u0161k\u0105 mityb\u0105 ir ilgalaik\u012f dr\u0117kinim\u0105. NANO korektorius su liftingo efektu [...]","og_url":"https:\/\/tiandeproducts.co.uk\/lt\/transdermalinis-kompleksas-nano-corrector-liftingo-efektas-3g-7ml\/","og_site_name":"TianDe Online Shop - Beauty &amp; Health","article_publisher":"https:\/\/www.facebook.com\/tiande.products.england\/","article_modified_time":"2021-02-25T12:19:34+00:00","og_image":[{"width":700,"height":700,"url":"https:\/\/tiandeproducts.co.uk\/wp-content\/uploads\/12201-1.png","type":"image\/png"}],"twitter_card":"summary_large_image","twitter_misc":{"Est. reading time":"3 minut\u0117s"},"schema":{"@context":"https:\/\/schema.org","@graph":[{"@type":"WebPage","@id":"https:\/\/tiandeproducts.co.uk\/lt\/transdermalinis-kompleksas-nano-corrector-liftingo-efektas-3g-7ml\/","url":"https:\/\/tiandeproducts.co.uk\/lt\/transdermalinis-kompleksas-nano-corrector-liftingo-efektas-3g-7ml\/","name":"Transdermalinis kompleksas NANO CORRECTOR liftingo efektas, 3g.+7ml. - TianDe Online Shop - Beauty &amp; Health","isPartOf":{"@id":"https:\/\/tiandeproducts.co.uk\/#website"},"primaryImageOfPage":{"@id":"https:\/\/tiandeproducts.co.uk\/lt\/transdermalinis-kompleksas-nano-corrector-liftingo-efektas-3g-7ml\/#primaryimage"},"image":{"@id":"https:\/\/tiandeproducts.co.uk\/lt\/transdermalinis-kompleksas-nano-corrector-liftingo-efektas-3g-7ml\/#primaryimage"},"thumbnailUrl":"https:\/\/tiandeproducts.co.uk\/wp-content\/uploads\/12201-1.png","datePublished":"2016-04-21T17:50:12+00:00","dateModified":"2021-02-25T12:19:34+00:00","breadcrumb":{"@id":"https:\/\/tiandeproducts.co.uk\/lt\/transdermalinis-kompleksas-nano-corrector-liftingo-efektas-3g-7ml\/#breadcrumb"},"inLanguage":"lt-LT","potentialAction":[{"@type":"ReadAction","target":["https:\/\/tiandeproducts.co.uk\/lt\/transdermalinis-kompleksas-nano-corrector-liftingo-efektas-3g-7ml\/"]}]},{"@type":"ImageObject","inLanguage":"lt-LT","@id":"https:\/\/tiandeproducts.co.uk\/lt\/transdermalinis-kompleksas-nano-corrector-liftingo-efektas-3g-7ml\/#primaryimage","url":"https:\/\/tiandeproducts.co.uk\/wp-content\/uploads\/12201-1.png","contentUrl":"https:\/\/tiandeproducts.co.uk\/wp-content\/uploads\/12201-1.png","width":700,"height":700},{"@type":"BreadcrumbList","@id":"https:\/\/tiandeproducts.co.uk\/lt\/transdermalinis-kompleksas-nano-corrector-liftingo-efektas-3g-7ml\/#breadcrumb","itemListElement":[{"@type":"ListItem","position":1,"name":"Home","item":"https:\/\/tiandeproducts.co.uk\/lt\/"},{"@type":"ListItem","position":2,"name":"Shop","item":"https:\/\/tiandeproducts.co.uk\/lt\/shop-2\/"},{"@type":"ListItem","position":3,"name":"Transdermalinis kompleksas NANO CORRECTOR liftingo efektas, 3g.+7ml."}]},{"@type":"WebSite","@id":"https:\/\/tiandeproducts.co.uk\/#website","url":"https:\/\/tiandeproducts.co.uk\/","name":"TianDe Online Shop - Beauty & Health","description":"Traditional Chinese Medicine","potentialAction":[{"@type":"SearchAction","target":{"@type":"EntryPoint","urlTemplate":"https:\/\/tiandeproducts.co.uk\/?s={search_term_string}"},"query-input":{"@type":"PropertyValueSpecification","valueRequired":true,"valueName":"search_term_string"}}],"inLanguage":"lt-LT"}]}},"_links":{"self":[{"href":"https:\/\/tiandeproducts.co.uk\/lt\/wp-json\/wp\/v2\/product\/4120","targetHints":{"allow":["GET"]}}],"collection":[{"href":"https:\/\/tiandeproducts.co.uk\/lt\/wp-json\/wp\/v2\/product"}],"about":[{"href":"https:\/\/tiandeproducts.co.uk\/lt\/wp-json\/wp\/v2\/types\/product"}],"replies":[{"embeddable":true,"href":"https:\/\/tiandeproducts.co.uk\/lt\/wp-json\/wp\/v2\/comments?post=4120"}],"wp:featuredmedia":[{"embeddable":true,"href":"https:\/\/tiandeproducts.co.uk\/lt\/wp-json\/wp\/v2\/media\/14228"}],"wp:attachment":[{"href":"https:\/\/tiandeproducts.co.uk\/lt\/wp-json\/wp\/v2\/media?parent=4120"}],"wp:term":[{"taxonomy":"product_cat","embeddable":true,"href":"https:\/\/tiandeproducts.co.uk\/lt\/wp-json\/wp\/v2\/product_cat?post=4120"},{"taxonomy":"product_tag","embeddable":true,"href":"https:\/\/tiandeproducts.co.uk\/lt\/wp-json\/wp\/v2\/product_tag?post=4120"}],"curies":[{"name":"wp","href":"https:\/\/api.w.org\/{rel}","templated":true}]}}