{"id":4119,"date":"2016-04-21T18:53:14","date_gmt":"2016-04-21T17:53:14","guid":{"rendered":"https:\/\/tnd.ontesting.co.uk\/transdermalinis-kompleksas-nano-corrector-su-botokso-efektu-3g-7ml\/"},"modified":"2021-02-25T12:18:19","modified_gmt":"2021-02-25T12:18:19","slug":"transdermalinis-kompleksas-nano-corrector-su-botokso-efektu-3g-7ml","status":"publish","type":"product","link":"https:\/\/tiandeproducts.co.uk\/lt\/transdermalinis-kompleksas-nano-corrector-su-botokso-efektu-3g-7ml\/","title":{"rendered":"Transdermalinis kompleksas NANO CORRECTOR su botokso efektu, 3g.+7ml."},"content":{"rendered":"<p><img decoding=\"async\" style=\"max-width: 16px; margin-right: 5px;\" src=\"https:\/\/tiandeproducts.co.uk\/wp-content\/uploads\/points-green.svg\" \/>\u00a0Earn 48 points worth \u00a32.40 when buying this product<\/p>\n<p>Transdermalinis kompleksas su botokso efektu &#8211; dviej\u0173 auk\u0161tos kokyb\u0117s koncentruot\u0173 priemoni\u0173 &#8211; mezokokteilio ir mikrokapsuli\u0173 kompleksas. \u0160ios priemon\u0117s veikliosios med\u017eiagos patenka \u012f pa\u010dius giliausius odos sluoksnius, atlieka lokali\u0105 odos l\u0105steli\u0173 regeneracij\u0105, aktyviai stimuliuoja kolageno gamyb\u0105, atpalaiduoja rauk\u0161les, suteikia visapusi\u0161k\u0105 mityb\u0105 ir ilgalaik\u012f dr\u0117kinim\u0105. Su \u0161ia nat\u016bralia ir veiksminga priemone po 2-j\u0173 savai\u010di\u0173 naudojimo suma\u017einsite rauk\u0161li\u0173 kiek\u012f 2-3 kartus. Pirmieji rezultatai matomi jau po 7 dien\u0173! Kompleksas nesukelia pa\u0161alinio poveikio, odos suglebimo ar veido-kauk\u0117s efekto. Sud\u0117tyje &#8211; 100% nat\u016brali\u0173 med\u017eiag\u0173, 0% chemini\u0173 med\u017eiag\u0173, 0% konservant\u0173.<\/p>\n<p>Transdermalinis kompleksas savo sud\u0117tyje neturi joki\u0173 chemini\u0173 pried\u0173 bei konservuojan\u010di\u0173 med\u017eiag\u0173 ir yra 100% nat\u016bralus. Tik sumai\u0161ius mezokokteil\u012f ir mikrokapsules gaunate Nano korektori\u0173, kuris veikia problemines odos vietas (rauk\u0161les) ypa\u010d ma\u017e\u0173, nano daleli\u0173 lygmenyje.<\/p>\n<p><strong>Mezokokteilis<\/strong>\u00a0&#8211; peptid\u0173 (hexapeptidas -3 ir tripeptidas &#8211; 5) ir hialurono r\u016bg\u0161ties kompleksas. Jis silpnina veido raumen\u0173 susitraukim\u0105 ir skatina svarbiausi\u0173 odos baltym\u0173 &#8211; kolageno ir elastino gamyb\u0105, kurie \u201eu\u017epildo\u201c rauk\u0161les i\u0161 vidaus. Priemon\u0117s aktyviosios med\u017eiagos veikia skirtinguose odos sluoksniuose, tod\u0117l jis ne tik i\u0161lygina rauk\u0161les, bet \u0161alina j\u0173 atsiradimo prie\u017eastis.<\/p>\n<p><strong>Mikrokapsuli\u0173<\/strong>\u00a0sud\u0117tyje &#8211; 95% Vegneotox R. Tai patentuota med\u017eiaga, artima A tipo botulino neurotoksinui, kuris sugeba atpalaiduoti mimikos raumenis ir tuo pa\u010diu neleid\u017eia jiems susitraukti. D\u0117ka \u0161ios savyb\u0117s i\u0161lyginamos esamos rauk\u0161l\u0117s ir pastebimai suma\u017einamas net mimikos rauk\u0161li\u0173 gylis.<\/p>\n<p><strong>Naudojimas:<\/strong><br \/>\nPrie\u0161 proced\u016br\u0105 od\u0105 b\u016btina kruop\u0161\u010diai nuvalyti ir tonizuoti. Prad\u017eioje i\u0161spauskite kelet\u0105 mezokokteilio la\u0161\u0173 ant pir\u0161t\u0173 galiuk\u0173, tolygiai paskirstykite ant rauk\u0161li\u0173 ar problemini\u0173 viet\u0173 (kaktos, paaki\u0173 srityje, ar mimikos rauk\u0161li\u0173). Nedidel\u012f mikrokapsuli\u0173 kiek\u012f pir\u0161to pagalv\u0117le plek\u0161nodami paskirstykite ant mezokokteiliu patept\u0173 viet\u0173. Papildomai dar vienu sluoksniu padenkite problemines odos vietas mezokokteiliu. Lengvai pamasa\u017euokite od\u0105, kad priemon\u0117 tolygiai pasiskirstyt\u0173.<\/p>\n<p>Transdermalin\u012f kompleks\u0105 su botokso efektu naudokite ryte, ant sausos, nuvalytos odos, 1 kart\u0105 per dien\u0105. Norint greitesnio efekto, naudokite j\u012f ir vakare, ne v\u0117liau nei 2 val. iki miego. Ypatingai gero rezultato pasieksite, jei ryte naudosite NANO korektori\u0173 su botokso efektu (12202), o vakare NANO korektori\u0173 su liftingo efektu (12201). Kompleksas naudojamas kaip speciali ir\/ar papildoma odos prie\u017ei\u016bros priemon\u0117 nuo rauk\u0161li\u0173. Kartu naudojamos ir kasdien\u0117s j\u016bs\u0173 odos tipui ir am\u017eiui tinkan\u010dios prie\u017ei\u016bros priemon\u0117s &#8211; prausiklis, tonikas, kremas ir kt. Veido pilingas, proced\u016br\u0173 su Nano korektoriumi metu, nenaudojamas.<\/p>\n<p><strong>Veikliosios med\u017eiagos:<\/strong><\/p>\n<p><strong>Hexapeptidas &#8211; 3<\/strong>\u00a0&#8211; naujos kartos peptidas, susidedantis i\u0161 6 aminor\u016bg\u0161\u010di\u0173, i\u0161gaunamas specialios sintez\u0117s b\u016bdu. Jis ma\u017eina gilias mimikos rauk\u0161les, atsiradusias d\u0117l veido raumen\u0173 susitraukim\u0173, atitolina odos sen\u0117jim\u0105, atpalaiduoja veido mimikos raumen\u0173 spazmus, j\u0173 neparaly\u017eiuoja.<\/p>\n<p><strong>Tripeptidas &#8211; 5<\/strong>\u00a0&#8211; pertvarko kolageno ir elastino skaidul\u0173 tinkl\u0105 taip, kad jis tapt\u0173 tankus. \u0160is peptidas skatina kolageno sintez\u0119 dermoje, kuris ir u\u017epildo gilias rauk\u0161les i\u0161 vidaus, taip suma\u017eindamas j\u0173 kiek\u012f ir gyl\u012f per itin trump\u0105 laik\u0105.<\/p>\n<p><strong>Hialurono r\u016bg\u0161tis<\/strong>\u00a0suteikia liftingo efekt\u0105, didina odos elastingum\u0105, stangrina. Veiklioji med\u017eiaga ant odos pavir\u0161iaus sukuria orui pralaid\u0173 apsaugin\u012f sluoksn\u012f, tai apsaugo nuo dr\u0117gm\u0117s praradimo net gilesnius sluoksnius. Ji efektyviai pagreitina audini\u0173 l\u0105steli\u0173 atsinaujinimo procesus, gerina mikrocirkuliacij\u0105, skatina nauj\u0173 odos l\u0105steli\u0173 dauginim\u0105si, apsaugo nuo i\u0161orini\u0173 pa\u017eeidim\u0173 ir infekcij\u0173, sustiprina odos apsaugin\u012f sluoksn\u012f bei odos imunines savyb\u0117s.<br \/>\n\u012edomu, kad hialurono r\u016bg\u0161ties molekul\u0117s gali pritraukti ir i\u0161laikyti net ~500 kart\u0173 u\u017e save didesn\u012f kiek\u012f vandens!<\/p>\n","protected":false},"excerpt":{"rendered":"<p>\u00a0Earn 48 points worth \u00a32.40 when buying this product Transdermalinis kompleksas su botokso efektu &#8211; dviej\u0173 auk\u0161tos kokyb\u0117s koncentruot\u0173 priemoni\u0173 &#8211; mezokokteilio ir mikrokapsuli\u0173 kompleksas. \u0160ios priemon\u0117s veikliosios med\u017eiagos patenka \u012f pa\u010dius giliausius odos sluoksnius, atlieka lokali\u0105 odos l\u0105steli\u0173 regeneracij\u0105, aktyviai stimuliuoja kolageno gamyb\u0105, atpalaiduoja rauk\u0161les, suteikia visapusi\u0161k\u0105 mityb\u0105 ir ilgalaik\u012f dr\u0117kinim\u0105. Su \u0161ia nat\u016bralia [&#8230;]\n","protected":false},"featured_media":14224,"comment_status":"closed","ping_status":"closed","template":"","meta":[],"product_cat":[524,611,612,606,506],"product_tag":[],"class_list":{"0":"post-4119","1":"product","2":"type-product","3":"status-publish","4":"has-post-thumbnail","6":"product_cat-brandziai-odai","7":"product_cat-nano-korektoriai","8":"product_cat-nuo-rauksliu","9":"product_cat-papildoma-odos-prieziura","10":"product_cat-veidui","12":"first","13":"outofstock","14":"shipping-taxable","15":"purchasable","16":"product-type-simple"},"yoast_head":"<!-- This site is optimized with the Yoast SEO plugin v23.6 - https:\/\/yoast.com\/wordpress\/plugins\/seo\/ -->\n<title>Transdermalinis kompleksas NANO CORRECTOR su botokso efektu, 3g.+7ml. - TianDe Online Shop - Beauty &amp; Health<\/title>\n<meta name=\"robots\" content=\"index, follow, max-snippet:-1, max-image-preview:large, max-video-preview:-1\" \/>\n<link rel=\"canonical\" href=\"https:\/\/tiandeproducts.co.uk\/lt\/transdermalinis-kompleksas-nano-corrector-su-botokso-efektu-3g-7ml\/\" \/>\n<meta property=\"og:locale\" content=\"lt_LT\" \/>\n<meta property=\"og:type\" content=\"article\" \/>\n<meta property=\"og:title\" content=\"Transdermalinis kompleksas NANO CORRECTOR su botokso efektu, 3g.+7ml. - TianDe Online Shop - Beauty &amp; Health\" \/>\n<meta property=\"og:description\" content=\"\u00a0Earn 48 points worth \u00a32.40 when buying this product Transdermalinis kompleksas su botokso efektu &#8211; dviej\u0173 auk\u0161tos kokyb\u0117s koncentruot\u0173 priemoni\u0173 &#8211; mezokokteilio ir mikrokapsuli\u0173 kompleksas. \u0160ios priemon\u0117s veikliosios med\u017eiagos patenka \u012f pa\u010dius giliausius odos sluoksnius, atlieka lokali\u0105 odos l\u0105steli\u0173 regeneracij\u0105, aktyviai stimuliuoja kolageno gamyb\u0105, atpalaiduoja rauk\u0161les, suteikia visapusi\u0161k\u0105 mityb\u0105 ir ilgalaik\u012f dr\u0117kinim\u0105. Su \u0161ia nat\u016bralia [...]\" \/>\n<meta property=\"og:url\" content=\"https:\/\/tiandeproducts.co.uk\/lt\/transdermalinis-kompleksas-nano-corrector-su-botokso-efektu-3g-7ml\/\" \/>\n<meta property=\"og:site_name\" content=\"TianDe Online Shop - Beauty &amp; Health\" \/>\n<meta property=\"article:publisher\" content=\"https:\/\/www.facebook.com\/tiande.products.england\/\" \/>\n<meta property=\"article:modified_time\" content=\"2021-02-25T12:18:19+00:00\" \/>\n<meta property=\"og:image\" content=\"https:\/\/tiandeproducts.co.uk\/wp-content\/uploads\/12202.png\" \/>\n\t<meta property=\"og:image:width\" content=\"700\" \/>\n\t<meta property=\"og:image:height\" content=\"700\" \/>\n\t<meta property=\"og:image:type\" content=\"image\/png\" \/>\n<meta name=\"twitter:card\" content=\"summary_large_image\" \/>\n<meta name=\"twitter:label1\" content=\"Est. reading time\" \/>\n\t<meta name=\"twitter:data1\" content=\"3 minut\u0117s\" \/>\n<script type=\"application\/ld+json\" class=\"yoast-schema-graph\">{\"@context\":\"https:\/\/schema.org\",\"@graph\":[{\"@type\":\"WebPage\",\"@id\":\"https:\/\/tiandeproducts.co.uk\/lt\/transdermalinis-kompleksas-nano-corrector-su-botokso-efektu-3g-7ml\/\",\"url\":\"https:\/\/tiandeproducts.co.uk\/lt\/transdermalinis-kompleksas-nano-corrector-su-botokso-efektu-3g-7ml\/\",\"name\":\"Transdermalinis kompleksas NANO CORRECTOR su botokso efektu, 3g.+7ml. - TianDe Online Shop - Beauty &amp; Health\",\"isPartOf\":{\"@id\":\"https:\/\/tiandeproducts.co.uk\/#website\"},\"primaryImageOfPage\":{\"@id\":\"https:\/\/tiandeproducts.co.uk\/lt\/transdermalinis-kompleksas-nano-corrector-su-botokso-efektu-3g-7ml\/#primaryimage\"},\"image\":{\"@id\":\"https:\/\/tiandeproducts.co.uk\/lt\/transdermalinis-kompleksas-nano-corrector-su-botokso-efektu-3g-7ml\/#primaryimage\"},\"thumbnailUrl\":\"https:\/\/tiandeproducts.co.uk\/wp-content\/uploads\/12202.png\",\"datePublished\":\"2016-04-21T17:53:14+00:00\",\"dateModified\":\"2021-02-25T12:18:19+00:00\",\"breadcrumb\":{\"@id\":\"https:\/\/tiandeproducts.co.uk\/lt\/transdermalinis-kompleksas-nano-corrector-su-botokso-efektu-3g-7ml\/#breadcrumb\"},\"inLanguage\":\"lt-LT\",\"potentialAction\":[{\"@type\":\"ReadAction\",\"target\":[\"https:\/\/tiandeproducts.co.uk\/lt\/transdermalinis-kompleksas-nano-corrector-su-botokso-efektu-3g-7ml\/\"]}]},{\"@type\":\"ImageObject\",\"inLanguage\":\"lt-LT\",\"@id\":\"https:\/\/tiandeproducts.co.uk\/lt\/transdermalinis-kompleksas-nano-corrector-su-botokso-efektu-3g-7ml\/#primaryimage\",\"url\":\"https:\/\/tiandeproducts.co.uk\/wp-content\/uploads\/12202.png\",\"contentUrl\":\"https:\/\/tiandeproducts.co.uk\/wp-content\/uploads\/12202.png\",\"width\":700,\"height\":700},{\"@type\":\"BreadcrumbList\",\"@id\":\"https:\/\/tiandeproducts.co.uk\/lt\/transdermalinis-kompleksas-nano-corrector-su-botokso-efektu-3g-7ml\/#breadcrumb\",\"itemListElement\":[{\"@type\":\"ListItem\",\"position\":1,\"name\":\"Home\",\"item\":\"https:\/\/tiandeproducts.co.uk\/lt\/\"},{\"@type\":\"ListItem\",\"position\":2,\"name\":\"Shop\",\"item\":\"https:\/\/tiandeproducts.co.uk\/lt\/shop-2\/\"},{\"@type\":\"ListItem\",\"position\":3,\"name\":\"Transdermalinis kompleksas NANO CORRECTOR su botokso efektu, 3g.+7ml.\"}]},{\"@type\":\"WebSite\",\"@id\":\"https:\/\/tiandeproducts.co.uk\/#website\",\"url\":\"https:\/\/tiandeproducts.co.uk\/\",\"name\":\"TianDe Online Shop - Beauty & Health\",\"description\":\"Traditional Chinese Medicine\",\"potentialAction\":[{\"@type\":\"SearchAction\",\"target\":{\"@type\":\"EntryPoint\",\"urlTemplate\":\"https:\/\/tiandeproducts.co.uk\/?s={search_term_string}\"},\"query-input\":{\"@type\":\"PropertyValueSpecification\",\"valueRequired\":true,\"valueName\":\"search_term_string\"}}],\"inLanguage\":\"lt-LT\"}]}<\/script>\n<!-- \/ Yoast SEO plugin. -->","yoast_head_json":{"title":"Transdermalinis kompleksas NANO CORRECTOR su botokso efektu, 3g.+7ml. - TianDe Online Shop - Beauty &amp; Health","robots":{"index":"index","follow":"follow","max-snippet":"max-snippet:-1","max-image-preview":"max-image-preview:large","max-video-preview":"max-video-preview:-1"},"canonical":"https:\/\/tiandeproducts.co.uk\/lt\/transdermalinis-kompleksas-nano-corrector-su-botokso-efektu-3g-7ml\/","og_locale":"lt_LT","og_type":"article","og_title":"Transdermalinis kompleksas NANO CORRECTOR su botokso efektu, 3g.+7ml. - TianDe Online Shop - Beauty &amp; Health","og_description":"\u00a0Earn 48 points worth \u00a32.40 when buying this product Transdermalinis kompleksas su botokso efektu &#8211; dviej\u0173 auk\u0161tos kokyb\u0117s koncentruot\u0173 priemoni\u0173 &#8211; mezokokteilio ir mikrokapsuli\u0173 kompleksas. \u0160ios priemon\u0117s veikliosios med\u017eiagos patenka \u012f pa\u010dius giliausius odos sluoksnius, atlieka lokali\u0105 odos l\u0105steli\u0173 regeneracij\u0105, aktyviai stimuliuoja kolageno gamyb\u0105, atpalaiduoja rauk\u0161les, suteikia visapusi\u0161k\u0105 mityb\u0105 ir ilgalaik\u012f dr\u0117kinim\u0105. Su \u0161ia nat\u016bralia [...]","og_url":"https:\/\/tiandeproducts.co.uk\/lt\/transdermalinis-kompleksas-nano-corrector-su-botokso-efektu-3g-7ml\/","og_site_name":"TianDe Online Shop - Beauty &amp; Health","article_publisher":"https:\/\/www.facebook.com\/tiande.products.england\/","article_modified_time":"2021-02-25T12:18:19+00:00","og_image":[{"width":700,"height":700,"url":"https:\/\/tiandeproducts.co.uk\/wp-content\/uploads\/12202.png","type":"image\/png"}],"twitter_card":"summary_large_image","twitter_misc":{"Est. reading time":"3 minut\u0117s"},"schema":{"@context":"https:\/\/schema.org","@graph":[{"@type":"WebPage","@id":"https:\/\/tiandeproducts.co.uk\/lt\/transdermalinis-kompleksas-nano-corrector-su-botokso-efektu-3g-7ml\/","url":"https:\/\/tiandeproducts.co.uk\/lt\/transdermalinis-kompleksas-nano-corrector-su-botokso-efektu-3g-7ml\/","name":"Transdermalinis kompleksas NANO CORRECTOR su botokso efektu, 3g.+7ml. - TianDe Online Shop - Beauty &amp; Health","isPartOf":{"@id":"https:\/\/tiandeproducts.co.uk\/#website"},"primaryImageOfPage":{"@id":"https:\/\/tiandeproducts.co.uk\/lt\/transdermalinis-kompleksas-nano-corrector-su-botokso-efektu-3g-7ml\/#primaryimage"},"image":{"@id":"https:\/\/tiandeproducts.co.uk\/lt\/transdermalinis-kompleksas-nano-corrector-su-botokso-efektu-3g-7ml\/#primaryimage"},"thumbnailUrl":"https:\/\/tiandeproducts.co.uk\/wp-content\/uploads\/12202.png","datePublished":"2016-04-21T17:53:14+00:00","dateModified":"2021-02-25T12:18:19+00:00","breadcrumb":{"@id":"https:\/\/tiandeproducts.co.uk\/lt\/transdermalinis-kompleksas-nano-corrector-su-botokso-efektu-3g-7ml\/#breadcrumb"},"inLanguage":"lt-LT","potentialAction":[{"@type":"ReadAction","target":["https:\/\/tiandeproducts.co.uk\/lt\/transdermalinis-kompleksas-nano-corrector-su-botokso-efektu-3g-7ml\/"]}]},{"@type":"ImageObject","inLanguage":"lt-LT","@id":"https:\/\/tiandeproducts.co.uk\/lt\/transdermalinis-kompleksas-nano-corrector-su-botokso-efektu-3g-7ml\/#primaryimage","url":"https:\/\/tiandeproducts.co.uk\/wp-content\/uploads\/12202.png","contentUrl":"https:\/\/tiandeproducts.co.uk\/wp-content\/uploads\/12202.png","width":700,"height":700},{"@type":"BreadcrumbList","@id":"https:\/\/tiandeproducts.co.uk\/lt\/transdermalinis-kompleksas-nano-corrector-su-botokso-efektu-3g-7ml\/#breadcrumb","itemListElement":[{"@type":"ListItem","position":1,"name":"Home","item":"https:\/\/tiandeproducts.co.uk\/lt\/"},{"@type":"ListItem","position":2,"name":"Shop","item":"https:\/\/tiandeproducts.co.uk\/lt\/shop-2\/"},{"@type":"ListItem","position":3,"name":"Transdermalinis kompleksas NANO CORRECTOR su botokso efektu, 3g.+7ml."}]},{"@type":"WebSite","@id":"https:\/\/tiandeproducts.co.uk\/#website","url":"https:\/\/tiandeproducts.co.uk\/","name":"TianDe Online Shop - Beauty & Health","description":"Traditional Chinese Medicine","potentialAction":[{"@type":"SearchAction","target":{"@type":"EntryPoint","urlTemplate":"https:\/\/tiandeproducts.co.uk\/?s={search_term_string}"},"query-input":{"@type":"PropertyValueSpecification","valueRequired":true,"valueName":"search_term_string"}}],"inLanguage":"lt-LT"}]}},"_links":{"self":[{"href":"https:\/\/tiandeproducts.co.uk\/lt\/wp-json\/wp\/v2\/product\/4119","targetHints":{"allow":["GET"]}}],"collection":[{"href":"https:\/\/tiandeproducts.co.uk\/lt\/wp-json\/wp\/v2\/product"}],"about":[{"href":"https:\/\/tiandeproducts.co.uk\/lt\/wp-json\/wp\/v2\/types\/product"}],"replies":[{"embeddable":true,"href":"https:\/\/tiandeproducts.co.uk\/lt\/wp-json\/wp\/v2\/comments?post=4119"}],"wp:featuredmedia":[{"embeddable":true,"href":"https:\/\/tiandeproducts.co.uk\/lt\/wp-json\/wp\/v2\/media\/14224"}],"wp:attachment":[{"href":"https:\/\/tiandeproducts.co.uk\/lt\/wp-json\/wp\/v2\/media?parent=4119"}],"wp:term":[{"taxonomy":"product_cat","embeddable":true,"href":"https:\/\/tiandeproducts.co.uk\/lt\/wp-json\/wp\/v2\/product_cat?post=4119"},{"taxonomy":"product_tag","embeddable":true,"href":"https:\/\/tiandeproducts.co.uk\/lt\/wp-json\/wp\/v2\/product_tag?post=4119"}],"curies":[{"name":"wp","href":"https:\/\/api.w.org\/{rel}","templated":true}]}}