{"id":4118,"date":"2016-04-21T18:21:00","date_gmt":"2016-04-21T17:21:00","guid":{"rendered":"https:\/\/tnd.ontesting.co.uk\/drekinamasis-gelis-eliksyras-veidui-nuo-rauksliu-40g\/"},"modified":"2021-02-25T12:21:54","modified_gmt":"2021-02-25T12:21:54","slug":"drekinamasis-gelis-eliksyras-veidui-nuo-rauksliu-40g","status":"publish","type":"product","link":"https:\/\/tiandeproducts.co.uk\/lt\/drekinamasis-gelis-eliksyras-veidui-nuo-rauksliu-40g\/","title":{"rendered":"Dr\u0117kinamasis gelis &#8211; eliksyras veidui nuo rauk\u0161li\u0173, 40g."},"content":{"rendered":"<p><img decoding=\"async\" style=\"max-width: 16px; margin-right: 5px;\" src=\"https:\/\/tiandeproducts.co.uk\/wp-content\/uploads\/points-green.svg\" \/>\u00a0Earn 18 points worth \u00a30.90 when buying this product<\/p>\n<p>Gelis &#8211; eliksyras su dr\u0117kinan\u010diomis vandens gijomis (l\u0105steles maitinan\u010diais elementais) suteikia odai ilgalaik\u012f ir pastov\u0173 dr\u0117kinim\u0105 bei maitinim\u0105, sustiprina ir sutvirtina hidrolipidin\u012f epidermio barjer\u0105, atkuria odos mikroreljef\u0105. Gelio aktyv\u016bs komponentai u\u017epildo epidermio l\u0105steli\u0173 tu\u0161tumas ir tarsi\u00a0\u201ei\u0161stumia\u201c\u00a0rauk\u0161les i\u0161 vidaus. Oda tampa lygi, tampri, stangri ir elastinga.<\/p>\n<p>Sidabrin\u0117s \u0161vies\u0105 atspindin\u010dios gelio mikro dalel\u0117s \u201ei\u0161skirsto\u201c krentan\u010di\u0105 \u0161vies\u0105 ir sukuria odos \u0161vyt\u0117jimo efekt\u0105. Kartu sustiprinamos apsaugin\u0117s odos savyb\u0117s, l\u0117tinamas odos sen\u0117jimo procesas, ma\u017einamas rauk\u0161li\u0173 matomumas, oda tampa pastebimai lygesn\u0117 ir \u0161velnesn\u0117. Gelis neu\u017ekem\u0161a por\u0173. Tai puiki alternatyva gro\u017eio industrijos injekcijoms.<\/p>\n<p><strong>Naudojimas:<\/strong><br \/>\nAnt nuvalytos ir tonizuotos veido ir kaklo odos u\u017etepkite nedidel\u012f kiek\u012f gelio ir sukamaisiais judesiais masa\u017euokite kol susigers (i\u0161skyrus paaki\u0173 srit\u012f). Naudokite kaip dienin\u0119 ir naktin\u0119 veido prie\u017ei\u016bros priemon\u0119. Gel\u012f galima naudoti ir po makia\u017eu. Jis atrodys tobulai.<br \/>\nNaudojant gel\u012f ryte &#8211; vis\u0105 dien\u0105 jausite dr\u0117kinim\u0105 ir odos maitinim\u0105,\u00a0naudojant vakare &#8211; oda bus atkuriama, atjauninama ir primaitinta naudingais mikro elementais.<\/p>\n<p><strong>Veikliosios med\u017eiagos:<\/strong><\/p>\n<p><strong>Natrio hialuronatas<\/strong>\u00a0&#8211; biotechnologi\u0161kai i\u0161valytas preparatas, gaunamas labai sud\u0117tingos hialurono r\u016bg\u0161ties ir natrio jon\u0173 sintez\u0117s d\u0117ka. Jis suteikia stipr\u0173 dr\u0117kinant\u012f efekt\u0105, stimuliuoja regeneracijos procesus, pasi\u017eymi prie\u0161u\u017edegiminiu poveikiu, dr\u0117kina ir lygina epiderm\u012f. Hialurono r\u016bg\u0161tis suri\u0161a vanden\u012f ir i\u0161laiko j\u012f tarpl\u0105steliniuose tarpuose. Tokiu b\u016bdu padid\u0117ja audinio pasiprie\u0161inimas suspaudimui, rauk\u0161l\u0117s tarsi i\u0161stumiamos i\u0161 vidaus.<\/p>\n<p><strong>Trehaloz\u0117 &#8211;\u00a0<\/strong>augalinis polisacharidas, kuris stabdo l\u0105stelin\u0117s membranos irim\u0105, saugo baltymus ir kitas biomolekules nuo i\u0161saus\u0117jimo, i\u0161saugo j\u0173 biologin\u012f aktyvum\u0105, skatina rauk\u0161leli\u0173 i\u0161lyginim\u0105. Oda tampa stangri ir lygi.<\/p>\n<p><strong>Alavijo lap\u0173\u00a0ekstrakte<\/strong>\u00a0yra daug mineralini\u0173 med\u017eiag\u0173, vitamin\u0173, aminor\u016bg\u0161\u010di\u0173, ferment\u0173. Jis pasi\u017eymi stipriu antibakteriniu poveikiu, gydo \u017eaizdas, stimuliuoja nauj\u0173 l\u0105steli\u0173 augim\u0105, gerina med\u017eiag\u0173 apykait\u0105. Alavijo ekstraktas veiksmingai dr\u0117kina, maitina ir ma\u017eina plauk\u0173 riebalavim\u0105si, ramina od\u0105.<\/p>\n<p><strong>Portulakos ekstraktas<\/strong>\u00a0\u2013 gamtinis miorelaksantas, kuris atpalaiduoja mimikos raumenis, u\u017ekerta keli\u0105 rauk\u0161li\u0173 atsiradimui. Aktyviosios med\u017eiagos ramina sudirgusi\u0105 od\u0105, skatina regeneracijos procesus. Ekstraktas savo sud\u0117tyje turi didel\u012f kiek\u012f omega &#8211; 3 riebi\u0173j\u0173 r\u016bg\u0161\u010di\u0173, bei vitamino C, kas skatina kolageno gamyb\u0105, bei didina apsaugines odos savybes.<\/p>\n<p><strong>\u0160ilko ekstraktas<\/strong>\u00a0puikiai subalansuoja dr\u0117gm\u0117s kiek\u012f odoje, gerina jos elastingum\u0105, patempia. \u0160ilkas puikiai sulaiko vanden\u012f, l\u0117tina odos sen\u0117jimo proces\u0105 ir pagreitina regeneracij\u0105. Oda tampa mink\u0161ta ir \u0161velni.<\/p>\n","protected":false},"excerpt":{"rendered":"<p>\u00a0Earn 18 points worth \u00a30.90 when buying this product Gelis &#8211; eliksyras su dr\u0117kinan\u010diomis vandens gijomis (l\u0105steles maitinan\u010diais elementais) suteikia odai ilgalaik\u012f ir pastov\u0173 dr\u0117kinim\u0105 bei maitinim\u0105, sustiprina ir sutvirtina hidrolipidin\u012f epidermio barjer\u0105, atkuria odos mikroreljef\u0105. Gelio aktyv\u016bs komponentai u\u017epildo epidermio l\u0105steli\u0173 tu\u0161tumas ir tarsi\u00a0\u201ei\u0161stumia\u201c\u00a0rauk\u0161les i\u0161 vidaus. Oda tampa lygi, tampri, stangri ir elastinga. Sidabrin\u0117s [&#8230;]\n","protected":false},"featured_media":1242,"comment_status":"closed","ping_status":"closed","template":"","meta":[],"product_cat":[529,576,567,558,506],"product_tag":[],"class_list":{"0":"post-4118","1":"product","2":"type-product","3":"status-publish","4":"has-post-thumbnail","6":"product_cat-botoluxe-lt","7":"product_cat-drekinimas","8":"product_cat-drekinimas-ir-maitinimas","9":"product_cat-sausaiserpetojanciai-odai","10":"product_cat-veidui","12":"first","13":"instock","14":"shipping-taxable","15":"purchasable","16":"product-type-simple"},"yoast_head":"<!-- This site is optimized with the Yoast SEO plugin v23.6 - https:\/\/yoast.com\/wordpress\/plugins\/seo\/ -->\n<title>Dr\u0117kinamasis gelis - eliksyras veidui nuo rauk\u0161li\u0173, 40g. - TianDe Online Shop - Beauty &amp; Health<\/title>\n<meta name=\"robots\" content=\"index, follow, max-snippet:-1, max-image-preview:large, max-video-preview:-1\" \/>\n<link rel=\"canonical\" href=\"https:\/\/tiandeproducts.co.uk\/lt\/drekinamasis-gelis-eliksyras-veidui-nuo-rauksliu-40g\/\" \/>\n<meta property=\"og:locale\" content=\"lt_LT\" \/>\n<meta property=\"og:type\" content=\"article\" \/>\n<meta property=\"og:title\" content=\"Dr\u0117kinamasis gelis - eliksyras veidui nuo rauk\u0161li\u0173, 40g. - TianDe Online Shop - Beauty &amp; Health\" \/>\n<meta property=\"og:description\" content=\"\u00a0Earn 18 points worth \u00a30.90 when buying this product Gelis &#8211; eliksyras su dr\u0117kinan\u010diomis vandens gijomis (l\u0105steles maitinan\u010diais elementais) suteikia odai ilgalaik\u012f ir pastov\u0173 dr\u0117kinim\u0105 bei maitinim\u0105, sustiprina ir sutvirtina hidrolipidin\u012f epidermio barjer\u0105, atkuria odos mikroreljef\u0105. Gelio aktyv\u016bs komponentai u\u017epildo epidermio l\u0105steli\u0173 tu\u0161tumas ir tarsi\u00a0\u201ei\u0161stumia\u201c\u00a0rauk\u0161les i\u0161 vidaus. Oda tampa lygi, tampri, stangri ir elastinga. Sidabrin\u0117s [...]\" \/>\n<meta property=\"og:url\" content=\"https:\/\/tiandeproducts.co.uk\/lt\/drekinamasis-gelis-eliksyras-veidui-nuo-rauksliu-40g\/\" \/>\n<meta property=\"og:site_name\" content=\"TianDe Online Shop - Beauty &amp; Health\" \/>\n<meta property=\"article:publisher\" content=\"https:\/\/www.facebook.com\/tiande.products.england\/\" \/>\n<meta property=\"article:modified_time\" content=\"2021-02-25T12:21:54+00:00\" \/>\n<meta property=\"og:image\" content=\"https:\/\/tiandeproducts.co.uk\/wp-content\/uploads\/2016\/04\/14803.png\" \/>\n\t<meta property=\"og:image:width\" content=\"700\" \/>\n\t<meta property=\"og:image:height\" content=\"700\" \/>\n\t<meta property=\"og:image:type\" content=\"image\/png\" \/>\n<meta name=\"twitter:card\" content=\"summary_large_image\" \/>\n<meta name=\"twitter:label1\" content=\"Est. reading time\" \/>\n\t<meta name=\"twitter:data1\" content=\"2 minut\u0117s\" \/>\n<script type=\"application\/ld+json\" class=\"yoast-schema-graph\">{\"@context\":\"https:\/\/schema.org\",\"@graph\":[{\"@type\":\"WebPage\",\"@id\":\"https:\/\/tiandeproducts.co.uk\/lt\/drekinamasis-gelis-eliksyras-veidui-nuo-rauksliu-40g\/\",\"url\":\"https:\/\/tiandeproducts.co.uk\/lt\/drekinamasis-gelis-eliksyras-veidui-nuo-rauksliu-40g\/\",\"name\":\"Dr\u0117kinamasis gelis - eliksyras veidui nuo rauk\u0161li\u0173, 40g. - TianDe Online Shop - Beauty &amp; Health\",\"isPartOf\":{\"@id\":\"https:\/\/tiandeproducts.co.uk\/#website\"},\"primaryImageOfPage\":{\"@id\":\"https:\/\/tiandeproducts.co.uk\/lt\/drekinamasis-gelis-eliksyras-veidui-nuo-rauksliu-40g\/#primaryimage\"},\"image\":{\"@id\":\"https:\/\/tiandeproducts.co.uk\/lt\/drekinamasis-gelis-eliksyras-veidui-nuo-rauksliu-40g\/#primaryimage\"},\"thumbnailUrl\":\"https:\/\/tiandeproducts.co.uk\/wp-content\/uploads\/2016\/04\/14803.png\",\"datePublished\":\"2016-04-21T17:21:00+00:00\",\"dateModified\":\"2021-02-25T12:21:54+00:00\",\"breadcrumb\":{\"@id\":\"https:\/\/tiandeproducts.co.uk\/lt\/drekinamasis-gelis-eliksyras-veidui-nuo-rauksliu-40g\/#breadcrumb\"},\"inLanguage\":\"lt-LT\",\"potentialAction\":[{\"@type\":\"ReadAction\",\"target\":[\"https:\/\/tiandeproducts.co.uk\/lt\/drekinamasis-gelis-eliksyras-veidui-nuo-rauksliu-40g\/\"]}]},{\"@type\":\"ImageObject\",\"inLanguage\":\"lt-LT\",\"@id\":\"https:\/\/tiandeproducts.co.uk\/lt\/drekinamasis-gelis-eliksyras-veidui-nuo-rauksliu-40g\/#primaryimage\",\"url\":\"https:\/\/tiandeproducts.co.uk\/wp-content\/uploads\/2016\/04\/14803.png\",\"contentUrl\":\"https:\/\/tiandeproducts.co.uk\/wp-content\/uploads\/2016\/04\/14803.png\",\"width\":700,\"height\":700,\"caption\":\"Extra-Moisturizing Anti-Wrinkle Face Gel-Elixir,40g-0\"},{\"@type\":\"BreadcrumbList\",\"@id\":\"https:\/\/tiandeproducts.co.uk\/lt\/drekinamasis-gelis-eliksyras-veidui-nuo-rauksliu-40g\/#breadcrumb\",\"itemListElement\":[{\"@type\":\"ListItem\",\"position\":1,\"name\":\"Home\",\"item\":\"https:\/\/tiandeproducts.co.uk\/lt\/\"},{\"@type\":\"ListItem\",\"position\":2,\"name\":\"Shop\",\"item\":\"https:\/\/tiandeproducts.co.uk\/lt\/shop-2\/\"},{\"@type\":\"ListItem\",\"position\":3,\"name\":\"Dr\u0117kinamasis gelis &#8211; eliksyras veidui nuo rauk\u0161li\u0173, 40g.\"}]},{\"@type\":\"WebSite\",\"@id\":\"https:\/\/tiandeproducts.co.uk\/#website\",\"url\":\"https:\/\/tiandeproducts.co.uk\/\",\"name\":\"TianDe Online Shop - Beauty & Health\",\"description\":\"Traditional Chinese Medicine\",\"potentialAction\":[{\"@type\":\"SearchAction\",\"target\":{\"@type\":\"EntryPoint\",\"urlTemplate\":\"https:\/\/tiandeproducts.co.uk\/?s={search_term_string}\"},\"query-input\":{\"@type\":\"PropertyValueSpecification\",\"valueRequired\":true,\"valueName\":\"search_term_string\"}}],\"inLanguage\":\"lt-LT\"}]}<\/script>\n<!-- \/ Yoast SEO plugin. -->","yoast_head_json":{"title":"Dr\u0117kinamasis gelis - eliksyras veidui nuo rauk\u0161li\u0173, 40g. - TianDe Online Shop - Beauty &amp; Health","robots":{"index":"index","follow":"follow","max-snippet":"max-snippet:-1","max-image-preview":"max-image-preview:large","max-video-preview":"max-video-preview:-1"},"canonical":"https:\/\/tiandeproducts.co.uk\/lt\/drekinamasis-gelis-eliksyras-veidui-nuo-rauksliu-40g\/","og_locale":"lt_LT","og_type":"article","og_title":"Dr\u0117kinamasis gelis - eliksyras veidui nuo rauk\u0161li\u0173, 40g. - TianDe Online Shop - Beauty &amp; Health","og_description":"\u00a0Earn 18 points worth \u00a30.90 when buying this product Gelis &#8211; eliksyras su dr\u0117kinan\u010diomis vandens gijomis (l\u0105steles maitinan\u010diais elementais) suteikia odai ilgalaik\u012f ir pastov\u0173 dr\u0117kinim\u0105 bei maitinim\u0105, sustiprina ir sutvirtina hidrolipidin\u012f epidermio barjer\u0105, atkuria odos mikroreljef\u0105. Gelio aktyv\u016bs komponentai u\u017epildo epidermio l\u0105steli\u0173 tu\u0161tumas ir tarsi\u00a0\u201ei\u0161stumia\u201c\u00a0rauk\u0161les i\u0161 vidaus. Oda tampa lygi, tampri, stangri ir elastinga. Sidabrin\u0117s [...]","og_url":"https:\/\/tiandeproducts.co.uk\/lt\/drekinamasis-gelis-eliksyras-veidui-nuo-rauksliu-40g\/","og_site_name":"TianDe Online Shop - Beauty &amp; Health","article_publisher":"https:\/\/www.facebook.com\/tiande.products.england\/","article_modified_time":"2021-02-25T12:21:54+00:00","og_image":[{"width":700,"height":700,"url":"https:\/\/tiandeproducts.co.uk\/wp-content\/uploads\/2016\/04\/14803.png","type":"image\/png"}],"twitter_card":"summary_large_image","twitter_misc":{"Est. reading time":"2 minut\u0117s"},"schema":{"@context":"https:\/\/schema.org","@graph":[{"@type":"WebPage","@id":"https:\/\/tiandeproducts.co.uk\/lt\/drekinamasis-gelis-eliksyras-veidui-nuo-rauksliu-40g\/","url":"https:\/\/tiandeproducts.co.uk\/lt\/drekinamasis-gelis-eliksyras-veidui-nuo-rauksliu-40g\/","name":"Dr\u0117kinamasis gelis - eliksyras veidui nuo rauk\u0161li\u0173, 40g. - TianDe Online Shop - Beauty &amp; Health","isPartOf":{"@id":"https:\/\/tiandeproducts.co.uk\/#website"},"primaryImageOfPage":{"@id":"https:\/\/tiandeproducts.co.uk\/lt\/drekinamasis-gelis-eliksyras-veidui-nuo-rauksliu-40g\/#primaryimage"},"image":{"@id":"https:\/\/tiandeproducts.co.uk\/lt\/drekinamasis-gelis-eliksyras-veidui-nuo-rauksliu-40g\/#primaryimage"},"thumbnailUrl":"https:\/\/tiandeproducts.co.uk\/wp-content\/uploads\/2016\/04\/14803.png","datePublished":"2016-04-21T17:21:00+00:00","dateModified":"2021-02-25T12:21:54+00:00","breadcrumb":{"@id":"https:\/\/tiandeproducts.co.uk\/lt\/drekinamasis-gelis-eliksyras-veidui-nuo-rauksliu-40g\/#breadcrumb"},"inLanguage":"lt-LT","potentialAction":[{"@type":"ReadAction","target":["https:\/\/tiandeproducts.co.uk\/lt\/drekinamasis-gelis-eliksyras-veidui-nuo-rauksliu-40g\/"]}]},{"@type":"ImageObject","inLanguage":"lt-LT","@id":"https:\/\/tiandeproducts.co.uk\/lt\/drekinamasis-gelis-eliksyras-veidui-nuo-rauksliu-40g\/#primaryimage","url":"https:\/\/tiandeproducts.co.uk\/wp-content\/uploads\/2016\/04\/14803.png","contentUrl":"https:\/\/tiandeproducts.co.uk\/wp-content\/uploads\/2016\/04\/14803.png","width":700,"height":700,"caption":"Extra-Moisturizing Anti-Wrinkle Face Gel-Elixir,40g-0"},{"@type":"BreadcrumbList","@id":"https:\/\/tiandeproducts.co.uk\/lt\/drekinamasis-gelis-eliksyras-veidui-nuo-rauksliu-40g\/#breadcrumb","itemListElement":[{"@type":"ListItem","position":1,"name":"Home","item":"https:\/\/tiandeproducts.co.uk\/lt\/"},{"@type":"ListItem","position":2,"name":"Shop","item":"https:\/\/tiandeproducts.co.uk\/lt\/shop-2\/"},{"@type":"ListItem","position":3,"name":"Dr\u0117kinamasis gelis &#8211; eliksyras veidui nuo rauk\u0161li\u0173, 40g."}]},{"@type":"WebSite","@id":"https:\/\/tiandeproducts.co.uk\/#website","url":"https:\/\/tiandeproducts.co.uk\/","name":"TianDe Online Shop - Beauty & Health","description":"Traditional Chinese Medicine","potentialAction":[{"@type":"SearchAction","target":{"@type":"EntryPoint","urlTemplate":"https:\/\/tiandeproducts.co.uk\/?s={search_term_string}"},"query-input":{"@type":"PropertyValueSpecification","valueRequired":true,"valueName":"search_term_string"}}],"inLanguage":"lt-LT"}]}},"_links":{"self":[{"href":"https:\/\/tiandeproducts.co.uk\/lt\/wp-json\/wp\/v2\/product\/4118","targetHints":{"allow":["GET"]}}],"collection":[{"href":"https:\/\/tiandeproducts.co.uk\/lt\/wp-json\/wp\/v2\/product"}],"about":[{"href":"https:\/\/tiandeproducts.co.uk\/lt\/wp-json\/wp\/v2\/types\/product"}],"replies":[{"embeddable":true,"href":"https:\/\/tiandeproducts.co.uk\/lt\/wp-json\/wp\/v2\/comments?post=4118"}],"wp:featuredmedia":[{"embeddable":true,"href":"https:\/\/tiandeproducts.co.uk\/lt\/wp-json\/wp\/v2\/media\/1242"}],"wp:attachment":[{"href":"https:\/\/tiandeproducts.co.uk\/lt\/wp-json\/wp\/v2\/media?parent=4118"}],"wp:term":[{"taxonomy":"product_cat","embeddable":true,"href":"https:\/\/tiandeproducts.co.uk\/lt\/wp-json\/wp\/v2\/product_cat?post=4118"},{"taxonomy":"product_tag","embeddable":true,"href":"https:\/\/tiandeproducts.co.uk\/lt\/wp-json\/wp\/v2\/product_tag?post=4118"}],"curies":[{"name":"wp","href":"https:\/\/api.w.org\/{rel}","templated":true}]}}