{"id":4117,"date":"2016-04-23T17:41:13","date_gmt":"2016-04-23T16:41:13","guid":{"rendered":"https:\/\/tnd.ontesting.co.uk\/tiande-zoleliu-arbata-su-kininiu-skuduciu-ir-salaviju-30-pakeliu\/"},"modified":"2021-10-29T21:31:13","modified_gmt":"2021-10-29T20:31:13","slug":"tiande-zoleliu-arbata-su-kininiu-skuduciu-ir-salaviju-30-pakeliu","status":"publish","type":"product","link":"https:\/\/tiandeproducts.co.uk\/lt\/tiande-zoleliu-arbata-su-kininiu-skuduciu-ir-salaviju-30-pakeliu\/","title":{"rendered":"TianDe \u201e\u017doleli\u0173 arbata su kininiu skudu\u010diu ir \u0161alaviju\u201d 30 pakeli\u0173"},"content":{"rendered":"<p><img decoding=\"async\" style=\"max-width: 16px; margin-right: 5px;\" src=\"https:\/\/tiandeproducts.co.uk\/wp-content\/uploads\/points-green.svg\" \/>\u00a0Earn 10 points worth \u00a30.50 when buying this product<\/p>\n<p style=\"text-align: justify;\">\u0160alavijas &#8211; fitoestrogen\u0173 \u201esand\u0117lys\u201c. Fitoarbata su \u0161alaviju ypa\u010d naudinga klimakterinio periodo metu, nes puikiai slopina negatyv\u0173 \u0161io nat\u016bralaus rei\u0161kinio poveik\u012f, palaiko hormonialin\u012f balans\u0105. Jaunina moters organizm\u0105, ramina nerv\u0173 sistem\u0105, normalizuoja bioritmus, gerina miego kokyb\u0119, normalizuoja kraujosp\u016bd\u012f.<\/p>\n<p style=\"text-align: justify;\"><strong>Sud\u0117tis:<\/strong>\u00a0rausva\u017eied\u0117s e\u017eiuol\u0117s \u017eied\u0173 ir lap\u0173 milteliai, kininio skudu\u010dio (Angelica) \u0161akn\u0173 milteliai (15%), vaistin\u0117s melisos lap\u0173 milteliai, vaistinio \u0161alavijo lap\u0173 milteliai (12%), viena\u0161al\u0117s u\u017eginos \u017eied\u0173 milteliai, japonin\u0117s soforos vaisi\u0173 milteliai, medetkos \u017eied\u0173 milteliai, smulkiadant\u0117s tuopos \u017eiev\u0117s milteliai, gervuog\u0117s lap\u0173 milteliai.<\/p>\n<p style=\"text-align: justify;\"><strong>Rekomenduojama naudoti:<\/strong><\/p>\n<ul style=\"list-style-type: circle;\">\n<li style=\"text-align: justify;\">nuo 40 m. am\u017eiaus ir daugiau (kaip profilaktin\u0117 priemon\u0117);<\/li>\n<li style=\"text-align: justify;\">klimakterinio laikotarpio metu (miego sutrikimas, padid\u0117j\u0119s prakaitavimas, silpnumas);<\/li>\n<li style=\"text-align: justify;\">esant nusilpusiam imunitetui;<\/li>\n<li style=\"text-align: justify;\">esant padid\u0117jusiam dirglumui ar depresijai;<\/li>\n<li style=\"text-align: justify;\">esant psichologiniams ir emociniams stresams;<\/li>\n<li style=\"text-align: justify;\">pomenstruacin\u0117s osteoporoz\u0117s atveju;<\/li>\n<li style=\"text-align: justify;\">susilpn\u0117jus plaukams ir nagams.<\/li>\n<\/ul>\n<p style=\"text-align: justify;\"><strong>\u012edomu.<\/strong>\u00a0\u0160alavijas Senov\u0117s Kinijoje vertintas kaip prailginantis \u017emogaus gyvenim\u0105 augalas, turintis jauninant\u012f poveik\u012f, ilginantis lytinio paj\u0117gumo period\u0105.<\/p>\n<p style=\"text-align: justify;\"><strong><i>Vartojimas:<\/i>\u00a0<\/strong>1 pakel\u012f u\u017epilkite 200 ml. u\u017evirusio vandens, palaikykite 10-15 min. ir nuspauskite, nuimkite. Suaugusiems gerti po vien\u0105 stiklin\u0119 2 kart. per dien\u0105 valgio metu. Kursas 3-4 savait\u0117s.<\/p>\n","protected":false},"excerpt":{"rendered":"<p>\u00a0Earn 10 points worth \u00a30.50 when buying this product \u0160alavijas &#8211; fitoestrogen\u0173 \u201esand\u0117lys\u201c. Fitoarbata su \u0161alaviju ypa\u010d naudinga klimakterinio periodo metu, nes puikiai slopina negatyv\u0173 \u0161io nat\u016bralaus rei\u0161kinio poveik\u012f, palaiko hormonialin\u012f balans\u0105. Jaunina moters organizm\u0105, ramina nerv\u0173 sistem\u0105, normalizuoja bioritmus, gerina miego kokyb\u0119, normalizuoja kraujosp\u016bd\u012f. Sud\u0117tis:\u00a0rausva\u017eied\u0117s e\u017eiuol\u0117s \u017eied\u0173 ir lap\u0173 milteliai, kininio skudu\u010dio (Angelica) \u0161akn\u0173 [&#8230;]\n","protected":false},"featured_media":1287,"comment_status":"closed","ping_status":"closed","template":"","meta":[],"product_cat":[860,833],"product_tag":[],"class_list":{"0":"post-4117","1":"product","2":"type-product","3":"status-publish","4":"has-post-thumbnail","6":"product_cat-fito-herbaty","7":"product_cat-wellness-pl","9":"first","10":"outofstock","11":"shipping-taxable","12":"purchasable","13":"product-type-simple"},"yoast_head":"<!-- This site is optimized with the Yoast SEO plugin v23.6 - https:\/\/yoast.com\/wordpress\/plugins\/seo\/ -->\n<title>TianDe \u201e\u017doleli\u0173 arbata su kininiu skudu\u010diu ir \u0161alaviju\u201d 30 pakeli\u0173 - TianDe Online Shop - Beauty &amp; Health<\/title>\n<meta name=\"robots\" content=\"index, follow, max-snippet:-1, max-image-preview:large, max-video-preview:-1\" \/>\n<link rel=\"canonical\" href=\"https:\/\/tiandeproducts.co.uk\/lt\/tiande-zoleliu-arbata-su-kininiu-skuduciu-ir-salaviju-30-pakeliu\/\" \/>\n<meta property=\"og:locale\" content=\"lt_LT\" \/>\n<meta property=\"og:type\" content=\"article\" \/>\n<meta property=\"og:title\" content=\"TianDe \u201e\u017doleli\u0173 arbata su kininiu skudu\u010diu ir \u0161alaviju\u201d 30 pakeli\u0173 - TianDe Online Shop - Beauty &amp; Health\" \/>\n<meta property=\"og:description\" content=\"\u00a0Earn 10 points worth \u00a30.50 when buying this product \u0160alavijas &#8211; fitoestrogen\u0173 \u201esand\u0117lys\u201c. Fitoarbata su \u0161alaviju ypa\u010d naudinga klimakterinio periodo metu, nes puikiai slopina negatyv\u0173 \u0161io nat\u016bralaus rei\u0161kinio poveik\u012f, palaiko hormonialin\u012f balans\u0105. Jaunina moters organizm\u0105, ramina nerv\u0173 sistem\u0105, normalizuoja bioritmus, gerina miego kokyb\u0119, normalizuoja kraujosp\u016bd\u012f. Sud\u0117tis:\u00a0rausva\u017eied\u0117s e\u017eiuol\u0117s \u017eied\u0173 ir lap\u0173 milteliai, kininio skudu\u010dio (Angelica) \u0161akn\u0173 [...]\" \/>\n<meta property=\"og:url\" content=\"https:\/\/tiandeproducts.co.uk\/lt\/tiande-zoleliu-arbata-su-kininiu-skuduciu-ir-salaviju-30-pakeliu\/\" \/>\n<meta property=\"og:site_name\" content=\"TianDe Online Shop - Beauty &amp; Health\" \/>\n<meta property=\"article:publisher\" content=\"https:\/\/www.facebook.com\/tiande.products.england\/\" \/>\n<meta property=\"article:modified_time\" content=\"2021-10-29T20:31:13+00:00\" \/>\n<meta property=\"og:image\" content=\"https:\/\/tiandeproducts.co.uk\/wp-content\/uploads\/2016\/04\/123914.png\" \/>\n\t<meta property=\"og:image:width\" content=\"700\" \/>\n\t<meta property=\"og:image:height\" content=\"700\" \/>\n\t<meta property=\"og:image:type\" content=\"image\/png\" \/>\n<meta name=\"twitter:card\" content=\"summary_large_image\" \/>\n<meta name=\"twitter:label1\" content=\"Est. reading time\" \/>\n\t<meta name=\"twitter:data1\" content=\"1 minut\u0117\" \/>\n<script type=\"application\/ld+json\" class=\"yoast-schema-graph\">{\"@context\":\"https:\/\/schema.org\",\"@graph\":[{\"@type\":\"WebPage\",\"@id\":\"https:\/\/tiandeproducts.co.uk\/lt\/tiande-zoleliu-arbata-su-kininiu-skuduciu-ir-salaviju-30-pakeliu\/\",\"url\":\"https:\/\/tiandeproducts.co.uk\/lt\/tiande-zoleliu-arbata-su-kininiu-skuduciu-ir-salaviju-30-pakeliu\/\",\"name\":\"TianDe \u201e\u017doleli\u0173 arbata su kininiu skudu\u010diu ir \u0161alaviju\u201d 30 pakeli\u0173 - TianDe Online Shop - Beauty &amp; Health\",\"isPartOf\":{\"@id\":\"https:\/\/tiandeproducts.co.uk\/#website\"},\"primaryImageOfPage\":{\"@id\":\"https:\/\/tiandeproducts.co.uk\/lt\/tiande-zoleliu-arbata-su-kininiu-skuduciu-ir-salaviju-30-pakeliu\/#primaryimage\"},\"image\":{\"@id\":\"https:\/\/tiandeproducts.co.uk\/lt\/tiande-zoleliu-arbata-su-kininiu-skuduciu-ir-salaviju-30-pakeliu\/#primaryimage\"},\"thumbnailUrl\":\"https:\/\/tiandeproducts.co.uk\/wp-content\/uploads\/2016\/04\/123914.png\",\"datePublished\":\"2016-04-23T16:41:13+00:00\",\"dateModified\":\"2021-10-29T20:31:13+00:00\",\"breadcrumb\":{\"@id\":\"https:\/\/tiandeproducts.co.uk\/lt\/tiande-zoleliu-arbata-su-kininiu-skuduciu-ir-salaviju-30-pakeliu\/#breadcrumb\"},\"inLanguage\":\"lt-LT\",\"potentialAction\":[{\"@type\":\"ReadAction\",\"target\":[\"https:\/\/tiandeproducts.co.uk\/lt\/tiande-zoleliu-arbata-su-kininiu-skuduciu-ir-salaviju-30-pakeliu\/\"]}]},{\"@type\":\"ImageObject\",\"inLanguage\":\"lt-LT\",\"@id\":\"https:\/\/tiandeproducts.co.uk\/lt\/tiande-zoleliu-arbata-su-kininiu-skuduciu-ir-salaviju-30-pakeliu\/#primaryimage\",\"url\":\"https:\/\/tiandeproducts.co.uk\/wp-content\/uploads\/2016\/04\/123914.png\",\"contentUrl\":\"https:\/\/tiandeproducts.co.uk\/wp-content\/uploads\/2016\/04\/123914.png\",\"width\":700,\"height\":700,\"caption\":\"Phytotea with Angelica Sinensis and Salvia for Women,30x2g-0\"},{\"@type\":\"BreadcrumbList\",\"@id\":\"https:\/\/tiandeproducts.co.uk\/lt\/tiande-zoleliu-arbata-su-kininiu-skuduciu-ir-salaviju-30-pakeliu\/#breadcrumb\",\"itemListElement\":[{\"@type\":\"ListItem\",\"position\":1,\"name\":\"Home\",\"item\":\"https:\/\/tiandeproducts.co.uk\/lt\/\"},{\"@type\":\"ListItem\",\"position\":2,\"name\":\"Shop\",\"item\":\"https:\/\/tiandeproducts.co.uk\/lt\/shop-2\/\"},{\"@type\":\"ListItem\",\"position\":3,\"name\":\"TianDe \u201e\u017doleli\u0173 arbata su kininiu skudu\u010diu ir \u0161alaviju\u201d 30 pakeli\u0173\"}]},{\"@type\":\"WebSite\",\"@id\":\"https:\/\/tiandeproducts.co.uk\/#website\",\"url\":\"https:\/\/tiandeproducts.co.uk\/\",\"name\":\"TianDe Online Shop - Beauty & Health\",\"description\":\"Traditional Chinese Medicine\",\"potentialAction\":[{\"@type\":\"SearchAction\",\"target\":{\"@type\":\"EntryPoint\",\"urlTemplate\":\"https:\/\/tiandeproducts.co.uk\/?s={search_term_string}\"},\"query-input\":{\"@type\":\"PropertyValueSpecification\",\"valueRequired\":true,\"valueName\":\"search_term_string\"}}],\"inLanguage\":\"lt-LT\"}]}<\/script>\n<!-- \/ Yoast SEO plugin. -->","yoast_head_json":{"title":"TianDe \u201e\u017doleli\u0173 arbata su kininiu skudu\u010diu ir \u0161alaviju\u201d 30 pakeli\u0173 - TianDe Online Shop - Beauty &amp; Health","robots":{"index":"index","follow":"follow","max-snippet":"max-snippet:-1","max-image-preview":"max-image-preview:large","max-video-preview":"max-video-preview:-1"},"canonical":"https:\/\/tiandeproducts.co.uk\/lt\/tiande-zoleliu-arbata-su-kininiu-skuduciu-ir-salaviju-30-pakeliu\/","og_locale":"lt_LT","og_type":"article","og_title":"TianDe \u201e\u017doleli\u0173 arbata su kininiu skudu\u010diu ir \u0161alaviju\u201d 30 pakeli\u0173 - TianDe Online Shop - Beauty &amp; Health","og_description":"\u00a0Earn 10 points worth \u00a30.50 when buying this product \u0160alavijas &#8211; fitoestrogen\u0173 \u201esand\u0117lys\u201c. Fitoarbata su \u0161alaviju ypa\u010d naudinga klimakterinio periodo metu, nes puikiai slopina negatyv\u0173 \u0161io nat\u016bralaus rei\u0161kinio poveik\u012f, palaiko hormonialin\u012f balans\u0105. Jaunina moters organizm\u0105, ramina nerv\u0173 sistem\u0105, normalizuoja bioritmus, gerina miego kokyb\u0119, normalizuoja kraujosp\u016bd\u012f. Sud\u0117tis:\u00a0rausva\u017eied\u0117s e\u017eiuol\u0117s \u017eied\u0173 ir lap\u0173 milteliai, kininio skudu\u010dio (Angelica) \u0161akn\u0173 [...]","og_url":"https:\/\/tiandeproducts.co.uk\/lt\/tiande-zoleliu-arbata-su-kininiu-skuduciu-ir-salaviju-30-pakeliu\/","og_site_name":"TianDe Online Shop - Beauty &amp; Health","article_publisher":"https:\/\/www.facebook.com\/tiande.products.england\/","article_modified_time":"2021-10-29T20:31:13+00:00","og_image":[{"width":700,"height":700,"url":"https:\/\/tiandeproducts.co.uk\/wp-content\/uploads\/2016\/04\/123914.png","type":"image\/png"}],"twitter_card":"summary_large_image","twitter_misc":{"Est. reading time":"1 minut\u0117"},"schema":{"@context":"https:\/\/schema.org","@graph":[{"@type":"WebPage","@id":"https:\/\/tiandeproducts.co.uk\/lt\/tiande-zoleliu-arbata-su-kininiu-skuduciu-ir-salaviju-30-pakeliu\/","url":"https:\/\/tiandeproducts.co.uk\/lt\/tiande-zoleliu-arbata-su-kininiu-skuduciu-ir-salaviju-30-pakeliu\/","name":"TianDe \u201e\u017doleli\u0173 arbata su kininiu skudu\u010diu ir \u0161alaviju\u201d 30 pakeli\u0173 - TianDe Online Shop - Beauty &amp; Health","isPartOf":{"@id":"https:\/\/tiandeproducts.co.uk\/#website"},"primaryImageOfPage":{"@id":"https:\/\/tiandeproducts.co.uk\/lt\/tiande-zoleliu-arbata-su-kininiu-skuduciu-ir-salaviju-30-pakeliu\/#primaryimage"},"image":{"@id":"https:\/\/tiandeproducts.co.uk\/lt\/tiande-zoleliu-arbata-su-kininiu-skuduciu-ir-salaviju-30-pakeliu\/#primaryimage"},"thumbnailUrl":"https:\/\/tiandeproducts.co.uk\/wp-content\/uploads\/2016\/04\/123914.png","datePublished":"2016-04-23T16:41:13+00:00","dateModified":"2021-10-29T20:31:13+00:00","breadcrumb":{"@id":"https:\/\/tiandeproducts.co.uk\/lt\/tiande-zoleliu-arbata-su-kininiu-skuduciu-ir-salaviju-30-pakeliu\/#breadcrumb"},"inLanguage":"lt-LT","potentialAction":[{"@type":"ReadAction","target":["https:\/\/tiandeproducts.co.uk\/lt\/tiande-zoleliu-arbata-su-kininiu-skuduciu-ir-salaviju-30-pakeliu\/"]}]},{"@type":"ImageObject","inLanguage":"lt-LT","@id":"https:\/\/tiandeproducts.co.uk\/lt\/tiande-zoleliu-arbata-su-kininiu-skuduciu-ir-salaviju-30-pakeliu\/#primaryimage","url":"https:\/\/tiandeproducts.co.uk\/wp-content\/uploads\/2016\/04\/123914.png","contentUrl":"https:\/\/tiandeproducts.co.uk\/wp-content\/uploads\/2016\/04\/123914.png","width":700,"height":700,"caption":"Phytotea with Angelica Sinensis and Salvia for Women,30x2g-0"},{"@type":"BreadcrumbList","@id":"https:\/\/tiandeproducts.co.uk\/lt\/tiande-zoleliu-arbata-su-kininiu-skuduciu-ir-salaviju-30-pakeliu\/#breadcrumb","itemListElement":[{"@type":"ListItem","position":1,"name":"Home","item":"https:\/\/tiandeproducts.co.uk\/lt\/"},{"@type":"ListItem","position":2,"name":"Shop","item":"https:\/\/tiandeproducts.co.uk\/lt\/shop-2\/"},{"@type":"ListItem","position":3,"name":"TianDe \u201e\u017doleli\u0173 arbata su kininiu skudu\u010diu ir \u0161alaviju\u201d 30 pakeli\u0173"}]},{"@type":"WebSite","@id":"https:\/\/tiandeproducts.co.uk\/#website","url":"https:\/\/tiandeproducts.co.uk\/","name":"TianDe Online Shop - Beauty & Health","description":"Traditional Chinese Medicine","potentialAction":[{"@type":"SearchAction","target":{"@type":"EntryPoint","urlTemplate":"https:\/\/tiandeproducts.co.uk\/?s={search_term_string}"},"query-input":{"@type":"PropertyValueSpecification","valueRequired":true,"valueName":"search_term_string"}}],"inLanguage":"lt-LT"}]}},"_links":{"self":[{"href":"https:\/\/tiandeproducts.co.uk\/lt\/wp-json\/wp\/v2\/product\/4117","targetHints":{"allow":["GET"]}}],"collection":[{"href":"https:\/\/tiandeproducts.co.uk\/lt\/wp-json\/wp\/v2\/product"}],"about":[{"href":"https:\/\/tiandeproducts.co.uk\/lt\/wp-json\/wp\/v2\/types\/product"}],"replies":[{"embeddable":true,"href":"https:\/\/tiandeproducts.co.uk\/lt\/wp-json\/wp\/v2\/comments?post=4117"}],"wp:featuredmedia":[{"embeddable":true,"href":"https:\/\/tiandeproducts.co.uk\/lt\/wp-json\/wp\/v2\/media\/1287"}],"wp:attachment":[{"href":"https:\/\/tiandeproducts.co.uk\/lt\/wp-json\/wp\/v2\/media?parent=4117"}],"wp:term":[{"taxonomy":"product_cat","embeddable":true,"href":"https:\/\/tiandeproducts.co.uk\/lt\/wp-json\/wp\/v2\/product_cat?post=4117"},{"taxonomy":"product_tag","embeddable":true,"href":"https:\/\/tiandeproducts.co.uk\/lt\/wp-json\/wp\/v2\/product_tag?post=4117"}],"curies":[{"name":"wp","href":"https:\/\/api.w.org\/{rel}","templated":true}]}}