{"id":4115,"date":"2016-04-23T17:45:40","date_gmt":"2016-04-23T16:45:40","guid":{"rendered":"https:\/\/tnd.ontesting.co.uk\/tiande-zoleliu-arbata-su-kininiu-skuduciu-ir-rodiole-30-pakeliu\/"},"modified":"2021-02-25T12:15:16","modified_gmt":"2021-02-25T12:15:16","slug":"tiande-zoleliu-arbata-su-kininiu-skuduciu-ir-rodiole-30-pakeliu","status":"publish","type":"product","link":"https:\/\/tiandeproducts.co.uk\/lt\/tiande-zoleliu-arbata-su-kininiu-skuduciu-ir-rodiole-30-pakeliu\/","title":{"rendered":"TianDe \u201e\u017doleli\u0173 arbata su kininiu skudu\u010diu ir rodiole\u201c 30 pakeli\u0173"},"content":{"rendered":"<p><img decoding=\"async\" style=\"max-width: 16px; margin-right: 5px;\" src=\"https:\/\/tiandeproducts.co.uk\/wp-content\/uploads\/points-green.svg\" \/>\u00a0Earn 10 points worth \u00a30.50 when buying this product<\/p>\n<p>Rodiol\u0117 &#8211; tai augalas, kuris pasaulyje randamas tik Altajaus kra\u0161te. I\u0161 vis\u0173 dabartiniu laiku naudojam\u0173 gydom\u0173j\u0173 augal\u0173 ir medicinin\u0117s paskirties augalini\u0173 preparat\u0173, rodiol\u0117 yra vienas i\u0161 pa\u010di\u0173 efektyviausi\u0173 preparat\u0173 nusilpusiam imunitetui atstatyti. Pla\u010diai naudojamas kaip pati geriausia adaptogenin\u0117 priemon\u0117. Lino s\u0117kl\u0173 ekstraktas &#8211; tai omega-3, omega-6, omega-9 polineso\u010di\u0173j\u0173 r\u016bg\u0161\u010di\u0173 \u0161altinis.<\/p>\n<p>Hormonialinio organizmo balanso sutrikimai &#8211; da\u017eniausia augli\u0173 susiformavimo prie\u017eastis. Rodiol\u0117 geba u\u017ekirsti keli\u0105 \u0161io susirgimo vystymuisi. Kaip unikalus gamtinis kompleksas ji pasi\u017eymi hormonialiniu poveikiu, veikia kaip nat\u016bralus fitoestrogenas.<\/p>\n<p>Sud\u0117tis: rodioli\u0173 \u0161akn\u0173 ir \u0161akniastiebi\u0173 milteliai (25%), kininio skudu\u010dio \u0161akniastiebi\u0173 ir \u0161akn\u0173 milteliai (25%), vaistin\u0117s medetkos \u017eied\u0173 milteliai, lino s\u0117kl\u0173 milteliai, vaistin\u0117s ramun\u0117s \u017eied\u0173 milteliai, rausva\u017eied\u0117s e\u017eiuol\u0117s \u017eied\u0173 ir lap\u0173 milteliai.<\/p>\n<p><strong>Rekomenduojama naudoti esant:<\/strong><\/p>\n<p>endometriozei;<br \/>\ngerybiniams augliams (cistos, miomos, fibromiomos);<br \/>\ndishormonialiniam sutrikimui;<br \/>\nnereguliarioms ir skausmingoms menstruacijoms;<br \/>\nanemijai;<br \/>\nnusilpusiam imunitetui;<br \/>\nnevaisingumui;<br \/>\nhormonialiniam ir apykaitini\u0173 organizmo proces\u0173 sutrikimui.<\/p>\n<p><strong>Vartojimas:<\/strong> 1 pakel\u012f u\u017epilkite 200 ml. u\u017evirusio vandens, palaikyti 10- 15 min. ir nuspauskite, i\u0161imkite. Suaugusiesiems gerti po 1 stiklin\u0119 3 kartus per dien\u0105 valgio metu. Vartojimo kursas 3-4 savait\u0117s.<\/p>\n","protected":false},"excerpt":{"rendered":"<p>\u00a0Earn 10 points worth \u00a30.50 when buying this product Rodiol\u0117 &#8211; tai augalas, kuris pasaulyje randamas tik Altajaus kra\u0161te. I\u0161 vis\u0173 dabartiniu laiku naudojam\u0173 gydom\u0173j\u0173 augal\u0173 ir medicinin\u0117s paskirties augalini\u0173 preparat\u0173, rodiol\u0117 yra vienas i\u0161 pa\u010di\u0173 efektyviausi\u0173 preparat\u0173 nusilpusiam imunitetui atstatyti. Pla\u010diai naudojamas kaip pati geriausia adaptogenin\u0117 priemon\u0117. Lino s\u0117kl\u0173 ekstraktas &#8211; tai omega-3, omega-6, [&#8230;]\n","protected":false},"featured_media":1292,"comment_status":"closed","ping_status":"closed","template":"","meta":[],"product_cat":[730,718],"product_tag":[],"class_list":{"0":"post-4115","1":"product","2":"type-product","3":"status-publish","4":"has-post-thumbnail","6":"product_cat-arbatos","7":"product_cat-sveikata-lt","9":"first","10":"outofstock","11":"shipping-taxable","12":"purchasable","13":"product-type-simple"},"yoast_head":"<!-- This site is optimized with the Yoast SEO plugin v23.6 - https:\/\/yoast.com\/wordpress\/plugins\/seo\/ -->\n<title>TianDe \u201e\u017doleli\u0173 arbata su kininiu skudu\u010diu ir rodiole\u201c 30 pakeli\u0173 - TianDe Online Shop - Beauty &amp; Health<\/title>\n<meta name=\"robots\" content=\"index, follow, max-snippet:-1, max-image-preview:large, max-video-preview:-1\" \/>\n<link rel=\"canonical\" href=\"https:\/\/tiandeproducts.co.uk\/lt\/tiande-zoleliu-arbata-su-kininiu-skuduciu-ir-rodiole-30-pakeliu\/\" \/>\n<meta property=\"og:locale\" content=\"lt_LT\" \/>\n<meta property=\"og:type\" content=\"article\" \/>\n<meta property=\"og:title\" content=\"TianDe \u201e\u017doleli\u0173 arbata su kininiu skudu\u010diu ir rodiole\u201c 30 pakeli\u0173 - TianDe Online Shop - Beauty &amp; Health\" \/>\n<meta property=\"og:description\" content=\"\u00a0Earn 10 points worth \u00a30.50 when buying this product Rodiol\u0117 &#8211; tai augalas, kuris pasaulyje randamas tik Altajaus kra\u0161te. I\u0161 vis\u0173 dabartiniu laiku naudojam\u0173 gydom\u0173j\u0173 augal\u0173 ir medicinin\u0117s paskirties augalini\u0173 preparat\u0173, rodiol\u0117 yra vienas i\u0161 pa\u010di\u0173 efektyviausi\u0173 preparat\u0173 nusilpusiam imunitetui atstatyti. Pla\u010diai naudojamas kaip pati geriausia adaptogenin\u0117 priemon\u0117. Lino s\u0117kl\u0173 ekstraktas &#8211; tai omega-3, omega-6, [...]\" \/>\n<meta property=\"og:url\" content=\"https:\/\/tiandeproducts.co.uk\/lt\/tiande-zoleliu-arbata-su-kininiu-skuduciu-ir-rodiole-30-pakeliu\/\" \/>\n<meta property=\"og:site_name\" content=\"TianDe Online Shop - Beauty &amp; Health\" \/>\n<meta property=\"article:publisher\" content=\"https:\/\/www.facebook.com\/tiande.products.england\/\" \/>\n<meta property=\"article:modified_time\" content=\"2021-02-25T12:15:16+00:00\" \/>\n<meta property=\"og:image\" content=\"https:\/\/tiandeproducts.co.uk\/wp-content\/uploads\/2016\/04\/123912.png\" \/>\n\t<meta property=\"og:image:width\" content=\"700\" \/>\n\t<meta property=\"og:image:height\" content=\"700\" \/>\n\t<meta property=\"og:image:type\" content=\"image\/png\" \/>\n<meta name=\"twitter:card\" content=\"summary_large_image\" \/>\n<meta name=\"twitter:label1\" content=\"Est. reading time\" \/>\n\t<meta name=\"twitter:data1\" content=\"1 minut\u0117\" \/>\n<script type=\"application\/ld+json\" class=\"yoast-schema-graph\">{\"@context\":\"https:\/\/schema.org\",\"@graph\":[{\"@type\":\"WebPage\",\"@id\":\"https:\/\/tiandeproducts.co.uk\/lt\/tiande-zoleliu-arbata-su-kininiu-skuduciu-ir-rodiole-30-pakeliu\/\",\"url\":\"https:\/\/tiandeproducts.co.uk\/lt\/tiande-zoleliu-arbata-su-kininiu-skuduciu-ir-rodiole-30-pakeliu\/\",\"name\":\"TianDe \u201e\u017doleli\u0173 arbata su kininiu skudu\u010diu ir rodiole\u201c 30 pakeli\u0173 - TianDe Online Shop - Beauty &amp; Health\",\"isPartOf\":{\"@id\":\"https:\/\/tiandeproducts.co.uk\/#website\"},\"primaryImageOfPage\":{\"@id\":\"https:\/\/tiandeproducts.co.uk\/lt\/tiande-zoleliu-arbata-su-kininiu-skuduciu-ir-rodiole-30-pakeliu\/#primaryimage\"},\"image\":{\"@id\":\"https:\/\/tiandeproducts.co.uk\/lt\/tiande-zoleliu-arbata-su-kininiu-skuduciu-ir-rodiole-30-pakeliu\/#primaryimage\"},\"thumbnailUrl\":\"https:\/\/tiandeproducts.co.uk\/wp-content\/uploads\/2016\/04\/123912.png\",\"datePublished\":\"2016-04-23T16:45:40+00:00\",\"dateModified\":\"2021-02-25T12:15:16+00:00\",\"breadcrumb\":{\"@id\":\"https:\/\/tiandeproducts.co.uk\/lt\/tiande-zoleliu-arbata-su-kininiu-skuduciu-ir-rodiole-30-pakeliu\/#breadcrumb\"},\"inLanguage\":\"lt-LT\",\"potentialAction\":[{\"@type\":\"ReadAction\",\"target\":[\"https:\/\/tiandeproducts.co.uk\/lt\/tiande-zoleliu-arbata-su-kininiu-skuduciu-ir-rodiole-30-pakeliu\/\"]}]},{\"@type\":\"ImageObject\",\"inLanguage\":\"lt-LT\",\"@id\":\"https:\/\/tiandeproducts.co.uk\/lt\/tiande-zoleliu-arbata-su-kininiu-skuduciu-ir-rodiole-30-pakeliu\/#primaryimage\",\"url\":\"https:\/\/tiandeproducts.co.uk\/wp-content\/uploads\/2016\/04\/123912.png\",\"contentUrl\":\"https:\/\/tiandeproducts.co.uk\/wp-content\/uploads\/2016\/04\/123912.png\",\"width\":700,\"height\":700,\"caption\":\"Phytotea with Angelica Sinensis and Rhodiola for Women,30x2g-0\"},{\"@type\":\"BreadcrumbList\",\"@id\":\"https:\/\/tiandeproducts.co.uk\/lt\/tiande-zoleliu-arbata-su-kininiu-skuduciu-ir-rodiole-30-pakeliu\/#breadcrumb\",\"itemListElement\":[{\"@type\":\"ListItem\",\"position\":1,\"name\":\"Home\",\"item\":\"https:\/\/tiandeproducts.co.uk\/lt\/\"},{\"@type\":\"ListItem\",\"position\":2,\"name\":\"Shop\",\"item\":\"https:\/\/tiandeproducts.co.uk\/lt\/shop-2\/\"},{\"@type\":\"ListItem\",\"position\":3,\"name\":\"TianDe \u201e\u017doleli\u0173 arbata su kininiu skudu\u010diu ir rodiole\u201c 30 pakeli\u0173\"}]},{\"@type\":\"WebSite\",\"@id\":\"https:\/\/tiandeproducts.co.uk\/#website\",\"url\":\"https:\/\/tiandeproducts.co.uk\/\",\"name\":\"TianDe Online Shop - Beauty & Health\",\"description\":\"Traditional Chinese Medicine\",\"potentialAction\":[{\"@type\":\"SearchAction\",\"target\":{\"@type\":\"EntryPoint\",\"urlTemplate\":\"https:\/\/tiandeproducts.co.uk\/?s={search_term_string}\"},\"query-input\":{\"@type\":\"PropertyValueSpecification\",\"valueRequired\":true,\"valueName\":\"search_term_string\"}}],\"inLanguage\":\"lt-LT\"}]}<\/script>\n<!-- \/ Yoast SEO plugin. -->","yoast_head_json":{"title":"TianDe \u201e\u017doleli\u0173 arbata su kininiu skudu\u010diu ir rodiole\u201c 30 pakeli\u0173 - TianDe Online Shop - Beauty &amp; Health","robots":{"index":"index","follow":"follow","max-snippet":"max-snippet:-1","max-image-preview":"max-image-preview:large","max-video-preview":"max-video-preview:-1"},"canonical":"https:\/\/tiandeproducts.co.uk\/lt\/tiande-zoleliu-arbata-su-kininiu-skuduciu-ir-rodiole-30-pakeliu\/","og_locale":"lt_LT","og_type":"article","og_title":"TianDe \u201e\u017doleli\u0173 arbata su kininiu skudu\u010diu ir rodiole\u201c 30 pakeli\u0173 - TianDe Online Shop - Beauty &amp; Health","og_description":"\u00a0Earn 10 points worth \u00a30.50 when buying this product Rodiol\u0117 &#8211; tai augalas, kuris pasaulyje randamas tik Altajaus kra\u0161te. I\u0161 vis\u0173 dabartiniu laiku naudojam\u0173 gydom\u0173j\u0173 augal\u0173 ir medicinin\u0117s paskirties augalini\u0173 preparat\u0173, rodiol\u0117 yra vienas i\u0161 pa\u010di\u0173 efektyviausi\u0173 preparat\u0173 nusilpusiam imunitetui atstatyti. Pla\u010diai naudojamas kaip pati geriausia adaptogenin\u0117 priemon\u0117. Lino s\u0117kl\u0173 ekstraktas &#8211; tai omega-3, omega-6, [...]","og_url":"https:\/\/tiandeproducts.co.uk\/lt\/tiande-zoleliu-arbata-su-kininiu-skuduciu-ir-rodiole-30-pakeliu\/","og_site_name":"TianDe Online Shop - Beauty &amp; Health","article_publisher":"https:\/\/www.facebook.com\/tiande.products.england\/","article_modified_time":"2021-02-25T12:15:16+00:00","og_image":[{"width":700,"height":700,"url":"https:\/\/tiandeproducts.co.uk\/wp-content\/uploads\/2016\/04\/123912.png","type":"image\/png"}],"twitter_card":"summary_large_image","twitter_misc":{"Est. reading time":"1 minut\u0117"},"schema":{"@context":"https:\/\/schema.org","@graph":[{"@type":"WebPage","@id":"https:\/\/tiandeproducts.co.uk\/lt\/tiande-zoleliu-arbata-su-kininiu-skuduciu-ir-rodiole-30-pakeliu\/","url":"https:\/\/tiandeproducts.co.uk\/lt\/tiande-zoleliu-arbata-su-kininiu-skuduciu-ir-rodiole-30-pakeliu\/","name":"TianDe \u201e\u017doleli\u0173 arbata su kininiu skudu\u010diu ir rodiole\u201c 30 pakeli\u0173 - TianDe Online Shop - Beauty &amp; Health","isPartOf":{"@id":"https:\/\/tiandeproducts.co.uk\/#website"},"primaryImageOfPage":{"@id":"https:\/\/tiandeproducts.co.uk\/lt\/tiande-zoleliu-arbata-su-kininiu-skuduciu-ir-rodiole-30-pakeliu\/#primaryimage"},"image":{"@id":"https:\/\/tiandeproducts.co.uk\/lt\/tiande-zoleliu-arbata-su-kininiu-skuduciu-ir-rodiole-30-pakeliu\/#primaryimage"},"thumbnailUrl":"https:\/\/tiandeproducts.co.uk\/wp-content\/uploads\/2016\/04\/123912.png","datePublished":"2016-04-23T16:45:40+00:00","dateModified":"2021-02-25T12:15:16+00:00","breadcrumb":{"@id":"https:\/\/tiandeproducts.co.uk\/lt\/tiande-zoleliu-arbata-su-kininiu-skuduciu-ir-rodiole-30-pakeliu\/#breadcrumb"},"inLanguage":"lt-LT","potentialAction":[{"@type":"ReadAction","target":["https:\/\/tiandeproducts.co.uk\/lt\/tiande-zoleliu-arbata-su-kininiu-skuduciu-ir-rodiole-30-pakeliu\/"]}]},{"@type":"ImageObject","inLanguage":"lt-LT","@id":"https:\/\/tiandeproducts.co.uk\/lt\/tiande-zoleliu-arbata-su-kininiu-skuduciu-ir-rodiole-30-pakeliu\/#primaryimage","url":"https:\/\/tiandeproducts.co.uk\/wp-content\/uploads\/2016\/04\/123912.png","contentUrl":"https:\/\/tiandeproducts.co.uk\/wp-content\/uploads\/2016\/04\/123912.png","width":700,"height":700,"caption":"Phytotea with Angelica Sinensis and Rhodiola for Women,30x2g-0"},{"@type":"BreadcrumbList","@id":"https:\/\/tiandeproducts.co.uk\/lt\/tiande-zoleliu-arbata-su-kininiu-skuduciu-ir-rodiole-30-pakeliu\/#breadcrumb","itemListElement":[{"@type":"ListItem","position":1,"name":"Home","item":"https:\/\/tiandeproducts.co.uk\/lt\/"},{"@type":"ListItem","position":2,"name":"Shop","item":"https:\/\/tiandeproducts.co.uk\/lt\/shop-2\/"},{"@type":"ListItem","position":3,"name":"TianDe \u201e\u017doleli\u0173 arbata su kininiu skudu\u010diu ir rodiole\u201c 30 pakeli\u0173"}]},{"@type":"WebSite","@id":"https:\/\/tiandeproducts.co.uk\/#website","url":"https:\/\/tiandeproducts.co.uk\/","name":"TianDe Online Shop - Beauty & Health","description":"Traditional Chinese Medicine","potentialAction":[{"@type":"SearchAction","target":{"@type":"EntryPoint","urlTemplate":"https:\/\/tiandeproducts.co.uk\/?s={search_term_string}"},"query-input":{"@type":"PropertyValueSpecification","valueRequired":true,"valueName":"search_term_string"}}],"inLanguage":"lt-LT"}]}},"_links":{"self":[{"href":"https:\/\/tiandeproducts.co.uk\/lt\/wp-json\/wp\/v2\/product\/4115","targetHints":{"allow":["GET"]}}],"collection":[{"href":"https:\/\/tiandeproducts.co.uk\/lt\/wp-json\/wp\/v2\/product"}],"about":[{"href":"https:\/\/tiandeproducts.co.uk\/lt\/wp-json\/wp\/v2\/types\/product"}],"replies":[{"embeddable":true,"href":"https:\/\/tiandeproducts.co.uk\/lt\/wp-json\/wp\/v2\/comments?post=4115"}],"wp:featuredmedia":[{"embeddable":true,"href":"https:\/\/tiandeproducts.co.uk\/lt\/wp-json\/wp\/v2\/media\/1292"}],"wp:attachment":[{"href":"https:\/\/tiandeproducts.co.uk\/lt\/wp-json\/wp\/v2\/media?parent=4115"}],"wp:term":[{"taxonomy":"product_cat","embeddable":true,"href":"https:\/\/tiandeproducts.co.uk\/lt\/wp-json\/wp\/v2\/product_cat?post=4115"},{"taxonomy":"product_tag","embeddable":true,"href":"https:\/\/tiandeproducts.co.uk\/lt\/wp-json\/wp\/v2\/product_tag?post=4115"}],"curies":[{"name":"wp","href":"https:\/\/api.w.org\/{rel}","templated":true}]}}