{"id":4113,"date":"2016-04-23T18:14:33","date_gmt":"2016-04-23T17:14:33","guid":{"rendered":"https:\/\/tnd.ontesting.co.uk\/tiande-imbierine-arbata-18-g\/"},"modified":"2021-02-25T12:10:52","modified_gmt":"2021-02-25T12:10:52","slug":"tiande-imbierine-arbata-18-g","status":"publish","type":"product","link":"https:\/\/tiandeproducts.co.uk\/lt\/tiande-imbierine-arbata-18-g\/","title":{"rendered":"TianDe imbierin\u0117 arbata 18 g."},"content":{"rendered":"<p><img decoding=\"async\" style=\"max-width: 16px; margin-right: 5px;\" src=\"https:\/\/tiandeproducts.co.uk\/wp-content\/uploads\/points-green.svg\" \/>\u00a0Earn 2 points worth \u00a30.10 when buying this product<\/p>\n<p>Rudojo cukranendri\u0173 cukraus sud\u0117tyje &#8211; didelis kiekis kalio, kalcio, natrio, fosforo, magnio, cinko, vitamino B kompleksas. Imbiero \u0161aknis vadinama tikrojo stebuklo \u0161aknimi. Joje yra daugiau nei 400 biologi\u0161kai aktyvi\u0173 med\u0163iag\u0173, eterinis aliejus, kuris veikia kaip antioksidantas ir stiprus antibakterinis preparatas. Imbieras \u201epats \u017eino\u201d k\u0105 jam gydyti \u017emogaus organizme.<br \/>\nSud\u0117tis: rudasis cukranendri\u0173 cukrus, tikrojo imbiero \u0161aknies ekstraktas (11%).<br \/>\nImbiero \u0161aknies ekstraktas:<br \/>\nvalo organizm\u0105 nuo \u0161lak\u0173 ir toksin\u0173;<br \/>\nma\u017eina cholesterino kiek\u012f kraujyje;<br \/>\n\u0161ildo organizm\u0105, ma\u017eina spazmus;<br \/>\n\u0161alina gleives;<br \/>\nakimirksniu gerina vir\u0161kinim\u0105;<br \/>\ngerina \u0161irdies, skydliauk\u0117s, kepen\u0173 ir inkst\u0173 darb\u0105;<br \/>\n\u0161alina vandens pertekli\u0173 i\u0161 organizmo;<br \/>\nsu\u0161ildo plau\u010dius;<br \/>\nsuaktyvina kraujotak\u0105;<br \/>\nkovoja su organizme esan\u010diu grybeliu;<br \/>\ndidina seksualin\u0119 energij\u0105;<br \/>\nstiprina imunitet\u0105.<\/p>\n<p><strong>Vartojimas:<\/strong> 1 pakel\u012f u\u017epilkite 150- 200 ml. u\u017evirusio vandens, sumai\u0161ykite. Rekomenduojama gerti pirmoje dienos pus\u0117je. Nevartoti turint skrand\u017eio ir dvylikapir\u0161t\u0117s \u017earnos opas.<\/p>\n","protected":false},"excerpt":{"rendered":"<p>\u00a0Earn 2 points worth \u00a30.10 when buying this product Rudojo cukranendri\u0173 cukraus sud\u0117tyje &#8211; didelis kiekis kalio, kalcio, natrio, fosforo, magnio, cinko, vitamino B kompleksas. Imbiero \u0161aknis vadinama tikrojo stebuklo \u0161aknimi. Joje yra daugiau nei 400 biologi\u0161kai aktyvi\u0173 med\u0163iag\u0173, eterinis aliejus, kuris veikia kaip antioksidantas ir stiprus antibakterinis preparatas. Imbieras \u201epats \u017eino\u201d k\u0105 jam gydyti [&#8230;]\n","protected":false},"featured_media":1312,"comment_status":"closed","ping_status":"closed","template":"","meta":[],"product_cat":[730,718],"product_tag":[],"class_list":{"0":"post-4113","1":"product","2":"type-product","3":"status-publish","4":"has-post-thumbnail","6":"product_cat-arbatos","7":"product_cat-sveikata-lt","9":"first","10":"instock","11":"shipping-taxable","12":"purchasable","13":"product-type-simple"},"yoast_head":"<!-- This site is optimized with the Yoast SEO plugin v23.6 - https:\/\/yoast.com\/wordpress\/plugins\/seo\/ -->\n<title>TianDe imbierin\u0117 arbata 18 g. - TianDe Online Shop - Beauty &amp; Health<\/title>\n<meta name=\"robots\" content=\"index, follow, max-snippet:-1, max-image-preview:large, max-video-preview:-1\" \/>\n<link rel=\"canonical\" href=\"https:\/\/tiandeproducts.co.uk\/lt\/tiande-imbierine-arbata-18-g\/\" \/>\n<meta property=\"og:locale\" content=\"lt_LT\" \/>\n<meta property=\"og:type\" content=\"article\" \/>\n<meta property=\"og:title\" content=\"TianDe imbierin\u0117 arbata 18 g. - TianDe Online Shop - Beauty &amp; Health\" \/>\n<meta property=\"og:description\" content=\"\u00a0Earn 2 points worth \u00a30.10 when buying this product Rudojo cukranendri\u0173 cukraus sud\u0117tyje &#8211; didelis kiekis kalio, kalcio, natrio, fosforo, magnio, cinko, vitamino B kompleksas. Imbiero \u0161aknis vadinama tikrojo stebuklo \u0161aknimi. Joje yra daugiau nei 400 biologi\u0161kai aktyvi\u0173 med\u0163iag\u0173, eterinis aliejus, kuris veikia kaip antioksidantas ir stiprus antibakterinis preparatas. Imbieras \u201epats \u017eino\u201d k\u0105 jam gydyti [...]\" \/>\n<meta property=\"og:url\" content=\"https:\/\/tiandeproducts.co.uk\/lt\/tiande-imbierine-arbata-18-g\/\" \/>\n<meta property=\"og:site_name\" content=\"TianDe Online Shop - Beauty &amp; Health\" \/>\n<meta property=\"article:publisher\" content=\"https:\/\/www.facebook.com\/tiande.products.england\/\" \/>\n<meta property=\"article:modified_time\" content=\"2021-02-25T12:10:52+00:00\" \/>\n<meta property=\"og:image\" content=\"https:\/\/tiandeproducts.co.uk\/wp-content\/uploads\/2016\/04\/120105.png\" \/>\n\t<meta property=\"og:image:width\" content=\"700\" \/>\n\t<meta property=\"og:image:height\" content=\"700\" \/>\n\t<meta property=\"og:image:type\" content=\"image\/png\" \/>\n<meta name=\"twitter:card\" content=\"summary_large_image\" \/>\n<meta name=\"twitter:label1\" content=\"Est. reading time\" \/>\n\t<meta name=\"twitter:data1\" content=\"1 minut\u0117\" \/>\n<script type=\"application\/ld+json\" class=\"yoast-schema-graph\">{\"@context\":\"https:\/\/schema.org\",\"@graph\":[{\"@type\":\"WebPage\",\"@id\":\"https:\/\/tiandeproducts.co.uk\/lt\/tiande-imbierine-arbata-18-g\/\",\"url\":\"https:\/\/tiandeproducts.co.uk\/lt\/tiande-imbierine-arbata-18-g\/\",\"name\":\"TianDe imbierin\u0117 arbata 18 g. - TianDe Online Shop - Beauty &amp; Health\",\"isPartOf\":{\"@id\":\"https:\/\/tiandeproducts.co.uk\/#website\"},\"primaryImageOfPage\":{\"@id\":\"https:\/\/tiandeproducts.co.uk\/lt\/tiande-imbierine-arbata-18-g\/#primaryimage\"},\"image\":{\"@id\":\"https:\/\/tiandeproducts.co.uk\/lt\/tiande-imbierine-arbata-18-g\/#primaryimage\"},\"thumbnailUrl\":\"https:\/\/tiandeproducts.co.uk\/wp-content\/uploads\/2016\/04\/120105.png\",\"datePublished\":\"2016-04-23T17:14:33+00:00\",\"dateModified\":\"2021-02-25T12:10:52+00:00\",\"breadcrumb\":{\"@id\":\"https:\/\/tiandeproducts.co.uk\/lt\/tiande-imbierine-arbata-18-g\/#breadcrumb\"},\"inLanguage\":\"lt-LT\",\"potentialAction\":[{\"@type\":\"ReadAction\",\"target\":[\"https:\/\/tiandeproducts.co.uk\/lt\/tiande-imbierine-arbata-18-g\/\"]}]},{\"@type\":\"ImageObject\",\"inLanguage\":\"lt-LT\",\"@id\":\"https:\/\/tiandeproducts.co.uk\/lt\/tiande-imbierine-arbata-18-g\/#primaryimage\",\"url\":\"https:\/\/tiandeproducts.co.uk\/wp-content\/uploads\/2016\/04\/120105.png\",\"contentUrl\":\"https:\/\/tiandeproducts.co.uk\/wp-content\/uploads\/2016\/04\/120105.png\",\"width\":700,\"height\":700,\"caption\":\"Ginger Tea,1pc-0\"},{\"@type\":\"BreadcrumbList\",\"@id\":\"https:\/\/tiandeproducts.co.uk\/lt\/tiande-imbierine-arbata-18-g\/#breadcrumb\",\"itemListElement\":[{\"@type\":\"ListItem\",\"position\":1,\"name\":\"Home\",\"item\":\"https:\/\/tiandeproducts.co.uk\/lt\/\"},{\"@type\":\"ListItem\",\"position\":2,\"name\":\"Shop\",\"item\":\"https:\/\/tiandeproducts.co.uk\/lt\/shop-2\/\"},{\"@type\":\"ListItem\",\"position\":3,\"name\":\"TianDe imbierin\u0117 arbata 18 g.\"}]},{\"@type\":\"WebSite\",\"@id\":\"https:\/\/tiandeproducts.co.uk\/#website\",\"url\":\"https:\/\/tiandeproducts.co.uk\/\",\"name\":\"TianDe Online Shop - Beauty & Health\",\"description\":\"Traditional Chinese Medicine\",\"potentialAction\":[{\"@type\":\"SearchAction\",\"target\":{\"@type\":\"EntryPoint\",\"urlTemplate\":\"https:\/\/tiandeproducts.co.uk\/?s={search_term_string}\"},\"query-input\":{\"@type\":\"PropertyValueSpecification\",\"valueRequired\":true,\"valueName\":\"search_term_string\"}}],\"inLanguage\":\"lt-LT\"}]}<\/script>\n<!-- \/ Yoast SEO plugin. -->","yoast_head_json":{"title":"TianDe imbierin\u0117 arbata 18 g. - TianDe Online Shop - Beauty &amp; Health","robots":{"index":"index","follow":"follow","max-snippet":"max-snippet:-1","max-image-preview":"max-image-preview:large","max-video-preview":"max-video-preview:-1"},"canonical":"https:\/\/tiandeproducts.co.uk\/lt\/tiande-imbierine-arbata-18-g\/","og_locale":"lt_LT","og_type":"article","og_title":"TianDe imbierin\u0117 arbata 18 g. - TianDe Online Shop - Beauty &amp; Health","og_description":"\u00a0Earn 2 points worth \u00a30.10 when buying this product Rudojo cukranendri\u0173 cukraus sud\u0117tyje &#8211; didelis kiekis kalio, kalcio, natrio, fosforo, magnio, cinko, vitamino B kompleksas. Imbiero \u0161aknis vadinama tikrojo stebuklo \u0161aknimi. Joje yra daugiau nei 400 biologi\u0161kai aktyvi\u0173 med\u0163iag\u0173, eterinis aliejus, kuris veikia kaip antioksidantas ir stiprus antibakterinis preparatas. Imbieras \u201epats \u017eino\u201d k\u0105 jam gydyti [...]","og_url":"https:\/\/tiandeproducts.co.uk\/lt\/tiande-imbierine-arbata-18-g\/","og_site_name":"TianDe Online Shop - Beauty &amp; Health","article_publisher":"https:\/\/www.facebook.com\/tiande.products.england\/","article_modified_time":"2021-02-25T12:10:52+00:00","og_image":[{"width":700,"height":700,"url":"https:\/\/tiandeproducts.co.uk\/wp-content\/uploads\/2016\/04\/120105.png","type":"image\/png"}],"twitter_card":"summary_large_image","twitter_misc":{"Est. reading time":"1 minut\u0117"},"schema":{"@context":"https:\/\/schema.org","@graph":[{"@type":"WebPage","@id":"https:\/\/tiandeproducts.co.uk\/lt\/tiande-imbierine-arbata-18-g\/","url":"https:\/\/tiandeproducts.co.uk\/lt\/tiande-imbierine-arbata-18-g\/","name":"TianDe imbierin\u0117 arbata 18 g. - TianDe Online Shop - Beauty &amp; Health","isPartOf":{"@id":"https:\/\/tiandeproducts.co.uk\/#website"},"primaryImageOfPage":{"@id":"https:\/\/tiandeproducts.co.uk\/lt\/tiande-imbierine-arbata-18-g\/#primaryimage"},"image":{"@id":"https:\/\/tiandeproducts.co.uk\/lt\/tiande-imbierine-arbata-18-g\/#primaryimage"},"thumbnailUrl":"https:\/\/tiandeproducts.co.uk\/wp-content\/uploads\/2016\/04\/120105.png","datePublished":"2016-04-23T17:14:33+00:00","dateModified":"2021-02-25T12:10:52+00:00","breadcrumb":{"@id":"https:\/\/tiandeproducts.co.uk\/lt\/tiande-imbierine-arbata-18-g\/#breadcrumb"},"inLanguage":"lt-LT","potentialAction":[{"@type":"ReadAction","target":["https:\/\/tiandeproducts.co.uk\/lt\/tiande-imbierine-arbata-18-g\/"]}]},{"@type":"ImageObject","inLanguage":"lt-LT","@id":"https:\/\/tiandeproducts.co.uk\/lt\/tiande-imbierine-arbata-18-g\/#primaryimage","url":"https:\/\/tiandeproducts.co.uk\/wp-content\/uploads\/2016\/04\/120105.png","contentUrl":"https:\/\/tiandeproducts.co.uk\/wp-content\/uploads\/2016\/04\/120105.png","width":700,"height":700,"caption":"Ginger Tea,1pc-0"},{"@type":"BreadcrumbList","@id":"https:\/\/tiandeproducts.co.uk\/lt\/tiande-imbierine-arbata-18-g\/#breadcrumb","itemListElement":[{"@type":"ListItem","position":1,"name":"Home","item":"https:\/\/tiandeproducts.co.uk\/lt\/"},{"@type":"ListItem","position":2,"name":"Shop","item":"https:\/\/tiandeproducts.co.uk\/lt\/shop-2\/"},{"@type":"ListItem","position":3,"name":"TianDe imbierin\u0117 arbata 18 g."}]},{"@type":"WebSite","@id":"https:\/\/tiandeproducts.co.uk\/#website","url":"https:\/\/tiandeproducts.co.uk\/","name":"TianDe Online Shop - Beauty & Health","description":"Traditional Chinese Medicine","potentialAction":[{"@type":"SearchAction","target":{"@type":"EntryPoint","urlTemplate":"https:\/\/tiandeproducts.co.uk\/?s={search_term_string}"},"query-input":{"@type":"PropertyValueSpecification","valueRequired":true,"valueName":"search_term_string"}}],"inLanguage":"lt-LT"}]}},"_links":{"self":[{"href":"https:\/\/tiandeproducts.co.uk\/lt\/wp-json\/wp\/v2\/product\/4113","targetHints":{"allow":["GET"]}}],"collection":[{"href":"https:\/\/tiandeproducts.co.uk\/lt\/wp-json\/wp\/v2\/product"}],"about":[{"href":"https:\/\/tiandeproducts.co.uk\/lt\/wp-json\/wp\/v2\/types\/product"}],"replies":[{"embeddable":true,"href":"https:\/\/tiandeproducts.co.uk\/lt\/wp-json\/wp\/v2\/comments?post=4113"}],"wp:featuredmedia":[{"embeddable":true,"href":"https:\/\/tiandeproducts.co.uk\/lt\/wp-json\/wp\/v2\/media\/1312"}],"wp:attachment":[{"href":"https:\/\/tiandeproducts.co.uk\/lt\/wp-json\/wp\/v2\/media?parent=4113"}],"wp:term":[{"taxonomy":"product_cat","embeddable":true,"href":"https:\/\/tiandeproducts.co.uk\/lt\/wp-json\/wp\/v2\/product_cat?post=4113"},{"taxonomy":"product_tag","embeddable":true,"href":"https:\/\/tiandeproducts.co.uk\/lt\/wp-json\/wp\/v2\/product_tag?post=4113"}],"curies":[{"name":"wp","href":"https:\/\/api.w.org\/{rel}","templated":true}]}}