{"id":4104,"date":"2016-05-13T12:33:23","date_gmt":"2016-05-13T11:33:23","guid":{"rendered":"https:\/\/tnd.ontesting.co.uk\/volelis-masazuoklis-veidui-1-vnt\/"},"modified":"2021-02-25T12:07:39","modified_gmt":"2021-02-25T12:07:39","slug":"volelis-masazuoklis-veidui-1-vnt","status":"publish","type":"product","link":"https:\/\/tiandeproducts.co.uk\/lt\/volelis-masazuoklis-veidui-1-vnt\/","title":{"rendered":"Volelis masa\u017euoklis veidui 1 vnt."},"content":{"rendered":"<p><img decoding=\"async\" style=\"max-width: 16px; margin-right: 5px;\" src=\"https:\/\/tiandeproducts.co.uk\/wp-content\/uploads\/points-green.svg\" \/>\u00a0Earn 6 points worth \u00a30.30 when buying this product<\/p>\n<p>Masa\u017euoklis padeda pagerinti bendr\u0105 odos b\u016bkl\u0119, tod\u0117l ji tampa elastinga, atspari sen\u0117jimo procesui ir neigiamam i\u0161orin\u0117s aplinkos poveikiui. Jis \u0161velnina ir stangrina od\u0105, apsaugo nuo dvigubo smakro, pagerina kosmetikos \u012fsisavinim\u0105. Jis pagerina veido raumen\u0173 tonus\u0105, pagerina veido spalv\u0105.<br \/>\nI\u0161 viso 7-15 minu\u010di\u0173 masa\u017eo per dien\u0105 ir real\u016bs rezultatai per 3-4 savaites.<\/p>\n<p>Naudojimas: prie\u0161 naudodamiesi masa\u017euojan\u010diu voleliu, nuvalykite veid\u0105 ir nuplaukite volel\u012f \u0161iltu vandeniu su muilu. \u0160velniais masa\u017euojan\u010diais judesiais, veskite auk\u0161tyn su paspaudimu, \u017eemyn &#8211; be paspaudimo. Rekomenduojamas masa\u017eo laikas yra 7-10 minu\u010di\u0173.<\/p>\n","protected":false},"excerpt":{"rendered":"<p>\u00a0Earn 6 points worth \u00a30.30 when buying this product Masa\u017euoklis padeda pagerinti bendr\u0105 odos b\u016bkl\u0119, tod\u0117l ji tampa elastinga, atspari sen\u0117jimo procesui ir neigiamam i\u0161orin\u0117s aplinkos poveikiui. Jis \u0161velnina ir stangrina od\u0105, apsaugo nuo dvigubo smakro, pagerina kosmetikos \u012fsisavinim\u0105. Jis pagerina veido raumen\u0173 tonus\u0105, pagerina veido spalv\u0105. I\u0161 viso 7-15 minu\u010di\u0173 masa\u017eo per dien\u0105 ir [&#8230;]\n","protected":false},"featured_media":1380,"comment_status":"closed","ping_status":"closed","template":"","meta":[],"product_cat":[717,461,467,482,563,606],"product_tag":[],"class_list":{"0":"post-4104","1":"product","2":"type-product","3":"status-publish","4":"has-post-thumbnail","6":"product_cat-akcijos","7":"product_cat-aksesuarai","8":"product_cat-kosmetikos-reikmenys","9":"product_cat-masazas","10":"product_cat-odos-elastngumas","11":"product_cat-papildoma-odos-prieziura","13":"first","14":"instock","15":"sale","16":"shipping-taxable","17":"purchasable","18":"product-type-simple"},"yoast_head":"<!-- This site is optimized with the Yoast SEO plugin v23.6 - https:\/\/yoast.com\/wordpress\/plugins\/seo\/ -->\n<title>Volelis masa\u017euoklis veidui 1 vnt. - TianDe Online Shop - Beauty &amp; Health<\/title>\n<meta name=\"robots\" content=\"index, follow, max-snippet:-1, max-image-preview:large, max-video-preview:-1\" \/>\n<link rel=\"canonical\" href=\"https:\/\/tiandeproducts.co.uk\/lt\/volelis-masazuoklis-veidui-1-vnt\/\" \/>\n<meta property=\"og:locale\" content=\"lt_LT\" \/>\n<meta property=\"og:type\" content=\"article\" \/>\n<meta property=\"og:title\" content=\"Volelis masa\u017euoklis veidui 1 vnt. - TianDe Online Shop - Beauty &amp; Health\" \/>\n<meta property=\"og:description\" content=\"\u00a0Earn 6 points worth \u00a30.30 when buying this product Masa\u017euoklis padeda pagerinti bendr\u0105 odos b\u016bkl\u0119, tod\u0117l ji tampa elastinga, atspari sen\u0117jimo procesui ir neigiamam i\u0161orin\u0117s aplinkos poveikiui. Jis \u0161velnina ir stangrina od\u0105, apsaugo nuo dvigubo smakro, pagerina kosmetikos \u012fsisavinim\u0105. Jis pagerina veido raumen\u0173 tonus\u0105, pagerina veido spalv\u0105. I\u0161 viso 7-15 minu\u010di\u0173 masa\u017eo per dien\u0105 ir [...]\" \/>\n<meta property=\"og:url\" content=\"https:\/\/tiandeproducts.co.uk\/lt\/volelis-masazuoklis-veidui-1-vnt\/\" \/>\n<meta property=\"og:site_name\" content=\"TianDe Online Shop - Beauty &amp; Health\" \/>\n<meta property=\"article:publisher\" content=\"https:\/\/www.facebook.com\/tiande.products.england\/\" \/>\n<meta property=\"article:modified_time\" content=\"2021-02-25T12:07:39+00:00\" \/>\n<meta property=\"og:image\" content=\"https:\/\/tiandeproducts.co.uk\/wp-content\/uploads\/2016\/05\/90151.png\" \/>\n\t<meta property=\"og:image:width\" content=\"700\" \/>\n\t<meta property=\"og:image:height\" content=\"700\" \/>\n\t<meta property=\"og:image:type\" content=\"image\/png\" \/>\n<meta name=\"twitter:card\" content=\"summary_large_image\" \/>\n<meta name=\"twitter:label1\" content=\"Est. reading time\" \/>\n\t<meta name=\"twitter:data1\" content=\"1 minut\u0117\" \/>\n<script type=\"application\/ld+json\" class=\"yoast-schema-graph\">{\"@context\":\"https:\/\/schema.org\",\"@graph\":[{\"@type\":\"WebPage\",\"@id\":\"https:\/\/tiandeproducts.co.uk\/lt\/volelis-masazuoklis-veidui-1-vnt\/\",\"url\":\"https:\/\/tiandeproducts.co.uk\/lt\/volelis-masazuoklis-veidui-1-vnt\/\",\"name\":\"Volelis masa\u017euoklis veidui 1 vnt. - TianDe Online Shop - Beauty &amp; Health\",\"isPartOf\":{\"@id\":\"https:\/\/tiandeproducts.co.uk\/#website\"},\"primaryImageOfPage\":{\"@id\":\"https:\/\/tiandeproducts.co.uk\/lt\/volelis-masazuoklis-veidui-1-vnt\/#primaryimage\"},\"image\":{\"@id\":\"https:\/\/tiandeproducts.co.uk\/lt\/volelis-masazuoklis-veidui-1-vnt\/#primaryimage\"},\"thumbnailUrl\":\"https:\/\/tiandeproducts.co.uk\/wp-content\/uploads\/2016\/05\/90151.png\",\"datePublished\":\"2016-05-13T11:33:23+00:00\",\"dateModified\":\"2021-02-25T12:07:39+00:00\",\"breadcrumb\":{\"@id\":\"https:\/\/tiandeproducts.co.uk\/lt\/volelis-masazuoklis-veidui-1-vnt\/#breadcrumb\"},\"inLanguage\":\"lt-LT\",\"potentialAction\":[{\"@type\":\"ReadAction\",\"target\":[\"https:\/\/tiandeproducts.co.uk\/lt\/volelis-masazuoklis-veidui-1-vnt\/\"]}]},{\"@type\":\"ImageObject\",\"inLanguage\":\"lt-LT\",\"@id\":\"https:\/\/tiandeproducts.co.uk\/lt\/volelis-masazuoklis-veidui-1-vnt\/#primaryimage\",\"url\":\"https:\/\/tiandeproducts.co.uk\/wp-content\/uploads\/2016\/05\/90151.png\",\"contentUrl\":\"https:\/\/tiandeproducts.co.uk\/wp-content\/uploads\/2016\/05\/90151.png\",\"width\":700,\"height\":700,\"caption\":\"Face Massage Roller,smoothes & lifts your facial skin1pc-0\"},{\"@type\":\"BreadcrumbList\",\"@id\":\"https:\/\/tiandeproducts.co.uk\/lt\/volelis-masazuoklis-veidui-1-vnt\/#breadcrumb\",\"itemListElement\":[{\"@type\":\"ListItem\",\"position\":1,\"name\":\"Home\",\"item\":\"https:\/\/tiandeproducts.co.uk\/lt\/\"},{\"@type\":\"ListItem\",\"position\":2,\"name\":\"Shop\",\"item\":\"https:\/\/tiandeproducts.co.uk\/lt\/shop-2\/\"},{\"@type\":\"ListItem\",\"position\":3,\"name\":\"Volelis masa\u017euoklis veidui 1 vnt.\"}]},{\"@type\":\"WebSite\",\"@id\":\"https:\/\/tiandeproducts.co.uk\/#website\",\"url\":\"https:\/\/tiandeproducts.co.uk\/\",\"name\":\"TianDe Online Shop - Beauty & Health\",\"description\":\"Traditional Chinese Medicine\",\"potentialAction\":[{\"@type\":\"SearchAction\",\"target\":{\"@type\":\"EntryPoint\",\"urlTemplate\":\"https:\/\/tiandeproducts.co.uk\/?s={search_term_string}\"},\"query-input\":{\"@type\":\"PropertyValueSpecification\",\"valueRequired\":true,\"valueName\":\"search_term_string\"}}],\"inLanguage\":\"lt-LT\"}]}<\/script>\n<!-- \/ Yoast SEO plugin. -->","yoast_head_json":{"title":"Volelis masa\u017euoklis veidui 1 vnt. - TianDe Online Shop - Beauty &amp; Health","robots":{"index":"index","follow":"follow","max-snippet":"max-snippet:-1","max-image-preview":"max-image-preview:large","max-video-preview":"max-video-preview:-1"},"canonical":"https:\/\/tiandeproducts.co.uk\/lt\/volelis-masazuoklis-veidui-1-vnt\/","og_locale":"lt_LT","og_type":"article","og_title":"Volelis masa\u017euoklis veidui 1 vnt. - TianDe Online Shop - Beauty &amp; Health","og_description":"\u00a0Earn 6 points worth \u00a30.30 when buying this product Masa\u017euoklis padeda pagerinti bendr\u0105 odos b\u016bkl\u0119, tod\u0117l ji tampa elastinga, atspari sen\u0117jimo procesui ir neigiamam i\u0161orin\u0117s aplinkos poveikiui. Jis \u0161velnina ir stangrina od\u0105, apsaugo nuo dvigubo smakro, pagerina kosmetikos \u012fsisavinim\u0105. Jis pagerina veido raumen\u0173 tonus\u0105, pagerina veido spalv\u0105. I\u0161 viso 7-15 minu\u010di\u0173 masa\u017eo per dien\u0105 ir [...]","og_url":"https:\/\/tiandeproducts.co.uk\/lt\/volelis-masazuoklis-veidui-1-vnt\/","og_site_name":"TianDe Online Shop - Beauty &amp; Health","article_publisher":"https:\/\/www.facebook.com\/tiande.products.england\/","article_modified_time":"2021-02-25T12:07:39+00:00","og_image":[{"width":700,"height":700,"url":"https:\/\/tiandeproducts.co.uk\/wp-content\/uploads\/2016\/05\/90151.png","type":"image\/png"}],"twitter_card":"summary_large_image","twitter_misc":{"Est. reading time":"1 minut\u0117"},"schema":{"@context":"https:\/\/schema.org","@graph":[{"@type":"WebPage","@id":"https:\/\/tiandeproducts.co.uk\/lt\/volelis-masazuoklis-veidui-1-vnt\/","url":"https:\/\/tiandeproducts.co.uk\/lt\/volelis-masazuoklis-veidui-1-vnt\/","name":"Volelis masa\u017euoklis veidui 1 vnt. - TianDe Online Shop - Beauty &amp; Health","isPartOf":{"@id":"https:\/\/tiandeproducts.co.uk\/#website"},"primaryImageOfPage":{"@id":"https:\/\/tiandeproducts.co.uk\/lt\/volelis-masazuoklis-veidui-1-vnt\/#primaryimage"},"image":{"@id":"https:\/\/tiandeproducts.co.uk\/lt\/volelis-masazuoklis-veidui-1-vnt\/#primaryimage"},"thumbnailUrl":"https:\/\/tiandeproducts.co.uk\/wp-content\/uploads\/2016\/05\/90151.png","datePublished":"2016-05-13T11:33:23+00:00","dateModified":"2021-02-25T12:07:39+00:00","breadcrumb":{"@id":"https:\/\/tiandeproducts.co.uk\/lt\/volelis-masazuoklis-veidui-1-vnt\/#breadcrumb"},"inLanguage":"lt-LT","potentialAction":[{"@type":"ReadAction","target":["https:\/\/tiandeproducts.co.uk\/lt\/volelis-masazuoklis-veidui-1-vnt\/"]}]},{"@type":"ImageObject","inLanguage":"lt-LT","@id":"https:\/\/tiandeproducts.co.uk\/lt\/volelis-masazuoklis-veidui-1-vnt\/#primaryimage","url":"https:\/\/tiandeproducts.co.uk\/wp-content\/uploads\/2016\/05\/90151.png","contentUrl":"https:\/\/tiandeproducts.co.uk\/wp-content\/uploads\/2016\/05\/90151.png","width":700,"height":700,"caption":"Face Massage Roller,smoothes & lifts your facial skin1pc-0"},{"@type":"BreadcrumbList","@id":"https:\/\/tiandeproducts.co.uk\/lt\/volelis-masazuoklis-veidui-1-vnt\/#breadcrumb","itemListElement":[{"@type":"ListItem","position":1,"name":"Home","item":"https:\/\/tiandeproducts.co.uk\/lt\/"},{"@type":"ListItem","position":2,"name":"Shop","item":"https:\/\/tiandeproducts.co.uk\/lt\/shop-2\/"},{"@type":"ListItem","position":3,"name":"Volelis masa\u017euoklis veidui 1 vnt."}]},{"@type":"WebSite","@id":"https:\/\/tiandeproducts.co.uk\/#website","url":"https:\/\/tiandeproducts.co.uk\/","name":"TianDe Online Shop - Beauty & Health","description":"Traditional Chinese Medicine","potentialAction":[{"@type":"SearchAction","target":{"@type":"EntryPoint","urlTemplate":"https:\/\/tiandeproducts.co.uk\/?s={search_term_string}"},"query-input":{"@type":"PropertyValueSpecification","valueRequired":true,"valueName":"search_term_string"}}],"inLanguage":"lt-LT"}]}},"_links":{"self":[{"href":"https:\/\/tiandeproducts.co.uk\/lt\/wp-json\/wp\/v2\/product\/4104","targetHints":{"allow":["GET"]}}],"collection":[{"href":"https:\/\/tiandeproducts.co.uk\/lt\/wp-json\/wp\/v2\/product"}],"about":[{"href":"https:\/\/tiandeproducts.co.uk\/lt\/wp-json\/wp\/v2\/types\/product"}],"replies":[{"embeddable":true,"href":"https:\/\/tiandeproducts.co.uk\/lt\/wp-json\/wp\/v2\/comments?post=4104"}],"wp:featuredmedia":[{"embeddable":true,"href":"https:\/\/tiandeproducts.co.uk\/lt\/wp-json\/wp\/v2\/media\/1380"}],"wp:attachment":[{"href":"https:\/\/tiandeproducts.co.uk\/lt\/wp-json\/wp\/v2\/media?parent=4104"}],"wp:term":[{"taxonomy":"product_cat","embeddable":true,"href":"https:\/\/tiandeproducts.co.uk\/lt\/wp-json\/wp\/v2\/product_cat?post=4104"},{"taxonomy":"product_tag","embeddable":true,"href":"https:\/\/tiandeproducts.co.uk\/lt\/wp-json\/wp\/v2\/product_tag?post=4104"}],"curies":[{"name":"wp","href":"https:\/\/api.w.org\/{rel}","templated":true}]}}