{"id":4102,"date":"2016-12-13T22:28:00","date_gmt":"2016-12-13T22:28:00","guid":{"rendered":"https:\/\/tnd.ontesting.co.uk\/duso-gelis-vyrams-su-sidabru-250g\/"},"modified":"2021-02-25T12:01:34","modified_gmt":"2021-02-25T12:01:34","slug":"duso-gelis-vyrams-su-sidabru-250g","status":"publish","type":"product","link":"https:\/\/tiandeproducts.co.uk\/lt\/duso-gelis-vyrams-su-sidabru-250g\/","title":{"rendered":"Du\u0161o gelis vyrams su sidabru, 250g."},"content":{"rendered":"<p><img decoding=\"async\" style=\"max-width: 16px; margin-right: 5px;\" src=\"https:\/\/tiandeproducts.co.uk\/wp-content\/uploads\/points-green.svg\" \/>\u00a0Earn 9 points worth \u00a30.45 when buying this product<\/p>\n<p>Du\u0161o gelis su koloidiniu sidabru naikina bakterijas ir mikroorganizmus, apsaugo nuo nemalonaus k\u016bno\u00a0bei prakaito kvapo, dezodoruoja, \u0161alina odos sudirgimus, mink\u0161tina. Priemon\u0117 pasi\u017eymi labai stipriomis prie\u0161u\u017edegimin\u0117mis ir antiseptin\u0117mis savyb\u0117mis, kas ypa\u010d svarbu gausiai prakaituojant. Aktyv\u016bs komponentai nuramina od\u0105, padeda i\u0161spr\u0119sti nedideli\u0173 odos \u012fbr\u0117\u017eim\u0173 ir \u017eaizdeli\u0173 problemas, pa\u0161alinti dermatologinius negalavimus.<\/p>\n<p>Priemon\u0117 sukurta\u00a0specialiai vyrams, atsi\u017evelgiant \u012f vyri\u0161kos odos savitum\u0105 ir i\u0161skirtinumus. Vyr\u0173 oda i\u0161skiria prakait\u0105 \u017eymiai stipriau nei moter\u0173, tiek streso metu, tiek miegant, tod\u0117l vyrams reguliarios higienos proced\u016bros b\u016btinos ir ryte ir vakare.<\/p>\n<p>Sud\u0117tyje n\u0117ra paraben\u0173 ir da\u017eikli\u0173, n\u0117ra negatyvi\u0173 reakcij\u0173 rizikos, tinka jautriai odai. Gelis gausiai putoja, labai ekonomi\u0161kas. Gaivus \u0161varos aromatas patiks ir jauniems ir brandaus am\u017eiaus vyrams.<\/p>\n<p><strong>Naudojimas:<\/strong><br \/>\nNedidel\u012f kiek\u012f gelio tepkite ant dr\u0117gnos odos, masa\u017euokite kol suputos, po to nuplaukite tekan\u010diu vandeniu.<\/p>\n<p><strong>Veikliosios med\u017eiagos:\u00a0<\/strong><\/p>\n<p><strong>Koloidinis sidabras<\/strong>\u00a0&#8211; sidabro molekuli\u0173 sankaupa, kuri pl\u016bduriuodama vandenyje netirpsta ir nereaguoja su juo. Svarbu tai, kad koloidinio sidabro molekul\u0117s b\u016bdamos ma\u017eesn\u0117s nei virusai ar bakterijos laisvai prasiskverbia \u012f patogenus ir naikina juos. Antibiotikai kovoja tik su bakterijomis, koloidinis sidabras naikina ir bakterijas ir virusus. Veikdamas kaip nat\u016bralus antibiotikas, sidabras naikina daugiau nei 650 ligas sukelian\u010di\u0173 organizm\u0173. Koloidinis sidabras puikiai tinka kasdienei odos prie\u017ei\u016brai, jis efektyviai pa\u0161alina dermatologinius negalavimus, nesukelia dirglumo, netoksi\u0161kas, tinkamas naudoti jautriai odai.<\/p>\n<p><strong>Citrin\u0173 \u017eieveli\u0173 aliejus<\/strong>\u00a0padeda sustiprinti apsaugines odos funkcijas, pasi\u017eymi puikiomis ne\u0161varum\u0173 \u0161alinimo, dezinfekuojan\u010diomis, antibakterin\u0117mis, antiseptin\u0117mis, balinan\u010diomis, tonizuojan\u010diomis savyb\u0117mis. Aktyviosios med\u017eiagos dr\u0117kina ir mink\u0161tina od\u0105, padeda sustabdyti odos sen\u0117jimo procesus, suteikia stangrumo.<\/p>\n<p><strong>Alantoinas<\/strong>\u00a0ramina sudirgusi\u0105 od\u0105, suteikia jai lygumo ir elastingumo, skatina l\u0105steli\u0173 regeneracij\u0105, turi antialergini\u0173 savybi\u0173, padeda gydyti \u017eaizdas, nudegimus ir \u012ftr\u016bkimus, mink\u0161tina.<\/p>\n","protected":false},"excerpt":{"rendered":"<p>\u00a0Earn 9 points worth \u00a30.45 when buying this product Du\u0161o gelis su koloidiniu sidabru naikina bakterijas ir mikroorganizmus, apsaugo nuo nemalonaus k\u016bno\u00a0bei prakaito kvapo, dezodoruoja, \u0161alina odos sudirgimus, mink\u0161tina. Priemon\u0117 pasi\u017eymi labai stipriomis prie\u0161u\u017edegimin\u0117mis ir antiseptin\u0117mis savyb\u0117mis, kas ypa\u010d svarbu gausiai prakaituojant. Aktyv\u016bs komponentai nuramina od\u0105, padeda i\u0161spr\u0119sti nedideli\u0173 odos \u012fbr\u0117\u017eim\u0173 ir \u017eaizdeli\u0173 problemas, pa\u0161alinti [&#8230;]\n","protected":false},"featured_media":1405,"comment_status":"closed","ping_status":"closed","template":"","meta":[],"product_cat":[627,626],"product_tag":[],"class_list":{"0":"post-4102","1":"product","2":"type-product","3":"status-publish","4":"has-post-thumbnail","6":"product_cat-kosmetikos-produktai","7":"product_cat-vyr","9":"first","10":"outofstock","11":"shipping-taxable","12":"purchasable","13":"product-type-simple"},"yoast_head":"<!-- This site is optimized with the Yoast SEO plugin v23.6 - https:\/\/yoast.com\/wordpress\/plugins\/seo\/ -->\n<title>Du\u0161o gelis vyrams su sidabru, 250g. - TianDe Online Shop - Beauty &amp; Health<\/title>\n<meta name=\"robots\" content=\"index, follow, max-snippet:-1, max-image-preview:large, max-video-preview:-1\" \/>\n<link rel=\"canonical\" href=\"https:\/\/tiandeproducts.co.uk\/lt\/duso-gelis-vyrams-su-sidabru-250g\/\" \/>\n<meta property=\"og:locale\" content=\"lt_LT\" \/>\n<meta property=\"og:type\" content=\"article\" \/>\n<meta property=\"og:title\" content=\"Du\u0161o gelis vyrams su sidabru, 250g. - TianDe Online Shop - Beauty &amp; Health\" \/>\n<meta property=\"og:description\" content=\"\u00a0Earn 9 points worth \u00a30.45 when buying this product Du\u0161o gelis su koloidiniu sidabru naikina bakterijas ir mikroorganizmus, apsaugo nuo nemalonaus k\u016bno\u00a0bei prakaito kvapo, dezodoruoja, \u0161alina odos sudirgimus, mink\u0161tina. Priemon\u0117 pasi\u017eymi labai stipriomis prie\u0161u\u017edegimin\u0117mis ir antiseptin\u0117mis savyb\u0117mis, kas ypa\u010d svarbu gausiai prakaituojant. Aktyv\u016bs komponentai nuramina od\u0105, padeda i\u0161spr\u0119sti nedideli\u0173 odos \u012fbr\u0117\u017eim\u0173 ir \u017eaizdeli\u0173 problemas, pa\u0161alinti [...]\" \/>\n<meta property=\"og:url\" content=\"https:\/\/tiandeproducts.co.uk\/lt\/duso-gelis-vyrams-su-sidabru-250g\/\" \/>\n<meta property=\"og:site_name\" content=\"TianDe Online Shop - Beauty &amp; Health\" \/>\n<meta property=\"article:publisher\" content=\"https:\/\/www.facebook.com\/tiande.products.england\/\" \/>\n<meta property=\"article:modified_time\" content=\"2021-02-25T12:01:34+00:00\" \/>\n<meta property=\"og:image\" content=\"https:\/\/tiandeproducts.co.uk\/wp-content\/uploads\/2016\/12\/30133_s.png\" \/>\n\t<meta property=\"og:image:width\" content=\"700\" \/>\n\t<meta property=\"og:image:height\" content=\"700\" \/>\n\t<meta property=\"og:image:type\" content=\"image\/png\" \/>\n<meta name=\"twitter:card\" content=\"summary_large_image\" \/>\n<meta name=\"twitter:label1\" content=\"Est. reading time\" \/>\n\t<meta name=\"twitter:data1\" content=\"2 minut\u0117s\" \/>\n<script type=\"application\/ld+json\" class=\"yoast-schema-graph\">{\"@context\":\"https:\/\/schema.org\",\"@graph\":[{\"@type\":\"WebPage\",\"@id\":\"https:\/\/tiandeproducts.co.uk\/lt\/duso-gelis-vyrams-su-sidabru-250g\/\",\"url\":\"https:\/\/tiandeproducts.co.uk\/lt\/duso-gelis-vyrams-su-sidabru-250g\/\",\"name\":\"Du\u0161o gelis vyrams su sidabru, 250g. - TianDe Online Shop - Beauty &amp; Health\",\"isPartOf\":{\"@id\":\"https:\/\/tiandeproducts.co.uk\/#website\"},\"primaryImageOfPage\":{\"@id\":\"https:\/\/tiandeproducts.co.uk\/lt\/duso-gelis-vyrams-su-sidabru-250g\/#primaryimage\"},\"image\":{\"@id\":\"https:\/\/tiandeproducts.co.uk\/lt\/duso-gelis-vyrams-su-sidabru-250g\/#primaryimage\"},\"thumbnailUrl\":\"https:\/\/tiandeproducts.co.uk\/wp-content\/uploads\/2016\/12\/30133_s.png\",\"datePublished\":\"2016-12-13T22:28:00+00:00\",\"dateModified\":\"2021-02-25T12:01:34+00:00\",\"breadcrumb\":{\"@id\":\"https:\/\/tiandeproducts.co.uk\/lt\/duso-gelis-vyrams-su-sidabru-250g\/#breadcrumb\"},\"inLanguage\":\"lt-LT\",\"potentialAction\":[{\"@type\":\"ReadAction\",\"target\":[\"https:\/\/tiandeproducts.co.uk\/lt\/duso-gelis-vyrams-su-sidabru-250g\/\"]}]},{\"@type\":\"ImageObject\",\"inLanguage\":\"lt-LT\",\"@id\":\"https:\/\/tiandeproducts.co.uk\/lt\/duso-gelis-vyrams-su-sidabru-250g\/#primaryimage\",\"url\":\"https:\/\/tiandeproducts.co.uk\/wp-content\/uploads\/2016\/12\/30133_s.png\",\"contentUrl\":\"https:\/\/tiandeproducts.co.uk\/wp-content\/uploads\/2016\/12\/30133_s.png\",\"width\":700,\"height\":700,\"caption\":\"Men's shower gel with silver,250g-0\"},{\"@type\":\"BreadcrumbList\",\"@id\":\"https:\/\/tiandeproducts.co.uk\/lt\/duso-gelis-vyrams-su-sidabru-250g\/#breadcrumb\",\"itemListElement\":[{\"@type\":\"ListItem\",\"position\":1,\"name\":\"Home\",\"item\":\"https:\/\/tiandeproducts.co.uk\/lt\/\"},{\"@type\":\"ListItem\",\"position\":2,\"name\":\"Shop\",\"item\":\"https:\/\/tiandeproducts.co.uk\/lt\/shop-2\/\"},{\"@type\":\"ListItem\",\"position\":3,\"name\":\"Du\u0161o gelis vyrams su sidabru, 250g.\"}]},{\"@type\":\"WebSite\",\"@id\":\"https:\/\/tiandeproducts.co.uk\/#website\",\"url\":\"https:\/\/tiandeproducts.co.uk\/\",\"name\":\"TianDe Online Shop - Beauty & Health\",\"description\":\"Traditional Chinese Medicine\",\"potentialAction\":[{\"@type\":\"SearchAction\",\"target\":{\"@type\":\"EntryPoint\",\"urlTemplate\":\"https:\/\/tiandeproducts.co.uk\/?s={search_term_string}\"},\"query-input\":{\"@type\":\"PropertyValueSpecification\",\"valueRequired\":true,\"valueName\":\"search_term_string\"}}],\"inLanguage\":\"lt-LT\"}]}<\/script>\n<!-- \/ Yoast SEO plugin. -->","yoast_head_json":{"title":"Du\u0161o gelis vyrams su sidabru, 250g. - TianDe Online Shop - Beauty &amp; Health","robots":{"index":"index","follow":"follow","max-snippet":"max-snippet:-1","max-image-preview":"max-image-preview:large","max-video-preview":"max-video-preview:-1"},"canonical":"https:\/\/tiandeproducts.co.uk\/lt\/duso-gelis-vyrams-su-sidabru-250g\/","og_locale":"lt_LT","og_type":"article","og_title":"Du\u0161o gelis vyrams su sidabru, 250g. - TianDe Online Shop - Beauty &amp; Health","og_description":"\u00a0Earn 9 points worth \u00a30.45 when buying this product Du\u0161o gelis su koloidiniu sidabru naikina bakterijas ir mikroorganizmus, apsaugo nuo nemalonaus k\u016bno\u00a0bei prakaito kvapo, dezodoruoja, \u0161alina odos sudirgimus, mink\u0161tina. Priemon\u0117 pasi\u017eymi labai stipriomis prie\u0161u\u017edegimin\u0117mis ir antiseptin\u0117mis savyb\u0117mis, kas ypa\u010d svarbu gausiai prakaituojant. Aktyv\u016bs komponentai nuramina od\u0105, padeda i\u0161spr\u0119sti nedideli\u0173 odos \u012fbr\u0117\u017eim\u0173 ir \u017eaizdeli\u0173 problemas, pa\u0161alinti [...]","og_url":"https:\/\/tiandeproducts.co.uk\/lt\/duso-gelis-vyrams-su-sidabru-250g\/","og_site_name":"TianDe Online Shop - Beauty &amp; Health","article_publisher":"https:\/\/www.facebook.com\/tiande.products.england\/","article_modified_time":"2021-02-25T12:01:34+00:00","og_image":[{"width":700,"height":700,"url":"https:\/\/tiandeproducts.co.uk\/wp-content\/uploads\/2016\/12\/30133_s.png","type":"image\/png"}],"twitter_card":"summary_large_image","twitter_misc":{"Est. reading time":"2 minut\u0117s"},"schema":{"@context":"https:\/\/schema.org","@graph":[{"@type":"WebPage","@id":"https:\/\/tiandeproducts.co.uk\/lt\/duso-gelis-vyrams-su-sidabru-250g\/","url":"https:\/\/tiandeproducts.co.uk\/lt\/duso-gelis-vyrams-su-sidabru-250g\/","name":"Du\u0161o gelis vyrams su sidabru, 250g. - TianDe Online Shop - Beauty &amp; Health","isPartOf":{"@id":"https:\/\/tiandeproducts.co.uk\/#website"},"primaryImageOfPage":{"@id":"https:\/\/tiandeproducts.co.uk\/lt\/duso-gelis-vyrams-su-sidabru-250g\/#primaryimage"},"image":{"@id":"https:\/\/tiandeproducts.co.uk\/lt\/duso-gelis-vyrams-su-sidabru-250g\/#primaryimage"},"thumbnailUrl":"https:\/\/tiandeproducts.co.uk\/wp-content\/uploads\/2016\/12\/30133_s.png","datePublished":"2016-12-13T22:28:00+00:00","dateModified":"2021-02-25T12:01:34+00:00","breadcrumb":{"@id":"https:\/\/tiandeproducts.co.uk\/lt\/duso-gelis-vyrams-su-sidabru-250g\/#breadcrumb"},"inLanguage":"lt-LT","potentialAction":[{"@type":"ReadAction","target":["https:\/\/tiandeproducts.co.uk\/lt\/duso-gelis-vyrams-su-sidabru-250g\/"]}]},{"@type":"ImageObject","inLanguage":"lt-LT","@id":"https:\/\/tiandeproducts.co.uk\/lt\/duso-gelis-vyrams-su-sidabru-250g\/#primaryimage","url":"https:\/\/tiandeproducts.co.uk\/wp-content\/uploads\/2016\/12\/30133_s.png","contentUrl":"https:\/\/tiandeproducts.co.uk\/wp-content\/uploads\/2016\/12\/30133_s.png","width":700,"height":700,"caption":"Men's shower gel with silver,250g-0"},{"@type":"BreadcrumbList","@id":"https:\/\/tiandeproducts.co.uk\/lt\/duso-gelis-vyrams-su-sidabru-250g\/#breadcrumb","itemListElement":[{"@type":"ListItem","position":1,"name":"Home","item":"https:\/\/tiandeproducts.co.uk\/lt\/"},{"@type":"ListItem","position":2,"name":"Shop","item":"https:\/\/tiandeproducts.co.uk\/lt\/shop-2\/"},{"@type":"ListItem","position":3,"name":"Du\u0161o gelis vyrams su sidabru, 250g."}]},{"@type":"WebSite","@id":"https:\/\/tiandeproducts.co.uk\/#website","url":"https:\/\/tiandeproducts.co.uk\/","name":"TianDe Online Shop - Beauty & Health","description":"Traditional Chinese Medicine","potentialAction":[{"@type":"SearchAction","target":{"@type":"EntryPoint","urlTemplate":"https:\/\/tiandeproducts.co.uk\/?s={search_term_string}"},"query-input":{"@type":"PropertyValueSpecification","valueRequired":true,"valueName":"search_term_string"}}],"inLanguage":"lt-LT"}]}},"_links":{"self":[{"href":"https:\/\/tiandeproducts.co.uk\/lt\/wp-json\/wp\/v2\/product\/4102","targetHints":{"allow":["GET"]}}],"collection":[{"href":"https:\/\/tiandeproducts.co.uk\/lt\/wp-json\/wp\/v2\/product"}],"about":[{"href":"https:\/\/tiandeproducts.co.uk\/lt\/wp-json\/wp\/v2\/types\/product"}],"replies":[{"embeddable":true,"href":"https:\/\/tiandeproducts.co.uk\/lt\/wp-json\/wp\/v2\/comments?post=4102"}],"wp:featuredmedia":[{"embeddable":true,"href":"https:\/\/tiandeproducts.co.uk\/lt\/wp-json\/wp\/v2\/media\/1405"}],"wp:attachment":[{"href":"https:\/\/tiandeproducts.co.uk\/lt\/wp-json\/wp\/v2\/media?parent=4102"}],"wp:term":[{"taxonomy":"product_cat","embeddable":true,"href":"https:\/\/tiandeproducts.co.uk\/lt\/wp-json\/wp\/v2\/product_cat?post=4102"},{"taxonomy":"product_tag","embeddable":true,"href":"https:\/\/tiandeproducts.co.uk\/lt\/wp-json\/wp\/v2\/product_tag?post=4102"}],"curies":[{"name":"wp","href":"https:\/\/api.w.org\/{rel}","templated":true}]}}