{"id":4100,"date":"2016-12-13T23:14:26","date_gmt":"2016-12-13T23:14:26","guid":{"rendered":"https:\/\/tnd.ontesting.co.uk\/druska-kunui-su-juros-dumbliais-150g\/"},"modified":"2021-02-25T11:58:19","modified_gmt":"2021-02-25T11:58:19","slug":"druska-kunui-su-juros-dumbliais-150g","status":"publish","type":"product","link":"https:\/\/tiandeproducts.co.uk\/lt\/druska-kunui-su-juros-dumbliais-150g\/","title":{"rendered":"Druska k\u016bnui su j\u016bros dumbliais, 150g."},"content":{"rendered":"<p><img decoding=\"async\" style=\"max-width: 16px; margin-right: 5px;\" src=\"https:\/\/tiandeproducts.co.uk\/wp-content\/uploads\/points-green.svg\" \/>\u00a0Earn 7 points worth \u00a30.35 when buying this product<\/p>\n<p>Drusk\u0173 kristalai \u0161velniai pa\u0161alina negyvas odos l\u0105steles, stimuliuoja regeneracijos proces\u0105, tonizuoja bei dr\u0117kina. Priemon\u0117 suaktyvina kraujotak\u0105, \u0161alina toksinus (puikiai tinka pirtyje), gerina odos tonus\u0105 ir elastingum\u0105, padeda atsikratyti celiulito<\/p>\n<p>Negyvosios j\u016bros druska nepriekai\u0161tingai valo od\u0105, intensyviai dr\u0117kina, mink\u0161tina, lygina. Druskospoveik\u012f sustiprina j\u016bros dumbliai, kurie palaiko odos hidrobalans\u0105, padidina stangrum\u0105 ir u\u017etikrina antioksidantin\u0119 apsaug\u0105.\u00a0\u0160i\u0173 dumbli\u0173 sud\u0117tyje esan\u010dios med\u017eiagos &#8211; fukoidanas ir algino r\u016bg\u0161tis &#8211; u\u017etikrina ilgalaik\u012f odos apr\u016bpinim\u0105 makro ir mikroelementais, vitaminais ir mineralais.<\/p>\n<p>Druska su j\u016bros dumbliais yra tir\u0161tos kremin\u0117s konsistencijos,\u00a0ja malonu \u012ftrinti dr\u0117gn\u0105 od\u0105, ji lengvai putoja, tod\u0117l papildomai nereikia kito k\u016bno prausiklio ar gelio.<\/p>\n<p><strong>Naudojimas:<\/strong><br \/>\nU\u017etepkite nedidel\u012f kiek\u012f k\u016bno druskos ir \u0161velniais sukamaisiais judesiais paskirstykite ant dr\u0117gnos odos. Rankomis arba japoni\u0161ka plau\u0161ine-rank\u0161luos\u010diu pamasa\u017euokite. Drusk\u0105 galite nuplauti i\u0161kart po prausimosi, jei naudojate drusk\u0105 kaip prausimosi gel\u012f, ar palikti kelet\u0105 minu\u010di\u0173 ant k\u016bno, jei j\u012f \u0161vei\u010diate pilingu, tam, kad oda prisisotint\u0173 naudingais mikroelementais. Naudokite 2-3 kartus per savait\u0119.<\/p>\n<p><strong>Veikliosios med\u017eiagos:<\/strong><\/p>\n<p><strong>Negyvosios j\u016bros druska\u00a0<\/strong>giliai i\u0161valo od\u0105, suteikia jai b\u016btiniausi\u0173 mikroelement\u0173: magnio (teigiamai veikia epidermio lasteli\u0173 plitim\u0105 ir dalijim\u0105si), kalio, kalcio, natrio, cinko, gele\u017eies ir silicio jungini\u0173, boro, jodo drusk\u0173 ir kt. Druska stimuliuoja ir regeneruoja od\u0105, aktyvina med\u017eiag\u0173 apykait\u0105, tonizuoja. Oda tampa aksomin\u0117 ir elastinga.<\/p>\n<p><strong>J\u016bros dumbliai<\/strong>\u00a0&#8211; viena seniausi\u0173 ir turtingiausi\u0173 biologini\u0173 r\u016b\u0161i\u0173 \u017eem\u0117je, kuri per savo ilg\u0105 gyvavimo laikotarp\u012f i\u0161moko sukaupti mil\u017eini\u0161k\u0105 kiek\u012f biologi\u0161kai aktyvi\u0173 med\u017eiag\u0173. Unikali dumbli\u0173 mineralin\u0117 sud\u0117tis beveik identi\u0161ka biocheminei \u017emogaus kraujo plazmos sud\u0117\u010diai. Kosmetika pagaminta naudojant j\u016bros dumbli\u0173 ekstrakt\u0105 turi auk\u0161t\u0105 biologinio suderinamumo laipsn\u012f su \u017emogaus odos l\u0105stel\u0117mis, tod\u0117l ji ypa\u010d saugi odai ir suteikia daugyb\u0119 aktyvi\u0173 med\u017eiag\u0173 (vitamin\u0173 A, B1, B2, B3, B6, B12, D, C, E), mineral\u0173, mikro ir makro element\u0173 (cinko, magnio, gele\u017eies), nat\u016brali\u0173 dr\u0117kikli\u0173, antioksidant\u0173.<\/p>\n","protected":false},"excerpt":{"rendered":"<p>\u00a0Earn 7 points worth \u00a30.35 when buying this product Drusk\u0173 kristalai \u0161velniai pa\u0161alina negyvas odos l\u0105steles, stimuliuoja regeneracijos proces\u0105, tonizuoja bei dr\u0117kina. Priemon\u0117 suaktyvina kraujotak\u0105, \u0161alina toksinus (puikiai tinka pirtyje), gerina odos tonus\u0105 ir elastingum\u0105, padeda atsikratyti celiulito Negyvosios j\u016bros druska nepriekai\u0161tingai valo od\u0105, intensyviai dr\u0117kina, mink\u0161tina, lygina. Druskospoveik\u012f sustiprina j\u016bros dumbliai, kurie palaiko odos [&#8230;]\n","protected":false},"featured_media":1430,"comment_status":"closed","ping_status":"closed","template":"","meta":[],"product_cat":[513,497,517],"product_tag":[],"class_list":{"0":"post-4100","1":"product","2":"type-product","3":"status-publish","4":"has-post-thumbnail","6":"product_cat-hainan-tao-lt","7":"product_cat-kunui","8":"product_cat-pilingai-ir-druskos","10":"first","11":"instock","12":"downloadable","13":"shipping-taxable","14":"purchasable","15":"product-type-simple"},"yoast_head":"<!-- This site is optimized with the Yoast SEO plugin v23.6 - https:\/\/yoast.com\/wordpress\/plugins\/seo\/ -->\n<title>Druska k\u016bnui su j\u016bros dumbliais, 150g. - TianDe Online Shop - Beauty &amp; Health<\/title>\n<meta name=\"robots\" content=\"index, follow, max-snippet:-1, max-image-preview:large, max-video-preview:-1\" \/>\n<link rel=\"canonical\" href=\"https:\/\/tiandeproducts.co.uk\/lt\/druska-kunui-su-juros-dumbliais-150g\/\" \/>\n<meta property=\"og:locale\" content=\"lt_LT\" \/>\n<meta property=\"og:type\" content=\"article\" \/>\n<meta property=\"og:title\" content=\"Druska k\u016bnui su j\u016bros dumbliais, 150g. - TianDe Online Shop - Beauty &amp; Health\" \/>\n<meta property=\"og:description\" content=\"\u00a0Earn 7 points worth \u00a30.35 when buying this product Drusk\u0173 kristalai \u0161velniai pa\u0161alina negyvas odos l\u0105steles, stimuliuoja regeneracijos proces\u0105, tonizuoja bei dr\u0117kina. Priemon\u0117 suaktyvina kraujotak\u0105, \u0161alina toksinus (puikiai tinka pirtyje), gerina odos tonus\u0105 ir elastingum\u0105, padeda atsikratyti celiulito Negyvosios j\u016bros druska nepriekai\u0161tingai valo od\u0105, intensyviai dr\u0117kina, mink\u0161tina, lygina. Druskospoveik\u012f sustiprina j\u016bros dumbliai, kurie palaiko odos [...]\" \/>\n<meta property=\"og:url\" content=\"https:\/\/tiandeproducts.co.uk\/lt\/druska-kunui-su-juros-dumbliais-150g\/\" \/>\n<meta property=\"og:site_name\" content=\"TianDe Online Shop - Beauty &amp; Health\" \/>\n<meta property=\"article:publisher\" content=\"https:\/\/www.facebook.com\/tiande.products.england\/\" \/>\n<meta property=\"article:modified_time\" content=\"2021-02-25T11:58:19+00:00\" \/>\n<meta property=\"og:image\" content=\"https:\/\/tiandeproducts.co.uk\/wp-content\/uploads\/2016\/12\/32618s.png\" \/>\n\t<meta property=\"og:image:width\" content=\"700\" \/>\n\t<meta property=\"og:image:height\" content=\"700\" \/>\n\t<meta property=\"og:image:type\" content=\"image\/png\" \/>\n<meta name=\"twitter:card\" content=\"summary_large_image\" \/>\n<meta name=\"twitter:label1\" content=\"Est. reading time\" \/>\n\t<meta name=\"twitter:data1\" content=\"2 minut\u0117s\" \/>\n<script type=\"application\/ld+json\" class=\"yoast-schema-graph\">{\"@context\":\"https:\/\/schema.org\",\"@graph\":[{\"@type\":\"WebPage\",\"@id\":\"https:\/\/tiandeproducts.co.uk\/lt\/druska-kunui-su-juros-dumbliais-150g\/\",\"url\":\"https:\/\/tiandeproducts.co.uk\/lt\/druska-kunui-su-juros-dumbliais-150g\/\",\"name\":\"Druska k\u016bnui su j\u016bros dumbliais, 150g. - TianDe Online Shop - Beauty &amp; Health\",\"isPartOf\":{\"@id\":\"https:\/\/tiandeproducts.co.uk\/#website\"},\"primaryImageOfPage\":{\"@id\":\"https:\/\/tiandeproducts.co.uk\/lt\/druska-kunui-su-juros-dumbliais-150g\/#primaryimage\"},\"image\":{\"@id\":\"https:\/\/tiandeproducts.co.uk\/lt\/druska-kunui-su-juros-dumbliais-150g\/#primaryimage\"},\"thumbnailUrl\":\"https:\/\/tiandeproducts.co.uk\/wp-content\/uploads\/2016\/12\/32618s.png\",\"datePublished\":\"2016-12-13T23:14:26+00:00\",\"dateModified\":\"2021-02-25T11:58:19+00:00\",\"breadcrumb\":{\"@id\":\"https:\/\/tiandeproducts.co.uk\/lt\/druska-kunui-su-juros-dumbliais-150g\/#breadcrumb\"},\"inLanguage\":\"lt-LT\",\"potentialAction\":[{\"@type\":\"ReadAction\",\"target\":[\"https:\/\/tiandeproducts.co.uk\/lt\/druska-kunui-su-juros-dumbliais-150g\/\"]}]},{\"@type\":\"ImageObject\",\"inLanguage\":\"lt-LT\",\"@id\":\"https:\/\/tiandeproducts.co.uk\/lt\/druska-kunui-su-juros-dumbliais-150g\/#primaryimage\",\"url\":\"https:\/\/tiandeproducts.co.uk\/wp-content\/uploads\/2016\/12\/32618s.png\",\"contentUrl\":\"https:\/\/tiandeproducts.co.uk\/wp-content\/uploads\/2016\/12\/32618s.png\",\"width\":700,\"height\":700,\"caption\":\"Body-care salt with seaweed,150 g-0\"},{\"@type\":\"BreadcrumbList\",\"@id\":\"https:\/\/tiandeproducts.co.uk\/lt\/druska-kunui-su-juros-dumbliais-150g\/#breadcrumb\",\"itemListElement\":[{\"@type\":\"ListItem\",\"position\":1,\"name\":\"Home\",\"item\":\"https:\/\/tiandeproducts.co.uk\/lt\/\"},{\"@type\":\"ListItem\",\"position\":2,\"name\":\"Shop\",\"item\":\"https:\/\/tiandeproducts.co.uk\/lt\/shop-2\/\"},{\"@type\":\"ListItem\",\"position\":3,\"name\":\"Druska k\u016bnui su j\u016bros dumbliais, 150g.\"}]},{\"@type\":\"WebSite\",\"@id\":\"https:\/\/tiandeproducts.co.uk\/#website\",\"url\":\"https:\/\/tiandeproducts.co.uk\/\",\"name\":\"TianDe Online Shop - Beauty & Health\",\"description\":\"Traditional Chinese Medicine\",\"potentialAction\":[{\"@type\":\"SearchAction\",\"target\":{\"@type\":\"EntryPoint\",\"urlTemplate\":\"https:\/\/tiandeproducts.co.uk\/?s={search_term_string}\"},\"query-input\":{\"@type\":\"PropertyValueSpecification\",\"valueRequired\":true,\"valueName\":\"search_term_string\"}}],\"inLanguage\":\"lt-LT\"}]}<\/script>\n<!-- \/ Yoast SEO plugin. -->","yoast_head_json":{"title":"Druska k\u016bnui su j\u016bros dumbliais, 150g. - TianDe Online Shop - Beauty &amp; Health","robots":{"index":"index","follow":"follow","max-snippet":"max-snippet:-1","max-image-preview":"max-image-preview:large","max-video-preview":"max-video-preview:-1"},"canonical":"https:\/\/tiandeproducts.co.uk\/lt\/druska-kunui-su-juros-dumbliais-150g\/","og_locale":"lt_LT","og_type":"article","og_title":"Druska k\u016bnui su j\u016bros dumbliais, 150g. - TianDe Online Shop - Beauty &amp; Health","og_description":"\u00a0Earn 7 points worth \u00a30.35 when buying this product Drusk\u0173 kristalai \u0161velniai pa\u0161alina negyvas odos l\u0105steles, stimuliuoja regeneracijos proces\u0105, tonizuoja bei dr\u0117kina. Priemon\u0117 suaktyvina kraujotak\u0105, \u0161alina toksinus (puikiai tinka pirtyje), gerina odos tonus\u0105 ir elastingum\u0105, padeda atsikratyti celiulito Negyvosios j\u016bros druska nepriekai\u0161tingai valo od\u0105, intensyviai dr\u0117kina, mink\u0161tina, lygina. Druskospoveik\u012f sustiprina j\u016bros dumbliai, kurie palaiko odos [...]","og_url":"https:\/\/tiandeproducts.co.uk\/lt\/druska-kunui-su-juros-dumbliais-150g\/","og_site_name":"TianDe Online Shop - Beauty &amp; Health","article_publisher":"https:\/\/www.facebook.com\/tiande.products.england\/","article_modified_time":"2021-02-25T11:58:19+00:00","og_image":[{"width":700,"height":700,"url":"https:\/\/tiandeproducts.co.uk\/wp-content\/uploads\/2016\/12\/32618s.png","type":"image\/png"}],"twitter_card":"summary_large_image","twitter_misc":{"Est. reading time":"2 minut\u0117s"},"schema":{"@context":"https:\/\/schema.org","@graph":[{"@type":"WebPage","@id":"https:\/\/tiandeproducts.co.uk\/lt\/druska-kunui-su-juros-dumbliais-150g\/","url":"https:\/\/tiandeproducts.co.uk\/lt\/druska-kunui-su-juros-dumbliais-150g\/","name":"Druska k\u016bnui su j\u016bros dumbliais, 150g. - TianDe Online Shop - Beauty &amp; Health","isPartOf":{"@id":"https:\/\/tiandeproducts.co.uk\/#website"},"primaryImageOfPage":{"@id":"https:\/\/tiandeproducts.co.uk\/lt\/druska-kunui-su-juros-dumbliais-150g\/#primaryimage"},"image":{"@id":"https:\/\/tiandeproducts.co.uk\/lt\/druska-kunui-su-juros-dumbliais-150g\/#primaryimage"},"thumbnailUrl":"https:\/\/tiandeproducts.co.uk\/wp-content\/uploads\/2016\/12\/32618s.png","datePublished":"2016-12-13T23:14:26+00:00","dateModified":"2021-02-25T11:58:19+00:00","breadcrumb":{"@id":"https:\/\/tiandeproducts.co.uk\/lt\/druska-kunui-su-juros-dumbliais-150g\/#breadcrumb"},"inLanguage":"lt-LT","potentialAction":[{"@type":"ReadAction","target":["https:\/\/tiandeproducts.co.uk\/lt\/druska-kunui-su-juros-dumbliais-150g\/"]}]},{"@type":"ImageObject","inLanguage":"lt-LT","@id":"https:\/\/tiandeproducts.co.uk\/lt\/druska-kunui-su-juros-dumbliais-150g\/#primaryimage","url":"https:\/\/tiandeproducts.co.uk\/wp-content\/uploads\/2016\/12\/32618s.png","contentUrl":"https:\/\/tiandeproducts.co.uk\/wp-content\/uploads\/2016\/12\/32618s.png","width":700,"height":700,"caption":"Body-care salt with seaweed,150 g-0"},{"@type":"BreadcrumbList","@id":"https:\/\/tiandeproducts.co.uk\/lt\/druska-kunui-su-juros-dumbliais-150g\/#breadcrumb","itemListElement":[{"@type":"ListItem","position":1,"name":"Home","item":"https:\/\/tiandeproducts.co.uk\/lt\/"},{"@type":"ListItem","position":2,"name":"Shop","item":"https:\/\/tiandeproducts.co.uk\/lt\/shop-2\/"},{"@type":"ListItem","position":3,"name":"Druska k\u016bnui su j\u016bros dumbliais, 150g."}]},{"@type":"WebSite","@id":"https:\/\/tiandeproducts.co.uk\/#website","url":"https:\/\/tiandeproducts.co.uk\/","name":"TianDe Online Shop - Beauty & Health","description":"Traditional Chinese Medicine","potentialAction":[{"@type":"SearchAction","target":{"@type":"EntryPoint","urlTemplate":"https:\/\/tiandeproducts.co.uk\/?s={search_term_string}"},"query-input":{"@type":"PropertyValueSpecification","valueRequired":true,"valueName":"search_term_string"}}],"inLanguage":"lt-LT"}]}},"_links":{"self":[{"href":"https:\/\/tiandeproducts.co.uk\/lt\/wp-json\/wp\/v2\/product\/4100","targetHints":{"allow":["GET"]}}],"collection":[{"href":"https:\/\/tiandeproducts.co.uk\/lt\/wp-json\/wp\/v2\/product"}],"about":[{"href":"https:\/\/tiandeproducts.co.uk\/lt\/wp-json\/wp\/v2\/types\/product"}],"replies":[{"embeddable":true,"href":"https:\/\/tiandeproducts.co.uk\/lt\/wp-json\/wp\/v2\/comments?post=4100"}],"wp:featuredmedia":[{"embeddable":true,"href":"https:\/\/tiandeproducts.co.uk\/lt\/wp-json\/wp\/v2\/media\/1430"}],"wp:attachment":[{"href":"https:\/\/tiandeproducts.co.uk\/lt\/wp-json\/wp\/v2\/media?parent=4100"}],"wp:term":[{"taxonomy":"product_cat","embeddable":true,"href":"https:\/\/tiandeproducts.co.uk\/lt\/wp-json\/wp\/v2\/product_cat?post=4100"},{"taxonomy":"product_tag","embeddable":true,"href":"https:\/\/tiandeproducts.co.uk\/lt\/wp-json\/wp\/v2\/product_tag?post=4100"}],"curies":[{"name":"wp","href":"https:\/\/api.w.org\/{rel}","templated":true}]}}