{"id":4099,"date":"2017-01-01T21:22:03","date_gmt":"2017-01-01T21:22:03","guid":{"rendered":"https:\/\/tnd.ontesting.co.uk\/japoniska-kempine-ranksluostis\/"},"modified":"2021-02-25T11:52:48","modified_gmt":"2021-02-25T11:52:48","slug":"japoniska-kempine-ranksluostis","status":"publish","type":"product","link":"https:\/\/tiandeproducts.co.uk\/lt\/japoniska-kempine-ranksluostis\/","title":{"rendered":"Japoni\u0161ka kempin\u0117 \u2013 rank\u0161luostis"},"content":{"rendered":"<p><img decoding=\"async\" style=\"max-width: 16px; margin-right: 5px;\" src=\"https:\/\/tiandeproducts.co.uk\/wp-content\/uploads\/points-green.svg\" \/>\u00a0Earn 7 points worth \u00a30.35 when buying this product<\/p>\n<p>Plau\u0161in\u0117 &#8211; rank\u0161luostis ypa\u010d \u0161velniai valo od\u0105 ir \u017eenkliai padidina du\u0161o geli\u0173 ir kit\u0173 kosmetini\u0173 produkt\u0173 poveik\u012f. Priemon\u0117 maloniai masa\u017euoja, gerina l\u0105steli\u0173 metabolizm\u0105, padeda kovoti su celiulitu. Rank\u0161luost\u012f lengva sulankstyti, jis patogus naudoti ir puikiai tinka keliaujant. Dydis: 30 x 100 cm.<\/p>\n","protected":false},"excerpt":{"rendered":"<p>\u00a0Earn 7 points worth \u00a30.35 when buying this product Plau\u0161in\u0117 &#8211; rank\u0161luostis ypa\u010d \u0161velniai valo od\u0105 ir \u017eenkliai padidina du\u0161o geli\u0173 ir kit\u0173 kosmetini\u0173 produkt\u0173 poveik\u012f. Priemon\u0117 maloniai masa\u017euoja, gerina l\u0105steli\u0173 metabolizm\u0105, padeda kovoti su celiulitu. Rank\u0161luost\u012f lengva sulankstyti, jis patogus naudoti ir puikiai tinka keliaujant. Dydis: 30 x 100 cm.<\/p>\n","protected":false},"featured_media":1474,"comment_status":"closed","ping_status":"closed","template":"","meta":[],"product_cat":[461,497,488,510],"product_tag":[],"class_list":{"0":"post-4099","1":"product","2":"type-product","3":"status-publish","4":"has-post-thumbnail","6":"product_cat-aksesuarai","7":"product_cat-kunui","8":"product_cat-odos-valymas","9":"product_cat-prausimosi-geliai","11":"first","12":"instock","13":"shipping-taxable","14":"purchasable","15":"product-type-variable"},"yoast_head":"<!-- This site is optimized with the Yoast SEO plugin v23.6 - https:\/\/yoast.com\/wordpress\/plugins\/seo\/ -->\n<title>Japoni\u0161ka kempin\u0117 \u2013 rank\u0161luostis - TianDe Online Shop - Beauty &amp; Health<\/title>\n<meta name=\"robots\" content=\"index, follow, max-snippet:-1, max-image-preview:large, max-video-preview:-1\" \/>\n<link rel=\"canonical\" href=\"https:\/\/tiandeproducts.co.uk\/lt\/japoniska-kempine-ranksluostis\/\" \/>\n<meta property=\"og:locale\" content=\"lt_LT\" \/>\n<meta property=\"og:type\" content=\"article\" \/>\n<meta property=\"og:title\" content=\"Japoni\u0161ka kempin\u0117 \u2013 rank\u0161luostis - TianDe Online Shop - Beauty &amp; Health\" \/>\n<meta property=\"og:description\" content=\"\u00a0Earn 7 points worth \u00a30.35 when buying this product Plau\u0161in\u0117 &#8211; rank\u0161luostis ypa\u010d \u0161velniai valo od\u0105 ir \u017eenkliai padidina du\u0161o geli\u0173 ir kit\u0173 kosmetini\u0173 produkt\u0173 poveik\u012f. Priemon\u0117 maloniai masa\u017euoja, gerina l\u0105steli\u0173 metabolizm\u0105, padeda kovoti su celiulitu. Rank\u0161luost\u012f lengva sulankstyti, jis patogus naudoti ir puikiai tinka keliaujant. Dydis: 30 x 100 cm.\" \/>\n<meta property=\"og:url\" content=\"https:\/\/tiandeproducts.co.uk\/lt\/japoniska-kempine-ranksluostis\/\" \/>\n<meta property=\"og:site_name\" content=\"TianDe Online Shop - Beauty &amp; Health\" \/>\n<meta property=\"article:publisher\" content=\"https:\/\/www.facebook.com\/tiande.products.england\/\" \/>\n<meta property=\"article:modified_time\" content=\"2021-02-25T11:52:48+00:00\" \/>\n<meta property=\"og:image\" content=\"https:\/\/tiandeproducts.co.uk\/wp-content\/uploads\/2017\/01\/90156_new_blye.png\" \/>\n\t<meta property=\"og:image:width\" content=\"700\" \/>\n\t<meta property=\"og:image:height\" content=\"700\" \/>\n\t<meta property=\"og:image:type\" content=\"image\/png\" \/>\n<meta name=\"twitter:card\" content=\"summary_large_image\" \/>\n<script type=\"application\/ld+json\" class=\"yoast-schema-graph\">{\"@context\":\"https:\/\/schema.org\",\"@graph\":[{\"@type\":\"WebPage\",\"@id\":\"https:\/\/tiandeproducts.co.uk\/lt\/japoniska-kempine-ranksluostis\/\",\"url\":\"https:\/\/tiandeproducts.co.uk\/lt\/japoniska-kempine-ranksluostis\/\",\"name\":\"Japoni\u0161ka kempin\u0117 \u2013 rank\u0161luostis - TianDe Online Shop - Beauty &amp; Health\",\"isPartOf\":{\"@id\":\"https:\/\/tiandeproducts.co.uk\/#website\"},\"primaryImageOfPage\":{\"@id\":\"https:\/\/tiandeproducts.co.uk\/lt\/japoniska-kempine-ranksluostis\/#primaryimage\"},\"image\":{\"@id\":\"https:\/\/tiandeproducts.co.uk\/lt\/japoniska-kempine-ranksluostis\/#primaryimage\"},\"thumbnailUrl\":\"https:\/\/tiandeproducts.co.uk\/wp-content\/uploads\/2017\/01\/90156_new_blye.png\",\"datePublished\":\"2017-01-01T21:22:03+00:00\",\"dateModified\":\"2021-02-25T11:52:48+00:00\",\"breadcrumb\":{\"@id\":\"https:\/\/tiandeproducts.co.uk\/lt\/japoniska-kempine-ranksluostis\/#breadcrumb\"},\"inLanguage\":\"lt-LT\",\"potentialAction\":[{\"@type\":\"ReadAction\",\"target\":[\"https:\/\/tiandeproducts.co.uk\/lt\/japoniska-kempine-ranksluostis\/\"]}]},{\"@type\":\"ImageObject\",\"inLanguage\":\"lt-LT\",\"@id\":\"https:\/\/tiandeproducts.co.uk\/lt\/japoniska-kempine-ranksluostis\/#primaryimage\",\"url\":\"https:\/\/tiandeproducts.co.uk\/wp-content\/uploads\/2017\/01\/90156_new_blye.png\",\"contentUrl\":\"https:\/\/tiandeproducts.co.uk\/wp-content\/uploads\/2017\/01\/90156_new_blye.png\",\"width\":700,\"height\":700,\"caption\":\"Japanese fiber body towel,1pc-0\"},{\"@type\":\"BreadcrumbList\",\"@id\":\"https:\/\/tiandeproducts.co.uk\/lt\/japoniska-kempine-ranksluostis\/#breadcrumb\",\"itemListElement\":[{\"@type\":\"ListItem\",\"position\":1,\"name\":\"Home\",\"item\":\"https:\/\/tiandeproducts.co.uk\/lt\/\"},{\"@type\":\"ListItem\",\"position\":2,\"name\":\"Shop\",\"item\":\"https:\/\/tiandeproducts.co.uk\/lt\/shop-2\/\"},{\"@type\":\"ListItem\",\"position\":3,\"name\":\"Japoni\u0161ka kempin\u0117 \u2013 rank\u0161luostis\"}]},{\"@type\":\"WebSite\",\"@id\":\"https:\/\/tiandeproducts.co.uk\/#website\",\"url\":\"https:\/\/tiandeproducts.co.uk\/\",\"name\":\"TianDe Online Shop - Beauty & Health\",\"description\":\"Traditional Chinese Medicine\",\"potentialAction\":[{\"@type\":\"SearchAction\",\"target\":{\"@type\":\"EntryPoint\",\"urlTemplate\":\"https:\/\/tiandeproducts.co.uk\/?s={search_term_string}\"},\"query-input\":{\"@type\":\"PropertyValueSpecification\",\"valueRequired\":true,\"valueName\":\"search_term_string\"}}],\"inLanguage\":\"lt-LT\"}]}<\/script>\n<!-- \/ Yoast SEO plugin. -->","yoast_head_json":{"title":"Japoni\u0161ka kempin\u0117 \u2013 rank\u0161luostis - TianDe Online Shop - Beauty &amp; Health","robots":{"index":"index","follow":"follow","max-snippet":"max-snippet:-1","max-image-preview":"max-image-preview:large","max-video-preview":"max-video-preview:-1"},"canonical":"https:\/\/tiandeproducts.co.uk\/lt\/japoniska-kempine-ranksluostis\/","og_locale":"lt_LT","og_type":"article","og_title":"Japoni\u0161ka kempin\u0117 \u2013 rank\u0161luostis - TianDe Online Shop - Beauty &amp; Health","og_description":"\u00a0Earn 7 points worth \u00a30.35 when buying this product Plau\u0161in\u0117 &#8211; rank\u0161luostis ypa\u010d \u0161velniai valo od\u0105 ir \u017eenkliai padidina du\u0161o geli\u0173 ir kit\u0173 kosmetini\u0173 produkt\u0173 poveik\u012f. Priemon\u0117 maloniai masa\u017euoja, gerina l\u0105steli\u0173 metabolizm\u0105, padeda kovoti su celiulitu. Rank\u0161luost\u012f lengva sulankstyti, jis patogus naudoti ir puikiai tinka keliaujant. Dydis: 30 x 100 cm.","og_url":"https:\/\/tiandeproducts.co.uk\/lt\/japoniska-kempine-ranksluostis\/","og_site_name":"TianDe Online Shop - Beauty &amp; Health","article_publisher":"https:\/\/www.facebook.com\/tiande.products.england\/","article_modified_time":"2021-02-25T11:52:48+00:00","og_image":[{"width":700,"height":700,"url":"https:\/\/tiandeproducts.co.uk\/wp-content\/uploads\/2017\/01\/90156_new_blye.png","type":"image\/png"}],"twitter_card":"summary_large_image","schema":{"@context":"https:\/\/schema.org","@graph":[{"@type":"WebPage","@id":"https:\/\/tiandeproducts.co.uk\/lt\/japoniska-kempine-ranksluostis\/","url":"https:\/\/tiandeproducts.co.uk\/lt\/japoniska-kempine-ranksluostis\/","name":"Japoni\u0161ka kempin\u0117 \u2013 rank\u0161luostis - TianDe Online Shop - Beauty &amp; Health","isPartOf":{"@id":"https:\/\/tiandeproducts.co.uk\/#website"},"primaryImageOfPage":{"@id":"https:\/\/tiandeproducts.co.uk\/lt\/japoniska-kempine-ranksluostis\/#primaryimage"},"image":{"@id":"https:\/\/tiandeproducts.co.uk\/lt\/japoniska-kempine-ranksluostis\/#primaryimage"},"thumbnailUrl":"https:\/\/tiandeproducts.co.uk\/wp-content\/uploads\/2017\/01\/90156_new_blye.png","datePublished":"2017-01-01T21:22:03+00:00","dateModified":"2021-02-25T11:52:48+00:00","breadcrumb":{"@id":"https:\/\/tiandeproducts.co.uk\/lt\/japoniska-kempine-ranksluostis\/#breadcrumb"},"inLanguage":"lt-LT","potentialAction":[{"@type":"ReadAction","target":["https:\/\/tiandeproducts.co.uk\/lt\/japoniska-kempine-ranksluostis\/"]}]},{"@type":"ImageObject","inLanguage":"lt-LT","@id":"https:\/\/tiandeproducts.co.uk\/lt\/japoniska-kempine-ranksluostis\/#primaryimage","url":"https:\/\/tiandeproducts.co.uk\/wp-content\/uploads\/2017\/01\/90156_new_blye.png","contentUrl":"https:\/\/tiandeproducts.co.uk\/wp-content\/uploads\/2017\/01\/90156_new_blye.png","width":700,"height":700,"caption":"Japanese fiber body towel,1pc-0"},{"@type":"BreadcrumbList","@id":"https:\/\/tiandeproducts.co.uk\/lt\/japoniska-kempine-ranksluostis\/#breadcrumb","itemListElement":[{"@type":"ListItem","position":1,"name":"Home","item":"https:\/\/tiandeproducts.co.uk\/lt\/"},{"@type":"ListItem","position":2,"name":"Shop","item":"https:\/\/tiandeproducts.co.uk\/lt\/shop-2\/"},{"@type":"ListItem","position":3,"name":"Japoni\u0161ka kempin\u0117 \u2013 rank\u0161luostis"}]},{"@type":"WebSite","@id":"https:\/\/tiandeproducts.co.uk\/#website","url":"https:\/\/tiandeproducts.co.uk\/","name":"TianDe Online Shop - Beauty & Health","description":"Traditional Chinese Medicine","potentialAction":[{"@type":"SearchAction","target":{"@type":"EntryPoint","urlTemplate":"https:\/\/tiandeproducts.co.uk\/?s={search_term_string}"},"query-input":{"@type":"PropertyValueSpecification","valueRequired":true,"valueName":"search_term_string"}}],"inLanguage":"lt-LT"}]}},"_links":{"self":[{"href":"https:\/\/tiandeproducts.co.uk\/lt\/wp-json\/wp\/v2\/product\/4099","targetHints":{"allow":["GET"]}}],"collection":[{"href":"https:\/\/tiandeproducts.co.uk\/lt\/wp-json\/wp\/v2\/product"}],"about":[{"href":"https:\/\/tiandeproducts.co.uk\/lt\/wp-json\/wp\/v2\/types\/product"}],"replies":[{"embeddable":true,"href":"https:\/\/tiandeproducts.co.uk\/lt\/wp-json\/wp\/v2\/comments?post=4099"}],"wp:featuredmedia":[{"embeddable":true,"href":"https:\/\/tiandeproducts.co.uk\/lt\/wp-json\/wp\/v2\/media\/1474"}],"wp:attachment":[{"href":"https:\/\/tiandeproducts.co.uk\/lt\/wp-json\/wp\/v2\/media?parent=4099"}],"wp:term":[{"taxonomy":"product_cat","embeddable":true,"href":"https:\/\/tiandeproducts.co.uk\/lt\/wp-json\/wp\/v2\/product_cat?post=4099"},{"taxonomy":"product_tag","embeddable":true,"href":"https:\/\/tiandeproducts.co.uk\/lt\/wp-json\/wp\/v2\/product_tag?post=4099"}],"curies":[{"name":"wp","href":"https:\/\/api.w.org\/{rel}","templated":true}]}}