{"id":4092,"date":"2017-03-31T13:48:45","date_gmt":"2017-03-31T12:48:45","guid":{"rendered":"https:\/\/tnd.ontesting.co.uk\/grozio-kauke-veidui-rytietiskas-granatas-1vnt\/"},"modified":"2021-09-29T23:17:21","modified_gmt":"2021-09-29T22:17:21","slug":"grozio-kauke-veidui-rytietiskas-granatas-1vnt","status":"publish","type":"product","link":"https:\/\/tiandeproducts.co.uk\/lt\/grozio-kauke-veidui-rytietiskas-granatas-1vnt\/","title":{"rendered":"Gro\u017eio kauk\u0117 veidui \u201eRytieti\u0161kas granatas\u201c, 1vnt."},"content":{"rendered":"<p><img decoding=\"async\" style=\"max-width: 16px; margin-right: 5px;\" src=\"https:\/\/tiandeproducts.co.uk\/wp-content\/uploads\/points-green.svg\" \/>\u00a0Earn 3 points worth \u00a30.15 when buying this product<\/p>\n<p>Greito poveikio kauk\u0117 veidui su granat\u0173 ekstraktu dr\u0117kina ir prisotina vitaminais, suteikia odai elastingumo ir lygina rauk\u0161les, skatina l\u0105steli\u0173 atsinaujinim\u0105, pa\u0161alina sudirgim\u0105 ir suma\u017eina poras, balina ir lengvai nu\u0161vei\u010dia. Granat\u0173 ekstrakto aktyviosios med\u017eiagos stabdo kolageno irim\u0105, kas atitolina odos sen\u0117jimo procesus, bei dovanoja elastingum\u0105, mink\u0161tum\u0105, ypating\u0105 dr\u0117kinim\u0105. Tinka ir jautriai veido odai.<\/p>\n<p>Gro\u017eio kauk\u0117 leis pasiruo\u0161ti \u0161ventei per 15 minu\u010di\u0173. Veido oda \u0161vyt\u0117s jaunyste, \u012fgaus nat\u016bral\u0173 rausvum\u0105.<\/p>\n<p><strong>Naudojimas:<\/strong><br \/>\nAtskirdami pl\u0117vel\u0119 u\u017ed\u0117kite kauk\u0119 (audinio puse) ant \u0161varios veido odos (kryptimi i\u0161 vir\u0161aus \u012f apa\u010di\u0105). Laikykite 15-20 min., tada nuimkite, nuplaukite veid\u0105 vandeniu ir lengvai masa\u017euokite kauk\u0117s liku\u010dius kol visi\u0161kai \u012fsigers.<\/p>\n<p><strong>Veikliosios med\u017eiagos:<\/strong><\/p>\n<p><strong>Alantoinas<\/strong>\u00a0ramina sudirgusi\u0105 od\u0105, suteikia jai lygumo ir elastingumo, skatina l\u0105steli\u0173 regeneracij\u0105, turi antialergini\u0173 savybi\u0173, padeda gydyti \u017eaizdas, nudegimus ir \u012ftr\u016bkimus, mink\u0161tina.<\/p>\n<p><strong>Ksantano derva<\/strong>\u00a0\u2013 nat\u016bralus polisacharidas \u2013 sukuria apsaugin\u0119 pl\u0117vel\u0119 odos pavir\u0161iuje ir padeda i\u0161saugoti dr\u0117gm\u0117s balans\u0105, sutraukia poras, tonizuoja. Veikia kaip nat\u016bralus tir\u0161tiklis, gerina kosmetin\u0117s priemon\u0117s tekst\u016br\u0105.<\/p>\n<p><strong>Portulakos ekstraktas<\/strong>\u00a0\u2013 gamtinis miorelaksantas, kuris atpalaiduoja mimikos raumenis, u\u017ekerta keli\u0105 rauk\u0161li\u0173 atsiradimui. Aktyviosios med\u017eiagos ramina sudirgusi\u0105 od\u0105, skatina regeneracijos procesus. Ekstraktas savo sud\u0117tyje turi didel\u012f kiek\u012f omega &#8211; 3 riebi\u0173j\u0173 r\u016bg\u0161\u010di\u0173, bei vitamino C, kas skatina kolageno gamyb\u0105, bei didina apsaugines odos savybes.<\/p>\n<p><strong>Natrio hialuronatas\u00a0<\/strong>&#8211; biotechnologi\u0161kai i\u0161valytas preparatas, gaunamas labai sud\u0117tingos hialurono r\u016bg\u0161ties ir natrio jon\u0173 sintez\u0117s d\u0117ka. Jis suteikia stipr\u0173 dr\u0117kinant\u012f efekt\u0105, stimuliuoja regeneracijos procesus, pasi\u017eymi prie\u0161u\u017edegiminiu poveikiu, dr\u0117kina ir lygina epiderm\u012f.<\/p>\n<p><strong>Paprastojo granatmed\u017eio vaisi\u0173 ekstrakte<\/strong>\u00a0gausu vitamin\u0173 A, C, E, gele\u017eies ir antioksidant\u0173, neutralizuojan\u010di\u0173 laisv\u0173j\u0173 radikal\u0173 veikl\u0105. Granat\u0173 ekstraktas \u0161velnina gili\u0105sias rauk\u0161les, suteikia odai gyvybingumo, gerina jos elastingum\u0105, palaiko jaunatvi\u0161k\u0105 stangrum\u0105. Kosmetika su granat\u0173 ekstraktu \u2013 pirmoji pagalba nuo rauk\u0161li\u0173. Ekstraktas i\u0161siskiria antioksidaciniu, dr\u0117kinamuoju, atsinaujinimo efektais, \u017eymiai veikia sebor\u0117j\u0105, atstato lipid\u0173 barjer\u0105 odos pavir\u0161iuje, bei i\u0161sprend\u017eia \u0161erpetojimo ir sudirgimo problem\u0105.<\/p>\n","protected":false},"excerpt":{"rendered":"<p>\u00a0Earn 3 points worth \u00a30.15 when buying this product Greito poveikio kauk\u0117 veidui su granat\u0173 ekstraktu dr\u0117kina ir prisotina vitaminais, suteikia odai elastingumo ir lygina rauk\u0161les, skatina l\u0105steli\u0173 atsinaujinim\u0105, pa\u0161alina sudirgim\u0105 ir suma\u017eina poras, balina ir lengvai nu\u0161vei\u010dia. Granat\u0173 ekstrakto aktyviosios med\u017eiagos stabdo kolageno irim\u0105, kas atitolina odos sen\u0117jimo procesus, bei dovanoja elastingum\u0105, mink\u0161tum\u0105, ypating\u0105 [&#8230;]\n","protected":false},"featured_media":1497,"comment_status":"closed","ping_status":"closed","template":"","meta":[],"product_cat":[567,613,562,597,506],"product_tag":[],"class_list":{"0":"post-4092","1":"product","2":"type-product","3":"status-publish","4":"has-post-thumbnail","6":"product_cat-drekinimas-ir-maitinimas","7":"product_cat-jaunai-odai","8":"product_cat-kaukes-lt","9":"product_cat-skin-triumph-lt","10":"product_cat-veidui","12":"first","13":"instock","14":"shipping-taxable","15":"purchasable","16":"product-type-simple"},"yoast_head":"<!-- This site is optimized with the Yoast SEO plugin v23.6 - https:\/\/yoast.com\/wordpress\/plugins\/seo\/ -->\n<title>Gro\u017eio kauk\u0117 veidui \u201eRytieti\u0161kas granatas\u201c, 1vnt. - TianDe Online Shop - Beauty &amp; Health<\/title>\n<meta name=\"robots\" content=\"index, follow, max-snippet:-1, max-image-preview:large, max-video-preview:-1\" \/>\n<link rel=\"canonical\" href=\"https:\/\/tiandeproducts.co.uk\/lt\/grozio-kauke-veidui-rytietiskas-granatas-1vnt\/\" \/>\n<meta property=\"og:locale\" content=\"lt_LT\" \/>\n<meta property=\"og:type\" content=\"article\" \/>\n<meta property=\"og:title\" content=\"Gro\u017eio kauk\u0117 veidui \u201eRytieti\u0161kas granatas\u201c, 1vnt. - TianDe Online Shop - Beauty &amp; Health\" \/>\n<meta property=\"og:description\" content=\"\u00a0Earn 3 points worth \u00a30.15 when buying this product Greito poveikio kauk\u0117 veidui su granat\u0173 ekstraktu dr\u0117kina ir prisotina vitaminais, suteikia odai elastingumo ir lygina rauk\u0161les, skatina l\u0105steli\u0173 atsinaujinim\u0105, pa\u0161alina sudirgim\u0105 ir suma\u017eina poras, balina ir lengvai nu\u0161vei\u010dia. Granat\u0173 ekstrakto aktyviosios med\u017eiagos stabdo kolageno irim\u0105, kas atitolina odos sen\u0117jimo procesus, bei dovanoja elastingum\u0105, mink\u0161tum\u0105, ypating\u0105 [...]\" \/>\n<meta property=\"og:url\" content=\"https:\/\/tiandeproducts.co.uk\/lt\/grozio-kauke-veidui-rytietiskas-granatas-1vnt\/\" \/>\n<meta property=\"og:site_name\" content=\"TianDe Online Shop - Beauty &amp; Health\" \/>\n<meta property=\"article:publisher\" content=\"https:\/\/www.facebook.com\/tiande.products.england\/\" \/>\n<meta property=\"article:modified_time\" content=\"2021-09-29T22:17:21+00:00\" \/>\n<meta property=\"og:image\" content=\"https:\/\/tiandeproducts.co.uk\/wp-content\/uploads\/2017\/03\/54105.jpg\" \/>\n\t<meta property=\"og:image:width\" content=\"800\" \/>\n\t<meta property=\"og:image:height\" content=\"800\" \/>\n\t<meta property=\"og:image:type\" content=\"image\/jpeg\" \/>\n<meta name=\"twitter:card\" content=\"summary_large_image\" \/>\n<meta name=\"twitter:label1\" content=\"Est. reading time\" \/>\n\t<meta name=\"twitter:data1\" content=\"2 minut\u0117s\" \/>\n<script type=\"application\/ld+json\" class=\"yoast-schema-graph\">{\"@context\":\"https:\/\/schema.org\",\"@graph\":[{\"@type\":\"WebPage\",\"@id\":\"https:\/\/tiandeproducts.co.uk\/lt\/grozio-kauke-veidui-rytietiskas-granatas-1vnt\/\",\"url\":\"https:\/\/tiandeproducts.co.uk\/lt\/grozio-kauke-veidui-rytietiskas-granatas-1vnt\/\",\"name\":\"Gro\u017eio kauk\u0117 veidui \u201eRytieti\u0161kas granatas\u201c, 1vnt. - TianDe Online Shop - Beauty &amp; Health\",\"isPartOf\":{\"@id\":\"https:\/\/tiandeproducts.co.uk\/#website\"},\"primaryImageOfPage\":{\"@id\":\"https:\/\/tiandeproducts.co.uk\/lt\/grozio-kauke-veidui-rytietiskas-granatas-1vnt\/#primaryimage\"},\"image\":{\"@id\":\"https:\/\/tiandeproducts.co.uk\/lt\/grozio-kauke-veidui-rytietiskas-granatas-1vnt\/#primaryimage\"},\"thumbnailUrl\":\"https:\/\/tiandeproducts.co.uk\/wp-content\/uploads\/2017\/03\/54105.jpg\",\"datePublished\":\"2017-03-31T12:48:45+00:00\",\"dateModified\":\"2021-09-29T22:17:21+00:00\",\"breadcrumb\":{\"@id\":\"https:\/\/tiandeproducts.co.uk\/lt\/grozio-kauke-veidui-rytietiskas-granatas-1vnt\/#breadcrumb\"},\"inLanguage\":\"lt-LT\",\"potentialAction\":[{\"@type\":\"ReadAction\",\"target\":[\"https:\/\/tiandeproducts.co.uk\/lt\/grozio-kauke-veidui-rytietiskas-granatas-1vnt\/\"]}]},{\"@type\":\"ImageObject\",\"inLanguage\":\"lt-LT\",\"@id\":\"https:\/\/tiandeproducts.co.uk\/lt\/grozio-kauke-veidui-rytietiskas-granatas-1vnt\/#primaryimage\",\"url\":\"https:\/\/tiandeproducts.co.uk\/wp-content\/uploads\/2017\/03\/54105.jpg\",\"contentUrl\":\"https:\/\/tiandeproducts.co.uk\/wp-content\/uploads\/2017\/03\/54105.jpg\",\"width\":800,\"height\":800,\"caption\":\"Eastern Pomegranate Facial Beauty Mask,1pc-0\"},{\"@type\":\"BreadcrumbList\",\"@id\":\"https:\/\/tiandeproducts.co.uk\/lt\/grozio-kauke-veidui-rytietiskas-granatas-1vnt\/#breadcrumb\",\"itemListElement\":[{\"@type\":\"ListItem\",\"position\":1,\"name\":\"Home\",\"item\":\"https:\/\/tiandeproducts.co.uk\/lt\/\"},{\"@type\":\"ListItem\",\"position\":2,\"name\":\"Shop\",\"item\":\"https:\/\/tiandeproducts.co.uk\/lt\/shop-2\/\"},{\"@type\":\"ListItem\",\"position\":3,\"name\":\"Gro\u017eio kauk\u0117 veidui \u201eRytieti\u0161kas granatas\u201c, 1vnt.\"}]},{\"@type\":\"WebSite\",\"@id\":\"https:\/\/tiandeproducts.co.uk\/#website\",\"url\":\"https:\/\/tiandeproducts.co.uk\/\",\"name\":\"TianDe Online Shop - Beauty & Health\",\"description\":\"Traditional Chinese Medicine\",\"potentialAction\":[{\"@type\":\"SearchAction\",\"target\":{\"@type\":\"EntryPoint\",\"urlTemplate\":\"https:\/\/tiandeproducts.co.uk\/?s={search_term_string}\"},\"query-input\":{\"@type\":\"PropertyValueSpecification\",\"valueRequired\":true,\"valueName\":\"search_term_string\"}}],\"inLanguage\":\"lt-LT\"}]}<\/script>\n<!-- \/ Yoast SEO plugin. -->","yoast_head_json":{"title":"Gro\u017eio kauk\u0117 veidui \u201eRytieti\u0161kas granatas\u201c, 1vnt. - TianDe Online Shop - Beauty &amp; Health","robots":{"index":"index","follow":"follow","max-snippet":"max-snippet:-1","max-image-preview":"max-image-preview:large","max-video-preview":"max-video-preview:-1"},"canonical":"https:\/\/tiandeproducts.co.uk\/lt\/grozio-kauke-veidui-rytietiskas-granatas-1vnt\/","og_locale":"lt_LT","og_type":"article","og_title":"Gro\u017eio kauk\u0117 veidui \u201eRytieti\u0161kas granatas\u201c, 1vnt. - TianDe Online Shop - Beauty &amp; Health","og_description":"\u00a0Earn 3 points worth \u00a30.15 when buying this product Greito poveikio kauk\u0117 veidui su granat\u0173 ekstraktu dr\u0117kina ir prisotina vitaminais, suteikia odai elastingumo ir lygina rauk\u0161les, skatina l\u0105steli\u0173 atsinaujinim\u0105, pa\u0161alina sudirgim\u0105 ir suma\u017eina poras, balina ir lengvai nu\u0161vei\u010dia. Granat\u0173 ekstrakto aktyviosios med\u017eiagos stabdo kolageno irim\u0105, kas atitolina odos sen\u0117jimo procesus, bei dovanoja elastingum\u0105, mink\u0161tum\u0105, ypating\u0105 [...]","og_url":"https:\/\/tiandeproducts.co.uk\/lt\/grozio-kauke-veidui-rytietiskas-granatas-1vnt\/","og_site_name":"TianDe Online Shop - Beauty &amp; Health","article_publisher":"https:\/\/www.facebook.com\/tiande.products.england\/","article_modified_time":"2021-09-29T22:17:21+00:00","og_image":[{"width":800,"height":800,"url":"https:\/\/tiandeproducts.co.uk\/wp-content\/uploads\/2017\/03\/54105.jpg","type":"image\/jpeg"}],"twitter_card":"summary_large_image","twitter_misc":{"Est. reading time":"2 minut\u0117s"},"schema":{"@context":"https:\/\/schema.org","@graph":[{"@type":"WebPage","@id":"https:\/\/tiandeproducts.co.uk\/lt\/grozio-kauke-veidui-rytietiskas-granatas-1vnt\/","url":"https:\/\/tiandeproducts.co.uk\/lt\/grozio-kauke-veidui-rytietiskas-granatas-1vnt\/","name":"Gro\u017eio kauk\u0117 veidui \u201eRytieti\u0161kas granatas\u201c, 1vnt. - TianDe Online Shop - Beauty &amp; Health","isPartOf":{"@id":"https:\/\/tiandeproducts.co.uk\/#website"},"primaryImageOfPage":{"@id":"https:\/\/tiandeproducts.co.uk\/lt\/grozio-kauke-veidui-rytietiskas-granatas-1vnt\/#primaryimage"},"image":{"@id":"https:\/\/tiandeproducts.co.uk\/lt\/grozio-kauke-veidui-rytietiskas-granatas-1vnt\/#primaryimage"},"thumbnailUrl":"https:\/\/tiandeproducts.co.uk\/wp-content\/uploads\/2017\/03\/54105.jpg","datePublished":"2017-03-31T12:48:45+00:00","dateModified":"2021-09-29T22:17:21+00:00","breadcrumb":{"@id":"https:\/\/tiandeproducts.co.uk\/lt\/grozio-kauke-veidui-rytietiskas-granatas-1vnt\/#breadcrumb"},"inLanguage":"lt-LT","potentialAction":[{"@type":"ReadAction","target":["https:\/\/tiandeproducts.co.uk\/lt\/grozio-kauke-veidui-rytietiskas-granatas-1vnt\/"]}]},{"@type":"ImageObject","inLanguage":"lt-LT","@id":"https:\/\/tiandeproducts.co.uk\/lt\/grozio-kauke-veidui-rytietiskas-granatas-1vnt\/#primaryimage","url":"https:\/\/tiandeproducts.co.uk\/wp-content\/uploads\/2017\/03\/54105.jpg","contentUrl":"https:\/\/tiandeproducts.co.uk\/wp-content\/uploads\/2017\/03\/54105.jpg","width":800,"height":800,"caption":"Eastern Pomegranate Facial Beauty Mask,1pc-0"},{"@type":"BreadcrumbList","@id":"https:\/\/tiandeproducts.co.uk\/lt\/grozio-kauke-veidui-rytietiskas-granatas-1vnt\/#breadcrumb","itemListElement":[{"@type":"ListItem","position":1,"name":"Home","item":"https:\/\/tiandeproducts.co.uk\/lt\/"},{"@type":"ListItem","position":2,"name":"Shop","item":"https:\/\/tiandeproducts.co.uk\/lt\/shop-2\/"},{"@type":"ListItem","position":3,"name":"Gro\u017eio kauk\u0117 veidui \u201eRytieti\u0161kas granatas\u201c, 1vnt."}]},{"@type":"WebSite","@id":"https:\/\/tiandeproducts.co.uk\/#website","url":"https:\/\/tiandeproducts.co.uk\/","name":"TianDe Online Shop - Beauty & Health","description":"Traditional Chinese Medicine","potentialAction":[{"@type":"SearchAction","target":{"@type":"EntryPoint","urlTemplate":"https:\/\/tiandeproducts.co.uk\/?s={search_term_string}"},"query-input":{"@type":"PropertyValueSpecification","valueRequired":true,"valueName":"search_term_string"}}],"inLanguage":"lt-LT"}]}},"_links":{"self":[{"href":"https:\/\/tiandeproducts.co.uk\/lt\/wp-json\/wp\/v2\/product\/4092","targetHints":{"allow":["GET"]}}],"collection":[{"href":"https:\/\/tiandeproducts.co.uk\/lt\/wp-json\/wp\/v2\/product"}],"about":[{"href":"https:\/\/tiandeproducts.co.uk\/lt\/wp-json\/wp\/v2\/types\/product"}],"replies":[{"embeddable":true,"href":"https:\/\/tiandeproducts.co.uk\/lt\/wp-json\/wp\/v2\/comments?post=4092"}],"wp:featuredmedia":[{"embeddable":true,"href":"https:\/\/tiandeproducts.co.uk\/lt\/wp-json\/wp\/v2\/media\/1497"}],"wp:attachment":[{"href":"https:\/\/tiandeproducts.co.uk\/lt\/wp-json\/wp\/v2\/media?parent=4092"}],"wp:term":[{"taxonomy":"product_cat","embeddable":true,"href":"https:\/\/tiandeproducts.co.uk\/lt\/wp-json\/wp\/v2\/product_cat?post=4092"},{"taxonomy":"product_tag","embeddable":true,"href":"https:\/\/tiandeproducts.co.uk\/lt\/wp-json\/wp\/v2\/product_tag?post=4092"}],"curies":[{"name":"wp","href":"https:\/\/api.w.org\/{rel}","templated":true}]}}