{"id":4091,"date":"2017-03-31T13:55:11","date_gmt":"2017-03-31T12:55:11","guid":{"rendered":"https:\/\/tnd.ontesting.co.uk\/grozio-kauke-veidui-vyno-terapija-1vnt\/"},"modified":"2022-06-03T18:52:09","modified_gmt":"2022-06-03T17:52:09","slug":"grozio-kauke-veidui-vyno-terapija-1vnt","status":"publish","type":"product","link":"https:\/\/tiandeproducts.co.uk\/lt\/grozio-kauke-veidui-vyno-terapija-1vnt\/","title":{"rendered":"Gro\u017eio kauk\u0117 veidui \u201eVyno terapija\u201c, 1vnt."},"content":{"rendered":"<p><img decoding=\"async\" style=\"max-width: 16px; margin-right: 5px;\" src=\"https:\/\/tiandeproducts.co.uk\/wp-content\/uploads\/points-green.svg\" \/>\u00a0Earn 3 points worth \u00a30.15 when buying this product<\/p>\n<p>Vyno kauk\u0117 \u2013 ypatingas ir prabangus b\u016bdas suteikti odai spindesio, gyvybingumo, suma\u017einti stres\u0105 bei gauti emocin\u012f malonum\u0105.\u00a0Nat\u016bral\u016bs komponentai veikia kaip galingi antioksidantai, saugo od\u0105 nuo fotosen\u0117jimo,\u00a0aktyviai dr\u0117kina, padeda i\u0161laikyti elastingum\u0105, suma\u017eina matomus odos sen\u0117jimo po\u017eymius. Aktyviosios med\u017eiagos\u00a0veikia prie\u0161u\u017edegimi\u0161kai, nuima odos paraudimus, b\u0117rimus, \u0161erpetojim\u0105. Kauk\u0117 tinka jautriai, saul\u0117s i\u0161sausintai\u00a0ar per anksti susirauk\u0161l\u0117jusiai odai.<\/p>\n<p><strong>Naudojimas:<\/strong><br \/>\nAtskirdami pl\u0117vel\u0119 u\u017ed\u0117kite kauk\u0119 (audinio puse) ant \u0161varios veido odos (kryptimi i\u0161 vir\u0161aus \u012f apa\u010di\u0105). Laikykite 15-20 min., tada nuimkite, nuplaukite veid\u0105 vandeniu ir lengvai masa\u017euokite kauk\u0117s liku\u010dius kol visi\u0161kai \u012fsigers.<\/p>\n<p><strong>Veikliosios med\u017eiagos:<\/strong><\/p>\n<p><strong>Alantoinas<\/strong>\u00a0ramina sudirgusi\u0105 od\u0105, \u0161velnina ir gydo suskirdusi\u0105 od\u0105, suteikia odai lygumo ir elastingumo, skatina l\u0105steli\u0173 regeneracij\u0105. Padeda gydyti \u017eaizdas, nudegimus, mink\u0161tina od\u0105.<\/p>\n<p><strong>Alavijo ekstrakte<\/strong>\u00a0yra daug mineralini\u0173 med\u017eiag\u0173, vitamin\u0173, aminor\u016bg\u0161\u010di\u0173, ferment\u0173. Jis pasi\u017eymi stipriu antibakteriniu poveikiu, gydo \u017eaizdas, stimuliuoja nauj\u0173 l\u0105steli\u0173 augim\u0105, gerina med\u017eiag\u0173 apykait\u0105. Alavijo ekstraktas veiksmingai dr\u0117kina, maitina ir ma\u017eina plauk\u0173 riebalavim\u0105si, ramina od\u0105. Smailiaskiautis skudutis (\u0161ventagar\u0161v\u0117) turi daug vitamin\u0173: A, B3, B12, C, E ir mineral\u0173: kalcio, gele\u017eies, cinko, magnio, natrio. Jis nat\u016bralus fitoestogen\u0173 (augaliniai hormonai) \u0161altinis.<\/p>\n<p><strong>Ksantano derva<\/strong>\u00a0\u2013 nat\u016bralus polisacharidas \u2013 sukuria apsaugin\u0119 pl\u0117vel\u0119 odos pavir\u0161iuje ir padeda i\u0161saugoti dr\u0117gm\u0117s balans\u0105, sutraukia poras, tonizuoja. Veikia kaip nat\u016bralus tir\u0161tiklis, gerina kosmetin\u0117s priemon\u0117s tekst\u016br\u0105.<\/p>\n<p><strong>Natrio hialuronatas<\/strong>\u00a0&#8211; biotechnologi\u0161kai i\u0161valytas preparatas, gaunamas labai sud\u0117tingos hialurono r\u016bg\u0161ties ir natrio jon\u0173 sintez\u0117s d\u0117ka. Jis suteikia stipr\u0173 dr\u0117kinant\u012f efekt\u0105, stimuliuoja regeneracijos procesus, pasi\u017eymi prie\u0161u\u017edegiminiu poveikiu, dr\u0117kina ir lygina epiderm\u012f.<\/p>\n<p><strong>Oligopeptidai<\/strong>\u00a0yra smulkios proteino dalel\u0117s, kurios yra labai pana\u0161ios \u012f esan\u010dias m\u016bs\u0173 odos strukt\u016broje. \u0160ie peptidai aktyvina kolageno gamyb\u0105, stimuliuoja hialurono r\u016bg\u0161ties gamyb\u0105, padidina odos stangrum\u0105.<\/p>\n<p><strong>Vyno ekstrakte<\/strong>\u00a0gausu\u00a0<strong>resveratrolio<\/strong>, kuris yra stiprus antioksidantas, stabdantis sen\u0117jim\u0105 ir mal\u0161inantis u\u017edegimus. Nat\u016brali augalin\u0117 resveratrolio formul\u0117 turi stipr\u0173 poveik\u012f sunaikinti laisvuosius radikalus. Resveratrolis &#8211; vienas stipriausi\u0173 gamtoje randam\u0173 antioksidant\u0173, kuris savo aktyvumu yra 5 kartus veiksmingesnis u\u017e betakarotin\u0105, 20 kart\u0173 u\u017e vitamin\u0105 C, 17 kart\u0173 u\u017e Q10 ir kelet\u0105 kart\u0173 u\u017e vitamin\u0105 E. Resveratrolis stimuliuoja kolageno sintez\u0119, suma\u017eina l\u0105steli\u0173 pa\u017eeidimus bei negatyv\u0173 laisv\u0173j\u0173 radikal\u0173 poveik\u012f, padeda pa\u0161alinti odos paraudimus, apsaugo nuo \u017ealingo saul\u0117s spinduli\u0173 poveikio.<\/p>\n","protected":false},"excerpt":{"rendered":"<p>\u00a0Earn 3 points worth \u00a30.15 when buying this product Vyno kauk\u0117 \u2013 ypatingas ir prabangus b\u016bdas suteikti odai spindesio, gyvybingumo, suma\u017einti stres\u0105 bei gauti emocin\u012f malonum\u0105.\u00a0Nat\u016bral\u016bs komponentai veikia kaip galingi antioksidantai, saugo od\u0105 nuo fotosen\u0117jimo,\u00a0aktyviai dr\u0117kina, padeda i\u0161laikyti elastingum\u0105, suma\u017eina matomus odos sen\u0117jimo po\u017eymius. Aktyviosios med\u017eiagos\u00a0veikia prie\u0161u\u017edegimi\u0161kai, nuima odos paraudimus, b\u0117rimus, \u0161erpetojim\u0105. Kauk\u0117 tinka jautriai, [&#8230;]\n","protected":false},"featured_media":1502,"comment_status":"closed","ping_status":"closed","template":"","meta":[],"product_cat":[525,562,612,597,506],"product_tag":[],"class_list":{"0":"post-4091","1":"product","2":"type-product","3":"status-publish","4":"has-post-thumbnail","6":"product_cat-antioksidantai","7":"product_cat-kaukes-lt","8":"product_cat-nuo-rauksliu","9":"product_cat-skin-triumph-lt","10":"product_cat-veidui","12":"first","13":"instock","14":"shipping-taxable","15":"purchasable","16":"product-type-simple"},"yoast_head":"<!-- This site is optimized with the Yoast SEO plugin v23.6 - https:\/\/yoast.com\/wordpress\/plugins\/seo\/ -->\n<title>Gro\u017eio kauk\u0117 veidui \u201eVyno terapija\u201c, 1vnt. - TianDe Online Shop - Beauty &amp; Health<\/title>\n<meta name=\"robots\" content=\"index, follow, max-snippet:-1, max-image-preview:large, max-video-preview:-1\" \/>\n<link rel=\"canonical\" href=\"https:\/\/tiandeproducts.co.uk\/lt\/grozio-kauke-veidui-vyno-terapija-1vnt\/\" \/>\n<meta property=\"og:locale\" content=\"lt_LT\" \/>\n<meta property=\"og:type\" content=\"article\" \/>\n<meta property=\"og:title\" content=\"Gro\u017eio kauk\u0117 veidui \u201eVyno terapija\u201c, 1vnt. - TianDe Online Shop - Beauty &amp; Health\" \/>\n<meta property=\"og:description\" content=\"\u00a0Earn 3 points worth \u00a30.15 when buying this product Vyno kauk\u0117 \u2013 ypatingas ir prabangus b\u016bdas suteikti odai spindesio, gyvybingumo, suma\u017einti stres\u0105 bei gauti emocin\u012f malonum\u0105.\u00a0Nat\u016bral\u016bs komponentai veikia kaip galingi antioksidantai, saugo od\u0105 nuo fotosen\u0117jimo,\u00a0aktyviai dr\u0117kina, padeda i\u0161laikyti elastingum\u0105, suma\u017eina matomus odos sen\u0117jimo po\u017eymius. Aktyviosios med\u017eiagos\u00a0veikia prie\u0161u\u017edegimi\u0161kai, nuima odos paraudimus, b\u0117rimus, \u0161erpetojim\u0105. Kauk\u0117 tinka jautriai, [...]\" \/>\n<meta property=\"og:url\" content=\"https:\/\/tiandeproducts.co.uk\/lt\/grozio-kauke-veidui-vyno-terapija-1vnt\/\" \/>\n<meta property=\"og:site_name\" content=\"TianDe Online Shop - Beauty &amp; Health\" \/>\n<meta property=\"article:publisher\" content=\"https:\/\/www.facebook.com\/tiande.products.england\/\" \/>\n<meta property=\"article:modified_time\" content=\"2022-06-03T17:52:09+00:00\" \/>\n<meta property=\"og:image\" content=\"https:\/\/tiandeproducts.co.uk\/wp-content\/uploads\/2017\/03\/54103.jpg\" \/>\n\t<meta property=\"og:image:width\" content=\"800\" \/>\n\t<meta property=\"og:image:height\" content=\"800\" \/>\n\t<meta property=\"og:image:type\" content=\"image\/jpeg\" \/>\n<meta name=\"twitter:card\" content=\"summary_large_image\" \/>\n<meta name=\"twitter:label1\" content=\"Est. reading time\" \/>\n\t<meta name=\"twitter:data1\" content=\"2 minut\u0117s\" \/>\n<script type=\"application\/ld+json\" class=\"yoast-schema-graph\">{\"@context\":\"https:\/\/schema.org\",\"@graph\":[{\"@type\":\"WebPage\",\"@id\":\"https:\/\/tiandeproducts.co.uk\/lt\/grozio-kauke-veidui-vyno-terapija-1vnt\/\",\"url\":\"https:\/\/tiandeproducts.co.uk\/lt\/grozio-kauke-veidui-vyno-terapija-1vnt\/\",\"name\":\"Gro\u017eio kauk\u0117 veidui \u201eVyno terapija\u201c, 1vnt. - TianDe Online Shop - Beauty &amp; Health\",\"isPartOf\":{\"@id\":\"https:\/\/tiandeproducts.co.uk\/#website\"},\"primaryImageOfPage\":{\"@id\":\"https:\/\/tiandeproducts.co.uk\/lt\/grozio-kauke-veidui-vyno-terapija-1vnt\/#primaryimage\"},\"image\":{\"@id\":\"https:\/\/tiandeproducts.co.uk\/lt\/grozio-kauke-veidui-vyno-terapija-1vnt\/#primaryimage\"},\"thumbnailUrl\":\"https:\/\/tiandeproducts.co.uk\/wp-content\/uploads\/2017\/03\/54103.jpg\",\"datePublished\":\"2017-03-31T12:55:11+00:00\",\"dateModified\":\"2022-06-03T17:52:09+00:00\",\"breadcrumb\":{\"@id\":\"https:\/\/tiandeproducts.co.uk\/lt\/grozio-kauke-veidui-vyno-terapija-1vnt\/#breadcrumb\"},\"inLanguage\":\"lt-LT\",\"potentialAction\":[{\"@type\":\"ReadAction\",\"target\":[\"https:\/\/tiandeproducts.co.uk\/lt\/grozio-kauke-veidui-vyno-terapija-1vnt\/\"]}]},{\"@type\":\"ImageObject\",\"inLanguage\":\"lt-LT\",\"@id\":\"https:\/\/tiandeproducts.co.uk\/lt\/grozio-kauke-veidui-vyno-terapija-1vnt\/#primaryimage\",\"url\":\"https:\/\/tiandeproducts.co.uk\/wp-content\/uploads\/2017\/03\/54103.jpg\",\"contentUrl\":\"https:\/\/tiandeproducts.co.uk\/wp-content\/uploads\/2017\/03\/54103.jpg\",\"width\":800,\"height\":800,\"caption\":\"Wine Therapy Facial Beauty Mask,1pc-0\"},{\"@type\":\"BreadcrumbList\",\"@id\":\"https:\/\/tiandeproducts.co.uk\/lt\/grozio-kauke-veidui-vyno-terapija-1vnt\/#breadcrumb\",\"itemListElement\":[{\"@type\":\"ListItem\",\"position\":1,\"name\":\"Home\",\"item\":\"https:\/\/tiandeproducts.co.uk\/lt\/\"},{\"@type\":\"ListItem\",\"position\":2,\"name\":\"Shop\",\"item\":\"https:\/\/tiandeproducts.co.uk\/lt\/shop-2\/\"},{\"@type\":\"ListItem\",\"position\":3,\"name\":\"Gro\u017eio kauk\u0117 veidui \u201eVyno terapija\u201c, 1vnt.\"}]},{\"@type\":\"WebSite\",\"@id\":\"https:\/\/tiandeproducts.co.uk\/#website\",\"url\":\"https:\/\/tiandeproducts.co.uk\/\",\"name\":\"TianDe Online Shop - Beauty & Health\",\"description\":\"Traditional Chinese Medicine\",\"potentialAction\":[{\"@type\":\"SearchAction\",\"target\":{\"@type\":\"EntryPoint\",\"urlTemplate\":\"https:\/\/tiandeproducts.co.uk\/?s={search_term_string}\"},\"query-input\":{\"@type\":\"PropertyValueSpecification\",\"valueRequired\":true,\"valueName\":\"search_term_string\"}}],\"inLanguage\":\"lt-LT\"}]}<\/script>\n<!-- \/ Yoast SEO plugin. -->","yoast_head_json":{"title":"Gro\u017eio kauk\u0117 veidui \u201eVyno terapija\u201c, 1vnt. - TianDe Online Shop - Beauty &amp; Health","robots":{"index":"index","follow":"follow","max-snippet":"max-snippet:-1","max-image-preview":"max-image-preview:large","max-video-preview":"max-video-preview:-1"},"canonical":"https:\/\/tiandeproducts.co.uk\/lt\/grozio-kauke-veidui-vyno-terapija-1vnt\/","og_locale":"lt_LT","og_type":"article","og_title":"Gro\u017eio kauk\u0117 veidui \u201eVyno terapija\u201c, 1vnt. - TianDe Online Shop - Beauty &amp; Health","og_description":"\u00a0Earn 3 points worth \u00a30.15 when buying this product Vyno kauk\u0117 \u2013 ypatingas ir prabangus b\u016bdas suteikti odai spindesio, gyvybingumo, suma\u017einti stres\u0105 bei gauti emocin\u012f malonum\u0105.\u00a0Nat\u016bral\u016bs komponentai veikia kaip galingi antioksidantai, saugo od\u0105 nuo fotosen\u0117jimo,\u00a0aktyviai dr\u0117kina, padeda i\u0161laikyti elastingum\u0105, suma\u017eina matomus odos sen\u0117jimo po\u017eymius. Aktyviosios med\u017eiagos\u00a0veikia prie\u0161u\u017edegimi\u0161kai, nuima odos paraudimus, b\u0117rimus, \u0161erpetojim\u0105. Kauk\u0117 tinka jautriai, [...]","og_url":"https:\/\/tiandeproducts.co.uk\/lt\/grozio-kauke-veidui-vyno-terapija-1vnt\/","og_site_name":"TianDe Online Shop - Beauty &amp; Health","article_publisher":"https:\/\/www.facebook.com\/tiande.products.england\/","article_modified_time":"2022-06-03T17:52:09+00:00","og_image":[{"width":800,"height":800,"url":"https:\/\/tiandeproducts.co.uk\/wp-content\/uploads\/2017\/03\/54103.jpg","type":"image\/jpeg"}],"twitter_card":"summary_large_image","twitter_misc":{"Est. reading time":"2 minut\u0117s"},"schema":{"@context":"https:\/\/schema.org","@graph":[{"@type":"WebPage","@id":"https:\/\/tiandeproducts.co.uk\/lt\/grozio-kauke-veidui-vyno-terapija-1vnt\/","url":"https:\/\/tiandeproducts.co.uk\/lt\/grozio-kauke-veidui-vyno-terapija-1vnt\/","name":"Gro\u017eio kauk\u0117 veidui \u201eVyno terapija\u201c, 1vnt. - TianDe Online Shop - Beauty &amp; Health","isPartOf":{"@id":"https:\/\/tiandeproducts.co.uk\/#website"},"primaryImageOfPage":{"@id":"https:\/\/tiandeproducts.co.uk\/lt\/grozio-kauke-veidui-vyno-terapija-1vnt\/#primaryimage"},"image":{"@id":"https:\/\/tiandeproducts.co.uk\/lt\/grozio-kauke-veidui-vyno-terapija-1vnt\/#primaryimage"},"thumbnailUrl":"https:\/\/tiandeproducts.co.uk\/wp-content\/uploads\/2017\/03\/54103.jpg","datePublished":"2017-03-31T12:55:11+00:00","dateModified":"2022-06-03T17:52:09+00:00","breadcrumb":{"@id":"https:\/\/tiandeproducts.co.uk\/lt\/grozio-kauke-veidui-vyno-terapija-1vnt\/#breadcrumb"},"inLanguage":"lt-LT","potentialAction":[{"@type":"ReadAction","target":["https:\/\/tiandeproducts.co.uk\/lt\/grozio-kauke-veidui-vyno-terapija-1vnt\/"]}]},{"@type":"ImageObject","inLanguage":"lt-LT","@id":"https:\/\/tiandeproducts.co.uk\/lt\/grozio-kauke-veidui-vyno-terapija-1vnt\/#primaryimage","url":"https:\/\/tiandeproducts.co.uk\/wp-content\/uploads\/2017\/03\/54103.jpg","contentUrl":"https:\/\/tiandeproducts.co.uk\/wp-content\/uploads\/2017\/03\/54103.jpg","width":800,"height":800,"caption":"Wine Therapy Facial Beauty Mask,1pc-0"},{"@type":"BreadcrumbList","@id":"https:\/\/tiandeproducts.co.uk\/lt\/grozio-kauke-veidui-vyno-terapija-1vnt\/#breadcrumb","itemListElement":[{"@type":"ListItem","position":1,"name":"Home","item":"https:\/\/tiandeproducts.co.uk\/lt\/"},{"@type":"ListItem","position":2,"name":"Shop","item":"https:\/\/tiandeproducts.co.uk\/lt\/shop-2\/"},{"@type":"ListItem","position":3,"name":"Gro\u017eio kauk\u0117 veidui \u201eVyno terapija\u201c, 1vnt."}]},{"@type":"WebSite","@id":"https:\/\/tiandeproducts.co.uk\/#website","url":"https:\/\/tiandeproducts.co.uk\/","name":"TianDe Online Shop - Beauty & Health","description":"Traditional Chinese Medicine","potentialAction":[{"@type":"SearchAction","target":{"@type":"EntryPoint","urlTemplate":"https:\/\/tiandeproducts.co.uk\/?s={search_term_string}"},"query-input":{"@type":"PropertyValueSpecification","valueRequired":true,"valueName":"search_term_string"}}],"inLanguage":"lt-LT"}]}},"_links":{"self":[{"href":"https:\/\/tiandeproducts.co.uk\/lt\/wp-json\/wp\/v2\/product\/4091","targetHints":{"allow":["GET"]}}],"collection":[{"href":"https:\/\/tiandeproducts.co.uk\/lt\/wp-json\/wp\/v2\/product"}],"about":[{"href":"https:\/\/tiandeproducts.co.uk\/lt\/wp-json\/wp\/v2\/types\/product"}],"replies":[{"embeddable":true,"href":"https:\/\/tiandeproducts.co.uk\/lt\/wp-json\/wp\/v2\/comments?post=4091"}],"wp:featuredmedia":[{"embeddable":true,"href":"https:\/\/tiandeproducts.co.uk\/lt\/wp-json\/wp\/v2\/media\/1502"}],"wp:attachment":[{"href":"https:\/\/tiandeproducts.co.uk\/lt\/wp-json\/wp\/v2\/media?parent=4091"}],"wp:term":[{"taxonomy":"product_cat","embeddable":true,"href":"https:\/\/tiandeproducts.co.uk\/lt\/wp-json\/wp\/v2\/product_cat?post=4091"},{"taxonomy":"product_tag","embeddable":true,"href":"https:\/\/tiandeproducts.co.uk\/lt\/wp-json\/wp\/v2\/product_tag?post=4091"}],"curies":[{"name":"wp","href":"https:\/\/api.w.org\/{rel}","templated":true}]}}