{"id":4090,"date":"2017-03-31T13:59:31","date_gmt":"2017-03-31T12:59:31","guid":{"rendered":"https:\/\/tnd.ontesting.co.uk\/grozio-kauke-veidui-vandenyno-dumbliai-1vnt\/"},"modified":"2021-02-25T11:48:59","modified_gmt":"2021-02-25T11:48:59","slug":"grozio-kauke-veidui-vandenyno-dumbliai-1vnt","status":"publish","type":"product","link":"https:\/\/tiandeproducts.co.uk\/lt\/grozio-kauke-veidui-vandenyno-dumbliai-1vnt\/","title":{"rendered":"Gro\u017eio kauk\u0117 veidui \u201eVandenyno dumbliai\u201c, 1vnt."},"content":{"rendered":"<p><img decoding=\"async\" style=\"max-width: 16px; margin-right: 5px;\" src=\"https:\/\/tiandeproducts.co.uk\/wp-content\/uploads\/points-green.svg\" \/>\u00a0Earn 3 points worth \u00a30.15 when buying this product<\/p>\n<p>Gro\u017eio kauk\u0117s\u00a0komponentai\u00a0gausiai dr\u0117kina ir tonizuoja od\u0105, suteikia stangrumo ir elastingumo, saugo nuo kenksmingo aplinkos poveikio, skatina greit\u0105 odos atsinaujinim\u0105, pagerina veido spalv\u0105, jaunina.\u00a0Tai skubaus\u00a0dr\u0117kinimo priemon\u0117 bet kokio am\u017eiaus ar tipo\u00a0odai.<\/p>\n<p>Pagrindin\u0117 sudedamoji dalis \u2013 j\u016bros dumbliai &#8211;\u00a0turi auk\u0161t\u0105 biologinio suderinamumo laipsn\u012f su \u017emogaus odos l\u0105stel\u0117mis, o mineralin\u0117 sud\u0117tis prakti\u0161kai identi\u0161ka biocheminei \u017emogaus kraujo plazmos sud\u0117\u010diai. J\u016bros dumbliuose gausu mikro ir makro element\u0173, nat\u016brali\u0173 dr\u0117kikli\u0173, biologi\u0161kai aktyvi\u0173 med\u017eiag\u0173, antioksidant\u0173.<\/p>\n<p><strong>Naudojimas:<\/strong><br \/>\nAtskirdami pl\u0117vel\u0119 u\u017ed\u0117kite kauk\u0119 (audinio puse) ant \u0161varios veido odos (kryptimi i\u0161 vir\u0161aus \u012f apa\u010di\u0105). Laikykite 15-20 min., tada nuimkite, nuplaukite veid\u0105 vandeniu ir lengvai masa\u017euokite kauk\u0117s liku\u010dius kol visi\u0161kai \u012fsigers.<\/p>\n<p><strong>Veikliosios med\u017eiagos:<\/strong><\/p>\n<p><strong>Natrio hialuronatas<\/strong>\u00a0&#8211; biotechnologi\u0161kai i\u0161valytas preparatas, gaunamas labai sud\u0117tingos hialurono r\u016bg\u0161ties ir natrio jon\u0173 sintez\u0117s d\u0117ka. Jis suteikia stipr\u0173 dr\u0117kinant\u012f efekt\u0105, stimuliuoja regeneracijos procesus, pasi\u017eymi prie\u0161u\u017edegiminiu poveikiu, dr\u0117kina ir lygina epiderm\u012f.<\/p>\n<p><strong>Alantoinas<\/strong>\u00a0ramina sudirgusi\u0105 od\u0105, suteikia jai lygumo ir elastingumo, skatina l\u0105steli\u0173 regeneracij\u0105, turi antialergini\u0173 savybi\u0173, padeda gydyti \u017eaizdas, nudegimus ir \u012ftr\u016bkimus, mink\u0161tina.<\/p>\n<p><strong>Ksantano derva<\/strong>\u00a0\u2013 nat\u016bralus polisacharidas \u2013 sukuria apsaugin\u0119 pl\u0117vel\u0119 odos pavir\u0161iuje ir padeda i\u0161saugoti dr\u0117gm\u0117s balans\u0105, sutraukia poras, tonizuoja. Veikia kaip nat\u016bralus tir\u0161tiklis, gerina kosmetin\u0117s priemon\u0117s tekst\u016br\u0105.<\/p>\n<p><strong>Dumbli\u0173\u00a0ekstraktas<\/strong>\u00a0apr\u016bpina od\u0105 mikroelementais, vitaminais ir aminor\u016bg\u0161timis, subalansuoja biocheminius procesus odoje bei riebaliniame audinyje. \u0160iuose dumbliuose ypa\u010d gausu mineral\u0173 ir polisacharid\u0173, kurie u\u017etikrina ilgalaik\u012f gilumin\u012f odos dr\u0117kinim\u0105.<\/p>\n","protected":false},"excerpt":{"rendered":"<p>\u00a0Earn 3 points worth \u00a30.15 when buying this product Gro\u017eio kauk\u0117s\u00a0komponentai\u00a0gausiai dr\u0117kina ir tonizuoja od\u0105, suteikia stangrumo ir elastingumo, saugo nuo kenksmingo aplinkos poveikio, skatina greit\u0105 odos atsinaujinim\u0105, pagerina veido spalv\u0105, jaunina.\u00a0Tai skubaus\u00a0dr\u0117kinimo priemon\u0117 bet kokio am\u017eiaus ar tipo\u00a0odai. Pagrindin\u0117 sudedamoji dalis \u2013 j\u016bros dumbliai &#8211;\u00a0turi auk\u0161t\u0105 biologinio suderinamumo laipsn\u012f su \u017emogaus odos l\u0105stel\u0117mis, o [&#8230;]\n","protected":false},"featured_media":1507,"comment_status":"closed","ping_status":"closed","template":"","meta":[],"product_cat":[576,613,562,597,506],"product_tag":[],"class_list":{"0":"post-4090","1":"product","2":"type-product","3":"status-publish","4":"has-post-thumbnail","6":"product_cat-drekinimas","7":"product_cat-jaunai-odai","8":"product_cat-kaukes-lt","9":"product_cat-skin-triumph-lt","10":"product_cat-veidui","12":"first","13":"instock","14":"shipping-taxable","15":"purchasable","16":"product-type-simple"},"yoast_head":"<!-- This site is optimized with the Yoast SEO plugin v23.6 - https:\/\/yoast.com\/wordpress\/plugins\/seo\/ -->\n<title>Gro\u017eio kauk\u0117 veidui \u201eVandenyno dumbliai\u201c, 1vnt. - TianDe Online Shop - Beauty &amp; Health<\/title>\n<meta name=\"robots\" content=\"index, follow, max-snippet:-1, max-image-preview:large, max-video-preview:-1\" \/>\n<link rel=\"canonical\" href=\"https:\/\/tiandeproducts.co.uk\/lt\/grozio-kauke-veidui-vandenyno-dumbliai-1vnt\/\" \/>\n<meta property=\"og:locale\" content=\"lt_LT\" \/>\n<meta property=\"og:type\" content=\"article\" \/>\n<meta property=\"og:title\" content=\"Gro\u017eio kauk\u0117 veidui \u201eVandenyno dumbliai\u201c, 1vnt. - TianDe Online Shop - Beauty &amp; Health\" \/>\n<meta property=\"og:description\" content=\"\u00a0Earn 3 points worth \u00a30.15 when buying this product Gro\u017eio kauk\u0117s\u00a0komponentai\u00a0gausiai dr\u0117kina ir tonizuoja od\u0105, suteikia stangrumo ir elastingumo, saugo nuo kenksmingo aplinkos poveikio, skatina greit\u0105 odos atsinaujinim\u0105, pagerina veido spalv\u0105, jaunina.\u00a0Tai skubaus\u00a0dr\u0117kinimo priemon\u0117 bet kokio am\u017eiaus ar tipo\u00a0odai. Pagrindin\u0117 sudedamoji dalis \u2013 j\u016bros dumbliai &#8211;\u00a0turi auk\u0161t\u0105 biologinio suderinamumo laipsn\u012f su \u017emogaus odos l\u0105stel\u0117mis, o [...]\" \/>\n<meta property=\"og:url\" content=\"https:\/\/tiandeproducts.co.uk\/lt\/grozio-kauke-veidui-vandenyno-dumbliai-1vnt\/\" \/>\n<meta property=\"og:site_name\" content=\"TianDe Online Shop - Beauty &amp; Health\" \/>\n<meta property=\"article:publisher\" content=\"https:\/\/www.facebook.com\/tiande.products.england\/\" \/>\n<meta property=\"article:modified_time\" content=\"2021-02-25T11:48:59+00:00\" \/>\n<meta property=\"og:image\" content=\"https:\/\/tiandeproducts.co.uk\/wp-content\/uploads\/2017\/03\/54104.jpg\" \/>\n\t<meta property=\"og:image:width\" content=\"800\" \/>\n\t<meta property=\"og:image:height\" content=\"800\" \/>\n\t<meta property=\"og:image:type\" content=\"image\/jpeg\" \/>\n<meta name=\"twitter:card\" content=\"summary_large_image\" \/>\n<meta name=\"twitter:label1\" content=\"Est. reading time\" \/>\n\t<meta name=\"twitter:data1\" content=\"1 minut\u0117\" \/>\n<script type=\"application\/ld+json\" class=\"yoast-schema-graph\">{\"@context\":\"https:\/\/schema.org\",\"@graph\":[{\"@type\":\"WebPage\",\"@id\":\"https:\/\/tiandeproducts.co.uk\/lt\/grozio-kauke-veidui-vandenyno-dumbliai-1vnt\/\",\"url\":\"https:\/\/tiandeproducts.co.uk\/lt\/grozio-kauke-veidui-vandenyno-dumbliai-1vnt\/\",\"name\":\"Gro\u017eio kauk\u0117 veidui \u201eVandenyno dumbliai\u201c, 1vnt. - TianDe Online Shop - Beauty &amp; Health\",\"isPartOf\":{\"@id\":\"https:\/\/tiandeproducts.co.uk\/#website\"},\"primaryImageOfPage\":{\"@id\":\"https:\/\/tiandeproducts.co.uk\/lt\/grozio-kauke-veidui-vandenyno-dumbliai-1vnt\/#primaryimage\"},\"image\":{\"@id\":\"https:\/\/tiandeproducts.co.uk\/lt\/grozio-kauke-veidui-vandenyno-dumbliai-1vnt\/#primaryimage\"},\"thumbnailUrl\":\"https:\/\/tiandeproducts.co.uk\/wp-content\/uploads\/2017\/03\/54104.jpg\",\"datePublished\":\"2017-03-31T12:59:31+00:00\",\"dateModified\":\"2021-02-25T11:48:59+00:00\",\"breadcrumb\":{\"@id\":\"https:\/\/tiandeproducts.co.uk\/lt\/grozio-kauke-veidui-vandenyno-dumbliai-1vnt\/#breadcrumb\"},\"inLanguage\":\"lt-LT\",\"potentialAction\":[{\"@type\":\"ReadAction\",\"target\":[\"https:\/\/tiandeproducts.co.uk\/lt\/grozio-kauke-veidui-vandenyno-dumbliai-1vnt\/\"]}]},{\"@type\":\"ImageObject\",\"inLanguage\":\"lt-LT\",\"@id\":\"https:\/\/tiandeproducts.co.uk\/lt\/grozio-kauke-veidui-vandenyno-dumbliai-1vnt\/#primaryimage\",\"url\":\"https:\/\/tiandeproducts.co.uk\/wp-content\/uploads\/2017\/03\/54104.jpg\",\"contentUrl\":\"https:\/\/tiandeproducts.co.uk\/wp-content\/uploads\/2017\/03\/54104.jpg\",\"width\":800,\"height\":800,\"caption\":\"Ocean Seaweed Facial Beauty Mask,1pc-0\"},{\"@type\":\"BreadcrumbList\",\"@id\":\"https:\/\/tiandeproducts.co.uk\/lt\/grozio-kauke-veidui-vandenyno-dumbliai-1vnt\/#breadcrumb\",\"itemListElement\":[{\"@type\":\"ListItem\",\"position\":1,\"name\":\"Home\",\"item\":\"https:\/\/tiandeproducts.co.uk\/lt\/\"},{\"@type\":\"ListItem\",\"position\":2,\"name\":\"Shop\",\"item\":\"https:\/\/tiandeproducts.co.uk\/lt\/shop-2\/\"},{\"@type\":\"ListItem\",\"position\":3,\"name\":\"Gro\u017eio kauk\u0117 veidui \u201eVandenyno dumbliai\u201c, 1vnt.\"}]},{\"@type\":\"WebSite\",\"@id\":\"https:\/\/tiandeproducts.co.uk\/#website\",\"url\":\"https:\/\/tiandeproducts.co.uk\/\",\"name\":\"TianDe Online Shop - Beauty & Health\",\"description\":\"Traditional Chinese Medicine\",\"potentialAction\":[{\"@type\":\"SearchAction\",\"target\":{\"@type\":\"EntryPoint\",\"urlTemplate\":\"https:\/\/tiandeproducts.co.uk\/?s={search_term_string}\"},\"query-input\":{\"@type\":\"PropertyValueSpecification\",\"valueRequired\":true,\"valueName\":\"search_term_string\"}}],\"inLanguage\":\"lt-LT\"}]}<\/script>\n<!-- \/ Yoast SEO plugin. -->","yoast_head_json":{"title":"Gro\u017eio kauk\u0117 veidui \u201eVandenyno dumbliai\u201c, 1vnt. - TianDe Online Shop - Beauty &amp; Health","robots":{"index":"index","follow":"follow","max-snippet":"max-snippet:-1","max-image-preview":"max-image-preview:large","max-video-preview":"max-video-preview:-1"},"canonical":"https:\/\/tiandeproducts.co.uk\/lt\/grozio-kauke-veidui-vandenyno-dumbliai-1vnt\/","og_locale":"lt_LT","og_type":"article","og_title":"Gro\u017eio kauk\u0117 veidui \u201eVandenyno dumbliai\u201c, 1vnt. - TianDe Online Shop - Beauty &amp; Health","og_description":"\u00a0Earn 3 points worth \u00a30.15 when buying this product Gro\u017eio kauk\u0117s\u00a0komponentai\u00a0gausiai dr\u0117kina ir tonizuoja od\u0105, suteikia stangrumo ir elastingumo, saugo nuo kenksmingo aplinkos poveikio, skatina greit\u0105 odos atsinaujinim\u0105, pagerina veido spalv\u0105, jaunina.\u00a0Tai skubaus\u00a0dr\u0117kinimo priemon\u0117 bet kokio am\u017eiaus ar tipo\u00a0odai. Pagrindin\u0117 sudedamoji dalis \u2013 j\u016bros dumbliai &#8211;\u00a0turi auk\u0161t\u0105 biologinio suderinamumo laipsn\u012f su \u017emogaus odos l\u0105stel\u0117mis, o [...]","og_url":"https:\/\/tiandeproducts.co.uk\/lt\/grozio-kauke-veidui-vandenyno-dumbliai-1vnt\/","og_site_name":"TianDe Online Shop - Beauty &amp; Health","article_publisher":"https:\/\/www.facebook.com\/tiande.products.england\/","article_modified_time":"2021-02-25T11:48:59+00:00","og_image":[{"width":800,"height":800,"url":"https:\/\/tiandeproducts.co.uk\/wp-content\/uploads\/2017\/03\/54104.jpg","type":"image\/jpeg"}],"twitter_card":"summary_large_image","twitter_misc":{"Est. reading time":"1 minut\u0117"},"schema":{"@context":"https:\/\/schema.org","@graph":[{"@type":"WebPage","@id":"https:\/\/tiandeproducts.co.uk\/lt\/grozio-kauke-veidui-vandenyno-dumbliai-1vnt\/","url":"https:\/\/tiandeproducts.co.uk\/lt\/grozio-kauke-veidui-vandenyno-dumbliai-1vnt\/","name":"Gro\u017eio kauk\u0117 veidui \u201eVandenyno dumbliai\u201c, 1vnt. - TianDe Online Shop - Beauty &amp; Health","isPartOf":{"@id":"https:\/\/tiandeproducts.co.uk\/#website"},"primaryImageOfPage":{"@id":"https:\/\/tiandeproducts.co.uk\/lt\/grozio-kauke-veidui-vandenyno-dumbliai-1vnt\/#primaryimage"},"image":{"@id":"https:\/\/tiandeproducts.co.uk\/lt\/grozio-kauke-veidui-vandenyno-dumbliai-1vnt\/#primaryimage"},"thumbnailUrl":"https:\/\/tiandeproducts.co.uk\/wp-content\/uploads\/2017\/03\/54104.jpg","datePublished":"2017-03-31T12:59:31+00:00","dateModified":"2021-02-25T11:48:59+00:00","breadcrumb":{"@id":"https:\/\/tiandeproducts.co.uk\/lt\/grozio-kauke-veidui-vandenyno-dumbliai-1vnt\/#breadcrumb"},"inLanguage":"lt-LT","potentialAction":[{"@type":"ReadAction","target":["https:\/\/tiandeproducts.co.uk\/lt\/grozio-kauke-veidui-vandenyno-dumbliai-1vnt\/"]}]},{"@type":"ImageObject","inLanguage":"lt-LT","@id":"https:\/\/tiandeproducts.co.uk\/lt\/grozio-kauke-veidui-vandenyno-dumbliai-1vnt\/#primaryimage","url":"https:\/\/tiandeproducts.co.uk\/wp-content\/uploads\/2017\/03\/54104.jpg","contentUrl":"https:\/\/tiandeproducts.co.uk\/wp-content\/uploads\/2017\/03\/54104.jpg","width":800,"height":800,"caption":"Ocean Seaweed Facial Beauty Mask,1pc-0"},{"@type":"BreadcrumbList","@id":"https:\/\/tiandeproducts.co.uk\/lt\/grozio-kauke-veidui-vandenyno-dumbliai-1vnt\/#breadcrumb","itemListElement":[{"@type":"ListItem","position":1,"name":"Home","item":"https:\/\/tiandeproducts.co.uk\/lt\/"},{"@type":"ListItem","position":2,"name":"Shop","item":"https:\/\/tiandeproducts.co.uk\/lt\/shop-2\/"},{"@type":"ListItem","position":3,"name":"Gro\u017eio kauk\u0117 veidui \u201eVandenyno dumbliai\u201c, 1vnt."}]},{"@type":"WebSite","@id":"https:\/\/tiandeproducts.co.uk\/#website","url":"https:\/\/tiandeproducts.co.uk\/","name":"TianDe Online Shop - Beauty & Health","description":"Traditional Chinese Medicine","potentialAction":[{"@type":"SearchAction","target":{"@type":"EntryPoint","urlTemplate":"https:\/\/tiandeproducts.co.uk\/?s={search_term_string}"},"query-input":{"@type":"PropertyValueSpecification","valueRequired":true,"valueName":"search_term_string"}}],"inLanguage":"lt-LT"}]}},"_links":{"self":[{"href":"https:\/\/tiandeproducts.co.uk\/lt\/wp-json\/wp\/v2\/product\/4090","targetHints":{"allow":["GET"]}}],"collection":[{"href":"https:\/\/tiandeproducts.co.uk\/lt\/wp-json\/wp\/v2\/product"}],"about":[{"href":"https:\/\/tiandeproducts.co.uk\/lt\/wp-json\/wp\/v2\/types\/product"}],"replies":[{"embeddable":true,"href":"https:\/\/tiandeproducts.co.uk\/lt\/wp-json\/wp\/v2\/comments?post=4090"}],"wp:featuredmedia":[{"embeddable":true,"href":"https:\/\/tiandeproducts.co.uk\/lt\/wp-json\/wp\/v2\/media\/1507"}],"wp:attachment":[{"href":"https:\/\/tiandeproducts.co.uk\/lt\/wp-json\/wp\/v2\/media?parent=4090"}],"wp:term":[{"taxonomy":"product_cat","embeddable":true,"href":"https:\/\/tiandeproducts.co.uk\/lt\/wp-json\/wp\/v2\/product_cat?post=4090"},{"taxonomy":"product_tag","embeddable":true,"href":"https:\/\/tiandeproducts.co.uk\/lt\/wp-json\/wp\/v2\/product_tag?post=4090"}],"curies":[{"name":"wp","href":"https:\/\/api.w.org\/{rel}","templated":true}]}}