{"id":4089,"date":"2017-04-01T09:32:22","date_gmt":"2017-04-01T08:32:22","guid":{"rendered":"https:\/\/tnd.ontesting.co.uk\/balzamas-lupu-svelnumui-10-g\/"},"modified":"2021-02-25T11:47:38","modified_gmt":"2021-02-25T11:47:38","slug":"balzamas-lupu-svelnumui-10-g","status":"publish","type":"product","link":"https:\/\/tiandeproducts.co.uk\/lt\/balzamas-lupu-svelnumui-10-g\/","title":{"rendered":"Balzamas l\u016bp\u0173 \u0161velnumui 10 g."},"content":{"rendered":"<p><img decoding=\"async\" style=\"max-width: 16px; margin-right: 5px;\" src=\"https:\/\/tiandeproducts.co.uk\/wp-content\/uploads\/points-green.svg\" \/>\u00a0Earn 7 points worth \u00a30.35 when buying this product<\/p>\n<p>\u0160velnios ir \u0161ilkin\u0117s, mink\u0161tos ir dr\u0117gnos &#8230; L\u016bpos, kuriomis r\u016bpinasi balzamas Fucoidan i\u0161 Tiande, taip ir pritrauks bu\u010dinius!<\/p>\n<p><span title=\"\u0421 \u043d\u043e\u0432\u044b\u043c \u0431\u0430\u043b\u044c\u0437\u0430\u043c\u043e\u043c \u0434\u043b\u044f \u044d\u043a\u0441\u0442\u0440\u0438\u043c-\u0441\u043c\u044f\u0433\u0447\u0435\u043d\u0438\u044f \u0442\u0432\u043e\u0438 \u0433\u0443\u0431\u044b \u0432 \u043b\u044e\u0431\u0443\u044e \u043f\u043e\u0433\u043e\u0434\u0443 \u0431\u0443\u0434\u0443\u0442 \u043f\u043e\u0434 \u0437\u0430\u0449\u0438\u0442\u043e\u0439.\">Naujas balzamas i\u0161karto sumink\u0161tins l\u016bpas ir bet kokiu oru jos bus apsaugotos.\u00a0<\/span><span title=\"\u0421\u0440\u0435\u0434\u0441\u0442\u0432\u043e \u0432\u044b\u0441\u0442\u0443\u043f\u0430\u0435\u0442 \u043d\u0430\u0434\u0435\u0436\u043d\u044b\u043c \u0431\u0430\u0440\u044c\u0435\u0440\u043e\u043c \u043c\u0435\u0436\u0434\u0443 \u0432\u0440\u0435\u0434\u043d\u044b\u043c \u0432\u043e\u0437\u0434\u0435\u0439\u0441\u0442\u0432\u0438\u0435\u043c \u043e\u043a\u0440\u0443\u0436\u0430\u044e\u0449\u0435\u0439 \u0441\u0440\u0435\u0434\u044b \u0438 \u0442\u043e\u043d\u043a\u043e\u0439 \u043a\u043e\u0436\u0435\u0439 \u0433\u0443\u0431, \u043f\u0440\u0435\u0434\u043e\u0442\u0432\u0440\u0430\u0449\u0430\u044f \u0438\u0445 \u0441\u0443\u0445\u043e\u0441\u0442\u044c \u0438 \u0448\u0435\u043b\u0443\u0448\u0435\u043d\u0438\u0435.\">Priemon\u0117 patikimai saugos plon\u0105 l\u016bp\u0173 od\u0105 nuo \u017ealingo aplinkos poveikio, neleis jai saus\u0117ti ir pleiskanoti.\u00a0<\/span><span title=\"\u0417\u0430\u0449\u0438\u0442\u043d\u043e\u0435 \u0434\u0435\u0439\u0441\u0442\u0432\u0438\u0435 \u0443\u0441\u0438\u043b\u0438\u0432\u0430\u0435\u0442 \u0432\u0445\u043e\u0434\u044f\u0449\u0438\u0439 \u0432 \u0441\u0440\u0435\u0434\u0441\u0442\u0432\u043e UV-\u0444\u0438\u043b\u044c\u0442\u0440. \">Apsauginis poveikis padid\u0117ja ir d\u0117l UV filtr\u0173 esan\u010di\u0173 priemon\u0117je.<\/span><\/p>\n<p><span title=\"\u0411\u0430\u043b\u044c\u0437\u0430\u043c Fucoidan \u043c\u043e\u0436\u043d\u043e \u0438\u0441\u043f\u043e\u043b\u044c\u0437\u043e\u0432\u0430\u0442\u044c \u043d\u0435 \u0442\u043e\u043b\u044c\u043a\u043e \u043d\u0430 \u0433\u0443\u0431\u0430\u0445.\">Balzamas Fucoidan gali b\u016bti naudojamas ne tik ant l\u016bp\u0173.\u00a0<\/span><span title=\"\u041e\u043d \u0431\u0443\u0434\u0435\u0442 \u043e\u0442\u043b\u0438\u0447\u043d\u043e \u0440\u0430\u0431\u043e\u0442\u0430\u0442\u044c \u043d\u0430 \u043b\u044e\u0431\u044b\u0445 \u0437\u0430\u0433\u0440\u0443\u0431\u0435\u0432\u0448\u0438\u0445 \u0443\u0447\u0430\u0441\u0442\u043a\u0430\u0445 \u043a\u043e\u0436\u0438.\">Jis puikiai veiks ant bet kurios \u0161iurk\u0161\u010dios odos vietos.\u00a0<\/span><span title=\"\u0421 \u043f\u043e\u043c\u043e\u0449\u044c\u044e \u043d\u0435\u0431\u043e\u043b\u044c\u0448\u043e\u0433\u043e \u043a\u043e\u043b\u0438\u0447\u0435\u0441\u0442\u0432\u0430 \u0431\u0430\u043b\u044c\u0437\u0430\u043c\u0430 \u0442\u044b \u0441\u043c\u043e\u0436\u0435\u0448\u044c \u0432\u0435\u0440\u043d\u0443\u0442\u044c \u043c\u044f\u0433\u043a\u043e\u0441\u0442\u044c \u0438 \u043d\u0435\u0436\u043d\u043e\u0441\u0442\u044c \u0434\u0430\u0436\u0435 \u043b\u043e\u043a\u0442\u044f\u043c \u0438 \u043f\u044f\u0442\u043e\u0447\u043a\u0430\u043c. \">Su nedideliu kiekiu balzamo galite sumink\u0161tinti net alk\u016bnes ir kulnus ir j\u0173 oda taps v\u0117l \u0161velni.<\/span><\/p>\n<p><span title=\"\u041d\u0430\u043d\u0435\u0441\u0438 \u0431\u0430\u043b\u044c\u0437\u0430\u043c \u043d\u0430 \u0433\u0443\u0431\u044b \u0438\u043b\u0438 \u0437\u0430\u0433\u0440\u0443\u0431\u0435\u0432\u0448\u0438\u0435 \u0443\u0447\u0430\u0441\u0442\u043a\u0438 \u043a\u043e\u0436\u0438.\"><strong>Naudojimas<\/strong>: tepti balzam\u0105 ant l\u016bp\u0173 arba \u0161iurk\u0161\u010dios odos.<\/span><\/p>\n","protected":false},"excerpt":{"rendered":"<p>\u00a0Earn 7 points worth \u00a30.35 when buying this product \u0160velnios ir \u0161ilkin\u0117s, mink\u0161tos ir dr\u0117gnos &#8230; L\u016bpos, kuriomis r\u016bpinasi balzamas Fucoidan i\u0161 Tiande, taip ir pritrauks bu\u010dinius! Naujas balzamas i\u0161karto sumink\u0161tins l\u016bpas ir bet kokiu oru jos bus apsaugotos.\u00a0Priemon\u0117 patikimai saugos plon\u0105 l\u016bp\u0173 od\u0105 nuo \u017ealingo aplinkos poveikio, neleis jai saus\u0117ti ir pleiskanoti.\u00a0Apsauginis poveikis padid\u0117ja [&#8230;]\n","protected":false},"featured_media":1512,"comment_status":"closed","ping_status":"closed","template":"","meta":[],"product_cat":[687,703,704],"product_tag":[],"class_list":{"0":"post-4089","1":"product","2":"type-product","3":"status-publish","4":"has-post-thumbnail","6":"product_cat-makiazas-lt","7":"product_cat-lupoms","8":"product_cat-lupu-balzamai","10":"first","11":"instock","12":"shipping-taxable","13":"purchasable","14":"product-type-simple"},"yoast_head":"<!-- This site is optimized with the Yoast SEO plugin v23.6 - https:\/\/yoast.com\/wordpress\/plugins\/seo\/ -->\n<title>Balzamas l\u016bp\u0173 \u0161velnumui 10 g. - TianDe Online Shop - Beauty &amp; Health<\/title>\n<meta name=\"robots\" content=\"index, follow, max-snippet:-1, max-image-preview:large, max-video-preview:-1\" \/>\n<link rel=\"canonical\" href=\"https:\/\/tiandeproducts.co.uk\/lt\/balzamas-lupu-svelnumui-10-g\/\" \/>\n<meta property=\"og:locale\" content=\"lt_LT\" \/>\n<meta property=\"og:type\" content=\"article\" \/>\n<meta property=\"og:title\" content=\"Balzamas l\u016bp\u0173 \u0161velnumui 10 g. - TianDe Online Shop - Beauty &amp; Health\" \/>\n<meta property=\"og:description\" content=\"\u00a0Earn 7 points worth \u00a30.35 when buying this product \u0160velnios ir \u0161ilkin\u0117s, mink\u0161tos ir dr\u0117gnos &#8230; L\u016bpos, kuriomis r\u016bpinasi balzamas Fucoidan i\u0161 Tiande, taip ir pritrauks bu\u010dinius! Naujas balzamas i\u0161karto sumink\u0161tins l\u016bpas ir bet kokiu oru jos bus apsaugotos.\u00a0Priemon\u0117 patikimai saugos plon\u0105 l\u016bp\u0173 od\u0105 nuo \u017ealingo aplinkos poveikio, neleis jai saus\u0117ti ir pleiskanoti.\u00a0Apsauginis poveikis padid\u0117ja [...]\" \/>\n<meta property=\"og:url\" content=\"https:\/\/tiandeproducts.co.uk\/lt\/balzamas-lupu-svelnumui-10-g\/\" \/>\n<meta property=\"og:site_name\" content=\"TianDe Online Shop - Beauty &amp; Health\" \/>\n<meta property=\"article:publisher\" content=\"https:\/\/www.facebook.com\/tiande.products.england\/\" \/>\n<meta property=\"article:modified_time\" content=\"2021-02-25T11:47:38+00:00\" \/>\n<meta property=\"og:image\" content=\"https:\/\/tiandeproducts.co.uk\/wp-content\/uploads\/2017\/04\/85607.jpg\" \/>\n\t<meta property=\"og:image:width\" content=\"800\" \/>\n\t<meta property=\"og:image:height\" content=\"800\" \/>\n\t<meta property=\"og:image:type\" content=\"image\/jpeg\" \/>\n<meta name=\"twitter:card\" content=\"summary_large_image\" \/>\n<meta name=\"twitter:label1\" content=\"Est. reading time\" \/>\n\t<meta name=\"twitter:data1\" content=\"1 minut\u0117\" \/>\n<script type=\"application\/ld+json\" class=\"yoast-schema-graph\">{\"@context\":\"https:\/\/schema.org\",\"@graph\":[{\"@type\":\"WebPage\",\"@id\":\"https:\/\/tiandeproducts.co.uk\/lt\/balzamas-lupu-svelnumui-10-g\/\",\"url\":\"https:\/\/tiandeproducts.co.uk\/lt\/balzamas-lupu-svelnumui-10-g\/\",\"name\":\"Balzamas l\u016bp\u0173 \u0161velnumui 10 g. - TianDe Online Shop - Beauty &amp; Health\",\"isPartOf\":{\"@id\":\"https:\/\/tiandeproducts.co.uk\/#website\"},\"primaryImageOfPage\":{\"@id\":\"https:\/\/tiandeproducts.co.uk\/lt\/balzamas-lupu-svelnumui-10-g\/#primaryimage\"},\"image\":{\"@id\":\"https:\/\/tiandeproducts.co.uk\/lt\/balzamas-lupu-svelnumui-10-g\/#primaryimage\"},\"thumbnailUrl\":\"https:\/\/tiandeproducts.co.uk\/wp-content\/uploads\/2017\/04\/85607.jpg\",\"datePublished\":\"2017-04-01T08:32:22+00:00\",\"dateModified\":\"2021-02-25T11:47:38+00:00\",\"breadcrumb\":{\"@id\":\"https:\/\/tiandeproducts.co.uk\/lt\/balzamas-lupu-svelnumui-10-g\/#breadcrumb\"},\"inLanguage\":\"lt-LT\",\"potentialAction\":[{\"@type\":\"ReadAction\",\"target\":[\"https:\/\/tiandeproducts.co.uk\/lt\/balzamas-lupu-svelnumui-10-g\/\"]}]},{\"@type\":\"ImageObject\",\"inLanguage\":\"lt-LT\",\"@id\":\"https:\/\/tiandeproducts.co.uk\/lt\/balzamas-lupu-svelnumui-10-g\/#primaryimage\",\"url\":\"https:\/\/tiandeproducts.co.uk\/wp-content\/uploads\/2017\/04\/85607.jpg\",\"contentUrl\":\"https:\/\/tiandeproducts.co.uk\/wp-content\/uploads\/2017\/04\/85607.jpg\",\"width\":800,\"height\":800,\"caption\":\"Lip Soothing Balm,10g-0\"},{\"@type\":\"BreadcrumbList\",\"@id\":\"https:\/\/tiandeproducts.co.uk\/lt\/balzamas-lupu-svelnumui-10-g\/#breadcrumb\",\"itemListElement\":[{\"@type\":\"ListItem\",\"position\":1,\"name\":\"Home\",\"item\":\"https:\/\/tiandeproducts.co.uk\/lt\/\"},{\"@type\":\"ListItem\",\"position\":2,\"name\":\"Shop\",\"item\":\"https:\/\/tiandeproducts.co.uk\/lt\/shop-2\/\"},{\"@type\":\"ListItem\",\"position\":3,\"name\":\"Balzamas l\u016bp\u0173 \u0161velnumui 10 g.\"}]},{\"@type\":\"WebSite\",\"@id\":\"https:\/\/tiandeproducts.co.uk\/#website\",\"url\":\"https:\/\/tiandeproducts.co.uk\/\",\"name\":\"TianDe Online Shop - Beauty & Health\",\"description\":\"Traditional Chinese Medicine\",\"potentialAction\":[{\"@type\":\"SearchAction\",\"target\":{\"@type\":\"EntryPoint\",\"urlTemplate\":\"https:\/\/tiandeproducts.co.uk\/?s={search_term_string}\"},\"query-input\":{\"@type\":\"PropertyValueSpecification\",\"valueRequired\":true,\"valueName\":\"search_term_string\"}}],\"inLanguage\":\"lt-LT\"}]}<\/script>\n<!-- \/ Yoast SEO plugin. -->","yoast_head_json":{"title":"Balzamas l\u016bp\u0173 \u0161velnumui 10 g. - TianDe Online Shop - Beauty &amp; Health","robots":{"index":"index","follow":"follow","max-snippet":"max-snippet:-1","max-image-preview":"max-image-preview:large","max-video-preview":"max-video-preview:-1"},"canonical":"https:\/\/tiandeproducts.co.uk\/lt\/balzamas-lupu-svelnumui-10-g\/","og_locale":"lt_LT","og_type":"article","og_title":"Balzamas l\u016bp\u0173 \u0161velnumui 10 g. - TianDe Online Shop - Beauty &amp; Health","og_description":"\u00a0Earn 7 points worth \u00a30.35 when buying this product \u0160velnios ir \u0161ilkin\u0117s, mink\u0161tos ir dr\u0117gnos &#8230; L\u016bpos, kuriomis r\u016bpinasi balzamas Fucoidan i\u0161 Tiande, taip ir pritrauks bu\u010dinius! Naujas balzamas i\u0161karto sumink\u0161tins l\u016bpas ir bet kokiu oru jos bus apsaugotos.\u00a0Priemon\u0117 patikimai saugos plon\u0105 l\u016bp\u0173 od\u0105 nuo \u017ealingo aplinkos poveikio, neleis jai saus\u0117ti ir pleiskanoti.\u00a0Apsauginis poveikis padid\u0117ja [...]","og_url":"https:\/\/tiandeproducts.co.uk\/lt\/balzamas-lupu-svelnumui-10-g\/","og_site_name":"TianDe Online Shop - Beauty &amp; Health","article_publisher":"https:\/\/www.facebook.com\/tiande.products.england\/","article_modified_time":"2021-02-25T11:47:38+00:00","og_image":[{"width":800,"height":800,"url":"https:\/\/tiandeproducts.co.uk\/wp-content\/uploads\/2017\/04\/85607.jpg","type":"image\/jpeg"}],"twitter_card":"summary_large_image","twitter_misc":{"Est. reading time":"1 minut\u0117"},"schema":{"@context":"https:\/\/schema.org","@graph":[{"@type":"WebPage","@id":"https:\/\/tiandeproducts.co.uk\/lt\/balzamas-lupu-svelnumui-10-g\/","url":"https:\/\/tiandeproducts.co.uk\/lt\/balzamas-lupu-svelnumui-10-g\/","name":"Balzamas l\u016bp\u0173 \u0161velnumui 10 g. - TianDe Online Shop - Beauty &amp; Health","isPartOf":{"@id":"https:\/\/tiandeproducts.co.uk\/#website"},"primaryImageOfPage":{"@id":"https:\/\/tiandeproducts.co.uk\/lt\/balzamas-lupu-svelnumui-10-g\/#primaryimage"},"image":{"@id":"https:\/\/tiandeproducts.co.uk\/lt\/balzamas-lupu-svelnumui-10-g\/#primaryimage"},"thumbnailUrl":"https:\/\/tiandeproducts.co.uk\/wp-content\/uploads\/2017\/04\/85607.jpg","datePublished":"2017-04-01T08:32:22+00:00","dateModified":"2021-02-25T11:47:38+00:00","breadcrumb":{"@id":"https:\/\/tiandeproducts.co.uk\/lt\/balzamas-lupu-svelnumui-10-g\/#breadcrumb"},"inLanguage":"lt-LT","potentialAction":[{"@type":"ReadAction","target":["https:\/\/tiandeproducts.co.uk\/lt\/balzamas-lupu-svelnumui-10-g\/"]}]},{"@type":"ImageObject","inLanguage":"lt-LT","@id":"https:\/\/tiandeproducts.co.uk\/lt\/balzamas-lupu-svelnumui-10-g\/#primaryimage","url":"https:\/\/tiandeproducts.co.uk\/wp-content\/uploads\/2017\/04\/85607.jpg","contentUrl":"https:\/\/tiandeproducts.co.uk\/wp-content\/uploads\/2017\/04\/85607.jpg","width":800,"height":800,"caption":"Lip Soothing Balm,10g-0"},{"@type":"BreadcrumbList","@id":"https:\/\/tiandeproducts.co.uk\/lt\/balzamas-lupu-svelnumui-10-g\/#breadcrumb","itemListElement":[{"@type":"ListItem","position":1,"name":"Home","item":"https:\/\/tiandeproducts.co.uk\/lt\/"},{"@type":"ListItem","position":2,"name":"Shop","item":"https:\/\/tiandeproducts.co.uk\/lt\/shop-2\/"},{"@type":"ListItem","position":3,"name":"Balzamas l\u016bp\u0173 \u0161velnumui 10 g."}]},{"@type":"WebSite","@id":"https:\/\/tiandeproducts.co.uk\/#website","url":"https:\/\/tiandeproducts.co.uk\/","name":"TianDe Online Shop - Beauty & Health","description":"Traditional Chinese Medicine","potentialAction":[{"@type":"SearchAction","target":{"@type":"EntryPoint","urlTemplate":"https:\/\/tiandeproducts.co.uk\/?s={search_term_string}"},"query-input":{"@type":"PropertyValueSpecification","valueRequired":true,"valueName":"search_term_string"}}],"inLanguage":"lt-LT"}]}},"_links":{"self":[{"href":"https:\/\/tiandeproducts.co.uk\/lt\/wp-json\/wp\/v2\/product\/4089","targetHints":{"allow":["GET"]}}],"collection":[{"href":"https:\/\/tiandeproducts.co.uk\/lt\/wp-json\/wp\/v2\/product"}],"about":[{"href":"https:\/\/tiandeproducts.co.uk\/lt\/wp-json\/wp\/v2\/types\/product"}],"replies":[{"embeddable":true,"href":"https:\/\/tiandeproducts.co.uk\/lt\/wp-json\/wp\/v2\/comments?post=4089"}],"wp:featuredmedia":[{"embeddable":true,"href":"https:\/\/tiandeproducts.co.uk\/lt\/wp-json\/wp\/v2\/media\/1512"}],"wp:attachment":[{"href":"https:\/\/tiandeproducts.co.uk\/lt\/wp-json\/wp\/v2\/media?parent=4089"}],"wp:term":[{"taxonomy":"product_cat","embeddable":true,"href":"https:\/\/tiandeproducts.co.uk\/lt\/wp-json\/wp\/v2\/product_cat?post=4089"},{"taxonomy":"product_tag","embeddable":true,"href":"https:\/\/tiandeproducts.co.uk\/lt\/wp-json\/wp\/v2\/product_tag?post=4089"}],"curies":[{"name":"wp","href":"https:\/\/api.w.org\/{rel}","templated":true}]}}