{"id":4087,"date":"2017-04-01T10:58:26","date_gmt":"2017-04-01T09:58:26","guid":{"rendered":"https:\/\/tnd.ontesting.co.uk\/kremas-kunui-su-juros-dumbliais-200g\/"},"modified":"2021-02-12T12:58:50","modified_gmt":"2021-02-12T12:58:50","slug":"kremas-kunui-su-juros-dumbliais-200g","status":"publish","type":"product","link":"https:\/\/tiandeproducts.co.uk\/lt\/kremas-kunui-su-juros-dumbliais-200g\/","title":{"rendered":"Kremas k\u016bnui su j\u016bros dumbliais, 200g."},"content":{"rendered":"<p><img decoding=\"async\" style=\"max-width: 16px; margin-right: 5px;\" src=\"https:\/\/tiandeproducts.co.uk\/wp-content\/uploads\/points-green.svg\" \/>\u00a0Earn 15 points worth \u00a30.75 when buying this product<\/p>\n<p>Kremas k\u016bnui su\u00a0j\u016bros dumbliais gausiai dr\u0117kina ir atkuria saus\u0105 od\u0105, prisotina vitaminais ir mikroelementais, kurie\u00a0pastebimai padidina odos elastingum\u0105, mink\u0161tina ir dovanoja malon\u0173 komforto jausm\u0105. Sud\u0117tyje esantis rud\u0173j\u0173 dumbli\u0173 ekstraktas ilgam sulaiko dr\u0117gm\u0119 odos viduje, skatina kolageno gamyb\u0105, tonizuoja ir aktyvina odos regeneracijos procesus. O islandin\u0117s kerpenos ekstraktas ant odos sukuria plonyt\u0119 pl\u0117vel\u0119, kuri ilg\u0105 laik\u0105 i\u0161laiko dr\u0117gm\u0119.<\/p>\n<p>K\u016bno kremas su j\u016bros dumbliais idealiai tiks i\u0161saus\u0117jusiai praradusiai stangrum\u0105 ir elastingum\u0105 odai, linkusiai sudirgti, per\u0161t\u0117ti, parausti. Kremas suteikia apsaug\u0105 nuo dehidratacijos, prailgina\u00a0odos jaunyst\u0119 ir gro\u017e\u012f.<\/p>\n<p><strong>Naudojimas:<\/strong><br \/>\n\u0160velniais masa\u017einiais judesiais \u012ftrinkite \u0161vari\u0105 od\u0105. Rekomenduojama naudoti po du\u0161o.<\/p>\n<p><strong>Veikliosios med\u017eiagos:<\/strong><\/p>\n<p><strong>Rud\u0173j\u0173 dumbli\u0173 ekstrakto (Cladosyphon Okamuranus)<\/strong>\u00a0sud\u0117tyje esan\u010dios dvi vertingos med\u017eiagos fukoidanas ir algino r\u016bg\u0161tis u\u017etikrina ilgalaik\u012f odos apr\u016bpinim\u0105 makro ir mikroelementais (cinkas, magnis, gele\u017eis), vitaminais (A, B1, B2, B3, B6, B12, D, C, E) ir mineralais. Ekstraktas mobilizuoja kamienines l\u0105steles, skatina audini\u0173 atsinaujinim\u0105, didina odos elastingum\u0105, suma\u017eina augli\u0173 susidarymo ant odos ir pood\u017eio sluoksniuose rizik\u0105, sugra\u017eina odai stangrum\u0105 ir sveik\u0105 spalv\u0105, sul\u0117tina sen\u0117jimo procesus, apsaugo nuo dehidracijos.<\/p>\n<p><strong>Islandin\u0117s kerpenos ekstrakte<\/strong>\u00a0gausu nauding\u0173 med\u017eiag\u0173 (nat\u016brali\u0173 antibiotik\u0173): kerpi\u0173 r\u016bg\u0161\u010di\u0173, usnino r\u016bg\u0161ties, gliukoz\u0117s, angliavandeni\u0173, baltym\u0173, aliejaus, va\u0161ko, derv\u0173, pigment\u0173, eterinio aliejaus, folin\u0117s r\u016bg\u0161ties. Kerpenoje yra B grup\u0117s vitamin\u0173, karotino bei visa puok\u0161t\u0117 mineralini\u0173 med\u017eiag\u0173: vario, nikelio, gele\u017eies, kobalto, mangano, chromo, magnio ir jodo. \u012edomu: Islandin\u0117 kerpena yra daugiametis kerpinis augalas (grybo ir dumbli\u0173 simbioz\u0117) galintis i\u0161gyventi pa\u010diomis nepalankiausioms s\u0105lygomis dykumoje ar net poliarin\u0117je zonoje. Islandin\u0117 kerpena auga tik ekologi\u0161koje aplinkoje, tod\u0117l joje n\u0117ra \u017ealing\u0173 med\u017eiag\u0173.<\/p>\n<p><strong>Taukmed\u017eio sviesto (Aliejus \u0160i)<\/strong>\u00a0vertingumas slypi jo turtingoje sud\u0117tyje. I\u0161skirtinai didel\u0117 vitamin\u0173 A, E ir nepakei\u010diam\u0173 riebi\u0173j\u0173 r\u016bg\u0161\u010di\u0173 koncentracija stimuliuoja odos gyvybinius procesus l\u0105stel\u0117s membranos viduje, bei suteikia patikim\u0105 apsaug\u0105 nuo negatyvaus i\u0161or\u0117s poveikio. Fitosteroliai stiprina odos atsparum\u0105 dirgikliams, aktyvina kraujotak\u0105, neleid\u017eia kilti u\u017edegimams, dr\u0117kina. Linoleno r\u016bg\u0161tys padeda suma\u017einti vandens praradim\u0105 pavir\u0161iniuose audiniuose. Keratinai suteikia elastingumo ir gyvybingumo.<\/p>\n<p><strong>Vitaminas E (tokoferolis)<\/strong>\u00a0\u2013 mikroelementas, turintis stiprias antioksidantines savybes. Jis maitina ir dr\u0117kina od\u0105, stiprina epidermio hidrolipidin\u012f barjer\u0105, apsaugo nuo negatyvaus UV spinduli\u0173 poveikio, suma\u017eina randus po akn\u0117s. Vitaminas E pagreitina pa\u017eeist\u0173 odos l\u0105steli\u0173 gijim\u0105, apsaugo nuo negatyvaus laisv\u0173j\u0173 radikal\u0173 poveikio.<\/p>\n<p><strong>Trehaloz\u0117<\/strong>\u00a0&#8211; augalinis polisacharidas, kuris stabdo l\u0105stelin\u0117s membranos irim\u0105, saugo baltymus ir kitas biomolekules nuo i\u0161saus\u0117jimo, i\u0161saugo j\u0173 biologin\u012f aktyvum\u0105, skatina rauk\u0161leli\u0173 i\u0161lyginim\u0105. Oda tampa stangri ir lygi.<\/p>\n<p><strong>Stearino r\u016bg\u0161tis<\/strong>\u00a0atstato odos hidrolipidin\u0119 mantij\u0105, gerina odos elastingum\u0105, valo.<\/p>\n<p><strong>Ksantano derva<\/strong>\u00a0\u2013 nat\u016bralus polisacharidas \u2013 sukuria apsaugin\u0119 pl\u0117vel\u0119 odos pavir\u0161iuje ir padeda i\u0161saugoti dr\u0117gm\u0117s balans\u0105, sutraukia poras, tonizuoja. Veikia kaip nat\u016bralus tir\u0161tiklis, gerina kosmetin\u0117s priemon\u0117s tekst\u016br\u0105.<\/p>\n","protected":false},"excerpt":{"rendered":"<p>\u00a0Earn 15 points worth \u00a30.75 when buying this product Kremas k\u016bnui su\u00a0j\u016bros dumbliais gausiai dr\u0117kina ir atkuria saus\u0105 od\u0105, prisotina vitaminais ir mikroelementais, kurie\u00a0pastebimai padidina odos elastingum\u0105, mink\u0161tina ir dovanoja malon\u0173 komforto jausm\u0105. Sud\u0117tyje esantis rud\u0173j\u0173 dumbli\u0173 ekstraktas ilgam sulaiko dr\u0117gm\u0119 odos viduje, skatina kolageno gamyb\u0105, tonizuoja ir aktyvina odos regeneracijos procesus. O islandin\u0117s kerpenos [&#8230;]\n","protected":false},"featured_media":1560,"comment_status":"closed","ping_status":"closed","template":"","meta":[],"product_cat":[513,508,497],"product_tag":[],"class_list":{"0":"post-4087","1":"product","2":"type-product","3":"status-publish","4":"has-post-thumbnail","6":"product_cat-hainan-tao-lt","7":"product_cat-kuno-kremai","8":"product_cat-kunui","10":"first","11":"instock","12":"shipping-taxable","13":"purchasable","14":"product-type-simple"},"yoast_head":"<!-- This site is optimized with the Yoast SEO plugin v23.6 - https:\/\/yoast.com\/wordpress\/plugins\/seo\/ -->\n<title>Kremas k\u016bnui su j\u016bros dumbliais, 200g. - TianDe Online Shop - Beauty &amp; Health<\/title>\n<meta name=\"robots\" content=\"index, follow, max-snippet:-1, max-image-preview:large, max-video-preview:-1\" \/>\n<link rel=\"canonical\" href=\"https:\/\/tiandeproducts.co.uk\/lt\/kremas-kunui-su-juros-dumbliais-200g\/\" \/>\n<meta property=\"og:locale\" content=\"lt_LT\" \/>\n<meta property=\"og:type\" content=\"article\" \/>\n<meta property=\"og:title\" content=\"Kremas k\u016bnui su j\u016bros dumbliais, 200g. - TianDe Online Shop - Beauty &amp; Health\" \/>\n<meta property=\"og:description\" content=\"\u00a0Earn 15 points worth \u00a30.75 when buying this product Kremas k\u016bnui su\u00a0j\u016bros dumbliais gausiai dr\u0117kina ir atkuria saus\u0105 od\u0105, prisotina vitaminais ir mikroelementais, kurie\u00a0pastebimai padidina odos elastingum\u0105, mink\u0161tina ir dovanoja malon\u0173 komforto jausm\u0105. Sud\u0117tyje esantis rud\u0173j\u0173 dumbli\u0173 ekstraktas ilgam sulaiko dr\u0117gm\u0119 odos viduje, skatina kolageno gamyb\u0105, tonizuoja ir aktyvina odos regeneracijos procesus. O islandin\u0117s kerpenos [...]\" \/>\n<meta property=\"og:url\" content=\"https:\/\/tiandeproducts.co.uk\/lt\/kremas-kunui-su-juros-dumbliais-200g\/\" \/>\n<meta property=\"og:site_name\" content=\"TianDe Online Shop - Beauty &amp; Health\" \/>\n<meta property=\"article:publisher\" content=\"https:\/\/www.facebook.com\/tiande.products.england\/\" \/>\n<meta property=\"article:modified_time\" content=\"2021-02-12T12:58:50+00:00\" \/>\n<meta property=\"og:image\" content=\"https:\/\/tiandeproducts.co.uk\/wp-content\/uploads\/2017\/04\/32620.jpg\" \/>\n\t<meta property=\"og:image:width\" content=\"800\" \/>\n\t<meta property=\"og:image:height\" content=\"800\" \/>\n\t<meta property=\"og:image:type\" content=\"image\/jpeg\" \/>\n<meta name=\"twitter:card\" content=\"summary_large_image\" \/>\n<meta name=\"twitter:label1\" content=\"Est. reading time\" \/>\n\t<meta name=\"twitter:data1\" content=\"3 minut\u0117s\" \/>\n<script type=\"application\/ld+json\" class=\"yoast-schema-graph\">{\"@context\":\"https:\/\/schema.org\",\"@graph\":[{\"@type\":\"WebPage\",\"@id\":\"https:\/\/tiandeproducts.co.uk\/lt\/kremas-kunui-su-juros-dumbliais-200g\/\",\"url\":\"https:\/\/tiandeproducts.co.uk\/lt\/kremas-kunui-su-juros-dumbliais-200g\/\",\"name\":\"Kremas k\u016bnui su j\u016bros dumbliais, 200g. - TianDe Online Shop - Beauty &amp; Health\",\"isPartOf\":{\"@id\":\"https:\/\/tiandeproducts.co.uk\/#website\"},\"primaryImageOfPage\":{\"@id\":\"https:\/\/tiandeproducts.co.uk\/lt\/kremas-kunui-su-juros-dumbliais-200g\/#primaryimage\"},\"image\":{\"@id\":\"https:\/\/tiandeproducts.co.uk\/lt\/kremas-kunui-su-juros-dumbliais-200g\/#primaryimage\"},\"thumbnailUrl\":\"https:\/\/tiandeproducts.co.uk\/wp-content\/uploads\/2017\/04\/32620.jpg\",\"datePublished\":\"2017-04-01T09:58:26+00:00\",\"dateModified\":\"2021-02-12T12:58:50+00:00\",\"breadcrumb\":{\"@id\":\"https:\/\/tiandeproducts.co.uk\/lt\/kremas-kunui-su-juros-dumbliais-200g\/#breadcrumb\"},\"inLanguage\":\"lt-LT\",\"potentialAction\":[{\"@type\":\"ReadAction\",\"target\":[\"https:\/\/tiandeproducts.co.uk\/lt\/kremas-kunui-su-juros-dumbliais-200g\/\"]}]},{\"@type\":\"ImageObject\",\"inLanguage\":\"lt-LT\",\"@id\":\"https:\/\/tiandeproducts.co.uk\/lt\/kremas-kunui-su-juros-dumbliais-200g\/#primaryimage\",\"url\":\"https:\/\/tiandeproducts.co.uk\/wp-content\/uploads\/2017\/04\/32620.jpg\",\"contentUrl\":\"https:\/\/tiandeproducts.co.uk\/wp-content\/uploads\/2017\/04\/32620.jpg\",\"width\":800,\"height\":800,\"caption\":\"Rich Seaweed Body Cream,200g-0\"},{\"@type\":\"BreadcrumbList\",\"@id\":\"https:\/\/tiandeproducts.co.uk\/lt\/kremas-kunui-su-juros-dumbliais-200g\/#breadcrumb\",\"itemListElement\":[{\"@type\":\"ListItem\",\"position\":1,\"name\":\"Home\",\"item\":\"https:\/\/tiandeproducts.co.uk\/lt\/\"},{\"@type\":\"ListItem\",\"position\":2,\"name\":\"Shop\",\"item\":\"https:\/\/tiandeproducts.co.uk\/lt\/shop-2\/\"},{\"@type\":\"ListItem\",\"position\":3,\"name\":\"Kremas k\u016bnui su j\u016bros dumbliais, 200g.\"}]},{\"@type\":\"WebSite\",\"@id\":\"https:\/\/tiandeproducts.co.uk\/#website\",\"url\":\"https:\/\/tiandeproducts.co.uk\/\",\"name\":\"TianDe Online Shop - Beauty & Health\",\"description\":\"Traditional Chinese Medicine\",\"potentialAction\":[{\"@type\":\"SearchAction\",\"target\":{\"@type\":\"EntryPoint\",\"urlTemplate\":\"https:\/\/tiandeproducts.co.uk\/?s={search_term_string}\"},\"query-input\":{\"@type\":\"PropertyValueSpecification\",\"valueRequired\":true,\"valueName\":\"search_term_string\"}}],\"inLanguage\":\"lt-LT\"}]}<\/script>\n<!-- \/ Yoast SEO plugin. -->","yoast_head_json":{"title":"Kremas k\u016bnui su j\u016bros dumbliais, 200g. - TianDe Online Shop - Beauty &amp; Health","robots":{"index":"index","follow":"follow","max-snippet":"max-snippet:-1","max-image-preview":"max-image-preview:large","max-video-preview":"max-video-preview:-1"},"canonical":"https:\/\/tiandeproducts.co.uk\/lt\/kremas-kunui-su-juros-dumbliais-200g\/","og_locale":"lt_LT","og_type":"article","og_title":"Kremas k\u016bnui su j\u016bros dumbliais, 200g. - TianDe Online Shop - Beauty &amp; Health","og_description":"\u00a0Earn 15 points worth \u00a30.75 when buying this product Kremas k\u016bnui su\u00a0j\u016bros dumbliais gausiai dr\u0117kina ir atkuria saus\u0105 od\u0105, prisotina vitaminais ir mikroelementais, kurie\u00a0pastebimai padidina odos elastingum\u0105, mink\u0161tina ir dovanoja malon\u0173 komforto jausm\u0105. Sud\u0117tyje esantis rud\u0173j\u0173 dumbli\u0173 ekstraktas ilgam sulaiko dr\u0117gm\u0119 odos viduje, skatina kolageno gamyb\u0105, tonizuoja ir aktyvina odos regeneracijos procesus. O islandin\u0117s kerpenos [...]","og_url":"https:\/\/tiandeproducts.co.uk\/lt\/kremas-kunui-su-juros-dumbliais-200g\/","og_site_name":"TianDe Online Shop - Beauty &amp; Health","article_publisher":"https:\/\/www.facebook.com\/tiande.products.england\/","article_modified_time":"2021-02-12T12:58:50+00:00","og_image":[{"width":800,"height":800,"url":"https:\/\/tiandeproducts.co.uk\/wp-content\/uploads\/2017\/04\/32620.jpg","type":"image\/jpeg"}],"twitter_card":"summary_large_image","twitter_misc":{"Est. reading time":"3 minut\u0117s"},"schema":{"@context":"https:\/\/schema.org","@graph":[{"@type":"WebPage","@id":"https:\/\/tiandeproducts.co.uk\/lt\/kremas-kunui-su-juros-dumbliais-200g\/","url":"https:\/\/tiandeproducts.co.uk\/lt\/kremas-kunui-su-juros-dumbliais-200g\/","name":"Kremas k\u016bnui su j\u016bros dumbliais, 200g. - TianDe Online Shop - Beauty &amp; Health","isPartOf":{"@id":"https:\/\/tiandeproducts.co.uk\/#website"},"primaryImageOfPage":{"@id":"https:\/\/tiandeproducts.co.uk\/lt\/kremas-kunui-su-juros-dumbliais-200g\/#primaryimage"},"image":{"@id":"https:\/\/tiandeproducts.co.uk\/lt\/kremas-kunui-su-juros-dumbliais-200g\/#primaryimage"},"thumbnailUrl":"https:\/\/tiandeproducts.co.uk\/wp-content\/uploads\/2017\/04\/32620.jpg","datePublished":"2017-04-01T09:58:26+00:00","dateModified":"2021-02-12T12:58:50+00:00","breadcrumb":{"@id":"https:\/\/tiandeproducts.co.uk\/lt\/kremas-kunui-su-juros-dumbliais-200g\/#breadcrumb"},"inLanguage":"lt-LT","potentialAction":[{"@type":"ReadAction","target":["https:\/\/tiandeproducts.co.uk\/lt\/kremas-kunui-su-juros-dumbliais-200g\/"]}]},{"@type":"ImageObject","inLanguage":"lt-LT","@id":"https:\/\/tiandeproducts.co.uk\/lt\/kremas-kunui-su-juros-dumbliais-200g\/#primaryimage","url":"https:\/\/tiandeproducts.co.uk\/wp-content\/uploads\/2017\/04\/32620.jpg","contentUrl":"https:\/\/tiandeproducts.co.uk\/wp-content\/uploads\/2017\/04\/32620.jpg","width":800,"height":800,"caption":"Rich Seaweed Body Cream,200g-0"},{"@type":"BreadcrumbList","@id":"https:\/\/tiandeproducts.co.uk\/lt\/kremas-kunui-su-juros-dumbliais-200g\/#breadcrumb","itemListElement":[{"@type":"ListItem","position":1,"name":"Home","item":"https:\/\/tiandeproducts.co.uk\/lt\/"},{"@type":"ListItem","position":2,"name":"Shop","item":"https:\/\/tiandeproducts.co.uk\/lt\/shop-2\/"},{"@type":"ListItem","position":3,"name":"Kremas k\u016bnui su j\u016bros dumbliais, 200g."}]},{"@type":"WebSite","@id":"https:\/\/tiandeproducts.co.uk\/#website","url":"https:\/\/tiandeproducts.co.uk\/","name":"TianDe Online Shop - Beauty & Health","description":"Traditional Chinese Medicine","potentialAction":[{"@type":"SearchAction","target":{"@type":"EntryPoint","urlTemplate":"https:\/\/tiandeproducts.co.uk\/?s={search_term_string}"},"query-input":{"@type":"PropertyValueSpecification","valueRequired":true,"valueName":"search_term_string"}}],"inLanguage":"lt-LT"}]}},"_links":{"self":[{"href":"https:\/\/tiandeproducts.co.uk\/lt\/wp-json\/wp\/v2\/product\/4087","targetHints":{"allow":["GET"]}}],"collection":[{"href":"https:\/\/tiandeproducts.co.uk\/lt\/wp-json\/wp\/v2\/product"}],"about":[{"href":"https:\/\/tiandeproducts.co.uk\/lt\/wp-json\/wp\/v2\/types\/product"}],"replies":[{"embeddable":true,"href":"https:\/\/tiandeproducts.co.uk\/lt\/wp-json\/wp\/v2\/comments?post=4087"}],"wp:featuredmedia":[{"embeddable":true,"href":"https:\/\/tiandeproducts.co.uk\/lt\/wp-json\/wp\/v2\/media\/1560"}],"wp:attachment":[{"href":"https:\/\/tiandeproducts.co.uk\/lt\/wp-json\/wp\/v2\/media?parent=4087"}],"wp:term":[{"taxonomy":"product_cat","embeddable":true,"href":"https:\/\/tiandeproducts.co.uk\/lt\/wp-json\/wp\/v2\/product_cat?post=4087"},{"taxonomy":"product_tag","embeddable":true,"href":"https:\/\/tiandeproducts.co.uk\/lt\/wp-json\/wp\/v2\/product_tag?post=4087"}],"curies":[{"name":"wp","href":"https:\/\/api.w.org\/{rel}","templated":true}]}}