{"id":4086,"date":"2017-04-05T16:31:43","date_gmt":"2017-04-05T15:31:43","guid":{"rendered":"https:\/\/tnd.ontesting.co.uk\/apsauginis-pienelis-nuo-saules-spf-30-200ml\/"},"modified":"2021-02-12T12:50:55","modified_gmt":"2021-02-12T12:50:55","slug":"apsauginis-pienelis-nuo-saules-spf-30-200ml","status":"publish","type":"product","link":"https:\/\/tiandeproducts.co.uk\/lt\/apsauginis-pienelis-nuo-saules-spf-30-200ml\/","title":{"rendered":"Apsauginis pienelis nuo saul\u0117s SPF 30, 200ml."},"content":{"rendered":"<p><img decoding=\"async\" style=\"max-width: 16px; margin-right: 5px;\" src=\"https:\/\/tiandeproducts.co.uk\/wp-content\/uploads\/points-green.svg\" \/>\u00a0Earn 17 points worth \u00a30.85 when buying this product<\/p>\n<p>Dermatologin\u0117 apsauga nuo saul\u0117s veidui ir k\u016bnui, tinkanti naudoti visai \u0161eimai. \u0160velnios tekst\u016bros pienelis turi auk\u0161t\u0105 apsaugos faktori\u0173 SPF 30, jis efektyviai apsaugo nuo UVA ir UVB (ultravioletas A ir B) spinduli\u0173, kurie neigiamai veikia od\u0105, j\u0105 sendina ir sukelia kitas sveikatos problemas. Pienelio aktyviosios med\u017eiagos maitina od\u0105, r\u016bpinasi jos gro\u017eiu ir \u0161velnumu. Priemon\u0117 greitai \u012fsigeria, neu\u017ekem\u0161a por\u0173,\u00a0yra atspari vandeniui, jos nereikia tepti kiekvien\u0105 kart\u0105 su\u0161lapus.<\/p>\n<p><strong>Naudojimas:<\/strong><br \/>\nPrie\u0161 eidami \u012f lauk\u0105 \u012ftrinkite pieneliu nepridengtas vietas.<\/p>\n<p><strong>Veikliosios med\u017eiagos:<\/strong><\/p>\n<p><strong>Beta &#8211; karotenas (vitaminas A)<\/strong>\u00a0&#8211; svarbus antioksidantas, kuris apsaugo od\u0105 nuo prie\u0161laikinio sen\u0117jimo (neigiamas UV poveikis), efektyviai pa\u0161alina paraudim\u0105, stiprina hidrolipidin\u0119 odos mantij\u0105, padeda kovoti su odos mikro \u017eaizdel\u0117mis.<\/p>\n<p><strong>Vitaminas E<\/strong>\u00a0maitina od\u0105, skatina regeneracijos ir l\u0117tina sen\u0117jimo procesus, neutralizuoja laisv\u0173j\u0173 radikal\u0173 poveik\u012f.<\/p>\n<p><strong>Pantenolis<\/strong>\u00a0pagreitina odos regeneracij\u0105, lygina odos mikroreljef\u0105, mink\u0161tina, suteikia elastingumo, atkuria nat\u016brali\u0105 odos spalv\u0105.<\/p>\n<p><strong>Alantoinas<\/strong>\u00a0&#8211; nat\u016braliai augaluose, bakterijose ir gyv\u016bnuose randama med\u017eiaga, turinti antialergines ir odos regeneracij\u0105 skatinan\u010dias savybes. Alantoinas dermatologin\u0117je kosmetikoje naudojamas taip pat ir d\u0117l od\u0105 raminan\u010di\u0173 savybi\u0173. Med\u017eiaga nedirgina, nealergizuoja.<\/p>\n","protected":false},"excerpt":{"rendered":"<p>\u00a0Earn 17 points worth \u00a30.85 when buying this product Dermatologin\u0117 apsauga nuo saul\u0117s veidui ir k\u016bnui, tinkanti naudoti visai \u0161eimai. \u0160velnios tekst\u016bros pienelis turi auk\u0161t\u0105 apsaugos faktori\u0173 SPF 30, jis efektyviai apsaugo nuo UVA ir UVB (ultravioletas A ir B) spinduli\u0173, kurie neigiamai veikia od\u0105, j\u0105 sendina ir sukelia kitas sveikatos problemas. Pienelio aktyviosios med\u017eiagos [&#8230;]\n","protected":false},"featured_media":1610,"comment_status":"closed","ping_status":"closed","template":"","meta":[],"product_cat":[508,497],"product_tag":[],"class_list":{"0":"post-4086","1":"product","2":"type-product","3":"status-publish","4":"has-post-thumbnail","6":"product_cat-kuno-kremai","7":"product_cat-kunui","9":"first","10":"instock","11":"shipping-taxable","12":"purchasable","13":"product-type-simple"},"yoast_head":"<!-- This site is optimized with the Yoast SEO plugin v23.6 - https:\/\/yoast.com\/wordpress\/plugins\/seo\/ -->\n<title>Apsauginis pienelis nuo saul\u0117s SPF 30, 200ml. - TianDe Online Shop - Beauty &amp; Health<\/title>\n<meta name=\"robots\" content=\"index, follow, max-snippet:-1, max-image-preview:large, max-video-preview:-1\" \/>\n<link rel=\"canonical\" href=\"https:\/\/tiandeproducts.co.uk\/lt\/apsauginis-pienelis-nuo-saules-spf-30-200ml\/\" \/>\n<meta property=\"og:locale\" content=\"lt_LT\" \/>\n<meta property=\"og:type\" content=\"article\" \/>\n<meta property=\"og:title\" content=\"Apsauginis pienelis nuo saul\u0117s SPF 30, 200ml. - TianDe Online Shop - Beauty &amp; Health\" \/>\n<meta property=\"og:description\" content=\"\u00a0Earn 17 points worth \u00a30.85 when buying this product Dermatologin\u0117 apsauga nuo saul\u0117s veidui ir k\u016bnui, tinkanti naudoti visai \u0161eimai. \u0160velnios tekst\u016bros pienelis turi auk\u0161t\u0105 apsaugos faktori\u0173 SPF 30, jis efektyviai apsaugo nuo UVA ir UVB (ultravioletas A ir B) spinduli\u0173, kurie neigiamai veikia od\u0105, j\u0105 sendina ir sukelia kitas sveikatos problemas. Pienelio aktyviosios med\u017eiagos [...]\" \/>\n<meta property=\"og:url\" content=\"https:\/\/tiandeproducts.co.uk\/lt\/apsauginis-pienelis-nuo-saules-spf-30-200ml\/\" \/>\n<meta property=\"og:site_name\" content=\"TianDe Online Shop - Beauty &amp; Health\" \/>\n<meta property=\"article:publisher\" content=\"https:\/\/www.facebook.com\/tiande.products.england\/\" \/>\n<meta property=\"article:modified_time\" content=\"2021-02-12T12:50:55+00:00\" \/>\n<meta property=\"og:image\" content=\"https:\/\/tiandeproducts.co.uk\/wp-content\/uploads\/2017\/04\/30139.jpg\" \/>\n\t<meta property=\"og:image:width\" content=\"800\" \/>\n\t<meta property=\"og:image:height\" content=\"800\" \/>\n\t<meta property=\"og:image:type\" content=\"image\/jpeg\" \/>\n<meta name=\"twitter:card\" content=\"summary_large_image\" \/>\n<meta name=\"twitter:label1\" content=\"Est. reading time\" \/>\n\t<meta name=\"twitter:data1\" content=\"1 minut\u0117\" \/>\n<script type=\"application\/ld+json\" class=\"yoast-schema-graph\">{\"@context\":\"https:\/\/schema.org\",\"@graph\":[{\"@type\":\"WebPage\",\"@id\":\"https:\/\/tiandeproducts.co.uk\/lt\/apsauginis-pienelis-nuo-saules-spf-30-200ml\/\",\"url\":\"https:\/\/tiandeproducts.co.uk\/lt\/apsauginis-pienelis-nuo-saules-spf-30-200ml\/\",\"name\":\"Apsauginis pienelis nuo saul\u0117s SPF 30, 200ml. - TianDe Online Shop - Beauty &amp; Health\",\"isPartOf\":{\"@id\":\"https:\/\/tiandeproducts.co.uk\/#website\"},\"primaryImageOfPage\":{\"@id\":\"https:\/\/tiandeproducts.co.uk\/lt\/apsauginis-pienelis-nuo-saules-spf-30-200ml\/#primaryimage\"},\"image\":{\"@id\":\"https:\/\/tiandeproducts.co.uk\/lt\/apsauginis-pienelis-nuo-saules-spf-30-200ml\/#primaryimage\"},\"thumbnailUrl\":\"https:\/\/tiandeproducts.co.uk\/wp-content\/uploads\/2017\/04\/30139.jpg\",\"datePublished\":\"2017-04-05T15:31:43+00:00\",\"dateModified\":\"2021-02-12T12:50:55+00:00\",\"breadcrumb\":{\"@id\":\"https:\/\/tiandeproducts.co.uk\/lt\/apsauginis-pienelis-nuo-saules-spf-30-200ml\/#breadcrumb\"},\"inLanguage\":\"lt-LT\",\"potentialAction\":[{\"@type\":\"ReadAction\",\"target\":[\"https:\/\/tiandeproducts.co.uk\/lt\/apsauginis-pienelis-nuo-saules-spf-30-200ml\/\"]}]},{\"@type\":\"ImageObject\",\"inLanguage\":\"lt-LT\",\"@id\":\"https:\/\/tiandeproducts.co.uk\/lt\/apsauginis-pienelis-nuo-saules-spf-30-200ml\/#primaryimage\",\"url\":\"https:\/\/tiandeproducts.co.uk\/wp-content\/uploads\/2017\/04\/30139.jpg\",\"contentUrl\":\"https:\/\/tiandeproducts.co.uk\/wp-content\/uploads\/2017\/04\/30139.jpg\",\"width\":800,\"height\":800,\"caption\":\"Sun Protection Body Milk SPF 30,200ml-0\"},{\"@type\":\"BreadcrumbList\",\"@id\":\"https:\/\/tiandeproducts.co.uk\/lt\/apsauginis-pienelis-nuo-saules-spf-30-200ml\/#breadcrumb\",\"itemListElement\":[{\"@type\":\"ListItem\",\"position\":1,\"name\":\"Home\",\"item\":\"https:\/\/tiandeproducts.co.uk\/lt\/\"},{\"@type\":\"ListItem\",\"position\":2,\"name\":\"Shop\",\"item\":\"https:\/\/tiandeproducts.co.uk\/lt\/shop-2\/\"},{\"@type\":\"ListItem\",\"position\":3,\"name\":\"Apsauginis pienelis nuo saul\u0117s SPF 30, 200ml.\"}]},{\"@type\":\"WebSite\",\"@id\":\"https:\/\/tiandeproducts.co.uk\/#website\",\"url\":\"https:\/\/tiandeproducts.co.uk\/\",\"name\":\"TianDe Online Shop - Beauty & Health\",\"description\":\"Traditional Chinese Medicine\",\"potentialAction\":[{\"@type\":\"SearchAction\",\"target\":{\"@type\":\"EntryPoint\",\"urlTemplate\":\"https:\/\/tiandeproducts.co.uk\/?s={search_term_string}\"},\"query-input\":{\"@type\":\"PropertyValueSpecification\",\"valueRequired\":true,\"valueName\":\"search_term_string\"}}],\"inLanguage\":\"lt-LT\"}]}<\/script>\n<!-- \/ Yoast SEO plugin. -->","yoast_head_json":{"title":"Apsauginis pienelis nuo saul\u0117s SPF 30, 200ml. - TianDe Online Shop - Beauty &amp; Health","robots":{"index":"index","follow":"follow","max-snippet":"max-snippet:-1","max-image-preview":"max-image-preview:large","max-video-preview":"max-video-preview:-1"},"canonical":"https:\/\/tiandeproducts.co.uk\/lt\/apsauginis-pienelis-nuo-saules-spf-30-200ml\/","og_locale":"lt_LT","og_type":"article","og_title":"Apsauginis pienelis nuo saul\u0117s SPF 30, 200ml. - TianDe Online Shop - Beauty &amp; Health","og_description":"\u00a0Earn 17 points worth \u00a30.85 when buying this product Dermatologin\u0117 apsauga nuo saul\u0117s veidui ir k\u016bnui, tinkanti naudoti visai \u0161eimai. \u0160velnios tekst\u016bros pienelis turi auk\u0161t\u0105 apsaugos faktori\u0173 SPF 30, jis efektyviai apsaugo nuo UVA ir UVB (ultravioletas A ir B) spinduli\u0173, kurie neigiamai veikia od\u0105, j\u0105 sendina ir sukelia kitas sveikatos problemas. Pienelio aktyviosios med\u017eiagos [...]","og_url":"https:\/\/tiandeproducts.co.uk\/lt\/apsauginis-pienelis-nuo-saules-spf-30-200ml\/","og_site_name":"TianDe Online Shop - Beauty &amp; Health","article_publisher":"https:\/\/www.facebook.com\/tiande.products.england\/","article_modified_time":"2021-02-12T12:50:55+00:00","og_image":[{"width":800,"height":800,"url":"https:\/\/tiandeproducts.co.uk\/wp-content\/uploads\/2017\/04\/30139.jpg","type":"image\/jpeg"}],"twitter_card":"summary_large_image","twitter_misc":{"Est. reading time":"1 minut\u0117"},"schema":{"@context":"https:\/\/schema.org","@graph":[{"@type":"WebPage","@id":"https:\/\/tiandeproducts.co.uk\/lt\/apsauginis-pienelis-nuo-saules-spf-30-200ml\/","url":"https:\/\/tiandeproducts.co.uk\/lt\/apsauginis-pienelis-nuo-saules-spf-30-200ml\/","name":"Apsauginis pienelis nuo saul\u0117s SPF 30, 200ml. - TianDe Online Shop - Beauty &amp; Health","isPartOf":{"@id":"https:\/\/tiandeproducts.co.uk\/#website"},"primaryImageOfPage":{"@id":"https:\/\/tiandeproducts.co.uk\/lt\/apsauginis-pienelis-nuo-saules-spf-30-200ml\/#primaryimage"},"image":{"@id":"https:\/\/tiandeproducts.co.uk\/lt\/apsauginis-pienelis-nuo-saules-spf-30-200ml\/#primaryimage"},"thumbnailUrl":"https:\/\/tiandeproducts.co.uk\/wp-content\/uploads\/2017\/04\/30139.jpg","datePublished":"2017-04-05T15:31:43+00:00","dateModified":"2021-02-12T12:50:55+00:00","breadcrumb":{"@id":"https:\/\/tiandeproducts.co.uk\/lt\/apsauginis-pienelis-nuo-saules-spf-30-200ml\/#breadcrumb"},"inLanguage":"lt-LT","potentialAction":[{"@type":"ReadAction","target":["https:\/\/tiandeproducts.co.uk\/lt\/apsauginis-pienelis-nuo-saules-spf-30-200ml\/"]}]},{"@type":"ImageObject","inLanguage":"lt-LT","@id":"https:\/\/tiandeproducts.co.uk\/lt\/apsauginis-pienelis-nuo-saules-spf-30-200ml\/#primaryimage","url":"https:\/\/tiandeproducts.co.uk\/wp-content\/uploads\/2017\/04\/30139.jpg","contentUrl":"https:\/\/tiandeproducts.co.uk\/wp-content\/uploads\/2017\/04\/30139.jpg","width":800,"height":800,"caption":"Sun Protection Body Milk SPF 30,200ml-0"},{"@type":"BreadcrumbList","@id":"https:\/\/tiandeproducts.co.uk\/lt\/apsauginis-pienelis-nuo-saules-spf-30-200ml\/#breadcrumb","itemListElement":[{"@type":"ListItem","position":1,"name":"Home","item":"https:\/\/tiandeproducts.co.uk\/lt\/"},{"@type":"ListItem","position":2,"name":"Shop","item":"https:\/\/tiandeproducts.co.uk\/lt\/shop-2\/"},{"@type":"ListItem","position":3,"name":"Apsauginis pienelis nuo saul\u0117s SPF 30, 200ml."}]},{"@type":"WebSite","@id":"https:\/\/tiandeproducts.co.uk\/#website","url":"https:\/\/tiandeproducts.co.uk\/","name":"TianDe Online Shop - Beauty & Health","description":"Traditional Chinese Medicine","potentialAction":[{"@type":"SearchAction","target":{"@type":"EntryPoint","urlTemplate":"https:\/\/tiandeproducts.co.uk\/?s={search_term_string}"},"query-input":{"@type":"PropertyValueSpecification","valueRequired":true,"valueName":"search_term_string"}}],"inLanguage":"lt-LT"}]}},"_links":{"self":[{"href":"https:\/\/tiandeproducts.co.uk\/lt\/wp-json\/wp\/v2\/product\/4086","targetHints":{"allow":["GET"]}}],"collection":[{"href":"https:\/\/tiandeproducts.co.uk\/lt\/wp-json\/wp\/v2\/product"}],"about":[{"href":"https:\/\/tiandeproducts.co.uk\/lt\/wp-json\/wp\/v2\/types\/product"}],"replies":[{"embeddable":true,"href":"https:\/\/tiandeproducts.co.uk\/lt\/wp-json\/wp\/v2\/comments?post=4086"}],"wp:featuredmedia":[{"embeddable":true,"href":"https:\/\/tiandeproducts.co.uk\/lt\/wp-json\/wp\/v2\/media\/1610"}],"wp:attachment":[{"href":"https:\/\/tiandeproducts.co.uk\/lt\/wp-json\/wp\/v2\/media?parent=4086"}],"wp:term":[{"taxonomy":"product_cat","embeddable":true,"href":"https:\/\/tiandeproducts.co.uk\/lt\/wp-json\/wp\/v2\/product_cat?post=4086"},{"taxonomy":"product_tag","embeddable":true,"href":"https:\/\/tiandeproducts.co.uk\/lt\/wp-json\/wp\/v2\/product_tag?post=4086"}],"curies":[{"name":"wp","href":"https:\/\/api.w.org\/{rel}","templated":true}]}}