{"id":4080,"date":"2017-08-15T21:02:22","date_gmt":"2017-08-15T20:02:22","guid":{"rendered":"https:\/\/tnd.ontesting.co.uk\/stimuliuojamasis-kremas-slaunims-120g\/"},"modified":"2021-02-12T12:40:22","modified_gmt":"2021-02-12T12:40:22","slug":"stimuliuojamasis-kremas-slaunims-120g","status":"publish","type":"product","link":"https:\/\/tiandeproducts.co.uk\/lt\/stimuliuojamasis-kremas-slaunims-120g\/","title":{"rendered":"Stimuliuojamasis kremas \u0161launims, 120g."},"content":{"rendered":"<p><img decoding=\"async\" style=\"max-width: 16px; margin-right: 5px;\" src=\"https:\/\/tiandeproducts.co.uk\/wp-content\/uploads\/points-green.svg\" \/>\u00a0Earn 11 points worth \u00a30.55 when buying this product<\/p>\n<p>Nat\u016bralus augalini\u0173 komponent\u0173 derinys stipriai stimuliuoja kraujo apytak\u0105 vir\u0161utiniame poodiniame sluoksnyje, tai \u017eenkliai suma\u017eina odos suglebim\u0105 ir pastebimai lygina j\u0105 \u0161laun\u0173 ir s\u0117dmen\u0173 srityje. Priemon\u0117 pasi\u017eymi pakankamai stipriu \u0161ildomuoju efektu, d\u0117l to toksinai ir \u0161lakai \u0161alinami \u017eymiai grei\u010diau, stimuliuojama limfos cirkuliacija ir riebal\u0173 skaidymas. Jei oda yra elastinga ir jai pakanka dr\u0117gm\u0117s, kremas suma\u017eina \u012fvairius pastebimus odos nelygumus. Priemon\u0117 itin efektyvi naudojant j\u0105 prie\u0161 sporto treniruotes.<\/p>\n<p><strong>Naudojimas:<br \/>\n<\/strong>Tepkite ant koj\u0173, \u0161laun\u0173, s\u0117dmen\u0173 ar kit\u0173 problemini\u0173 viet\u0173 ir luktelkite kol pilnai susigers \u012f od\u0105. U\u017etepta priemon\u0117 gali truput\u012f kaitinti ir sukelti laikin\u0105 paraudim\u0105. Venkite jautri\u0173 viet\u0173 (bikini). Nor\u0117damos sustiprinti stimuliuojamojo kremo poveik\u012f, galite apvynioti \u0161launis maistine pl\u0117vele ir u\u017esimauti sportines tampres. Rezultatas bus dar geresnis, jei tuo metu pasimank\u0161tinsite 15-20 min.<\/p>\n<p><strong>Veikliosios med\u017eiagos:<\/strong><\/p>\n<p><strong>Alyvuogi\u0173 aliejus<\/strong>\u00a0yra vienas i\u0161 vertingiausi\u0173 odos kosmetikos komponent\u0173. Jame esantis linolenin\u0117s r\u016bg\u0161ties kiekis yra identi\u0161kas motinos pieno sud\u0117tyje esan\u010diam \u0161ios r\u016bg\u0161ties kiekiui. Oleinin\u0117 r\u016bg\u0161tis stiprina epidermin\u012f odos barjer\u0105, saugo dr\u0117gm\u0119. Alyvuogi\u0173 aliejuje yra didelis kiekis vitamino A, D, K ir E, kuris dar yra vadinamas jaunyst\u0117s vitaminu, d\u0117l jo ypatingosios savyb\u0117s saugoti od\u0105 nuo laisv\u0173j\u0173 radikal\u0173 poveikio. Vitaminas E \u012feina \u012f reikalingiausi\u0173 odai vitamin\u0173 top 3.<\/p>\n<p><strong>Kofeinas<\/strong>\u00a0spartina med\u017eiag\u0173 apykait\u0105, skatina kraujo mikrocirkuliacij\u0105 ir riebal\u0173 deginim\u0105 (kuo grei\u010diau vyksta kraujo cirkuliacija, tuo geresni ir greitesni organizmo procesai, kuri\u0173 metu ma\u017einamos poodin\u0117s riebal\u0173 sankaupos).<\/p>\n<p><strong>Apelsin\u0173 \u017eieveli\u0173 aliejus<\/strong>\u00a0pasi\u017eymi prie\u0161u\u017edegimin\u0117mis, raminan\u010diomis, antiseptin\u0117mis, tonizuojan\u010diomis, skausm\u0105 ir spazmus mal\u0161inan\u010diomis savyb\u0117mis, gerina med\u017eiag\u0173 apykaitos sistemos veikl\u0105, stiprina imunitet\u0105. Apelsin\u0173 aliejus puikiai valo od\u0105, \u0161viesina pigmentines d\u0117mes, skatina l\u0105steli\u0173 atsinaujinim\u0105, lygina celiulito pa\u017eeistas odos vietas.<\/p>\n<p><strong>Paprikos ekstraktas<\/strong>\u00a0turi \u0161ildom\u0105j\u012f poveik\u012f, suaktyvina kraujo cirkuliacij\u0105, stabdo riebalini\u0173 l\u0105steli\u0173 augim\u0105, \u0161alina \u0161lakus i\u0161 organizmo, labai efektyvus ma\u017einant celiulit\u0105 ir nepageidaujamas apimtis.<\/p>\n<p><strong>Mentolis<\/strong>\u00a0&#8211; pagrindin\u0117 pipirm\u0117t\u0117s aktyvioji med\u017eiaga, pla\u010diai vartojama medicinoje \u012fvairiems skausmams, nie\u017euliui, per\u0161t\u0117jimui mal\u0161inti. D\u0117l stipraus ir greito \u0161aldan\u010dio poveikio u\u017edegimin\u0119 od\u0105 veikia raminan\u010diai. Pasi\u017eymi antibakteriniu ir prie\u0161virusiniu poveikiu.<\/p>\n<p><strong>Dumbli\u0173 ekstrakte<\/strong>\u00a0(japonin\u0117 laminarija) gausu kalcio, chloro, kalio, natrio, magnio, gele\u017eies, bromo, boro, mangano, cinko ir kt., labai didelis kiekis jodo, algino r\u016bg\u0161ties, polisacharid\u0173 ir mineral\u0173. Aktyviosios dumbli\u0173 ekstrakto med\u017eiagos normalizuoja apykaitinius procesus audiniuose, stimuliuoja kolageno gamyb\u0105, stangrina od\u0105, ypatingai intensyviai dr\u0117kina, suteikia elastingumo.<\/p>\n<p><strong>Paprast\u0173j\u0173 ka\u0161ton\u0173 vaisi\u0173 s\u0117kl\u0173 ekstraktas<\/strong>\u00a0slopina u\u017edegim\u0105, gerina ven\u0173 tonus\u0105, padeda gydyti koj\u0173 ven\u0173 i\u0161sipl\u0117tim\u0105. Veikliosios med\u017eiagos didina kapiliar\u0173 sieneli\u0173 elastingum\u0105, gerina kraujo apytak\u0105, skystina krauj\u0105, stimuliuoja antitrombino gamyb\u0105, ma\u017eina edemas. Paprast\u0173j\u0173 ka\u0161ton\u0173 ekstraktas veiksmingas trombozi\u0173 profilaktikai.<\/p>\n<p><strong>Avie\u010di\u0173 ketonai<\/strong>\u00a0skatina riebal\u0173 l\u0105steli\u0173 metabolizmo procesus, riebal\u0173 skaidymosi proces\u0105, turi detoksikacini\u0173 savybi\u0173.<\/p>\n<p><strong>Dumbli\u0173 ekstraktas<\/strong>\u00a0valo, sumink\u0161tina ir maitina od\u0105, padeda suma\u017einti rauk\u0161leles. D\u0117ka sud\u0117tyje esan\u010dios algino r\u016bg\u0161ties ir jodo, dumbli\u0173 ekstraktas kompensuoja odos dr\u0117gm\u0117s deficit\u0105, suaktyvina limfodrena\u017e\u0105, skatina l\u0105steli\u0173 regeneracij\u0105, reguliuoja odos pH balans\u0105 bei riebal\u0173 i\u0161siskyrim\u0105, saugo nuo celiulito susidarymo.<\/p>\n","protected":false},"excerpt":{"rendered":"<p>\u00a0Earn 11 points worth \u00a30.55 when buying this product Nat\u016bralus augalini\u0173 komponent\u0173 derinys stipriai stimuliuoja kraujo apytak\u0105 vir\u0161utiniame poodiniame sluoksnyje, tai \u017eenkliai suma\u017eina odos suglebim\u0105 ir pastebimai lygina j\u0105 \u0161laun\u0173 ir s\u0117dmen\u0173 srityje. Priemon\u0117 pasi\u017eymi pakankamai stipriu \u0161ildomuoju efektu, d\u0117l to toksinai ir \u0161lakai \u0161alinami \u017eymiai grei\u010diau, stimuliuojama limfos cirkuliacija ir riebal\u0173 skaidymas. Jei oda [&#8230;]\n","protected":false},"featured_media":13992,"comment_status":"closed","ping_status":"closed","template":"","meta":[],"product_cat":[507,497],"product_tag":[],"class_list":{"0":"post-4080","1":"product","2":"type-product","3":"status-publish","4":"has-post-thumbnail","6":"product_cat-anti-celiulitine-programa","7":"product_cat-kunui","9":"first","10":"instock","11":"shipping-taxable","12":"purchasable","13":"product-type-simple"},"yoast_head":"<!-- This site is optimized with the Yoast SEO plugin v23.6 - https:\/\/yoast.com\/wordpress\/plugins\/seo\/ -->\n<title>Stimuliuojamasis kremas \u0161launims, 120g. - TianDe Online Shop - Beauty &amp; Health<\/title>\n<meta name=\"robots\" content=\"index, follow, max-snippet:-1, max-image-preview:large, max-video-preview:-1\" \/>\n<link rel=\"canonical\" href=\"https:\/\/tiandeproducts.co.uk\/lt\/stimuliuojamasis-kremas-slaunims-120g\/\" \/>\n<meta property=\"og:locale\" content=\"lt_LT\" \/>\n<meta property=\"og:type\" content=\"article\" \/>\n<meta property=\"og:title\" content=\"Stimuliuojamasis kremas \u0161launims, 120g. - TianDe Online Shop - Beauty &amp; Health\" \/>\n<meta property=\"og:description\" content=\"\u00a0Earn 11 points worth \u00a30.55 when buying this product Nat\u016bralus augalini\u0173 komponent\u0173 derinys stipriai stimuliuoja kraujo apytak\u0105 vir\u0161utiniame poodiniame sluoksnyje, tai \u017eenkliai suma\u017eina odos suglebim\u0105 ir pastebimai lygina j\u0105 \u0161laun\u0173 ir s\u0117dmen\u0173 srityje. Priemon\u0117 pasi\u017eymi pakankamai stipriu \u0161ildomuoju efektu, d\u0117l to toksinai ir \u0161lakai \u0161alinami \u017eymiai grei\u010diau, stimuliuojama limfos cirkuliacija ir riebal\u0173 skaidymas. Jei oda [...]\" \/>\n<meta property=\"og:url\" content=\"https:\/\/tiandeproducts.co.uk\/lt\/stimuliuojamasis-kremas-slaunims-120g\/\" \/>\n<meta property=\"og:site_name\" content=\"TianDe Online Shop - Beauty &amp; Health\" \/>\n<meta property=\"article:publisher\" content=\"https:\/\/www.facebook.com\/tiande.products.england\/\" \/>\n<meta property=\"article:modified_time\" content=\"2021-02-12T12:40:22+00:00\" \/>\n<meta property=\"og:image\" content=\"https:\/\/tiandeproducts.co.uk\/wp-content\/uploads\/35412.png\" \/>\n\t<meta property=\"og:image:width\" content=\"700\" \/>\n\t<meta property=\"og:image:height\" content=\"700\" \/>\n\t<meta property=\"og:image:type\" content=\"image\/png\" \/>\n<meta name=\"twitter:card\" content=\"summary_large_image\" \/>\n<meta name=\"twitter:label1\" content=\"Est. reading time\" \/>\n\t<meta name=\"twitter:data1\" content=\"3 minut\u0117s\" \/>\n<script type=\"application\/ld+json\" class=\"yoast-schema-graph\">{\"@context\":\"https:\/\/schema.org\",\"@graph\":[{\"@type\":\"WebPage\",\"@id\":\"https:\/\/tiandeproducts.co.uk\/lt\/stimuliuojamasis-kremas-slaunims-120g\/\",\"url\":\"https:\/\/tiandeproducts.co.uk\/lt\/stimuliuojamasis-kremas-slaunims-120g\/\",\"name\":\"Stimuliuojamasis kremas \u0161launims, 120g. - TianDe Online Shop - Beauty &amp; Health\",\"isPartOf\":{\"@id\":\"https:\/\/tiandeproducts.co.uk\/#website\"},\"primaryImageOfPage\":{\"@id\":\"https:\/\/tiandeproducts.co.uk\/lt\/stimuliuojamasis-kremas-slaunims-120g\/#primaryimage\"},\"image\":{\"@id\":\"https:\/\/tiandeproducts.co.uk\/lt\/stimuliuojamasis-kremas-slaunims-120g\/#primaryimage\"},\"thumbnailUrl\":\"https:\/\/tiandeproducts.co.uk\/wp-content\/uploads\/35412.png\",\"datePublished\":\"2017-08-15T20:02:22+00:00\",\"dateModified\":\"2021-02-12T12:40:22+00:00\",\"breadcrumb\":{\"@id\":\"https:\/\/tiandeproducts.co.uk\/lt\/stimuliuojamasis-kremas-slaunims-120g\/#breadcrumb\"},\"inLanguage\":\"lt-LT\",\"potentialAction\":[{\"@type\":\"ReadAction\",\"target\":[\"https:\/\/tiandeproducts.co.uk\/lt\/stimuliuojamasis-kremas-slaunims-120g\/\"]}]},{\"@type\":\"ImageObject\",\"inLanguage\":\"lt-LT\",\"@id\":\"https:\/\/tiandeproducts.co.uk\/lt\/stimuliuojamasis-kremas-slaunims-120g\/#primaryimage\",\"url\":\"https:\/\/tiandeproducts.co.uk\/wp-content\/uploads\/35412.png\",\"contentUrl\":\"https:\/\/tiandeproducts.co.uk\/wp-content\/uploads\/35412.png\",\"width\":700,\"height\":700},{\"@type\":\"BreadcrumbList\",\"@id\":\"https:\/\/tiandeproducts.co.uk\/lt\/stimuliuojamasis-kremas-slaunims-120g\/#breadcrumb\",\"itemListElement\":[{\"@type\":\"ListItem\",\"position\":1,\"name\":\"Home\",\"item\":\"https:\/\/tiandeproducts.co.uk\/lt\/\"},{\"@type\":\"ListItem\",\"position\":2,\"name\":\"Shop\",\"item\":\"https:\/\/tiandeproducts.co.uk\/lt\/shop-2\/\"},{\"@type\":\"ListItem\",\"position\":3,\"name\":\"Stimuliuojamasis kremas \u0161launims, 120g.\"}]},{\"@type\":\"WebSite\",\"@id\":\"https:\/\/tiandeproducts.co.uk\/#website\",\"url\":\"https:\/\/tiandeproducts.co.uk\/\",\"name\":\"TianDe Online Shop - Beauty & Health\",\"description\":\"Traditional Chinese Medicine\",\"potentialAction\":[{\"@type\":\"SearchAction\",\"target\":{\"@type\":\"EntryPoint\",\"urlTemplate\":\"https:\/\/tiandeproducts.co.uk\/?s={search_term_string}\"},\"query-input\":{\"@type\":\"PropertyValueSpecification\",\"valueRequired\":true,\"valueName\":\"search_term_string\"}}],\"inLanguage\":\"lt-LT\"}]}<\/script>\n<!-- \/ Yoast SEO plugin. -->","yoast_head_json":{"title":"Stimuliuojamasis kremas \u0161launims, 120g. - TianDe Online Shop - Beauty &amp; Health","robots":{"index":"index","follow":"follow","max-snippet":"max-snippet:-1","max-image-preview":"max-image-preview:large","max-video-preview":"max-video-preview:-1"},"canonical":"https:\/\/tiandeproducts.co.uk\/lt\/stimuliuojamasis-kremas-slaunims-120g\/","og_locale":"lt_LT","og_type":"article","og_title":"Stimuliuojamasis kremas \u0161launims, 120g. - TianDe Online Shop - Beauty &amp; Health","og_description":"\u00a0Earn 11 points worth \u00a30.55 when buying this product Nat\u016bralus augalini\u0173 komponent\u0173 derinys stipriai stimuliuoja kraujo apytak\u0105 vir\u0161utiniame poodiniame sluoksnyje, tai \u017eenkliai suma\u017eina odos suglebim\u0105 ir pastebimai lygina j\u0105 \u0161laun\u0173 ir s\u0117dmen\u0173 srityje. Priemon\u0117 pasi\u017eymi pakankamai stipriu \u0161ildomuoju efektu, d\u0117l to toksinai ir \u0161lakai \u0161alinami \u017eymiai grei\u010diau, stimuliuojama limfos cirkuliacija ir riebal\u0173 skaidymas. Jei oda [...]","og_url":"https:\/\/tiandeproducts.co.uk\/lt\/stimuliuojamasis-kremas-slaunims-120g\/","og_site_name":"TianDe Online Shop - Beauty &amp; Health","article_publisher":"https:\/\/www.facebook.com\/tiande.products.england\/","article_modified_time":"2021-02-12T12:40:22+00:00","og_image":[{"width":700,"height":700,"url":"https:\/\/tiandeproducts.co.uk\/wp-content\/uploads\/35412.png","type":"image\/png"}],"twitter_card":"summary_large_image","twitter_misc":{"Est. reading time":"3 minut\u0117s"},"schema":{"@context":"https:\/\/schema.org","@graph":[{"@type":"WebPage","@id":"https:\/\/tiandeproducts.co.uk\/lt\/stimuliuojamasis-kremas-slaunims-120g\/","url":"https:\/\/tiandeproducts.co.uk\/lt\/stimuliuojamasis-kremas-slaunims-120g\/","name":"Stimuliuojamasis kremas \u0161launims, 120g. - TianDe Online Shop - Beauty &amp; Health","isPartOf":{"@id":"https:\/\/tiandeproducts.co.uk\/#website"},"primaryImageOfPage":{"@id":"https:\/\/tiandeproducts.co.uk\/lt\/stimuliuojamasis-kremas-slaunims-120g\/#primaryimage"},"image":{"@id":"https:\/\/tiandeproducts.co.uk\/lt\/stimuliuojamasis-kremas-slaunims-120g\/#primaryimage"},"thumbnailUrl":"https:\/\/tiandeproducts.co.uk\/wp-content\/uploads\/35412.png","datePublished":"2017-08-15T20:02:22+00:00","dateModified":"2021-02-12T12:40:22+00:00","breadcrumb":{"@id":"https:\/\/tiandeproducts.co.uk\/lt\/stimuliuojamasis-kremas-slaunims-120g\/#breadcrumb"},"inLanguage":"lt-LT","potentialAction":[{"@type":"ReadAction","target":["https:\/\/tiandeproducts.co.uk\/lt\/stimuliuojamasis-kremas-slaunims-120g\/"]}]},{"@type":"ImageObject","inLanguage":"lt-LT","@id":"https:\/\/tiandeproducts.co.uk\/lt\/stimuliuojamasis-kremas-slaunims-120g\/#primaryimage","url":"https:\/\/tiandeproducts.co.uk\/wp-content\/uploads\/35412.png","contentUrl":"https:\/\/tiandeproducts.co.uk\/wp-content\/uploads\/35412.png","width":700,"height":700},{"@type":"BreadcrumbList","@id":"https:\/\/tiandeproducts.co.uk\/lt\/stimuliuojamasis-kremas-slaunims-120g\/#breadcrumb","itemListElement":[{"@type":"ListItem","position":1,"name":"Home","item":"https:\/\/tiandeproducts.co.uk\/lt\/"},{"@type":"ListItem","position":2,"name":"Shop","item":"https:\/\/tiandeproducts.co.uk\/lt\/shop-2\/"},{"@type":"ListItem","position":3,"name":"Stimuliuojamasis kremas \u0161launims, 120g."}]},{"@type":"WebSite","@id":"https:\/\/tiandeproducts.co.uk\/#website","url":"https:\/\/tiandeproducts.co.uk\/","name":"TianDe Online Shop - Beauty & Health","description":"Traditional Chinese Medicine","potentialAction":[{"@type":"SearchAction","target":{"@type":"EntryPoint","urlTemplate":"https:\/\/tiandeproducts.co.uk\/?s={search_term_string}"},"query-input":{"@type":"PropertyValueSpecification","valueRequired":true,"valueName":"search_term_string"}}],"inLanguage":"lt-LT"}]}},"_links":{"self":[{"href":"https:\/\/tiandeproducts.co.uk\/lt\/wp-json\/wp\/v2\/product\/4080","targetHints":{"allow":["GET"]}}],"collection":[{"href":"https:\/\/tiandeproducts.co.uk\/lt\/wp-json\/wp\/v2\/product"}],"about":[{"href":"https:\/\/tiandeproducts.co.uk\/lt\/wp-json\/wp\/v2\/types\/product"}],"replies":[{"embeddable":true,"href":"https:\/\/tiandeproducts.co.uk\/lt\/wp-json\/wp\/v2\/comments?post=4080"}],"wp:featuredmedia":[{"embeddable":true,"href":"https:\/\/tiandeproducts.co.uk\/lt\/wp-json\/wp\/v2\/media\/13992"}],"wp:attachment":[{"href":"https:\/\/tiandeproducts.co.uk\/lt\/wp-json\/wp\/v2\/media?parent=4080"}],"wp:term":[{"taxonomy":"product_cat","embeddable":true,"href":"https:\/\/tiandeproducts.co.uk\/lt\/wp-json\/wp\/v2\/product_cat?post=4080"},{"taxonomy":"product_tag","embeddable":true,"href":"https:\/\/tiandeproducts.co.uk\/lt\/wp-json\/wp\/v2\/product_tag?post=4080"}],"curies":[{"name":"wp","href":"https:\/\/api.w.org\/{rel}","templated":true}]}}