{"id":4078,"date":"2017-09-19T13:45:15","date_gmt":"2017-09-19T12:45:15","guid":{"rendered":"https:\/\/tnd.ontesting.co.uk\/kremas-kunui-nuo-skausmo-skystas-pleistras-125g\/"},"modified":"2021-02-12T12:37:04","modified_gmt":"2021-02-12T12:37:04","slug":"kremas-kunui-nuo-skausmo-skystas-pleistras-125g","status":"publish","type":"product","link":"https:\/\/tiandeproducts.co.uk\/lt\/kremas-kunui-nuo-skausmo-skystas-pleistras-125g\/","title":{"rendered":"Kremas k\u016bnui nuo skausmo \u201eSkystas pleistras\u201c, 125g."},"content":{"rendered":"<p><img decoding=\"async\" style=\"max-width: 16px; margin-right: 5px;\" src=\"https:\/\/tiandeproducts.co.uk\/wp-content\/uploads\/points-green.svg\" \/>\u00a0Earn 13 points worth \u00a30.65 when buying this product<\/p>\n<p>Augalin\u0117s kilm\u0117s kremo komponentai gerina jud\u0117jimo kokyb\u0119, pa\u0161alina sustingim\u0105, padeda suma\u017einti skausm\u0105 esant raumen\u0173 spazmams, patempimams ir sumu\u0161imams. Kremas maloniai su\u0161ildo, suaktyvina kraujo ir limfos mikrocirkuliacij\u0105 s\u0105nari\u0173 audiniuose, turi prie\u0161u\u017edegimini\u0173, antiseptini\u0173 savybi\u0173. Gausus nat\u016brali\u0173 eterini\u0173 aliej\u0173 ir augal\u0173 ekstrakt\u0173 derinys pad\u0117s gerai savijautai ir didelio tempo ir itin ma\u017eo jud\u0117jimo metu, panaikins diskomforto poj\u016bt\u012f.<\/p>\n<p>Kremas k\u016bnui \u201eSkystas pleistras\u201d ypa\u010d naudingas \u017emon\u0117ms turintiems intensyvias fizines apkrovas, po kuri\u0173 s\u0105nari\u0173 srityje atsiranda nemalonus diskomforto poj\u016btis. Priemon\u0117 puikiai pagelb\u0117s prie\u0161 intensyvias fizines treniruotes, su\u0161ildys ir paruo\u0161 fiziniam kr\u016bviui. Kremas taps aktyviu pagalbininku ir tada, kai reikia kompensuoti pasyvaus jud\u0117jimo pasekmes. Ma\u017eai judant, da\u017enai s\u0117dint, s\u0105nariai netenka tinkamos mitybos, sul\u0117t\u0117ja apykaitiniai procesai, jau\u010diamas raumen\u0173 ir kaul\u0173 sustingimas. Tokiais atvejais priemon\u0117 suaktyvina kraujo apykait\u0105 ir padidina kraujo pritek\u0117jim\u0105 \u012f s\u0105narius.<\/p>\n<p><strong>Naudojimas:<br \/>\n<\/strong>Patepkite problemines k\u016bno vietas kremu ir \u0161velniai masa\u017euokite kol susigers. Naudokite prie\u0161 treniruot\u0119 arba esant diskomforto bei skausmo poj\u016b\u010diui s\u0105nari\u0173 srityje.<\/p>\n<p><strong>Veikliosios med\u017eiagos:<\/strong><\/p>\n<p><strong>Alyvuogi\u0173 aliejus<\/strong>\u00a0turtingas vitaminais E, A, D, K, B grup\u0117s, polineso\u010diosiomis riebal\u0173 r\u016bg\u0161timis, baltymais, angliavandeniais, taninais, saponinais, mikro ir makro elementais. Jis apsaugo organizm\u0105 nuo \u017ealingo aplinkos poveikio, l\u0117tina sen\u0117jimo procesus, yra daugelio lig\u0173 profilaktin\u0117 priemon\u0117. Alyvuogi\u0173 aliejus puiki kosmetin\u0117 med\u017eiaga, pasi\u017eyminti maitinamosiomis, regeneruojamosiomis, mink\u0161tinamosiomis ir apsaugin\u0117mis savyb\u0117mis.<\/p>\n<p><strong>Kamparas<\/strong>\u00a0(vartojant lokaliai) dirgina odoje esan\u010dias juntam\u0173j\u0173 nerv\u0173 gal\u016bnes, tod\u0117l i\u0161siple\u010dia odos ir po ja esan\u010di\u0173 audini\u0173 kraujagysl\u0117s, toje vietoje ger\u0117ja kraujotaka ir med\u017eiag\u0173 apykaita. Preparatas mal\u0161ina raumen\u0173, s\u0105nari\u0173 skausm\u0105, slopina u\u017edegim\u0105, skatina u\u017edar\u0173 traum\u0173 (patempimo, suspaudimo, sumu\u0161imo, i\u0161nirimo) gijim\u0105.<\/p>\n<p><strong>Propolio (bi\u010di\u0173 pikio) ekstraktas<\/strong>\u00a0&#8211; aktyvi biologin\u0117 med\u017eiaga, da\u017eniausiai naudojama kaip nat\u016bralus antibiotikas. Ji intensyviai maitina ir regeneruoja od\u0105, padeda atkurti apsaugin\u012f odos lipidin\u012f sluoksn\u012f, gerina jos med\u017eiag\u0173 apykait\u0105, apsaugo nuo rauk\u0161li\u0173 atsiradimo. Med\u017eiaga pasi\u017eymi raminan\u010diu, sutraukian\u010diu, apsauginiu poveikiu odai.<\/p>\n<p><strong>Paprikos ekstraktas<\/strong>\u00a0turi \u0161ildom\u0105j\u012f poveik\u012f, suaktyvina kraujo cirkuliacij\u0105, stabdo riebalini\u0173 l\u0105steli\u0173 augim\u0105, \u0161alina \u0161lakus i\u0161 organizmo, labai efektyvus ma\u017einant celiulit\u0105 ir nepageidaujmas apimtis.<\/p>\n<p><strong>Debesylo ekstrakte<\/strong>\u00a0gausu polisacharid\u0173, saponin\u0173, organini\u0173 r\u016bg\u0161\u010di\u0173, vitamino E. Debesylo aktyviosios med\u017eiagos puikiai tvarkosi su dauguma u\u017edegim\u0173, ma\u017eina s\u0105nari\u0173, nugaros, kaul\u0173 skausmus.<\/p>\n<p><strong>Mentolis<\/strong>\u00a0&#8211; pagrindin\u0117 pipirm\u0117t\u0117s aktyvioji med\u017eiaga, pla\u010diai vartojama medicinoje \u012fvairiems skausmams, nie\u017euliui, per\u0161t\u0117jimui mal\u0161inti. D\u0117l stipraus ir greito \u0161aldan\u010dio poveikio u\u017edegimin\u0119 od\u0105 veikia raminan\u010diai. Pasi\u017eymi antibakteriniu ir prie\u0161virusiniu poveikiu.<\/p>\n<p><strong>Ceiloninio cinamono \u017eiev\u0117s aliejus<\/strong>\u00a0pasi\u017eymi vienu stipriausiu antioksidaciniu poveikiu, d\u0117l ko neleid\u017eia laisviesiems radikalams pa\u017eeisti DNR strukt\u016bros ir taip apsaugo organizm\u0105 nuo v\u0117\u017eini\u0173 susirgim\u0173, u\u017edegim\u0173 ir oksidacin\u0117s \u017ealos. Aktyviosios aliejaus med\u017eiagos suteikia antimikrobin\u012f, prie\u0161u\u017edegimin\u012f poveik\u012f, ma\u017eina raumen\u0173 spazmus, sustingim\u0105, greitai su\u0161ildo raumenis ir paruo\u0161ia fizinei apkrovai.<\/p>\n<p><strong>Gvazdik\u0117li\u0173 pumpur\u0173 aliejus<\/strong>\u00a0pasi\u017eymi dideliu antibakteriniu ir prie\u0161virusiniu aktyvumu, gerina kraujotak\u0105, imunitet\u0105, sugr\u0105\u017eina raumenims ir s\u0105nariams lengvumo poj\u016bt\u012f. Aliejus padeda sergant artritu, reumatu, patempus rai\u0161\u010dius, esant \u012fvairiems sumu\u0161imams ar skausmams.<\/p>\n<p><strong>Europini\u0173 k\u0117ni\u0173 spygli\u0173 ekstraktas<\/strong>\u00a0atstato jungiam\u0105j\u012f audin\u012f, ypatingai veiksmingas esant kremzli\u0173 pa\u017eeidimams, u\u017edegiminiams procesams, stipriai pagerina kraujo ir limfos mikrocirkuliacij\u0105 s\u0105nariuose. Ekstraktas turi antiseptini\u0173, baktericidini\u0173, nuskausminam\u0173j\u0173 s\u0105vybi\u0173, efektyviai ma\u017eina pabrinkimus.<\/p>\n<p><strong>\u0160liau\u017eian\u010di\u0173j\u0173 inkaruo\u010di\u0173 \u0161akn\u0173 ekstraktas<\/strong>\u00a0ramina od\u0105.<\/p>\n","protected":false},"excerpt":{"rendered":"<p>\u00a0Earn 13 points worth \u00a30.65 when buying this product Augalin\u0117s kilm\u0117s kremo komponentai gerina jud\u0117jimo kokyb\u0119, pa\u0161alina sustingim\u0105, padeda suma\u017einti skausm\u0105 esant raumen\u0173 spazmams, patempimams ir sumu\u0161imams. Kremas maloniai su\u0161ildo, suaktyvina kraujo ir limfos mikrocirkuliacij\u0105 s\u0105nari\u0173 audiniuose, turi prie\u0161u\u017edegimini\u0173, antiseptini\u0173 savybi\u0173. Gausus nat\u016brali\u0173 eterini\u0173 aliej\u0173 ir augal\u0173 ekstrakt\u0173 derinys pad\u0117s gerai savijautai ir didelio tempo [&#8230;]\n","protected":false},"featured_media":1730,"comment_status":"closed","ping_status":"closed","template":"","meta":[],"product_cat":[500,723,508,497,718,522],"product_tag":[],"class_list":{"0":"post-4078","1":"product","2":"type-product","3":"status-publish","4":"has-post-thumbnail","6":"product_cat-altai-lt","7":"product_cat-altai-sacral-lt","8":"product_cat-kuno-kremai","9":"product_cat-kunui","10":"product_cat-sveikata-lt","11":"product_cat-sveikatingumo-produktai","13":"first","14":"instock","15":"shipping-taxable","16":"purchasable","17":"product-type-simple"},"yoast_head":"<!-- This site is optimized with the Yoast SEO plugin v23.6 - https:\/\/yoast.com\/wordpress\/plugins\/seo\/ -->\n<title>Kremas k\u016bnui nuo skausmo \u201eSkystas pleistras\u201c, 125g. - TianDe Online Shop - Beauty &amp; Health<\/title>\n<meta name=\"robots\" content=\"index, follow, max-snippet:-1, max-image-preview:large, max-video-preview:-1\" \/>\n<link rel=\"canonical\" href=\"https:\/\/tiandeproducts.co.uk\/lt\/kremas-kunui-nuo-skausmo-skystas-pleistras-125g\/\" \/>\n<meta property=\"og:locale\" content=\"lt_LT\" \/>\n<meta property=\"og:type\" content=\"article\" \/>\n<meta property=\"og:title\" content=\"Kremas k\u016bnui nuo skausmo \u201eSkystas pleistras\u201c, 125g. - TianDe Online Shop - Beauty &amp; Health\" \/>\n<meta property=\"og:description\" content=\"\u00a0Earn 13 points worth \u00a30.65 when buying this product Augalin\u0117s kilm\u0117s kremo komponentai gerina jud\u0117jimo kokyb\u0119, pa\u0161alina sustingim\u0105, padeda suma\u017einti skausm\u0105 esant raumen\u0173 spazmams, patempimams ir sumu\u0161imams. Kremas maloniai su\u0161ildo, suaktyvina kraujo ir limfos mikrocirkuliacij\u0105 s\u0105nari\u0173 audiniuose, turi prie\u0161u\u017edegimini\u0173, antiseptini\u0173 savybi\u0173. Gausus nat\u016brali\u0173 eterini\u0173 aliej\u0173 ir augal\u0173 ekstrakt\u0173 derinys pad\u0117s gerai savijautai ir didelio tempo [...]\" \/>\n<meta property=\"og:url\" content=\"https:\/\/tiandeproducts.co.uk\/lt\/kremas-kunui-nuo-skausmo-skystas-pleistras-125g\/\" \/>\n<meta property=\"og:site_name\" content=\"TianDe Online Shop - Beauty &amp; Health\" \/>\n<meta property=\"article:publisher\" content=\"https:\/\/www.facebook.com\/tiande.products.england\/\" \/>\n<meta property=\"article:modified_time\" content=\"2021-02-12T12:37:04+00:00\" \/>\n<meta property=\"og:image\" content=\"https:\/\/tiandeproducts.co.uk\/wp-content\/uploads\/2017\/09\/34413.jpg\" \/>\n\t<meta property=\"og:image:width\" content=\"800\" \/>\n\t<meta property=\"og:image:height\" content=\"800\" \/>\n\t<meta property=\"og:image:type\" content=\"image\/jpeg\" \/>\n<meta name=\"twitter:card\" content=\"summary_large_image\" \/>\n<meta name=\"twitter:label1\" content=\"Est. reading time\" \/>\n\t<meta name=\"twitter:data1\" content=\"3 minut\u0117s\" \/>\n<script type=\"application\/ld+json\" class=\"yoast-schema-graph\">{\"@context\":\"https:\/\/schema.org\",\"@graph\":[{\"@type\":\"WebPage\",\"@id\":\"https:\/\/tiandeproducts.co.uk\/lt\/kremas-kunui-nuo-skausmo-skystas-pleistras-125g\/\",\"url\":\"https:\/\/tiandeproducts.co.uk\/lt\/kremas-kunui-nuo-skausmo-skystas-pleistras-125g\/\",\"name\":\"Kremas k\u016bnui nuo skausmo \u201eSkystas pleistras\u201c, 125g. - TianDe Online Shop - Beauty &amp; Health\",\"isPartOf\":{\"@id\":\"https:\/\/tiandeproducts.co.uk\/#website\"},\"primaryImageOfPage\":{\"@id\":\"https:\/\/tiandeproducts.co.uk\/lt\/kremas-kunui-nuo-skausmo-skystas-pleistras-125g\/#primaryimage\"},\"image\":{\"@id\":\"https:\/\/tiandeproducts.co.uk\/lt\/kremas-kunui-nuo-skausmo-skystas-pleistras-125g\/#primaryimage\"},\"thumbnailUrl\":\"https:\/\/tiandeproducts.co.uk\/wp-content\/uploads\/2017\/09\/34413.jpg\",\"datePublished\":\"2017-09-19T12:45:15+00:00\",\"dateModified\":\"2021-02-12T12:37:04+00:00\",\"breadcrumb\":{\"@id\":\"https:\/\/tiandeproducts.co.uk\/lt\/kremas-kunui-nuo-skausmo-skystas-pleistras-125g\/#breadcrumb\"},\"inLanguage\":\"lt-LT\",\"potentialAction\":[{\"@type\":\"ReadAction\",\"target\":[\"https:\/\/tiandeproducts.co.uk\/lt\/kremas-kunui-nuo-skausmo-skystas-pleistras-125g\/\"]}]},{\"@type\":\"ImageObject\",\"inLanguage\":\"lt-LT\",\"@id\":\"https:\/\/tiandeproducts.co.uk\/lt\/kremas-kunui-nuo-skausmo-skystas-pleistras-125g\/#primaryimage\",\"url\":\"https:\/\/tiandeproducts.co.uk\/wp-content\/uploads\/2017\/09\/34413.jpg\",\"contentUrl\":\"https:\/\/tiandeproducts.co.uk\/wp-content\/uploads\/2017\/09\/34413.jpg\",\"width\":800,\"height\":800,\"caption\":\"Liquid-Patch Body Cream,125g-0\"},{\"@type\":\"BreadcrumbList\",\"@id\":\"https:\/\/tiandeproducts.co.uk\/lt\/kremas-kunui-nuo-skausmo-skystas-pleistras-125g\/#breadcrumb\",\"itemListElement\":[{\"@type\":\"ListItem\",\"position\":1,\"name\":\"Home\",\"item\":\"https:\/\/tiandeproducts.co.uk\/lt\/\"},{\"@type\":\"ListItem\",\"position\":2,\"name\":\"Shop\",\"item\":\"https:\/\/tiandeproducts.co.uk\/lt\/shop-2\/\"},{\"@type\":\"ListItem\",\"position\":3,\"name\":\"Kremas k\u016bnui nuo skausmo \u201eSkystas pleistras\u201c, 125g.\"}]},{\"@type\":\"WebSite\",\"@id\":\"https:\/\/tiandeproducts.co.uk\/#website\",\"url\":\"https:\/\/tiandeproducts.co.uk\/\",\"name\":\"TianDe Online Shop - Beauty & Health\",\"description\":\"Traditional Chinese Medicine\",\"potentialAction\":[{\"@type\":\"SearchAction\",\"target\":{\"@type\":\"EntryPoint\",\"urlTemplate\":\"https:\/\/tiandeproducts.co.uk\/?s={search_term_string}\"},\"query-input\":{\"@type\":\"PropertyValueSpecification\",\"valueRequired\":true,\"valueName\":\"search_term_string\"}}],\"inLanguage\":\"lt-LT\"}]}<\/script>\n<!-- \/ Yoast SEO plugin. -->","yoast_head_json":{"title":"Kremas k\u016bnui nuo skausmo \u201eSkystas pleistras\u201c, 125g. - TianDe Online Shop - Beauty &amp; Health","robots":{"index":"index","follow":"follow","max-snippet":"max-snippet:-1","max-image-preview":"max-image-preview:large","max-video-preview":"max-video-preview:-1"},"canonical":"https:\/\/tiandeproducts.co.uk\/lt\/kremas-kunui-nuo-skausmo-skystas-pleistras-125g\/","og_locale":"lt_LT","og_type":"article","og_title":"Kremas k\u016bnui nuo skausmo \u201eSkystas pleistras\u201c, 125g. - TianDe Online Shop - Beauty &amp; Health","og_description":"\u00a0Earn 13 points worth \u00a30.65 when buying this product Augalin\u0117s kilm\u0117s kremo komponentai gerina jud\u0117jimo kokyb\u0119, pa\u0161alina sustingim\u0105, padeda suma\u017einti skausm\u0105 esant raumen\u0173 spazmams, patempimams ir sumu\u0161imams. Kremas maloniai su\u0161ildo, suaktyvina kraujo ir limfos mikrocirkuliacij\u0105 s\u0105nari\u0173 audiniuose, turi prie\u0161u\u017edegimini\u0173, antiseptini\u0173 savybi\u0173. Gausus nat\u016brali\u0173 eterini\u0173 aliej\u0173 ir augal\u0173 ekstrakt\u0173 derinys pad\u0117s gerai savijautai ir didelio tempo [...]","og_url":"https:\/\/tiandeproducts.co.uk\/lt\/kremas-kunui-nuo-skausmo-skystas-pleistras-125g\/","og_site_name":"TianDe Online Shop - Beauty &amp; Health","article_publisher":"https:\/\/www.facebook.com\/tiande.products.england\/","article_modified_time":"2021-02-12T12:37:04+00:00","og_image":[{"width":800,"height":800,"url":"https:\/\/tiandeproducts.co.uk\/wp-content\/uploads\/2017\/09\/34413.jpg","type":"image\/jpeg"}],"twitter_card":"summary_large_image","twitter_misc":{"Est. reading time":"3 minut\u0117s"},"schema":{"@context":"https:\/\/schema.org","@graph":[{"@type":"WebPage","@id":"https:\/\/tiandeproducts.co.uk\/lt\/kremas-kunui-nuo-skausmo-skystas-pleistras-125g\/","url":"https:\/\/tiandeproducts.co.uk\/lt\/kremas-kunui-nuo-skausmo-skystas-pleistras-125g\/","name":"Kremas k\u016bnui nuo skausmo \u201eSkystas pleistras\u201c, 125g. - TianDe Online Shop - Beauty &amp; Health","isPartOf":{"@id":"https:\/\/tiandeproducts.co.uk\/#website"},"primaryImageOfPage":{"@id":"https:\/\/tiandeproducts.co.uk\/lt\/kremas-kunui-nuo-skausmo-skystas-pleistras-125g\/#primaryimage"},"image":{"@id":"https:\/\/tiandeproducts.co.uk\/lt\/kremas-kunui-nuo-skausmo-skystas-pleistras-125g\/#primaryimage"},"thumbnailUrl":"https:\/\/tiandeproducts.co.uk\/wp-content\/uploads\/2017\/09\/34413.jpg","datePublished":"2017-09-19T12:45:15+00:00","dateModified":"2021-02-12T12:37:04+00:00","breadcrumb":{"@id":"https:\/\/tiandeproducts.co.uk\/lt\/kremas-kunui-nuo-skausmo-skystas-pleistras-125g\/#breadcrumb"},"inLanguage":"lt-LT","potentialAction":[{"@type":"ReadAction","target":["https:\/\/tiandeproducts.co.uk\/lt\/kremas-kunui-nuo-skausmo-skystas-pleistras-125g\/"]}]},{"@type":"ImageObject","inLanguage":"lt-LT","@id":"https:\/\/tiandeproducts.co.uk\/lt\/kremas-kunui-nuo-skausmo-skystas-pleistras-125g\/#primaryimage","url":"https:\/\/tiandeproducts.co.uk\/wp-content\/uploads\/2017\/09\/34413.jpg","contentUrl":"https:\/\/tiandeproducts.co.uk\/wp-content\/uploads\/2017\/09\/34413.jpg","width":800,"height":800,"caption":"Liquid-Patch Body Cream,125g-0"},{"@type":"BreadcrumbList","@id":"https:\/\/tiandeproducts.co.uk\/lt\/kremas-kunui-nuo-skausmo-skystas-pleistras-125g\/#breadcrumb","itemListElement":[{"@type":"ListItem","position":1,"name":"Home","item":"https:\/\/tiandeproducts.co.uk\/lt\/"},{"@type":"ListItem","position":2,"name":"Shop","item":"https:\/\/tiandeproducts.co.uk\/lt\/shop-2\/"},{"@type":"ListItem","position":3,"name":"Kremas k\u016bnui nuo skausmo \u201eSkystas pleistras\u201c, 125g."}]},{"@type":"WebSite","@id":"https:\/\/tiandeproducts.co.uk\/#website","url":"https:\/\/tiandeproducts.co.uk\/","name":"TianDe Online Shop - Beauty & Health","description":"Traditional Chinese Medicine","potentialAction":[{"@type":"SearchAction","target":{"@type":"EntryPoint","urlTemplate":"https:\/\/tiandeproducts.co.uk\/?s={search_term_string}"},"query-input":{"@type":"PropertyValueSpecification","valueRequired":true,"valueName":"search_term_string"}}],"inLanguage":"lt-LT"}]}},"_links":{"self":[{"href":"https:\/\/tiandeproducts.co.uk\/lt\/wp-json\/wp\/v2\/product\/4078","targetHints":{"allow":["GET"]}}],"collection":[{"href":"https:\/\/tiandeproducts.co.uk\/lt\/wp-json\/wp\/v2\/product"}],"about":[{"href":"https:\/\/tiandeproducts.co.uk\/lt\/wp-json\/wp\/v2\/types\/product"}],"replies":[{"embeddable":true,"href":"https:\/\/tiandeproducts.co.uk\/lt\/wp-json\/wp\/v2\/comments?post=4078"}],"wp:featuredmedia":[{"embeddable":true,"href":"https:\/\/tiandeproducts.co.uk\/lt\/wp-json\/wp\/v2\/media\/1730"}],"wp:attachment":[{"href":"https:\/\/tiandeproducts.co.uk\/lt\/wp-json\/wp\/v2\/media?parent=4078"}],"wp:term":[{"taxonomy":"product_cat","embeddable":true,"href":"https:\/\/tiandeproducts.co.uk\/lt\/wp-json\/wp\/v2\/product_cat?post=4078"},{"taxonomy":"product_tag","embeddable":true,"href":"https:\/\/tiandeproducts.co.uk\/lt\/wp-json\/wp\/v2\/product_tag?post=4078"}],"curies":[{"name":"wp","href":"https:\/\/api.w.org\/{rel}","templated":true}]}}