{"id":4073,"date":"2017-11-25T13:11:19","date_gmt":"2017-11-25T13:11:19","guid":{"rendered":"https:\/\/tnd.ontesting.co.uk\/stilingos-sukos-in-top1vnt\/"},"modified":"2021-02-12T12:34:36","modified_gmt":"2021-02-12T12:34:36","slug":"stilingos-sukos-in-top1vnt","status":"publish","type":"product","link":"https:\/\/tiandeproducts.co.uk\/lt\/stilingos-sukos-in-top1vnt\/","title":{"rendered":"Stilingos \u0161ukos In Top,1vnt"},"content":{"rendered":"<p><img decoding=\"async\" style=\"max-width: 16px; margin-right: 5px;\" src=\"https:\/\/tiandeproducts.co.uk\/wp-content\/uploads\/points-green.svg\" \/>\u00a0Earn 20 points worth \u00a31.00 when buying this product<\/p>\n<p>TianDe \u0161ukos idealiai \u0161ukuojan\u010dios plaukus, tuo pa\u010diu metu masa\u017euoja ir galvos od\u0105, taip pat atrodo kaip stilingas aksesuaras, galintis papuo\u0161ti labiausiai reikliausi\u0173 paneli\u0173 tualetin\u012f staliuk\u0105.<br \/>\n<span title=\"\u041a\u043e\u043c\u043f\u0430\u043a\u0442\u043d\u044b\u0439 \u0440\u0430\u0437\u043c\u0435\u0440 \u0438 \u043d\u0430\u043b\u0438\u0447\u0438\u0435 \u0443\u0434\u043e\u0431\u043d\u043e\u0439 \u043a\u0440\u044b\u0448\u043a\u0438, \u043a\u043e\u0442\u043e\u0440\u0430\u044f \u0437\u0430\u0449\u0438\u0449\u0430\u0435\u0442 \u0437\u0443\u0431\u0447\u0438\u043a\u0438, \u043f\u043e\u0437\u0432\u043e\u043b\u044f\u0435\u0442 \u043d\u043e\u0441\u0438\u0442\u044c \u0435\u0435 \u0432 \u0441\u0443\u043c\u043e\u0447\u043a\u0435.\">Kompakti\u0161kas dydis ir patogus dangtelis, leid\u017eia j\u0105 ne\u0161iotis rankin\u0117je.\u00a0<\/span><span title=\"\u0414\u043e\u0441\u0442\u0430\u0432\u0430\u0442\u044c \u0435\u0435 \u043f\u0440\u0438\u044f\u0442\u043d\u043e, \u043f\u043e\u043b\u044c\u0437\u043e\u0432\u0430\u0442\u044c\u0441\u044f \u2013 \u0443\u0434\u043e\u0431\u043d\u043e.\">Malonu j\u0105 paimti, patogu j\u0105 naudoti.<\/span><\/p>\n","protected":false},"excerpt":{"rendered":"<p>\u00a0Earn 20 points worth \u00a31.00 when buying this product TianDe \u0161ukos idealiai \u0161ukuojan\u010dios plaukus, tuo pa\u010diu metu masa\u017euoja ir galvos od\u0105, taip pat atrodo kaip stilingas aksesuaras, galintis papuo\u0161ti labiausiai reikliausi\u0173 paneli\u0173 tualetin\u012f staliuk\u0105. Kompakti\u0161kas dydis ir patogus dangtelis, leid\u017eia j\u0105 ne\u0161iotis rankin\u0117je.\u00a0Malonu j\u0105 paimti, patogu j\u0105 naudoti.<\/p>\n","protected":false},"featured_media":3551,"comment_status":"closed","ping_status":"closed","template":"","meta":[],"product_cat":[461,467,473],"product_tag":[],"class_list":{"0":"post-4073","1":"product","2":"type-product","3":"status-publish","4":"has-post-thumbnail","6":"product_cat-aksesuarai","7":"product_cat-kosmetikos-reikmenys","8":"product_cat-plauku-aksesuarai","10":"first","11":"outofstock","12":"shipping-taxable","13":"purchasable","14":"product-type-simple"},"yoast_head":"<!-- This site is optimized with the Yoast SEO plugin v23.6 - https:\/\/yoast.com\/wordpress\/plugins\/seo\/ -->\n<title>Stilingos \u0161ukos In Top,1vnt - TianDe Online Shop - Beauty &amp; Health<\/title>\n<meta name=\"robots\" content=\"index, follow, max-snippet:-1, max-image-preview:large, max-video-preview:-1\" \/>\n<link rel=\"canonical\" href=\"https:\/\/tiandeproducts.co.uk\/lt\/stilingos-sukos-in-top1vnt\/\" \/>\n<meta property=\"og:locale\" content=\"lt_LT\" \/>\n<meta property=\"og:type\" content=\"article\" \/>\n<meta property=\"og:title\" content=\"Stilingos \u0161ukos In Top,1vnt - TianDe Online Shop - Beauty &amp; Health\" \/>\n<meta property=\"og:description\" content=\"\u00a0Earn 20 points worth \u00a31.00 when buying this product TianDe \u0161ukos idealiai \u0161ukuojan\u010dios plaukus, tuo pa\u010diu metu masa\u017euoja ir galvos od\u0105, taip pat atrodo kaip stilingas aksesuaras, galintis papuo\u0161ti labiausiai reikliausi\u0173 paneli\u0173 tualetin\u012f staliuk\u0105. Kompakti\u0161kas dydis ir patogus dangtelis, leid\u017eia j\u0105 ne\u0161iotis rankin\u0117je.\u00a0Malonu j\u0105 paimti, patogu j\u0105 naudoti.\" \/>\n<meta property=\"og:url\" content=\"https:\/\/tiandeproducts.co.uk\/lt\/stilingos-sukos-in-top1vnt\/\" \/>\n<meta property=\"og:site_name\" content=\"TianDe Online Shop - Beauty &amp; Health\" \/>\n<meta property=\"article:publisher\" content=\"https:\/\/www.facebook.com\/tiande.products.england\/\" \/>\n<meta property=\"article:modified_time\" content=\"2021-02-12T12:34:36+00:00\" \/>\n<meta property=\"og:image\" content=\"https:\/\/tiandeproducts.co.uk\/wp-content\/uploads\/90159_02_.png\" \/>\n\t<meta property=\"og:image:width\" content=\"700\" \/>\n\t<meta property=\"og:image:height\" content=\"700\" \/>\n\t<meta property=\"og:image:type\" content=\"image\/png\" \/>\n<meta name=\"twitter:card\" content=\"summary_large_image\" \/>\n<script type=\"application\/ld+json\" class=\"yoast-schema-graph\">{\"@context\":\"https:\/\/schema.org\",\"@graph\":[{\"@type\":\"WebPage\",\"@id\":\"https:\/\/tiandeproducts.co.uk\/lt\/stilingos-sukos-in-top1vnt\/\",\"url\":\"https:\/\/tiandeproducts.co.uk\/lt\/stilingos-sukos-in-top1vnt\/\",\"name\":\"Stilingos \u0161ukos In Top,1vnt - TianDe Online Shop - Beauty &amp; Health\",\"isPartOf\":{\"@id\":\"https:\/\/tiandeproducts.co.uk\/#website\"},\"primaryImageOfPage\":{\"@id\":\"https:\/\/tiandeproducts.co.uk\/lt\/stilingos-sukos-in-top1vnt\/#primaryimage\"},\"image\":{\"@id\":\"https:\/\/tiandeproducts.co.uk\/lt\/stilingos-sukos-in-top1vnt\/#primaryimage\"},\"thumbnailUrl\":\"https:\/\/tiandeproducts.co.uk\/wp-content\/uploads\/90159_02_.png\",\"datePublished\":\"2017-11-25T13:11:19+00:00\",\"dateModified\":\"2021-02-12T12:34:36+00:00\",\"breadcrumb\":{\"@id\":\"https:\/\/tiandeproducts.co.uk\/lt\/stilingos-sukos-in-top1vnt\/#breadcrumb\"},\"inLanguage\":\"lt-LT\",\"potentialAction\":[{\"@type\":\"ReadAction\",\"target\":[\"https:\/\/tiandeproducts.co.uk\/lt\/stilingos-sukos-in-top1vnt\/\"]}]},{\"@type\":\"ImageObject\",\"inLanguage\":\"lt-LT\",\"@id\":\"https:\/\/tiandeproducts.co.uk\/lt\/stilingos-sukos-in-top1vnt\/#primaryimage\",\"url\":\"https:\/\/tiandeproducts.co.uk\/wp-content\/uploads\/90159_02_.png\",\"contentUrl\":\"https:\/\/tiandeproducts.co.uk\/wp-content\/uploads\/90159_02_.png\",\"width\":700,\"height\":700},{\"@type\":\"BreadcrumbList\",\"@id\":\"https:\/\/tiandeproducts.co.uk\/lt\/stilingos-sukos-in-top1vnt\/#breadcrumb\",\"itemListElement\":[{\"@type\":\"ListItem\",\"position\":1,\"name\":\"Home\",\"item\":\"https:\/\/tiandeproducts.co.uk\/lt\/\"},{\"@type\":\"ListItem\",\"position\":2,\"name\":\"Shop\",\"item\":\"https:\/\/tiandeproducts.co.uk\/lt\/shop-2\/\"},{\"@type\":\"ListItem\",\"position\":3,\"name\":\"Stilingos \u0161ukos In Top,1vnt\"}]},{\"@type\":\"WebSite\",\"@id\":\"https:\/\/tiandeproducts.co.uk\/#website\",\"url\":\"https:\/\/tiandeproducts.co.uk\/\",\"name\":\"TianDe Online Shop - Beauty & Health\",\"description\":\"Traditional Chinese Medicine\",\"potentialAction\":[{\"@type\":\"SearchAction\",\"target\":{\"@type\":\"EntryPoint\",\"urlTemplate\":\"https:\/\/tiandeproducts.co.uk\/?s={search_term_string}\"},\"query-input\":{\"@type\":\"PropertyValueSpecification\",\"valueRequired\":true,\"valueName\":\"search_term_string\"}}],\"inLanguage\":\"lt-LT\"}]}<\/script>\n<!-- \/ Yoast SEO plugin. -->","yoast_head_json":{"title":"Stilingos \u0161ukos In Top,1vnt - TianDe Online Shop - Beauty &amp; Health","robots":{"index":"index","follow":"follow","max-snippet":"max-snippet:-1","max-image-preview":"max-image-preview:large","max-video-preview":"max-video-preview:-1"},"canonical":"https:\/\/tiandeproducts.co.uk\/lt\/stilingos-sukos-in-top1vnt\/","og_locale":"lt_LT","og_type":"article","og_title":"Stilingos \u0161ukos In Top,1vnt - TianDe Online Shop - Beauty &amp; Health","og_description":"\u00a0Earn 20 points worth \u00a31.00 when buying this product TianDe \u0161ukos idealiai \u0161ukuojan\u010dios plaukus, tuo pa\u010diu metu masa\u017euoja ir galvos od\u0105, taip pat atrodo kaip stilingas aksesuaras, galintis papuo\u0161ti labiausiai reikliausi\u0173 paneli\u0173 tualetin\u012f staliuk\u0105. Kompakti\u0161kas dydis ir patogus dangtelis, leid\u017eia j\u0105 ne\u0161iotis rankin\u0117je.\u00a0Malonu j\u0105 paimti, patogu j\u0105 naudoti.","og_url":"https:\/\/tiandeproducts.co.uk\/lt\/stilingos-sukos-in-top1vnt\/","og_site_name":"TianDe Online Shop - Beauty &amp; Health","article_publisher":"https:\/\/www.facebook.com\/tiande.products.england\/","article_modified_time":"2021-02-12T12:34:36+00:00","og_image":[{"width":700,"height":700,"url":"https:\/\/tiandeproducts.co.uk\/wp-content\/uploads\/90159_02_.png","type":"image\/png"}],"twitter_card":"summary_large_image","schema":{"@context":"https:\/\/schema.org","@graph":[{"@type":"WebPage","@id":"https:\/\/tiandeproducts.co.uk\/lt\/stilingos-sukos-in-top1vnt\/","url":"https:\/\/tiandeproducts.co.uk\/lt\/stilingos-sukos-in-top1vnt\/","name":"Stilingos \u0161ukos In Top,1vnt - TianDe Online Shop - Beauty &amp; Health","isPartOf":{"@id":"https:\/\/tiandeproducts.co.uk\/#website"},"primaryImageOfPage":{"@id":"https:\/\/tiandeproducts.co.uk\/lt\/stilingos-sukos-in-top1vnt\/#primaryimage"},"image":{"@id":"https:\/\/tiandeproducts.co.uk\/lt\/stilingos-sukos-in-top1vnt\/#primaryimage"},"thumbnailUrl":"https:\/\/tiandeproducts.co.uk\/wp-content\/uploads\/90159_02_.png","datePublished":"2017-11-25T13:11:19+00:00","dateModified":"2021-02-12T12:34:36+00:00","breadcrumb":{"@id":"https:\/\/tiandeproducts.co.uk\/lt\/stilingos-sukos-in-top1vnt\/#breadcrumb"},"inLanguage":"lt-LT","potentialAction":[{"@type":"ReadAction","target":["https:\/\/tiandeproducts.co.uk\/lt\/stilingos-sukos-in-top1vnt\/"]}]},{"@type":"ImageObject","inLanguage":"lt-LT","@id":"https:\/\/tiandeproducts.co.uk\/lt\/stilingos-sukos-in-top1vnt\/#primaryimage","url":"https:\/\/tiandeproducts.co.uk\/wp-content\/uploads\/90159_02_.png","contentUrl":"https:\/\/tiandeproducts.co.uk\/wp-content\/uploads\/90159_02_.png","width":700,"height":700},{"@type":"BreadcrumbList","@id":"https:\/\/tiandeproducts.co.uk\/lt\/stilingos-sukos-in-top1vnt\/#breadcrumb","itemListElement":[{"@type":"ListItem","position":1,"name":"Home","item":"https:\/\/tiandeproducts.co.uk\/lt\/"},{"@type":"ListItem","position":2,"name":"Shop","item":"https:\/\/tiandeproducts.co.uk\/lt\/shop-2\/"},{"@type":"ListItem","position":3,"name":"Stilingos \u0161ukos In Top,1vnt"}]},{"@type":"WebSite","@id":"https:\/\/tiandeproducts.co.uk\/#website","url":"https:\/\/tiandeproducts.co.uk\/","name":"TianDe Online Shop - Beauty & Health","description":"Traditional Chinese Medicine","potentialAction":[{"@type":"SearchAction","target":{"@type":"EntryPoint","urlTemplate":"https:\/\/tiandeproducts.co.uk\/?s={search_term_string}"},"query-input":{"@type":"PropertyValueSpecification","valueRequired":true,"valueName":"search_term_string"}}],"inLanguage":"lt-LT"}]}},"_links":{"self":[{"href":"https:\/\/tiandeproducts.co.uk\/lt\/wp-json\/wp\/v2\/product\/4073","targetHints":{"allow":["GET"]}}],"collection":[{"href":"https:\/\/tiandeproducts.co.uk\/lt\/wp-json\/wp\/v2\/product"}],"about":[{"href":"https:\/\/tiandeproducts.co.uk\/lt\/wp-json\/wp\/v2\/types\/product"}],"replies":[{"embeddable":true,"href":"https:\/\/tiandeproducts.co.uk\/lt\/wp-json\/wp\/v2\/comments?post=4073"}],"wp:featuredmedia":[{"embeddable":true,"href":"https:\/\/tiandeproducts.co.uk\/lt\/wp-json\/wp\/v2\/media\/3551"}],"wp:attachment":[{"href":"https:\/\/tiandeproducts.co.uk\/lt\/wp-json\/wp\/v2\/media?parent=4073"}],"wp:term":[{"taxonomy":"product_cat","embeddable":true,"href":"https:\/\/tiandeproducts.co.uk\/lt\/wp-json\/wp\/v2\/product_cat?post=4073"},{"taxonomy":"product_tag","embeddable":true,"href":"https:\/\/tiandeproducts.co.uk\/lt\/wp-json\/wp\/v2\/product_tag?post=4073"}],"curies":[{"name":"wp","href":"https:\/\/api.w.org\/{rel}","templated":true}]}}