{"id":4070,"date":"2018-05-30T11:21:20","date_gmt":"2018-05-30T10:21:20","guid":{"rendered":"https:\/\/tnd.ontesting.co.uk\/pleistras-kunui-yaoshen-forte-slapimo-ir-lytinei-sistemai-2vnt\/"},"modified":"2021-02-12T12:06:39","modified_gmt":"2021-02-12T12:06:39","slug":"pleistras-kunui-yaoshen-forte-slapimo-ir-lytinei-sistemai-2vnt","status":"publish","type":"product","link":"https:\/\/tiandeproducts.co.uk\/lt\/pleistras-kunui-yaoshen-forte-slapimo-ir-lytinei-sistemai-2vnt\/","title":{"rendered":"Pleistras k\u016bnui &#8222;Yaoshen Forte&#8221; &#8211; \u0161lapimo ir lytinei sistemai, 2vnt"},"content":{"rendered":"<div class=\"product-blocks-top product-blocks-233 grid-rows\">\n<div class=\"grid-row grid-row-233-1\">\n<div class=\"grid-cols\">\n<div class=\"grid-col grid-col-233-1-1\">\n<div class=\"grid-items\">\n<div class=\"grid-item grid-item-233-1-1-1\">\n<div class=\"module module-blocks module-blocks-48 blocks-tabs\">\n<div class=\"module-body\">\n<div class=\"tabs-container\">\n<div class=\"tab-content\">\n<div id=\"blocks-5d3064f5e07e5-tab-1\" class=\"module-item module-item-1 tab-pane active\">\n<div class=\"block-body expand-block\">\n<div class=\"block-wrapper\">\n<div><img decoding=\"async\" style=\"max-width: 16px; margin-right: 5px;\" src=\"https:\/\/tiandeproducts.co.uk\/wp-content\/uploads\/points-green.svg\" \/>\u00a0Earn 6 points worth \u00a30.30 when buying this product<\/div>\n<div><\/div>\n<div class=\"block-content expand-content block-description block-expanded\">Sud\u0117tyje yra rinkinys \u017eoli\u0173 ekstrakt\u0173, pasi\u017eymin\u010di\u0173 prie\u0161u\u017edegiminiu, spazmolitiniu, skausm\u0105 ma\u017einan\u010diu, imuniteto stiprinimo poveikiu. Beje, kai kuri\u0173 augal\u0173 ekstraktai stiprina lytin\u0119 funkcij\u0105, stiprina lytin\u012f potrauk\u012f. Rekomenduojama naudoti esant u\u017edegiminiams \u0161lapimo sistemos susirgimams. Vyrams \u2013 esant da\u017enam naktiniam \u0161lapinimuisi ir enurezei, impotencijai, ankstyvam s\u0117klos i\u0161siver\u017eimui ir prostatito profilaktikai.<\/div>\n<div class=\"block-content expand-content block-description block-expanded\">Klijuojamas ant pusiaujo inkst\u0173 srityje ir vyrams per keturis pir\u0161tus \u017eemiau bambos.<\/div>\n<\/div>\n<\/div>\n<\/div>\n<\/div>\n<\/div>\n<\/div>\n<\/div>\n<\/div>\n<\/div>\n<\/div>\n<div class=\"grid-col grid-col-233-1-2\">\n<div class=\"grid-items\">\n<div class=\"grid-item grid-item-233-1-2-1\">\n<div class=\"module module-grid module-grid-269 grid-rows\">\n<div class=\"grid-row grid-row-1\">\n<div class=\"grid-cols\">\n<div class=\"grid-col grid-col-1\">\n<div class=\"grid-items\">\n<div class=\"grid-item grid-item-1\">\n<div class=\"module module-button module-button-267\"><\/div>\n<\/div>\n<\/div>\n<\/div>\n<\/div>\n<\/div>\n<\/div>\n<\/div>\n<\/div>\n<\/div>\n<\/div>\n<\/div>\n<\/div>\n<div class=\"rating rating-page\">\n<div class=\"rating-stars\"><\/div>\n<\/div>\n","protected":false},"excerpt":{"rendered":"<p>\u00a0Earn 6 points worth \u00a30.30 when buying this product Sud\u0117tyje yra rinkinys \u017eoli\u0173 ekstrakt\u0173, pasi\u017eymin\u010di\u0173 prie\u0161u\u017edegiminiu, spazmolitiniu, skausm\u0105 ma\u017einan\u010diu, imuniteto stiprinimo poveikiu. Beje, kai kuri\u0173 augal\u0173 ekstraktai stiprina lytin\u0119 funkcij\u0105, stiprina lytin\u012f potrauk\u012f. Rekomenduojama naudoti esant u\u017edegiminiams \u0161lapimo sistemos susirgimams. Vyrams \u2013 esant da\u017enam naktiniam \u0161lapinimuisi ir enurezei, impotencijai, ankstyvam s\u0117klos i\u0161siver\u017eimui ir prostatito profilaktikai. [&#8230;]\n","protected":false},"featured_media":1906,"comment_status":"closed","ping_status":"closed","template":"","meta":[],"product_cat":[729,718],"product_tag":[],"class_list":{"0":"post-4070","1":"product","2":"type-product","3":"status-publish","4":"has-post-thumbnail","6":"product_cat-kuno-pleistrai","7":"product_cat-sveikata-lt","9":"first","10":"instock","11":"shipping-taxable","12":"purchasable","13":"product-type-simple"},"yoast_head":"<!-- This site is optimized with the Yoast SEO plugin v23.6 - https:\/\/yoast.com\/wordpress\/plugins\/seo\/ -->\n<title>Pleistras k\u016bnui &quot;Yaoshen Forte&quot; - \u0161lapimo ir lytinei sistemai, 2vnt - TianDe Online Shop - Beauty &amp; Health<\/title>\n<meta name=\"robots\" content=\"index, follow, max-snippet:-1, max-image-preview:large, max-video-preview:-1\" \/>\n<link rel=\"canonical\" href=\"https:\/\/tiandeproducts.co.uk\/lt\/pleistras-kunui-yaoshen-forte-slapimo-ir-lytinei-sistemai-2vnt\/\" \/>\n<meta property=\"og:locale\" content=\"lt_LT\" \/>\n<meta property=\"og:type\" content=\"article\" \/>\n<meta property=\"og:title\" content=\"Pleistras k\u016bnui &quot;Yaoshen Forte&quot; - \u0161lapimo ir lytinei sistemai, 2vnt - TianDe Online Shop - Beauty &amp; Health\" \/>\n<meta property=\"og:description\" content=\"\u00a0Earn 6 points worth \u00a30.30 when buying this product Sud\u0117tyje yra rinkinys \u017eoli\u0173 ekstrakt\u0173, pasi\u017eymin\u010di\u0173 prie\u0161u\u017edegiminiu, spazmolitiniu, skausm\u0105 ma\u017einan\u010diu, imuniteto stiprinimo poveikiu. Beje, kai kuri\u0173 augal\u0173 ekstraktai stiprina lytin\u0119 funkcij\u0105, stiprina lytin\u012f potrauk\u012f. Rekomenduojama naudoti esant u\u017edegiminiams \u0161lapimo sistemos susirgimams. Vyrams \u2013 esant da\u017enam naktiniam \u0161lapinimuisi ir enurezei, impotencijai, ankstyvam s\u0117klos i\u0161siver\u017eimui ir prostatito profilaktikai. [...]\" \/>\n<meta property=\"og:url\" content=\"https:\/\/tiandeproducts.co.uk\/lt\/pleistras-kunui-yaoshen-forte-slapimo-ir-lytinei-sistemai-2vnt\/\" \/>\n<meta property=\"og:site_name\" content=\"TianDe Online Shop - Beauty &amp; Health\" \/>\n<meta property=\"article:publisher\" content=\"https:\/\/www.facebook.com\/tiande.products.england\/\" \/>\n<meta property=\"article:modified_time\" content=\"2021-02-12T12:06:39+00:00\" \/>\n<meta property=\"og:image\" content=\"https:\/\/tiandeproducts.co.uk\/wp-content\/uploads\/2018\/05\/30111.jpg\" \/>\n\t<meta property=\"og:image:width\" content=\"800\" \/>\n\t<meta property=\"og:image:height\" content=\"800\" \/>\n\t<meta property=\"og:image:type\" content=\"image\/jpeg\" \/>\n<meta name=\"twitter:card\" content=\"summary_large_image\" \/>\n<script type=\"application\/ld+json\" class=\"yoast-schema-graph\">{\"@context\":\"https:\/\/schema.org\",\"@graph\":[{\"@type\":\"WebPage\",\"@id\":\"https:\/\/tiandeproducts.co.uk\/lt\/pleistras-kunui-yaoshen-forte-slapimo-ir-lytinei-sistemai-2vnt\/\",\"url\":\"https:\/\/tiandeproducts.co.uk\/lt\/pleistras-kunui-yaoshen-forte-slapimo-ir-lytinei-sistemai-2vnt\/\",\"name\":\"Pleistras k\u016bnui \\\"Yaoshen Forte\\\" - \u0161lapimo ir lytinei sistemai, 2vnt - TianDe Online Shop - Beauty &amp; Health\",\"isPartOf\":{\"@id\":\"https:\/\/tiandeproducts.co.uk\/#website\"},\"primaryImageOfPage\":{\"@id\":\"https:\/\/tiandeproducts.co.uk\/lt\/pleistras-kunui-yaoshen-forte-slapimo-ir-lytinei-sistemai-2vnt\/#primaryimage\"},\"image\":{\"@id\":\"https:\/\/tiandeproducts.co.uk\/lt\/pleistras-kunui-yaoshen-forte-slapimo-ir-lytinei-sistemai-2vnt\/#primaryimage\"},\"thumbnailUrl\":\"https:\/\/tiandeproducts.co.uk\/wp-content\/uploads\/2018\/05\/30111.jpg\",\"datePublished\":\"2018-05-30T10:21:20+00:00\",\"dateModified\":\"2021-02-12T12:06:39+00:00\",\"breadcrumb\":{\"@id\":\"https:\/\/tiandeproducts.co.uk\/lt\/pleistras-kunui-yaoshen-forte-slapimo-ir-lytinei-sistemai-2vnt\/#breadcrumb\"},\"inLanguage\":\"lt-LT\",\"potentialAction\":[{\"@type\":\"ReadAction\",\"target\":[\"https:\/\/tiandeproducts.co.uk\/lt\/pleistras-kunui-yaoshen-forte-slapimo-ir-lytinei-sistemai-2vnt\/\"]}]},{\"@type\":\"ImageObject\",\"inLanguage\":\"lt-LT\",\"@id\":\"https:\/\/tiandeproducts.co.uk\/lt\/pleistras-kunui-yaoshen-forte-slapimo-ir-lytinei-sistemai-2vnt\/#primaryimage\",\"url\":\"https:\/\/tiandeproducts.co.uk\/wp-content\/uploads\/2018\/05\/30111.jpg\",\"contentUrl\":\"https:\/\/tiandeproducts.co.uk\/wp-content\/uploads\/2018\/05\/30111.jpg\",\"width\":800,\"height\":800,\"caption\":\"Yaoshen Forte Cosmetic Body Phyto Patch,2pcs-0\"},{\"@type\":\"BreadcrumbList\",\"@id\":\"https:\/\/tiandeproducts.co.uk\/lt\/pleistras-kunui-yaoshen-forte-slapimo-ir-lytinei-sistemai-2vnt\/#breadcrumb\",\"itemListElement\":[{\"@type\":\"ListItem\",\"position\":1,\"name\":\"Home\",\"item\":\"https:\/\/tiandeproducts.co.uk\/lt\/\"},{\"@type\":\"ListItem\",\"position\":2,\"name\":\"Shop\",\"item\":\"https:\/\/tiandeproducts.co.uk\/lt\/shop-2\/\"},{\"@type\":\"ListItem\",\"position\":3,\"name\":\"Pleistras k\u016bnui &#8220;Yaoshen Forte&#8221; &#8211; \u0161lapimo ir lytinei sistemai, 2vnt\"}]},{\"@type\":\"WebSite\",\"@id\":\"https:\/\/tiandeproducts.co.uk\/#website\",\"url\":\"https:\/\/tiandeproducts.co.uk\/\",\"name\":\"TianDe Online Shop - Beauty & Health\",\"description\":\"Traditional Chinese Medicine\",\"potentialAction\":[{\"@type\":\"SearchAction\",\"target\":{\"@type\":\"EntryPoint\",\"urlTemplate\":\"https:\/\/tiandeproducts.co.uk\/?s={search_term_string}\"},\"query-input\":{\"@type\":\"PropertyValueSpecification\",\"valueRequired\":true,\"valueName\":\"search_term_string\"}}],\"inLanguage\":\"lt-LT\"}]}<\/script>\n<!-- \/ Yoast SEO plugin. -->","yoast_head_json":{"title":"Pleistras k\u016bnui \"Yaoshen Forte\" - \u0161lapimo ir lytinei sistemai, 2vnt - TianDe Online Shop - Beauty &amp; Health","robots":{"index":"index","follow":"follow","max-snippet":"max-snippet:-1","max-image-preview":"max-image-preview:large","max-video-preview":"max-video-preview:-1"},"canonical":"https:\/\/tiandeproducts.co.uk\/lt\/pleistras-kunui-yaoshen-forte-slapimo-ir-lytinei-sistemai-2vnt\/","og_locale":"lt_LT","og_type":"article","og_title":"Pleistras k\u016bnui \"Yaoshen Forte\" - \u0161lapimo ir lytinei sistemai, 2vnt - TianDe Online Shop - Beauty &amp; Health","og_description":"\u00a0Earn 6 points worth \u00a30.30 when buying this product Sud\u0117tyje yra rinkinys \u017eoli\u0173 ekstrakt\u0173, pasi\u017eymin\u010di\u0173 prie\u0161u\u017edegiminiu, spazmolitiniu, skausm\u0105 ma\u017einan\u010diu, imuniteto stiprinimo poveikiu. Beje, kai kuri\u0173 augal\u0173 ekstraktai stiprina lytin\u0119 funkcij\u0105, stiprina lytin\u012f potrauk\u012f. Rekomenduojama naudoti esant u\u017edegiminiams \u0161lapimo sistemos susirgimams. Vyrams \u2013 esant da\u017enam naktiniam \u0161lapinimuisi ir enurezei, impotencijai, ankstyvam s\u0117klos i\u0161siver\u017eimui ir prostatito profilaktikai. [...]","og_url":"https:\/\/tiandeproducts.co.uk\/lt\/pleistras-kunui-yaoshen-forte-slapimo-ir-lytinei-sistemai-2vnt\/","og_site_name":"TianDe Online Shop - Beauty &amp; Health","article_publisher":"https:\/\/www.facebook.com\/tiande.products.england\/","article_modified_time":"2021-02-12T12:06:39+00:00","og_image":[{"width":800,"height":800,"url":"https:\/\/tiandeproducts.co.uk\/wp-content\/uploads\/2018\/05\/30111.jpg","type":"image\/jpeg"}],"twitter_card":"summary_large_image","schema":{"@context":"https:\/\/schema.org","@graph":[{"@type":"WebPage","@id":"https:\/\/tiandeproducts.co.uk\/lt\/pleistras-kunui-yaoshen-forte-slapimo-ir-lytinei-sistemai-2vnt\/","url":"https:\/\/tiandeproducts.co.uk\/lt\/pleistras-kunui-yaoshen-forte-slapimo-ir-lytinei-sistemai-2vnt\/","name":"Pleistras k\u016bnui \"Yaoshen Forte\" - \u0161lapimo ir lytinei sistemai, 2vnt - TianDe Online Shop - Beauty &amp; Health","isPartOf":{"@id":"https:\/\/tiandeproducts.co.uk\/#website"},"primaryImageOfPage":{"@id":"https:\/\/tiandeproducts.co.uk\/lt\/pleistras-kunui-yaoshen-forte-slapimo-ir-lytinei-sistemai-2vnt\/#primaryimage"},"image":{"@id":"https:\/\/tiandeproducts.co.uk\/lt\/pleistras-kunui-yaoshen-forte-slapimo-ir-lytinei-sistemai-2vnt\/#primaryimage"},"thumbnailUrl":"https:\/\/tiandeproducts.co.uk\/wp-content\/uploads\/2018\/05\/30111.jpg","datePublished":"2018-05-30T10:21:20+00:00","dateModified":"2021-02-12T12:06:39+00:00","breadcrumb":{"@id":"https:\/\/tiandeproducts.co.uk\/lt\/pleistras-kunui-yaoshen-forte-slapimo-ir-lytinei-sistemai-2vnt\/#breadcrumb"},"inLanguage":"lt-LT","potentialAction":[{"@type":"ReadAction","target":["https:\/\/tiandeproducts.co.uk\/lt\/pleistras-kunui-yaoshen-forte-slapimo-ir-lytinei-sistemai-2vnt\/"]}]},{"@type":"ImageObject","inLanguage":"lt-LT","@id":"https:\/\/tiandeproducts.co.uk\/lt\/pleistras-kunui-yaoshen-forte-slapimo-ir-lytinei-sistemai-2vnt\/#primaryimage","url":"https:\/\/tiandeproducts.co.uk\/wp-content\/uploads\/2018\/05\/30111.jpg","contentUrl":"https:\/\/tiandeproducts.co.uk\/wp-content\/uploads\/2018\/05\/30111.jpg","width":800,"height":800,"caption":"Yaoshen Forte Cosmetic Body Phyto Patch,2pcs-0"},{"@type":"BreadcrumbList","@id":"https:\/\/tiandeproducts.co.uk\/lt\/pleistras-kunui-yaoshen-forte-slapimo-ir-lytinei-sistemai-2vnt\/#breadcrumb","itemListElement":[{"@type":"ListItem","position":1,"name":"Home","item":"https:\/\/tiandeproducts.co.uk\/lt\/"},{"@type":"ListItem","position":2,"name":"Shop","item":"https:\/\/tiandeproducts.co.uk\/lt\/shop-2\/"},{"@type":"ListItem","position":3,"name":"Pleistras k\u016bnui &#8220;Yaoshen Forte&#8221; &#8211; \u0161lapimo ir lytinei sistemai, 2vnt"}]},{"@type":"WebSite","@id":"https:\/\/tiandeproducts.co.uk\/#website","url":"https:\/\/tiandeproducts.co.uk\/","name":"TianDe Online Shop - Beauty & Health","description":"Traditional Chinese Medicine","potentialAction":[{"@type":"SearchAction","target":{"@type":"EntryPoint","urlTemplate":"https:\/\/tiandeproducts.co.uk\/?s={search_term_string}"},"query-input":{"@type":"PropertyValueSpecification","valueRequired":true,"valueName":"search_term_string"}}],"inLanguage":"lt-LT"}]}},"_links":{"self":[{"href":"https:\/\/tiandeproducts.co.uk\/lt\/wp-json\/wp\/v2\/product\/4070","targetHints":{"allow":["GET"]}}],"collection":[{"href":"https:\/\/tiandeproducts.co.uk\/lt\/wp-json\/wp\/v2\/product"}],"about":[{"href":"https:\/\/tiandeproducts.co.uk\/lt\/wp-json\/wp\/v2\/types\/product"}],"replies":[{"embeddable":true,"href":"https:\/\/tiandeproducts.co.uk\/lt\/wp-json\/wp\/v2\/comments?post=4070"}],"wp:featuredmedia":[{"embeddable":true,"href":"https:\/\/tiandeproducts.co.uk\/lt\/wp-json\/wp\/v2\/media\/1906"}],"wp:attachment":[{"href":"https:\/\/tiandeproducts.co.uk\/lt\/wp-json\/wp\/v2\/media?parent=4070"}],"wp:term":[{"taxonomy":"product_cat","embeddable":true,"href":"https:\/\/tiandeproducts.co.uk\/lt\/wp-json\/wp\/v2\/product_cat?post=4070"},{"taxonomy":"product_tag","embeddable":true,"href":"https:\/\/tiandeproducts.co.uk\/lt\/wp-json\/wp\/v2\/product_tag?post=4070"}],"curies":[{"name":"wp","href":"https:\/\/api.w.org\/{rel}","templated":true}]}}