{"id":4069,"date":"2018-05-30T11:32:07","date_gmt":"2018-05-30T10:32:07","guid":{"rendered":"https:\/\/tnd.ontesting.co.uk\/fito-pleistras-zhui-feng-forte-4vnt\/"},"modified":"2021-02-12T12:04:46","modified_gmt":"2021-02-12T12:04:46","slug":"fito-pleistras-zhui-feng-forte-4vnt","status":"publish","type":"product","link":"https:\/\/tiandeproducts.co.uk\/lt\/fito-pleistras-zhui-feng-forte-4vnt\/","title":{"rendered":"Fito pleistras &#8222;Zhui Feng Forte&#8221; 4vnt."},"content":{"rendered":"<p><img decoding=\"async\" style=\"max-width: 16px; margin-right: 5px;\" src=\"https:\/\/tiandeproducts.co.uk\/wp-content\/uploads\/points-green.svg\" \/>\u00a0Earn 3 points worth \u00a30.15 when buying this product<\/p>\n<p>\u0160io pleistro aktyvi formul\u0117 turi stiprinam\u0105j\u012f efekt\u0105. Tinka sportininkams, fizi\u0161kai aktyviems \u017emon\u0117ms, po traum\u0173, raumen\u0173 skausmui ma\u017einti. Nat\u016brali sud\u0117tis padeda palengvinti \u012ftamp\u0105 ir diskomfort\u0105 raumenyse, palengvina jud\u0117jim\u0105, stimuliuoja aktyvum\u0105.<\/p>\n<p><strong>Naudojimas:<\/strong> Klijuoti ant sausos, \u0161varios odos akupunkt\u016briniuose ta\u0161kuose. Laikyti ne ilgiau kaip 12 val. Po 3-8 val. proced\u016br\u0105 galima pakartoti. Rekomenduojamas kursas 7-10 dien\u0173.<\/p>\n","protected":false},"excerpt":{"rendered":"<p>\u00a0Earn 3 points worth \u00a30.15 when buying this product \u0160io pleistro aktyvi formul\u0117 turi stiprinam\u0105j\u012f efekt\u0105. Tinka sportininkams, fizi\u0161kai aktyviems \u017emon\u0117ms, po traum\u0173, raumen\u0173 skausmui ma\u017einti. Nat\u016brali sud\u0117tis padeda palengvinti \u012ftamp\u0105 ir diskomfort\u0105 raumenyse, palengvina jud\u0117jim\u0105, stimuliuoja aktyvum\u0105. Naudojimas: Klijuoti ant sausos, \u0161varios odos akupunkt\u016briniuose ta\u0161kuose. Laikyti ne ilgiau kaip 12 val. Po 3-8 val. [&#8230;]\n","protected":false},"featured_media":1911,"comment_status":"closed","ping_status":"closed","template":"","meta":[],"product_cat":[729,718],"product_tag":[],"class_list":{"0":"post-4069","1":"product","2":"type-product","3":"status-publish","4":"has-post-thumbnail","6":"product_cat-kuno-pleistrai","7":"product_cat-sveikata-lt","9":"first","10":"instock","11":"shipping-taxable","12":"purchasable","13":"product-type-simple"},"yoast_head":"<!-- This site is optimized with the Yoast SEO plugin v23.6 - https:\/\/yoast.com\/wordpress\/plugins\/seo\/ -->\n<title>Fito pleistras &quot;Zhui Feng Forte&quot; 4vnt. - TianDe Online Shop - Beauty &amp; Health<\/title>\n<meta name=\"robots\" content=\"index, follow, max-snippet:-1, max-image-preview:large, max-video-preview:-1\" \/>\n<link rel=\"canonical\" href=\"https:\/\/tiandeproducts.co.uk\/lt\/fito-pleistras-zhui-feng-forte-4vnt\/\" \/>\n<meta property=\"og:locale\" content=\"lt_LT\" \/>\n<meta property=\"og:type\" content=\"article\" \/>\n<meta property=\"og:title\" content=\"Fito pleistras &quot;Zhui Feng Forte&quot; 4vnt. - TianDe Online Shop - Beauty &amp; Health\" \/>\n<meta property=\"og:description\" content=\"\u00a0Earn 3 points worth \u00a30.15 when buying this product \u0160io pleistro aktyvi formul\u0117 turi stiprinam\u0105j\u012f efekt\u0105. Tinka sportininkams, fizi\u0161kai aktyviems \u017emon\u0117ms, po traum\u0173, raumen\u0173 skausmui ma\u017einti. Nat\u016brali sud\u0117tis padeda palengvinti \u012ftamp\u0105 ir diskomfort\u0105 raumenyse, palengvina jud\u0117jim\u0105, stimuliuoja aktyvum\u0105. Naudojimas: Klijuoti ant sausos, \u0161varios odos akupunkt\u016briniuose ta\u0161kuose. Laikyti ne ilgiau kaip 12 val. Po 3-8 val. [...]\" \/>\n<meta property=\"og:url\" content=\"https:\/\/tiandeproducts.co.uk\/lt\/fito-pleistras-zhui-feng-forte-4vnt\/\" \/>\n<meta property=\"og:site_name\" content=\"TianDe Online Shop - Beauty &amp; Health\" \/>\n<meta property=\"article:publisher\" content=\"https:\/\/www.facebook.com\/tiande.products.england\/\" \/>\n<meta property=\"article:modified_time\" content=\"2021-02-12T12:04:46+00:00\" \/>\n<meta property=\"og:image\" content=\"https:\/\/tiandeproducts.co.uk\/wp-content\/uploads\/2018\/05\/30106.jpg\" \/>\n\t<meta property=\"og:image:width\" content=\"800\" \/>\n\t<meta property=\"og:image:height\" content=\"800\" \/>\n\t<meta property=\"og:image:type\" content=\"image\/jpeg\" \/>\n<meta name=\"twitter:card\" content=\"summary_large_image\" \/>\n<script type=\"application\/ld+json\" class=\"yoast-schema-graph\">{\"@context\":\"https:\/\/schema.org\",\"@graph\":[{\"@type\":\"WebPage\",\"@id\":\"https:\/\/tiandeproducts.co.uk\/lt\/fito-pleistras-zhui-feng-forte-4vnt\/\",\"url\":\"https:\/\/tiandeproducts.co.uk\/lt\/fito-pleistras-zhui-feng-forte-4vnt\/\",\"name\":\"Fito pleistras \\\"Zhui Feng Forte\\\" 4vnt. - TianDe Online Shop - Beauty &amp; Health\",\"isPartOf\":{\"@id\":\"https:\/\/tiandeproducts.co.uk\/#website\"},\"primaryImageOfPage\":{\"@id\":\"https:\/\/tiandeproducts.co.uk\/lt\/fito-pleistras-zhui-feng-forte-4vnt\/#primaryimage\"},\"image\":{\"@id\":\"https:\/\/tiandeproducts.co.uk\/lt\/fito-pleistras-zhui-feng-forte-4vnt\/#primaryimage\"},\"thumbnailUrl\":\"https:\/\/tiandeproducts.co.uk\/wp-content\/uploads\/2018\/05\/30106.jpg\",\"datePublished\":\"2018-05-30T10:32:07+00:00\",\"dateModified\":\"2021-02-12T12:04:46+00:00\",\"breadcrumb\":{\"@id\":\"https:\/\/tiandeproducts.co.uk\/lt\/fito-pleistras-zhui-feng-forte-4vnt\/#breadcrumb\"},\"inLanguage\":\"lt-LT\",\"potentialAction\":[{\"@type\":\"ReadAction\",\"target\":[\"https:\/\/tiandeproducts.co.uk\/lt\/fito-pleistras-zhui-feng-forte-4vnt\/\"]}]},{\"@type\":\"ImageObject\",\"inLanguage\":\"lt-LT\",\"@id\":\"https:\/\/tiandeproducts.co.uk\/lt\/fito-pleistras-zhui-feng-forte-4vnt\/#primaryimage\",\"url\":\"https:\/\/tiandeproducts.co.uk\/wp-content\/uploads\/2018\/05\/30106.jpg\",\"contentUrl\":\"https:\/\/tiandeproducts.co.uk\/wp-content\/uploads\/2018\/05\/30106.jpg\",\"width\":800,\"height\":800,\"caption\":\"Zhui Feng Forte Cosmetic Body Phyto Patch,4pcs-0\"},{\"@type\":\"BreadcrumbList\",\"@id\":\"https:\/\/tiandeproducts.co.uk\/lt\/fito-pleistras-zhui-feng-forte-4vnt\/#breadcrumb\",\"itemListElement\":[{\"@type\":\"ListItem\",\"position\":1,\"name\":\"Home\",\"item\":\"https:\/\/tiandeproducts.co.uk\/lt\/\"},{\"@type\":\"ListItem\",\"position\":2,\"name\":\"Shop\",\"item\":\"https:\/\/tiandeproducts.co.uk\/lt\/shop-2\/\"},{\"@type\":\"ListItem\",\"position\":3,\"name\":\"Fito pleistras &#8220;Zhui Feng Forte&#8221; 4vnt.\"}]},{\"@type\":\"WebSite\",\"@id\":\"https:\/\/tiandeproducts.co.uk\/#website\",\"url\":\"https:\/\/tiandeproducts.co.uk\/\",\"name\":\"TianDe Online Shop - Beauty & Health\",\"description\":\"Traditional Chinese Medicine\",\"potentialAction\":[{\"@type\":\"SearchAction\",\"target\":{\"@type\":\"EntryPoint\",\"urlTemplate\":\"https:\/\/tiandeproducts.co.uk\/?s={search_term_string}\"},\"query-input\":{\"@type\":\"PropertyValueSpecification\",\"valueRequired\":true,\"valueName\":\"search_term_string\"}}],\"inLanguage\":\"lt-LT\"}]}<\/script>\n<!-- \/ Yoast SEO plugin. -->","yoast_head_json":{"title":"Fito pleistras \"Zhui Feng Forte\" 4vnt. - TianDe Online Shop - Beauty &amp; Health","robots":{"index":"index","follow":"follow","max-snippet":"max-snippet:-1","max-image-preview":"max-image-preview:large","max-video-preview":"max-video-preview:-1"},"canonical":"https:\/\/tiandeproducts.co.uk\/lt\/fito-pleistras-zhui-feng-forte-4vnt\/","og_locale":"lt_LT","og_type":"article","og_title":"Fito pleistras \"Zhui Feng Forte\" 4vnt. - TianDe Online Shop - Beauty &amp; Health","og_description":"\u00a0Earn 3 points worth \u00a30.15 when buying this product \u0160io pleistro aktyvi formul\u0117 turi stiprinam\u0105j\u012f efekt\u0105. Tinka sportininkams, fizi\u0161kai aktyviems \u017emon\u0117ms, po traum\u0173, raumen\u0173 skausmui ma\u017einti. Nat\u016brali sud\u0117tis padeda palengvinti \u012ftamp\u0105 ir diskomfort\u0105 raumenyse, palengvina jud\u0117jim\u0105, stimuliuoja aktyvum\u0105. Naudojimas: Klijuoti ant sausos, \u0161varios odos akupunkt\u016briniuose ta\u0161kuose. Laikyti ne ilgiau kaip 12 val. Po 3-8 val. [...]","og_url":"https:\/\/tiandeproducts.co.uk\/lt\/fito-pleistras-zhui-feng-forte-4vnt\/","og_site_name":"TianDe Online Shop - Beauty &amp; Health","article_publisher":"https:\/\/www.facebook.com\/tiande.products.england\/","article_modified_time":"2021-02-12T12:04:46+00:00","og_image":[{"width":800,"height":800,"url":"https:\/\/tiandeproducts.co.uk\/wp-content\/uploads\/2018\/05\/30106.jpg","type":"image\/jpeg"}],"twitter_card":"summary_large_image","schema":{"@context":"https:\/\/schema.org","@graph":[{"@type":"WebPage","@id":"https:\/\/tiandeproducts.co.uk\/lt\/fito-pleistras-zhui-feng-forte-4vnt\/","url":"https:\/\/tiandeproducts.co.uk\/lt\/fito-pleistras-zhui-feng-forte-4vnt\/","name":"Fito pleistras \"Zhui Feng Forte\" 4vnt. - TianDe Online Shop - Beauty &amp; Health","isPartOf":{"@id":"https:\/\/tiandeproducts.co.uk\/#website"},"primaryImageOfPage":{"@id":"https:\/\/tiandeproducts.co.uk\/lt\/fito-pleistras-zhui-feng-forte-4vnt\/#primaryimage"},"image":{"@id":"https:\/\/tiandeproducts.co.uk\/lt\/fito-pleistras-zhui-feng-forte-4vnt\/#primaryimage"},"thumbnailUrl":"https:\/\/tiandeproducts.co.uk\/wp-content\/uploads\/2018\/05\/30106.jpg","datePublished":"2018-05-30T10:32:07+00:00","dateModified":"2021-02-12T12:04:46+00:00","breadcrumb":{"@id":"https:\/\/tiandeproducts.co.uk\/lt\/fito-pleistras-zhui-feng-forte-4vnt\/#breadcrumb"},"inLanguage":"lt-LT","potentialAction":[{"@type":"ReadAction","target":["https:\/\/tiandeproducts.co.uk\/lt\/fito-pleistras-zhui-feng-forte-4vnt\/"]}]},{"@type":"ImageObject","inLanguage":"lt-LT","@id":"https:\/\/tiandeproducts.co.uk\/lt\/fito-pleistras-zhui-feng-forte-4vnt\/#primaryimage","url":"https:\/\/tiandeproducts.co.uk\/wp-content\/uploads\/2018\/05\/30106.jpg","contentUrl":"https:\/\/tiandeproducts.co.uk\/wp-content\/uploads\/2018\/05\/30106.jpg","width":800,"height":800,"caption":"Zhui Feng Forte Cosmetic Body Phyto Patch,4pcs-0"},{"@type":"BreadcrumbList","@id":"https:\/\/tiandeproducts.co.uk\/lt\/fito-pleistras-zhui-feng-forte-4vnt\/#breadcrumb","itemListElement":[{"@type":"ListItem","position":1,"name":"Home","item":"https:\/\/tiandeproducts.co.uk\/lt\/"},{"@type":"ListItem","position":2,"name":"Shop","item":"https:\/\/tiandeproducts.co.uk\/lt\/shop-2\/"},{"@type":"ListItem","position":3,"name":"Fito pleistras &#8220;Zhui Feng Forte&#8221; 4vnt."}]},{"@type":"WebSite","@id":"https:\/\/tiandeproducts.co.uk\/#website","url":"https:\/\/tiandeproducts.co.uk\/","name":"TianDe Online Shop - Beauty & Health","description":"Traditional Chinese Medicine","potentialAction":[{"@type":"SearchAction","target":{"@type":"EntryPoint","urlTemplate":"https:\/\/tiandeproducts.co.uk\/?s={search_term_string}"},"query-input":{"@type":"PropertyValueSpecification","valueRequired":true,"valueName":"search_term_string"}}],"inLanguage":"lt-LT"}]}},"_links":{"self":[{"href":"https:\/\/tiandeproducts.co.uk\/lt\/wp-json\/wp\/v2\/product\/4069","targetHints":{"allow":["GET"]}}],"collection":[{"href":"https:\/\/tiandeproducts.co.uk\/lt\/wp-json\/wp\/v2\/product"}],"about":[{"href":"https:\/\/tiandeproducts.co.uk\/lt\/wp-json\/wp\/v2\/types\/product"}],"replies":[{"embeddable":true,"href":"https:\/\/tiandeproducts.co.uk\/lt\/wp-json\/wp\/v2\/comments?post=4069"}],"wp:featuredmedia":[{"embeddable":true,"href":"https:\/\/tiandeproducts.co.uk\/lt\/wp-json\/wp\/v2\/media\/1911"}],"wp:attachment":[{"href":"https:\/\/tiandeproducts.co.uk\/lt\/wp-json\/wp\/v2\/media?parent=4069"}],"wp:term":[{"taxonomy":"product_cat","embeddable":true,"href":"https:\/\/tiandeproducts.co.uk\/lt\/wp-json\/wp\/v2\/product_cat?post=4069"},{"taxonomy":"product_tag","embeddable":true,"href":"https:\/\/tiandeproducts.co.uk\/lt\/wp-json\/wp\/v2\/product_tag?post=4069"}],"curies":[{"name":"wp","href":"https:\/\/api.w.org\/{rel}","templated":true}]}}