{"id":4068,"date":"2018-05-30T10:55:34","date_gmt":"2018-05-30T09:55:34","guid":{"rendered":"https:\/\/tnd.ontesting.co.uk\/bambuko-vatos-lazdeles-100-vnt\/"},"modified":"2021-02-12T12:07:41","modified_gmt":"2021-02-12T12:07:41","slug":"bambuko-vatos-lazdeles-100-vnt","status":"publish","type":"product","link":"https:\/\/tiandeproducts.co.uk\/lt\/bambuko-vatos-lazdeles-100-vnt\/","title":{"rendered":"Bambuko vatos lazdel\u0117s 100 vnt."},"content":{"rendered":"<p><img decoding=\"async\" style=\"max-width: 16px; margin-right: 5px;\" src=\"https:\/\/tiandeproducts.co.uk\/wp-content\/uploads\/points-green.svg\" \/>\u00a0Earn 2 points worth \u00a30.10 when buying this product<\/p>\n<p>Kuo skiriasi &#8222;TianDe&#8221; vatos lazdel\u0117s nuo si\u016blom\u0173 rinkoje?<span class=\"text_exposed_show\">\u00a0Tiande kompanija suk\u016br\u0117 produkt\u0105, kuris atitinka visus ekologi\u0161kus kokyb\u0117s standartus! Medvilnin\u0117s lazdel\u0117s &#8211; pagaliukai yra 100% biologi\u0161kai skaid\u016bs, nes jie susideda tik i\u0161 nat\u016brali\u0173 med\u017eiag\u0173!<\/span><\/p>\n<p>Jokio plastiko &#8211; tik medviln\u0117 ir bambukas!<\/p>\n<p>Bambukas yra 100% biologi\u0161kai skaidomas ir gali b\u016bti deginamas be aplinkos ter\u0161imo. Be to, tai atsinaujinantys i\u0161tekliai. Bambukas auga labai greitai, reikia \u0161iek tiek vandens, jam nereikalingos tr\u0105\u0161os. Pasirinkdami bambuk\u0105, mes nepritariame dideliam medienos naudojimui ir mi\u0161k\u0173 naikinimui.<\/p>\n<p>Bambuko lazdel\u0117s yra b\u016btinas aksesuaras kosmetikin\u0117je, vaistin\u0117l\u0117je ir vonios lentynoje:<\/p>\n<ul>\n<li>higienos proced\u016broms;<\/li>\n<li>makia\u017eo pakoregavimui;<\/li>\n<li>vaist\u0173 vartojimui.<\/li>\n<\/ul>\n","protected":false},"excerpt":{"rendered":"<p>\u00a0Earn 2 points worth \u00a30.10 when buying this product Kuo skiriasi &#8222;TianDe&#8221; vatos lazdel\u0117s nuo si\u016blom\u0173 rinkoje?\u00a0Tiande kompanija suk\u016br\u0117 produkt\u0105, kuris atitinka visus ekologi\u0161kus kokyb\u0117s standartus! Medvilnin\u0117s lazdel\u0117s &#8211; pagaliukai yra 100% biologi\u0161kai skaid\u016bs, nes jie susideda tik i\u0161 nat\u016brali\u0173 med\u017eiag\u0173! Jokio plastiko &#8211; tik medviln\u0117 ir bambukas! Bambukas yra 100% biologi\u0161kai skaidomas ir gali [&#8230;]\n","protected":false},"featured_media":1901,"comment_status":"closed","ping_status":"closed","template":"","meta":[],"product_cat":[461,467],"product_tag":[],"class_list":{"0":"post-4068","1":"product","2":"type-product","3":"status-publish","4":"has-post-thumbnail","6":"product_cat-aksesuarai","7":"product_cat-kosmetikos-reikmenys","9":"first","10":"instock","11":"shipping-taxable","12":"purchasable","13":"product-type-simple"},"yoast_head":"<!-- This site is optimized with the Yoast SEO plugin v23.6 - https:\/\/yoast.com\/wordpress\/plugins\/seo\/ -->\n<title>Bambuko vatos lazdel\u0117s 100 vnt. - TianDe Online Shop - Beauty &amp; Health<\/title>\n<meta name=\"robots\" content=\"index, follow, max-snippet:-1, max-image-preview:large, max-video-preview:-1\" \/>\n<link rel=\"canonical\" href=\"https:\/\/tiandeproducts.co.uk\/lt\/bambuko-vatos-lazdeles-100-vnt\/\" \/>\n<meta property=\"og:locale\" content=\"lt_LT\" \/>\n<meta property=\"og:type\" content=\"article\" \/>\n<meta property=\"og:title\" content=\"Bambuko vatos lazdel\u0117s 100 vnt. - TianDe Online Shop - Beauty &amp; Health\" \/>\n<meta property=\"og:description\" content=\"\u00a0Earn 2 points worth \u00a30.10 when buying this product Kuo skiriasi &#8222;TianDe&#8221; vatos lazdel\u0117s nuo si\u016blom\u0173 rinkoje?\u00a0Tiande kompanija suk\u016br\u0117 produkt\u0105, kuris atitinka visus ekologi\u0161kus kokyb\u0117s standartus! Medvilnin\u0117s lazdel\u0117s &#8211; pagaliukai yra 100% biologi\u0161kai skaid\u016bs, nes jie susideda tik i\u0161 nat\u016brali\u0173 med\u017eiag\u0173! Jokio plastiko &#8211; tik medviln\u0117 ir bambukas! Bambukas yra 100% biologi\u0161kai skaidomas ir gali [...]\" \/>\n<meta property=\"og:url\" content=\"https:\/\/tiandeproducts.co.uk\/lt\/bambuko-vatos-lazdeles-100-vnt\/\" \/>\n<meta property=\"og:site_name\" content=\"TianDe Online Shop - Beauty &amp; Health\" \/>\n<meta property=\"article:publisher\" content=\"https:\/\/www.facebook.com\/tiande.products.england\/\" \/>\n<meta property=\"article:modified_time\" content=\"2021-02-12T12:07:41+00:00\" \/>\n<meta property=\"og:image\" content=\"https:\/\/tiandeproducts.co.uk\/wp-content\/uploads\/2018\/05\/90168.jpg\" \/>\n\t<meta property=\"og:image:width\" content=\"800\" \/>\n\t<meta property=\"og:image:height\" content=\"800\" \/>\n\t<meta property=\"og:image:type\" content=\"image\/jpeg\" \/>\n<meta name=\"twitter:card\" content=\"summary_large_image\" \/>\n<meta name=\"twitter:label1\" content=\"Est. reading time\" \/>\n\t<meta name=\"twitter:data1\" content=\"1 minut\u0117\" \/>\n<script type=\"application\/ld+json\" class=\"yoast-schema-graph\">{\"@context\":\"https:\/\/schema.org\",\"@graph\":[{\"@type\":\"WebPage\",\"@id\":\"https:\/\/tiandeproducts.co.uk\/lt\/bambuko-vatos-lazdeles-100-vnt\/\",\"url\":\"https:\/\/tiandeproducts.co.uk\/lt\/bambuko-vatos-lazdeles-100-vnt\/\",\"name\":\"Bambuko vatos lazdel\u0117s 100 vnt. - TianDe Online Shop - Beauty &amp; Health\",\"isPartOf\":{\"@id\":\"https:\/\/tiandeproducts.co.uk\/#website\"},\"primaryImageOfPage\":{\"@id\":\"https:\/\/tiandeproducts.co.uk\/lt\/bambuko-vatos-lazdeles-100-vnt\/#primaryimage\"},\"image\":{\"@id\":\"https:\/\/tiandeproducts.co.uk\/lt\/bambuko-vatos-lazdeles-100-vnt\/#primaryimage\"},\"thumbnailUrl\":\"https:\/\/tiandeproducts.co.uk\/wp-content\/uploads\/2018\/05\/90168.jpg\",\"datePublished\":\"2018-05-30T09:55:34+00:00\",\"dateModified\":\"2021-02-12T12:07:41+00:00\",\"breadcrumb\":{\"@id\":\"https:\/\/tiandeproducts.co.uk\/lt\/bambuko-vatos-lazdeles-100-vnt\/#breadcrumb\"},\"inLanguage\":\"lt-LT\",\"potentialAction\":[{\"@type\":\"ReadAction\",\"target\":[\"https:\/\/tiandeproducts.co.uk\/lt\/bambuko-vatos-lazdeles-100-vnt\/\"]}]},{\"@type\":\"ImageObject\",\"inLanguage\":\"lt-LT\",\"@id\":\"https:\/\/tiandeproducts.co.uk\/lt\/bambuko-vatos-lazdeles-100-vnt\/#primaryimage\",\"url\":\"https:\/\/tiandeproducts.co.uk\/wp-content\/uploads\/2018\/05\/90168.jpg\",\"contentUrl\":\"https:\/\/tiandeproducts.co.uk\/wp-content\/uploads\/2018\/05\/90168.jpg\",\"width\":800,\"height\":800,\"caption\":\"Bamboo Cotton Buds,100pc-0\"},{\"@type\":\"BreadcrumbList\",\"@id\":\"https:\/\/tiandeproducts.co.uk\/lt\/bambuko-vatos-lazdeles-100-vnt\/#breadcrumb\",\"itemListElement\":[{\"@type\":\"ListItem\",\"position\":1,\"name\":\"Home\",\"item\":\"https:\/\/tiandeproducts.co.uk\/lt\/\"},{\"@type\":\"ListItem\",\"position\":2,\"name\":\"Shop\",\"item\":\"https:\/\/tiandeproducts.co.uk\/lt\/shop-2\/\"},{\"@type\":\"ListItem\",\"position\":3,\"name\":\"Bambuko vatos lazdel\u0117s 100 vnt.\"}]},{\"@type\":\"WebSite\",\"@id\":\"https:\/\/tiandeproducts.co.uk\/#website\",\"url\":\"https:\/\/tiandeproducts.co.uk\/\",\"name\":\"TianDe Online Shop - Beauty & Health\",\"description\":\"Traditional Chinese Medicine\",\"potentialAction\":[{\"@type\":\"SearchAction\",\"target\":{\"@type\":\"EntryPoint\",\"urlTemplate\":\"https:\/\/tiandeproducts.co.uk\/?s={search_term_string}\"},\"query-input\":{\"@type\":\"PropertyValueSpecification\",\"valueRequired\":true,\"valueName\":\"search_term_string\"}}],\"inLanguage\":\"lt-LT\"}]}<\/script>\n<!-- \/ Yoast SEO plugin. -->","yoast_head_json":{"title":"Bambuko vatos lazdel\u0117s 100 vnt. - TianDe Online Shop - Beauty &amp; Health","robots":{"index":"index","follow":"follow","max-snippet":"max-snippet:-1","max-image-preview":"max-image-preview:large","max-video-preview":"max-video-preview:-1"},"canonical":"https:\/\/tiandeproducts.co.uk\/lt\/bambuko-vatos-lazdeles-100-vnt\/","og_locale":"lt_LT","og_type":"article","og_title":"Bambuko vatos lazdel\u0117s 100 vnt. - TianDe Online Shop - Beauty &amp; Health","og_description":"\u00a0Earn 2 points worth \u00a30.10 when buying this product Kuo skiriasi &#8222;TianDe&#8221; vatos lazdel\u0117s nuo si\u016blom\u0173 rinkoje?\u00a0Tiande kompanija suk\u016br\u0117 produkt\u0105, kuris atitinka visus ekologi\u0161kus kokyb\u0117s standartus! Medvilnin\u0117s lazdel\u0117s &#8211; pagaliukai yra 100% biologi\u0161kai skaid\u016bs, nes jie susideda tik i\u0161 nat\u016brali\u0173 med\u017eiag\u0173! Jokio plastiko &#8211; tik medviln\u0117 ir bambukas! Bambukas yra 100% biologi\u0161kai skaidomas ir gali [...]","og_url":"https:\/\/tiandeproducts.co.uk\/lt\/bambuko-vatos-lazdeles-100-vnt\/","og_site_name":"TianDe Online Shop - Beauty &amp; Health","article_publisher":"https:\/\/www.facebook.com\/tiande.products.england\/","article_modified_time":"2021-02-12T12:07:41+00:00","og_image":[{"width":800,"height":800,"url":"https:\/\/tiandeproducts.co.uk\/wp-content\/uploads\/2018\/05\/90168.jpg","type":"image\/jpeg"}],"twitter_card":"summary_large_image","twitter_misc":{"Est. reading time":"1 minut\u0117"},"schema":{"@context":"https:\/\/schema.org","@graph":[{"@type":"WebPage","@id":"https:\/\/tiandeproducts.co.uk\/lt\/bambuko-vatos-lazdeles-100-vnt\/","url":"https:\/\/tiandeproducts.co.uk\/lt\/bambuko-vatos-lazdeles-100-vnt\/","name":"Bambuko vatos lazdel\u0117s 100 vnt. - TianDe Online Shop - Beauty &amp; Health","isPartOf":{"@id":"https:\/\/tiandeproducts.co.uk\/#website"},"primaryImageOfPage":{"@id":"https:\/\/tiandeproducts.co.uk\/lt\/bambuko-vatos-lazdeles-100-vnt\/#primaryimage"},"image":{"@id":"https:\/\/tiandeproducts.co.uk\/lt\/bambuko-vatos-lazdeles-100-vnt\/#primaryimage"},"thumbnailUrl":"https:\/\/tiandeproducts.co.uk\/wp-content\/uploads\/2018\/05\/90168.jpg","datePublished":"2018-05-30T09:55:34+00:00","dateModified":"2021-02-12T12:07:41+00:00","breadcrumb":{"@id":"https:\/\/tiandeproducts.co.uk\/lt\/bambuko-vatos-lazdeles-100-vnt\/#breadcrumb"},"inLanguage":"lt-LT","potentialAction":[{"@type":"ReadAction","target":["https:\/\/tiandeproducts.co.uk\/lt\/bambuko-vatos-lazdeles-100-vnt\/"]}]},{"@type":"ImageObject","inLanguage":"lt-LT","@id":"https:\/\/tiandeproducts.co.uk\/lt\/bambuko-vatos-lazdeles-100-vnt\/#primaryimage","url":"https:\/\/tiandeproducts.co.uk\/wp-content\/uploads\/2018\/05\/90168.jpg","contentUrl":"https:\/\/tiandeproducts.co.uk\/wp-content\/uploads\/2018\/05\/90168.jpg","width":800,"height":800,"caption":"Bamboo Cotton Buds,100pc-0"},{"@type":"BreadcrumbList","@id":"https:\/\/tiandeproducts.co.uk\/lt\/bambuko-vatos-lazdeles-100-vnt\/#breadcrumb","itemListElement":[{"@type":"ListItem","position":1,"name":"Home","item":"https:\/\/tiandeproducts.co.uk\/lt\/"},{"@type":"ListItem","position":2,"name":"Shop","item":"https:\/\/tiandeproducts.co.uk\/lt\/shop-2\/"},{"@type":"ListItem","position":3,"name":"Bambuko vatos lazdel\u0117s 100 vnt."}]},{"@type":"WebSite","@id":"https:\/\/tiandeproducts.co.uk\/#website","url":"https:\/\/tiandeproducts.co.uk\/","name":"TianDe Online Shop - Beauty & Health","description":"Traditional Chinese Medicine","potentialAction":[{"@type":"SearchAction","target":{"@type":"EntryPoint","urlTemplate":"https:\/\/tiandeproducts.co.uk\/?s={search_term_string}"},"query-input":{"@type":"PropertyValueSpecification","valueRequired":true,"valueName":"search_term_string"}}],"inLanguage":"lt-LT"}]}},"_links":{"self":[{"href":"https:\/\/tiandeproducts.co.uk\/lt\/wp-json\/wp\/v2\/product\/4068","targetHints":{"allow":["GET"]}}],"collection":[{"href":"https:\/\/tiandeproducts.co.uk\/lt\/wp-json\/wp\/v2\/product"}],"about":[{"href":"https:\/\/tiandeproducts.co.uk\/lt\/wp-json\/wp\/v2\/types\/product"}],"replies":[{"embeddable":true,"href":"https:\/\/tiandeproducts.co.uk\/lt\/wp-json\/wp\/v2\/comments?post=4068"}],"wp:featuredmedia":[{"embeddable":true,"href":"https:\/\/tiandeproducts.co.uk\/lt\/wp-json\/wp\/v2\/media\/1901"}],"wp:attachment":[{"href":"https:\/\/tiandeproducts.co.uk\/lt\/wp-json\/wp\/v2\/media?parent=4068"}],"wp:term":[{"taxonomy":"product_cat","embeddable":true,"href":"https:\/\/tiandeproducts.co.uk\/lt\/wp-json\/wp\/v2\/product_cat?post=4068"},{"taxonomy":"product_tag","embeddable":true,"href":"https:\/\/tiandeproducts.co.uk\/lt\/wp-json\/wp\/v2\/product_tag?post=4068"}],"curies":[{"name":"wp","href":"https:\/\/api.w.org\/{rel}","templated":true}]}}